{"id":5,"date":"2018-08-07T10:57:05","date_gmt":"2018-08-07T08:57:05","guid":{"rendered":"http:\/\/192.168.1.111\/sites\/packagewp\/accueil\/"},"modified":"2026-03-18T10:16:09","modified_gmt":"2026-03-18T09:16:09","slug":"1055-espace-loisirs-pontarlier-25","status":"publish","type":"page","link":"https:\/\/www.1055.fr\/pontarlier\/","title":{"rendered":"Accueil"},"content":{"rendered":"\n<div style=\"display: flex; justify-content: center; flex-wrap: wrap;\">&nbsp;<\/div>\n\n\n\n<p>Retrouvez <strong>7j\/7 une dizaine d&rsquo;activit\u00e9s Indoor <\/strong>pour passer un moment convivial en<strong> famille, entre amis, entre coll\u00e8gues<\/strong>&#8230; Toutes les occasions se transforment en v\u00e9ritable \u00e9v\u00e8nement au <strong>10\u00b755 de Pontarlier, nouveau membre de la famille 10\u00b755 !<br><\/strong><\/p>\n\n\n\n<p><a href=\"https:\/\/www.1055.fr\/pontarlier\/activites\/espace-loisirs-1055-bowling-pontarlier-pistes\/\"><strong>12 pistes de bowling<\/strong><\/a>,<a href=\"https:\/\/www.1055.fr\/pontarlier\/activites\/kid-park-geant-anniversaire-enfant-pontarlier\/\"><strong> Kid Park g\u00e9ant<\/strong><\/a>, <a href=\"https:\/\/www.1055.fr\/pontarlier\/activites\/trampoline-park-espace-loisirs-1055-pontarlier\/\"><strong>Trampoline Park<\/strong><\/a>, <a href=\"https:\/\/www.1055.fr\/pontarlier\/activites\/virtual-game-park-realite-virtuelle-pontarlier-1055\/\"><strong>R\u00e9alit\u00e9 Virtuelle (VR)<\/strong><\/a>, <a href=\"https:\/\/www.1055.fr\/pontarlier\/activites\/laser-game-pontarlier\/\"><strong>Laser Game<\/strong><\/a><strong>, <a href=\"https:\/\/www.1055.fr\/pontarlier\/activites\/explorez-le-quizz-du-10-55-a-pontarlier\/\">salles de Quizz,<\/a><\/strong> <a href=\"https:\/\/www.1055.fr\/pontarlier\/golf-indoor-activites-pontarlier\/\"><strong>Golf indoor<\/strong><\/a> et des <strong>jeux d&rsquo;arcades et billards<\/strong>&#8230; Petits et grands trouveront leur bonheur parmi ce <strong>large choix d&rsquo;activit\u00e9s r\u00e9unies en un seul et m\u00eame lieu !<\/strong><\/p>\n\n\n\n<p>D\u00e9connectez le temps d\u2019une pause \u00e0 la brasserie Au Bureau.<br>Ce \u00ab&nbsp;<strong>resto-pub<\/strong>&nbsp;\u00bb est un lieu&nbsp;<strong>authentique, chaleureux<\/strong>&nbsp;et&nbsp;<strong>d\u00e9paysant<\/strong>&nbsp;gr\u00e2ce \u00e0 son d\u00e9cor anglo-saxon \u00e0 la fois cosy et festif.<br>En amoureux, en famille, entre amis ou entre coll\u00e8gues le temps d\u2019un afterwork, pour boire un verre ou pour manger, avant ou apr\u00e8s une activit\u00e9, vous \u00eates le bienvenu !<\/p>\n\n\n\n<p>Du d\u00e9jeuner jusque tard dans la soir\u00e9e, d\u00e9gustez une<strong>&nbsp;fine s\u00e9lection de bi\u00e8res<\/strong>&nbsp;et une&nbsp;<strong>cuisine g\u00e9n\u00e9reuse<\/strong>&nbsp;<strong>et conviviale<\/strong>, \u00e0 l\u2019image du lieu.<\/p>\n\n\n\n<p>Pour valoriser la gastronomie franc-comtoise, la carte s\u2019enrichit de&nbsp;<strong>produits r\u00e9gionaux<\/strong>&nbsp;et s\u2019adapte aux envies des grands comme des petits avec un&nbsp;<strong>menu et un plat du jour pr\u00e9par\u00e9s par le Chef<\/strong>&nbsp;et un&nbsp;<strong>menu enfant<\/strong>.<\/p>\n","protected":false},"excerpt":{"rendered":"<p>&nbsp; Retrouvez 7j\/7 une dizaine d&rsquo;activit\u00e9s Indoor pour passer un moment convivial en famille, entre amis, entre coll\u00e8gues&#8230; Toutes les &hellip;<\/p>\n","protected":false},"author":4,"featured_media":0,"parent":0,"menu_order":0,"comment_status":"closed","ping_status":"closed","template":"","meta":{"_acf_changed":false,"footnotes":""},"class_list":["post-5","page","type-page","status-publish","hentry"],"acf":[],"yoast_head":"<!-- This site is optimized with the Yoast SEO plugin v24.6 - https:\/\/yoast.com\/wordpress\/plugins\/seo\/ -->\n<title>Le 1055 Pontarlier votre espace de loisirs ouvert 7\/7j<\/title>\n<meta name=\"description\" content=\"Retrouvez 7j\/7, toute l&#039;ann\u00e9e, votre complexe de Loisirs Indoor et de Restauration, pour \u00eatre s\u00fbrs de passer un moment extraordinaire.\" \/>\n<meta name=\"robots\" content=\"index, follow, max-snippet:-1, max-image-preview:large, max-video-preview:-1\" \/>\n<link rel=\"canonical\" href=\"https:\/\/www.1055.fr\/pontarlier\/\" \/>\n<meta property=\"og:locale\" content=\"fr_FR\" \/>\n<meta property=\"og:type\" content=\"article\" \/>\n<meta property=\"og:title\" content=\"Le 1055 Pontarlier votre espace de loisirs ouvert 7\/7j\" \/>\n<meta property=\"og:description\" content=\"Retrouvez 7j\/7, toute l&#039;ann\u00e9e, votre complexe de Loisirs Indoor et de Restauration, pour \u00eatre s\u00fbrs de passer un moment extraordinaire.\" \/>\n<meta property=\"og:url\" content=\"https:\/\/www.1055.fr\/pontarlier\/\" \/>\n<meta property=\"og:site_name\" content=\"1055 - Pontarlier\" \/>\n<meta property=\"article:modified_time\" content=\"2026-03-18T09:16:09+00:00\" \/>\n<meta name=\"twitter:card\" content=\"summary_large_image\" \/>\n<meta name=\"twitter:label1\" content=\"Dur\u00e9e de lecture estim\u00e9e\" \/>\n\t<meta name=\"twitter:data1\" content=\"2 minutes\" \/>\n<script type=\"application\/ld+json\" class=\"yoast-schema-graph\">{\"@context\":\"https:\/\/schema.org\",\"@graph\":[{\"@type\":\"WebPage\",\"@id\":\"https:\/\/www.1055.fr\/pontarlier\/\",\"url\":\"https:\/\/www.1055.fr\/pontarlier\/\",\"name\":\"Le 1055 Pontarlier votre espace de loisirs ouvert 7\/7j\",\"isPartOf\":{\"@id\":\"https:\/\/www.1055.fr\/chalon\/#website\"},\"datePublished\":\"2018-08-07T08:57:05+00:00\",\"dateModified\":\"2026-03-18T09:16:09+00:00\",\"description\":\"Retrouvez 7j\/7, toute l'ann\u00e9e, votre complexe de Loisirs Indoor et de Restauration, pour \u00eatre s\u00fbrs de passer un moment extraordinaire.\",\"breadcrumb\":{\"@id\":\"https:\/\/www.1055.fr\/pontarlier\/#breadcrumb\"},\"inLanguage\":\"fr-FR\",\"potentialAction\":[{\"@type\":\"ReadAction\",\"target\":[\"https:\/\/www.1055.fr\/pontarlier\/\"]}]},{\"@type\":\"BreadcrumbList\",\"@id\":\"https:\/\/www.1055.fr\/pontarlier\/#breadcrumb\",\"itemListElement\":[{\"@type\":\"ListItem\",\"position\":1,\"name\":\"Home\",\"item\":\"https:\/\/www.1055.fr\/pontarlier\/\"},{\"@type\":\"ListItem\",\"position\":2,\"name\":\"Accueil\"}]},{\"@type\":\"WebSite\",\"@id\":\"https:\/\/www.1055.fr\/chalon\/#website\",\"url\":\"https:\/\/www.1055.fr\/chalon\/\",\"name\":\"1055 - Pontarlier\",\"description\":\"\",\"potentialAction\":[{\"@type\":\"SearchAction\",\"target\":{\"@type\":\"EntryPoint\",\"urlTemplate\":\"https:\/\/www.1055.fr\/chalon\/?s={search_term_string}\"},\"query-input\":{\"@type\":\"PropertyValueSpecification\",\"valueRequired\":true,\"valueName\":\"search_term_string\"}}],\"inLanguage\":\"fr-FR\"}]}<\/script>\n<!-- \/ Yoast SEO plugin. -->","yoast_head_json":{"title":"Le 1055 Pontarlier votre espace de loisirs ouvert 7\/7j","description":"Retrouvez 7j\/7, toute l'ann\u00e9e, votre complexe de Loisirs Indoor et de Restauration, pour \u00eatre s\u00fbrs de passer un moment extraordinaire.","robots":{"index":"index","follow":"follow","max-snippet":"max-snippet:-1","max-image-preview":"max-image-preview:large","max-video-preview":"max-video-preview:-1"},"canonical":"https:\/\/www.1055.fr\/pontarlier\/","og_locale":"fr_FR","og_type":"article","og_title":"Le 1055 Pontarlier votre espace de loisirs ouvert 7\/7j","og_description":"Retrouvez 7j\/7, toute l'ann\u00e9e, votre complexe de Loisirs Indoor et de Restauration, pour \u00eatre s\u00fbrs de passer un moment extraordinaire.","og_url":"https:\/\/www.1055.fr\/pontarlier\/","og_site_name":"1055 - Pontarlier","article_modified_time":"2026-03-18T09:16:09+00:00","twitter_card":"summary_large_image","twitter_misc":{"Dur\u00e9e de lecture estim\u00e9e":"2 minutes"},"schema":{"@context":"https:\/\/schema.org","@graph":[{"@type":"WebPage","@id":"https:\/\/www.1055.fr\/pontarlier\/","url":"https:\/\/www.1055.fr\/pontarlier\/","name":"Le 1055 Pontarlier votre espace de loisirs ouvert 7\/7j","isPartOf":{"@id":"https:\/\/www.1055.fr\/chalon\/#website"},"datePublished":"2018-08-07T08:57:05+00:00","dateModified":"2026-03-18T09:16:09+00:00","description":"Retrouvez 7j\/7, toute l'ann\u00e9e, votre complexe de Loisirs Indoor et de Restauration, pour \u00eatre s\u00fbrs de passer un moment extraordinaire.","breadcrumb":{"@id":"https:\/\/www.1055.fr\/pontarlier\/#breadcrumb"},"inLanguage":"fr-FR","potentialAction":[{"@type":"ReadAction","target":["https:\/\/www.1055.fr\/pontarlier\/"]}]},{"@type":"BreadcrumbList","@id":"https:\/\/www.1055.fr\/pontarlier\/#breadcrumb","itemListElement":[{"@type":"ListItem","position":1,"name":"Home","item":"https:\/\/www.1055.fr\/pontarlier\/"},{"@type":"ListItem","position":2,"name":"Accueil"}]},{"@type":"WebSite","@id":"https:\/\/www.1055.fr\/chalon\/#website","url":"https:\/\/www.1055.fr\/chalon\/","name":"1055 - Pontarlier","description":"","potentialAction":[{"@type":"SearchAction","target":{"@type":"EntryPoint","urlTemplate":"https:\/\/www.1055.fr\/chalon\/?s={search_term_string}"},"query-input":{"@type":"PropertyValueSpecification","valueRequired":true,"valueName":"search_term_string"}}],"inLanguage":"fr-FR"}]}},"_links":{"self":[{"href":"https:\/\/www.1055.fr\/pontarlier\/wp-json\/wp\/v2\/pages\/5","targetHints":{"allow":["GET"]}}],"collection":[{"href":"https:\/\/www.1055.fr\/pontarlier\/wp-json\/wp\/v2\/pages"}],"about":[{"href":"https:\/\/www.1055.fr\/pontarlier\/wp-json\/wp\/v2\/types\/page"}],"author":[{"embeddable":true,"href":"https:\/\/www.1055.fr\/pontarlier\/wp-json\/wp\/v2\/users\/4"}],"replies":[{"embeddable":true,"href":"https:\/\/www.1055.fr\/pontarlier\/wp-json\/wp\/v2\/comments?post=5"}],"version-history":[{"count":2,"href":"https:\/\/www.1055.fr\/pontarlier\/wp-json\/wp\/v2\/pages\/5\/revisions"}],"predecessor-version":[{"id":11922,"href":"https:\/\/www.1055.fr\/pontarlier\/wp-json\/wp\/v2\/pages\/5\/revisions\/11922"}],"wp:attachment":[{"href":"https:\/\/www.1055.fr\/pontarlier\/wp-json\/wp\/v2\/media?parent=5"}],"curies":[{"name":"wp","href":"https:\/\/api.w.org\/{rel}","templated":true}]}}