{"id":11909,"date":"2026-03-11T13:43:44","date_gmt":"2026-03-11T12:43:44","guid":{"rendered":"https:\/\/www.1055.fr\/pontarlier\/?page_id=11909"},"modified":"2026-03-11T13:43:45","modified_gmt":"2026-03-11T12:43:45","slug":"matchs-diffuses-au-10%c2%b755-de-pontarlier","status":"publish","type":"page","link":"https:\/\/www.1055.fr\/pontarlier\/matchs-diffuses-au-10%c2%b755-de-pontarlier\/","title":{"rendered":"Matchs diffus\u00e9s au 10\u00b755 de Pontarlier"},"content":{"rendered":"\n<div id=\"list_match_fanzo\">\t\t\t<div class=\"list_match_fanzo-item\">\n\t\t\t\t<div class=\"widget_fanzo-container\">\n\n\t\t\t\t\t<div class=\"widget_fanzo-competition\">\n\t\t\t\t\t\t<span>Football<\/span>\n\t\t\t\t\t\t<span>Ligue des Champions UEFA<\/span>\n\t\t\t\t\t<\/div>\n\n\t\t\t\t\t<div class=\"widget_fanzo-infos\">\n\n\t\t\t\t\t\t<div class=\"widget_fanzo-date\">\n\t\t\t\t\t\t\tDiffusion le 29 avril |&nbsp;<b>21h00<\/b>\t\t\t\t\t\t<\/div>\n\n\t\t\t\t\t\t<div class=\"widget_fanzo-equipes\">\n\t\t\t\t\t\t\t<div class=\"team\">\n\t\t\t\t\t\t\t\t<img decoding=\"async\" src=\"https:\/\/matchpint-cdn.matchpint.cloud\/shared\/imagenes\/teams\/5581\/logo_1697712650.png\" alt=\"\u00c9cusson de l'\u00e9quipe de Atletico Madrid\"> \n\t\t\t\t\t\t\t\t<span>Atletico Madrid<\/span>\n\t\t\t\t\t\t\t<\/div>\n\t\t\t\t\t\t\t<div class=\"team\">\n\t\t\t\t\t\t\t\t<img decoding=\"async\" src=\"https:\/\/matchpint-cdn.matchpint.cloud\/shared\/imagenes\/teams\/5552\/logo_1692694905.png\" alt=\"\u00c9cusson de l'\u00e9quipe de Arsenal\"> \n\t\t\t\t\t\t\t\t<span>Arsenal<\/span>\n\t\t\t\t\t\t\t<\/div>\n\t\t\t\t\t\t<\/div>\n\t\t\t\t\t<\/div>\n\n\t\t\t\t<\/div>\n\t\t\t<\/div>\n\t\t\t\t\t<div class=\"list_match_fanzo-item\">\n\t\t\t\t<div class=\"widget_fanzo-container\">\n\n\t\t\t\t\t<div class=\"widget_fanzo-competition\">\n\t\t\t\t\t\t<span>Football<\/span>\n\t\t\t\t\t\t<span>Ligue 1<\/span>\n\t\t\t\t\t<\/div>\n\n\t\t\t\t\t<div class=\"widget_fanzo-infos\">\n\n\t\t\t\t\t\t<div class=\"widget_fanzo-date\">\n\t\t\t\t\t\t\tDiffusion le 02 mai |&nbsp;<b>17h00<\/b>\t\t\t\t\t\t<\/div>\n\n\t\t\t\t\t\t<div class=\"widget_fanzo-equipes\">\n\t\t\t\t\t\t\t<div class=\"team\">\n\t\t\t\t\t\t\t\t<img decoding=\"async\" src=\"https:\/\/matchpint-cdn.matchpint.cloud\/shared\/imagenes\/teams\/7501\/logo_1678290850.png\" alt=\"\u00c9cusson de l'\u00e9quipe de Paris SG\"> \n\t\t\t\t\t\t\t\t<span>Paris SG<\/span>\n\t\t\t\t\t\t\t<\/div>\n\t\t\t\t\t\t\t<div class=\"team\">\n\t\t\t\t\t\t\t\t<img decoding=\"async\" src=\"https:\/\/matchpint-cdn.matchpint.cloud\/shared\/imagenes\/teams\/8595\/logo_1679287424.png\" alt=\"\u00c9cusson de l'\u00e9quipe de Lorient\"> \n\t\t\t\t\t\t\t\t<span>Lorient<\/span>\n\t\t\t\t\t\t\t<\/div>\n\t\t\t\t\t\t<\/div>\n\t\t\t\t\t<\/div>\n\n\t\t\t\t<\/div>\n\t\t\t<\/div>\n\t\t\t\t\t<div class=\"list_match_fanzo-item\">\n\t\t\t\t<div class=\"widget_fanzo-container\">\n\n\t\t\t\t\t<div class=\"widget_fanzo-competition\">\n\t\t\t\t\t\t<span>Football<\/span>\n\t\t\t\t\t\t<span>Ligue 1<\/span>\n\t\t\t\t\t<\/div>\n\n\t\t\t\t\t<div class=\"widget_fanzo-infos\">\n\n\t\t\t\t\t\t<div class=\"widget_fanzo-date\">\n\t\t\t\t\t\t\tDiffusion le 03 mai |&nbsp;<b>20h45<\/b>\t\t\t\t\t\t<\/div>\n\n\t\t\t\t\t\t<div class=\"widget_fanzo-equipes\">\n\t\t\t\t\t\t\t<div class=\"team\">\n\t\t\t\t\t\t\t\t<img decoding=\"async\" src=\"https:\/\/matchpint-cdn.matchpint.cloud\/shared\/imagenes\/teams\/7150\/logo_1679287564.png\" alt=\"\u00c9cusson de l'\u00e9quipe de Lyon\"> \n\t\t\t\t\t\t\t\t<span>Lyon<\/span>\n\t\t\t\t\t\t\t<\/div>\n\t\t\t\t\t\t\t<div class=\"team\">\n\t\t\t\t\t\t\t\t<img decoding=\"async\" src=\"https:\/\/matchpint-cdn.matchpint.cloud\/shared\/imagenes\/teams\/7678\/logo_1679287776.png\" alt=\"\u00c9cusson de l'\u00e9quipe de Rennes\"> \n\t\t\t\t\t\t\t\t<span>Rennes<\/span>\n\t\t\t\t\t\t\t<\/div>\n\t\t\t\t\t\t<\/div>\n\t\t\t\t\t<\/div>\n\n\t\t\t\t<\/div>\n\t\t\t<\/div>\n\t\t\t\t\t<div class=\"list_match_fanzo-item\">\n\t\t\t\t<div class=\"widget_fanzo-container\">\n\n\t\t\t\t\t<div class=\"widget_fanzo-competition\">\n\t\t\t\t\t\t<span>Football<\/span>\n\t\t\t\t\t\t<span>Ligue des Champions UEFA<\/span>\n\t\t\t\t\t<\/div>\n\n\t\t\t\t\t<div class=\"widget_fanzo-infos\">\n\n\t\t\t\t\t\t<div class=\"widget_fanzo-date\">\n\t\t\t\t\t\t\tDiffusion le 05 mai |&nbsp;<b>21h00<\/b>\t\t\t\t\t\t<\/div>\n\n\t\t\t\t\t\t<div class=\"widget_fanzo-equipes\">\n\t\t\t\t\t\t\t<div class=\"team\">\n\t\t\t\t\t\t\t\t<img decoding=\"async\" src=\"https:\/\/matchpint-cdn.matchpint.cloud\/shared\/imagenes\/teams\/5552\/logo_1692694905.png\" alt=\"\u00c9cusson de l'\u00e9quipe de Arsenal\"> \n\t\t\t\t\t\t\t\t<span>Arsenal<\/span>\n\t\t\t\t\t\t\t<\/div>\n\t\t\t\t\t\t\t<div class=\"team\">\n\t\t\t\t\t\t\t\t<img decoding=\"async\" src=\"https:\/\/matchpint-cdn.matchpint.cloud\/shared\/imagenes\/teams\/5581\/logo_1697712650.png\" alt=\"\u00c9cusson de l'\u00e9quipe de Atletico Madrid\"> \n\t\t\t\t\t\t\t\t<span>Atletico Madrid<\/span>\n\t\t\t\t\t\t\t<\/div>\n\t\t\t\t\t\t<\/div>\n\t\t\t\t\t<\/div>\n\n\t\t\t\t<\/div>\n\t\t\t<\/div>\n\t\t\t\t\t<div class=\"list_match_fanzo-item\">\n\t\t\t\t<div class=\"widget_fanzo-container\">\n\n\t\t\t\t\t<div class=\"widget_fanzo-competition\">\n\t\t\t\t\t\t<span>Football<\/span>\n\t\t\t\t\t\t<span>Ligue des Champions UEFA<\/span>\n\t\t\t\t\t<\/div>\n\n\t\t\t\t\t<div class=\"widget_fanzo-infos\">\n\n\t\t\t\t\t\t<div class=\"widget_fanzo-date\">\n\t\t\t\t\t\t\tDiffusion le 06 mai |&nbsp;<b>21h00<\/b>\t\t\t\t\t\t<\/div>\n\n\t\t\t\t\t\t<div class=\"widget_fanzo-equipes\">\n\t\t\t\t\t\t\t<div class=\"team\">\n\t\t\t\t\t\t\t\t<img decoding=\"async\" src=\"https:\/\/matchpint-cdn.matchpint.cloud\/shared\/imagenes\/teams\/14045\/logo_1697806754.png\" alt=\"\u00c9cusson de l'\u00e9quipe de Bayern Munich\"> \n\t\t\t\t\t\t\t\t<span>Bayern Munich<\/span>\n\t\t\t\t\t\t\t<\/div>\n\t\t\t\t\t\t\t<div class=\"team\">\n\t\t\t\t\t\t\t\t<img decoding=\"async\" src=\"https:\/\/matchpint-cdn.matchpint.cloud\/shared\/imagenes\/teams\/7501\/logo_1678290850.png\" alt=\"\u00c9cusson de l'\u00e9quipe de Paris SG\"> \n\t\t\t\t\t\t\t\t<span>Paris SG<\/span>\n\t\t\t\t\t\t\t<\/div>\n\t\t\t\t\t\t<\/div>\n\t\t\t\t\t<\/div>\n\n\t\t\t\t<\/div>\n\t\t\t<\/div>\n\t\t\t\t\t<div class=\"list_match_fanzo-item\">\n\t\t\t\t<div class=\"widget_fanzo-container\">\n\n\t\t\t\t\t<div class=\"widget_fanzo-competition\">\n\t\t\t\t\t\t<span>Football<\/span>\n\t\t\t\t\t\t<span>Ligue 1<\/span>\n\t\t\t\t\t<\/div>\n\n\t\t\t\t\t<div class=\"widget_fanzo-infos\">\n\n\t\t\t\t\t\t<div class=\"widget_fanzo-date\">\n\t\t\t\t\t\t\tDiffusion le 10 mai |&nbsp;<b>21h00<\/b>\t\t\t\t\t\t<\/div>\n\n\t\t\t\t\t\t<div class=\"widget_fanzo-equipes\">\n\t\t\t\t\t\t\t<div class=\"team\">\n\t\t\t\t\t\t\t\t<img decoding=\"async\" src=\"https:\/\/matchpint-cdn.matchpint.cloud\/shared\/imagenes\/teams\/7501\/logo_1678290850.png\" alt=\"\u00c9cusson de l'\u00e9quipe de Paris SG\"> \n\t\t\t\t\t\t\t\t<span>Paris SG<\/span>\n\t\t\t\t\t\t\t<\/div>\n\t\t\t\t\t\t\t<div class=\"team\">\n\t\t\t\t\t\t\t\t<img decoding=\"async\" src=\"https:\/\/matchpint-cdn.matchpint.cloud\/shared\/imagenes\/teams\/5827\/logo_1679287707.png\" alt=\"\u00c9cusson de l'\u00e9quipe de Brest\"> \n\t\t\t\t\t\t\t\t<span>Brest<\/span>\n\t\t\t\t\t\t\t<\/div>\n\t\t\t\t\t\t<\/div>\n\t\t\t\t\t<\/div>\n\n\t\t\t\t<\/div>\n\t\t\t<\/div>\n\t\t\t\t\t<div class=\"list_match_fanzo-item\">\n\t\t\t\t<div class=\"widget_fanzo-container\">\n\n\t\t\t\t\t<div class=\"widget_fanzo-competition\">\n\t\t\t\t\t\t<span>Football<\/span>\n\t\t\t\t\t\t<span>Ligue 1<\/span>\n\t\t\t\t\t<\/div>\n\n\t\t\t\t\t<div class=\"widget_fanzo-infos\">\n\n\t\t\t\t\t\t<div class=\"widget_fanzo-date\">\n\t\t\t\t\t\t\tDiffusion le 13 mai |&nbsp;<b>21h00<\/b>\t\t\t\t\t\t<\/div>\n\n\t\t\t\t\t\t<div class=\"widget_fanzo-equipes\">\n\t\t\t\t\t\t\t<div class=\"team\">\n\t\t\t\t\t\t\t\t<img decoding=\"async\" src=\"https:\/\/matchpint-cdn.matchpint.cloud\/shared\/imagenes\/teams\/7043\/logo_1679287659.png\" alt=\"\u00c9cusson de l'\u00e9quipe de Lens\"> \n\t\t\t\t\t\t\t\t<span>Lens<\/span>\n\t\t\t\t\t\t\t<\/div>\n\t\t\t\t\t\t\t<div class=\"team\">\n\t\t\t\t\t\t\t\t<img decoding=\"async\" src=\"https:\/\/matchpint-cdn.matchpint.cloud\/shared\/imagenes\/teams\/7501\/logo_1678290850.png\" alt=\"\u00c9cusson de l'\u00e9quipe de Paris SG\"> \n\t\t\t\t\t\t\t\t<span>Paris SG<\/span>\n\t\t\t\t\t\t\t<\/div>\n\t\t\t\t\t\t<\/div>\n\t\t\t\t\t<\/div>\n\n\t\t\t\t<\/div>\n\t\t\t<\/div>\n\t\t\t\t\t<div class=\"list_match_fanzo-item\">\n\t\t\t\t<div class=\"widget_fanzo-container\">\n\n\t\t\t\t\t<div class=\"widget_fanzo-competition\">\n\t\t\t\t\t\t<span>Football<\/span>\n\t\t\t\t\t\t<span>Ligue 1<\/span>\n\t\t\t\t\t<\/div>\n\n\t\t\t\t\t<div class=\"widget_fanzo-infos\">\n\n\t\t\t\t\t\t<div class=\"widget_fanzo-date\">\n\t\t\t\t\t\t\tDiffusion le 17 mai |&nbsp;<b>21h00<\/b>\t\t\t\t\t\t<\/div>\n\n\t\t\t\t\t\t<div class=\"widget_fanzo-equipes\">\n\t\t\t\t\t\t\t<div class=\"team\">\n\t\t\t\t\t\t\t\t<img decoding=\"async\" src=\"https:\/\/matchpint-cdn.matchpint.cloud\/shared\/imagenes\/teams\/10923\/logo_1683582684.png\" alt=\"\u00c9cusson de l'\u00e9quipe de Paris FC\"> \n\t\t\t\t\t\t\t\t<span>Paris FC<\/span>\n\t\t\t\t\t\t\t<\/div>\n\t\t\t\t\t\t\t<div class=\"team\">\n\t\t\t\t\t\t\t\t<img decoding=\"async\" src=\"https:\/\/matchpint-cdn.matchpint.cloud\/shared\/imagenes\/teams\/7501\/logo_1678290850.png\" alt=\"\u00c9cusson de l'\u00e9quipe de Paris SG\"> \n\t\t\t\t\t\t\t\t<span>Paris SG<\/span>\n\t\t\t\t\t\t\t<\/div>\n\t\t\t\t\t\t<\/div>\n\t\t\t\t\t<\/div>\n\n\t\t\t\t<\/div>\n\t\t\t<\/div>\n\t\t\t\t\t<div class=\"list_match_fanzo-item\">\n\t\t\t\t<div class=\"widget_fanzo-container\">\n\n\t\t\t\t\t<div class=\"widget_fanzo-competition\">\n\t\t\t\t\t\t<span>Football<\/span>\n\t\t\t\t\t\t<span>Coupe du Monde FIFA<\/span>\n\t\t\t\t\t<\/div>\n\n\t\t\t\t\t<div class=\"widget_fanzo-infos\">\n\n\t\t\t\t\t\t<div class=\"widget_fanzo-date\">\n\t\t\t\t\t\t\tDiffusion le 13 juin |&nbsp;<b>21h00<\/b>\t\t\t\t\t\t<\/div>\n\n\t\t\t\t\t\t<div class=\"widget_fanzo-equipes\">\n\t\t\t\t\t\t\t<div class=\"team\">\n\t\t\t\t\t\t\t\t<img decoding=\"async\" src=\"https:\/\/matchpint-cdn.matchpint.cloud\/shared\/imagenes\/teams\/9691\/logo_1773272958.png\" alt=\"\u00c9cusson de l'\u00e9quipe de Qatar\"> \n\t\t\t\t\t\t\t\t<span>Qatar<\/span>\n\t\t\t\t\t\t\t<\/div>\n\t\t\t\t\t\t\t<div class=\"team\">\n\t\t\t\t\t\t\t\t<img decoding=\"async\" src=\"https:\/\/matchpint-cdn.matchpint.cloud\/shared\/imagenes\/teams\/8079\/logo_1773273269.png\" alt=\"\u00c9cusson de l'\u00e9quipe de Suisse\"> \n\t\t\t\t\t\t\t\t<span>Suisse<\/span>\n\t\t\t\t\t\t\t<\/div>\n\t\t\t\t\t\t<\/div>\n\t\t\t\t\t<\/div>\n\n\t\t\t\t<\/div>\n\t\t\t<\/div>\n\t\t\t\t\t<div class=\"list_match_fanzo-item\">\n\t\t\t\t<div class=\"widget_fanzo-container\">\n\n\t\t\t\t\t<div class=\"widget_fanzo-competition\">\n\t\t\t\t\t\t<span>Football<\/span>\n\t\t\t\t\t\t<span>Coupe du Monde FIFA<\/span>\n\t\t\t\t\t<\/div>\n\n\t\t\t\t\t<div class=\"widget_fanzo-infos\">\n\n\t\t\t\t\t\t<div class=\"widget_fanzo-date\">\n\t\t\t\t\t\t\tDiffusion le 14 juin |&nbsp;<b>19h00<\/b>\t\t\t\t\t\t<\/div>\n\n\t\t\t\t\t\t<div class=\"widget_fanzo-equipes\">\n\t\t\t\t\t\t\t<div class=\"team\">\n\t\t\t\t\t\t\t\t<img decoding=\"async\" src=\"https:\/\/matchpint-cdn.matchpint.cloud\/shared\/imagenes\/teams\/6542\/logo_1773272195.png\" alt=\"\u00c9cusson de l'\u00e9quipe de Allemagne\"> \n\t\t\t\t\t\t\t\t<span>Allemagne<\/span>\n\t\t\t\t\t\t\t<\/div>\n\t\t\t\t\t\t\t<div class=\"team\">\n\t\t\t\t\t\t\t\t<img decoding=\"async\" src=\"https:\/\/matchpint-cdn.matchpint.cloud\/shared\/imagenes\/teams\/16652\/logo_1773271995.png\" alt=\"\u00c9cusson de l'\u00e9quipe de Curacao\"> \n\t\t\t\t\t\t\t\t<span>Curacao<\/span>\n\t\t\t\t\t\t\t<\/div>\n\t\t\t\t\t\t<\/div>\n\t\t\t\t\t<\/div>\n\n\t\t\t\t<\/div>\n\t\t\t<\/div>\n\t\t\t\t\t<div class=\"list_match_fanzo-item\">\n\t\t\t\t<div class=\"widget_fanzo-container\">\n\n\t\t\t\t\t<div class=\"widget_fanzo-competition\">\n\t\t\t\t\t\t<span>Football<\/span>\n\t\t\t\t\t\t<span>Coupe du Monde FIFA<\/span>\n\t\t\t\t\t<\/div>\n\n\t\t\t\t\t<div class=\"widget_fanzo-infos\">\n\n\t\t\t\t\t\t<div class=\"widget_fanzo-date\">\n\t\t\t\t\t\t\tDiffusion le 16 juin |&nbsp;<b>21h00<\/b>\t\t\t\t\t\t<\/div>\n\n\t\t\t\t\t\t<div class=\"widget_fanzo-equipes\">\n\t\t\t\t\t\t\t<div class=\"team\">\n\t\t\t\t\t\t\t\t<img decoding=\"async\" src=\"https:\/\/matchpint-cdn.matchpint.cloud\/shared\/imagenes\/teams\/6500\/logo_1773272157.png\" alt=\"\u00c9cusson de l'\u00e9quipe de France\"> \n\t\t\t\t\t\t\t\t<span>France<\/span>\n\t\t\t\t\t\t\t<\/div>\n\t\t\t\t\t\t\t<div class=\"team\">\n\t\t\t\t\t\t\t\t<img decoding=\"async\" src=\"https:\/\/matchpint-cdn.matchpint.cloud\/shared\/imagenes\/teams\/8829\/logo_1773273084.png\" alt=\"\u00c9cusson de l'\u00e9quipe de S\u00e9n\u00e9gal\"> \n\t\t\t\t\t\t\t\t<span>S\u00e9n\u00e9gal<\/span>\n\t\t\t\t\t\t\t<\/div>\n\t\t\t\t\t\t<\/div>\n\t\t\t\t\t<\/div>\n\n\t\t\t\t<\/div>\n\t\t\t<\/div>\n\t\t\t\t\t<div class=\"list_match_fanzo-item\">\n\t\t\t\t<div class=\"widget_fanzo-container\">\n\n\t\t\t\t\t<div class=\"widget_fanzo-competition\">\n\t\t\t\t\t\t<span>Football<\/span>\n\t\t\t\t\t\t<span>Coupe du Monde FIFA<\/span>\n\t\t\t\t\t<\/div>\n\n\t\t\t\t\t<div class=\"widget_fanzo-infos\">\n\n\t\t\t\t\t\t<div class=\"widget_fanzo-date\">\n\t\t\t\t\t\t\tDiffusion le 17 juin |&nbsp;<b>22h00<\/b>\t\t\t\t\t\t<\/div>\n\n\t\t\t\t\t\t<div class=\"widget_fanzo-equipes\">\n\t\t\t\t\t\t\t<div class=\"team\">\n\t\t\t\t\t\t\t\t<img decoding=\"async\" src=\"https:\/\/matchpint-cdn.matchpint.cloud\/shared\/imagenes\/teams\/6361\/logo_1773272119.png\" alt=\"\u00c9cusson de l'\u00e9quipe de Angleterre\"> \n\t\t\t\t\t\t\t\t<span>Angleterre<\/span>\n\t\t\t\t\t\t\t<\/div>\n\t\t\t\t\t\t\t<div class=\"team\">\n\t\t\t\t\t\t\t\t<img decoding=\"async\" src=\"https:\/\/matchpint-cdn.matchpint.cloud\/shared\/imagenes\/teams\/6121\/logo_1773271948.png\" alt=\"\u00c9cusson de l'\u00e9quipe de Croatie\"> \n\t\t\t\t\t\t\t\t<span>Croatie<\/span>\n\t\t\t\t\t\t\t<\/div>\n\t\t\t\t\t\t<\/div>\n\t\t\t\t\t<\/div>\n\n\t\t\t\t<\/div>\n\t\t\t<\/div>\n\t\t\t\t\t<div class=\"list_match_fanzo-item\">\n\t\t\t\t<div class=\"widget_fanzo-container\">\n\n\t\t\t\t\t<div class=\"widget_fanzo-competition\">\n\t\t\t\t\t\t<span>Football<\/span>\n\t\t\t\t\t\t<span>Coupe du Monde FIFA<\/span>\n\t\t\t\t\t<\/div>\n\n\t\t\t\t\t<div class=\"widget_fanzo-infos\">\n\n\t\t\t\t\t\t<div class=\"widget_fanzo-date\">\n\t\t\t\t\t\t\tDiffusion le 19 juin |&nbsp;<b>21h00<\/b>\t\t\t\t\t\t<\/div>\n\n\t\t\t\t\t\t<div class=\"widget_fanzo-equipes\">\n\t\t\t\t\t\t\t<div class=\"team\">\n\t\t\t\t\t\t\t\t<img decoding=\"async\" src=\"https:\/\/matchpint-cdn.matchpint.cloud\/shared\/imagenes\/teams\/8229\/logo_1773273398.png\" alt=\"\u00c9cusson de l'\u00e9quipe de Etats-Unis\"> \n\t\t\t\t\t\t\t\t<span>Etats-Unis<\/span>\n\t\t\t\t\t\t\t<\/div>\n\t\t\t\t\t\t\t<div class=\"team\">\n\t\t\t\t\t\t\t\t<img decoding=\"async\" src=\"https:\/\/matchpint-cdn.matchpint.cloud\/shared\/imagenes\/teams\/5589\/logo_1773271472.png\" alt=\"\u00c9cusson de l'\u00e9quipe de Australie\"> \n\t\t\t\t\t\t\t\t<span>Australie<\/span>\n\t\t\t\t\t\t\t<\/div>\n\t\t\t\t\t\t<\/div>\n\t\t\t\t\t<\/div>\n\n\t\t\t\t<\/div>\n\t\t\t<\/div>\n\t\t\t\t\t<div class=\"list_match_fanzo-item\">\n\t\t\t\t<div class=\"widget_fanzo-container\">\n\n\t\t\t\t\t<div class=\"widget_fanzo-competition\">\n\t\t\t\t\t\t<span>Football<\/span>\n\t\t\t\t\t\t<span>Coupe du Monde FIFA<\/span>\n\t\t\t\t\t<\/div>\n\n\t\t\t\t\t<div class=\"widget_fanzo-infos\">\n\n\t\t\t\t\t\t<div class=\"widget_fanzo-date\">\n\t\t\t\t\t\t\tDiffusion le 20 juin |&nbsp;<b>22h00<\/b>\t\t\t\t\t\t<\/div>\n\n\t\t\t\t\t\t<div class=\"widget_fanzo-equipes\">\n\t\t\t\t\t\t\t<div class=\"team\">\n\t\t\t\t\t\t\t\t<img decoding=\"async\" src=\"https:\/\/matchpint-cdn.matchpint.cloud\/shared\/imagenes\/teams\/6542\/logo_1773272195.png\" alt=\"\u00c9cusson de l'\u00e9quipe de Allemagne\"> \n\t\t\t\t\t\t\t\t<span>Allemagne<\/span>\n\t\t\t\t\t\t\t<\/div>\n\t\t\t\t\t\t\t<div class=\"team\">\n\t\t\t\t\t\t\t\t<img decoding=\"async\" src=\"https:\/\/matchpint-cdn.matchpint.cloud\/shared\/imagenes\/teams\/8937\/logo_1773272364.png\" alt=\"\u00c9cusson de l'\u00e9quipe de C\u00f4te d'Ivoire\"> \n\t\t\t\t\t\t\t\t<span>C\u00f4te d'Ivoire<\/span>\n\t\t\t\t\t\t\t<\/div>\n\t\t\t\t\t\t<\/div>\n\t\t\t\t\t<\/div>\n\n\t\t\t\t<\/div>\n\t\t\t<\/div>\n\t\t\t\t\t<div class=\"list_match_fanzo-item\">\n\t\t\t\t<div class=\"widget_fanzo-container\">\n\n\t\t\t\t\t<div class=\"widget_fanzo-competition\">\n\t\t\t\t\t\t<span>Football<\/span>\n\t\t\t\t\t\t<span>Coupe du Monde FIFA<\/span>\n\t\t\t\t\t<\/div>\n\n\t\t\t\t\t<div class=\"widget_fanzo-infos\">\n\n\t\t\t\t\t\t<div class=\"widget_fanzo-date\">\n\t\t\t\t\t\t\tDiffusion le 22 juin |&nbsp;<b>23h00<\/b>\t\t\t\t\t\t<\/div>\n\n\t\t\t\t\t\t<div class=\"widget_fanzo-equipes\">\n\t\t\t\t\t\t\t<div class=\"team\">\n\t\t\t\t\t\t\t\t<img decoding=\"async\" src=\"https:\/\/matchpint-cdn.matchpint.cloud\/shared\/imagenes\/teams\/6500\/logo_1773272157.png\" alt=\"\u00c9cusson de l'\u00e9quipe de France\"> \n\t\t\t\t\t\t\t\t<span>France<\/span>\n\t\t\t\t\t\t\t<\/div>\n\t\t\t\t\t\t\t<div class=\"team\">\n\t\t\t\t\t\t\t\t<img decoding=\"async\" src=\"https:\/\/matchpint-cdn.matchpint.cloud\/shared\/imagenes\/teams\/9694\/logo_1775101787.png\" alt=\"\u00c9cusson de l'\u00e9quipe de Iraq\"> \n\t\t\t\t\t\t\t\t<span>Iraq<\/span>\n\t\t\t\t\t\t\t<\/div>\n\t\t\t\t\t\t<\/div>\n\t\t\t\t\t<\/div>\n\n\t\t\t\t<\/div>\n\t\t\t<\/div>\n\t\t\t\t\t<div class=\"list_match_fanzo-item\">\n\t\t\t\t<div class=\"widget_fanzo-container\">\n\n\t\t\t\t\t<div class=\"widget_fanzo-competition\">\n\t\t\t\t\t\t<span>Football<\/span>\n\t\t\t\t\t\t<span>Coupe du Monde FIFA<\/span>\n\t\t\t\t\t<\/div>\n\n\t\t\t\t\t<div class=\"widget_fanzo-infos\">\n\n\t\t\t\t\t\t<div class=\"widget_fanzo-date\">\n\t\t\t\t\t\t\tDiffusion le 26 juin |&nbsp;<b>21h00<\/b>\t\t\t\t\t\t<\/div>\n\n\t\t\t\t\t\t<div class=\"widget_fanzo-equipes\">\n\t\t\t\t\t\t\t<div class=\"team\">\n\t\t\t\t\t\t\t\t<img decoding=\"async\" src=\"https:\/\/matchpint-cdn.matchpint.cloud\/shared\/imagenes\/teams\/7392\/logo_1773272756.png\" alt=\"\u00c9cusson de l'\u00e9quipe de Norv\u00e8ge\"> \n\t\t\t\t\t\t\t\t<span>Norv\u00e8ge<\/span>\n\t\t\t\t\t\t\t<\/div>\n\t\t\t\t\t\t\t<div class=\"team\">\n\t\t\t\t\t\t\t\t<img decoding=\"async\" src=\"https:\/\/matchpint-cdn.matchpint.cloud\/shared\/imagenes\/teams\/6500\/logo_1773272157.png\" alt=\"\u00c9cusson de l'\u00e9quipe de France\"> \n\t\t\t\t\t\t\t\t<span>France<\/span>\n\t\t\t\t\t\t\t<\/div>\n\t\t\t\t\t\t<\/div>\n\t\t\t\t\t<\/div>\n\n\t\t\t\t<\/div>\n\t\t\t<\/div>\n\t\t<\/div>\n","protected":false},"excerpt":{"rendered":"","protected":false},"author":15,"featured_media":0,"parent":0,"menu_order":0,"comment_status":"closed","ping_status":"closed","template":"","meta":{"_acf_changed":false,"footnotes":""},"class_list":["post-11909","page","type-page","status-publish","hentry"],"acf":[],"yoast_head":"<!-- This site is optimized with the Yoast SEO plugin v24.6 - https:\/\/yoast.com\/wordpress\/plugins\/seo\/ -->\n<title>Matchs diffus\u00e9s au 10\u00b755 de Pontarlier<\/title>\n<meta name=\"robots\" content=\"index, follow, max-snippet:-1, max-image-preview:large, max-video-preview:-1\" \/>\n<link rel=\"canonical\" href=\"https:\/\/www.1055.fr\/pontarlier\/matchs-diffuses-au-10\u00b755-de-pontarlier\/\" \/>\n<meta property=\"og:locale\" content=\"fr_FR\" \/>\n<meta property=\"og:type\" content=\"article\" \/>\n<meta property=\"og:title\" content=\"Matchs diffus\u00e9s au 10\u00b755 de Pontarlier\" \/>\n<meta property=\"og:url\" content=\"https:\/\/www.1055.fr\/pontarlier\/matchs-diffuses-au-10\u00b755-de-pontarlier\/\" \/>\n<meta property=\"og:site_name\" content=\"1055 - Pontarlier\" \/>\n<meta property=\"article:modified_time\" content=\"2026-03-11T12:43:45+00:00\" \/>\n<meta name=\"twitter:card\" content=\"summary_large_image\" \/>\n<meta name=\"twitter:label1\" content=\"Dur\u00e9e de lecture estim\u00e9e\" \/>\n\t<meta name=\"twitter:data1\" content=\"1 minute\" \/>\n<script type=\"application\/ld+json\" class=\"yoast-schema-graph\">{\"@context\":\"https:\/\/schema.org\",\"@graph\":[{\"@type\":\"WebPage\",\"@id\":\"https:\/\/www.1055.fr\/pontarlier\/matchs-diffuses-au-10%c2%b755-de-pontarlier\/\",\"url\":\"https:\/\/www.1055.fr\/pontarlier\/matchs-diffuses-au-10%c2%b755-de-pontarlier\/\",\"name\":\"Matchs diffus\u00e9s au 10\u00b755 de Pontarlier\",\"isPartOf\":{\"@id\":\"https:\/\/www.1055.fr\/chalon\/#website\"},\"datePublished\":\"2026-03-11T12:43:44+00:00\",\"dateModified\":\"2026-03-11T12:43:45+00:00\",\"breadcrumb\":{\"@id\":\"https:\/\/www.1055.fr\/pontarlier\/matchs-diffuses-au-10%c2%b755-de-pontarlier\/#breadcrumb\"},\"inLanguage\":\"fr-FR\",\"potentialAction\":[{\"@type\":\"ReadAction\",\"target\":[\"https:\/\/www.1055.fr\/pontarlier\/matchs-diffuses-au-10%c2%b755-de-pontarlier\/\"]}]},{\"@type\":\"BreadcrumbList\",\"@id\":\"https:\/\/www.1055.fr\/pontarlier\/matchs-diffuses-au-10%c2%b755-de-pontarlier\/#breadcrumb\",\"itemListElement\":[{\"@type\":\"ListItem\",\"position\":1,\"name\":\"Home\",\"item\":\"https:\/\/www.1055.fr\/pontarlier\/\"},{\"@type\":\"ListItem\",\"position\":2,\"name\":\"Matchs diffus\u00e9s au 10\u00b755 de Pontarlier\"}]},{\"@type\":\"WebSite\",\"@id\":\"https:\/\/www.1055.fr\/chalon\/#website\",\"url\":\"https:\/\/www.1055.fr\/chalon\/\",\"name\":\"1055 - Pontarlier\",\"description\":\"\",\"potentialAction\":[{\"@type\":\"SearchAction\",\"target\":{\"@type\":\"EntryPoint\",\"urlTemplate\":\"https:\/\/www.1055.fr\/chalon\/?s={search_term_string}\"},\"query-input\":{\"@type\":\"PropertyValueSpecification\",\"valueRequired\":true,\"valueName\":\"search_term_string\"}}],\"inLanguage\":\"fr-FR\"}]}<\/script>\n<!-- \/ Yoast SEO plugin. -->","yoast_head_json":{"title":"Matchs diffus\u00e9s au 10\u00b755 de Pontarlier","robots":{"index":"index","follow":"follow","max-snippet":"max-snippet:-1","max-image-preview":"max-image-preview:large","max-video-preview":"max-video-preview:-1"},"canonical":"https:\/\/www.1055.fr\/pontarlier\/matchs-diffuses-au-10\u00b755-de-pontarlier\/","og_locale":"fr_FR","og_type":"article","og_title":"Matchs diffus\u00e9s au 10\u00b755 de Pontarlier","og_url":"https:\/\/www.1055.fr\/pontarlier\/matchs-diffuses-au-10\u00b755-de-pontarlier\/","og_site_name":"1055 - Pontarlier","article_modified_time":"2026-03-11T12:43:45+00:00","twitter_card":"summary_large_image","twitter_misc":{"Dur\u00e9e de lecture estim\u00e9e":"1 minute"},"schema":{"@context":"https:\/\/schema.org","@graph":[{"@type":"WebPage","@id":"https:\/\/www.1055.fr\/pontarlier\/matchs-diffuses-au-10%c2%b755-de-pontarlier\/","url":"https:\/\/www.1055.fr\/pontarlier\/matchs-diffuses-au-10%c2%b755-de-pontarlier\/","name":"Matchs diffus\u00e9s au 10\u00b755 de Pontarlier","isPartOf":{"@id":"https:\/\/www.1055.fr\/chalon\/#website"},"datePublished":"2026-03-11T12:43:44+00:00","dateModified":"2026-03-11T12:43:45+00:00","breadcrumb":{"@id":"https:\/\/www.1055.fr\/pontarlier\/matchs-diffuses-au-10%c2%b755-de-pontarlier\/#breadcrumb"},"inLanguage":"fr-FR","potentialAction":[{"@type":"ReadAction","target":["https:\/\/www.1055.fr\/pontarlier\/matchs-diffuses-au-10%c2%b755-de-pontarlier\/"]}]},{"@type":"BreadcrumbList","@id":"https:\/\/www.1055.fr\/pontarlier\/matchs-diffuses-au-10%c2%b755-de-pontarlier\/#breadcrumb","itemListElement":[{"@type":"ListItem","position":1,"name":"Home","item":"https:\/\/www.1055.fr\/pontarlier\/"},{"@type":"ListItem","position":2,"name":"Matchs diffus\u00e9s au 10\u00b755 de Pontarlier"}]},{"@type":"WebSite","@id":"https:\/\/www.1055.fr\/chalon\/#website","url":"https:\/\/www.1055.fr\/chalon\/","name":"1055 - Pontarlier","description":"","potentialAction":[{"@type":"SearchAction","target":{"@type":"EntryPoint","urlTemplate":"https:\/\/www.1055.fr\/chalon\/?s={search_term_string}"},"query-input":{"@type":"PropertyValueSpecification","valueRequired":true,"valueName":"search_term_string"}}],"inLanguage":"fr-FR"}]}},"_links":{"self":[{"href":"https:\/\/www.1055.fr\/pontarlier\/wp-json\/wp\/v2\/pages\/11909","targetHints":{"allow":["GET"]}}],"collection":[{"href":"https:\/\/www.1055.fr\/pontarlier\/wp-json\/wp\/v2\/pages"}],"about":[{"href":"https:\/\/www.1055.fr\/pontarlier\/wp-json\/wp\/v2\/types\/page"}],"author":[{"embeddable":true,"href":"https:\/\/www.1055.fr\/pontarlier\/wp-json\/wp\/v2\/users\/15"}],"replies":[{"embeddable":true,"href":"https:\/\/www.1055.fr\/pontarlier\/wp-json\/wp\/v2\/comments?post=11909"}],"version-history":[{"count":1,"href":"https:\/\/www.1055.fr\/pontarlier\/wp-json\/wp\/v2\/pages\/11909\/revisions"}],"predecessor-version":[{"id":11910,"href":"https:\/\/www.1055.fr\/pontarlier\/wp-json\/wp\/v2\/pages\/11909\/revisions\/11910"}],"wp:attachment":[{"href":"https:\/\/www.1055.fr\/pontarlier\/wp-json\/wp\/v2\/media?parent=11909"}],"curies":[{"name":"wp","href":"https:\/\/api.w.org\/{rel}","templated":true}]}}