{"id":11074,"date":"2025-03-19T11:52:46","date_gmt":"2025-03-19T10:52:46","guid":{"rendered":"https:\/\/www.1055.fr\/pontarlier\/?page_id=11074"},"modified":"2025-04-09T15:46:54","modified_gmt":"2025-04-09T13:46:54","slug":"acces-horaires-pontarlier-1055","status":"publish","type":"page","link":"https:\/\/www.1055.fr\/pontarlier\/acces-horaires-pontarlier-1055\/","title":{"rendered":"Acc\u00e8s &amp; horaires"},"content":{"rendered":"\n<h2 class=\"wp-block-heading\"><strong>Venez quand vous voulez, on est toujours l\u00e0 !<\/strong><\/h2>\n\n\n\n<p><strong>Nos horaires d\u2019ouverture<\/strong><\/p>\n\n\n\n<p>Le 10\u00b755 Pontarlier est\u00a0<strong>ouvert 7 jours sur 7<\/strong>,\u00a0<strong>y compris les jours f\u00e9ri\u00e9s<\/strong>\u00a0!<\/p>\n\n\n\n<p><strong>Du dimanche au jeudi<\/strong><br><strong>10h \u00e0 00h (minuit)<\/strong><\/p>\n\n\n\n<p><strong>Vendredi &amp; samedi<\/strong><br><strong>10h \u00e0 01h<\/strong><\/p>\n\n\n\n<p>Une envie de s\u2019\u00e9clater en semaine ?<br>Une sortie improvis\u00e9e un jour f\u00e9ri\u00e9 ?<br>Un vendredi soir qui se prolonge ?<br><strong>Pas de souci, on est toujours l\u00e0 pour vous accueillir !<\/strong><\/p>\n\n\n\n<h2 class=\"wp-block-heading\"><strong>Adresse &amp; acc\u00e8s<\/strong><\/h2>\n\n\n\n<p><strong>10 55 Pontarlier<\/strong><br><strong>3 rue H\u00e9l\u00e8ne Boucher<\/strong><br>25300 Pontarlier<\/p>\n\n\n\n<p>Juste \u00e0 c\u00f4t\u00e9 de Jardiland !<\/p>\n\n\n\n<p><strong>Grand parking gratuit<\/strong>\u00a0\u00e0 disposition pour tous nos visiteurs.<\/p>\n\n\n\n<p><strong>Acc\u00e8s PMR<\/strong>\u00a0(personnes \u00e0 mobilit\u00e9 r\u00e9duite) :<br>Tout notre complexe est\u00a0<strong>accessible aux fauteuils roulants<\/strong>.<\/p>\n\n\n\n<p>Besoin d\u2019un itin\u00e9raire ? Trouvez-nous facilement sur Google Maps en tapant \u201c10\u00b755 Pontarlier\u201d !<\/p>\n\n\n\n<p><\/p>\n","protected":false},"excerpt":{"rendered":"<p>Venez quand vous voulez, on est toujours l\u00e0 ! Nos horaires d\u2019ouverture Le 10\u00b755 Pontarlier est\u00a0ouvert 7 jours sur 7,\u00a0y &hellip;<\/p>\n","protected":false},"author":15,"featured_media":0,"parent":0,"menu_order":0,"comment_status":"closed","ping_status":"closed","template":"","meta":{"_acf_changed":false,"footnotes":""},"class_list":["post-11074","page","type-page","status-publish","hentry"],"acf":[],"yoast_head":"<!-- This site is optimized with the Yoast SEO plugin v24.6 - https:\/\/yoast.com\/wordpress\/plugins\/seo\/ -->\n<title>Acc\u00e8s &amp; horaires - 7j\/7 m\u00eame les jours f\u00e9ri\u00e9s<\/title>\n<meta name=\"description\" content=\"Venez quand vous voulez, on est toujours l\u00e0 ! Une envie de s\u2019\u00e9clater en semaine ?Une sortie improvis\u00e9e un jour f\u00e9ri\u00e9 ?\" \/>\n<meta name=\"robots\" content=\"index, follow, max-snippet:-1, max-image-preview:large, max-video-preview:-1\" \/>\n<link rel=\"canonical\" href=\"https:\/\/www.1055.fr\/pontarlier\/acces-horaires-pontarlier-1055\/\" \/>\n<meta property=\"og:locale\" content=\"fr_FR\" \/>\n<meta property=\"og:type\" content=\"article\" \/>\n<meta property=\"og:title\" content=\"Acc\u00e8s &amp; horaires - 7j\/7 m\u00eame les jours f\u00e9ri\u00e9s\" \/>\n<meta property=\"og:description\" content=\"Venez quand vous voulez, on est toujours l\u00e0 ! Une envie de s\u2019\u00e9clater en semaine ?Une sortie improvis\u00e9e un jour f\u00e9ri\u00e9 ?\" \/>\n<meta property=\"og:url\" content=\"https:\/\/www.1055.fr\/pontarlier\/acces-horaires-pontarlier-1055\/\" \/>\n<meta property=\"og:site_name\" content=\"1055 - Pontarlier\" \/>\n<meta property=\"article:modified_time\" content=\"2025-04-09T13:46:54+00:00\" \/>\n<meta name=\"twitter:card\" content=\"summary_large_image\" \/>\n<meta name=\"twitter:label1\" content=\"Dur\u00e9e de lecture estim\u00e9e\" \/>\n\t<meta name=\"twitter:data1\" content=\"1 minute\" \/>\n<script type=\"application\/ld+json\" class=\"yoast-schema-graph\">{\"@context\":\"https:\/\/schema.org\",\"@graph\":[{\"@type\":\"WebPage\",\"@id\":\"https:\/\/www.1055.fr\/pontarlier\/acces-horaires-pontarlier-1055\/\",\"url\":\"https:\/\/www.1055.fr\/pontarlier\/acces-horaires-pontarlier-1055\/\",\"name\":\"Acc\u00e8s &amp; horaires - 7j\/7 m\u00eame les jours f\u00e9ri\u00e9s\",\"isPartOf\":{\"@id\":\"https:\/\/www.1055.fr\/chalon\/#website\"},\"datePublished\":\"2025-03-19T10:52:46+00:00\",\"dateModified\":\"2025-04-09T13:46:54+00:00\",\"description\":\"Venez quand vous voulez, on est toujours l\u00e0 ! Une envie de s\u2019\u00e9clater en semaine ?Une sortie improvis\u00e9e un jour f\u00e9ri\u00e9 ?\",\"breadcrumb\":{\"@id\":\"https:\/\/www.1055.fr\/pontarlier\/acces-horaires-pontarlier-1055\/#breadcrumb\"},\"inLanguage\":\"fr-FR\",\"potentialAction\":[{\"@type\":\"ReadAction\",\"target\":[\"https:\/\/www.1055.fr\/pontarlier\/acces-horaires-pontarlier-1055\/\"]}]},{\"@type\":\"BreadcrumbList\",\"@id\":\"https:\/\/www.1055.fr\/pontarlier\/acces-horaires-pontarlier-1055\/#breadcrumb\",\"itemListElement\":[{\"@type\":\"ListItem\",\"position\":1,\"name\":\"Home\",\"item\":\"https:\/\/www.1055.fr\/pontarlier\/\"},{\"@type\":\"ListItem\",\"position\":2,\"name\":\"Acc\u00e8s &amp; horaires\"}]},{\"@type\":\"WebSite\",\"@id\":\"https:\/\/www.1055.fr\/chalon\/#website\",\"url\":\"https:\/\/www.1055.fr\/chalon\/\",\"name\":\"1055 - Pontarlier\",\"description\":\"\",\"potentialAction\":[{\"@type\":\"SearchAction\",\"target\":{\"@type\":\"EntryPoint\",\"urlTemplate\":\"https:\/\/www.1055.fr\/chalon\/?s={search_term_string}\"},\"query-input\":{\"@type\":\"PropertyValueSpecification\",\"valueRequired\":true,\"valueName\":\"search_term_string\"}}],\"inLanguage\":\"fr-FR\"}]}<\/script>\n<!-- \/ Yoast SEO plugin. -->","yoast_head_json":{"title":"Acc\u00e8s &amp; horaires - 7j\/7 m\u00eame les jours f\u00e9ri\u00e9s","description":"Venez quand vous voulez, on est toujours l\u00e0 ! Une envie de s\u2019\u00e9clater en semaine ?Une sortie improvis\u00e9e un jour f\u00e9ri\u00e9 ?","robots":{"index":"index","follow":"follow","max-snippet":"max-snippet:-1","max-image-preview":"max-image-preview:large","max-video-preview":"max-video-preview:-1"},"canonical":"https:\/\/www.1055.fr\/pontarlier\/acces-horaires-pontarlier-1055\/","og_locale":"fr_FR","og_type":"article","og_title":"Acc\u00e8s &amp; horaires - 7j\/7 m\u00eame les jours f\u00e9ri\u00e9s","og_description":"Venez quand vous voulez, on est toujours l\u00e0 ! Une envie de s\u2019\u00e9clater en semaine ?Une sortie improvis\u00e9e un jour f\u00e9ri\u00e9 ?","og_url":"https:\/\/www.1055.fr\/pontarlier\/acces-horaires-pontarlier-1055\/","og_site_name":"1055 - Pontarlier","article_modified_time":"2025-04-09T13:46:54+00:00","twitter_card":"summary_large_image","twitter_misc":{"Dur\u00e9e de lecture estim\u00e9e":"1 minute"},"schema":{"@context":"https:\/\/schema.org","@graph":[{"@type":"WebPage","@id":"https:\/\/www.1055.fr\/pontarlier\/acces-horaires-pontarlier-1055\/","url":"https:\/\/www.1055.fr\/pontarlier\/acces-horaires-pontarlier-1055\/","name":"Acc\u00e8s &amp; horaires - 7j\/7 m\u00eame les jours f\u00e9ri\u00e9s","isPartOf":{"@id":"https:\/\/www.1055.fr\/chalon\/#website"},"datePublished":"2025-03-19T10:52:46+00:00","dateModified":"2025-04-09T13:46:54+00:00","description":"Venez quand vous voulez, on est toujours l\u00e0 ! Une envie de s\u2019\u00e9clater en semaine ?Une sortie improvis\u00e9e un jour f\u00e9ri\u00e9 ?","breadcrumb":{"@id":"https:\/\/www.1055.fr\/pontarlier\/acces-horaires-pontarlier-1055\/#breadcrumb"},"inLanguage":"fr-FR","potentialAction":[{"@type":"ReadAction","target":["https:\/\/www.1055.fr\/pontarlier\/acces-horaires-pontarlier-1055\/"]}]},{"@type":"BreadcrumbList","@id":"https:\/\/www.1055.fr\/pontarlier\/acces-horaires-pontarlier-1055\/#breadcrumb","itemListElement":[{"@type":"ListItem","position":1,"name":"Home","item":"https:\/\/www.1055.fr\/pontarlier\/"},{"@type":"ListItem","position":2,"name":"Acc\u00e8s &amp; horaires"}]},{"@type":"WebSite","@id":"https:\/\/www.1055.fr\/chalon\/#website","url":"https:\/\/www.1055.fr\/chalon\/","name":"1055 - Pontarlier","description":"","potentialAction":[{"@type":"SearchAction","target":{"@type":"EntryPoint","urlTemplate":"https:\/\/www.1055.fr\/chalon\/?s={search_term_string}"},"query-input":{"@type":"PropertyValueSpecification","valueRequired":true,"valueName":"search_term_string"}}],"inLanguage":"fr-FR"}]}},"_links":{"self":[{"href":"https:\/\/www.1055.fr\/pontarlier\/wp-json\/wp\/v2\/pages\/11074","targetHints":{"allow":["GET"]}}],"collection":[{"href":"https:\/\/www.1055.fr\/pontarlier\/wp-json\/wp\/v2\/pages"}],"about":[{"href":"https:\/\/www.1055.fr\/pontarlier\/wp-json\/wp\/v2\/types\/page"}],"author":[{"embeddable":true,"href":"https:\/\/www.1055.fr\/pontarlier\/wp-json\/wp\/v2\/users\/15"}],"replies":[{"embeddable":true,"href":"https:\/\/www.1055.fr\/pontarlier\/wp-json\/wp\/v2\/comments?post=11074"}],"version-history":[{"count":1,"href":"https:\/\/www.1055.fr\/pontarlier\/wp-json\/wp\/v2\/pages\/11074\/revisions"}],"predecessor-version":[{"id":11286,"href":"https:\/\/www.1055.fr\/pontarlier\/wp-json\/wp\/v2\/pages\/11074\/revisions\/11286"}],"wp:attachment":[{"href":"https:\/\/www.1055.fr\/pontarlier\/wp-json\/wp\/v2\/media?parent=11074"}],"curies":[{"name":"wp","href":"https:\/\/api.w.org\/{rel}","templated":true}]}}