{"id":9800,"date":"2024-03-25T14:27:03","date_gmt":"2024-03-25T13:27:03","guid":{"rendered":"https:\/\/www.1055.fr\/chalon\/?page_id=9800"},"modified":"2025-10-15T11:48:55","modified_gmt":"2025-10-15T09:48:55","slug":"flechette-epinal","status":"publish","type":"page","link":"https:\/\/www.1055.fr\/epinal\/activites\/flechette-epinal\/","title":{"rendered":"Fl\u00e9chettes"},"content":{"rendered":"\n<h2 class=\"wp-block-heading\">Fl\u00e9chettes connect\u00e9es au 10\u00b755 de Epinal : un jeu derni\u00e8re g\u00e9n\u00e9ration avec les vrais sensations des fl\u00e9chettes<\/h2>\n\n\n<div class=\"wp-block-image\">\n<figure class=\"aligncenter size-large is-resized\"><img decoding=\"async\" src=\"https:\/\/www.1055.fr\/chalon\/contenu\/uploads\/2024\/04\/FLECHETTES-1-1024x683.jpg\" alt=\"\" class=\"wp-image-9907\" style=\"width:462px;height:308px\"\/><\/figure>\n<\/div>\n\n\n<p><strong>Plongez dans une exp\u00e9rience de tir \u00e0 la cible nouvelle g\u00e9n\u00e9ration avec nos toutes nouvelles zones de fl\u00e9chettes connect\u00e9es au 10.55 \u00e0 Epinal !<\/strong> Si vous \u00eates passionn\u00e9 par le tir \u00e0 la cible et <strong>les bars \u00e0 fl\u00e9chettes<\/strong> alors vous allez adorer nos cibles connect\u00e9es dernier cri qui vous offriront des parties modernes et connect\u00e9es, mais avec les VRAIES sensation du jeu de fl\u00e9chettes.<\/p>\n\n\n\n<h3 class=\"wp-block-heading\">Une Technologie de Pointe<\/h3>\n\n\n\n<p>Nos espaces de fl\u00e9chettes connect\u00e9es offrent une v\u00e9ritable r\u00e9volution dans le monde du jeu. Profitez de v\u00e9ritables cibles de fl\u00e9chettes, avec toutes les sensations authentiques du jeu, mais avec une touche de modernit\u00e9 gr\u00e2ce \u00e0 la connectivit\u00e9 de nos installations. <strong>Suivez vos scores et vos performances en direct sur nos \u00e9crans g\u00e9ants, ajoutant une dimension interactive \u00e0 vos parties.<\/strong><\/p>\n\n\n\n<figure class=\"wp-block-embed is-type-video is-provider-youtube wp-block-embed-youtube wp-embed-aspect-16-9 wp-has-aspect-ratio\"><div class=\"wp-block-embed__wrapper\">\n<iframe loading=\"lazy\" title=\"Fl\u00e9chettes au 10\u00b755 de Chalon-sur-Sa\u00f4ne #shorts\" width=\"443\" height=\"788\" src=\"https:\/\/www.youtube.com\/embed\/U81vSl9j8v8?feature=oembed\" frameborder=\"0\" allow=\"accelerometer; autoplay; clipboard-write; encrypted-media; gyroscope; picture-in-picture; web-share\" referrerpolicy=\"strict-origin-when-cross-origin\" allowfullscreen><\/iframe>\n<\/div><figcaption class=\"wp-element-caption\">Vid\u00e9o tourn\u00e9e au <a href=\"https:\/\/www.1055.fr\/chalon\/\">10\u00b755 de Chalon-sur-Sa\u00f4ne<\/a><\/figcaption><\/figure>\n\n\n\n<h3 class=\"wp-block-heading\">Des D\u00e9fis et de la Comp\u00e9tition<\/h3>\n\n\n\n<p>R\u00e9unissez vos amis, vos coll\u00e8gues ou votre famille et lancez-vous dans des d\u00e9fis o\u00f9 <strong>la pr\u00e9cision et la strat\u00e9gie sont de mise<\/strong>. Avec nos trois espaces de fl\u00e9chettes connect\u00e9es dans une ambiance lounge, vous pourrez profiter d&rsquo;une atmosph\u00e8re conviviale tout en vous lan\u00e7ant des d\u00e9fis pour atteindre la victoire. Que ce soit pour une sortie entre amis ou une activit\u00e9 de team building, nos zones de fl\u00e9chettes sont le lieu id\u00e9al pour des moments de comp\u00e9tition et de camaraderie.<\/p>\n\n\n\n<h3 class=\"wp-block-heading\">Une Offre de Divertissement Compl\u00e8te<\/h3>\n\n\n\n<p>En plus de nos zones de fl\u00e9chettes connect\u00e9es, le 10.55 propose une vari\u00e9t\u00e9 d&rsquo;autres activit\u00e9s indoor pour tous les go\u00fbts. Que vous souhaitiez tester votre adresse au bowling, vous d\u00e9fouler au laser game ou d\u00e9couvrir le frisson du lancer de hache, nous avons tout ce qu&rsquo;il vous faut pour une journ\u00e9e remplie de divertissement.<\/p>\n\n\n\n<h3 class=\"wp-block-heading\">Une Pause Bien M\u00e9rit\u00e9e \u00e0 La Brasserie du 10.55<\/h3>\n\n\n\n<p>Apr\u00e8s une session intense de fl\u00e9chettes connect\u00e9es ou une journ\u00e9e charg\u00e9e d&rsquo;aventures, <strong>d\u00e9tendez-vous et savourez un d\u00e9licieux repas \u00e0 La Brasserie du 10.55<\/strong>. Notre restaurant vous propose une s\u00e9lection de plats savoureux et de boissons rafra\u00eechissantes, parfait pour recharger vos batteries entre deux parties. Apr\u00e8s votre repas, jouez la belle (on parle de la partie, pas de vous la p\u00e9ter !) en compagnie d&rsquo;une bonne bi\u00e8re artisanales made in 10.55 ! <\/p>\n\n\n\n<div class=\"wp-block-columns is-not-stacked-on-mobile is-layout-flex wp-container-core-columns-is-layout-9d6595d7 wp-block-columns-is-layout-flex\">\n<div class=\"wp-block-column is-layout-flow wp-block-column-is-layout-flow\">\n<figure class=\"wp-block-image size-large\"><img loading=\"lazy\" decoding=\"async\" width=\"683\" height=\"1024\" src=\"https:\/\/www.1055.fr\/epinal\/contenu\/uploads\/2025\/06\/FLECHETTES-2-683x1024.jpg\" alt=\"fl\u00e9chettes bar belfort \" class=\"wp-image-10330\" srcset=\"https:\/\/www.1055.fr\/epinal\/contenu\/uploads\/2025\/06\/FLECHETTES-2-683x1024.jpg 683w, https:\/\/www.1055.fr\/epinal\/contenu\/uploads\/2025\/06\/FLECHETTES-2-200x300.jpg 200w, https:\/\/www.1055.fr\/epinal\/contenu\/uploads\/2025\/06\/FLECHETTES-2-768x1152.jpg 768w, https:\/\/www.1055.fr\/epinal\/contenu\/uploads\/2025\/06\/FLECHETTES-2-1024x1536.jpg 1024w, https:\/\/www.1055.fr\/epinal\/contenu\/uploads\/2025\/06\/FLECHETTES-2-16x24.jpg 16w, https:\/\/www.1055.fr\/epinal\/contenu\/uploads\/2025\/06\/FLECHETTES-2-24x36.jpg 24w, https:\/\/www.1055.fr\/epinal\/contenu\/uploads\/2025\/06\/FLECHETTES-2-32x48.jpg 32w, https:\/\/www.1055.fr\/epinal\/contenu\/uploads\/2025\/06\/FLECHETTES-2.jpg 1365w\" sizes=\"auto, (max-width: 683px) 100vw, 683px\" \/><\/figure>\n<\/div>\n\n\n\n<div class=\"wp-block-column is-layout-flow wp-block-column-is-layout-flow\">\n<figure class=\"wp-block-image size-large\"><img loading=\"lazy\" decoding=\"async\" width=\"683\" height=\"1024\" src=\"https:\/\/www.1055.fr\/epinal\/contenu\/uploads\/2025\/06\/ChatGPT-Image-25-juin-2025-11_07_35-1-683x1024.png\" alt=\"bar lounge bi\u00e8re artisanale belfort\" class=\"wp-image-10329\" style=\"aspect-ratio:2\/3;object-fit:cover\" srcset=\"https:\/\/www.1055.fr\/epinal\/contenu\/uploads\/2025\/06\/ChatGPT-Image-25-juin-2025-11_07_35-1-683x1024.png 683w, https:\/\/www.1055.fr\/epinal\/contenu\/uploads\/2025\/06\/ChatGPT-Image-25-juin-2025-11_07_35-1-200x300.png 200w, https:\/\/www.1055.fr\/epinal\/contenu\/uploads\/2025\/06\/ChatGPT-Image-25-juin-2025-11_07_35-1-768x1152.png 768w, https:\/\/www.1055.fr\/epinal\/contenu\/uploads\/2025\/06\/ChatGPT-Image-25-juin-2025-11_07_35-1-16x24.png 16w, https:\/\/www.1055.fr\/epinal\/contenu\/uploads\/2025\/06\/ChatGPT-Image-25-juin-2025-11_07_35-1-24x36.png 24w, https:\/\/www.1055.fr\/epinal\/contenu\/uploads\/2025\/06\/ChatGPT-Image-25-juin-2025-11_07_35-1-32x48.png 32w, https:\/\/www.1055.fr\/epinal\/contenu\/uploads\/2025\/06\/ChatGPT-Image-25-juin-2025-11_07_35-1.png 1024w\" sizes=\"auto, (max-width: 683px) 100vw, 683px\" \/><\/figure>\n<\/div>\n<\/div>\n\n\n\n<hr class=\"wp-block-separator has-alpha-channel-opacity\"\/>\n\n\n\n<div class=\"wp-block-columns is-not-stacked-on-mobile is-layout-flex wp-container-core-columns-is-layout-9d6595d7 wp-block-columns-is-layout-flex\">\n<div class=\"wp-block-column is-layout-flow wp-block-column-is-layout-flow\">\n<h4 class=\"wp-block-heading\"><a href=\"https:\/\/www.1055.fr\/epinal\/activites\/lancer-de-haches\/\">\u2197 Vous aimerez aussi &#8230; <\/a><\/h4>\n\n\n\n<p>Le lancer de hache ! Une hache, une cible &#8230;<\/p>\n\n\n\n<figure class=\"wp-block-image size-full\"><img loading=\"lazy\" decoding=\"async\" width=\"900\" height=\"160\" src=\"https:\/\/www.1055.fr\/epinal\/contenu\/uploads\/2025\/06\/Picto-LOISIRS-petite-banniere-900x160-1.jpg\" alt=\"\" class=\"wp-image-10331\" srcset=\"https:\/\/www.1055.fr\/epinal\/contenu\/uploads\/2025\/06\/Picto-LOISIRS-petite-banniere-900x160-1.jpg 900w, https:\/\/www.1055.fr\/epinal\/contenu\/uploads\/2025\/06\/Picto-LOISIRS-petite-banniere-900x160-1-300x53.jpg 300w, https:\/\/www.1055.fr\/epinal\/contenu\/uploads\/2025\/06\/Picto-LOISIRS-petite-banniere-900x160-1-768x137.jpg 768w, https:\/\/www.1055.fr\/epinal\/contenu\/uploads\/2025\/06\/Picto-LOISIRS-petite-banniere-900x160-1-24x4.jpg 24w, https:\/\/www.1055.fr\/epinal\/contenu\/uploads\/2025\/06\/Picto-LOISIRS-petite-banniere-900x160-1-36x6.jpg 36w, https:\/\/www.1055.fr\/epinal\/contenu\/uploads\/2025\/06\/Picto-LOISIRS-petite-banniere-900x160-1-48x9.jpg 48w\" sizes=\"auto, (max-width: 767px) 89vw, (max-width: 1000px) 54vw, (max-width: 1071px) 543px, 580px\" \/><\/figure>\n<\/div>\n\n\n\n<div class=\"wp-block-column is-layout-flow wp-block-column-is-layout-flow\">\n<h4 class=\"wp-block-heading\">\u2197 Instagram <\/h4>\n\n\n\n<p>Nous sommes sur Instragram, suivez-nous ! <\/p>\n\n\n\n<figure class=\"wp-block-image size-full\"><img loading=\"lazy\" decoding=\"async\" width=\"900\" height=\"160\" src=\"https:\/\/www.1055.fr\/epinal\/contenu\/uploads\/2025\/06\/Petite-banniere_900x160.jpg\" alt=\"\" class=\"wp-image-10332\" srcset=\"https:\/\/www.1055.fr\/epinal\/contenu\/uploads\/2025\/06\/Petite-banniere_900x160.jpg 900w, https:\/\/www.1055.fr\/epinal\/contenu\/uploads\/2025\/06\/Petite-banniere_900x160-300x53.jpg 300w, https:\/\/www.1055.fr\/epinal\/contenu\/uploads\/2025\/06\/Petite-banniere_900x160-768x137.jpg 768w, https:\/\/www.1055.fr\/epinal\/contenu\/uploads\/2025\/06\/Petite-banniere_900x160-24x4.jpg 24w, https:\/\/www.1055.fr\/epinal\/contenu\/uploads\/2025\/06\/Petite-banniere_900x160-36x6.jpg 36w, https:\/\/www.1055.fr\/epinal\/contenu\/uploads\/2025\/06\/Petite-banniere_900x160-48x9.jpg 48w\" sizes=\"auto, (max-width: 767px) 89vw, (max-width: 1000px) 54vw, (max-width: 1071px) 543px, 580px\" \/><\/figure>\n<\/div>\n<\/div>\n\n\n\n<p><\/p>\n","protected":false},"excerpt":{"rendered":"<p>D\u00e9couvrez nos cibles de fl\u00e9chettes connect\u00e9es au 10.55 ! Le vrai jeu des fl\u00e9chettes, les vraies sensation, avec une touche de modernit\u00e9 ! <\/p>\n","protected":false},"author":10,"featured_media":10338,"parent":221,"menu_order":0,"comment_status":"closed","ping_status":"closed","template":"page-activite.php","meta":{"_acf_changed":false,"footnotes":""},"class_list":["post-9800","page","type-page","status-publish","has-post-thumbnail","hentry"],"acf":[],"yoast_head":"<!-- This site is optimized with the Yoast SEO plugin v25.9 - https:\/\/yoast.com\/wordpress\/plugins\/seo\/ -->\n<title>Fl\u00e9chettes \u00e0 Epinal, bar \u00e0 fl\u00e9chettes | Le 10\u00b755<\/title>\n<meta name=\"description\" content=\"Jeux de fl\u00e9chette dans les Vosges, au 10\u00b755 de Epinal : complexe multi-loisirs Indoor, bar lounge et bi\u00e8res artisanales\" \/>\n<meta name=\"robots\" content=\"index, follow, max-snippet:-1, max-image-preview:large, max-video-preview:-1\" \/>\n<link rel=\"canonical\" href=\"https:\/\/www.1055.fr\/epinal\/activites\/flechette-epinal\/\" \/>\n<meta property=\"og:locale\" content=\"fr_FR\" \/>\n<meta property=\"og:type\" content=\"article\" \/>\n<meta property=\"og:title\" content=\"Fl\u00e9chettes \u00e0 Epinal, bar \u00e0 fl\u00e9chettes | Le 10\u00b755\" \/>\n<meta property=\"og:description\" content=\"Jeux de fl\u00e9chette dans les Vosges, au 10\u00b755 de Epinal : complexe multi-loisirs Indoor, bar lounge et bi\u00e8res artisanales\" \/>\n<meta property=\"og:url\" content=\"https:\/\/www.1055.fr\/epinal\/activites\/flechette-epinal\/\" \/>\n<meta property=\"og:site_name\" content=\"1055 Epinal\" \/>\n<meta property=\"article:modified_time\" content=\"2025-10-15T09:48:55+00:00\" \/>\n<meta property=\"og:image\" content=\"https:\/\/www.1055.fr\/epinal\/contenu\/uploads\/2025\/06\/banniere-flechete.png\" \/>\n\t<meta property=\"og:image:width\" content=\"1800\" \/>\n\t<meta property=\"og:image:height\" content=\"360\" \/>\n\t<meta property=\"og:image:type\" content=\"image\/png\" \/>\n<meta name=\"twitter:card\" content=\"summary_large_image\" \/>\n<meta name=\"twitter:label1\" content=\"Dur\u00e9e de lecture estim\u00e9e\" \/>\n\t<meta name=\"twitter:data1\" content=\"4 minutes\" \/>\n<script type=\"application\/ld+json\" class=\"yoast-schema-graph\">{\"@context\":\"https:\/\/schema.org\",\"@graph\":[{\"@type\":\"WebPage\",\"@id\":\"https:\/\/www.1055.fr\/epinal\/activites\/flechette-epinal\/\",\"url\":\"https:\/\/www.1055.fr\/epinal\/activites\/flechette-epinal\/\",\"name\":\"Fl\u00e9chettes \u00e0 Epinal, bar \u00e0 fl\u00e9chettes | Le 10\u00b755\",\"isPartOf\":{\"@id\":\"https:\/\/www.1055.fr\/epinal\/#website\"},\"primaryImageOfPage\":{\"@id\":\"https:\/\/www.1055.fr\/epinal\/activites\/flechette-epinal\/#primaryimage\"},\"image\":{\"@id\":\"https:\/\/www.1055.fr\/epinal\/activites\/flechette-epinal\/#primaryimage\"},\"thumbnailUrl\":\"https:\/\/www.1055.fr\/epinal\/contenu\/uploads\/2025\/06\/banniere-flechete.png\",\"datePublished\":\"2024-03-25T13:27:03+00:00\",\"dateModified\":\"2025-10-15T09:48:55+00:00\",\"description\":\"Jeux de fl\u00e9chette dans les Vosges, au 10\u00b755 de Epinal : complexe multi-loisirs Indoor, bar lounge et bi\u00e8res artisanales\",\"breadcrumb\":{\"@id\":\"https:\/\/www.1055.fr\/epinal\/activites\/flechette-epinal\/#breadcrumb\"},\"inLanguage\":\"fr-FR\",\"potentialAction\":[{\"@type\":\"ReadAction\",\"target\":[\"https:\/\/www.1055.fr\/epinal\/activites\/flechette-epinal\/\"]}]},{\"@type\":\"ImageObject\",\"inLanguage\":\"fr-FR\",\"@id\":\"https:\/\/www.1055.fr\/epinal\/activites\/flechette-epinal\/#primaryimage\",\"url\":\"https:\/\/www.1055.fr\/epinal\/contenu\/uploads\/2025\/06\/banniere-flechete.png\",\"contentUrl\":\"https:\/\/www.1055.fr\/epinal\/contenu\/uploads\/2025\/06\/banniere-flechete.png\",\"width\":1800,\"height\":360},{\"@type\":\"BreadcrumbList\",\"@id\":\"https:\/\/www.1055.fr\/epinal\/activites\/flechette-epinal\/#breadcrumb\",\"itemListElement\":[{\"@type\":\"ListItem\",\"position\":1,\"name\":\"Home\",\"item\":\"https:\/\/www.1055.fr\/epinal\/\"},{\"@type\":\"ListItem\",\"position\":2,\"name\":\"Activit\u00e9s\",\"item\":\"https:\/\/www.1055.fr\/epinal\/activites\/\"},{\"@type\":\"ListItem\",\"position\":3,\"name\":\"Fl\u00e9chettes\"}]},{\"@type\":\"WebSite\",\"@id\":\"https:\/\/www.1055.fr\/epinal\/#website\",\"url\":\"https:\/\/www.1055.fr\/epinal\/\",\"name\":\"1055 Epinal\",\"description\":\"\",\"potentialAction\":[{\"@type\":\"SearchAction\",\"target\":{\"@type\":\"EntryPoint\",\"urlTemplate\":\"https:\/\/www.1055.fr\/epinal\/?s={search_term_string}\"},\"query-input\":{\"@type\":\"PropertyValueSpecification\",\"valueRequired\":true,\"valueName\":\"search_term_string\"}}],\"inLanguage\":\"fr-FR\"}]}<\/script>\n<!-- \/ Yoast SEO plugin. -->","yoast_head_json":{"title":"Fl\u00e9chettes \u00e0 Epinal, bar \u00e0 fl\u00e9chettes | Le 10\u00b755","description":"Jeux de fl\u00e9chette dans les Vosges, au 10\u00b755 de Epinal : complexe multi-loisirs Indoor, bar lounge et bi\u00e8res artisanales","robots":{"index":"index","follow":"follow","max-snippet":"max-snippet:-1","max-image-preview":"max-image-preview:large","max-video-preview":"max-video-preview:-1"},"canonical":"https:\/\/www.1055.fr\/epinal\/activites\/flechette-epinal\/","og_locale":"fr_FR","og_type":"article","og_title":"Fl\u00e9chettes \u00e0 Epinal, bar \u00e0 fl\u00e9chettes | Le 10\u00b755","og_description":"Jeux de fl\u00e9chette dans les Vosges, au 10\u00b755 de Epinal : complexe multi-loisirs Indoor, bar lounge et bi\u00e8res artisanales","og_url":"https:\/\/www.1055.fr\/epinal\/activites\/flechette-epinal\/","og_site_name":"1055 Epinal","article_modified_time":"2025-10-15T09:48:55+00:00","og_image":[{"width":1800,"height":360,"url":"https:\/\/www.1055.fr\/epinal\/contenu\/uploads\/2025\/06\/banniere-flechete.png","type":"image\/png"}],"twitter_card":"summary_large_image","twitter_misc":{"Dur\u00e9e de lecture estim\u00e9e":"4 minutes"},"schema":{"@context":"https:\/\/schema.org","@graph":[{"@type":"WebPage","@id":"https:\/\/www.1055.fr\/epinal\/activites\/flechette-epinal\/","url":"https:\/\/www.1055.fr\/epinal\/activites\/flechette-epinal\/","name":"Fl\u00e9chettes \u00e0 Epinal, bar \u00e0 fl\u00e9chettes | Le 10\u00b755","isPartOf":{"@id":"https:\/\/www.1055.fr\/epinal\/#website"},"primaryImageOfPage":{"@id":"https:\/\/www.1055.fr\/epinal\/activites\/flechette-epinal\/#primaryimage"},"image":{"@id":"https:\/\/www.1055.fr\/epinal\/activites\/flechette-epinal\/#primaryimage"},"thumbnailUrl":"https:\/\/www.1055.fr\/epinal\/contenu\/uploads\/2025\/06\/banniere-flechete.png","datePublished":"2024-03-25T13:27:03+00:00","dateModified":"2025-10-15T09:48:55+00:00","description":"Jeux de fl\u00e9chette dans les Vosges, au 10\u00b755 de Epinal : complexe multi-loisirs Indoor, bar lounge et bi\u00e8res artisanales","breadcrumb":{"@id":"https:\/\/www.1055.fr\/epinal\/activites\/flechette-epinal\/#breadcrumb"},"inLanguage":"fr-FR","potentialAction":[{"@type":"ReadAction","target":["https:\/\/www.1055.fr\/epinal\/activites\/flechette-epinal\/"]}]},{"@type":"ImageObject","inLanguage":"fr-FR","@id":"https:\/\/www.1055.fr\/epinal\/activites\/flechette-epinal\/#primaryimage","url":"https:\/\/www.1055.fr\/epinal\/contenu\/uploads\/2025\/06\/banniere-flechete.png","contentUrl":"https:\/\/www.1055.fr\/epinal\/contenu\/uploads\/2025\/06\/banniere-flechete.png","width":1800,"height":360},{"@type":"BreadcrumbList","@id":"https:\/\/www.1055.fr\/epinal\/activites\/flechette-epinal\/#breadcrumb","itemListElement":[{"@type":"ListItem","position":1,"name":"Home","item":"https:\/\/www.1055.fr\/epinal\/"},{"@type":"ListItem","position":2,"name":"Activit\u00e9s","item":"https:\/\/www.1055.fr\/epinal\/activites\/"},{"@type":"ListItem","position":3,"name":"Fl\u00e9chettes"}]},{"@type":"WebSite","@id":"https:\/\/www.1055.fr\/epinal\/#website","url":"https:\/\/www.1055.fr\/epinal\/","name":"1055 Epinal","description":"","potentialAction":[{"@type":"SearchAction","target":{"@type":"EntryPoint","urlTemplate":"https:\/\/www.1055.fr\/epinal\/?s={search_term_string}"},"query-input":{"@type":"PropertyValueSpecification","valueRequired":true,"valueName":"search_term_string"}}],"inLanguage":"fr-FR"}]}},"_links":{"self":[{"href":"https:\/\/www.1055.fr\/epinal\/wp-json\/wp\/v2\/pages\/9800","targetHints":{"allow":["GET"]}}],"collection":[{"href":"https:\/\/www.1055.fr\/epinal\/wp-json\/wp\/v2\/pages"}],"about":[{"href":"https:\/\/www.1055.fr\/epinal\/wp-json\/wp\/v2\/types\/page"}],"author":[{"embeddable":true,"href":"https:\/\/www.1055.fr\/epinal\/wp-json\/wp\/v2\/users\/10"}],"replies":[{"embeddable":true,"href":"https:\/\/www.1055.fr\/epinal\/wp-json\/wp\/v2\/comments?post=9800"}],"version-history":[{"count":2,"href":"https:\/\/www.1055.fr\/epinal\/wp-json\/wp\/v2\/pages\/9800\/revisions"}],"predecessor-version":[{"id":10744,"href":"https:\/\/www.1055.fr\/epinal\/wp-json\/wp\/v2\/pages\/9800\/revisions\/10744"}],"up":[{"embeddable":true,"href":"https:\/\/www.1055.fr\/epinal\/wp-json\/wp\/v2\/pages\/221"}],"wp:featuredmedia":[{"embeddable":true,"href":"https:\/\/www.1055.fr\/epinal\/wp-json\/wp\/v2\/media\/10338"}],"wp:attachment":[{"href":"https:\/\/www.1055.fr\/epinal\/wp-json\/wp\/v2\/media?parent=9800"}],"curies":[{"name":"wp","href":"https:\/\/api.w.org\/{rel}","templated":true}]}}