{"id":9794,"date":"2024-03-25T14:15:16","date_gmt":"2024-03-25T13:15:16","guid":{"rendered":"https:\/\/www.1055.fr\/chalon\/?page_id=9794"},"modified":"2025-10-17T15:10:50","modified_gmt":"2025-10-17T13:10:50","slug":"explorez-le-quizz-epinal","status":"publish","type":"page","link":"https:\/\/www.1055.fr\/epinal\/activites\/explorez-le-quizz-epinal\/","title":{"rendered":"Salles de Quizz"},"content":{"rendered":"\n<h2 class=\"wp-block-heading\">Salles de Quizz \u00e0 Epinal : un jeu TV grandeur nature !<\/h2>\n\n\n\n<figure class=\"wp-block-embed is-type-video is-provider-youtube wp-block-embed-youtube wp-embed-aspect-16-9 wp-has-aspect-ratio\"><div class=\"wp-block-embed__wrapper\">\n<iframe loading=\"lazy\" title=\"Salles de Quizz 10\u00b755\" width=\"525\" height=\"295\" src=\"https:\/\/www.youtube.com\/embed\/OUhzhqt4KCA?feature=oembed\" frameborder=\"0\" allow=\"accelerometer; autoplay; clipboard-write; encrypted-media; gyroscope; picture-in-picture; web-share\" referrerpolicy=\"strict-origin-when-cross-origin\" allowfullscreen><\/iframe>\n<\/div><\/figure>\n\n\n\n<p>Plongez dans une aventure de connaissances et de d\u00e9fis excitants avec le Quizz du 10.55, une nouvelle activit\u00e9 captivante \u00e0 d\u00e9couvrir dans notre \u00e9tablissement de Loisirs \u00e0 Epinal dans les Vosges. <strong>Avec trois salles d\u00e9di\u00e9es<\/strong>, chacune \u00e9quip\u00e9e de six pupitres, pouvant accueillir jusqu&rsquo;\u00e0 12 participants par salle (2 personnes par pupitre), le Quizz du 10.55 promet des moments de plaisir et de comp\u00e9tition m\u00e9morables.<\/p>\n\n\n\n<h3 class=\"wp-block-heading\">Une exp\u00e9rience de jeu unique \u00e0 Epinal<\/h3>\n\n\n\n<p><strong>D\u00e9fiez vos amis, votre famille ou vos coll\u00e8gues dans une comp\u00e9tition amusante o\u00f9 chaque question compte<\/strong>. Testez vos connaissances dans divers domaines, des \u00e9nigmes g\u00e9n\u00e9rales aux th\u00e8mes sp\u00e9cifiques, et voyez qui gagne ! <strong>Dans nos salles \u00e9quip\u00e9es de pupitres et de buzzer<\/strong>, laissez-vous guider par l&rsquo;animateur virtuel qui saura mettre l&rsquo;ambiance dans votre salle de QUIZZ <strong>pendant pr\u00e8s de 45 minutes<\/strong> ! <\/p>\n\n\n\n<h3 class=\"wp-block-heading\">Quizz : L&rsquo;Activit\u00e9 Parfaite pour Renforcer les Liens<\/h3>\n\n\n\n<p>Le Quizz du 10.55 n&rsquo;est pas seulement une activit\u00e9 ludique, <strong>c&rsquo;est aussi une excellente occasion de renforcer les liens et de favoriser l&rsquo;esprit d&rsquo;\u00e9quipe<\/strong>. Rassemblez-vous pour r\u00e9soudre des \u00e9nigmes, partager des anecdotes et c\u00e9l\u00e9brer les r\u00e9ussites collectives. Que ce soit pour une sortie entre amis ou une s\u00e9ance de team building, le Quizz du 10.55 est une exp\u00e9rience inoubliable pour tout le monde. <\/p>\n\n\n\n<figure class=\"wp-block-embed is-type-video is-provider-youtube wp-block-embed-youtube wp-embed-aspect-16-9 wp-has-aspect-ratio\"><div class=\"wp-block-embed__wrapper\">\n<iframe loading=\"lazy\" title=\"Salles de Quizz au 10\u00b755 de Chalon-sur-Sa\u00f4ne\" width=\"525\" height=\"295\" src=\"https:\/\/www.youtube.com\/embed\/g_-PQseCmaM?feature=oembed\" frameborder=\"0\" allow=\"accelerometer; autoplay; clipboard-write; encrypted-media; gyroscope; picture-in-picture; web-share\" referrerpolicy=\"strict-origin-when-cross-origin\" allowfullscreen><\/iframe>\n<\/div><figcaption class=\"wp-element-caption\">Vid\u00e9os tourn\u00e9es au 10\u00b755 de <a href=\"https:\/\/www.1055.fr\/chalon\/\">Chalon-sur-Sa\u00f4ne<\/a><\/figcaption><\/figure>\n\n\n\n<hr class=\"wp-block-separator has-alpha-channel-opacity\"\/>\n\n\n\n<div class=\"wp-block-columns is-not-stacked-on-mobile is-layout-flex wp-container-core-columns-is-layout-9d6595d7 wp-block-columns-is-layout-flex\">\n<div class=\"wp-block-column is-layout-flow wp-block-column-is-layout-flow\">\n<h4 class=\"wp-block-heading\"><a href=\"https:\/\/www.1055.fr\/epinal\/activites\/karaoke-a-chalon-sur-saone-2-salles-de-karaoke-disponibles-au-10-55\/\">\u2197 Salles de Karaok\u00e9<\/a><\/h4>\n\n\n\n<p>Vous aimerez s\u00fbrement aussi nos salles de karaok\u00e9 !!!<\/p>\n\n\n\n<figure class=\"wp-block-image size-full\"><img loading=\"lazy\" decoding=\"async\" width=\"900\" height=\"160\" src=\"https:\/\/www.1055.fr\/epinal\/contenu\/uploads\/2025\/06\/PETITE-BANNIERE.png\" alt=\"\" class=\"wp-image-10313\" srcset=\"https:\/\/www.1055.fr\/epinal\/contenu\/uploads\/2025\/06\/PETITE-BANNIERE.png 900w, https:\/\/www.1055.fr\/epinal\/contenu\/uploads\/2025\/06\/PETITE-BANNIERE-300x53.png 300w, https:\/\/www.1055.fr\/epinal\/contenu\/uploads\/2025\/06\/PETITE-BANNIERE-768x137.png 768w, https:\/\/www.1055.fr\/epinal\/contenu\/uploads\/2025\/06\/PETITE-BANNIERE-24x4.png 24w, https:\/\/www.1055.fr\/epinal\/contenu\/uploads\/2025\/06\/PETITE-BANNIERE-36x6.png 36w, https:\/\/www.1055.fr\/epinal\/contenu\/uploads\/2025\/06\/PETITE-BANNIERE-48x9.png 48w\" sizes=\"auto, (max-width: 767px) 89vw, (max-width: 1000px) 54vw, (max-width: 1071px) 543px, 580px\" \/><\/figure>\n<\/div>\n\n\n\n<div class=\"wp-block-column is-layout-flow wp-block-column-is-layout-flow\">\n<h4 class=\"wp-block-heading\"><a href=\"https:\/\/www.1055.fr\/epinal\/offres-tarifs-promotions-1055-chalon\/offres-avantages-promos-bowling-chalon\/\">\u2197 La carte 10\u00b755<\/a><\/h4>\n\n\n\n<p>Maitrisez votre budget gr\u00e2ce \u00e0 la carte 10\u00b755 gratuite &amp; facile <\/p>\n\n\n\n<figure class=\"wp-block-image size-full\"><img loading=\"lazy\" decoding=\"async\" width=\"900\" height=\"160\" src=\"https:\/\/www.1055.fr\/epinal\/contenu\/uploads\/2025\/06\/CARTE-10-55-petite-banniere-900x160-1.jpg\" alt=\"\" class=\"wp-image-10276\" srcset=\"https:\/\/www.1055.fr\/epinal\/contenu\/uploads\/2025\/06\/CARTE-10-55-petite-banniere-900x160-1.jpg 900w, https:\/\/www.1055.fr\/epinal\/contenu\/uploads\/2025\/06\/CARTE-10-55-petite-banniere-900x160-1-300x53.jpg 300w, https:\/\/www.1055.fr\/epinal\/contenu\/uploads\/2025\/06\/CARTE-10-55-petite-banniere-900x160-1-768x137.jpg 768w, https:\/\/www.1055.fr\/epinal\/contenu\/uploads\/2025\/06\/CARTE-10-55-petite-banniere-900x160-1-24x4.jpg 24w, https:\/\/www.1055.fr\/epinal\/contenu\/uploads\/2025\/06\/CARTE-10-55-petite-banniere-900x160-1-36x6.jpg 36w, https:\/\/www.1055.fr\/epinal\/contenu\/uploads\/2025\/06\/CARTE-10-55-petite-banniere-900x160-1-48x9.jpg 48w\" sizes=\"auto, (max-width: 767px) 89vw, (max-width: 1000px) 54vw, (max-width: 1071px) 543px, 580px\" \/><\/figure>\n<\/div>\n<\/div>\n\n\n\n<p><\/p>\n","protected":false},"excerpt":{"rendered":"<p>Qui parmi vos amis, votre famille ou vos coll\u00e8gues r\u00e9pondra au plus juste \u00e0 nos questions ? <\/p>\n","protected":false},"author":10,"featured_media":10370,"parent":221,"menu_order":0,"comment_status":"closed","ping_status":"closed","template":"page-activite.php","meta":{"_acf_changed":false,"footnotes":""},"class_list":["post-9794","page","type-page","status-publish","has-post-thumbnail","hentry"],"acf":[],"yoast_head":"<!-- This site is optimized with the Yoast SEO plugin v25.9 - https:\/\/yoast.com\/wordpress\/plugins\/seo\/ -->\n<title>Salles de Quizz au 10.55 \u00e0 Epinal<\/title>\n<meta name=\"description\" content=\"Affrontez vos proches dans nos 2 salles de quiz immersives au 10\u00b755 de Epinal, dans les Vosges ! Une activit\u00e9 fun et interactive, parfaite pour amis, familles ou team building.\" \/>\n<meta name=\"robots\" content=\"index, follow, max-snippet:-1, max-image-preview:large, max-video-preview:-1\" \/>\n<link rel=\"canonical\" href=\"https:\/\/www.1055.fr\/epinal\/activites\/explorez-le-quizz-epinal\/\" \/>\n<meta property=\"og:locale\" content=\"fr_FR\" \/>\n<meta property=\"og:type\" content=\"article\" \/>\n<meta property=\"og:title\" content=\"Salles de Quizz au 10.55 \u00e0 Epinal\" \/>\n<meta property=\"og:description\" content=\"Affrontez vos proches dans nos 2 salles de quiz immersives au 10\u00b755 de Epinal, dans les Vosges ! Une activit\u00e9 fun et interactive, parfaite pour amis, familles ou team building.\" \/>\n<meta property=\"og:url\" content=\"https:\/\/www.1055.fr\/epinal\/activites\/explorez-le-quizz-epinal\/\" \/>\n<meta property=\"og:site_name\" content=\"1055 Epinal\" \/>\n<meta property=\"article:modified_time\" content=\"2025-10-17T13:10:50+00:00\" \/>\n<meta property=\"og:image\" content=\"https:\/\/www.1055.fr\/epinal\/contenu\/uploads\/2025\/06\/banniere-quizz.png\" \/>\n\t<meta property=\"og:image:width\" content=\"1800\" \/>\n\t<meta property=\"og:image:height\" content=\"360\" \/>\n\t<meta property=\"og:image:type\" content=\"image\/png\" \/>\n<meta name=\"twitter:card\" content=\"summary_large_image\" \/>\n<meta name=\"twitter:label1\" content=\"Dur\u00e9e de lecture estim\u00e9e\" \/>\n\t<meta name=\"twitter:data1\" content=\"2 minutes\" \/>\n<script type=\"application\/ld+json\" class=\"yoast-schema-graph\">{\"@context\":\"https:\/\/schema.org\",\"@graph\":[{\"@type\":\"WebPage\",\"@id\":\"https:\/\/www.1055.fr\/epinal\/activites\/explorez-le-quizz-epinal\/\",\"url\":\"https:\/\/www.1055.fr\/epinal\/activites\/explorez-le-quizz-epinal\/\",\"name\":\"Salles de Quizz au 10.55 \u00e0 Epinal\",\"isPartOf\":{\"@id\":\"https:\/\/www.1055.fr\/epinal\/#website\"},\"primaryImageOfPage\":{\"@id\":\"https:\/\/www.1055.fr\/epinal\/activites\/explorez-le-quizz-epinal\/#primaryimage\"},\"image\":{\"@id\":\"https:\/\/www.1055.fr\/epinal\/activites\/explorez-le-quizz-epinal\/#primaryimage\"},\"thumbnailUrl\":\"https:\/\/www.1055.fr\/epinal\/contenu\/uploads\/2025\/06\/banniere-quizz.png\",\"datePublished\":\"2024-03-25T13:15:16+00:00\",\"dateModified\":\"2025-10-17T13:10:50+00:00\",\"description\":\"Affrontez vos proches dans nos 2 salles de quiz immersives au 10\u00b755 de Epinal, dans les Vosges ! Une activit\u00e9 fun et interactive, parfaite pour amis, familles ou team building.\",\"breadcrumb\":{\"@id\":\"https:\/\/www.1055.fr\/epinal\/activites\/explorez-le-quizz-epinal\/#breadcrumb\"},\"inLanguage\":\"fr-FR\",\"potentialAction\":[{\"@type\":\"ReadAction\",\"target\":[\"https:\/\/www.1055.fr\/epinal\/activites\/explorez-le-quizz-epinal\/\"]}]},{\"@type\":\"ImageObject\",\"inLanguage\":\"fr-FR\",\"@id\":\"https:\/\/www.1055.fr\/epinal\/activites\/explorez-le-quizz-epinal\/#primaryimage\",\"url\":\"https:\/\/www.1055.fr\/epinal\/contenu\/uploads\/2025\/06\/banniere-quizz.png\",\"contentUrl\":\"https:\/\/www.1055.fr\/epinal\/contenu\/uploads\/2025\/06\/banniere-quizz.png\",\"width\":1800,\"height\":360},{\"@type\":\"BreadcrumbList\",\"@id\":\"https:\/\/www.1055.fr\/epinal\/activites\/explorez-le-quizz-epinal\/#breadcrumb\",\"itemListElement\":[{\"@type\":\"ListItem\",\"position\":1,\"name\":\"Home\",\"item\":\"https:\/\/www.1055.fr\/epinal\/\"},{\"@type\":\"ListItem\",\"position\":2,\"name\":\"Activit\u00e9s\",\"item\":\"https:\/\/www.1055.fr\/epinal\/activites\/\"},{\"@type\":\"ListItem\",\"position\":3,\"name\":\"Salles de Quizz\"}]},{\"@type\":\"WebSite\",\"@id\":\"https:\/\/www.1055.fr\/epinal\/#website\",\"url\":\"https:\/\/www.1055.fr\/epinal\/\",\"name\":\"1055 Epinal\",\"description\":\"\",\"potentialAction\":[{\"@type\":\"SearchAction\",\"target\":{\"@type\":\"EntryPoint\",\"urlTemplate\":\"https:\/\/www.1055.fr\/epinal\/?s={search_term_string}\"},\"query-input\":{\"@type\":\"PropertyValueSpecification\",\"valueRequired\":true,\"valueName\":\"search_term_string\"}}],\"inLanguage\":\"fr-FR\"}]}<\/script>\n<!-- \/ Yoast SEO plugin. -->","yoast_head_json":{"title":"Salles de Quizz au 10.55 \u00e0 Epinal","description":"Affrontez vos proches dans nos 2 salles de quiz immersives au 10\u00b755 de Epinal, dans les Vosges ! Une activit\u00e9 fun et interactive, parfaite pour amis, familles ou team building.","robots":{"index":"index","follow":"follow","max-snippet":"max-snippet:-1","max-image-preview":"max-image-preview:large","max-video-preview":"max-video-preview:-1"},"canonical":"https:\/\/www.1055.fr\/epinal\/activites\/explorez-le-quizz-epinal\/","og_locale":"fr_FR","og_type":"article","og_title":"Salles de Quizz au 10.55 \u00e0 Epinal","og_description":"Affrontez vos proches dans nos 2 salles de quiz immersives au 10\u00b755 de Epinal, dans les Vosges ! Une activit\u00e9 fun et interactive, parfaite pour amis, familles ou team building.","og_url":"https:\/\/www.1055.fr\/epinal\/activites\/explorez-le-quizz-epinal\/","og_site_name":"1055 Epinal","article_modified_time":"2025-10-17T13:10:50+00:00","og_image":[{"width":1800,"height":360,"url":"https:\/\/www.1055.fr\/epinal\/contenu\/uploads\/2025\/06\/banniere-quizz.png","type":"image\/png"}],"twitter_card":"summary_large_image","twitter_misc":{"Dur\u00e9e de lecture estim\u00e9e":"2 minutes"},"schema":{"@context":"https:\/\/schema.org","@graph":[{"@type":"WebPage","@id":"https:\/\/www.1055.fr\/epinal\/activites\/explorez-le-quizz-epinal\/","url":"https:\/\/www.1055.fr\/epinal\/activites\/explorez-le-quizz-epinal\/","name":"Salles de Quizz au 10.55 \u00e0 Epinal","isPartOf":{"@id":"https:\/\/www.1055.fr\/epinal\/#website"},"primaryImageOfPage":{"@id":"https:\/\/www.1055.fr\/epinal\/activites\/explorez-le-quizz-epinal\/#primaryimage"},"image":{"@id":"https:\/\/www.1055.fr\/epinal\/activites\/explorez-le-quizz-epinal\/#primaryimage"},"thumbnailUrl":"https:\/\/www.1055.fr\/epinal\/contenu\/uploads\/2025\/06\/banniere-quizz.png","datePublished":"2024-03-25T13:15:16+00:00","dateModified":"2025-10-17T13:10:50+00:00","description":"Affrontez vos proches dans nos 2 salles de quiz immersives au 10\u00b755 de Epinal, dans les Vosges ! Une activit\u00e9 fun et interactive, parfaite pour amis, familles ou team building.","breadcrumb":{"@id":"https:\/\/www.1055.fr\/epinal\/activites\/explorez-le-quizz-epinal\/#breadcrumb"},"inLanguage":"fr-FR","potentialAction":[{"@type":"ReadAction","target":["https:\/\/www.1055.fr\/epinal\/activites\/explorez-le-quizz-epinal\/"]}]},{"@type":"ImageObject","inLanguage":"fr-FR","@id":"https:\/\/www.1055.fr\/epinal\/activites\/explorez-le-quizz-epinal\/#primaryimage","url":"https:\/\/www.1055.fr\/epinal\/contenu\/uploads\/2025\/06\/banniere-quizz.png","contentUrl":"https:\/\/www.1055.fr\/epinal\/contenu\/uploads\/2025\/06\/banniere-quizz.png","width":1800,"height":360},{"@type":"BreadcrumbList","@id":"https:\/\/www.1055.fr\/epinal\/activites\/explorez-le-quizz-epinal\/#breadcrumb","itemListElement":[{"@type":"ListItem","position":1,"name":"Home","item":"https:\/\/www.1055.fr\/epinal\/"},{"@type":"ListItem","position":2,"name":"Activit\u00e9s","item":"https:\/\/www.1055.fr\/epinal\/activites\/"},{"@type":"ListItem","position":3,"name":"Salles de Quizz"}]},{"@type":"WebSite","@id":"https:\/\/www.1055.fr\/epinal\/#website","url":"https:\/\/www.1055.fr\/epinal\/","name":"1055 Epinal","description":"","potentialAction":[{"@type":"SearchAction","target":{"@type":"EntryPoint","urlTemplate":"https:\/\/www.1055.fr\/epinal\/?s={search_term_string}"},"query-input":{"@type":"PropertyValueSpecification","valueRequired":true,"valueName":"search_term_string"}}],"inLanguage":"fr-FR"}]}},"_links":{"self":[{"href":"https:\/\/www.1055.fr\/epinal\/wp-json\/wp\/v2\/pages\/9794","targetHints":{"allow":["GET"]}}],"collection":[{"href":"https:\/\/www.1055.fr\/epinal\/wp-json\/wp\/v2\/pages"}],"about":[{"href":"https:\/\/www.1055.fr\/epinal\/wp-json\/wp\/v2\/types\/page"}],"author":[{"embeddable":true,"href":"https:\/\/www.1055.fr\/epinal\/wp-json\/wp\/v2\/users\/10"}],"replies":[{"embeddable":true,"href":"https:\/\/www.1055.fr\/epinal\/wp-json\/wp\/v2\/comments?post=9794"}],"version-history":[{"count":2,"href":"https:\/\/www.1055.fr\/epinal\/wp-json\/wp\/v2\/pages\/9794\/revisions"}],"predecessor-version":[{"id":10762,"href":"https:\/\/www.1055.fr\/epinal\/wp-json\/wp\/v2\/pages\/9794\/revisions\/10762"}],"up":[{"embeddable":true,"href":"https:\/\/www.1055.fr\/epinal\/wp-json\/wp\/v2\/pages\/221"}],"wp:featuredmedia":[{"embeddable":true,"href":"https:\/\/www.1055.fr\/epinal\/wp-json\/wp\/v2\/media\/10370"}],"wp:attachment":[{"href":"https:\/\/www.1055.fr\/epinal\/wp-json\/wp\/v2\/media?parent=9794"}],"curies":[{"name":"wp","href":"https:\/\/api.w.org\/{rel}","templated":true}]}}