{"id":901,"date":"2018-10-22T10:57:35","date_gmt":"2018-10-22T08:57:35","guid":{"rendered":"\/chalon\/?page_id=901"},"modified":"2018-10-22T10:57:35","modified_gmt":"2018-10-22T08:57:35","slug":"conditions-generales-de-vente","status":"publish","type":"page","link":"https:\/\/www.1055.fr\/epinal\/conditions-generales-de-vente\/","title":{"rendered":"Conditions g\u00e9n\u00e9rales de vente"},"content":{"rendered":"<h1>CONDITIONS GENERALES DE VENTE<\/h1>\n<h2>1 &#8211; CONTEXTE DES CGV<\/h2>\n<h3>A\/ PREAMBULE<\/h3>\n<p>Les pr\u00e9sentes conditions g\u00e9n\u00e9rales de vente d\u00e9finissent les droits et obligations des parties dans le cadre des r\u00e9servations effectu\u00e9es via le site www.1055.fr. Elles r\u00e8glent toutes les \u00e9tapes n\u00e9cessaires \u00e0 la r\u00e9servation, et le paiement des activit\u00e9s.<\/p>\n<p>Le 1055 se r\u00e9serve la possibilit\u00e9 d\u2019adapter ou de modifier \u00e0 tout moment les pr\u00e9sentes conditions g\u00e9n\u00e9rales de vente. En cas de modification, seront appliqu\u00e9es \u00e0 chaque r\u00e9servation les conditions g\u00e9n\u00e9rales de vente en vigueur au jour du paiement en ligne.<\/p>\n<h3>B\/ IDENTIFICATION DU VENDEUR<\/h3>\n<p>Urban Loisirs SARL au capital de 50 000\u20ac, dont le si\u00e8ge social est situ\u00e9 au 1055 rue de la Li\u00e8me 39570 PERRIGNY &#8211;\u00a0 Siret : 524 502 911 00018 &#8211; APE: 9311 Z &#8211; N\u00b0 de TVA intracommunautaire : FR62 52 45 02 911<\/p>\n<h2>2 &#8211;\u00a0 APPLICATION DES CONDITIONS G\u00c9N\u00c9RALES DE VENTE<\/h2>\n<p>Le client d\u00e9clare avoir pris connaissance et accept\u00e9 les pr\u00e9sentes conditions g\u00e9n\u00e9rales de vente avant le passage de sa commande. La validation de la commande par le client vaut acceptation de l&rsquo;int\u00e9gralit\u00e9 des pr\u00e9sentes conditions g\u00e9n\u00e9rales par le client. Les pr\u00e9sentes conditions s&rsquo;adressent \u00e0 un consommateur qui dispose de sa pleine capacit\u00e9 juridique. Ces conditions s&rsquo;appliquent \u00e0 l&rsquo;ensemble des commandes pass\u00e9es sur ce site.<\/p>\n<p>Le pr\u00e9sent document a donc pour objet de r\u00e9gir les relations contractuelles entre le client et la soci\u00e9t\u00e9\u00a0 URBAN LOISIRS SARL, ci-apr\u00e8s nomm\u00e9e \u00ab\u00a01055\u00a0\u00bb\u00a0 \u00e0 l\u2019occasion de la r\u00e9servation, l\u2019achat et la pratique des diff\u00e9rentes activit\u00e9s propos\u00e9es par le 1055.<\/p>\n<p>Il est entendu que le 1055 est le seul interlocuteur du client pour toute r\u00e9clamation relative \u00e0 l\u2019interpr\u00e9tation ou l\u2019ex\u00e9cution des pr\u00e9sentes.<\/p>\n<h2>3 &#8211;\u00a0 PRIX DES ACTIVITES<\/h2>\n<p>Les prix des activit\u00e9s sont pr\u00e9sent\u00e9s en euros toutes taxes comprises.<\/p>\n<p>Pour toute r\u00e9servation, les tarifs sont fix\u00e9s par la direction du 1055. Ils sont non n\u00e9gociables et susceptibles de subir des variations sans pr\u00e9avis.<\/p>\n<h2>4\u00a0 &#8211; CONDITIONS D&rsquo;UTILISATION DU SERVICE DE VENTE EN LIGNE<\/h2>\n<p>Dans le cadre de ce service d&rsquo;achat et de r\u00e9servation, le client peut acheter des places pour les \u00a0activit\u00e9s propos\u00e9es dans l&rsquo;\u00e9tablissement. Ce service est ouvert tous les jours, 24h\/7j.<\/p>\n<p>Le client peut donc acheter sa ou ses places dans l&rsquo;activit\u00e9(s) voulue(s) pour toutes les s\u00e9ances qui seront ouvertes \u00e0 la vente et pour lesquelles des places seront disponibles. La validation de la commande par le client entra\u00eene l&rsquo;acceptation des pr\u00e9sentes conditions g\u00e9n\u00e9rales de vente.<\/p>\n<p>Apr\u00e8s avoir v\u00e9rifi\u00e9 les sp\u00e9cificit\u00e9s de sa commande (date, heure, et nombre de personnes), le client valide sa r\u00e9servation en remplissant le formulaire de renseignements et en validant les CGV pour proc\u00e9der au paiement.<\/p>\n<h3>a. Moyen de paiement : Carte bancaire<\/h3>\n<p>Le client a la facult\u00e9 de payer par carte bancaire : VISA, MasterCard, Carte Bleue.<\/p>\n<p>Tout autre moyen de paiement n&rsquo;est pas accept\u00e9.<\/p>\n<p>Il sera demand\u00e9 au client de se munir de sa carte bancaire. Ce moyen de paiement doit \u00eatre en cours de validit\u00e9 le jour de la venue du dit client. Pour l\u2019achat d&rsquo;une entr\u00e9e \u00e0 une activit\u00e9 avec r\u00e8glement par carte bancaire, le tarif sera celui en vigueur pour la s\u00e9ance choisie avec un encaissement \u00e0 d\u00e9bit imm\u00e9diat. Le Client peut acheter autant de\u00a0 places qu&rsquo;il le souhaite par transaction (sous r\u00e9serve de disponibilit\u00e9). Le r\u00e8glement s&rsquo;effectue en euros quelle que soit l&rsquo;origine de la vente.<\/p>\n<p>La r\u00e9servation et le paiement des activit\u00e9s en ligne est un service suppl\u00e9mentaire offert par le 1055 \u00e0 ses clients. De ce fait, le paiement en ligne ne permettra pas aux clients d&rsquo;acc\u00e9der \u00e0 toutes les offres commerciales ponctuelles du 1055, aux diff\u00e9rentes r\u00e9ductions (bons gratuits, r\u00e9ductions li\u00e9es \u00e0 une association&#8230;). Pour b\u00e9n\u00e9ficier de ses diverses offres commerciales ponctuelles, le client se rendra \u00e0 l&rsquo;accueil du 1055.<\/p>\n<h3>b. S\u00e9curit\u00e9 des paiements :<\/h3>\n<p>Les transactions effectu\u00e9es sont s\u00e9curis\u00e9es. Ces donn\u00e9es ne peuvent \u00eatre ni d\u00e9tect\u00e9es, ni intercept\u00e9es, ni utilis\u00e9es par des tiers. Elles ne sont pas non plus conserv\u00e9es sur notre syst\u00e8me informatique.<\/p>\n<h3>c. Client d\u00e9tenteur de r\u00e9duction au 1055, carte avantage&#8230;.<\/h3>\n<p>Le client d\u00e9tenteur de la carte avantage du 1055 devra se pr\u00e9senter \u00e0 l&rsquo;accueil directement s&rsquo;il veut r\u00e9gler les diff\u00e9rentes activit\u00e9s avec la dite carte. La r\u00e9servation et le paiement en ligne ne prendra pas en compte ces diff\u00e9rents moyens de paiement.<\/p>\n<h2>5 &#8211; CONDITIONS SPECIFIQUES PAR ACTIVITES<\/h2>\n<p>La pr\u00e9sence du client un quart d&rsquo;heure avant toute s\u00e9ance r\u00e9serv\u00e9e est obligatoire. L&rsquo;enregistrement \u00e0 l&rsquo;accueil du 1055 est n\u00e9cessaire, tout retard de plus de 10 min annulera la r\u00e9servation et ne sera soumis \u00e0 aucun remboursement (cf 7. Remboursement)<\/p>\n<h3>A. R\u00e9glementation par activit\u00e9 :<\/h3>\n<h4>a. Activit\u00e9 de Bowling :<\/h4>\n<p>Le client r\u00e9serve pour une (ou plusieurs ) partie (s), et lib\u00e9rera la piste \u00e0 la fin de ses parties.<\/p>\n<h4>b. Laser Game<\/h4>\n<p>Le client s&rsquo;engage \u00e0 respecter les consignes de s\u00e9curit\u00e9 donn\u00e9es avant la s\u00e9ance.<\/p>\n<h4>c. Clip&rsquo;N Climb \/ Parcours Aventure<\/h4>\n<p>L\u2019ensemble des \u00e9quipements et mat\u00e9riaux install\u00e9s et utilis\u00e9s dans la salle d\u2019escalade du 1055 sont conformes aux normes de s\u00e9curit\u00e9 en vigueur. La pr\u00e9sence d&rsquo;un adulte est obligatoire pour les personnes mineures. La s\u00e9ance dure une heure.<\/p>\n<h3>B.\u00a0 Contr\u00f4le des r\u00e9servations et acc\u00e8s aux activit\u00e9s :<\/h3>\n<p>Le contr\u00f4le des r\u00e9servations sera effectu\u00e9 \u00e0 l&rsquo;accueil du 1055 sur pr\u00e9sentation par le client de l&#8217;email de validation de la r\u00e9servation envoy\u00e9 lors de la confirmation de paiement. L&#8217;email de confirmation peut \u00eatre imprim\u00e9 sur papier ou montr\u00e9 via son Smartphone.<\/p>\n<h2>6 &#8211; DELAI DE RETRACTATION<\/h2>\n<p>La loi n\u00b0 2014-344 du 17 mars 2014 relative \u00e0 la consommation (dite Loi Hamon), dispose, en son article L.121-21-8 :<\/p>\n<p>\u00ab Le droit de r\u00e9tractation ne peut \u00eatre exerc\u00e9 pour les contrats :<\/p>\n<p>(&#8230;)<\/p>\n<p>12\u00b0 De prestations de services d&rsquo;h\u00e9bergement, autres que d&rsquo;h\u00e9bergement r\u00e9sidentiel, de services de transport de biens, de locations de voitures, de restauration ou d&rsquo;activit\u00e9s de loisirs qui doivent \u00eatre fournis \u00e0 une date ou \u00e0 une p\u00e9riode d\u00e9termin\u00e9e ;<\/p>\n<p>(&#8230;)\u00a0\u00bb<\/p>\n<p>De ce fait, les clients qui r\u00e9serveront en ligne pour une activit\u00e9 de loisir et\/ou de restauration ne pourront exercer le droit de r\u00e9tractation qui est habituellement opposable au fournisseur de service, le 1055.<\/p>\n<p>Le 1055 s&rsquo;engage \u00e0 le faire apparaitre de mani\u00e8re lisible lors de la r\u00e9servation du client.<\/p>\n<h2>7 &#8211; ANNULATION ET REMBOURSEMENT DES ACTIVITES<\/h2>\n<p>Suite au pr\u00e9c\u00e9dent article ci-dessus, toute r\u00e9servation est d\u00e9finitive et ne donne lieu \u00e0 aucun remboursement.<\/p>\n<h3>A. Annulation, d\u00e9sistements, retard :<\/h3>\n<p>Tout motif d&rsquo;annulation \u00e0 l&rsquo;initiative du client ne donnera lieu \u00e0 aucun remboursement (retard, d\u00e9sistement, annulation&#8230;).<\/p>\n<p>En cas d&rsquo;annulation, le 1055 proposera \u00e0 ses clients de reporter la s\u00e9ance initialement pr\u00e9vue, exception faite des cas suivants :<\/p>\n<p>&#8211; d\u00e9c\u00e8s du client ou d&rsquo;un proche<\/p>\n<p>&#8211; accident grave entrainant l&rsquo;incapacit\u00e9 du dit client \u00e0 pratiquer l&rsquo;activit\u00e9.<\/p>\n<h3>B. Cas de force majeure :<\/h3>\n<p>Le 1055 se r\u00e9serve le droit d\u2019annuler tout acc\u00e8s aux diff\u00e9rentes activit\u00e9s si des \u00e9v\u00e8nements de force majeure ou des cas fortuits l\u2019y contraignent, tels que, et sans que cette liste ne soit exhaustive : accident, gr\u00e8ve, incendie, d\u00e9g\u00e2ts des eaux, impossibilit\u00e9 d\u2019acc\u00e8s, etc. Dans une telle hypoth\u00e8se, le 1055 ne pourra \u00eatre tenu responsable et pourra proposer \u00e0 ses clients une autre date de venue sur les activit\u00e9s.<\/p>\n","protected":false},"excerpt":{"rendered":"<p>CONDITIONS GENERALES DE VENTE 1 &#8211; CONTEXTE DES CGV A\/ PREAMBULE Les pr\u00e9sentes conditions g\u00e9n\u00e9rales de vente d\u00e9finissent les droits &hellip;<\/p>\n","protected":false},"author":10,"featured_media":0,"parent":0,"menu_order":0,"comment_status":"closed","ping_status":"closed","template":"","meta":{"_acf_changed":false,"footnotes":""},"class_list":["post-901","page","type-page","status-publish","hentry"],"acf":[],"yoast_head":"<!-- This site is optimized with the Yoast SEO plugin v25.9 - https:\/\/yoast.com\/wordpress\/plugins\/seo\/ -->\n<title>Conditions g\u00e9n\u00e9rales de vente<\/title>\n<meta name=\"robots\" content=\"noindex, nofollow\" \/>\n<meta property=\"og:locale\" content=\"fr_FR\" \/>\n<meta property=\"og:type\" content=\"article\" \/>\n<meta property=\"og:title\" content=\"Conditions g\u00e9n\u00e9rales de vente\" \/>\n<meta property=\"og:description\" content=\"CONDITIONS GENERALES DE VENTE 1 &#8211; CONTEXTE DES CGV A\/ PREAMBULE Les pr\u00e9sentes conditions g\u00e9n\u00e9rales de vente d\u00e9finissent les droits &hellip;\" \/>\n<meta property=\"og:url\" content=\"https:\/\/www.1055.fr\/epinal\/conditions-generales-de-vente\/\" \/>\n<meta property=\"og:site_name\" content=\"1055 Epinal\" \/>\n<meta name=\"twitter:card\" content=\"summary_large_image\" \/>\n<meta name=\"twitter:label1\" content=\"Dur\u00e9e de lecture estim\u00e9e\" \/>\n\t<meta name=\"twitter:data1\" content=\"6 minutes\" \/>\n<script type=\"application\/ld+json\" class=\"yoast-schema-graph\">{\"@context\":\"https:\/\/schema.org\",\"@graph\":[{\"@type\":\"WebPage\",\"@id\":\"https:\/\/www.1055.fr\/epinal\/conditions-generales-de-vente\/\",\"url\":\"https:\/\/www.1055.fr\/epinal\/conditions-generales-de-vente\/\",\"name\":\"Conditions g\u00e9n\u00e9rales de vente\",\"isPartOf\":{\"@id\":\"https:\/\/www.1055.fr\/epinal\/#website\"},\"datePublished\":\"2018-10-22T08:57:35+00:00\",\"breadcrumb\":{\"@id\":\"https:\/\/www.1055.fr\/epinal\/conditions-generales-de-vente\/#breadcrumb\"},\"inLanguage\":\"fr-FR\",\"potentialAction\":[{\"@type\":\"ReadAction\",\"target\":[\"https:\/\/www.1055.fr\/epinal\/conditions-generales-de-vente\/\"]}]},{\"@type\":\"BreadcrumbList\",\"@id\":\"https:\/\/www.1055.fr\/epinal\/conditions-generales-de-vente\/#breadcrumb\",\"itemListElement\":[{\"@type\":\"ListItem\",\"position\":1,\"name\":\"Home\",\"item\":\"https:\/\/www.1055.fr\/epinal\/\"},{\"@type\":\"ListItem\",\"position\":2,\"name\":\"Conditions g\u00e9n\u00e9rales de vente\"}]},{\"@type\":\"WebSite\",\"@id\":\"https:\/\/www.1055.fr\/epinal\/#website\",\"url\":\"https:\/\/www.1055.fr\/epinal\/\",\"name\":\"1055 Epinal\",\"description\":\"\",\"potentialAction\":[{\"@type\":\"SearchAction\",\"target\":{\"@type\":\"EntryPoint\",\"urlTemplate\":\"https:\/\/www.1055.fr\/epinal\/?s={search_term_string}\"},\"query-input\":{\"@type\":\"PropertyValueSpecification\",\"valueRequired\":true,\"valueName\":\"search_term_string\"}}],\"inLanguage\":\"fr-FR\"}]}<\/script>\n<!-- \/ Yoast SEO plugin. -->","yoast_head_json":{"title":"Conditions g\u00e9n\u00e9rales de vente","robots":{"index":"noindex","follow":"nofollow"},"og_locale":"fr_FR","og_type":"article","og_title":"Conditions g\u00e9n\u00e9rales de vente","og_description":"CONDITIONS GENERALES DE VENTE 1 &#8211; CONTEXTE DES CGV A\/ PREAMBULE Les pr\u00e9sentes conditions g\u00e9n\u00e9rales de vente d\u00e9finissent les droits &hellip;","og_url":"https:\/\/www.1055.fr\/epinal\/conditions-generales-de-vente\/","og_site_name":"1055 Epinal","twitter_card":"summary_large_image","twitter_misc":{"Dur\u00e9e de lecture estim\u00e9e":"6 minutes"},"schema":{"@context":"https:\/\/schema.org","@graph":[{"@type":"WebPage","@id":"https:\/\/www.1055.fr\/epinal\/conditions-generales-de-vente\/","url":"https:\/\/www.1055.fr\/epinal\/conditions-generales-de-vente\/","name":"Conditions g\u00e9n\u00e9rales de vente","isPartOf":{"@id":"https:\/\/www.1055.fr\/epinal\/#website"},"datePublished":"2018-10-22T08:57:35+00:00","breadcrumb":{"@id":"https:\/\/www.1055.fr\/epinal\/conditions-generales-de-vente\/#breadcrumb"},"inLanguage":"fr-FR","potentialAction":[{"@type":"ReadAction","target":["https:\/\/www.1055.fr\/epinal\/conditions-generales-de-vente\/"]}]},{"@type":"BreadcrumbList","@id":"https:\/\/www.1055.fr\/epinal\/conditions-generales-de-vente\/#breadcrumb","itemListElement":[{"@type":"ListItem","position":1,"name":"Home","item":"https:\/\/www.1055.fr\/epinal\/"},{"@type":"ListItem","position":2,"name":"Conditions g\u00e9n\u00e9rales de vente"}]},{"@type":"WebSite","@id":"https:\/\/www.1055.fr\/epinal\/#website","url":"https:\/\/www.1055.fr\/epinal\/","name":"1055 Epinal","description":"","potentialAction":[{"@type":"SearchAction","target":{"@type":"EntryPoint","urlTemplate":"https:\/\/www.1055.fr\/epinal\/?s={search_term_string}"},"query-input":{"@type":"PropertyValueSpecification","valueRequired":true,"valueName":"search_term_string"}}],"inLanguage":"fr-FR"}]}},"_links":{"self":[{"href":"https:\/\/www.1055.fr\/epinal\/wp-json\/wp\/v2\/pages\/901","targetHints":{"allow":["GET"]}}],"collection":[{"href":"https:\/\/www.1055.fr\/epinal\/wp-json\/wp\/v2\/pages"}],"about":[{"href":"https:\/\/www.1055.fr\/epinal\/wp-json\/wp\/v2\/types\/page"}],"author":[{"embeddable":true,"href":"https:\/\/www.1055.fr\/epinal\/wp-json\/wp\/v2\/users\/10"}],"replies":[{"embeddable":true,"href":"https:\/\/www.1055.fr\/epinal\/wp-json\/wp\/v2\/comments?post=901"}],"version-history":[{"count":0,"href":"https:\/\/www.1055.fr\/epinal\/wp-json\/wp\/v2\/pages\/901\/revisions"}],"wp:attachment":[{"href":"https:\/\/www.1055.fr\/epinal\/wp-json\/wp\/v2\/media?parent=901"}],"curies":[{"name":"wp","href":"https:\/\/api.w.org\/{rel}","templated":true}]}}