{"id":8457,"date":"2022-12-09T13:59:44","date_gmt":"2022-12-09T12:59:44","guid":{"rendered":"https:\/\/www.1055.fr\/chalon\/?page_id=8457"},"modified":"2024-07-15T15:50:11","modified_gmt":"2024-07-15T13:50:11","slug":"bieres-artisanales","status":"publish","type":"page","link":"https:\/\/www.1055.fr\/epinal\/restaurant-epinal-brasserie\/bieres-artisanales\/","title":{"rendered":"Bi\u00e8res artisanales"},"content":{"rendered":"<h2><span style=\"color: #dbb32e;\">D\u00e9couvrez nos bi\u00e8res artisanales made in 10.55<\/span><\/h2>\n<p>Au 10.55, les pressions servies, ce ne sont pas n&rsquo;importe lesquelles &#8230; Ce sont nos propres bi\u00e8res artisanales brass\u00e9es au 10.55 de Besan\u00e7on, puis livr\u00e9es ici !<br \/>\nVous pouvez d\u00e9guster \u00e0 Chalon-sur-Sa\u00f4ne les bi\u00e8res artisanales suivantes :<\/p>\n<ul>\n<li><strong>La Lison, notre blonde douce &amp; r\u00e9confortante\u00a0 <\/strong><\/li>\n<li><strong>La Paul, notre IPA intense &amp; singuli\u00e8re<br \/>\n<\/strong><\/li>\n<li><strong>La Lou, notre rouge p\u00e9tillante &amp; rebelle<br \/>\n<\/strong><\/li>\n<li><strong>La L\u00e9andre, notre ambr\u00e9e gourmande &amp; de caract\u00e8re\u00a0 <\/strong><\/li>\n<li><strong>La Camille, notre blanche d\u00e9licate &amp; rafraichissante<br \/>\n<\/strong><\/li>\n<\/ul>\n<p>Mais aussi<\/p>\n<ul>\n<li>Notre bi\u00e8re sp\u00e9ciale, la<strong> Zouf<\/strong>, notre blonde \u00e0 la farine de gaude et au miel du Jura<\/li>\n<li><strong>Notre bi\u00e8re de saison<\/strong> selon les moments de l\u2019ann\u00e9e<\/li>\n<\/ul>\n<p><img loading=\"lazy\" decoding=\"async\" class=\"alignnone size-medium wp-image-8976\" src=\"https:\/\/www.1055.fr\/lons-le-saunier\/contenu\/uploads\/2022\/12\/FINAL-etiquettes-animaux_Page_01-200x300.jpg\" alt=\"\" width=\"200\" height=\"300\" \/> <img loading=\"lazy\" decoding=\"async\" class=\"alignnone size-medium wp-image-8978\" src=\"https:\/\/www.1055.fr\/lons-le-saunier\/contenu\/uploads\/2022\/12\/FINAL-etiquettes-animaux_Page_05-200x300.jpg\" alt=\"\" width=\"200\" height=\"300\" \/> <img loading=\"lazy\" decoding=\"async\" class=\"alignnone size-medium wp-image-8979\" src=\"https:\/\/www.1055.fr\/lons-le-saunier\/contenu\/uploads\/2022\/12\/FINAL-etiquettes-animaux_Page_07-200x300.jpg\" alt=\"\" width=\"200\" height=\"300\" \/><\/p>\n<p><img loading=\"lazy\" decoding=\"async\" class=\"alignnone size-medium wp-image-8980\" src=\"https:\/\/www.1055.fr\/lons-le-saunier\/contenu\/uploads\/2022\/12\/FINAL-etiquettes-animaux_Page_09-200x300.jpg\" alt=\"\" width=\"200\" height=\"300\" \/> <img loading=\"lazy\" decoding=\"async\" class=\"alignnone size-medium wp-image-8981\" src=\"https:\/\/www.1055.fr\/lons-le-saunier\/contenu\/uploads\/2022\/12\/FINAL-etiquettes-animaux_Page_11-200x300.jpg\" alt=\"\" width=\"200\" height=\"300\" \/> <img loading=\"lazy\" decoding=\"async\" class=\"alignnone size-medium wp-image-8982\" src=\"https:\/\/www.1055.fr\/lons-le-saunier\/contenu\/uploads\/2022\/12\/FINAL-etiquettes-animaux_Page_13-200x300.jpg\" alt=\"\" width=\"200\" height=\"300\" \/><\/p>\n<h2><span style=\"color: #dbb32e;\">Le 10.55 n&rsquo;oublie jamais la touche familiale<\/span><\/h2>\n<p>L&rsquo;histoire de nos bi\u00e8res artisanales, elle est familiale. Nos bi\u00e8res portent les pr\u00e9noms des enfants des associ\u00e9.es du groupe 10.55 (les petits-enfants du fondateur) ! Les personnages des bi\u00e8res ont \u00e9t\u00e9 imagin\u00e9s selon l\u2019\u00e9tymologie du pr\u00e9nom, mais aussi selon le caract\u00e8re des enfants . La Zouf, <em><strong>notre blonde sp\u00e9ciale au miel du Jura et \u00e0 la farine de gaude,<\/strong><\/em> a \u00e9t\u00e9 baptis\u00e9e du surnom d&rsquo;une des mamans des enfants !<\/p>\n<p><img loading=\"lazy\" decoding=\"async\" class=\"alignnone wp-image-8985\" src=\"https:\/\/www.1055.fr\/lons-le-saunier\/contenu\/uploads\/2022\/12\/MICROBRASSERIE-300x200.jpg\" alt=\"\" width=\"410\" height=\"273\" \/><\/p>\n<h2><span style=\"color: #dbb32e;\">Nos bi\u00e8res existent aussi en bouteille !<\/span><\/h2>\n<p>La d\u00e9gustation vous a plu ? N&rsquo;h\u00e9sitez pas \u00e0 demander \u00e0 votre serveuse ou votre serveuse : nos bi\u00e8res existent aussi en bouteille de 75cl. <strong>D\u00e9gustez notre savoir-faire depuis chez-vous,<\/strong> ou faites un cadeau original \u00e0 vos proches !<\/p>\n<p><img loading=\"lazy\" decoding=\"async\" class=\"alignnone wp-image-8988\" src=\"https:\/\/www.1055.fr\/lons-le-saunier\/contenu\/uploads\/2022\/12\/bierebouteille-300x111.png\" alt=\"\" width=\"543\" height=\"201\" \/><\/p>\n<p><em>Photo non contractuelle<\/em><\/p>\n<p>*selon arrivages et disponibilit\u00e9<\/p>\n<p><em> <i>L\u2019abus d\u2019alcool est dangereux pour la sant\u00e9. \u00c0 consommer avec mod\u00e9ration<\/i><\/em><\/p>\n","protected":false},"excerpt":{"rendered":"<p>D\u00e9couvrez nos bi\u00e8res artisanales made in 10.55 Au 10.55, les pressions servies, ce ne sont pas n&rsquo;importe lesquelles &#8230; Ce &hellip;<\/p>\n","protected":false},"author":10,"featured_media":10179,"parent":224,"menu_order":0,"comment_status":"closed","ping_status":"closed","template":"","meta":{"_acf_changed":false,"footnotes":""},"class_list":["post-8457","page","type-page","status-publish","has-post-thumbnail","hentry"],"acf":[],"yoast_head":"<!-- This site is optimized with the Yoast SEO plugin v25.9 - https:\/\/yoast.com\/wordpress\/plugins\/seo\/ -->\n<title>Bi\u00e8res artisanales<\/title>\n<meta name=\"robots\" content=\"index, follow, max-snippet:-1, max-image-preview:large, max-video-preview:-1\" \/>\n<link rel=\"canonical\" href=\"https:\/\/www.1055.fr\/epinal\/restaurant-epinal-brasserie\/bieres-artisanales\/\" \/>\n<meta property=\"og:locale\" content=\"fr_FR\" \/>\n<meta property=\"og:type\" content=\"article\" \/>\n<meta property=\"og:title\" content=\"Bi\u00e8res artisanales\" \/>\n<meta property=\"og:description\" content=\"D\u00e9couvrez nos bi\u00e8res artisanales made in 10.55 Au 10.55, les pressions servies, ce ne sont pas n&rsquo;importe lesquelles &#8230; Ce &hellip;\" \/>\n<meta property=\"og:url\" content=\"https:\/\/www.1055.fr\/epinal\/restaurant-epinal-brasserie\/bieres-artisanales\/\" \/>\n<meta property=\"og:site_name\" content=\"1055 Epinal\" \/>\n<meta property=\"article:modified_time\" content=\"2024-07-15T13:50:11+00:00\" \/>\n<meta property=\"og:image\" content=\"https:\/\/www.1055.fr\/epinal\/contenu\/uploads\/2024\/07\/biere-banniere.png\" \/>\n\t<meta property=\"og:image:width\" content=\"1800\" \/>\n\t<meta property=\"og:image:height\" content=\"360\" \/>\n\t<meta property=\"og:image:type\" content=\"image\/png\" \/>\n<meta name=\"twitter:card\" content=\"summary_large_image\" \/>\n<meta name=\"twitter:label1\" content=\"Dur\u00e9e de lecture estim\u00e9e\" \/>\n\t<meta name=\"twitter:data1\" content=\"3 minutes\" \/>\n<script type=\"application\/ld+json\" class=\"yoast-schema-graph\">{\"@context\":\"https:\/\/schema.org\",\"@graph\":[{\"@type\":\"WebPage\",\"@id\":\"https:\/\/www.1055.fr\/epinal\/restaurant-epinal-brasserie\/bieres-artisanales\/\",\"url\":\"https:\/\/www.1055.fr\/epinal\/restaurant-epinal-brasserie\/bieres-artisanales\/\",\"name\":\"Bi\u00e8res artisanales\",\"isPartOf\":{\"@id\":\"https:\/\/www.1055.fr\/epinal\/#website\"},\"primaryImageOfPage\":{\"@id\":\"https:\/\/www.1055.fr\/epinal\/restaurant-epinal-brasserie\/bieres-artisanales\/#primaryimage\"},\"image\":{\"@id\":\"https:\/\/www.1055.fr\/epinal\/restaurant-epinal-brasserie\/bieres-artisanales\/#primaryimage\"},\"thumbnailUrl\":\"https:\/\/www.1055.fr\/epinal\/contenu\/uploads\/2024\/07\/biere-banniere.png\",\"datePublished\":\"2022-12-09T12:59:44+00:00\",\"dateModified\":\"2024-07-15T13:50:11+00:00\",\"breadcrumb\":{\"@id\":\"https:\/\/www.1055.fr\/epinal\/restaurant-epinal-brasserie\/bieres-artisanales\/#breadcrumb\"},\"inLanguage\":\"fr-FR\",\"potentialAction\":[{\"@type\":\"ReadAction\",\"target\":[\"https:\/\/www.1055.fr\/epinal\/restaurant-epinal-brasserie\/bieres-artisanales\/\"]}]},{\"@type\":\"ImageObject\",\"inLanguage\":\"fr-FR\",\"@id\":\"https:\/\/www.1055.fr\/epinal\/restaurant-epinal-brasserie\/bieres-artisanales\/#primaryimage\",\"url\":\"https:\/\/www.1055.fr\/epinal\/contenu\/uploads\/2024\/07\/biere-banniere.png\",\"contentUrl\":\"https:\/\/www.1055.fr\/epinal\/contenu\/uploads\/2024\/07\/biere-banniere.png\",\"width\":1800,\"height\":360},{\"@type\":\"BreadcrumbList\",\"@id\":\"https:\/\/www.1055.fr\/epinal\/restaurant-epinal-brasserie\/bieres-artisanales\/#breadcrumb\",\"itemListElement\":[{\"@type\":\"ListItem\",\"position\":1,\"name\":\"Home\",\"item\":\"https:\/\/www.1055.fr\/epinal\/\"},{\"@type\":\"ListItem\",\"position\":2,\"name\":\"Restaurant\",\"item\":\"https:\/\/www.1055.fr\/epinal\/restaurant-epinal-brasserie\/\"},{\"@type\":\"ListItem\",\"position\":3,\"name\":\"Bi\u00e8res artisanales\"}]},{\"@type\":\"WebSite\",\"@id\":\"https:\/\/www.1055.fr\/epinal\/#website\",\"url\":\"https:\/\/www.1055.fr\/epinal\/\",\"name\":\"1055 Epinal\",\"description\":\"\",\"potentialAction\":[{\"@type\":\"SearchAction\",\"target\":{\"@type\":\"EntryPoint\",\"urlTemplate\":\"https:\/\/www.1055.fr\/epinal\/?s={search_term_string}\"},\"query-input\":{\"@type\":\"PropertyValueSpecification\",\"valueRequired\":true,\"valueName\":\"search_term_string\"}}],\"inLanguage\":\"fr-FR\"}]}<\/script>\n<!-- \/ Yoast SEO plugin. -->","yoast_head_json":{"title":"Bi\u00e8res artisanales","robots":{"index":"index","follow":"follow","max-snippet":"max-snippet:-1","max-image-preview":"max-image-preview:large","max-video-preview":"max-video-preview:-1"},"canonical":"https:\/\/www.1055.fr\/epinal\/restaurant-epinal-brasserie\/bieres-artisanales\/","og_locale":"fr_FR","og_type":"article","og_title":"Bi\u00e8res artisanales","og_description":"D\u00e9couvrez nos bi\u00e8res artisanales made in 10.55 Au 10.55, les pressions servies, ce ne sont pas n&rsquo;importe lesquelles &#8230; Ce &hellip;","og_url":"https:\/\/www.1055.fr\/epinal\/restaurant-epinal-brasserie\/bieres-artisanales\/","og_site_name":"1055 Epinal","article_modified_time":"2024-07-15T13:50:11+00:00","og_image":[{"width":1800,"height":360,"url":"https:\/\/www.1055.fr\/epinal\/contenu\/uploads\/2024\/07\/biere-banniere.png","type":"image\/png"}],"twitter_card":"summary_large_image","twitter_misc":{"Dur\u00e9e de lecture estim\u00e9e":"3 minutes"},"schema":{"@context":"https:\/\/schema.org","@graph":[{"@type":"WebPage","@id":"https:\/\/www.1055.fr\/epinal\/restaurant-epinal-brasserie\/bieres-artisanales\/","url":"https:\/\/www.1055.fr\/epinal\/restaurant-epinal-brasserie\/bieres-artisanales\/","name":"Bi\u00e8res artisanales","isPartOf":{"@id":"https:\/\/www.1055.fr\/epinal\/#website"},"primaryImageOfPage":{"@id":"https:\/\/www.1055.fr\/epinal\/restaurant-epinal-brasserie\/bieres-artisanales\/#primaryimage"},"image":{"@id":"https:\/\/www.1055.fr\/epinal\/restaurant-epinal-brasserie\/bieres-artisanales\/#primaryimage"},"thumbnailUrl":"https:\/\/www.1055.fr\/epinal\/contenu\/uploads\/2024\/07\/biere-banniere.png","datePublished":"2022-12-09T12:59:44+00:00","dateModified":"2024-07-15T13:50:11+00:00","breadcrumb":{"@id":"https:\/\/www.1055.fr\/epinal\/restaurant-epinal-brasserie\/bieres-artisanales\/#breadcrumb"},"inLanguage":"fr-FR","potentialAction":[{"@type":"ReadAction","target":["https:\/\/www.1055.fr\/epinal\/restaurant-epinal-brasserie\/bieres-artisanales\/"]}]},{"@type":"ImageObject","inLanguage":"fr-FR","@id":"https:\/\/www.1055.fr\/epinal\/restaurant-epinal-brasserie\/bieres-artisanales\/#primaryimage","url":"https:\/\/www.1055.fr\/epinal\/contenu\/uploads\/2024\/07\/biere-banniere.png","contentUrl":"https:\/\/www.1055.fr\/epinal\/contenu\/uploads\/2024\/07\/biere-banniere.png","width":1800,"height":360},{"@type":"BreadcrumbList","@id":"https:\/\/www.1055.fr\/epinal\/restaurant-epinal-brasserie\/bieres-artisanales\/#breadcrumb","itemListElement":[{"@type":"ListItem","position":1,"name":"Home","item":"https:\/\/www.1055.fr\/epinal\/"},{"@type":"ListItem","position":2,"name":"Restaurant","item":"https:\/\/www.1055.fr\/epinal\/restaurant-epinal-brasserie\/"},{"@type":"ListItem","position":3,"name":"Bi\u00e8res artisanales"}]},{"@type":"WebSite","@id":"https:\/\/www.1055.fr\/epinal\/#website","url":"https:\/\/www.1055.fr\/epinal\/","name":"1055 Epinal","description":"","potentialAction":[{"@type":"SearchAction","target":{"@type":"EntryPoint","urlTemplate":"https:\/\/www.1055.fr\/epinal\/?s={search_term_string}"},"query-input":{"@type":"PropertyValueSpecification","valueRequired":true,"valueName":"search_term_string"}}],"inLanguage":"fr-FR"}]}},"_links":{"self":[{"href":"https:\/\/www.1055.fr\/epinal\/wp-json\/wp\/v2\/pages\/8457","targetHints":{"allow":["GET"]}}],"collection":[{"href":"https:\/\/www.1055.fr\/epinal\/wp-json\/wp\/v2\/pages"}],"about":[{"href":"https:\/\/www.1055.fr\/epinal\/wp-json\/wp\/v2\/types\/page"}],"author":[{"embeddable":true,"href":"https:\/\/www.1055.fr\/epinal\/wp-json\/wp\/v2\/users\/10"}],"replies":[{"embeddable":true,"href":"https:\/\/www.1055.fr\/epinal\/wp-json\/wp\/v2\/comments?post=8457"}],"version-history":[{"count":1,"href":"https:\/\/www.1055.fr\/epinal\/wp-json\/wp\/v2\/pages\/8457\/revisions"}],"predecessor-version":[{"id":10183,"href":"https:\/\/www.1055.fr\/epinal\/wp-json\/wp\/v2\/pages\/8457\/revisions\/10183"}],"up":[{"embeddable":true,"href":"https:\/\/www.1055.fr\/epinal\/wp-json\/wp\/v2\/pages\/224"}],"wp:featuredmedia":[{"embeddable":true,"href":"https:\/\/www.1055.fr\/epinal\/wp-json\/wp\/v2\/media\/10179"}],"wp:attachment":[{"href":"https:\/\/www.1055.fr\/epinal\/wp-json\/wp\/v2\/media?parent=8457"}],"curies":[{"name":"wp","href":"https:\/\/api.w.org\/{rel}","templated":true}]}}