{"id":8320,"date":"2025-09-16T14:08:37","date_gmt":"2025-09-16T12:08:37","guid":{"rendered":"\/chalon\/temoignages\/"},"modified":"2025-09-17T10:35:17","modified_gmt":"2025-09-17T08:35:17","slug":"temoignages-1055-chalon","status":"publish","type":"page","link":"https:\/\/www.1055.fr\/epinal\/temoignages-1055-chalon\/","title":{"rendered":"T\u00e9moignages"},"content":{"rendered":"<p>\u00ab\u00a0On connaissait d\u00e9j\u00e0 le 1055 de Besan\u00e7on. Celui ci est g\u00e9nial aussi ! Tr\u00e8s int\u00e9ressant de venir en famille lorsqu&rsquo;on compte y rester une journ\u00e9e. Tout est fait pour ne pas s&rsquo;ennuyer et nous avons \u00e9t\u00e9 tr\u00e8s bien accueillis. Bien se renseigner aupr\u00e8s de l&rsquo;accueil pour conna\u00eetre leur pass multi activit\u00e9 \ud83d\ude42\u00a0\u00bb J.<\/p>\n<p>&nbsp;<\/p>\n<p>\u00ab\u00a0Agreable soir\u00e9e au 1055 Tr\u00e8s grand complexe de loisirs avec diff\u00e9rentes activit\u00e9s propos\u00e9es : bowling (normal c le concept de base), salle de jeux, escalade, trampolines g\u00e9ant, laser game, virtual game, parc pour enfants&#8230; C\u00f4t\u00e9 restos 2 ambiance brasserie ou pizzeria Nous avons choisi brasserie cette fois-ci. Je vous laisse jeter un oeil \u00e0 ma salade- \u00e9norme et copieuse Niveau dessert : jai gout\u00e9 leurs glaces ! Tr\u00e8s bon choix, sorbets mirabelles fraises au top&#8230; Belle carte de cocktails \u00e9galement, je recommande le.jungle green (sans alcool) Franchement tr\u00e8s bel \u00e9tablissement pour la r\u00e9gion de lons le Saunier&#8230; cela vaut le detour &#x1f601;\u00a0\u00bb C.<\/p>\n<p>&nbsp;<\/p>\n<p>\u00ab\u00a0Tr\u00e8s bonne brasserie, les burgers sont tr\u00e8s bon, un bon accueil et une air de jeux tr\u00e8s bien pour les enfants.\u00a0\u00bb C.<\/p>\n<p>&nbsp;<\/p>\n","protected":false},"excerpt":{"rendered":"<p>\u00ab\u00a0On connaissait d\u00e9j\u00e0 le 1055 de Besan\u00e7on. Celui ci est g\u00e9nial aussi ! Tr\u00e8s int\u00e9ressant de venir en famille lorsqu&rsquo;on &hellip;<\/p>\n","protected":false},"author":10,"featured_media":10242,"parent":0,"menu_order":0,"comment_status":"closed","ping_status":"closed","template":"","meta":{"_acf_changed":false,"footnotes":""},"class_list":["post-8320","page","type-page","status-publish","has-post-thumbnail","hentry"],"acf":[],"yoast_head":"<!-- This site is optimized with the Yoast SEO plugin v25.9 - https:\/\/yoast.com\/wordpress\/plugins\/seo\/ -->\n<title>T\u00e9moignages<\/title>\n<meta name=\"robots\" content=\"index, follow, max-snippet:-1, max-image-preview:large, max-video-preview:-1\" \/>\n<link rel=\"canonical\" href=\"https:\/\/www.1055.fr\/epinal\/temoignages-1055-chalon\/\" \/>\n<meta property=\"og:locale\" content=\"fr_FR\" \/>\n<meta property=\"og:type\" content=\"article\" \/>\n<meta property=\"og:title\" content=\"T\u00e9moignages\" \/>\n<meta property=\"og:description\" content=\"\u00ab\u00a0On connaissait d\u00e9j\u00e0 le 1055 de Besan\u00e7on. Celui ci est g\u00e9nial aussi ! Tr\u00e8s int\u00e9ressant de venir en famille lorsqu&rsquo;on &hellip;\" \/>\n<meta property=\"og:url\" content=\"https:\/\/www.1055.fr\/epinal\/temoignages-1055-chalon\/\" \/>\n<meta property=\"og:site_name\" content=\"1055 Epinal\" \/>\n<meta property=\"article:modified_time\" content=\"2025-09-17T08:35:17+00:00\" \/>\n<meta property=\"og:image\" content=\"https:\/\/www.1055.fr\/epinal\/contenu\/uploads\/2024\/07\/featured-placeholder.jpg\" \/>\n\t<meta property=\"og:image:width\" content=\"1802\" \/>\n\t<meta property=\"og:image:height\" content=\"360\" \/>\n\t<meta property=\"og:image:type\" content=\"image\/jpeg\" \/>\n<meta name=\"twitter:card\" content=\"summary_large_image\" \/>\n<meta name=\"twitter:label1\" content=\"Dur\u00e9e de lecture estim\u00e9e\" \/>\n\t<meta name=\"twitter:data1\" content=\"1 minute\" \/>\n<script type=\"application\/ld+json\" class=\"yoast-schema-graph\">{\"@context\":\"https:\/\/schema.org\",\"@graph\":[{\"@type\":\"WebPage\",\"@id\":\"https:\/\/www.1055.fr\/epinal\/temoignages-1055-chalon\/\",\"url\":\"https:\/\/www.1055.fr\/epinal\/temoignages-1055-chalon\/\",\"name\":\"T\u00e9moignages\",\"isPartOf\":{\"@id\":\"https:\/\/www.1055.fr\/epinal\/#website\"},\"primaryImageOfPage\":{\"@id\":\"https:\/\/www.1055.fr\/epinal\/temoignages-1055-chalon\/#primaryimage\"},\"image\":{\"@id\":\"https:\/\/www.1055.fr\/epinal\/temoignages-1055-chalon\/#primaryimage\"},\"thumbnailUrl\":\"https:\/\/www.1055.fr\/epinal\/contenu\/uploads\/2024\/07\/featured-placeholder.jpg\",\"datePublished\":\"2025-09-16T12:08:37+00:00\",\"dateModified\":\"2025-09-17T08:35:17+00:00\",\"breadcrumb\":{\"@id\":\"https:\/\/www.1055.fr\/epinal\/temoignages-1055-chalon\/#breadcrumb\"},\"inLanguage\":\"fr-FR\",\"potentialAction\":[{\"@type\":\"ReadAction\",\"target\":[\"https:\/\/www.1055.fr\/epinal\/temoignages-1055-chalon\/\"]}]},{\"@type\":\"ImageObject\",\"inLanguage\":\"fr-FR\",\"@id\":\"https:\/\/www.1055.fr\/epinal\/temoignages-1055-chalon\/#primaryimage\",\"url\":\"https:\/\/www.1055.fr\/epinal\/contenu\/uploads\/2024\/07\/featured-placeholder.jpg\",\"contentUrl\":\"https:\/\/www.1055.fr\/epinal\/contenu\/uploads\/2024\/07\/featured-placeholder.jpg\",\"width\":1802,\"height\":360},{\"@type\":\"BreadcrumbList\",\"@id\":\"https:\/\/www.1055.fr\/epinal\/temoignages-1055-chalon\/#breadcrumb\",\"itemListElement\":[{\"@type\":\"ListItem\",\"position\":1,\"name\":\"Home\",\"item\":\"https:\/\/www.1055.fr\/epinal\/\"},{\"@type\":\"ListItem\",\"position\":2,\"name\":\"T\u00e9moignages\"}]},{\"@type\":\"WebSite\",\"@id\":\"https:\/\/www.1055.fr\/epinal\/#website\",\"url\":\"https:\/\/www.1055.fr\/epinal\/\",\"name\":\"1055 Epinal\",\"description\":\"\",\"potentialAction\":[{\"@type\":\"SearchAction\",\"target\":{\"@type\":\"EntryPoint\",\"urlTemplate\":\"https:\/\/www.1055.fr\/epinal\/?s={search_term_string}\"},\"query-input\":{\"@type\":\"PropertyValueSpecification\",\"valueRequired\":true,\"valueName\":\"search_term_string\"}}],\"inLanguage\":\"fr-FR\"}]}<\/script>\n<!-- \/ Yoast SEO plugin. -->","yoast_head_json":{"title":"T\u00e9moignages","robots":{"index":"index","follow":"follow","max-snippet":"max-snippet:-1","max-image-preview":"max-image-preview:large","max-video-preview":"max-video-preview:-1"},"canonical":"https:\/\/www.1055.fr\/epinal\/temoignages-1055-chalon\/","og_locale":"fr_FR","og_type":"article","og_title":"T\u00e9moignages","og_description":"\u00ab\u00a0On connaissait d\u00e9j\u00e0 le 1055 de Besan\u00e7on. Celui ci est g\u00e9nial aussi ! Tr\u00e8s int\u00e9ressant de venir en famille lorsqu&rsquo;on &hellip;","og_url":"https:\/\/www.1055.fr\/epinal\/temoignages-1055-chalon\/","og_site_name":"1055 Epinal","article_modified_time":"2025-09-17T08:35:17+00:00","og_image":[{"width":1802,"height":360,"url":"https:\/\/www.1055.fr\/epinal\/contenu\/uploads\/2024\/07\/featured-placeholder.jpg","type":"image\/jpeg"}],"twitter_card":"summary_large_image","twitter_misc":{"Dur\u00e9e de lecture estim\u00e9e":"1 minute"},"schema":{"@context":"https:\/\/schema.org","@graph":[{"@type":"WebPage","@id":"https:\/\/www.1055.fr\/epinal\/temoignages-1055-chalon\/","url":"https:\/\/www.1055.fr\/epinal\/temoignages-1055-chalon\/","name":"T\u00e9moignages","isPartOf":{"@id":"https:\/\/www.1055.fr\/epinal\/#website"},"primaryImageOfPage":{"@id":"https:\/\/www.1055.fr\/epinal\/temoignages-1055-chalon\/#primaryimage"},"image":{"@id":"https:\/\/www.1055.fr\/epinal\/temoignages-1055-chalon\/#primaryimage"},"thumbnailUrl":"https:\/\/www.1055.fr\/epinal\/contenu\/uploads\/2024\/07\/featured-placeholder.jpg","datePublished":"2025-09-16T12:08:37+00:00","dateModified":"2025-09-17T08:35:17+00:00","breadcrumb":{"@id":"https:\/\/www.1055.fr\/epinal\/temoignages-1055-chalon\/#breadcrumb"},"inLanguage":"fr-FR","potentialAction":[{"@type":"ReadAction","target":["https:\/\/www.1055.fr\/epinal\/temoignages-1055-chalon\/"]}]},{"@type":"ImageObject","inLanguage":"fr-FR","@id":"https:\/\/www.1055.fr\/epinal\/temoignages-1055-chalon\/#primaryimage","url":"https:\/\/www.1055.fr\/epinal\/contenu\/uploads\/2024\/07\/featured-placeholder.jpg","contentUrl":"https:\/\/www.1055.fr\/epinal\/contenu\/uploads\/2024\/07\/featured-placeholder.jpg","width":1802,"height":360},{"@type":"BreadcrumbList","@id":"https:\/\/www.1055.fr\/epinal\/temoignages-1055-chalon\/#breadcrumb","itemListElement":[{"@type":"ListItem","position":1,"name":"Home","item":"https:\/\/www.1055.fr\/epinal\/"},{"@type":"ListItem","position":2,"name":"T\u00e9moignages"}]},{"@type":"WebSite","@id":"https:\/\/www.1055.fr\/epinal\/#website","url":"https:\/\/www.1055.fr\/epinal\/","name":"1055 Epinal","description":"","potentialAction":[{"@type":"SearchAction","target":{"@type":"EntryPoint","urlTemplate":"https:\/\/www.1055.fr\/epinal\/?s={search_term_string}"},"query-input":{"@type":"PropertyValueSpecification","valueRequired":true,"valueName":"search_term_string"}}],"inLanguage":"fr-FR"}]}},"_links":{"self":[{"href":"https:\/\/www.1055.fr\/epinal\/wp-json\/wp\/v2\/pages\/8320","targetHints":{"allow":["GET"]}}],"collection":[{"href":"https:\/\/www.1055.fr\/epinal\/wp-json\/wp\/v2\/pages"}],"about":[{"href":"https:\/\/www.1055.fr\/epinal\/wp-json\/wp\/v2\/types\/page"}],"author":[{"embeddable":true,"href":"https:\/\/www.1055.fr\/epinal\/wp-json\/wp\/v2\/users\/10"}],"replies":[{"embeddable":true,"href":"https:\/\/www.1055.fr\/epinal\/wp-json\/wp\/v2\/comments?post=8320"}],"version-history":[{"count":1,"href":"https:\/\/www.1055.fr\/epinal\/wp-json\/wp\/v2\/pages\/8320\/revisions"}],"predecessor-version":[{"id":10246,"href":"https:\/\/www.1055.fr\/epinal\/wp-json\/wp\/v2\/pages\/8320\/revisions\/10246"}],"wp:featuredmedia":[{"embeddable":true,"href":"https:\/\/www.1055.fr\/epinal\/wp-json\/wp\/v2\/media\/10242"}],"wp:attachment":[{"href":"https:\/\/www.1055.fr\/epinal\/wp-json\/wp\/v2\/media?parent=8320"}],"curies":[{"name":"wp","href":"https:\/\/api.w.org\/{rel}","templated":true}]}}