{"id":8,"date":"2022-09-19T11:34:16","date_gmt":"2022-09-19T09:34:16","guid":{"rendered":"https:\/\/www.1055.fr\/epinal\/plan-de-site\/"},"modified":"2024-07-15T16:36:08","modified_gmt":"2024-07-15T14:36:08","slug":"plan-de-site","status":"publish","type":"page","link":"https:\/\/www.1055.fr\/epinal\/plan-de-site\/","title":{"rendered":"Plan de site"},"content":{"rendered":"<div class=\"wsp-container\"><h2 class=\"wsp-pages-title\">Pages<\/h2>\n<ul class=\"wsp-pages-list\">\n<li class=\"page_item page-item-28\"><a href=\"https:\/\/www.1055.fr\/epinal\/page-dattente\/\">10\u00b755 \u00c0 EPINAL OUVERTURE PR\u00c9VUE COURANT OCTOBRE<\/a><\/li>\n<li class=\"page_item page-item-5\"><a href=\"https:\/\/www.1055.fr\/epinal\/\">Accueil<\/a><\/li>\n<li class=\"page_item page-item-221 page_item_has_children\"><a href=\"https:\/\/www.1055.fr\/epinal\/activites\/\">Activit\u00e9s<\/a>\n<ul class='children'>\n\t<li class=\"page_item page-item-60\"><a href=\"https:\/\/www.1055.fr\/epinal\/activites\/bowling\/\">Bowling<\/a><\/li>\n\t<li class=\"page_item page-item-9800\"><a href=\"https:\/\/www.1055.fr\/epinal\/activites\/flechette-epinal\/\">Fl\u00e9chettes<\/a><\/li>\n\t<li class=\"page_item page-item-6304\"><a href=\"https:\/\/www.1055.fr\/epinal\/activites\/jeux-arcades\/\">Jeux d&rsquo;arcade<\/a><\/li>\n\t<li class=\"page_item page-item-9784\"><a href=\"https:\/\/www.1055.fr\/epinal\/activites\/karaoke-epinal\/\">Karaok\u00e9<\/a><\/li>\n\t<li class=\"page_item page-item-227\"><a href=\"https:\/\/www.1055.fr\/epinal\/activites\/kid-enfants-jeux-park\/\">Kid Park<\/a><\/li>\n\t<li class=\"page_item page-item-9287\"><a href=\"https:\/\/www.1055.fr\/epinal\/activites\/lancer-de-haches\/\">Lancer de haches<\/a><\/li>\n\t<li class=\"page_item page-item-63\"><a href=\"https:\/\/www.1055.fr\/epinal\/activites\/laser-game\/\">Laser game<\/a><\/li>\n\t<li class=\"page_item page-item-9794\"><a href=\"https:\/\/www.1055.fr\/epinal\/activites\/explorez-le-quizz-epinal\/\">Salles de Quizz<\/a><\/li>\n\t<li class=\"page_item page-item-6312\"><a href=\"https:\/\/www.1055.fr\/epinal\/activites\/action-games-tac-tic-room\/\">Tac-Tic Room<\/a><\/li>\n\t<li class=\"page_item page-item-64\"><a href=\"https:\/\/www.1055.fr\/epinal\/activites\/trampoline-park\/\">Trampoline park<\/a><\/li>\n<\/ul>\n<\/li>\n<li class=\"page_item page-item-10259\"><a href=\"https:\/\/www.1055.fr\/epinal\/bar-food\/\">Bar Lounge &amp; Snacking<\/a><\/li>\n<li class=\"page_item page-item-1085\"><a href=\"https:\/\/www.1055.fr\/epinal\/cgv\/\">CGV<\/a><\/li>\n<li class=\"page_item page-item-901\"><a href=\"https:\/\/www.1055.fr\/epinal\/conditions-generales-de-vente\/\">Conditions g\u00e9n\u00e9rales de vente<\/a><\/li>\n<li class=\"page_item page-item-223 page_item_has_children\"><a href=\"https:\/\/www.1055.fr\/epinal\/groupes\/\">Entreprise, collectivit\u00e9 &amp; CSE<\/a>\n<ul class='children'>\n\t<li class=\"page_item page-item-483\"><a href=\"https:\/\/www.1055.fr\/epinal\/groupes\/centre-loisirs-groupe-sortir-samuser\/\">Centre de Loisirs<\/a><\/li>\n\t<li class=\"page_item page-item-7955\"><a href=\"https:\/\/www.1055.fr\/epinal\/groupes\/team-building-entreprises\/\">\u00c9v\u00e9nements d\u2019entreprises &#038; Team Building<\/a><\/li>\n<\/ul>\n<\/li>\n<li class=\"page_item page-item-222 page_item_has_children\"><a href=\"https:\/\/www.1055.fr\/epinal\/feter\/\">F\u00eater<\/a>\n<ul class='children'>\n\t<li class=\"page_item page-item-562\"><a href=\"https:\/\/www.1055.fr\/epinal\/feter\/groupe-saone-et-loire-sortie-bowling-activites\/\">+ de 10 personnes<\/a><\/li>\n\t<li class=\"page_item page-item-554\"><a href=\"https:\/\/www.1055.fr\/epinal\/feter\/anniversaire-au-10-55\/\">Anniversaires<\/a><\/li>\n\t<li class=\"page_item page-item-560\"><a href=\"https:\/\/www.1055.fr\/epinal\/feter\/enterrement-vie-celibataire-evjf-evg-epinal\/\">EVJF \/ EVG<\/a><\/li>\n<\/ul>\n<\/li>\n<li class=\"page_item page-item-8322\"><a href=\"https:\/\/www.1055.fr\/epinal\/faq-bowling-1055-loisirs-restaurants\/\">Foire aux Questions<\/a><\/li>\n<li class=\"page_item page-item-8319\"><a href=\"https:\/\/www.1055.fr\/epinal\/horaires\/\">Horaires<\/a><\/li>\n<li class=\"page_item page-item-9\"><a href=\"https:\/\/www.1055.fr\/epinal\/mentions-legales\/\">Mentions l\u00e9gales<\/a><\/li>\n<li class=\"page_item page-item-458\"><a href=\"https:\/\/www.1055.fr\/epinal\/reglement-bowling-1055-activites-71\/\">Notre r\u00e8glement int\u00e9rieur<\/a><\/li>\n<li class=\"page_item page-item-10257\"><a href=\"https:\/\/www.1055.fr\/epinal\/nous-contacter\/\">Nous contacter<\/a><\/li>\n<li class=\"page_item page-item-2116\"><a href=\"https:\/\/www.1055.fr\/epinal\/nous-recrutons\/\">Nous recrutons<\/a><\/li>\n<li class=\"page_item page-item-8321\"><a href=\"https:\/\/www.1055.fr\/epinal\/phototheque\/\">Phototh\u00e8que<\/a><\/li>\n<li class=\"page_item page-item-8\"><a href=\"https:\/\/www.1055.fr\/epinal\/plan-de-site\/\">Plan de site<\/a><\/li>\n<li class=\"page_item page-item-12\"><a href=\"https:\/\/www.1055.fr\/epinal\/politique-de-confidentialite-et-dutilisation-des-donnees-personnelles-rgpd\/\">Politique de confidentialit\u00e9 et d\u2019utilisation des donn\u00e9es personnelles (RGPD)<\/a><\/li>\n<li class=\"page_item page-item-470\"><a href=\"https:\/\/www.1055.fr\/epinal\/reglement-trampoline\/\">R\u00e8glement &#8211; Trampoline<\/a><\/li>\n<li class=\"page_item page-item-276\"><a href=\"https:\/\/www.1055.fr\/epinal\/reservez-votre-table\/\">R\u00e9servez votre table<\/a><\/li>\n<li class=\"page_item page-item-224 page_item_has_children\"><a href=\"https:\/\/www.1055.fr\/epinal\/restaurant-epinal-brasserie\/\">Restaurant<\/a>\n<ul class='children'>\n\t<li class=\"page_item page-item-8457\"><a href=\"https:\/\/www.1055.fr\/epinal\/restaurant-epinal-brasserie\/bieres-artisanales\/\">Bi\u00e8res artisanales<\/a><\/li>\n<\/ul>\n<\/li>\n<li class=\"page_item page-item-6676\"><a href=\"https:\/\/www.1055.fr\/epinal\/septembre-en-folie\/\">SEPTEMBRE EN FOLIE<\/a><\/li>\n<li class=\"page_item page-item-46 page_item_has_children\"><a href=\"https:\/\/www.1055.fr\/epinal\/tarifs-et-pass\/\">Tarifs &amp; Pass<\/a>\n<ul class='children'>\n\t<li class=\"page_item page-item-226\"><a href=\"https:\/\/www.1055.fr\/epinal\/tarifs-et-pass\/infos-et-tarifs\/\">Infos &#038; tarifs<\/a><\/li>\n\t<li class=\"page_item page-item-10409\"><a href=\"https:\/\/www.1055.fr\/epinal\/tarifs-et-pass\/la-carte-10%c2%b755\/\">La carte 10\u00b755<\/a><\/li>\n\t<li class=\"page_item page-item-1090\"><a href=\"https:\/\/www.1055.fr\/epinal\/tarifs-et-pass\/pass\/\">nos pass&rsquo;<\/a><\/li>\n<\/ul>\n<\/li>\n<li class=\"page_item page-item-8320\"><a href=\"https:\/\/www.1055.fr\/epinal\/temoignages-1055-chalon\/\">T\u00e9moignages<\/a><\/li>\n<li class=\"page_item page-item-11\"><a href=\"https:\/\/www.1055.fr\/epinal\/utilisation-des-cookies\/\">Utilisation des cookies<\/a><\/li>\n<\/ul>\n<h2 class=\"wsp-posts-title\">Articles par cat\u00e9gorie<\/h2>\n<ul class=\"wsp-posts-list\">\n\t<li><strong class=\"wsp-category-title\">Cat\u00e9gorie\u00a0: <a href=\"https:\/\/www.1055.fr\/epinal\/category\/actualites\/\">Actualit\u00e9s<\/a><\/strong>\n<ul class=\"wsp-posts-list\">\t\t<li class=\"wsp-post\"><a href=\"https:\/\/www.1055.fr\/epinal\/10942-2\/\">Saint-Patrick<\/a><\/li>\n\t\t<li class=\"wsp-post\"><a href=\"https:\/\/www.1055.fr\/epinal\/10933-2\/\">Ev\u00e8nement sportif<\/a><\/li>\n\t\t<li class=\"wsp-post\"><a href=\"https:\/\/www.1055.fr\/epinal\/carnaval-depinal-ou-feter-carnaval-pendant-les-vacances-de-fevrier\/\">Carnaval d\u2019Epinal : o\u00f9 f\u00eater carnaval pendant les vacances de f\u00e9vrier ?<\/a><\/li>\n\t\t<li class=\"wsp-post\"><a href=\"https:\/\/www.1055.fr\/epinal\/la-saint-valentin-au-10-55-epinal\/\">La Saint-Valentin au 10.55 Epinal<\/a><\/li>\n\t\t<li class=\"wsp-post\"><a href=\"https:\/\/www.1055.fr\/epinal\/nouvel-an-2025-au-10%c2%b755-depinal-une-soiree-unique-privatisee-et-inoubliable\/\">Id\u00e9es de Sorties Enfants au 10.55<\/a><\/li>\n<\/ul><\/li>\n<\/ul>\n<\/div>\n","protected":false},"excerpt":{"rendered":"","protected":false},"author":2,"featured_media":0,"parent":0,"menu_order":0,"comment_status":"closed","ping_status":"closed","template":"","meta":{"_acf_changed":false,"footnotes":""},"class_list":["post-8","page","type-page","status-publish","hentry"],"acf":[],"yoast_head":"<!-- This site is optimized with the Yoast SEO plugin v25.9 - https:\/\/yoast.com\/wordpress\/plugins\/seo\/ -->\n<title>Plan de site<\/title>\n<meta name=\"robots\" content=\"index, follow, max-snippet:-1, max-image-preview:large, max-video-preview:-1\" \/>\n<link rel=\"canonical\" href=\"https:\/\/www.1055.fr\/epinal\/plan-de-site\/\" \/>\n<meta property=\"og:locale\" content=\"fr_FR\" \/>\n<meta property=\"og:type\" content=\"article\" \/>\n<meta property=\"og:title\" content=\"Plan de site\" \/>\n<meta property=\"og:url\" content=\"https:\/\/www.1055.fr\/epinal\/plan-de-site\/\" \/>\n<meta property=\"og:site_name\" content=\"1055 Epinal\" \/>\n<meta property=\"article:modified_time\" content=\"2024-07-15T14:36:08+00:00\" \/>\n<meta name=\"twitter:card\" content=\"summary_large_image\" \/>\n<script type=\"application\/ld+json\" class=\"yoast-schema-graph\">{\"@context\":\"https:\/\/schema.org\",\"@graph\":[{\"@type\":\"WebPage\",\"@id\":\"https:\/\/www.1055.fr\/epinal\/plan-de-site\/\",\"url\":\"https:\/\/www.1055.fr\/epinal\/plan-de-site\/\",\"name\":\"Plan de site\",\"isPartOf\":{\"@id\":\"https:\/\/www.1055.fr\/epinal\/#website\"},\"datePublished\":\"2022-09-19T09:34:16+00:00\",\"dateModified\":\"2024-07-15T14:36:08+00:00\",\"breadcrumb\":{\"@id\":\"https:\/\/www.1055.fr\/epinal\/plan-de-site\/#breadcrumb\"},\"inLanguage\":\"fr-FR\",\"potentialAction\":[{\"@type\":\"ReadAction\",\"target\":[\"https:\/\/www.1055.fr\/epinal\/plan-de-site\/\"]}]},{\"@type\":\"BreadcrumbList\",\"@id\":\"https:\/\/www.1055.fr\/epinal\/plan-de-site\/#breadcrumb\",\"itemListElement\":[{\"@type\":\"ListItem\",\"position\":1,\"name\":\"Home\",\"item\":\"https:\/\/www.1055.fr\/epinal\/\"},{\"@type\":\"ListItem\",\"position\":2,\"name\":\"Plan de site\"}]},{\"@type\":\"WebSite\",\"@id\":\"https:\/\/www.1055.fr\/epinal\/#website\",\"url\":\"https:\/\/www.1055.fr\/epinal\/\",\"name\":\"1055 Epinal\",\"description\":\"\",\"potentialAction\":[{\"@type\":\"SearchAction\",\"target\":{\"@type\":\"EntryPoint\",\"urlTemplate\":\"https:\/\/www.1055.fr\/epinal\/?s={search_term_string}\"},\"query-input\":{\"@type\":\"PropertyValueSpecification\",\"valueRequired\":true,\"valueName\":\"search_term_string\"}}],\"inLanguage\":\"fr-FR\"}]}<\/script>\n<!-- \/ Yoast SEO plugin. -->","yoast_head_json":{"title":"Plan de site","robots":{"index":"index","follow":"follow","max-snippet":"max-snippet:-1","max-image-preview":"max-image-preview:large","max-video-preview":"max-video-preview:-1"},"canonical":"https:\/\/www.1055.fr\/epinal\/plan-de-site\/","og_locale":"fr_FR","og_type":"article","og_title":"Plan de site","og_url":"https:\/\/www.1055.fr\/epinal\/plan-de-site\/","og_site_name":"1055 Epinal","article_modified_time":"2024-07-15T14:36:08+00:00","twitter_card":"summary_large_image","schema":{"@context":"https:\/\/schema.org","@graph":[{"@type":"WebPage","@id":"https:\/\/www.1055.fr\/epinal\/plan-de-site\/","url":"https:\/\/www.1055.fr\/epinal\/plan-de-site\/","name":"Plan de site","isPartOf":{"@id":"https:\/\/www.1055.fr\/epinal\/#website"},"datePublished":"2022-09-19T09:34:16+00:00","dateModified":"2024-07-15T14:36:08+00:00","breadcrumb":{"@id":"https:\/\/www.1055.fr\/epinal\/plan-de-site\/#breadcrumb"},"inLanguage":"fr-FR","potentialAction":[{"@type":"ReadAction","target":["https:\/\/www.1055.fr\/epinal\/plan-de-site\/"]}]},{"@type":"BreadcrumbList","@id":"https:\/\/www.1055.fr\/epinal\/plan-de-site\/#breadcrumb","itemListElement":[{"@type":"ListItem","position":1,"name":"Home","item":"https:\/\/www.1055.fr\/epinal\/"},{"@type":"ListItem","position":2,"name":"Plan de site"}]},{"@type":"WebSite","@id":"https:\/\/www.1055.fr\/epinal\/#website","url":"https:\/\/www.1055.fr\/epinal\/","name":"1055 Epinal","description":"","potentialAction":[{"@type":"SearchAction","target":{"@type":"EntryPoint","urlTemplate":"https:\/\/www.1055.fr\/epinal\/?s={search_term_string}"},"query-input":{"@type":"PropertyValueSpecification","valueRequired":true,"valueName":"search_term_string"}}],"inLanguage":"fr-FR"}]}},"_links":{"self":[{"href":"https:\/\/www.1055.fr\/epinal\/wp-json\/wp\/v2\/pages\/8","targetHints":{"allow":["GET"]}}],"collection":[{"href":"https:\/\/www.1055.fr\/epinal\/wp-json\/wp\/v2\/pages"}],"about":[{"href":"https:\/\/www.1055.fr\/epinal\/wp-json\/wp\/v2\/types\/page"}],"author":[{"embeddable":true,"href":"https:\/\/www.1055.fr\/epinal\/wp-json\/wp\/v2\/users\/2"}],"replies":[{"embeddable":true,"href":"https:\/\/www.1055.fr\/epinal\/wp-json\/wp\/v2\/comments?post=8"}],"version-history":[{"count":1,"href":"https:\/\/www.1055.fr\/epinal\/wp-json\/wp\/v2\/pages\/8\/revisions"}],"predecessor-version":[{"id":34,"href":"https:\/\/www.1055.fr\/epinal\/wp-json\/wp\/v2\/pages\/8\/revisions\/34"}],"wp:attachment":[{"href":"https:\/\/www.1055.fr\/epinal\/wp-json\/wp\/v2\/media?parent=8"}],"curies":[{"name":"wp","href":"https:\/\/api.w.org\/{rel}","templated":true}]}}