{"id":6312,"date":"2021-05-10T14:36:20","date_gmt":"2021-05-10T12:36:20","guid":{"rendered":"https:\/\/www.1055.fr\/chalon\/?page_id=6312"},"modified":"2025-10-28T15:14:00","modified_gmt":"2025-10-28T14:14:00","slug":"action-games-tac-tic-room","status":"publish","type":"page","link":"https:\/\/www.1055.fr\/epinal\/activites\/action-games-tac-tic-room\/","title":{"rendered":"Tac-Tic Room"},"content":{"rendered":"\n<h2 class=\"wp-block-heading has-text-align-left\">Tac-Tic Room \u00e0 Epinal : le jeu immersif derni\u00e8re g\u00e9n\u00e9ration ! (Action Games \u00e0 Epinal)<\/h2>\n\n\n\n<figure class=\"wp-block-embed is-type-video is-provider-youtube wp-block-embed-youtube wp-embed-aspect-16-9 wp-has-aspect-ratio\"><div class=\"wp-block-embed__wrapper\">\n<iframe loading=\"lazy\" title=\"Tac Tic Room (action games) : jeux derni\u00e8res g\u00e9n\u00e9ration au 10\u00b755\" width=\"525\" height=\"295\" src=\"https:\/\/www.youtube.com\/embed\/YkAZcGfZP7E?feature=oembed\" frameborder=\"0\" allow=\"accelerometer; autoplay; clipboard-write; encrypted-media; gyroscope; picture-in-picture; web-share\" referrerpolicy=\"strict-origin-when-cross-origin\" allowfullscreen><\/iframe>\n<\/div><\/figure>\n\n\n\n<p><strong>Tac-Tic Room \u2192 Choisissez votre temps, p\u00e9n\u00e9trez dans le labyrinthe de salles &#8230; Bonne chance ! <\/strong><br>Tac-Tic Room, le jeu derni\u00e8re g\u00e9n\u00e9ration sign\u00e9 10.55 ! Vous aimez les \u00e9nigmes, les escapes room, l&rsquo;adr\u00e9naline ? Ce jeu immersif est fait pour vous ! Rendez-vous dans notre \u00e9tablissement dans les Vosges \u00e0 Epinal pour un v\u00e9ritable moment de coh\u00e9sion! Si vous \u00eates un amateur d&rsquo;escape game &amp; d&rsquo;action games n&rsquo;h\u00e9sitez pas \u00e0 d\u00e9couvrir cette activit\u00e9 !<\/p>\n\n\n\n<div class=\"wp-block-columns is-not-stacked-on-mobile is-layout-flex wp-container-core-columns-is-layout-9d6595d7 wp-block-columns-is-layout-flex\">\n<div class=\"wp-block-column is-layout-flow wp-block-column-is-layout-flow\">\n<h3 class=\"wp-block-heading\">Un travail d&rsquo;\u00e9quipe dans notre Tac-Tic Room : action games \u00e0 Epinal ! <\/h3>\n\n\n\n<p>R\u00e9unissez vos plus courageux \u00e9quipiers en une \u00e9quipe invincible de 3 \u00e0 5 personnes. Choisissez bien, car pour d\u00e9bloquer les \u00e9nigmes, plusieurs profils sont requis pour r\u00e9ussir cette aventure \u00e0 Epinal ! Alors enfilez vos bracelets connect\u00e9s \u00e0 nos cellules TAC-TIC ROOM, et foncez \u2026<\/p>\n\n\n\n<ul class=\"wp-block-list\">\n<li><strong>Dext\u00e9rit\u00e9<\/strong> : certaines de nos salles \u00e0 d\u00e9bloqu\u00e9es sont r\u00e9serv\u00e9es aux plus agiles d&rsquo;entre-vous<\/li>\n\n\n\n<li><strong>R\u00e9flexion<\/strong> : c&rsquo;est vous le cerveau de la bande ? Alors prenez les rennes pour d\u00e9bloquer ces cellules<\/li>\n\n\n\n<li><strong>Physique<\/strong> : vous avez de l&rsquo;endurance, vous \u00eates vif ? C&rsquo;est vous le chef de la prochaine \u00e9preuve!<\/li>\n<\/ul>\n<\/div>\n<\/div>\n\n\n\n<div class=\"wp-block-columns is-not-stacked-on-mobile is-layout-flex wp-container-core-columns-is-layout-9d6595d7 wp-block-columns-is-layout-flex\">\n<div class=\"wp-block-column is-layout-flow wp-block-column-is-layout-flow\">\n<h3 class=\"wp-block-heading\">Des salles in\u00e9dites<\/h3>\n\n\n\n<p><strong>Le Tac-Tic Room<\/strong>, notre activit\u00e9 d&rsquo;action games \u00e0 Epinal est dot\u00e9 de 16 salles. Le chronom\u00e8tre s&rsquo;active, et vous ne disposez que de quelques minutes pour r\u00e9soudre l&rsquo;\u00e9nigme qui se trouve sous vos yeux&#8230; Faites preuve de sang-froid, ou vous n&rsquo;en sortirez pas vainqueurs. Rappelez-vous : chaque seconde compte dans le Tac-Tic Room !<\/p>\n\n\n\n<figure class=\"wp-block-embed is-type-video is-provider-youtube wp-block-embed-youtube wp-embed-aspect-16-9 wp-has-aspect-ratio\"><div class=\"wp-block-embed__wrapper\">\n<iframe loading=\"lazy\" title=\"Tac-Tic Room (action games) : TETRIS\" width=\"525\" height=\"295\" src=\"https:\/\/www.youtube.com\/embed\/S_OToOhuAHc?feature=oembed\" frameborder=\"0\" allow=\"accelerometer; autoplay; clipboard-write; encrypted-media; gyroscope; picture-in-picture; web-share\" referrerpolicy=\"strict-origin-when-cross-origin\" allowfullscreen><\/iframe>\n<\/div><\/figure>\n<\/div>\n<\/div>\n\n\n\n<h3 class=\"wp-block-heading has-text-align-left\">Des action games pour tous les \u00e2ges \u00e0 Epinal !<\/h3>\n\n\n\n<div class=\"wp-block-columns is-not-stacked-on-mobile is-layout-flex wp-container-core-columns-is-layout-9d6595d7 wp-block-columns-is-layout-flex\">\n<div class=\"wp-block-column is-layout-flow wp-block-column-is-layout-flow\">\n<p><strong>Nous conseillons le jeu \u00e0 partir de 8 ans<\/strong> ! Si tu as moins de 12 ans, il est pr\u00e9f\u00e9rable qu&rsquo;un adulte soit dans ton \u00e9quipe pour maximiser tes chances et faire gagner le plus de points \u00e0 ton \u00e9quipe ! <\/p>\n\n\n\n<p><strong>R\u00e9coltez le maximum de points et d\u00e9bloquez le +de salles possibles<\/strong> : une salle vous donne du fil \u00e0 retordre ? Vous pouvez la recommencer autant que fois que vous le souhaitez !**.<\/p>\n<\/div>\n<\/div>\n\n\n\n<p> <br>** Selon disponibilit\u00e9<\/p>\n\n\n\n<hr class=\"wp-block-separator has-css-opacity\"\/>\n\n\n\n<div class=\"wp-block-columns is-not-stacked-on-mobile is-layout-flex wp-container-core-columns-is-layout-9d6595d7 wp-block-columns-is-layout-flex\">\n<div class=\"wp-block-column is-layout-flow wp-block-column-is-layout-flow\">\n<h4 class=\"wp-block-heading\"><a href=\"https:\/\/www.labrasserie-1055.fr\/\">\u2197 Restez manger ! <\/a><\/h4>\n\n\n\n<p>Avec notre restaurant, la journ\u00e9e sera id\u00e9ale au 10\u00b755 ! <\/p>\n\n\n\n<figure class=\"wp-block-image size-full\"><img loading=\"lazy\" decoding=\"async\" width=\"900\" height=\"160\" src=\"https:\/\/www.1055.fr\/epinal\/contenu\/uploads\/2025\/06\/BRASSERIE_DU_10_55-PetiteBannie\u00a6Cre-complexe-de-loisirs.jpg\" alt=\"\" class=\"wp-image-10322\" srcset=\"https:\/\/www.1055.fr\/epinal\/contenu\/uploads\/2025\/06\/BRASSERIE_DU_10_55-PetiteBannie\u00a6Cre-complexe-de-loisirs.jpg 900w, https:\/\/www.1055.fr\/epinal\/contenu\/uploads\/2025\/06\/BRASSERIE_DU_10_55-PetiteBannie\u00a6Cre-complexe-de-loisirs-300x53.jpg 300w, https:\/\/www.1055.fr\/epinal\/contenu\/uploads\/2025\/06\/BRASSERIE_DU_10_55-PetiteBannie\u00a6Cre-complexe-de-loisirs-768x137.jpg 768w, https:\/\/www.1055.fr\/epinal\/contenu\/uploads\/2025\/06\/BRASSERIE_DU_10_55-PetiteBannie\u00a6Cre-complexe-de-loisirs-24x4.jpg 24w, https:\/\/www.1055.fr\/epinal\/contenu\/uploads\/2025\/06\/BRASSERIE_DU_10_55-PetiteBannie\u00a6Cre-complexe-de-loisirs-36x6.jpg 36w, https:\/\/www.1055.fr\/epinal\/contenu\/uploads\/2025\/06\/BRASSERIE_DU_10_55-PetiteBannie\u00a6Cre-complexe-de-loisirs-48x9.jpg 48w\" sizes=\"auto, (max-width: 767px) 89vw, (max-width: 1000px) 54vw, (max-width: 1071px) 543px, 580px\" \/><\/figure>\n<\/div>\n\n\n\n<div class=\"wp-block-column is-layout-flow wp-block-column-is-layout-flow\">\n<h4 class=\"wp-block-heading\">\u2197 R\u00e9servez vos jeux <\/h4>\n\n\n\n<p>Ne soyez pas surpris par le temps : bookez vos activit\u00e9s ! <\/p>\n\n\n\n<figure class=\"wp-block-image size-full\"><img loading=\"lazy\" decoding=\"async\" width=\"900\" height=\"160\" src=\"https:\/\/www.1055.fr\/epinal\/contenu\/uploads\/2025\/06\/PETITE-BANNIERE.png\" alt=\"\" class=\"wp-image-10313\" srcset=\"https:\/\/www.1055.fr\/epinal\/contenu\/uploads\/2025\/06\/PETITE-BANNIERE.png 900w, https:\/\/www.1055.fr\/epinal\/contenu\/uploads\/2025\/06\/PETITE-BANNIERE-300x53.png 300w, https:\/\/www.1055.fr\/epinal\/contenu\/uploads\/2025\/06\/PETITE-BANNIERE-768x137.png 768w, https:\/\/www.1055.fr\/epinal\/contenu\/uploads\/2025\/06\/PETITE-BANNIERE-24x4.png 24w, https:\/\/www.1055.fr\/epinal\/contenu\/uploads\/2025\/06\/PETITE-BANNIERE-36x6.png 36w, https:\/\/www.1055.fr\/epinal\/contenu\/uploads\/2025\/06\/PETITE-BANNIERE-48x9.png 48w\" sizes=\"auto, (max-width: 767px) 89vw, (max-width: 1000px) 54vw, (max-width: 1071px) 543px, 580px\" \/><\/figure>\n<\/div>\n<\/div>\n\n\n\n<p><\/p>\n","protected":false},"excerpt":{"rendered":"<p>D\u00e9couvrez Tac-Tic Room, notre action game &#8230; Des salles \u00e0 d\u00e9bloquer en un temps record, relevez le d\u00e9fi ! <\/p>\n","protected":false},"author":10,"featured_media":10154,"parent":221,"menu_order":0,"comment_status":"closed","ping_status":"closed","template":"page-activite.php","meta":{"_acf_changed":false,"footnotes":""},"class_list":["post-6312","page","type-page","status-publish","has-post-thumbnail","hentry"],"acf":[],"yoast_head":"<!-- This site is optimized with the Yoast SEO plugin v25.9 - https:\/\/yoast.com\/wordpress\/plugins\/seo\/ -->\n<title>Tac-Tic Room : action games \u00e0 Epinal<\/title>\n<meta name=\"description\" content=\"Dans notre complexe d&#039;activit\u00e9s Indoor g\u00e9ant d\u00e9couvrez la Tac-Tic Room, action games derni\u00e8res g\u00e9n\u00e9ration \u00e0 Epinal\" \/>\n<meta name=\"robots\" content=\"index, follow, max-snippet:-1, max-image-preview:large, max-video-preview:-1\" \/>\n<link rel=\"canonical\" href=\"https:\/\/www.1055.fr\/epinal\/activites\/action-games-tac-tic-room\/\" \/>\n<meta property=\"og:locale\" content=\"fr_FR\" \/>\n<meta property=\"og:type\" content=\"article\" \/>\n<meta property=\"og:title\" content=\"Tac-Tic Room : notre jeu immersif derni\u00e8re g\u00e9n\u00e9ration\" \/>\n<meta property=\"og:description\" content=\"En famille, entre potes, ou pour un Team Building ... Toutes les occasions sont bonnes pour tester notre activit\u00e9 immersive Tac-Tic Room ! Composez votre \u00e9quipe et tentez de d\u00e9bloquer le maximum de salle, le plus vite possible ! Tac-Tic Room : chaque seconde compte.\" \/>\n<meta property=\"og:url\" content=\"https:\/\/www.1055.fr\/epinal\/activites\/action-games-tac-tic-room\/\" \/>\n<meta property=\"og:site_name\" content=\"1055 Epinal\" \/>\n<meta property=\"article:modified_time\" content=\"2025-10-28T14:14:00+00:00\" \/>\n<meta name=\"twitter:card\" content=\"summary_large_image\" \/>\n<meta name=\"twitter:image\" content=\"https:\/\/www.1055.fr\/epinal\/contenu\/uploads\/2024\/07\/Tactic-Room-1_1800x360.jpg\" \/>\n<meta name=\"twitter:label1\" content=\"Dur\u00e9e de lecture estim\u00e9e\" \/>\n\t<meta name=\"twitter:data1\" content=\"3 minutes\" \/>\n<script type=\"application\/ld+json\" class=\"yoast-schema-graph\">{\"@context\":\"https:\/\/schema.org\",\"@graph\":[{\"@type\":\"WebPage\",\"@id\":\"https:\/\/www.1055.fr\/epinal\/activites\/action-games-tac-tic-room\/\",\"url\":\"https:\/\/www.1055.fr\/epinal\/activites\/action-games-tac-tic-room\/\",\"name\":\"Tac-Tic Room : action games \u00e0 Epinal\",\"isPartOf\":{\"@id\":\"https:\/\/www.1055.fr\/epinal\/#website\"},\"primaryImageOfPage\":{\"@id\":\"https:\/\/www.1055.fr\/epinal\/activites\/action-games-tac-tic-room\/#primaryimage\"},\"image\":{\"@id\":\"https:\/\/www.1055.fr\/epinal\/activites\/action-games-tac-tic-room\/#primaryimage\"},\"thumbnailUrl\":\"https:\/\/www.1055.fr\/epinal\/contenu\/uploads\/2024\/07\/Tactic-Room-1_1800x360.jpg\",\"datePublished\":\"2021-05-10T12:36:20+00:00\",\"dateModified\":\"2025-10-28T14:14:00+00:00\",\"description\":\"Dans notre complexe d'activit\u00e9s Indoor g\u00e9ant d\u00e9couvrez la Tac-Tic Room, action games derni\u00e8res g\u00e9n\u00e9ration \u00e0 Epinal\",\"breadcrumb\":{\"@id\":\"https:\/\/www.1055.fr\/epinal\/activites\/action-games-tac-tic-room\/#breadcrumb\"},\"inLanguage\":\"fr-FR\",\"potentialAction\":[{\"@type\":\"ReadAction\",\"target\":[\"https:\/\/www.1055.fr\/epinal\/activites\/action-games-tac-tic-room\/\"]}]},{\"@type\":\"ImageObject\",\"inLanguage\":\"fr-FR\",\"@id\":\"https:\/\/www.1055.fr\/epinal\/activites\/action-games-tac-tic-room\/#primaryimage\",\"url\":\"https:\/\/www.1055.fr\/epinal\/contenu\/uploads\/2024\/07\/Tactic-Room-1_1800x360.jpg\",\"contentUrl\":\"https:\/\/www.1055.fr\/epinal\/contenu\/uploads\/2024\/07\/Tactic-Room-1_1800x360.jpg\",\"width\":1800,\"height\":360},{\"@type\":\"BreadcrumbList\",\"@id\":\"https:\/\/www.1055.fr\/epinal\/activites\/action-games-tac-tic-room\/#breadcrumb\",\"itemListElement\":[{\"@type\":\"ListItem\",\"position\":1,\"name\":\"Home\",\"item\":\"https:\/\/www.1055.fr\/epinal\/\"},{\"@type\":\"ListItem\",\"position\":2,\"name\":\"Activit\u00e9s\",\"item\":\"https:\/\/www.1055.fr\/epinal\/activites\/\"},{\"@type\":\"ListItem\",\"position\":3,\"name\":\"Tac-Tic Room\"}]},{\"@type\":\"WebSite\",\"@id\":\"https:\/\/www.1055.fr\/epinal\/#website\",\"url\":\"https:\/\/www.1055.fr\/epinal\/\",\"name\":\"1055 Epinal\",\"description\":\"\",\"potentialAction\":[{\"@type\":\"SearchAction\",\"target\":{\"@type\":\"EntryPoint\",\"urlTemplate\":\"https:\/\/www.1055.fr\/epinal\/?s={search_term_string}\"},\"query-input\":{\"@type\":\"PropertyValueSpecification\",\"valueRequired\":true,\"valueName\":\"search_term_string\"}}],\"inLanguage\":\"fr-FR\"}]}<\/script>\n<!-- \/ Yoast SEO plugin. -->","yoast_head_json":{"title":"Tac-Tic Room : action games \u00e0 Epinal","description":"Dans notre complexe d'activit\u00e9s Indoor g\u00e9ant d\u00e9couvrez la Tac-Tic Room, action games derni\u00e8res g\u00e9n\u00e9ration \u00e0 Epinal","robots":{"index":"index","follow":"follow","max-snippet":"max-snippet:-1","max-image-preview":"max-image-preview:large","max-video-preview":"max-video-preview:-1"},"canonical":"https:\/\/www.1055.fr\/epinal\/activites\/action-games-tac-tic-room\/","og_locale":"fr_FR","og_type":"article","og_title":"Tac-Tic Room : notre jeu immersif derni\u00e8re g\u00e9n\u00e9ration","og_description":"En famille, entre potes, ou pour un Team Building ... Toutes les occasions sont bonnes pour tester notre activit\u00e9 immersive Tac-Tic Room ! Composez votre \u00e9quipe et tentez de d\u00e9bloquer le maximum de salle, le plus vite possible ! Tac-Tic Room : chaque seconde compte.","og_url":"https:\/\/www.1055.fr\/epinal\/activites\/action-games-tac-tic-room\/","og_site_name":"1055 Epinal","article_modified_time":"2025-10-28T14:14:00+00:00","twitter_card":"summary_large_image","twitter_image":"https:\/\/www.1055.fr\/epinal\/contenu\/uploads\/2024\/07\/Tactic-Room-1_1800x360.jpg","twitter_misc":{"Dur\u00e9e de lecture estim\u00e9e":"3 minutes"},"schema":{"@context":"https:\/\/schema.org","@graph":[{"@type":"WebPage","@id":"https:\/\/www.1055.fr\/epinal\/activites\/action-games-tac-tic-room\/","url":"https:\/\/www.1055.fr\/epinal\/activites\/action-games-tac-tic-room\/","name":"Tac-Tic Room : action games \u00e0 Epinal","isPartOf":{"@id":"https:\/\/www.1055.fr\/epinal\/#website"},"primaryImageOfPage":{"@id":"https:\/\/www.1055.fr\/epinal\/activites\/action-games-tac-tic-room\/#primaryimage"},"image":{"@id":"https:\/\/www.1055.fr\/epinal\/activites\/action-games-tac-tic-room\/#primaryimage"},"thumbnailUrl":"https:\/\/www.1055.fr\/epinal\/contenu\/uploads\/2024\/07\/Tactic-Room-1_1800x360.jpg","datePublished":"2021-05-10T12:36:20+00:00","dateModified":"2025-10-28T14:14:00+00:00","description":"Dans notre complexe d'activit\u00e9s Indoor g\u00e9ant d\u00e9couvrez la Tac-Tic Room, action games derni\u00e8res g\u00e9n\u00e9ration \u00e0 Epinal","breadcrumb":{"@id":"https:\/\/www.1055.fr\/epinal\/activites\/action-games-tac-tic-room\/#breadcrumb"},"inLanguage":"fr-FR","potentialAction":[{"@type":"ReadAction","target":["https:\/\/www.1055.fr\/epinal\/activites\/action-games-tac-tic-room\/"]}]},{"@type":"ImageObject","inLanguage":"fr-FR","@id":"https:\/\/www.1055.fr\/epinal\/activites\/action-games-tac-tic-room\/#primaryimage","url":"https:\/\/www.1055.fr\/epinal\/contenu\/uploads\/2024\/07\/Tactic-Room-1_1800x360.jpg","contentUrl":"https:\/\/www.1055.fr\/epinal\/contenu\/uploads\/2024\/07\/Tactic-Room-1_1800x360.jpg","width":1800,"height":360},{"@type":"BreadcrumbList","@id":"https:\/\/www.1055.fr\/epinal\/activites\/action-games-tac-tic-room\/#breadcrumb","itemListElement":[{"@type":"ListItem","position":1,"name":"Home","item":"https:\/\/www.1055.fr\/epinal\/"},{"@type":"ListItem","position":2,"name":"Activit\u00e9s","item":"https:\/\/www.1055.fr\/epinal\/activites\/"},{"@type":"ListItem","position":3,"name":"Tac-Tic Room"}]},{"@type":"WebSite","@id":"https:\/\/www.1055.fr\/epinal\/#website","url":"https:\/\/www.1055.fr\/epinal\/","name":"1055 Epinal","description":"","potentialAction":[{"@type":"SearchAction","target":{"@type":"EntryPoint","urlTemplate":"https:\/\/www.1055.fr\/epinal\/?s={search_term_string}"},"query-input":{"@type":"PropertyValueSpecification","valueRequired":true,"valueName":"search_term_string"}}],"inLanguage":"fr-FR"}]}},"_links":{"self":[{"href":"https:\/\/www.1055.fr\/epinal\/wp-json\/wp\/v2\/pages\/6312","targetHints":{"allow":["GET"]}}],"collection":[{"href":"https:\/\/www.1055.fr\/epinal\/wp-json\/wp\/v2\/pages"}],"about":[{"href":"https:\/\/www.1055.fr\/epinal\/wp-json\/wp\/v2\/types\/page"}],"author":[{"embeddable":true,"href":"https:\/\/www.1055.fr\/epinal\/wp-json\/wp\/v2\/users\/10"}],"replies":[{"embeddable":true,"href":"https:\/\/www.1055.fr\/epinal\/wp-json\/wp\/v2\/comments?post=6312"}],"version-history":[{"count":2,"href":"https:\/\/www.1055.fr\/epinal\/wp-json\/wp\/v2\/pages\/6312\/revisions"}],"predecessor-version":[{"id":10771,"href":"https:\/\/www.1055.fr\/epinal\/wp-json\/wp\/v2\/pages\/6312\/revisions\/10771"}],"up":[{"embeddable":true,"href":"https:\/\/www.1055.fr\/epinal\/wp-json\/wp\/v2\/pages\/221"}],"wp:featuredmedia":[{"embeddable":true,"href":"https:\/\/www.1055.fr\/epinal\/wp-json\/wp\/v2\/media\/10154"}],"wp:attachment":[{"href":"https:\/\/www.1055.fr\/epinal\/wp-json\/wp\/v2\/media?parent=6312"}],"curies":[{"name":"wp","href":"https:\/\/api.w.org\/{rel}","templated":true}]}}