{"id":6304,"date":"2021-05-10T13:52:19","date_gmt":"2021-05-10T11:52:19","guid":{"rendered":"https:\/\/www.1055.fr\/chalon\/?page_id=6304"},"modified":"2025-10-07T11:44:03","modified_gmt":"2025-10-07T09:44:03","slug":"jeux-arcades","status":"publish","type":"page","link":"https:\/\/www.1055.fr\/epinal\/activites\/jeux-arcades\/","title":{"rendered":"Jeux d&rsquo;arcade"},"content":{"rendered":"\n<h2 class=\"wp-block-heading\">Des jeux d&rsquo;arcade pour toute la famille et tous les potes !<\/h2>\n\n\n\n<p>Un peu d&rsquo;attente au bowling ? Un pari \u00e0 relever ? Une boisson \u00e0 boire autour d&rsquo;un jeu sympa ? <strong>D\u00e9couvrez tous nos jeux d&rsquo;arcade disponibles au 10<\/strong>\u00b7<strong>55<\/strong><\/p>\n\n\n<div class=\"wp-block-image\">\n<figure class=\"aligncenter is-resized\"><img decoding=\"async\" src=\"https:\/\/www.1055.fr\/chalon\/contenu\/uploads\/2021\/05\/PICTO-ESPACE-LOISIRS1055-283x300.png\" alt=\"\" class=\"wp-image-6294\" style=\"width:142px;height:auto\"\/><\/figure>\n<\/div>\n\n\n<p><\/p>\n\n\n\n<p>Flipper, baby-foot, billard, simulateur de rally, paniers de basket &#8230; Il y a m\u00eame des jeux pour les touts-petits \u00e0 base de petits dragons volants !<\/p>\n\n\n\n<p>N&rsquo;h\u00e9sitez plus \u00e0 venir vous \u00e9clater au 10 55 : commencez par une partie de bowling, faites une super pause repas \u00e0 la Brasserie du 10 55 et prenez votre revanche en cl\u00f4turant la soir\u00e9e par une partie de billard.<\/p>\n","protected":false},"excerpt":{"rendered":"<p>Des jeux d&rsquo;arcade pour toute la famille et tous les potes ! Un peu d&rsquo;attente au bowling ? Un pari &hellip;<\/p>\n","protected":false},"author":10,"featured_media":10153,"parent":221,"menu_order":0,"comment_status":"closed","ping_status":"closed","template":"page-activite.php","meta":{"_acf_changed":false,"footnotes":""},"class_list":["post-6304","page","type-page","status-publish","has-post-thumbnail","hentry"],"acf":[],"yoast_head":"<!-- This site is optimized with the Yoast SEO plugin v25.9 - https:\/\/yoast.com\/wordpress\/plugins\/seo\/ -->\n<title>Jeux d&#039;arcade | Le 10\u00b755 complexe de Loisirs Indoor g\u00e9ant<\/title>\n<meta name=\"description\" content=\"Vous trouverez \u00e9galement des jeux d&#039;arcade dans l&#039;enceinte du 10 55. Flipper, baby-foot, paniers de basket, billards ...\" \/>\n<meta name=\"robots\" content=\"index, follow, max-snippet:-1, max-image-preview:large, max-video-preview:-1\" \/>\n<link rel=\"canonical\" href=\"https:\/\/www.1055.fr\/epinal\/activites\/jeux-arcades\/\" \/>\n<meta property=\"og:locale\" content=\"fr_FR\" \/>\n<meta property=\"og:type\" content=\"article\" \/>\n<meta property=\"og:title\" content=\"Jeux d&#039;arcade | Le 10\u00b755 complexe de Loisirs Indoor g\u00e9ant\" \/>\n<meta property=\"og:description\" content=\"Vous trouverez \u00e9galement des jeux d&#039;arcade dans l&#039;enceinte du 10 55. Flipper, baby-foot, paniers de basket, billards ...\" \/>\n<meta property=\"og:url\" content=\"https:\/\/www.1055.fr\/epinal\/activites\/jeux-arcades\/\" \/>\n<meta property=\"og:site_name\" content=\"1055 Epinal\" \/>\n<meta property=\"article:modified_time\" content=\"2025-10-07T09:44:03+00:00\" \/>\n<meta property=\"og:image\" content=\"https:\/\/www.1055.fr\/epinal\/contenu\/uploads\/2024\/07\/arcade.jpg\" \/>\n\t<meta property=\"og:image:width\" content=\"1800\" \/>\n\t<meta property=\"og:image:height\" content=\"360\" \/>\n\t<meta property=\"og:image:type\" content=\"image\/jpeg\" \/>\n<meta name=\"twitter:card\" content=\"summary_large_image\" \/>\n<meta name=\"twitter:label1\" content=\"Dur\u00e9e de lecture estim\u00e9e\" \/>\n\t<meta name=\"twitter:data1\" content=\"1 minute\" \/>\n<script type=\"application\/ld+json\" class=\"yoast-schema-graph\">{\"@context\":\"https:\/\/schema.org\",\"@graph\":[{\"@type\":\"WebPage\",\"@id\":\"https:\/\/www.1055.fr\/epinal\/activites\/jeux-arcades\/\",\"url\":\"https:\/\/www.1055.fr\/epinal\/activites\/jeux-arcades\/\",\"name\":\"Jeux d'arcade | Le 10\u00b755 complexe de Loisirs Indoor g\u00e9ant\",\"isPartOf\":{\"@id\":\"https:\/\/www.1055.fr\/epinal\/#website\"},\"primaryImageOfPage\":{\"@id\":\"https:\/\/www.1055.fr\/epinal\/activites\/jeux-arcades\/#primaryimage\"},\"image\":{\"@id\":\"https:\/\/www.1055.fr\/epinal\/activites\/jeux-arcades\/#primaryimage\"},\"thumbnailUrl\":\"https:\/\/www.1055.fr\/epinal\/contenu\/uploads\/2024\/07\/arcade.jpg\",\"datePublished\":\"2021-05-10T11:52:19+00:00\",\"dateModified\":\"2025-10-07T09:44:03+00:00\",\"description\":\"Vous trouverez \u00e9galement des jeux d'arcade dans l'enceinte du 10 55. Flipper, baby-foot, paniers de basket, billards ...\",\"breadcrumb\":{\"@id\":\"https:\/\/www.1055.fr\/epinal\/activites\/jeux-arcades\/#breadcrumb\"},\"inLanguage\":\"fr-FR\",\"potentialAction\":[{\"@type\":\"ReadAction\",\"target\":[\"https:\/\/www.1055.fr\/epinal\/activites\/jeux-arcades\/\"]}]},{\"@type\":\"ImageObject\",\"inLanguage\":\"fr-FR\",\"@id\":\"https:\/\/www.1055.fr\/epinal\/activites\/jeux-arcades\/#primaryimage\",\"url\":\"https:\/\/www.1055.fr\/epinal\/contenu\/uploads\/2024\/07\/arcade.jpg\",\"contentUrl\":\"https:\/\/www.1055.fr\/epinal\/contenu\/uploads\/2024\/07\/arcade.jpg\",\"width\":1800,\"height\":360},{\"@type\":\"BreadcrumbList\",\"@id\":\"https:\/\/www.1055.fr\/epinal\/activites\/jeux-arcades\/#breadcrumb\",\"itemListElement\":[{\"@type\":\"ListItem\",\"position\":1,\"name\":\"Home\",\"item\":\"https:\/\/www.1055.fr\/epinal\/\"},{\"@type\":\"ListItem\",\"position\":2,\"name\":\"Activit\u00e9s\",\"item\":\"https:\/\/www.1055.fr\/epinal\/activites\/\"},{\"@type\":\"ListItem\",\"position\":3,\"name\":\"Jeux d&#8217;arcade\"}]},{\"@type\":\"WebSite\",\"@id\":\"https:\/\/www.1055.fr\/epinal\/#website\",\"url\":\"https:\/\/www.1055.fr\/epinal\/\",\"name\":\"1055 Epinal\",\"description\":\"\",\"potentialAction\":[{\"@type\":\"SearchAction\",\"target\":{\"@type\":\"EntryPoint\",\"urlTemplate\":\"https:\/\/www.1055.fr\/epinal\/?s={search_term_string}\"},\"query-input\":{\"@type\":\"PropertyValueSpecification\",\"valueRequired\":true,\"valueName\":\"search_term_string\"}}],\"inLanguage\":\"fr-FR\"}]}<\/script>\n<!-- \/ Yoast SEO plugin. -->","yoast_head_json":{"title":"Jeux d'arcade | Le 10\u00b755 complexe de Loisirs Indoor g\u00e9ant","description":"Vous trouverez \u00e9galement des jeux d'arcade dans l'enceinte du 10 55. Flipper, baby-foot, paniers de basket, billards ...","robots":{"index":"index","follow":"follow","max-snippet":"max-snippet:-1","max-image-preview":"max-image-preview:large","max-video-preview":"max-video-preview:-1"},"canonical":"https:\/\/www.1055.fr\/epinal\/activites\/jeux-arcades\/","og_locale":"fr_FR","og_type":"article","og_title":"Jeux d'arcade | Le 10\u00b755 complexe de Loisirs Indoor g\u00e9ant","og_description":"Vous trouverez \u00e9galement des jeux d'arcade dans l'enceinte du 10 55. Flipper, baby-foot, paniers de basket, billards ...","og_url":"https:\/\/www.1055.fr\/epinal\/activites\/jeux-arcades\/","og_site_name":"1055 Epinal","article_modified_time":"2025-10-07T09:44:03+00:00","og_image":[{"width":1800,"height":360,"url":"https:\/\/www.1055.fr\/epinal\/contenu\/uploads\/2024\/07\/arcade.jpg","type":"image\/jpeg"}],"twitter_card":"summary_large_image","twitter_misc":{"Dur\u00e9e de lecture estim\u00e9e":"1 minute"},"schema":{"@context":"https:\/\/schema.org","@graph":[{"@type":"WebPage","@id":"https:\/\/www.1055.fr\/epinal\/activites\/jeux-arcades\/","url":"https:\/\/www.1055.fr\/epinal\/activites\/jeux-arcades\/","name":"Jeux d'arcade | Le 10\u00b755 complexe de Loisirs Indoor g\u00e9ant","isPartOf":{"@id":"https:\/\/www.1055.fr\/epinal\/#website"},"primaryImageOfPage":{"@id":"https:\/\/www.1055.fr\/epinal\/activites\/jeux-arcades\/#primaryimage"},"image":{"@id":"https:\/\/www.1055.fr\/epinal\/activites\/jeux-arcades\/#primaryimage"},"thumbnailUrl":"https:\/\/www.1055.fr\/epinal\/contenu\/uploads\/2024\/07\/arcade.jpg","datePublished":"2021-05-10T11:52:19+00:00","dateModified":"2025-10-07T09:44:03+00:00","description":"Vous trouverez \u00e9galement des jeux d'arcade dans l'enceinte du 10 55. Flipper, baby-foot, paniers de basket, billards ...","breadcrumb":{"@id":"https:\/\/www.1055.fr\/epinal\/activites\/jeux-arcades\/#breadcrumb"},"inLanguage":"fr-FR","potentialAction":[{"@type":"ReadAction","target":["https:\/\/www.1055.fr\/epinal\/activites\/jeux-arcades\/"]}]},{"@type":"ImageObject","inLanguage":"fr-FR","@id":"https:\/\/www.1055.fr\/epinal\/activites\/jeux-arcades\/#primaryimage","url":"https:\/\/www.1055.fr\/epinal\/contenu\/uploads\/2024\/07\/arcade.jpg","contentUrl":"https:\/\/www.1055.fr\/epinal\/contenu\/uploads\/2024\/07\/arcade.jpg","width":1800,"height":360},{"@type":"BreadcrumbList","@id":"https:\/\/www.1055.fr\/epinal\/activites\/jeux-arcades\/#breadcrumb","itemListElement":[{"@type":"ListItem","position":1,"name":"Home","item":"https:\/\/www.1055.fr\/epinal\/"},{"@type":"ListItem","position":2,"name":"Activit\u00e9s","item":"https:\/\/www.1055.fr\/epinal\/activites\/"},{"@type":"ListItem","position":3,"name":"Jeux d&#8217;arcade"}]},{"@type":"WebSite","@id":"https:\/\/www.1055.fr\/epinal\/#website","url":"https:\/\/www.1055.fr\/epinal\/","name":"1055 Epinal","description":"","potentialAction":[{"@type":"SearchAction","target":{"@type":"EntryPoint","urlTemplate":"https:\/\/www.1055.fr\/epinal\/?s={search_term_string}"},"query-input":{"@type":"PropertyValueSpecification","valueRequired":true,"valueName":"search_term_string"}}],"inLanguage":"fr-FR"}]}},"_links":{"self":[{"href":"https:\/\/www.1055.fr\/epinal\/wp-json\/wp\/v2\/pages\/6304","targetHints":{"allow":["GET"]}}],"collection":[{"href":"https:\/\/www.1055.fr\/epinal\/wp-json\/wp\/v2\/pages"}],"about":[{"href":"https:\/\/www.1055.fr\/epinal\/wp-json\/wp\/v2\/types\/page"}],"author":[{"embeddable":true,"href":"https:\/\/www.1055.fr\/epinal\/wp-json\/wp\/v2\/users\/10"}],"replies":[{"embeddable":true,"href":"https:\/\/www.1055.fr\/epinal\/wp-json\/wp\/v2\/comments?post=6304"}],"version-history":[{"count":2,"href":"https:\/\/www.1055.fr\/epinal\/wp-json\/wp\/v2\/pages\/6304\/revisions"}],"predecessor-version":[{"id":10711,"href":"https:\/\/www.1055.fr\/epinal\/wp-json\/wp\/v2\/pages\/6304\/revisions\/10711"}],"up":[{"embeddable":true,"href":"https:\/\/www.1055.fr\/epinal\/wp-json\/wp\/v2\/pages\/221"}],"wp:featuredmedia":[{"embeddable":true,"href":"https:\/\/www.1055.fr\/epinal\/wp-json\/wp\/v2\/media\/10153"}],"wp:attachment":[{"href":"https:\/\/www.1055.fr\/epinal\/wp-json\/wp\/v2\/media?parent=6304"}],"curies":[{"name":"wp","href":"https:\/\/api.w.org\/{rel}","templated":true}]}}