{"id":63,"date":"2025-09-16T11:56:06","date_gmt":"2025-09-16T09:56:06","guid":{"rendered":"\/chalon\/laser-game\/"},"modified":"2025-10-15T11:50:52","modified_gmt":"2025-10-15T09:50:52","slug":"laser-game","status":"publish","type":"page","link":"https:\/\/www.1055.fr\/epinal\/activites\/laser-game\/","title":{"rendered":"Laser game"},"content":{"rendered":"\n<h2 class=\"wp-block-heading\">Laser Game \u00e0 Epinal \u2013 Au 10\u00b755 \u00e0 Epinal !<\/h2>\n\n\n<div class=\"wp-block-image\">\n<figure class=\"aligncenter size-large is-resized\"><img loading=\"lazy\" decoding=\"async\" width=\"1024\" height=\"683\" src=\"https:\/\/www.1055.fr\/epinal\/contenu\/uploads\/2025\/06\/30-1024x683.jpg\" alt=\"\" class=\"wp-image-10344\" style=\"width:504px;height:auto\" srcset=\"https:\/\/www.1055.fr\/epinal\/contenu\/uploads\/2025\/06\/30-1024x683.jpg 1024w, https:\/\/www.1055.fr\/epinal\/contenu\/uploads\/2025\/06\/30-300x200.jpg 300w, https:\/\/www.1055.fr\/epinal\/contenu\/uploads\/2025\/06\/30-768x512.jpg 768w, https:\/\/www.1055.fr\/epinal\/contenu\/uploads\/2025\/06\/30-1536x1024.jpg 1536w, https:\/\/www.1055.fr\/epinal\/contenu\/uploads\/2025\/06\/30-2048x1366.jpg 2048w, https:\/\/www.1055.fr\/epinal\/contenu\/uploads\/2025\/06\/30-24x16.jpg 24w, https:\/\/www.1055.fr\/epinal\/contenu\/uploads\/2025\/06\/30-36x24.jpg 36w, https:\/\/www.1055.fr\/epinal\/contenu\/uploads\/2025\/06\/30-48x32.jpg 48w\" sizes=\"auto, (max-width: 767px) 89vw, (max-width: 1000px) 54vw, (max-width: 1071px) 543px, 580px\" \/><\/figure>\n<\/div>\n\n\n<h3 class=\"wp-block-heading\">Plongez dans l\u2019action avec notre Laser Game <\/h3>\n\n\n\n<p>Envie de vivre une exp\u00e9rience 100% adr\u00e9naline \u00e0 Epinal? Le <strong>Laser Game du 10\u00b755<\/strong> dans les Vosges \u00e0 Epinal est l\u2019activit\u00e9 id\u00e9ale pour d\u00e9fier vos proches dans une ambiance immersive et futuriste. Entre amis, en famille ou entre coll\u00e8gues, plongez dans un labyrinthe obscur et affrontez-vous laser en main dans un d\u00e9cor ultra moderne !<\/p>\n\n\n\n<h3 class=\"wp-block-heading\">Un terrain de jeu grandeur nature<\/h3>\n\n\n\n<p>Notre ar\u00e8ne de <strong>Laser Game<\/strong> est con\u00e7ue pour vous faire vivre une v\u00e9ritable aventure. \u00c9clairages LED, fum\u00e9e, cachettes strat\u00e9giques, musiques dynamiques\u2026 Tout est pens\u00e9 pour vous faire vibrer pendant la partie. Que vous soyez d\u00e9butant ou joueur aguerri, les sensations sont garanties !<\/p>\n\n\n\n<h3 class=\"wp-block-heading\">Pour tous les \u00e2ges et toutes les occasions<\/h3>\n\n\n\n<p>Accessible d\u00e8s 7 ans, le Laser Game du <strong>10\u00b755 Epinal<\/strong> est une activit\u00e9 parfaite pour un <strong>anniversaire<\/strong>, un <strong>EVG\/EVJF<\/strong>, ou un <strong>team building d&rsquo;entreprise<\/strong>. Formez vos \u00e9quipes et lancez-vous dans une partie pleine de rebondissements !<\/p>\n\n\n\n<h3 class=\"wp-block-heading\">Un moment \u00e0 prolonger autour d\u2019un verre ou d\u2019un repas<\/h3>\n\n\n\n<p>Apr\u00e8s l&rsquo;effort, le r\u00e9confort ! Prolongez l\u2019exp\u00e9rience en rejoignant notre <strong>brasserie<\/strong> pour un bon repas, ou faites une pause dans notre <strong>espace bar &amp; snacking<\/strong>. Le complexe 10\u00b755 vous offre une journ\u00e9e compl\u00e8te de loisirs sous le m\u00eame toit !<\/p>\n\n\n\n<hr class=\"wp-block-separator has-alpha-channel-opacity\"\/>\n\n\n\n<div class=\"wp-block-columns is-not-stacked-on-mobile is-layout-flex wp-container-core-columns-is-layout-9d6595d7 wp-block-columns-is-layout-flex\">\n<div class=\"wp-block-column is-layout-flow wp-block-column-is-layout-flow\"><\/div>\n\n\n\n<div class=\"wp-block-column is-layout-flow wp-block-column-is-layout-flow\">\n<h4 class=\"wp-block-heading\"><a href=\"https:\/\/www.linkedin.com\/company\/groupe-10-55\/\">\u2197 Le 10\u00b755 sur LinkedIn <\/a><\/h4>\n\n\n\n<p>Retrouvez-nous sur LinkedIn pour suivre toute l&rsquo;actu Pro&rsquo; ! <\/p>\n\n\n\n<figure class=\"wp-block-image size-full\"><img loading=\"lazy\" decoding=\"async\" width=\"900\" height=\"160\" src=\"https:\/\/www.1055.fr\/epinal\/contenu\/uploads\/2025\/06\/Petite-banniere_BtoC_2.png\" alt=\"\" class=\"wp-image-10296\" srcset=\"https:\/\/www.1055.fr\/epinal\/contenu\/uploads\/2025\/06\/Petite-banniere_BtoC_2.png 900w, https:\/\/www.1055.fr\/epinal\/contenu\/uploads\/2025\/06\/Petite-banniere_BtoC_2-300x53.png 300w, https:\/\/www.1055.fr\/epinal\/contenu\/uploads\/2025\/06\/Petite-banniere_BtoC_2-768x137.png 768w, https:\/\/www.1055.fr\/epinal\/contenu\/uploads\/2025\/06\/Petite-banniere_BtoC_2-24x4.png 24w, https:\/\/www.1055.fr\/epinal\/contenu\/uploads\/2025\/06\/Petite-banniere_BtoC_2-36x6.png 36w, https:\/\/www.1055.fr\/epinal\/contenu\/uploads\/2025\/06\/Petite-banniere_BtoC_2-48x9.png 48w\" sizes=\"auto, (max-width: 767px) 89vw, (max-width: 1000px) 54vw, (max-width: 1071px) 543px, 580px\" \/><\/figure>\n<\/div>\n<\/div>\n\n\n\n<p><\/p>\n","protected":false},"excerpt":{"rendered":"<p>D\u00e9couvrez notre Laser Game pour une bose dose d&rsquo;adr\u00e9naline ! <\/p>\n","protected":false},"author":10,"featured_media":10149,"parent":221,"menu_order":0,"comment_status":"closed","ping_status":"closed","template":"page-activite.php","meta":{"_acf_changed":false,"footnotes":""},"class_list":["post-63","page","type-page","status-publish","has-post-thumbnail","hentry"],"acf":[],"yoast_head":"<!-- This site is optimized with the Yoast SEO plugin v25.9 - https:\/\/yoast.com\/wordpress\/plugins\/seo\/ -->\n<title>Laser Game \u00e0 Epinal | Le 10\u00b755 Epinal<\/title>\n<meta name=\"description\" content=\"Laser game au 10\u00b755 de Epinal. R\u00e9servez vos activit\u00e9s et votre journ\u00e9e. Restaurant, bar lounge, loisirs indoor\" \/>\n<meta name=\"robots\" content=\"index, follow, max-snippet:-1, max-image-preview:large, max-video-preview:-1\" \/>\n<link rel=\"canonical\" href=\"https:\/\/www.1055.fr\/epinal\/activites\/laser-game\/\" \/>\n<meta property=\"og:locale\" content=\"fr_FR\" \/>\n<meta property=\"og:type\" content=\"article\" \/>\n<meta property=\"og:title\" content=\"Laser Game \u00e0 Epinal | Le 10\u00b755 Epinal\" \/>\n<meta property=\"og:description\" content=\"Laser game au 10\u00b755 de Epinal. R\u00e9servez vos activit\u00e9s et votre journ\u00e9e. Restaurant, bar lounge, loisirs indoor\" \/>\n<meta property=\"og:url\" content=\"https:\/\/www.1055.fr\/epinal\/activites\/laser-game\/\" \/>\n<meta property=\"og:site_name\" content=\"1055 Epinal\" \/>\n<meta property=\"article:modified_time\" content=\"2025-10-15T09:50:52+00:00\" \/>\n<meta property=\"og:image\" content=\"https:\/\/www.1055.fr\/epinal\/contenu\/uploads\/2024\/07\/laser.jpg\" \/>\n\t<meta property=\"og:image:width\" content=\"1800\" \/>\n\t<meta property=\"og:image:height\" content=\"360\" \/>\n\t<meta property=\"og:image:type\" content=\"image\/jpeg\" \/>\n<meta name=\"twitter:card\" content=\"summary_large_image\" \/>\n<meta name=\"twitter:label1\" content=\"Dur\u00e9e de lecture estim\u00e9e\" \/>\n\t<meta name=\"twitter:data1\" content=\"2 minutes\" \/>\n<script type=\"application\/ld+json\" class=\"yoast-schema-graph\">{\"@context\":\"https:\/\/schema.org\",\"@graph\":[{\"@type\":\"WebPage\",\"@id\":\"https:\/\/www.1055.fr\/epinal\/activites\/laser-game\/\",\"url\":\"https:\/\/www.1055.fr\/epinal\/activites\/laser-game\/\",\"name\":\"Laser Game \u00e0 Epinal | Le 10\u00b755 Epinal\",\"isPartOf\":{\"@id\":\"https:\/\/www.1055.fr\/epinal\/#website\"},\"primaryImageOfPage\":{\"@id\":\"https:\/\/www.1055.fr\/epinal\/activites\/laser-game\/#primaryimage\"},\"image\":{\"@id\":\"https:\/\/www.1055.fr\/epinal\/activites\/laser-game\/#primaryimage\"},\"thumbnailUrl\":\"https:\/\/www.1055.fr\/epinal\/contenu\/uploads\/2024\/07\/laser.jpg\",\"datePublished\":\"2025-09-16T09:56:06+00:00\",\"dateModified\":\"2025-10-15T09:50:52+00:00\",\"description\":\"Laser game au 10\u00b755 de Epinal. R\u00e9servez vos activit\u00e9s et votre journ\u00e9e. Restaurant, bar lounge, loisirs indoor\",\"breadcrumb\":{\"@id\":\"https:\/\/www.1055.fr\/epinal\/activites\/laser-game\/#breadcrumb\"},\"inLanguage\":\"fr-FR\",\"potentialAction\":[{\"@type\":\"ReadAction\",\"target\":[\"https:\/\/www.1055.fr\/epinal\/activites\/laser-game\/\"]}]},{\"@type\":\"ImageObject\",\"inLanguage\":\"fr-FR\",\"@id\":\"https:\/\/www.1055.fr\/epinal\/activites\/laser-game\/#primaryimage\",\"url\":\"https:\/\/www.1055.fr\/epinal\/contenu\/uploads\/2024\/07\/laser.jpg\",\"contentUrl\":\"https:\/\/www.1055.fr\/epinal\/contenu\/uploads\/2024\/07\/laser.jpg\",\"width\":1800,\"height\":360},{\"@type\":\"BreadcrumbList\",\"@id\":\"https:\/\/www.1055.fr\/epinal\/activites\/laser-game\/#breadcrumb\",\"itemListElement\":[{\"@type\":\"ListItem\",\"position\":1,\"name\":\"Home\",\"item\":\"https:\/\/www.1055.fr\/epinal\/\"},{\"@type\":\"ListItem\",\"position\":2,\"name\":\"Activit\u00e9s\",\"item\":\"https:\/\/www.1055.fr\/epinal\/activites\/\"},{\"@type\":\"ListItem\",\"position\":3,\"name\":\"Laser game\"}]},{\"@type\":\"WebSite\",\"@id\":\"https:\/\/www.1055.fr\/epinal\/#website\",\"url\":\"https:\/\/www.1055.fr\/epinal\/\",\"name\":\"1055 Epinal\",\"description\":\"\",\"potentialAction\":[{\"@type\":\"SearchAction\",\"target\":{\"@type\":\"EntryPoint\",\"urlTemplate\":\"https:\/\/www.1055.fr\/epinal\/?s={search_term_string}\"},\"query-input\":{\"@type\":\"PropertyValueSpecification\",\"valueRequired\":true,\"valueName\":\"search_term_string\"}}],\"inLanguage\":\"fr-FR\"}]}<\/script>\n<!-- \/ Yoast SEO plugin. -->","yoast_head_json":{"title":"Laser Game \u00e0 Epinal | Le 10\u00b755 Epinal","description":"Laser game au 10\u00b755 de Epinal. R\u00e9servez vos activit\u00e9s et votre journ\u00e9e. Restaurant, bar lounge, loisirs indoor","robots":{"index":"index","follow":"follow","max-snippet":"max-snippet:-1","max-image-preview":"max-image-preview:large","max-video-preview":"max-video-preview:-1"},"canonical":"https:\/\/www.1055.fr\/epinal\/activites\/laser-game\/","og_locale":"fr_FR","og_type":"article","og_title":"Laser Game \u00e0 Epinal | Le 10\u00b755 Epinal","og_description":"Laser game au 10\u00b755 de Epinal. R\u00e9servez vos activit\u00e9s et votre journ\u00e9e. Restaurant, bar lounge, loisirs indoor","og_url":"https:\/\/www.1055.fr\/epinal\/activites\/laser-game\/","og_site_name":"1055 Epinal","article_modified_time":"2025-10-15T09:50:52+00:00","og_image":[{"width":1800,"height":360,"url":"https:\/\/www.1055.fr\/epinal\/contenu\/uploads\/2024\/07\/laser.jpg","type":"image\/jpeg"}],"twitter_card":"summary_large_image","twitter_misc":{"Dur\u00e9e de lecture estim\u00e9e":"2 minutes"},"schema":{"@context":"https:\/\/schema.org","@graph":[{"@type":"WebPage","@id":"https:\/\/www.1055.fr\/epinal\/activites\/laser-game\/","url":"https:\/\/www.1055.fr\/epinal\/activites\/laser-game\/","name":"Laser Game \u00e0 Epinal | Le 10\u00b755 Epinal","isPartOf":{"@id":"https:\/\/www.1055.fr\/epinal\/#website"},"primaryImageOfPage":{"@id":"https:\/\/www.1055.fr\/epinal\/activites\/laser-game\/#primaryimage"},"image":{"@id":"https:\/\/www.1055.fr\/epinal\/activites\/laser-game\/#primaryimage"},"thumbnailUrl":"https:\/\/www.1055.fr\/epinal\/contenu\/uploads\/2024\/07\/laser.jpg","datePublished":"2025-09-16T09:56:06+00:00","dateModified":"2025-10-15T09:50:52+00:00","description":"Laser game au 10\u00b755 de Epinal. R\u00e9servez vos activit\u00e9s et votre journ\u00e9e. Restaurant, bar lounge, loisirs indoor","breadcrumb":{"@id":"https:\/\/www.1055.fr\/epinal\/activites\/laser-game\/#breadcrumb"},"inLanguage":"fr-FR","potentialAction":[{"@type":"ReadAction","target":["https:\/\/www.1055.fr\/epinal\/activites\/laser-game\/"]}]},{"@type":"ImageObject","inLanguage":"fr-FR","@id":"https:\/\/www.1055.fr\/epinal\/activites\/laser-game\/#primaryimage","url":"https:\/\/www.1055.fr\/epinal\/contenu\/uploads\/2024\/07\/laser.jpg","contentUrl":"https:\/\/www.1055.fr\/epinal\/contenu\/uploads\/2024\/07\/laser.jpg","width":1800,"height":360},{"@type":"BreadcrumbList","@id":"https:\/\/www.1055.fr\/epinal\/activites\/laser-game\/#breadcrumb","itemListElement":[{"@type":"ListItem","position":1,"name":"Home","item":"https:\/\/www.1055.fr\/epinal\/"},{"@type":"ListItem","position":2,"name":"Activit\u00e9s","item":"https:\/\/www.1055.fr\/epinal\/activites\/"},{"@type":"ListItem","position":3,"name":"Laser game"}]},{"@type":"WebSite","@id":"https:\/\/www.1055.fr\/epinal\/#website","url":"https:\/\/www.1055.fr\/epinal\/","name":"1055 Epinal","description":"","potentialAction":[{"@type":"SearchAction","target":{"@type":"EntryPoint","urlTemplate":"https:\/\/www.1055.fr\/epinal\/?s={search_term_string}"},"query-input":{"@type":"PropertyValueSpecification","valueRequired":true,"valueName":"search_term_string"}}],"inLanguage":"fr-FR"}]}},"_links":{"self":[{"href":"https:\/\/www.1055.fr\/epinal\/wp-json\/wp\/v2\/pages\/63","targetHints":{"allow":["GET"]}}],"collection":[{"href":"https:\/\/www.1055.fr\/epinal\/wp-json\/wp\/v2\/pages"}],"about":[{"href":"https:\/\/www.1055.fr\/epinal\/wp-json\/wp\/v2\/types\/page"}],"author":[{"embeddable":true,"href":"https:\/\/www.1055.fr\/epinal\/wp-json\/wp\/v2\/users\/10"}],"replies":[{"embeddable":true,"href":"https:\/\/www.1055.fr\/epinal\/wp-json\/wp\/v2\/comments?post=63"}],"version-history":[{"count":2,"href":"https:\/\/www.1055.fr\/epinal\/wp-json\/wp\/v2\/pages\/63\/revisions"}],"predecessor-version":[{"id":10748,"href":"https:\/\/www.1055.fr\/epinal\/wp-json\/wp\/v2\/pages\/63\/revisions\/10748"}],"up":[{"embeddable":true,"href":"https:\/\/www.1055.fr\/epinal\/wp-json\/wp\/v2\/pages\/221"}],"wp:featuredmedia":[{"embeddable":true,"href":"https:\/\/www.1055.fr\/epinal\/wp-json\/wp\/v2\/media\/10149"}],"wp:attachment":[{"href":"https:\/\/www.1055.fr\/epinal\/wp-json\/wp\/v2\/media?parent=63"}],"curies":[{"name":"wp","href":"https:\/\/api.w.org\/{rel}","templated":true}]}}