{"id":60,"date":"2025-09-16T11:56:06","date_gmt":"2025-09-16T09:56:06","guid":{"rendered":"\/chalon\/bowling\/"},"modified":"2025-10-17T15:32:18","modified_gmt":"2025-10-17T13:32:18","slug":"bowling","status":"publish","type":"page","link":"https:\/\/www.1055.fr\/epinal\/activites\/bowling\/","title":{"rendered":"Bowling"},"content":{"rendered":"\n<h2 class=\"wp-block-heading\">Bowling \u00e0 Epinal : 14 pistes pour s\u2019amuser entre amis, en famille ou entre coll\u00e8gues<\/h2>\n\n\n\n<p><\/p>\n\n\n<div class=\"wp-block-image\">\n<figure class=\"aligncenter size-large is-resized\"><img loading=\"lazy\" decoding=\"async\" width=\"1024\" height=\"683\" src=\"https:\/\/www.1055.fr\/epinal\/contenu\/uploads\/2025\/06\/Bowling-copie-1024x683.jpg\" alt=\"\" class=\"wp-image-10266\" style=\"width:423px;height:auto\" srcset=\"https:\/\/www.1055.fr\/epinal\/contenu\/uploads\/2025\/06\/Bowling-copie-1024x683.jpg 1024w, https:\/\/www.1055.fr\/epinal\/contenu\/uploads\/2025\/06\/Bowling-copie-300x200.jpg 300w, https:\/\/www.1055.fr\/epinal\/contenu\/uploads\/2025\/06\/Bowling-copie-768x512.jpg 768w, https:\/\/www.1055.fr\/epinal\/contenu\/uploads\/2025\/06\/Bowling-copie-1536x1024.jpg 1536w, https:\/\/www.1055.fr\/epinal\/contenu\/uploads\/2025\/06\/Bowling-copie-24x16.jpg 24w, https:\/\/www.1055.fr\/epinal\/contenu\/uploads\/2025\/06\/Bowling-copie-36x24.jpg 36w, https:\/\/www.1055.fr\/epinal\/contenu\/uploads\/2025\/06\/Bowling-copie-48x32.jpg 48w, https:\/\/www.1055.fr\/epinal\/contenu\/uploads\/2025\/06\/Bowling-copie.jpg 2048w\" sizes=\"auto, (max-width: 767px) 89vw, (max-width: 1000px) 54vw, (max-width: 1071px) 543px, 580px\" \/><\/figure>\n<\/div>\n\n\n<p>Envie de passer un moment fun et convivial \u00e0 Epinal ? D\u00e9couvrez le <strong>bowling du 10\u00b755 \u00e0 Epinal<\/strong>, un lieu unique pour partager une partie entre amis, en famille ou entre coll\u00e8gues. Notre complexe vous propose <strong>14 pistes de bowling derni\u00e8re g\u00e9n\u00e9ration<\/strong>, \u00e9quip\u00e9es d\u2019<strong>\u00e9crans LED suspendus<\/strong> pour une <strong>ambiance moderne, immersive et festive<\/strong>.<\/p>\n\n\n\n<h3 class=\"wp-block-heading\"><strong>Un bowling moderne au c\u0153ur d&rsquo;Epinal<\/strong><\/h3>\n\n\n\n<p>Le <strong>10\u00b755<\/strong> vous invite \u00e0 vivre l\u2019exp\u00e9rience du <strong>bowling comme vous ne l\u2019avez jamais vue<\/strong>. Chaque piste est pens\u00e9e pour cr\u00e9er une atmosph\u00e8re \u00e0 la fois <strong>chaleureuse et dynamique<\/strong> : jeux de lumi\u00e8re, \u00e9crans LED au-dessus des pistes, et playlist soigneusement s\u00e9lectionn\u00e9e garantissent une partie pleine de bonne humeur, quel que soit votre niveau.<\/p>\n\n\n\n<h3 class=\"wp-block-heading\"><strong>Bowling pour tous : enfants, adultes, entreprises<\/strong><\/h3>\n\n\n\n<p>Que vous soyez une famille en qu\u00eate d\u2019une sortie ludique, un groupe d\u2019amis en mode afterwork ou une <strong><a href=\"https:\/\/www.1055.fr\/epinal\/groupes\/\">entreprise en recherche d\u2019activit\u00e9s team building<\/a><\/strong>, notre bowling s\u2019adapte \u00e0 toutes les envies. Gr\u00e2ce \u00e0 notre accueil personnalis\u00e9 et nos nombreuses pistes, <strong>m\u00eame les groupes nombreux peuvent jouer en m\u00eame temps<\/strong>.<\/p>\n\n\n\n<h3 class=\"wp-block-heading\"><strong>Prolongez la soir\u00e9e \u00e0 la Brasserie ou au Bar &amp; Snacking<\/strong><\/h3>\n\n\n\n<p>Apr\u00e8s votre partie de bowling, prolongez le plaisir en passant un moment \u00e0 notre <strong><a href=\"https:\/\/www.labrasserie-1055.fr\">Brasserie<\/a><\/strong> : une cuisine g\u00e9n\u00e9reuse, des plats faits maison, et un cadre chaleureux pour bien terminer la journ\u00e9e. Pour une pause plus rapide, notre espace <strong><a href=\"https:\/\/www.1055.fr\/epinal\/bar-food\/\">Bar &amp; Snacking<\/a><\/strong> vous propose des encas et des boissons fra\u00eeches &amp; bi\u00e8res artisanales, \u00e0 savourer sans quitter l\u2019ambiance du 10\u00b755.<\/p>\n\n\n\n<div class=\"wp-block-columns is-not-stacked-on-mobile is-layout-flex wp-container-core-columns-is-layout-9d6595d7 wp-block-columns-is-layout-flex\">\n<div class=\"wp-block-column is-layout-flow wp-block-column-is-layout-flow\">\n<figure class=\"wp-block-image size-large\"><img loading=\"lazy\" decoding=\"async\" width=\"683\" height=\"1024\" src=\"https:\/\/www.1055.fr\/epinal\/contenu\/uploads\/2025\/06\/Burger-mont-dor-4-683x1024.jpg\" alt=\"restaurant belfort ouvert 7\/7 jours \" class=\"wp-image-10272\" srcset=\"https:\/\/www.1055.fr\/epinal\/contenu\/uploads\/2025\/06\/Burger-mont-dor-4-683x1024.jpg 683w, https:\/\/www.1055.fr\/epinal\/contenu\/uploads\/2025\/06\/Burger-mont-dor-4-200x300.jpg 200w, https:\/\/www.1055.fr\/epinal\/contenu\/uploads\/2025\/06\/Burger-mont-dor-4-768x1152.jpg 768w, https:\/\/www.1055.fr\/epinal\/contenu\/uploads\/2025\/06\/Burger-mont-dor-4-1024x1536.jpg 1024w, https:\/\/www.1055.fr\/epinal\/contenu\/uploads\/2025\/06\/Burger-mont-dor-4-16x24.jpg 16w, https:\/\/www.1055.fr\/epinal\/contenu\/uploads\/2025\/06\/Burger-mont-dor-4-24x36.jpg 24w, https:\/\/www.1055.fr\/epinal\/contenu\/uploads\/2025\/06\/Burger-mont-dor-4-32x48.jpg 32w, https:\/\/www.1055.fr\/epinal\/contenu\/uploads\/2025\/06\/Burger-mont-dor-4.jpg 1365w\" sizes=\"auto, (max-width: 683px) 100vw, 683px\" \/><\/figure>\n<\/div>\n\n\n\n<div class=\"wp-block-column is-layout-flow wp-block-column-is-layout-flow\">\n<figure class=\"wp-block-image size-large\"><img loading=\"lazy\" decoding=\"async\" width=\"683\" height=\"1024\" src=\"https:\/\/www.1055.fr\/epinal\/contenu\/uploads\/2025\/06\/ChatGPT-Image-25-juin-2025-11_07_35-683x1024.png\" alt=\"bi\u00e8re artisanale belfort \" class=\"wp-image-10279\" srcset=\"https:\/\/www.1055.fr\/epinal\/contenu\/uploads\/2025\/06\/ChatGPT-Image-25-juin-2025-11_07_35-683x1024.png 683w, https:\/\/www.1055.fr\/epinal\/contenu\/uploads\/2025\/06\/ChatGPT-Image-25-juin-2025-11_07_35-200x300.png 200w, https:\/\/www.1055.fr\/epinal\/contenu\/uploads\/2025\/06\/ChatGPT-Image-25-juin-2025-11_07_35-768x1152.png 768w, https:\/\/www.1055.fr\/epinal\/contenu\/uploads\/2025\/06\/ChatGPT-Image-25-juin-2025-11_07_35-16x24.png 16w, https:\/\/www.1055.fr\/epinal\/contenu\/uploads\/2025\/06\/ChatGPT-Image-25-juin-2025-11_07_35-24x36.png 24w, https:\/\/www.1055.fr\/epinal\/contenu\/uploads\/2025\/06\/ChatGPT-Image-25-juin-2025-11_07_35-32x48.png 32w, https:\/\/www.1055.fr\/epinal\/contenu\/uploads\/2025\/06\/ChatGPT-Image-25-juin-2025-11_07_35.png 1024w\" sizes=\"auto, (max-width: 683px) 100vw, 683px\" \/><\/figure>\n<\/div>\n<\/div>\n\n\n\n<hr class=\"wp-block-separator has-alpha-channel-opacity\"\/>\n\n\n\n<div class=\"wp-block-columns is-not-stacked-on-mobile is-layout-flex wp-container-core-columns-is-layout-9d6595d7 wp-block-columns-is-layout-flex\">\n<div class=\"wp-block-column is-layout-flow wp-block-column-is-layout-flow\">\n<h4 class=\"wp-block-heading\"><a href=\"https:\/\/www.1055.fr\/epinal\/activites\/\">\u2197 + d&rsquo;activit\u00e9s <\/a><\/h4>\n\n\n\n<p>D\u00e9couvrez toutes les activit\u00e9s Indoor que le 10\u00b755 a \u00e0 vous offrir <\/p>\n\n\n\n<figure class=\"wp-block-image size-full\"><img loading=\"lazy\" decoding=\"async\" width=\"900\" height=\"160\" src=\"https:\/\/www.1055.fr\/epinal\/contenu\/uploads\/2025\/06\/TACTIC-petite-banniere-900x160-2.jpg\" alt=\"\" class=\"wp-image-10277\" srcset=\"https:\/\/www.1055.fr\/epinal\/contenu\/uploads\/2025\/06\/TACTIC-petite-banniere-900x160-2.jpg 900w, https:\/\/www.1055.fr\/epinal\/contenu\/uploads\/2025\/06\/TACTIC-petite-banniere-900x160-2-300x53.jpg 300w, https:\/\/www.1055.fr\/epinal\/contenu\/uploads\/2025\/06\/TACTIC-petite-banniere-900x160-2-768x137.jpg 768w, https:\/\/www.1055.fr\/epinal\/contenu\/uploads\/2025\/06\/TACTIC-petite-banniere-900x160-2-24x4.jpg 24w, https:\/\/www.1055.fr\/epinal\/contenu\/uploads\/2025\/06\/TACTIC-petite-banniere-900x160-2-36x6.jpg 36w, https:\/\/www.1055.fr\/epinal\/contenu\/uploads\/2025\/06\/TACTIC-petite-banniere-900x160-2-48x9.jpg 48w\" sizes=\"auto, (max-width: 767px) 89vw, (max-width: 1000px) 54vw, (max-width: 1071px) 543px, 580px\" \/><\/figure>\n<\/div>\n\n\n\n<div class=\"wp-block-column is-layout-flow wp-block-column-is-layout-flow\">\n<h4 class=\"wp-block-heading\"><a href=\"https:\/\/www.1055.fr\/epinal\/offres-tarifs-promotions-1055-chalon\/offres-avantages-promos-bowling-chalon\/\">\u2197 La carte 10\u00b755 <\/a><\/h4>\n\n\n\n<p>Maitriser votre budget et cr\u00e9ez votre carte 10\u00b755 en quelques clics <\/p>\n\n\n\n<figure class=\"wp-block-image size-full\"><img loading=\"lazy\" decoding=\"async\" width=\"900\" height=\"160\" src=\"https:\/\/www.1055.fr\/epinal\/contenu\/uploads\/2025\/06\/CARTE-10-55-petite-banniere-900x160-1.jpg\" alt=\"\" class=\"wp-image-10276\" srcset=\"https:\/\/www.1055.fr\/epinal\/contenu\/uploads\/2025\/06\/CARTE-10-55-petite-banniere-900x160-1.jpg 900w, https:\/\/www.1055.fr\/epinal\/contenu\/uploads\/2025\/06\/CARTE-10-55-petite-banniere-900x160-1-300x53.jpg 300w, https:\/\/www.1055.fr\/epinal\/contenu\/uploads\/2025\/06\/CARTE-10-55-petite-banniere-900x160-1-768x137.jpg 768w, https:\/\/www.1055.fr\/epinal\/contenu\/uploads\/2025\/06\/CARTE-10-55-petite-banniere-900x160-1-24x4.jpg 24w, https:\/\/www.1055.fr\/epinal\/contenu\/uploads\/2025\/06\/CARTE-10-55-petite-banniere-900x160-1-36x6.jpg 36w, https:\/\/www.1055.fr\/epinal\/contenu\/uploads\/2025\/06\/CARTE-10-55-petite-banniere-900x160-1-48x9.jpg 48w\" sizes=\"auto, (max-width: 767px) 89vw, (max-width: 1000px) 54vw, (max-width: 1071px) 543px, 580px\" \/><\/figure>\n<\/div>\n<\/div>\n\n\n\n<p><\/p>\n","protected":false},"excerpt":{"rendered":"<p>D\u00e9couvrez nos 14 pistes de bowling <\/p>\n","protected":false},"author":10,"featured_media":10147,"parent":221,"menu_order":0,"comment_status":"closed","ping_status":"closed","template":"page-activite.php","meta":{"_acf_changed":false,"footnotes":""},"class_list":["post-60","page","type-page","status-publish","has-post-thumbnail","hentry"],"acf":[],"yoast_head":"<!-- This site is optimized with the Yoast SEO plugin v25.9 - https:\/\/yoast.com\/wordpress\/plugins\/seo\/ -->\n<title>Nouveau : Bowling \u00e0 Epinal | 10\u00b755<\/title>\n<meta name=\"description\" content=\"Venez jouer sur les 14 pistes de bowling du 10\u00b755 Epinal. Complexe Multi-Loisirs G\u00e9ants, Restaurant, jeux d&#039;arcade &amp; billards ...\" \/>\n<meta name=\"robots\" content=\"index, follow, max-snippet:-1, max-image-preview:large, max-video-preview:-1\" \/>\n<link rel=\"canonical\" href=\"https:\/\/www.1055.fr\/epinal\/activites\/bowling\/\" \/>\n<meta property=\"og:locale\" content=\"fr_FR\" \/>\n<meta property=\"og:type\" content=\"article\" \/>\n<meta property=\"og:title\" content=\"Nouveau : Bowling \u00e0 Epinal | 10\u00b755\" \/>\n<meta property=\"og:description\" content=\"Venez jouer sur les 14 pistes de bowling du 10\u00b755 Epinal. Complexe Multi-Loisirs G\u00e9ants, Restaurant, jeux d&#039;arcade &amp; billards ...\" \/>\n<meta property=\"og:url\" content=\"https:\/\/www.1055.fr\/epinal\/activites\/bowling\/\" \/>\n<meta property=\"og:site_name\" content=\"1055 Epinal\" \/>\n<meta property=\"article:modified_time\" content=\"2025-10-17T13:32:18+00:00\" \/>\n<meta property=\"og:image\" content=\"https:\/\/www.1055.fr\/epinal\/contenu\/uploads\/2024\/07\/petitbowling.jpg\" \/>\n\t<meta property=\"og:image:width\" content=\"1800\" \/>\n\t<meta property=\"og:image:height\" content=\"360\" \/>\n\t<meta property=\"og:image:type\" content=\"image\/jpeg\" \/>\n<meta name=\"twitter:card\" content=\"summary_large_image\" \/>\n<meta name=\"twitter:label1\" content=\"Dur\u00e9e de lecture estim\u00e9e\" \/>\n\t<meta name=\"twitter:data1\" content=\"8 minutes\" \/>\n<script type=\"application\/ld+json\" class=\"yoast-schema-graph\">{\"@context\":\"https:\/\/schema.org\",\"@graph\":[{\"@type\":\"WebPage\",\"@id\":\"https:\/\/www.1055.fr\/epinal\/activites\/bowling\/\",\"url\":\"https:\/\/www.1055.fr\/epinal\/activites\/bowling\/\",\"name\":\"Nouveau : Bowling \u00e0 Epinal | 10\u00b755\",\"isPartOf\":{\"@id\":\"https:\/\/www.1055.fr\/epinal\/#website\"},\"primaryImageOfPage\":{\"@id\":\"https:\/\/www.1055.fr\/epinal\/activites\/bowling\/#primaryimage\"},\"image\":{\"@id\":\"https:\/\/www.1055.fr\/epinal\/activites\/bowling\/#primaryimage\"},\"thumbnailUrl\":\"https:\/\/www.1055.fr\/epinal\/contenu\/uploads\/2024\/07\/petitbowling.jpg\",\"datePublished\":\"2025-09-16T09:56:06+00:00\",\"dateModified\":\"2025-10-17T13:32:18+00:00\",\"description\":\"Venez jouer sur les 14 pistes de bowling du 10\u00b755 Epinal. Complexe Multi-Loisirs G\u00e9ants, Restaurant, jeux d'arcade & billards ...\",\"breadcrumb\":{\"@id\":\"https:\/\/www.1055.fr\/epinal\/activites\/bowling\/#breadcrumb\"},\"inLanguage\":\"fr-FR\",\"potentialAction\":[{\"@type\":\"ReadAction\",\"target\":[\"https:\/\/www.1055.fr\/epinal\/activites\/bowling\/\"]}]},{\"@type\":\"ImageObject\",\"inLanguage\":\"fr-FR\",\"@id\":\"https:\/\/www.1055.fr\/epinal\/activites\/bowling\/#primaryimage\",\"url\":\"https:\/\/www.1055.fr\/epinal\/contenu\/uploads\/2024\/07\/petitbowling.jpg\",\"contentUrl\":\"https:\/\/www.1055.fr\/epinal\/contenu\/uploads\/2024\/07\/petitbowling.jpg\",\"width\":1800,\"height\":360},{\"@type\":\"BreadcrumbList\",\"@id\":\"https:\/\/www.1055.fr\/epinal\/activites\/bowling\/#breadcrumb\",\"itemListElement\":[{\"@type\":\"ListItem\",\"position\":1,\"name\":\"Home\",\"item\":\"https:\/\/www.1055.fr\/epinal\/\"},{\"@type\":\"ListItem\",\"position\":2,\"name\":\"Activit\u00e9s\",\"item\":\"https:\/\/www.1055.fr\/epinal\/activites\/\"},{\"@type\":\"ListItem\",\"position\":3,\"name\":\"Bowling\"}]},{\"@type\":\"WebSite\",\"@id\":\"https:\/\/www.1055.fr\/epinal\/#website\",\"url\":\"https:\/\/www.1055.fr\/epinal\/\",\"name\":\"1055 Epinal\",\"description\":\"\",\"potentialAction\":[{\"@type\":\"SearchAction\",\"target\":{\"@type\":\"EntryPoint\",\"urlTemplate\":\"https:\/\/www.1055.fr\/epinal\/?s={search_term_string}\"},\"query-input\":{\"@type\":\"PropertyValueSpecification\",\"valueRequired\":true,\"valueName\":\"search_term_string\"}}],\"inLanguage\":\"fr-FR\"}]}<\/script>\n<!-- \/ Yoast SEO plugin. -->","yoast_head_json":{"title":"Nouveau : Bowling \u00e0 Epinal | 10\u00b755","description":"Venez jouer sur les 14 pistes de bowling du 10\u00b755 Epinal. Complexe Multi-Loisirs G\u00e9ants, Restaurant, jeux d'arcade & billards ...","robots":{"index":"index","follow":"follow","max-snippet":"max-snippet:-1","max-image-preview":"max-image-preview:large","max-video-preview":"max-video-preview:-1"},"canonical":"https:\/\/www.1055.fr\/epinal\/activites\/bowling\/","og_locale":"fr_FR","og_type":"article","og_title":"Nouveau : Bowling \u00e0 Epinal | 10\u00b755","og_description":"Venez jouer sur les 14 pistes de bowling du 10\u00b755 Epinal. Complexe Multi-Loisirs G\u00e9ants, Restaurant, jeux d'arcade & billards ...","og_url":"https:\/\/www.1055.fr\/epinal\/activites\/bowling\/","og_site_name":"1055 Epinal","article_modified_time":"2025-10-17T13:32:18+00:00","og_image":[{"width":1800,"height":360,"url":"https:\/\/www.1055.fr\/epinal\/contenu\/uploads\/2024\/07\/petitbowling.jpg","type":"image\/jpeg"}],"twitter_card":"summary_large_image","twitter_misc":{"Dur\u00e9e de lecture estim\u00e9e":"8 minutes"},"schema":{"@context":"https:\/\/schema.org","@graph":[{"@type":"WebPage","@id":"https:\/\/www.1055.fr\/epinal\/activites\/bowling\/","url":"https:\/\/www.1055.fr\/epinal\/activites\/bowling\/","name":"Nouveau : Bowling \u00e0 Epinal | 10\u00b755","isPartOf":{"@id":"https:\/\/www.1055.fr\/epinal\/#website"},"primaryImageOfPage":{"@id":"https:\/\/www.1055.fr\/epinal\/activites\/bowling\/#primaryimage"},"image":{"@id":"https:\/\/www.1055.fr\/epinal\/activites\/bowling\/#primaryimage"},"thumbnailUrl":"https:\/\/www.1055.fr\/epinal\/contenu\/uploads\/2024\/07\/petitbowling.jpg","datePublished":"2025-09-16T09:56:06+00:00","dateModified":"2025-10-17T13:32:18+00:00","description":"Venez jouer sur les 14 pistes de bowling du 10\u00b755 Epinal. Complexe Multi-Loisirs G\u00e9ants, Restaurant, jeux d'arcade & billards ...","breadcrumb":{"@id":"https:\/\/www.1055.fr\/epinal\/activites\/bowling\/#breadcrumb"},"inLanguage":"fr-FR","potentialAction":[{"@type":"ReadAction","target":["https:\/\/www.1055.fr\/epinal\/activites\/bowling\/"]}]},{"@type":"ImageObject","inLanguage":"fr-FR","@id":"https:\/\/www.1055.fr\/epinal\/activites\/bowling\/#primaryimage","url":"https:\/\/www.1055.fr\/epinal\/contenu\/uploads\/2024\/07\/petitbowling.jpg","contentUrl":"https:\/\/www.1055.fr\/epinal\/contenu\/uploads\/2024\/07\/petitbowling.jpg","width":1800,"height":360},{"@type":"BreadcrumbList","@id":"https:\/\/www.1055.fr\/epinal\/activites\/bowling\/#breadcrumb","itemListElement":[{"@type":"ListItem","position":1,"name":"Home","item":"https:\/\/www.1055.fr\/epinal\/"},{"@type":"ListItem","position":2,"name":"Activit\u00e9s","item":"https:\/\/www.1055.fr\/epinal\/activites\/"},{"@type":"ListItem","position":3,"name":"Bowling"}]},{"@type":"WebSite","@id":"https:\/\/www.1055.fr\/epinal\/#website","url":"https:\/\/www.1055.fr\/epinal\/","name":"1055 Epinal","description":"","potentialAction":[{"@type":"SearchAction","target":{"@type":"EntryPoint","urlTemplate":"https:\/\/www.1055.fr\/epinal\/?s={search_term_string}"},"query-input":{"@type":"PropertyValueSpecification","valueRequired":true,"valueName":"search_term_string"}}],"inLanguage":"fr-FR"}]}},"_links":{"self":[{"href":"https:\/\/www.1055.fr\/epinal\/wp-json\/wp\/v2\/pages\/60","targetHints":{"allow":["GET"]}}],"collection":[{"href":"https:\/\/www.1055.fr\/epinal\/wp-json\/wp\/v2\/pages"}],"about":[{"href":"https:\/\/www.1055.fr\/epinal\/wp-json\/wp\/v2\/types\/page"}],"author":[{"embeddable":true,"href":"https:\/\/www.1055.fr\/epinal\/wp-json\/wp\/v2\/users\/10"}],"replies":[{"embeddable":true,"href":"https:\/\/www.1055.fr\/epinal\/wp-json\/wp\/v2\/comments?post=60"}],"version-history":[{"count":2,"href":"https:\/\/www.1055.fr\/epinal\/wp-json\/wp\/v2\/pages\/60\/revisions"}],"predecessor-version":[{"id":10764,"href":"https:\/\/www.1055.fr\/epinal\/wp-json\/wp\/v2\/pages\/60\/revisions\/10764"}],"up":[{"embeddable":true,"href":"https:\/\/www.1055.fr\/epinal\/wp-json\/wp\/v2\/pages\/221"}],"wp:featuredmedia":[{"embeddable":true,"href":"https:\/\/www.1055.fr\/epinal\/wp-json\/wp\/v2\/media\/10147"}],"wp:attachment":[{"href":"https:\/\/www.1055.fr\/epinal\/wp-json\/wp\/v2\/media?parent=60"}],"curies":[{"name":"wp","href":"https:\/\/api.w.org\/{rel}","templated":true}]}}