{"id":560,"date":"2025-09-16T16:48:51","date_gmt":"2025-09-16T14:48:51","guid":{"rendered":"\/chalon\/?page_id=560"},"modified":"2025-09-17T10:36:32","modified_gmt":"2025-09-17T08:36:32","slug":"enterrement-vie-celibataire-evjf-evg-epinal","status":"publish","type":"page","link":"https:\/\/www.1055.fr\/epinal\/feter\/enterrement-vie-celibataire-evjf-evg-epinal\/","title":{"rendered":"EVJF \/ EVG"},"content":{"rendered":"\n<h2 class=\"wp-block-heading\">Enterrez dignement votre vie de c\u00e9libataire dans notre complexe de Loisirs \u00e0 Epinal !<\/h2>\n\n\n\n<figure class=\"wp-block-embed is-type-video is-provider-youtube wp-block-embed-youtube wp-embed-aspect-16-9 wp-has-aspect-ratio\"><div class=\"wp-block-embed__wrapper\">\n<iframe loading=\"lazy\" title=\"Tac-Tic Room (action games) : TETRIS\" width=\"525\" height=\"295\" src=\"https:\/\/www.youtube.com\/embed\/S_OToOhuAHc?feature=oembed\" frameborder=\"0\" allow=\"accelerometer; autoplay; clipboard-write; encrypted-media; gyroscope; picture-in-picture; web-share\" referrerpolicy=\"strict-origin-when-cross-origin\" allowfullscreen><\/iframe>\n<\/div><\/figure>\n\n\n\n<p><strong>Enterrez votre vie de c\u00e9libataire dans un lieu 100 % fun \u00e0 Epinal !<\/strong><br>Le 10\u00b755 est l\u2019endroit id\u00e9al pour organiser un enterrement de vie de gar\u00e7on ou de jeune fille (EVG &amp; EVJF) r\u00e9ussi. Entour\u00e9(e) de vos proches, profitez d\u2019un large choix d\u2019activit\u00e9s pour vous \u00e9clater, rigoler et cr\u00e9er des souvenirs m\u00e9morables avant le grand jour.<\/p>\n\n\n\n<div style=\"height:33px\" aria-hidden=\"true\" class=\"wp-block-spacer\"><\/div>\n\n\n\n<div class=\"wp-block-buttons is-layout-flex wp-block-buttons-is-layout-flex\">\n<div class=\"wp-block-button is-style-outline is-style-outline--1\"><a class=\"wp-block-button__link has-black-color has-luminous-vivid-amber-background-color has-text-color has-background has-link-color wp-element-button\" href=\"https:\/\/www.1055.fr\/epinal\/nous-contacter\/\">Nous contacter<\/a><\/div>\n<\/div>\n\n\n\n<div style=\"height:35px\" aria-hidden=\"true\" class=\"wp-block-spacer\"><\/div>\n\n\n\n<h3 class=\"wp-block-heading\">Un complexe de loisirs tout-en-un<\/h3>\n\n\n\n<p>Tout est sur place pour faire la f\u00eate sans courir partout !<br>Des activit\u00e9s \u00e0 gogo, un resto convivial, une ambiance d\u00e9tendue\u2026 Le 10\u00b755 Epinal, c\u2019est le bon plan pour un EVG\/EVJF sans stress et 100 % plaisir.<\/p>\n\n\n\n<p><strong>Bowling, laser game, trampoline park, salles de quizz, action games \u2026<\/strong>\u00a0le plus dur sera de choisir ! Et apr\u00e8s l\u2019effort ? Direction notre brasserie pour trinquer, grignoter ou se r\u00e9galer autour d\u2019un bon repas.<\/p>\n\n\n\n<p><strong>Tout est sur place<\/strong>, entrez au 1055 pour une <strong>offre ultra-compl\u00e8te<\/strong> qui vous permettra de c\u00e9l\u00e9brer votre <strong>EVG \/ EVJF<\/strong> dans <strong>un seul et m\u00eame lieu<\/strong> avec de <strong>nombreuses activit\u00e9s<\/strong> et m\u00eame <strong>un restaurant pour passer un super moment \u00e0 table !<\/strong>&nbsp; <span style=\"font-size: 1rem;\">Le plus dur sera de choisir<\/span>.<\/p>\n\n\n\n<div class=\"wp-block-columns is-not-stacked-on-mobile is-layout-flex wp-container-core-columns-is-layout-9d6595d7 wp-block-columns-is-layout-flex\">\n<div class=\"wp-block-column is-layout-flow wp-block-column-is-layout-flow\">\n<figure class=\"wp-block-image size-large\"><img loading=\"lazy\" decoding=\"async\" width=\"683\" height=\"1024\" src=\"https:\/\/www.1055.fr\/epinal\/contenu\/uploads\/2025\/06\/burger-bressan-2-683x1024.jpg\" alt=\"\" class=\"wp-image-10271\" style=\"aspect-ratio:3\/4;object-fit:cover\" srcset=\"https:\/\/www.1055.fr\/epinal\/contenu\/uploads\/2025\/06\/burger-bressan-2-683x1024.jpg 683w, https:\/\/www.1055.fr\/epinal\/contenu\/uploads\/2025\/06\/burger-bressan-2-200x300.jpg 200w, https:\/\/www.1055.fr\/epinal\/contenu\/uploads\/2025\/06\/burger-bressan-2-768x1152.jpg 768w, https:\/\/www.1055.fr\/epinal\/contenu\/uploads\/2025\/06\/burger-bressan-2-1024x1536.jpg 1024w, https:\/\/www.1055.fr\/epinal\/contenu\/uploads\/2025\/06\/burger-bressan-2-16x24.jpg 16w, https:\/\/www.1055.fr\/epinal\/contenu\/uploads\/2025\/06\/burger-bressan-2-24x36.jpg 24w, https:\/\/www.1055.fr\/epinal\/contenu\/uploads\/2025\/06\/burger-bressan-2-32x48.jpg 32w, https:\/\/www.1055.fr\/epinal\/contenu\/uploads\/2025\/06\/burger-bressan-2.jpg 1365w\" sizes=\"auto, (max-width: 683px) 100vw, 683px\" \/><\/figure>\n<\/div>\n\n\n\n<div class=\"wp-block-column is-layout-flow wp-block-column-is-layout-flow\">\n<figure class=\"wp-block-image size-large\"><img loading=\"lazy\" decoding=\"async\" width=\"1024\" height=\"682\" src=\"https:\/\/www.1055.fr\/epinal\/contenu\/uploads\/2025\/06\/tapas-devant-lancer-de-hache-01-edited-1024x682.jpg\" alt=\"\" class=\"wp-image-10285\" style=\"aspect-ratio:3\/4;object-fit:cover\" srcset=\"https:\/\/www.1055.fr\/epinal\/contenu\/uploads\/2025\/06\/tapas-devant-lancer-de-hache-01-edited-1024x682.jpg 1024w, https:\/\/www.1055.fr\/epinal\/contenu\/uploads\/2025\/06\/tapas-devant-lancer-de-hache-01-edited-300x200.jpg 300w, https:\/\/www.1055.fr\/epinal\/contenu\/uploads\/2025\/06\/tapas-devant-lancer-de-hache-01-edited-768x512.jpg 768w, https:\/\/www.1055.fr\/epinal\/contenu\/uploads\/2025\/06\/tapas-devant-lancer-de-hache-01-edited-24x16.jpg 24w, https:\/\/www.1055.fr\/epinal\/contenu\/uploads\/2025\/06\/tapas-devant-lancer-de-hache-01-edited-36x24.jpg 36w, https:\/\/www.1055.fr\/epinal\/contenu\/uploads\/2025\/06\/tapas-devant-lancer-de-hache-01-edited-48x32.jpg 48w, https:\/\/www.1055.fr\/epinal\/contenu\/uploads\/2025\/06\/tapas-devant-lancer-de-hache-01-edited.jpg 1213w\" sizes=\"auto, (max-width: 767px) 89vw, (max-width: 1000px) 54vw, (max-width: 1071px) 543px, 580px\" \/><\/figure>\n<\/div>\n<\/div>\n\n\n\n<h3 class=\"wp-block-heading\">Un EVG \/ EVJF 100 % personnalis\u00e9 dans les Vosges \u00e0 ePINAL<\/h3>\n\n\n\n<p>Cr\u00e9ez&nbsp;<strong>votre journ\u00e9e ou soir\u00e9e de A \u00e0 Z<\/strong>&nbsp;:<\/p>\n\n\n\n<ul class=\"wp-block-list\">\n<li>Activit\u00e9s au choix<\/li>\n\n\n\n<li>Ap\u00e9ro \/ repas \u00e0 la brasserie<\/li>\n\n\n\n<li>D\u00e9fis, surprises, animations\u2026<br>Bref, construisez&nbsp;<strong>votre \u00e9v\u00e9nement sur-mesure<\/strong>&nbsp;selon vos envies et votre budget. C\u2019est votre moment, autant le faire \u00e0 votre image&nbsp;<\/li>\n<\/ul>\n\n\n\n<div class=\"wp-block-buttons is-layout-flex wp-block-buttons-is-layout-flex\">\n<div class=\"wp-block-button is-style-outline is-style-outline--2\"><a class=\"wp-block-button__link has-black-color has-luminous-vivid-amber-background-color has-text-color has-background has-link-color wp-element-button\" href=\"https:\/\/www.1055.fr\/epinal\/nous-contacter\/\">Nous contacter<\/a><\/div>\n<\/div>\n\n\n\n<p><\/p>\n\n\n\n<hr class=\"wp-block-separator has-alpha-channel-opacity\"\/>\n\n\n\n<div class=\"wp-block-columns is-layout-flex wp-container-core-columns-is-layout-9d6595d7 wp-block-columns-is-layout-flex\">\n<div class=\"wp-block-column is-layout-flow wp-block-column-is-layout-flow\">\n<h4 class=\"wp-block-heading\"><a href=\"https:\/\/www.1055.fr\/epinal\/activites\/action-games-tac-tic-room\/\">\u2197 Vous \u2764\ufe0f les d\u00e9fis ?<\/a><\/h4>\n\n\n\n<p>Vous aimerez aussi Tac-Tic Room, notre action games unique ! <\/p>\n\n\n\n<figure class=\"wp-block-image size-full\"><img loading=\"lazy\" decoding=\"async\" width=\"900\" height=\"160\" src=\"https:\/\/www.1055.fr\/epinal\/contenu\/uploads\/2025\/06\/TACTIC-petite-banniere-900x160-2.jpg\" alt=\"\" class=\"wp-image-10277\" srcset=\"https:\/\/www.1055.fr\/epinal\/contenu\/uploads\/2025\/06\/TACTIC-petite-banniere-900x160-2.jpg 900w, https:\/\/www.1055.fr\/epinal\/contenu\/uploads\/2025\/06\/TACTIC-petite-banniere-900x160-2-300x53.jpg 300w, https:\/\/www.1055.fr\/epinal\/contenu\/uploads\/2025\/06\/TACTIC-petite-banniere-900x160-2-768x137.jpg 768w, https:\/\/www.1055.fr\/epinal\/contenu\/uploads\/2025\/06\/TACTIC-petite-banniere-900x160-2-24x4.jpg 24w, https:\/\/www.1055.fr\/epinal\/contenu\/uploads\/2025\/06\/TACTIC-petite-banniere-900x160-2-36x6.jpg 36w, https:\/\/www.1055.fr\/epinal\/contenu\/uploads\/2025\/06\/TACTIC-petite-banniere-900x160-2-48x9.jpg 48w\" sizes=\"auto, (max-width: 767px) 89vw, (max-width: 1000px) 54vw, (max-width: 1071px) 543px, 580px\" \/><\/figure>\n<\/div>\n\n\n\n<div class=\"wp-block-column is-layout-flow wp-block-column-is-layout-flow\">\n<h4 class=\"wp-block-heading\">\u2197 l&rsquo;abonnement annuel <\/h4>\n\n\n\n<p>L&rsquo;abonnement annuel d\u00e9barque bient\u00f4t au 10\u00b755, pour un max de plaisir<\/p>\n\n\n\n<figure class=\"wp-block-image size-full\"><img loading=\"lazy\" decoding=\"async\" width=\"900\" height=\"160\" src=\"https:\/\/www.1055.fr\/epinal\/contenu\/uploads\/2025\/06\/PETITE-BANNIERE.png\" alt=\"\" class=\"wp-image-10313\" srcset=\"https:\/\/www.1055.fr\/epinal\/contenu\/uploads\/2025\/06\/PETITE-BANNIERE.png 900w, https:\/\/www.1055.fr\/epinal\/contenu\/uploads\/2025\/06\/PETITE-BANNIERE-300x53.png 300w, https:\/\/www.1055.fr\/epinal\/contenu\/uploads\/2025\/06\/PETITE-BANNIERE-768x137.png 768w, https:\/\/www.1055.fr\/epinal\/contenu\/uploads\/2025\/06\/PETITE-BANNIERE-24x4.png 24w, https:\/\/www.1055.fr\/epinal\/contenu\/uploads\/2025\/06\/PETITE-BANNIERE-36x6.png 36w, https:\/\/www.1055.fr\/epinal\/contenu\/uploads\/2025\/06\/PETITE-BANNIERE-48x9.png 48w\" sizes=\"auto, (max-width: 767px) 89vw, (max-width: 1000px) 54vw, (max-width: 1071px) 543px, 580px\" \/><\/figure>\n<\/div>\n<\/div>\n\n\n\n<p><\/p>\n","protected":false},"excerpt":{"rendered":"<p>Au 10\u00b755 il y a tout au m\u00eame endroit pour un EVG de r\u00eave : activit\u00e9s Indoor (Karaok\u00e9, Quizz, Laser Game, Lancer de hache &#8230;) et restauration ! <\/p>\n","protected":false},"author":10,"featured_media":10170,"parent":222,"menu_order":0,"comment_status":"closed","ping_status":"closed","template":"page-activite.php","meta":{"_acf_changed":false,"footnotes":""},"class_list":["post-560","page","type-page","status-publish","has-post-thumbnail","hentry"],"acf":[],"yoast_head":"<!-- This site is optimized with the Yoast SEO plugin v25.9 - https:\/\/yoast.com\/wordpress\/plugins\/seo\/ -->\n<title>Enterrement de vie de c\u00e9libataire | 10\u00b755 Epinal<\/title>\n<meta name=\"description\" content=\"Une offre ultra-compl\u00e8te d&#039;activit\u00e9s et une brasserie unique pour enterrer dignement votre vie de c\u00e9libataire !\" \/>\n<meta name=\"robots\" content=\"index, follow, max-snippet:-1, max-image-preview:large, max-video-preview:-1\" \/>\n<link rel=\"canonical\" href=\"https:\/\/www.1055.fr\/epinal\/feter\/enterrement-vie-celibataire-evjf-evg-epinal\/\" \/>\n<meta property=\"og:locale\" content=\"fr_FR\" \/>\n<meta property=\"og:type\" content=\"article\" \/>\n<meta property=\"og:title\" content=\"Enterrement de vie de c\u00e9libataire | 10\u00b755 Epinal\" \/>\n<meta property=\"og:description\" content=\"Une offre ultra-compl\u00e8te d&#039;activit\u00e9s et une brasserie unique pour enterrer dignement votre vie de c\u00e9libataire !\" \/>\n<meta property=\"og:url\" content=\"https:\/\/www.1055.fr\/epinal\/feter\/enterrement-vie-celibataire-evjf-evg-epinal\/\" \/>\n<meta property=\"og:site_name\" content=\"1055 Epinal\" \/>\n<meta property=\"article:modified_time\" content=\"2025-09-17T08:36:32+00:00\" \/>\n<meta property=\"og:image\" content=\"https:\/\/www.1055.fr\/epinal\/contenu\/uploads\/2024\/07\/tarifsbonplan-petitebanniere.jpg\" \/>\n\t<meta property=\"og:image:width\" content=\"1800\" \/>\n\t<meta property=\"og:image:height\" content=\"360\" \/>\n\t<meta property=\"og:image:type\" content=\"image\/jpeg\" \/>\n<meta name=\"twitter:card\" content=\"summary_large_image\" \/>\n<meta name=\"twitter:label1\" content=\"Dur\u00e9e de lecture estim\u00e9e\" \/>\n\t<meta name=\"twitter:data1\" content=\"7 minutes\" \/>\n<script type=\"application\/ld+json\" class=\"yoast-schema-graph\">{\"@context\":\"https:\/\/schema.org\",\"@graph\":[{\"@type\":\"WebPage\",\"@id\":\"https:\/\/www.1055.fr\/epinal\/feter\/enterrement-vie-celibataire-evjf-evg-epinal\/\",\"url\":\"https:\/\/www.1055.fr\/epinal\/feter\/enterrement-vie-celibataire-evjf-evg-epinal\/\",\"name\":\"Enterrement de vie de c\u00e9libataire | 10\u00b755 Epinal\",\"isPartOf\":{\"@id\":\"https:\/\/www.1055.fr\/epinal\/#website\"},\"primaryImageOfPage\":{\"@id\":\"https:\/\/www.1055.fr\/epinal\/feter\/enterrement-vie-celibataire-evjf-evg-epinal\/#primaryimage\"},\"image\":{\"@id\":\"https:\/\/www.1055.fr\/epinal\/feter\/enterrement-vie-celibataire-evjf-evg-epinal\/#primaryimage\"},\"thumbnailUrl\":\"https:\/\/www.1055.fr\/epinal\/contenu\/uploads\/2024\/07\/tarifsbonplan-petitebanniere.jpg\",\"datePublished\":\"2025-09-16T14:48:51+00:00\",\"dateModified\":\"2025-09-17T08:36:32+00:00\",\"description\":\"Une offre ultra-compl\u00e8te d'activit\u00e9s et une brasserie unique pour enterrer dignement votre vie de c\u00e9libataire !\",\"breadcrumb\":{\"@id\":\"https:\/\/www.1055.fr\/epinal\/feter\/enterrement-vie-celibataire-evjf-evg-epinal\/#breadcrumb\"},\"inLanguage\":\"fr-FR\",\"potentialAction\":[{\"@type\":\"ReadAction\",\"target\":[\"https:\/\/www.1055.fr\/epinal\/feter\/enterrement-vie-celibataire-evjf-evg-epinal\/\"]}]},{\"@type\":\"ImageObject\",\"inLanguage\":\"fr-FR\",\"@id\":\"https:\/\/www.1055.fr\/epinal\/feter\/enterrement-vie-celibataire-evjf-evg-epinal\/#primaryimage\",\"url\":\"https:\/\/www.1055.fr\/epinal\/contenu\/uploads\/2024\/07\/tarifsbonplan-petitebanniere.jpg\",\"contentUrl\":\"https:\/\/www.1055.fr\/epinal\/contenu\/uploads\/2024\/07\/tarifsbonplan-petitebanniere.jpg\",\"width\":1800,\"height\":360},{\"@type\":\"BreadcrumbList\",\"@id\":\"https:\/\/www.1055.fr\/epinal\/feter\/enterrement-vie-celibataire-evjf-evg-epinal\/#breadcrumb\",\"itemListElement\":[{\"@type\":\"ListItem\",\"position\":1,\"name\":\"Home\",\"item\":\"https:\/\/www.1055.fr\/epinal\/\"},{\"@type\":\"ListItem\",\"position\":2,\"name\":\"F\u00eater\",\"item\":\"https:\/\/www.1055.fr\/epinal\/feter\/\"},{\"@type\":\"ListItem\",\"position\":3,\"name\":\"EVJF \/ EVG\"}]},{\"@type\":\"WebSite\",\"@id\":\"https:\/\/www.1055.fr\/epinal\/#website\",\"url\":\"https:\/\/www.1055.fr\/epinal\/\",\"name\":\"1055 Epinal\",\"description\":\"\",\"potentialAction\":[{\"@type\":\"SearchAction\",\"target\":{\"@type\":\"EntryPoint\",\"urlTemplate\":\"https:\/\/www.1055.fr\/epinal\/?s={search_term_string}\"},\"query-input\":{\"@type\":\"PropertyValueSpecification\",\"valueRequired\":true,\"valueName\":\"search_term_string\"}}],\"inLanguage\":\"fr-FR\"}]}<\/script>\n<!-- \/ Yoast SEO plugin. -->","yoast_head_json":{"title":"Enterrement de vie de c\u00e9libataire | 10\u00b755 Epinal","description":"Une offre ultra-compl\u00e8te d'activit\u00e9s et une brasserie unique pour enterrer dignement votre vie de c\u00e9libataire !","robots":{"index":"index","follow":"follow","max-snippet":"max-snippet:-1","max-image-preview":"max-image-preview:large","max-video-preview":"max-video-preview:-1"},"canonical":"https:\/\/www.1055.fr\/epinal\/feter\/enterrement-vie-celibataire-evjf-evg-epinal\/","og_locale":"fr_FR","og_type":"article","og_title":"Enterrement de vie de c\u00e9libataire | 10\u00b755 Epinal","og_description":"Une offre ultra-compl\u00e8te d'activit\u00e9s et une brasserie unique pour enterrer dignement votre vie de c\u00e9libataire !","og_url":"https:\/\/www.1055.fr\/epinal\/feter\/enterrement-vie-celibataire-evjf-evg-epinal\/","og_site_name":"1055 Epinal","article_modified_time":"2025-09-17T08:36:32+00:00","og_image":[{"width":1800,"height":360,"url":"https:\/\/www.1055.fr\/epinal\/contenu\/uploads\/2024\/07\/tarifsbonplan-petitebanniere.jpg","type":"image\/jpeg"}],"twitter_card":"summary_large_image","twitter_misc":{"Dur\u00e9e de lecture estim\u00e9e":"7 minutes"},"schema":{"@context":"https:\/\/schema.org","@graph":[{"@type":"WebPage","@id":"https:\/\/www.1055.fr\/epinal\/feter\/enterrement-vie-celibataire-evjf-evg-epinal\/","url":"https:\/\/www.1055.fr\/epinal\/feter\/enterrement-vie-celibataire-evjf-evg-epinal\/","name":"Enterrement de vie de c\u00e9libataire | 10\u00b755 Epinal","isPartOf":{"@id":"https:\/\/www.1055.fr\/epinal\/#website"},"primaryImageOfPage":{"@id":"https:\/\/www.1055.fr\/epinal\/feter\/enterrement-vie-celibataire-evjf-evg-epinal\/#primaryimage"},"image":{"@id":"https:\/\/www.1055.fr\/epinal\/feter\/enterrement-vie-celibataire-evjf-evg-epinal\/#primaryimage"},"thumbnailUrl":"https:\/\/www.1055.fr\/epinal\/contenu\/uploads\/2024\/07\/tarifsbonplan-petitebanniere.jpg","datePublished":"2025-09-16T14:48:51+00:00","dateModified":"2025-09-17T08:36:32+00:00","description":"Une offre ultra-compl\u00e8te d'activit\u00e9s et une brasserie unique pour enterrer dignement votre vie de c\u00e9libataire !","breadcrumb":{"@id":"https:\/\/www.1055.fr\/epinal\/feter\/enterrement-vie-celibataire-evjf-evg-epinal\/#breadcrumb"},"inLanguage":"fr-FR","potentialAction":[{"@type":"ReadAction","target":["https:\/\/www.1055.fr\/epinal\/feter\/enterrement-vie-celibataire-evjf-evg-epinal\/"]}]},{"@type":"ImageObject","inLanguage":"fr-FR","@id":"https:\/\/www.1055.fr\/epinal\/feter\/enterrement-vie-celibataire-evjf-evg-epinal\/#primaryimage","url":"https:\/\/www.1055.fr\/epinal\/contenu\/uploads\/2024\/07\/tarifsbonplan-petitebanniere.jpg","contentUrl":"https:\/\/www.1055.fr\/epinal\/contenu\/uploads\/2024\/07\/tarifsbonplan-petitebanniere.jpg","width":1800,"height":360},{"@type":"BreadcrumbList","@id":"https:\/\/www.1055.fr\/epinal\/feter\/enterrement-vie-celibataire-evjf-evg-epinal\/#breadcrumb","itemListElement":[{"@type":"ListItem","position":1,"name":"Home","item":"https:\/\/www.1055.fr\/epinal\/"},{"@type":"ListItem","position":2,"name":"F\u00eater","item":"https:\/\/www.1055.fr\/epinal\/feter\/"},{"@type":"ListItem","position":3,"name":"EVJF \/ EVG"}]},{"@type":"WebSite","@id":"https:\/\/www.1055.fr\/epinal\/#website","url":"https:\/\/www.1055.fr\/epinal\/","name":"1055 Epinal","description":"","potentialAction":[{"@type":"SearchAction","target":{"@type":"EntryPoint","urlTemplate":"https:\/\/www.1055.fr\/epinal\/?s={search_term_string}"},"query-input":{"@type":"PropertyValueSpecification","valueRequired":true,"valueName":"search_term_string"}}],"inLanguage":"fr-FR"}]}},"_links":{"self":[{"href":"https:\/\/www.1055.fr\/epinal\/wp-json\/wp\/v2\/pages\/560","targetHints":{"allow":["GET"]}}],"collection":[{"href":"https:\/\/www.1055.fr\/epinal\/wp-json\/wp\/v2\/pages"}],"about":[{"href":"https:\/\/www.1055.fr\/epinal\/wp-json\/wp\/v2\/types\/page"}],"author":[{"embeddable":true,"href":"https:\/\/www.1055.fr\/epinal\/wp-json\/wp\/v2\/users\/10"}],"replies":[{"embeddable":true,"href":"https:\/\/www.1055.fr\/epinal\/wp-json\/wp\/v2\/comments?post=560"}],"version-history":[{"count":2,"href":"https:\/\/www.1055.fr\/epinal\/wp-json\/wp\/v2\/pages\/560\/revisions"}],"predecessor-version":[{"id":10597,"href":"https:\/\/www.1055.fr\/epinal\/wp-json\/wp\/v2\/pages\/560\/revisions\/10597"}],"up":[{"embeddable":true,"href":"https:\/\/www.1055.fr\/epinal\/wp-json\/wp\/v2\/pages\/222"}],"wp:featuredmedia":[{"embeddable":true,"href":"https:\/\/www.1055.fr\/epinal\/wp-json\/wp\/v2\/media\/10170"}],"wp:attachment":[{"href":"https:\/\/www.1055.fr\/epinal\/wp-json\/wp\/v2\/media?parent=560"}],"curies":[{"name":"wp","href":"https:\/\/api.w.org\/{rel}","templated":true}]}}