{"id":554,"date":"2025-09-16T16:41:22","date_gmt":"2025-09-16T14:41:22","guid":{"rendered":"\/chalon\/?page_id=554"},"modified":"2026-01-21T17:24:09","modified_gmt":"2026-01-21T16:24:09","slug":"anniversaire-au-10-55","status":"publish","type":"page","link":"https:\/\/www.1055.fr\/epinal\/feter\/anniversaire-au-10-55\/","title":{"rendered":"Anniversaires"},"content":{"rendered":"\n<h2 class=\"wp-block-heading\">Organiser un anniversaire enfant \u00e0 Epinal : l\u2019exp\u00e9rience unique du 10\u00b755<\/h2>\n\n\n\n<p>Vous cherchez une id\u00e9e originale pour c\u00e9l\u00e9brer l\u2019anniversaire de votre enfant dans les Vosges? Le 10\u00b755 de Epinal vous propose un <strong>anniversaire cl\u00e9 en main<\/strong>, fun et encadr\u00e9, dans un univers 100 % loisirs indoor !<\/p>\n\n\n\n<h3 class=\"wp-block-heading\">Un complexe multi-activit\u00e9s pour une f\u00eate inoubliable<\/h3>\n\n\n\n<p>Le 10\u00b755 de Epinal propose des <strong>formules anniversaire enfants<\/strong> autour d&rsquo;activit\u00e9s vari\u00e9es et modernes. Selon l&rsquo;\u00e2ge et les envies de votre enfant, vous pourrez choisir des animations comme le <strong>Bowling<\/strong>, le <strong>Laser Game<\/strong>, le <strong>Trampoline Park<\/strong>, le <strong>Kid Park<\/strong>, le <strong>Karaok\u00e9<\/strong>, les <strong>Salles de Quizz<\/strong>, les <strong>Fl\u00e9chettes<\/strong>, la <strong>Tac-Tic Room<\/strong> ou encore des <strong>jetons d\u2019arcade<\/strong> pour s\u2019amuser librement.<\/p>\n\n\n\n<p>\ud83d\udc49 <a href=\"https:\/\/www.1055.fr\/epinal\/activites\/\">D\u00e9couvrez nos activit\u00e9s en d\u00e9tail<\/a><\/p>\n\n\n\n<h3 class=\"wp-block-heading\">Ce que comprend chaque formule anniversaire<\/h3>\n\n\n\n<p>Nos formules sont pens\u00e9es pour plaire aux enfants\u2026 comme aux parents ! Chaque anniversaire inclut <strong><mark style=\"background-color:rgba(0, 0, 0, 0)\" class=\"has-inline-color has-vivid-red-color\">(en BASE de la formule s\u00e9lectionn\u00e9e) <\/mark><\/strong><\/p>\n\n\n\n<ul class=\"wp-block-list\">\n<li>\ud83c\udf82 Un <strong>go\u00fbter d\u2019anniversaire<\/strong> : moelleux au chocolat, bonbons et fontaine lumineuse<\/li>\n\n\n\n<li>\ud83e\udd64 Une <strong>boisson<\/strong> par enfant (soda ou jus de fruits) servie pendant le go\u00fbter<br><em>(Des carafes de sirop \u00e0 l\u2019eau sont \u00e9galement \u00e0 disposition en libre service)<\/em><\/li>\n\n\n\n<li>\ud83c\udf81 Un <strong>cadeau surprise<\/strong>, un <strong>bon cadeau pour une prochaine visite<\/strong>, et un <strong>jeton de jeux d\u2019arcade<\/strong> pour l\u2019enfant qui f\u00eate son anniversaire<\/li>\n<\/ul>\n\n\n\n<h3 class=\"wp-block-heading\">D\u00e9couvrir les formules anniversaire <\/h3>\n\n\n\n<p>Tr\u00e8s prochainement, d\u00e9couvrez toutes les formules anniversaire que le 10\u00b755 Epinal a vous proposer pour organiser le meilleur anniversaire possible pour votre enfant.<\/p>\n\n\n\n<p>\ud83d\udd10 Les anniversaires sont <strong>r\u00e9servables en ligne<\/strong> pour plus de simplicit\u00e9<strong>. <a href=\"https:\/\/reservation-epinal.1055.fr\/\">Cliquez ici pour plus d&rsquo;informations<\/a><\/strong><br>\ud83d\udcb3 Ils peuvent \u00eatre r\u00e9gl\u00e9s avec la <strong>carte 10\u00b755<\/strong> !<br><a href=\"https:\/\/cagnotte-1055.c.obypay.com\/v-v5.40.0\/i-tr1pLGIMBe-1\/loading-page?offer=&amp;sentry=off&amp;provider=obypay&amp;logo=https%3A\/\/pro.obypay.com\/img\/obypay\/logo.png\">Cr\u00e9er ma carte 10\u00b755 &amp; profiter des avantages<\/a><\/p>\n\n\n\n<h3 class=\"wp-block-heading\">Des r\u00e9ductions avec l\u2019abonnement annuel<\/h3>\n\n\n\n<p>Votre enfant a un <strong>abonnement annuel 10\u00b755<\/strong> ? Bonne nouvelle : des <strong>r\u00e9ductions sp\u00e9ciales<\/strong> seront bient\u00f4t disponibles pour f\u00eater son anniversaire \u00e0 prix mini !<strong> <em>(Abonnement annuel disponible prochainement<\/em> &#8211; [En construction])<\/strong><\/p>\n\n\n\n<h3 class=\"wp-block-heading\">Un accompagnement facile pour les parents<\/h3>\n\n\n\n<p>Organiser un anniversaire au 10\u00b755, c\u2019est aussi b\u00e9n\u00e9ficier d\u2019un accompagnement pratique :<\/p>\n\n\n\n<ul class=\"wp-block-list\">\n<li>\ud83d\udcf2 <strong>R\u00e9servation en ligne<\/strong> rapide et intuitive <\/li>\n\n\n\n<li>\ud83d\udcdd <strong>Cartons d\u2019invitation \u00e0 t\u00e9l\u00e9charger<\/strong> <a href=\"https:\/\/www.1055.fr\/epinal\/contenu\/uploads\/2026\/01\/CARTON-INVITATION-ANNIVERSAIRE-1055-1.pdf\">ici<\/a><\/li>\n<\/ul>\n\n\n\n<hr class=\"wp-block-separator has-alpha-channel-opacity\"\/>\n\n\n\n<div class=\"wp-block-columns is-not-stacked-on-mobile is-layout-flex wp-container-core-columns-is-layout-9d6595d7 wp-block-columns-is-layout-flex\">\n<div class=\"wp-block-column is-layout-flow wp-block-column-is-layout-flow\">\n<h4 class=\"wp-block-heading\">\u2197 La carte 10\u00b755 <\/h4>\n\n\n\n<p>B\u00e9n\u00e9ficier de r\u00e9duction imm\u00e9diate sur votre anniversaire avec la carte 10\u00b755<\/p>\n\n\n\n<figure class=\"wp-block-image size-full\"><img loading=\"lazy\" decoding=\"async\" width=\"900\" height=\"160\" src=\"https:\/\/www.1055.fr\/epinal\/contenu\/uploads\/2025\/06\/CARTE-10-55-petite-banniere-900x160-1.jpg\" alt=\"\" class=\"wp-image-10276\" srcset=\"https:\/\/www.1055.fr\/epinal\/contenu\/uploads\/2025\/06\/CARTE-10-55-petite-banniere-900x160-1.jpg 900w, https:\/\/www.1055.fr\/epinal\/contenu\/uploads\/2025\/06\/CARTE-10-55-petite-banniere-900x160-1-300x53.jpg 300w, https:\/\/www.1055.fr\/epinal\/contenu\/uploads\/2025\/06\/CARTE-10-55-petite-banniere-900x160-1-768x137.jpg 768w, https:\/\/www.1055.fr\/epinal\/contenu\/uploads\/2025\/06\/CARTE-10-55-petite-banniere-900x160-1-24x4.jpg 24w, https:\/\/www.1055.fr\/epinal\/contenu\/uploads\/2025\/06\/CARTE-10-55-petite-banniere-900x160-1-36x6.jpg 36w, https:\/\/www.1055.fr\/epinal\/contenu\/uploads\/2025\/06\/CARTE-10-55-petite-banniere-900x160-1-48x9.jpg 48w\" sizes=\"auto, (max-width: 767px) 89vw, (max-width: 1000px) 54vw, (max-width: 1071px) 543px, 580px\" \/><\/figure>\n<\/div>\n\n\n\n<div class=\"wp-block-column is-layout-flow wp-block-column-is-layout-flow\">\n<h4 class=\"wp-block-heading\">\u2197 L&rsquo;abonnement annuel <\/h4>\n\n\n\n<p>D\u00e9couvrez tout les avantages que l&rsquo;abonnement vous apporte <\/p>\n\n\n\n<figure class=\"wp-block-image size-full\"><img loading=\"lazy\" decoding=\"async\" width=\"900\" height=\"160\" src=\"https:\/\/www.1055.fr\/epinal\/contenu\/uploads\/2025\/06\/PETITE-BANNIERE.png\" alt=\"\" class=\"wp-image-10313\" srcset=\"https:\/\/www.1055.fr\/epinal\/contenu\/uploads\/2025\/06\/PETITE-BANNIERE.png 900w, https:\/\/www.1055.fr\/epinal\/contenu\/uploads\/2025\/06\/PETITE-BANNIERE-300x53.png 300w, https:\/\/www.1055.fr\/epinal\/contenu\/uploads\/2025\/06\/PETITE-BANNIERE-768x137.png 768w, https:\/\/www.1055.fr\/epinal\/contenu\/uploads\/2025\/06\/PETITE-BANNIERE-24x4.png 24w, https:\/\/www.1055.fr\/epinal\/contenu\/uploads\/2025\/06\/PETITE-BANNIERE-36x6.png 36w, https:\/\/www.1055.fr\/epinal\/contenu\/uploads\/2025\/06\/PETITE-BANNIERE-48x9.png 48w\" sizes=\"auto, (max-width: 767px) 89vw, (max-width: 1000px) 54vw, (max-width: 1071px) 543px, 580px\" \/><\/figure>\n<\/div>\n<\/div>\n\n\n\n<p><\/p>\n","protected":false},"excerpt":{"rendered":"<p>Votre enfant devient le roi de la f\u00eate avec nos anniversaires cl\u00e9 en main au 10\u00b755 !<\/p>\n","protected":false},"author":10,"featured_media":10172,"parent":222,"menu_order":0,"comment_status":"closed","ping_status":"closed","template":"page-activite.php","meta":{"_acf_changed":false,"footnotes":""},"class_list":["post-554","page","type-page","status-publish","has-post-thumbnail","hentry"],"acf":[],"yoast_head":"<!-- This site is optimized with the Yoast SEO plugin v25.9 - https:\/\/yoast.com\/wordpress\/plugins\/seo\/ -->\n<title>Organiser un anniversaire enfant | Au 10\u00b755 Epinal<\/title>\n<meta name=\"description\" content=\"Un anniversaire cl\u00e9 en main pr\u00e8s d&#039;Epinal au 10\u00b755 : des activit\u00e9s Indoor, un gouter, des bonbons &amp; boissons\" \/>\n<meta name=\"robots\" content=\"index, follow, max-snippet:-1, max-image-preview:large, max-video-preview:-1\" \/>\n<link rel=\"canonical\" href=\"https:\/\/www.1055.fr\/epinal\/feter\/anniversaire-au-10-55\/\" \/>\n<meta property=\"og:locale\" content=\"fr_FR\" \/>\n<meta property=\"og:type\" content=\"article\" \/>\n<meta property=\"og:title\" content=\"Organiser un anniversaire enfant | Au 10\u00b755 Epinal\" \/>\n<meta property=\"og:description\" content=\"Un anniversaire cl\u00e9 en main pr\u00e8s d&#039;Epinal au 10\u00b755 : des activit\u00e9s Indoor, un gouter, des bonbons &amp; boissons\" \/>\n<meta property=\"og:url\" content=\"https:\/\/www.1055.fr\/epinal\/feter\/anniversaire-au-10-55\/\" \/>\n<meta property=\"og:site_name\" content=\"1055 Epinal\" \/>\n<meta property=\"article:modified_time\" content=\"2026-01-21T16:24:09+00:00\" \/>\n<meta property=\"og:image\" content=\"https:\/\/www.1055.fr\/epinal\/contenu\/uploads\/2024\/07\/Banniere-anniversaire-2048x410-1.png\" \/>\n\t<meta property=\"og:image:width\" content=\"2048\" \/>\n\t<meta property=\"og:image:height\" content=\"410\" \/>\n\t<meta property=\"og:image:type\" content=\"image\/png\" \/>\n<meta name=\"twitter:card\" content=\"summary_large_image\" \/>\n<meta name=\"twitter:label1\" content=\"Dur\u00e9e de lecture estim\u00e9e\" \/>\n\t<meta name=\"twitter:data1\" content=\"3 minutes\" \/>\n<script type=\"application\/ld+json\" class=\"yoast-schema-graph\">{\"@context\":\"https:\/\/schema.org\",\"@graph\":[{\"@type\":\"WebPage\",\"@id\":\"https:\/\/www.1055.fr\/epinal\/feter\/anniversaire-au-10-55\/\",\"url\":\"https:\/\/www.1055.fr\/epinal\/feter\/anniversaire-au-10-55\/\",\"name\":\"Organiser un anniversaire enfant | Au 10\u00b755 Epinal\",\"isPartOf\":{\"@id\":\"https:\/\/www.1055.fr\/epinal\/#website\"},\"primaryImageOfPage\":{\"@id\":\"https:\/\/www.1055.fr\/epinal\/feter\/anniversaire-au-10-55\/#primaryimage\"},\"image\":{\"@id\":\"https:\/\/www.1055.fr\/epinal\/feter\/anniversaire-au-10-55\/#primaryimage\"},\"thumbnailUrl\":\"https:\/\/www.1055.fr\/epinal\/contenu\/uploads\/2024\/07\/Banniere-anniversaire-2048x410-1.png\",\"datePublished\":\"2025-09-16T14:41:22+00:00\",\"dateModified\":\"2026-01-21T16:24:09+00:00\",\"description\":\"Un anniversaire cl\u00e9 en main pr\u00e8s d'Epinal au 10\u00b755 : des activit\u00e9s Indoor, un gouter, des bonbons & boissons\",\"breadcrumb\":{\"@id\":\"https:\/\/www.1055.fr\/epinal\/feter\/anniversaire-au-10-55\/#breadcrumb\"},\"inLanguage\":\"fr-FR\",\"potentialAction\":[{\"@type\":\"ReadAction\",\"target\":[\"https:\/\/www.1055.fr\/epinal\/feter\/anniversaire-au-10-55\/\"]}]},{\"@type\":\"ImageObject\",\"inLanguage\":\"fr-FR\",\"@id\":\"https:\/\/www.1055.fr\/epinal\/feter\/anniversaire-au-10-55\/#primaryimage\",\"url\":\"https:\/\/www.1055.fr\/epinal\/contenu\/uploads\/2024\/07\/Banniere-anniversaire-2048x410-1.png\",\"contentUrl\":\"https:\/\/www.1055.fr\/epinal\/contenu\/uploads\/2024\/07\/Banniere-anniversaire-2048x410-1.png\",\"width\":2048,\"height\":410},{\"@type\":\"BreadcrumbList\",\"@id\":\"https:\/\/www.1055.fr\/epinal\/feter\/anniversaire-au-10-55\/#breadcrumb\",\"itemListElement\":[{\"@type\":\"ListItem\",\"position\":1,\"name\":\"Home\",\"item\":\"https:\/\/www.1055.fr\/epinal\/\"},{\"@type\":\"ListItem\",\"position\":2,\"name\":\"F\u00eater\",\"item\":\"https:\/\/www.1055.fr\/epinal\/feter\/\"},{\"@type\":\"ListItem\",\"position\":3,\"name\":\"Anniversaires\"}]},{\"@type\":\"WebSite\",\"@id\":\"https:\/\/www.1055.fr\/epinal\/#website\",\"url\":\"https:\/\/www.1055.fr\/epinal\/\",\"name\":\"1055 Epinal\",\"description\":\"\",\"potentialAction\":[{\"@type\":\"SearchAction\",\"target\":{\"@type\":\"EntryPoint\",\"urlTemplate\":\"https:\/\/www.1055.fr\/epinal\/?s={search_term_string}\"},\"query-input\":{\"@type\":\"PropertyValueSpecification\",\"valueRequired\":true,\"valueName\":\"search_term_string\"}}],\"inLanguage\":\"fr-FR\"}]}<\/script>\n<!-- \/ Yoast SEO plugin. -->","yoast_head_json":{"title":"Organiser un anniversaire enfant | Au 10\u00b755 Epinal","description":"Un anniversaire cl\u00e9 en main pr\u00e8s d'Epinal au 10\u00b755 : des activit\u00e9s Indoor, un gouter, des bonbons & boissons","robots":{"index":"index","follow":"follow","max-snippet":"max-snippet:-1","max-image-preview":"max-image-preview:large","max-video-preview":"max-video-preview:-1"},"canonical":"https:\/\/www.1055.fr\/epinal\/feter\/anniversaire-au-10-55\/","og_locale":"fr_FR","og_type":"article","og_title":"Organiser un anniversaire enfant | Au 10\u00b755 Epinal","og_description":"Un anniversaire cl\u00e9 en main pr\u00e8s d'Epinal au 10\u00b755 : des activit\u00e9s Indoor, un gouter, des bonbons & boissons","og_url":"https:\/\/www.1055.fr\/epinal\/feter\/anniversaire-au-10-55\/","og_site_name":"1055 Epinal","article_modified_time":"2026-01-21T16:24:09+00:00","og_image":[{"width":2048,"height":410,"url":"https:\/\/www.1055.fr\/epinal\/contenu\/uploads\/2024\/07\/Banniere-anniversaire-2048x410-1.png","type":"image\/png"}],"twitter_card":"summary_large_image","twitter_misc":{"Dur\u00e9e de lecture estim\u00e9e":"3 minutes"},"schema":{"@context":"https:\/\/schema.org","@graph":[{"@type":"WebPage","@id":"https:\/\/www.1055.fr\/epinal\/feter\/anniversaire-au-10-55\/","url":"https:\/\/www.1055.fr\/epinal\/feter\/anniversaire-au-10-55\/","name":"Organiser un anniversaire enfant | Au 10\u00b755 Epinal","isPartOf":{"@id":"https:\/\/www.1055.fr\/epinal\/#website"},"primaryImageOfPage":{"@id":"https:\/\/www.1055.fr\/epinal\/feter\/anniversaire-au-10-55\/#primaryimage"},"image":{"@id":"https:\/\/www.1055.fr\/epinal\/feter\/anniversaire-au-10-55\/#primaryimage"},"thumbnailUrl":"https:\/\/www.1055.fr\/epinal\/contenu\/uploads\/2024\/07\/Banniere-anniversaire-2048x410-1.png","datePublished":"2025-09-16T14:41:22+00:00","dateModified":"2026-01-21T16:24:09+00:00","description":"Un anniversaire cl\u00e9 en main pr\u00e8s d'Epinal au 10\u00b755 : des activit\u00e9s Indoor, un gouter, des bonbons & boissons","breadcrumb":{"@id":"https:\/\/www.1055.fr\/epinal\/feter\/anniversaire-au-10-55\/#breadcrumb"},"inLanguage":"fr-FR","potentialAction":[{"@type":"ReadAction","target":["https:\/\/www.1055.fr\/epinal\/feter\/anniversaire-au-10-55\/"]}]},{"@type":"ImageObject","inLanguage":"fr-FR","@id":"https:\/\/www.1055.fr\/epinal\/feter\/anniversaire-au-10-55\/#primaryimage","url":"https:\/\/www.1055.fr\/epinal\/contenu\/uploads\/2024\/07\/Banniere-anniversaire-2048x410-1.png","contentUrl":"https:\/\/www.1055.fr\/epinal\/contenu\/uploads\/2024\/07\/Banniere-anniversaire-2048x410-1.png","width":2048,"height":410},{"@type":"BreadcrumbList","@id":"https:\/\/www.1055.fr\/epinal\/feter\/anniversaire-au-10-55\/#breadcrumb","itemListElement":[{"@type":"ListItem","position":1,"name":"Home","item":"https:\/\/www.1055.fr\/epinal\/"},{"@type":"ListItem","position":2,"name":"F\u00eater","item":"https:\/\/www.1055.fr\/epinal\/feter\/"},{"@type":"ListItem","position":3,"name":"Anniversaires"}]},{"@type":"WebSite","@id":"https:\/\/www.1055.fr\/epinal\/#website","url":"https:\/\/www.1055.fr\/epinal\/","name":"1055 Epinal","description":"","potentialAction":[{"@type":"SearchAction","target":{"@type":"EntryPoint","urlTemplate":"https:\/\/www.1055.fr\/epinal\/?s={search_term_string}"},"query-input":{"@type":"PropertyValueSpecification","valueRequired":true,"valueName":"search_term_string"}}],"inLanguage":"fr-FR"}]}},"_links":{"self":[{"href":"https:\/\/www.1055.fr\/epinal\/wp-json\/wp\/v2\/pages\/554","targetHints":{"allow":["GET"]}}],"collection":[{"href":"https:\/\/www.1055.fr\/epinal\/wp-json\/wp\/v2\/pages"}],"about":[{"href":"https:\/\/www.1055.fr\/epinal\/wp-json\/wp\/v2\/types\/page"}],"author":[{"embeddable":true,"href":"https:\/\/www.1055.fr\/epinal\/wp-json\/wp\/v2\/users\/10"}],"replies":[{"embeddable":true,"href":"https:\/\/www.1055.fr\/epinal\/wp-json\/wp\/v2\/comments?post=554"}],"version-history":[{"count":2,"href":"https:\/\/www.1055.fr\/epinal\/wp-json\/wp\/v2\/pages\/554\/revisions"}],"predecessor-version":[{"id":10851,"href":"https:\/\/www.1055.fr\/epinal\/wp-json\/wp\/v2\/pages\/554\/revisions\/10851"}],"up":[{"embeddable":true,"href":"https:\/\/www.1055.fr\/epinal\/wp-json\/wp\/v2\/pages\/222"}],"wp:featuredmedia":[{"embeddable":true,"href":"https:\/\/www.1055.fr\/epinal\/wp-json\/wp\/v2\/media\/10172"}],"wp:attachment":[{"href":"https:\/\/www.1055.fr\/epinal\/wp-json\/wp\/v2\/media?parent=554"}],"curies":[{"name":"wp","href":"https:\/\/api.w.org\/{rel}","templated":true}]}}