{"id":5,"date":"2022-09-19T11:34:15","date_gmt":"2022-09-19T09:34:15","guid":{"rendered":"https:\/\/www.1055.fr\/epinal\/accueil\/"},"modified":"2026-04-02T09:12:41","modified_gmt":"2026-04-02T07:12:41","slug":"1055-espace-loisirs-epinal-88","status":"publish","type":"page","link":"https:\/\/www.1055.fr\/epinal\/","title":{"rendered":"Accueil"},"content":{"rendered":"\n<p>Retrouvez <strong>7j\/7 une dizaine d&rsquo;activit\u00e9s Indoor <\/strong>pour passer moment convivial en<strong> famille, entre amis, entre coll\u00e8gues<\/strong>&#8230; Toutes les occasions se transforment en v\u00e9ritable \u00e9v\u00e8nement au <strong>1055 d&rsquo;Epinal, nouveau membre de la famille 10 55 !<br><\/strong><\/p>\n\n\n\n<p><a href=\"https:\/\/www.1055.fr\/epinal\/activites\/bowling\/\">14 pistes de bowling<\/a>,<a href=\"https:\/\/www.1055.fr\/chalon\/activites\/kid-park-geant-anniversaire-enfant-chalon\/\"> <\/a><a href=\"https:\/\/www.1055.fr\/epinal\/activites\/kid-enfants-jeux-park\/\">Kid Park g\u00e9ant<\/a>, <a href=\"https:\/\/www.1055.fr\/epinal\/activites\/trampoline-park\/\">Trampoline Park<\/a>, <a href=\"https:\/\/www.1055.fr\/epinal\/activites\/flechette-epinal\/\">Fl\u00e9chettes connect\u00e9es<\/a>, <a href=\"https:\/\/www.1055.fr\/epinal\/activites\/lancer-de-haches\/\">Lancer de hache<\/a>, <a href=\"https:\/\/www.1055.fr\/epinal\/activites\/explorez-le-quizz-belfort\/\">Sa<\/a><a href=\"https:\/\/www.1055.fr\/epinal\/activites\/explorez-le-quizz-epinal\/\">l<\/a><a href=\"https:\/\/www.1055.fr\/epinal\/activites\/explorez-le-quizz-belfort\/\">les de Quizz<\/a>, <a href=\"https:\/\/www.1055.fr\/epinal\/activites\/karaoke-epinal\/\">Karaok\u00e9<\/a>, <a href=\"https:\/\/www.1055.fr\/epinal\/activites\/laser-game\/\">Laser Game<\/a>, <a href=\"https:\/\/www.1055.fr\/epinal\/activites\/action-games-tac-tic-room\/\">Tac-Tic Room <\/a><a href=\"https:\/\/www.1055.fr\/chalon\/activites\/nouveau-jeu\/\">&#8211;<\/a> <a href=\"https:\/\/www.1055.fr\/epinal\/activites\/jeux-arcades\/\">jeux d&rsquo;arcades<\/a>,<strong><strong> <em>action games &#8211; <\/em><\/strong>et billards<\/strong>&#8230; Petits et grands trouveront leur bonheur parmi ce <strong>large choix d&rsquo;activit\u00e9s r\u00e9unies en un seul et m\u00eame lieu !<\/strong><\/p>\n\n\n\n<p><strong><a href=\"https:\/\/www.labrasserie-1055.fr\/\">La brasserie<img loading=\"lazy\" decoding=\"async\" width=\"29\" height=\"40\" class=\"alignnone wp-image-1076\" src=\"https:\/\/www.1055.fr\/chalon\/contenu\/uploads\/2019\/01\/logo-page-2.png\" alt=\"\"><\/a><\/strong><strong style=\"font-size: 1rem;\"><a href=\"https:\/\/www.labrasserie-1055.fr\/\">, le&nbsp;restaurant moderne ouvert 7\/7j, 365j\/an <\/a><\/strong><span style=\"font-size: 1rem;\">vous propose <\/span><strong style=\"font-size: 1rem;\">une cuisine de qualit\u00e9, g\u00e9n\u00e9reuse, et travaill\u00e9e. <\/strong>D\u00e9couvrez <strong>toute l&rsquo;ann\u00e9e<\/strong> une carte qui change au gr\u00e9 des saisons pour ne jamais vous lasser de<strong> La Brasserie du <img loading=\"lazy\" decoding=\"async\" width=\"29\" height=\"40\" class=\"alignnone wp-image-1076\" src=\"https:\/\/www.1055.fr\/chalon\/contenu\/uploads\/2019\/01\/logo-page-2.png\" alt=\"\"><\/strong><span style=\"font-size: 1rem;\"><br><\/span><\/p>\n\n\n\n<p><\/p>\n","protected":false},"excerpt":{"rendered":"<p>Retrouvez 7j\/7 une dizaine d&rsquo;activit\u00e9s Indoor pour passer moment convivial en famille, entre amis, entre coll\u00e8gues&#8230; Toutes les occasions se &hellip;<\/p>\n","protected":false},"author":2,"featured_media":0,"parent":0,"menu_order":0,"comment_status":"closed","ping_status":"closed","template":"","meta":{"_acf_changed":false,"footnotes":""},"class_list":["post-5","page","type-page","status-publish","hentry"],"acf":[],"yoast_head":"<!-- This site is optimized with the Yoast SEO plugin v25.9 - https:\/\/yoast.com\/wordpress\/plugins\/seo\/ -->\n<title>Le 1055 Epinal, votre espace de loisirs ouvert 7\/7j<\/title>\n<meta name=\"description\" content=\"Retrouvez 7j\/7, toute l&#039;ann\u00e9e, votre complexe de Loisirs Indoor et de Restauration, pour \u00eatre s\u00fbrs de passer un moment extraordinaire.\" \/>\n<meta name=\"robots\" content=\"index, follow, max-snippet:-1, max-image-preview:large, max-video-preview:-1\" \/>\n<link rel=\"canonical\" href=\"https:\/\/www.1055.fr\/epinal\/\" \/>\n<meta property=\"og:locale\" content=\"fr_FR\" \/>\n<meta property=\"og:type\" content=\"article\" \/>\n<meta property=\"og:title\" content=\"Le 1055 Epinal, votre espace de loisirs ouvert 7\/7j\" \/>\n<meta property=\"og:description\" content=\"Retrouvez 7j\/7, toute l&#039;ann\u00e9e, votre complexe de Loisirs Indoor et de Restauration, pour \u00eatre s\u00fbrs de passer un moment extraordinaire.\" \/>\n<meta property=\"og:url\" content=\"https:\/\/www.1055.fr\/epinal\/\" \/>\n<meta property=\"og:site_name\" content=\"1055 Epinal\" \/>\n<meta property=\"article:modified_time\" content=\"2026-04-02T07:12:41+00:00\" \/>\n<meta name=\"twitter:card\" content=\"summary_large_image\" \/>\n<meta name=\"twitter:label1\" content=\"Dur\u00e9e de lecture estim\u00e9e\" \/>\n\t<meta name=\"twitter:data1\" content=\"2 minutes\" \/>\n<script type=\"application\/ld+json\" class=\"yoast-schema-graph\">{\"@context\":\"https:\/\/schema.org\",\"@graph\":[{\"@type\":\"WebPage\",\"@id\":\"https:\/\/www.1055.fr\/epinal\/\",\"url\":\"https:\/\/www.1055.fr\/epinal\/\",\"name\":\"Le 1055 Epinal, votre espace de loisirs ouvert 7\/7j\",\"isPartOf\":{\"@id\":\"https:\/\/www.1055.fr\/epinal\/#website\"},\"primaryImageOfPage\":{\"@id\":\"https:\/\/www.1055.fr\/epinal\/#primaryimage\"},\"image\":{\"@id\":\"https:\/\/www.1055.fr\/epinal\/#primaryimage\"},\"thumbnailUrl\":\"https:\/\/www.1055.fr\/chalon\/contenu\/uploads\/2019\/01\/logo-page-2.png\",\"datePublished\":\"2022-09-19T09:34:15+00:00\",\"dateModified\":\"2026-04-02T07:12:41+00:00\",\"description\":\"Retrouvez 7j\/7, toute l'ann\u00e9e, votre complexe de Loisirs Indoor et de Restauration, pour \u00eatre s\u00fbrs de passer un moment extraordinaire.\",\"breadcrumb\":{\"@id\":\"https:\/\/www.1055.fr\/epinal\/#breadcrumb\"},\"inLanguage\":\"fr-FR\",\"potentialAction\":[{\"@type\":\"ReadAction\",\"target\":[\"https:\/\/www.1055.fr\/epinal\/\"]}]},{\"@type\":\"ImageObject\",\"inLanguage\":\"fr-FR\",\"@id\":\"https:\/\/www.1055.fr\/epinal\/#primaryimage\",\"url\":\"https:\/\/www.1055.fr\/chalon\/contenu\/uploads\/2019\/01\/logo-page-2.png\",\"contentUrl\":\"https:\/\/www.1055.fr\/chalon\/contenu\/uploads\/2019\/01\/logo-page-2.png\"},{\"@type\":\"BreadcrumbList\",\"@id\":\"https:\/\/www.1055.fr\/epinal\/#breadcrumb\",\"itemListElement\":[{\"@type\":\"ListItem\",\"position\":1,\"name\":\"Home\",\"item\":\"https:\/\/www.1055.fr\/epinal\/\"},{\"@type\":\"ListItem\",\"position\":2,\"name\":\"Accueil\"}]},{\"@type\":\"WebSite\",\"@id\":\"https:\/\/www.1055.fr\/epinal\/#website\",\"url\":\"https:\/\/www.1055.fr\/epinal\/\",\"name\":\"1055 Epinal\",\"description\":\"\",\"potentialAction\":[{\"@type\":\"SearchAction\",\"target\":{\"@type\":\"EntryPoint\",\"urlTemplate\":\"https:\/\/www.1055.fr\/epinal\/?s={search_term_string}\"},\"query-input\":{\"@type\":\"PropertyValueSpecification\",\"valueRequired\":true,\"valueName\":\"search_term_string\"}}],\"inLanguage\":\"fr-FR\"}]}<\/script>\n<!-- \/ Yoast SEO plugin. -->","yoast_head_json":{"title":"Le 1055 Epinal, votre espace de loisirs ouvert 7\/7j","description":"Retrouvez 7j\/7, toute l'ann\u00e9e, votre complexe de Loisirs Indoor et de Restauration, pour \u00eatre s\u00fbrs de passer un moment extraordinaire.","robots":{"index":"index","follow":"follow","max-snippet":"max-snippet:-1","max-image-preview":"max-image-preview:large","max-video-preview":"max-video-preview:-1"},"canonical":"https:\/\/www.1055.fr\/epinal\/","og_locale":"fr_FR","og_type":"article","og_title":"Le 1055 Epinal, votre espace de loisirs ouvert 7\/7j","og_description":"Retrouvez 7j\/7, toute l'ann\u00e9e, votre complexe de Loisirs Indoor et de Restauration, pour \u00eatre s\u00fbrs de passer un moment extraordinaire.","og_url":"https:\/\/www.1055.fr\/epinal\/","og_site_name":"1055 Epinal","article_modified_time":"2026-04-02T07:12:41+00:00","twitter_card":"summary_large_image","twitter_misc":{"Dur\u00e9e de lecture estim\u00e9e":"2 minutes"},"schema":{"@context":"https:\/\/schema.org","@graph":[{"@type":"WebPage","@id":"https:\/\/www.1055.fr\/epinal\/","url":"https:\/\/www.1055.fr\/epinal\/","name":"Le 1055 Epinal, votre espace de loisirs ouvert 7\/7j","isPartOf":{"@id":"https:\/\/www.1055.fr\/epinal\/#website"},"primaryImageOfPage":{"@id":"https:\/\/www.1055.fr\/epinal\/#primaryimage"},"image":{"@id":"https:\/\/www.1055.fr\/epinal\/#primaryimage"},"thumbnailUrl":"https:\/\/www.1055.fr\/chalon\/contenu\/uploads\/2019\/01\/logo-page-2.png","datePublished":"2022-09-19T09:34:15+00:00","dateModified":"2026-04-02T07:12:41+00:00","description":"Retrouvez 7j\/7, toute l'ann\u00e9e, votre complexe de Loisirs Indoor et de Restauration, pour \u00eatre s\u00fbrs de passer un moment extraordinaire.","breadcrumb":{"@id":"https:\/\/www.1055.fr\/epinal\/#breadcrumb"},"inLanguage":"fr-FR","potentialAction":[{"@type":"ReadAction","target":["https:\/\/www.1055.fr\/epinal\/"]}]},{"@type":"ImageObject","inLanguage":"fr-FR","@id":"https:\/\/www.1055.fr\/epinal\/#primaryimage","url":"https:\/\/www.1055.fr\/chalon\/contenu\/uploads\/2019\/01\/logo-page-2.png","contentUrl":"https:\/\/www.1055.fr\/chalon\/contenu\/uploads\/2019\/01\/logo-page-2.png"},{"@type":"BreadcrumbList","@id":"https:\/\/www.1055.fr\/epinal\/#breadcrumb","itemListElement":[{"@type":"ListItem","position":1,"name":"Home","item":"https:\/\/www.1055.fr\/epinal\/"},{"@type":"ListItem","position":2,"name":"Accueil"}]},{"@type":"WebSite","@id":"https:\/\/www.1055.fr\/epinal\/#website","url":"https:\/\/www.1055.fr\/epinal\/","name":"1055 Epinal","description":"","potentialAction":[{"@type":"SearchAction","target":{"@type":"EntryPoint","urlTemplate":"https:\/\/www.1055.fr\/epinal\/?s={search_term_string}"},"query-input":{"@type":"PropertyValueSpecification","valueRequired":true,"valueName":"search_term_string"}}],"inLanguage":"fr-FR"}]}},"_links":{"self":[{"href":"https:\/\/www.1055.fr\/epinal\/wp-json\/wp\/v2\/pages\/5","targetHints":{"allow":["GET"]}}],"collection":[{"href":"https:\/\/www.1055.fr\/epinal\/wp-json\/wp\/v2\/pages"}],"about":[{"href":"https:\/\/www.1055.fr\/epinal\/wp-json\/wp\/v2\/types\/page"}],"author":[{"embeddable":true,"href":"https:\/\/www.1055.fr\/epinal\/wp-json\/wp\/v2\/users\/2"}],"replies":[{"embeddable":true,"href":"https:\/\/www.1055.fr\/epinal\/wp-json\/wp\/v2\/comments?post=5"}],"version-history":[{"count":2,"href":"https:\/\/www.1055.fr\/epinal\/wp-json\/wp\/v2\/pages\/5\/revisions"}],"predecessor-version":[{"id":10959,"href":"https:\/\/www.1055.fr\/epinal\/wp-json\/wp\/v2\/pages\/5\/revisions\/10959"}],"wp:attachment":[{"href":"https:\/\/www.1055.fr\/epinal\/wp-json\/wp\/v2\/media?parent=5"}],"curies":[{"name":"wp","href":"https:\/\/api.w.org\/{rel}","templated":true}]}}