{"id":483,"date":"2025-09-16T11:00:40","date_gmt":"2025-09-16T09:00:40","guid":{"rendered":"\/chalon\/?page_id=483"},"modified":"2025-09-17T10:36:16","modified_gmt":"2025-09-17T08:36:16","slug":"centre-loisirs-groupe-sortir-samuser","status":"publish","type":"page","link":"https:\/\/www.1055.fr\/epinal\/groupes\/centre-loisirs-groupe-sortir-samuser\/","title":{"rendered":"Centre de Loisirs"},"content":{"rendered":"\n<h2 class=\"wp-block-heading\">Une surface d\u2019activit\u00e9s \u00e0 perte de vue au 10\u00b755 de Epinal<\/h2>\n\n\n\n<p><strong>Centres de loisirs,<\/strong> proposez toute l\u2019ann\u00e9e une <strong>offre de loisirs qualitative<\/strong>, <strong>ludique et festive<\/strong> \u00e0 associer pourquoi pas \u00e0<strong> un repas<\/strong> ou <strong>un go\u00fbter au 10\u00b755 !&nbsp;<\/strong><\/p>\n\n\n\n<p><strong>Notre large choix d\u2019activit\u00e9s<\/strong> nous permet d\u2019offrir une r\u00e9ponse satisfaisante aux besoins de <strong>tous les \u00e2ges.\u00a0<\/strong>Pour les plus petits, le <a href=\"https:\/\/www.1055.fr\/epinal\/activites\/kid-enfants-jeux-park\/\"><strong>Kid Park <\/strong><\/a>est\u00a0enti\u00e8rement d\u00e9di\u00e9 aux enfants dans <strong>une ambiance lumineuse et color\u00e9e<\/strong>. Sinon, le plus dur sera de choisir entre<a href=\"https:\/\/www.1055.fr\/epinal\/activites\/laser-game\/\"> Laser Game<\/a>, <a href=\"https:\/\/www.1055.fr\/epinal\/activites\/bowling\/\">Bowling<\/a>, <a href=\"https:\/\/www.1055.fr\/epinal\/activites\/trampoline-park\/\">Trampoline Park<\/a>, Au 10<strong>\u00b7<\/strong>55, vous avez l\u2019assurance de passer <strong>un moment f\u00e9d\u00e9rateur et convivial.<\/strong><\/p>\n\n\n\n<p><a href=\"https:\/\/www.1055.fr\/epinal\/nous-contacter\/\"><strong>Contactez-nous<\/strong><\/a> pour toute demande, nous avons \u00e0 c\u0153ur de recevoir les groupes dans les meilleures conditions, c\u2019est pourquoi il convient de pr\u00e9parer ensemble votre venue comme il se doit ! <strong>Nous vous enverrons le bon de commande avec les tarifs sp\u00e9ciaux pour les centres de loisirs.<\/strong><\/p>\n\n\n\n<p><\/p>\n","protected":false},"excerpt":{"rendered":"<p>Une surface d\u2019activit\u00e9s \u00e0 perte de vue au 10\u00b755 de Epinal Centres de loisirs, proposez toute l\u2019ann\u00e9e une offre de &hellip;<\/p>\n","protected":false},"author":10,"featured_media":10148,"parent":223,"menu_order":0,"comment_status":"closed","ping_status":"closed","template":"","meta":{"_acf_changed":false,"footnotes":""},"class_list":["post-483","page","type-page","status-publish","has-post-thumbnail","hentry"],"acf":[],"yoast_head":"<!-- This site is optimized with the Yoast SEO plugin v25.9 - https:\/\/yoast.com\/wordpress\/plugins\/seo\/ -->\n<title>Centre de Loisirs, tout savoir sur votre sortie au 1055 \u00e0 Chalon-sur-Sa\u00f4ne !<\/title>\n<meta name=\"description\" content=\"Centres de loisirs, proposez toute l\u2019ann\u00e9e une offre de loisirs qualitative, ludique et festive \u00e0 associer pourquoi pas \u00e0 un repas ou un go\u00fbter au 1055 !\u00a0\" \/>\n<meta name=\"robots\" content=\"index, follow, max-snippet:-1, max-image-preview:large, max-video-preview:-1\" \/>\n<link rel=\"canonical\" href=\"https:\/\/www.1055.fr\/epinal\/groupes\/centre-loisirs-groupe-sortir-samuser\/\" \/>\n<meta property=\"og:locale\" content=\"fr_FR\" \/>\n<meta property=\"og:type\" content=\"article\" \/>\n<meta property=\"og:title\" content=\"Centre de Loisirs, tout savoir sur votre sortie au 1055 \u00e0 Chalon-sur-Sa\u00f4ne !\" \/>\n<meta property=\"og:description\" content=\"Centres de loisirs, proposez toute l\u2019ann\u00e9e une offre de loisirs qualitative, ludique et festive \u00e0 associer pourquoi pas \u00e0 un repas ou un go\u00fbter au 1055 !\u00a0\" \/>\n<meta property=\"og:url\" content=\"https:\/\/www.1055.fr\/epinal\/groupes\/centre-loisirs-groupe-sortir-samuser\/\" \/>\n<meta property=\"og:site_name\" content=\"1055 Epinal\" \/>\n<meta property=\"article:modified_time\" content=\"2025-09-17T08:36:16+00:00\" \/>\n<meta property=\"og:image\" content=\"https:\/\/www.1055.fr\/epinal\/contenu\/uploads\/2024\/07\/KID-PARK-1.jpg\" \/>\n\t<meta property=\"og:image:width\" content=\"1800\" \/>\n\t<meta property=\"og:image:height\" content=\"360\" \/>\n\t<meta property=\"og:image:type\" content=\"image\/jpeg\" \/>\n<meta name=\"twitter:card\" content=\"summary_large_image\" \/>\n<meta name=\"twitter:label1\" content=\"Dur\u00e9e de lecture estim\u00e9e\" \/>\n\t<meta name=\"twitter:data1\" content=\"1 minute\" \/>\n<script type=\"application\/ld+json\" class=\"yoast-schema-graph\">{\"@context\":\"https:\/\/schema.org\",\"@graph\":[{\"@type\":\"WebPage\",\"@id\":\"https:\/\/www.1055.fr\/epinal\/groupes\/centre-loisirs-groupe-sortir-samuser\/\",\"url\":\"https:\/\/www.1055.fr\/epinal\/groupes\/centre-loisirs-groupe-sortir-samuser\/\",\"name\":\"Centre de Loisirs, tout savoir sur votre sortie au 1055 \u00e0 Chalon-sur-Sa\u00f4ne !\",\"isPartOf\":{\"@id\":\"https:\/\/www.1055.fr\/epinal\/#website\"},\"primaryImageOfPage\":{\"@id\":\"https:\/\/www.1055.fr\/epinal\/groupes\/centre-loisirs-groupe-sortir-samuser\/#primaryimage\"},\"image\":{\"@id\":\"https:\/\/www.1055.fr\/epinal\/groupes\/centre-loisirs-groupe-sortir-samuser\/#primaryimage\"},\"thumbnailUrl\":\"https:\/\/www.1055.fr\/epinal\/contenu\/uploads\/2024\/07\/KID-PARK-1.jpg\",\"datePublished\":\"2025-09-16T09:00:40+00:00\",\"dateModified\":\"2025-09-17T08:36:16+00:00\",\"description\":\"Centres de loisirs, proposez toute l\u2019ann\u00e9e une offre de loisirs qualitative, ludique et festive \u00e0 associer pourquoi pas \u00e0 un repas ou un go\u00fbter au 1055 !\u00a0\",\"breadcrumb\":{\"@id\":\"https:\/\/www.1055.fr\/epinal\/groupes\/centre-loisirs-groupe-sortir-samuser\/#breadcrumb\"},\"inLanguage\":\"fr-FR\",\"potentialAction\":[{\"@type\":\"ReadAction\",\"target\":[\"https:\/\/www.1055.fr\/epinal\/groupes\/centre-loisirs-groupe-sortir-samuser\/\"]}]},{\"@type\":\"ImageObject\",\"inLanguage\":\"fr-FR\",\"@id\":\"https:\/\/www.1055.fr\/epinal\/groupes\/centre-loisirs-groupe-sortir-samuser\/#primaryimage\",\"url\":\"https:\/\/www.1055.fr\/epinal\/contenu\/uploads\/2024\/07\/KID-PARK-1.jpg\",\"contentUrl\":\"https:\/\/www.1055.fr\/epinal\/contenu\/uploads\/2024\/07\/KID-PARK-1.jpg\",\"width\":1800,\"height\":360},{\"@type\":\"BreadcrumbList\",\"@id\":\"https:\/\/www.1055.fr\/epinal\/groupes\/centre-loisirs-groupe-sortir-samuser\/#breadcrumb\",\"itemListElement\":[{\"@type\":\"ListItem\",\"position\":1,\"name\":\"Home\",\"item\":\"https:\/\/www.1055.fr\/epinal\/\"},{\"@type\":\"ListItem\",\"position\":2,\"name\":\"Entreprise, collectivit\u00e9 &amp; CSE\",\"item\":\"https:\/\/www.1055.fr\/epinal\/groupes\/\"},{\"@type\":\"ListItem\",\"position\":3,\"name\":\"Centre de Loisirs\"}]},{\"@type\":\"WebSite\",\"@id\":\"https:\/\/www.1055.fr\/epinal\/#website\",\"url\":\"https:\/\/www.1055.fr\/epinal\/\",\"name\":\"1055 Epinal\",\"description\":\"\",\"potentialAction\":[{\"@type\":\"SearchAction\",\"target\":{\"@type\":\"EntryPoint\",\"urlTemplate\":\"https:\/\/www.1055.fr\/epinal\/?s={search_term_string}\"},\"query-input\":{\"@type\":\"PropertyValueSpecification\",\"valueRequired\":true,\"valueName\":\"search_term_string\"}}],\"inLanguage\":\"fr-FR\"}]}<\/script>\n<!-- \/ Yoast SEO plugin. -->","yoast_head_json":{"title":"Centre de Loisirs, tout savoir sur votre sortie au 1055 \u00e0 Chalon-sur-Sa\u00f4ne !","description":"Centres de loisirs, proposez toute l\u2019ann\u00e9e une offre de loisirs qualitative, ludique et festive \u00e0 associer pourquoi pas \u00e0 un repas ou un go\u00fbter au 1055 !\u00a0","robots":{"index":"index","follow":"follow","max-snippet":"max-snippet:-1","max-image-preview":"max-image-preview:large","max-video-preview":"max-video-preview:-1"},"canonical":"https:\/\/www.1055.fr\/epinal\/groupes\/centre-loisirs-groupe-sortir-samuser\/","og_locale":"fr_FR","og_type":"article","og_title":"Centre de Loisirs, tout savoir sur votre sortie au 1055 \u00e0 Chalon-sur-Sa\u00f4ne !","og_description":"Centres de loisirs, proposez toute l\u2019ann\u00e9e une offre de loisirs qualitative, ludique et festive \u00e0 associer pourquoi pas \u00e0 un repas ou un go\u00fbter au 1055 !\u00a0","og_url":"https:\/\/www.1055.fr\/epinal\/groupes\/centre-loisirs-groupe-sortir-samuser\/","og_site_name":"1055 Epinal","article_modified_time":"2025-09-17T08:36:16+00:00","og_image":[{"width":1800,"height":360,"url":"https:\/\/www.1055.fr\/epinal\/contenu\/uploads\/2024\/07\/KID-PARK-1.jpg","type":"image\/jpeg"}],"twitter_card":"summary_large_image","twitter_misc":{"Dur\u00e9e de lecture estim\u00e9e":"1 minute"},"schema":{"@context":"https:\/\/schema.org","@graph":[{"@type":"WebPage","@id":"https:\/\/www.1055.fr\/epinal\/groupes\/centre-loisirs-groupe-sortir-samuser\/","url":"https:\/\/www.1055.fr\/epinal\/groupes\/centre-loisirs-groupe-sortir-samuser\/","name":"Centre de Loisirs, tout savoir sur votre sortie au 1055 \u00e0 Chalon-sur-Sa\u00f4ne !","isPartOf":{"@id":"https:\/\/www.1055.fr\/epinal\/#website"},"primaryImageOfPage":{"@id":"https:\/\/www.1055.fr\/epinal\/groupes\/centre-loisirs-groupe-sortir-samuser\/#primaryimage"},"image":{"@id":"https:\/\/www.1055.fr\/epinal\/groupes\/centre-loisirs-groupe-sortir-samuser\/#primaryimage"},"thumbnailUrl":"https:\/\/www.1055.fr\/epinal\/contenu\/uploads\/2024\/07\/KID-PARK-1.jpg","datePublished":"2025-09-16T09:00:40+00:00","dateModified":"2025-09-17T08:36:16+00:00","description":"Centres de loisirs, proposez toute l\u2019ann\u00e9e une offre de loisirs qualitative, ludique et festive \u00e0 associer pourquoi pas \u00e0 un repas ou un go\u00fbter au 1055 !\u00a0","breadcrumb":{"@id":"https:\/\/www.1055.fr\/epinal\/groupes\/centre-loisirs-groupe-sortir-samuser\/#breadcrumb"},"inLanguage":"fr-FR","potentialAction":[{"@type":"ReadAction","target":["https:\/\/www.1055.fr\/epinal\/groupes\/centre-loisirs-groupe-sortir-samuser\/"]}]},{"@type":"ImageObject","inLanguage":"fr-FR","@id":"https:\/\/www.1055.fr\/epinal\/groupes\/centre-loisirs-groupe-sortir-samuser\/#primaryimage","url":"https:\/\/www.1055.fr\/epinal\/contenu\/uploads\/2024\/07\/KID-PARK-1.jpg","contentUrl":"https:\/\/www.1055.fr\/epinal\/contenu\/uploads\/2024\/07\/KID-PARK-1.jpg","width":1800,"height":360},{"@type":"BreadcrumbList","@id":"https:\/\/www.1055.fr\/epinal\/groupes\/centre-loisirs-groupe-sortir-samuser\/#breadcrumb","itemListElement":[{"@type":"ListItem","position":1,"name":"Home","item":"https:\/\/www.1055.fr\/epinal\/"},{"@type":"ListItem","position":2,"name":"Entreprise, collectivit\u00e9 &amp; CSE","item":"https:\/\/www.1055.fr\/epinal\/groupes\/"},{"@type":"ListItem","position":3,"name":"Centre de Loisirs"}]},{"@type":"WebSite","@id":"https:\/\/www.1055.fr\/epinal\/#website","url":"https:\/\/www.1055.fr\/epinal\/","name":"1055 Epinal","description":"","potentialAction":[{"@type":"SearchAction","target":{"@type":"EntryPoint","urlTemplate":"https:\/\/www.1055.fr\/epinal\/?s={search_term_string}"},"query-input":{"@type":"PropertyValueSpecification","valueRequired":true,"valueName":"search_term_string"}}],"inLanguage":"fr-FR"}]}},"_links":{"self":[{"href":"https:\/\/www.1055.fr\/epinal\/wp-json\/wp\/v2\/pages\/483","targetHints":{"allow":["GET"]}}],"collection":[{"href":"https:\/\/www.1055.fr\/epinal\/wp-json\/wp\/v2\/pages"}],"about":[{"href":"https:\/\/www.1055.fr\/epinal\/wp-json\/wp\/v2\/types\/page"}],"author":[{"embeddable":true,"href":"https:\/\/www.1055.fr\/epinal\/wp-json\/wp\/v2\/users\/10"}],"replies":[{"embeddable":true,"href":"https:\/\/www.1055.fr\/epinal\/wp-json\/wp\/v2\/comments?post=483"}],"version-history":[{"count":1,"href":"https:\/\/www.1055.fr\/epinal\/wp-json\/wp\/v2\/pages\/483\/revisions"}],"predecessor-version":[{"id":10595,"href":"https:\/\/www.1055.fr\/epinal\/wp-json\/wp\/v2\/pages\/483\/revisions\/10595"}],"up":[{"embeddable":true,"href":"https:\/\/www.1055.fr\/epinal\/wp-json\/wp\/v2\/pages\/223"}],"wp:featuredmedia":[{"embeddable":true,"href":"https:\/\/www.1055.fr\/epinal\/wp-json\/wp\/v2\/media\/10148"}],"wp:attachment":[{"href":"https:\/\/www.1055.fr\/epinal\/wp-json\/wp\/v2\/media?parent=483"}],"curies":[{"name":"wp","href":"https:\/\/api.w.org\/{rel}","templated":true}]}}