{"id":458,"date":"2025-09-16T15:07:24","date_gmt":"2025-09-16T13:07:24","guid":{"rendered":"\/chalon\/?page_id=458"},"modified":"2025-09-17T10:36:00","modified_gmt":"2025-09-17T08:36:00","slug":"reglement-bowling-1055-activites-71","status":"publish","type":"page","link":"https:\/\/www.1055.fr\/epinal\/reglement-bowling-1055-activites-71\/","title":{"rendered":"Notre r\u00e8glement int\u00e9rieur"},"content":{"rendered":"<h2 class=\"single-bloc\">EXTRAIT DU R\u00c8GLEMENT INT\u00c9RIEUR<\/h2>\n<p><strong>Art 1<\/strong> La Direction se r\u00e9serve le droit d\u2019arr\u00eater une partie de jeux si elle estime qu\u2019il y a non respect du personnel, des consignes de jeu et ou du mat\u00e9riel.<\/p>\n<p><strong>Art 2<\/strong> Le lancer de 2 boules en m\u00eame temps sur une piste ou d\u2019une boule dans le requilleur entra\u00eene l\u2019arr\u00eat imm\u00e9diat de la partie en cours pour tous les joueurs de cette piste et le non remboursement.<\/p>\n<p><strong>Art 3<\/strong> Toute destruction volontaire de mat\u00e9riel de jeux sera sanctionn\u00e9e imm\u00e9diatement par l\u2019exclusion d\u00e9finitive et les accompagnants contraints au remboursement des d\u00e9g\u00e2ts occasionn\u00e9s.<\/p>\n<p><strong>Art 4<\/strong> L\u2019introduction au sein de l\u2019\u00e9tablissement de boissons (alcoolis\u00e9es ou non) et de nourriture est interdite.<\/p>\n<p><strong>Art 5<\/strong> Pour votre s\u00e9curit\u00e9, l\u2019\u00e9tablissement et son parking se trouvent sous vid\u00e9osurveillance, de ce fait, le port de casquette, capuche, cagoule est interdit.<\/p>\n<p><strong>Art 6<\/strong> Interdiction de sortir avec les chaussures de bowling (m\u00eame pour fumer)<\/p>\n<p><strong>Art 7<\/strong> Interdiction formelle d\u2019aller sur les pistes (si une boule ou quille pose probl\u00e8me, demander \u00e0 l\u2019accueil l\u2019intervention d\u2019un technicien)<\/p>\n<p><strong>Art 8<\/strong> La Direction refuse l\u2019acc\u00e8s aux personnes en \u00e9tat d\u2019\u00e9bri\u00e9t\u00e9, \u00e0 ce titre, elle peut exiger l\u2019exclusion d\u00e9finitive de ces personnes.<\/p>\n<p><strong>Art 9<\/strong> L\u2019\u00e9tablissement ferme ses portes \u00e0 1h00 du matin en semaine et \u00e0 2h00 du matin le week-end.<\/p>\n<p><strong>Art 10<\/strong> La Direction ne saurait \u00eatre tenu responsable suite \u00e0 la mauvaise utilisation des jeux et du mat\u00e9riel mis \u00e0 disposition.<\/p>\n<p><strong>Art 11<\/strong> Les animaux domestiques ou NAC (rat, furet, serpent\u2026) sont interdits.<\/p>\n<hr \/>\n<h2>R\u00c8GLES DE BASE DU BOWLING<\/h2>\n<p>Le principe du bowling est d\u2019abattre les 10 quilles plac\u00e9es au bout de la piste. Les poids des boules de bowling varient de 7 \u00e0 15 livres (3,5 \u00e0 7,5 kgs). Le per\u00e7age et l\u2019\u00e9cartement des trous pour les doigts (pouce, majeur, annulaire) varient du plus petit (xxsmall) jusqu\u2019au plus grand (xxlarge).<\/p>\n<p>Une partie comporte 10 jeux ou frames. Les participants jouent chacun leur tour. Le joueur lance 2 boules \u00e0 chaque jeu et marque le nombre de points correspondant au nombre de quilles tomb\u00e9es. Si les 10 quilles tombent en deux lanc\u00e9s, le joueur a fait un spare (\/) ; il marque 10 points plus les points du lancer suivant. Si les dix quilles tombent au premier lanc\u00e9, le joueur a fait un strike (x) ; il marque 10 points plus les points des 2 lanc\u00e9s suivants. Au dixi\u00e8me jeu, si le joueur r\u00e9alise un spare ou un strike, il b\u00e9n\u00e9ficie d\u20191 ou 2 lancers(s) suppl\u00e9mentaire(s).<\/p>\n<p>En r\u00e9alisant 12 strikes de suite, le joueur fait le score parfait : 300 points ! Une seule personne \u00e0 la fois (le joueur) sur la zone d\u2019approche. Si deux personnes sont pr\u00eates \u00e0 jouer en m\u00eame temps, priorit\u00e9 \u00e0 celle de droite. Ne d\u00e9passez pas la ligne de faute ; la piste est tr\u00e8s glissante apr\u00e8s celle-ci. En cas de probl\u00e8me (boules ou quilles bloqu\u00e9es), pr\u00e9venez tout de suite une h\u00f4tesse qui fera le n\u00e9cessaire pour r\u00e9soudre celui-ci.<\/p>\n<p>Toute boule lanc\u00e9e, m\u00eame si la partie est termin\u00e9e, est d\u00e9finitivement due.<\/p>\n","protected":false},"excerpt":{"rendered":"<p>EXTRAIT DU R\u00c8GLEMENT INT\u00c9RIEUR Art 1 La Direction se r\u00e9serve le droit d\u2019arr\u00eater une partie de jeux si elle estime &hellip;<\/p>\n","protected":false},"author":10,"featured_media":0,"parent":0,"menu_order":0,"comment_status":"closed","ping_status":"closed","template":"","meta":{"_acf_changed":false,"footnotes":""},"class_list":["post-458","page","type-page","status-publish","hentry"],"acf":[],"yoast_head":"<!-- This site is optimized with the Yoast SEO plugin v25.9 - https:\/\/yoast.com\/wordpress\/plugins\/seo\/ -->\n<title>Notre r\u00e8glement int\u00e9rieur<\/title>\n<meta name=\"robots\" content=\"index, follow, max-snippet:-1, max-image-preview:large, max-video-preview:-1\" \/>\n<link rel=\"canonical\" href=\"https:\/\/www.1055.fr\/epinal\/reglement-bowling-1055-activites-71\/\" \/>\n<meta property=\"og:locale\" content=\"fr_FR\" \/>\n<meta property=\"og:type\" content=\"article\" \/>\n<meta property=\"og:title\" content=\"Notre r\u00e8glement int\u00e9rieur\" \/>\n<meta property=\"og:description\" content=\"EXTRAIT DU R\u00c8GLEMENT INT\u00c9RIEUR Art 1 La Direction se r\u00e9serve le droit d\u2019arr\u00eater une partie de jeux si elle estime &hellip;\" \/>\n<meta property=\"og:url\" content=\"https:\/\/www.1055.fr\/epinal\/reglement-bowling-1055-activites-71\/\" \/>\n<meta property=\"og:site_name\" content=\"1055 Epinal\" \/>\n<meta property=\"article:modified_time\" content=\"2025-09-17T08:36:00+00:00\" \/>\n<meta name=\"twitter:card\" content=\"summary_large_image\" \/>\n<meta name=\"twitter:label1\" content=\"Dur\u00e9e de lecture estim\u00e9e\" \/>\n\t<meta name=\"twitter:data1\" content=\"3 minutes\" \/>\n<script type=\"application\/ld+json\" class=\"yoast-schema-graph\">{\"@context\":\"https:\/\/schema.org\",\"@graph\":[{\"@type\":\"WebPage\",\"@id\":\"https:\/\/www.1055.fr\/epinal\/reglement-bowling-1055-activites-71\/\",\"url\":\"https:\/\/www.1055.fr\/epinal\/reglement-bowling-1055-activites-71\/\",\"name\":\"Notre r\u00e8glement int\u00e9rieur\",\"isPartOf\":{\"@id\":\"https:\/\/www.1055.fr\/epinal\/#website\"},\"datePublished\":\"2025-09-16T13:07:24+00:00\",\"dateModified\":\"2025-09-17T08:36:00+00:00\",\"breadcrumb\":{\"@id\":\"https:\/\/www.1055.fr\/epinal\/reglement-bowling-1055-activites-71\/#breadcrumb\"},\"inLanguage\":\"fr-FR\",\"potentialAction\":[{\"@type\":\"ReadAction\",\"target\":[\"https:\/\/www.1055.fr\/epinal\/reglement-bowling-1055-activites-71\/\"]}]},{\"@type\":\"BreadcrumbList\",\"@id\":\"https:\/\/www.1055.fr\/epinal\/reglement-bowling-1055-activites-71\/#breadcrumb\",\"itemListElement\":[{\"@type\":\"ListItem\",\"position\":1,\"name\":\"Home\",\"item\":\"https:\/\/www.1055.fr\/epinal\/\"},{\"@type\":\"ListItem\",\"position\":2,\"name\":\"Notre r\u00e8glement int\u00e9rieur\"}]},{\"@type\":\"WebSite\",\"@id\":\"https:\/\/www.1055.fr\/epinal\/#website\",\"url\":\"https:\/\/www.1055.fr\/epinal\/\",\"name\":\"1055 Epinal\",\"description\":\"\",\"potentialAction\":[{\"@type\":\"SearchAction\",\"target\":{\"@type\":\"EntryPoint\",\"urlTemplate\":\"https:\/\/www.1055.fr\/epinal\/?s={search_term_string}\"},\"query-input\":{\"@type\":\"PropertyValueSpecification\",\"valueRequired\":true,\"valueName\":\"search_term_string\"}}],\"inLanguage\":\"fr-FR\"}]}<\/script>\n<!-- \/ Yoast SEO plugin. -->","yoast_head_json":{"title":"Notre r\u00e8glement int\u00e9rieur","robots":{"index":"index","follow":"follow","max-snippet":"max-snippet:-1","max-image-preview":"max-image-preview:large","max-video-preview":"max-video-preview:-1"},"canonical":"https:\/\/www.1055.fr\/epinal\/reglement-bowling-1055-activites-71\/","og_locale":"fr_FR","og_type":"article","og_title":"Notre r\u00e8glement int\u00e9rieur","og_description":"EXTRAIT DU R\u00c8GLEMENT INT\u00c9RIEUR Art 1 La Direction se r\u00e9serve le droit d\u2019arr\u00eater une partie de jeux si elle estime &hellip;","og_url":"https:\/\/www.1055.fr\/epinal\/reglement-bowling-1055-activites-71\/","og_site_name":"1055 Epinal","article_modified_time":"2025-09-17T08:36:00+00:00","twitter_card":"summary_large_image","twitter_misc":{"Dur\u00e9e de lecture estim\u00e9e":"3 minutes"},"schema":{"@context":"https:\/\/schema.org","@graph":[{"@type":"WebPage","@id":"https:\/\/www.1055.fr\/epinal\/reglement-bowling-1055-activites-71\/","url":"https:\/\/www.1055.fr\/epinal\/reglement-bowling-1055-activites-71\/","name":"Notre r\u00e8glement int\u00e9rieur","isPartOf":{"@id":"https:\/\/www.1055.fr\/epinal\/#website"},"datePublished":"2025-09-16T13:07:24+00:00","dateModified":"2025-09-17T08:36:00+00:00","breadcrumb":{"@id":"https:\/\/www.1055.fr\/epinal\/reglement-bowling-1055-activites-71\/#breadcrumb"},"inLanguage":"fr-FR","potentialAction":[{"@type":"ReadAction","target":["https:\/\/www.1055.fr\/epinal\/reglement-bowling-1055-activites-71\/"]}]},{"@type":"BreadcrumbList","@id":"https:\/\/www.1055.fr\/epinal\/reglement-bowling-1055-activites-71\/#breadcrumb","itemListElement":[{"@type":"ListItem","position":1,"name":"Home","item":"https:\/\/www.1055.fr\/epinal\/"},{"@type":"ListItem","position":2,"name":"Notre r\u00e8glement int\u00e9rieur"}]},{"@type":"WebSite","@id":"https:\/\/www.1055.fr\/epinal\/#website","url":"https:\/\/www.1055.fr\/epinal\/","name":"1055 Epinal","description":"","potentialAction":[{"@type":"SearchAction","target":{"@type":"EntryPoint","urlTemplate":"https:\/\/www.1055.fr\/epinal\/?s={search_term_string}"},"query-input":{"@type":"PropertyValueSpecification","valueRequired":true,"valueName":"search_term_string"}}],"inLanguage":"fr-FR"}]}},"_links":{"self":[{"href":"https:\/\/www.1055.fr\/epinal\/wp-json\/wp\/v2\/pages\/458","targetHints":{"allow":["GET"]}}],"collection":[{"href":"https:\/\/www.1055.fr\/epinal\/wp-json\/wp\/v2\/pages"}],"about":[{"href":"https:\/\/www.1055.fr\/epinal\/wp-json\/wp\/v2\/types\/page"}],"author":[{"embeddable":true,"href":"https:\/\/www.1055.fr\/epinal\/wp-json\/wp\/v2\/users\/10"}],"replies":[{"embeddable":true,"href":"https:\/\/www.1055.fr\/epinal\/wp-json\/wp\/v2\/comments?post=458"}],"version-history":[{"count":1,"href":"https:\/\/www.1055.fr\/epinal\/wp-json\/wp\/v2\/pages\/458\/revisions"}],"predecessor-version":[{"id":10641,"href":"https:\/\/www.1055.fr\/epinal\/wp-json\/wp\/v2\/pages\/458\/revisions\/10641"}],"wp:attachment":[{"href":"https:\/\/www.1055.fr\/epinal\/wp-json\/wp\/v2\/media?parent=458"}],"curies":[{"name":"wp","href":"https:\/\/api.w.org\/{rel}","templated":true}]}}