{"id":28,"date":"2022-09-19T11:46:59","date_gmt":"2022-09-19T09:46:59","guid":{"rendered":"https:\/\/www.1055.fr\/epinal\/?page_id=28"},"modified":"2025-08-05T14:06:21","modified_gmt":"2025-08-05T12:06:21","slug":"page-dattente","status":"publish","type":"page","link":"https:\/\/www.1055.fr\/epinal\/page-dattente\/","title":{"rendered":"10\u00b755 \u00c0 EPINAL OUVERTURE PR\u00c9VUE COURANT OCTOBRE"},"content":{"rendered":"\n<h2 class=\"wp-block-heading\">La Brasserie du 10\u00b755 de Epinal<\/h2>\n\n\n\n<p>A la Brasserie du 10\u00b755, vous red\u00e9couvrirez <strong>des plats typiques de brasserie<\/strong>, dans une ambiance authentique et chaleureuse. Amoureux de la cuisine g\u00e9n\u00e9reuse, la Brasserie du 10\u00b755 sera faite pour vous ! Burgers, pizzas, viandes, poissons, vous vous laisserez tenter par nos savoureuses recettes ! <strong>Avec une carte r\u00e9guli\u00e8rement renouvel\u00e9e<\/strong>, nous vous garantirons des produits frais, et de saison. Dot\u00e9e d\u2019une grande capacit\u00e9 d&rsquo;accueil, notre brasserie pourra vous accueillir, en couple, entre amis, entre coll\u00e8gues, mais aussi en famille. Une petite soif ? Laissez-vous tenter par l\u2019une de nos savoureuses bi\u00e8res, fabriqu\u00e9es artisanalement !<\/p>\n\n\n\n<div class=\"wp-block-columns is-layout-flex wp-container-core-columns-is-layout-9d6595d7 wp-block-columns-is-layout-flex\">\n<div class=\"wp-block-column is-layout-flow wp-block-column-is-layout-flow\">\n<figure class=\"wp-block-image size-large\"><img loading=\"lazy\" decoding=\"async\" width=\"1024\" height=\"683\" src=\"https:\/\/www.1055.fr\/epinal\/contenu\/uploads\/2023\/10\/PREPRE-OUVERTURE-CHALON-23-1024x683.jpg\" alt=\"\" class=\"wp-image-77\" srcset=\"https:\/\/www.1055.fr\/epinal\/contenu\/uploads\/2023\/10\/PREPRE-OUVERTURE-CHALON-23-1024x683.jpg 1024w, https:\/\/www.1055.fr\/epinal\/contenu\/uploads\/2023\/10\/PREPRE-OUVERTURE-CHALON-23-300x200.jpg 300w, https:\/\/www.1055.fr\/epinal\/contenu\/uploads\/2023\/10\/PREPRE-OUVERTURE-CHALON-23-768x512.jpg 768w, https:\/\/www.1055.fr\/epinal\/contenu\/uploads\/2023\/10\/PREPRE-OUVERTURE-CHALON-23-1536x1024.jpg 1536w, https:\/\/www.1055.fr\/epinal\/contenu\/uploads\/2023\/10\/PREPRE-OUVERTURE-CHALON-23-24x16.jpg 24w, https:\/\/www.1055.fr\/epinal\/contenu\/uploads\/2023\/10\/PREPRE-OUVERTURE-CHALON-23-36x24.jpg 36w, https:\/\/www.1055.fr\/epinal\/contenu\/uploads\/2023\/10\/PREPRE-OUVERTURE-CHALON-23-48x32.jpg 48w, https:\/\/www.1055.fr\/epinal\/contenu\/uploads\/2023\/10\/PREPRE-OUVERTURE-CHALON-23.jpg 2048w\" sizes=\"auto, (max-width: 767px) 89vw, (max-width: 1000px) 54vw, (max-width: 1071px) 543px, 580px\" \/><\/figure>\n<\/div>\n\n\n\n<div class=\"wp-block-column is-layout-flow wp-block-column-is-layout-flow\">\n<figure class=\"wp-block-image size-large\"><img loading=\"lazy\" decoding=\"async\" width=\"1024\" height=\"683\" src=\"https:\/\/www.1055.fr\/epinal\/contenu\/uploads\/2023\/10\/burgers-1024x683.jpg\" alt=\"\" class=\"wp-image-76\" srcset=\"https:\/\/www.1055.fr\/epinal\/contenu\/uploads\/2023\/10\/burgers-1024x683.jpg 1024w, https:\/\/www.1055.fr\/epinal\/contenu\/uploads\/2023\/10\/burgers-300x200.jpg 300w, https:\/\/www.1055.fr\/epinal\/contenu\/uploads\/2023\/10\/burgers-768x512.jpg 768w, https:\/\/www.1055.fr\/epinal\/contenu\/uploads\/2023\/10\/burgers-1536x1024.jpg 1536w, https:\/\/www.1055.fr\/epinal\/contenu\/uploads\/2023\/10\/burgers-24x16.jpg 24w, https:\/\/www.1055.fr\/epinal\/contenu\/uploads\/2023\/10\/burgers-36x24.jpg 36w, https:\/\/www.1055.fr\/epinal\/contenu\/uploads\/2023\/10\/burgers-48x32.jpg 48w, https:\/\/www.1055.fr\/epinal\/contenu\/uploads\/2023\/10\/burgers.jpg 2048w\" sizes=\"auto, (max-width: 767px) 89vw, (max-width: 1000px) 54vw, (max-width: 1071px) 543px, 580px\" \/><\/figure>\n<\/div>\n<\/div>\n\n\n\n<h2 class=\"wp-block-heading\">Nos bi\u00e8res artisanales, venue tout droit de nos cuves <\/h2>\n\n\n\n<p><strong>Vous adorez les bi\u00e8res brass\u00e9es artisanalement,<\/strong> le 10\u00b755 de Epinal vous satisfera. Vous retrouverez 6 bi\u00e8res artisanales made in 10\u00b755 qui ont \u00e9t\u00e9 baptis\u00e9es des pr\u00e9noms des enfants des associ\u00e9s du groupe, les petits-enfants du cr\u00e9ateur de la marque !<\/p>\n\n\n\n<p><strong>La Lison<\/strong>, notre bi\u00e8re blonde, qui se d\u00e9guise selon les p\u00e9riode de l&rsquo;ann\u00e9e !<\/p>\n\n\n\n<p><strong>La Paul<\/strong>, notre IPA<\/p>\n\n\n\n<p><strong>La Lou<\/strong>, notre bi\u00e8re rouge<\/p>\n\n\n\n<p><strong>La L\u00e9andre<\/strong>, notre bi\u00e8re ambr\u00e9e <\/p>\n\n\n\n<p><strong>La Camille<\/strong>, notre bi\u00e8re blance <\/p>\n\n\n\n<p>Mais aussi toutes les bi\u00e8res de saison fabriqu\u00e9es sp\u00e9cialement pour nos \u00e9v\u00e9nements : la Patrick, la Rudolph, la Mathis &#8230; <\/p>\n\n\n\n<div class=\"wp-block-columns is-layout-flex wp-container-core-columns-is-layout-9d6595d7 wp-block-columns-is-layout-flex\">\n<div class=\"wp-block-column is-layout-flow wp-block-column-is-layout-flow\">\n<figure class=\"wp-block-image size-large\"><img loading=\"lazy\" decoding=\"async\" width=\"724\" height=\"1024\" src=\"https:\/\/www.1055.fr\/epinal\/contenu\/uploads\/2023\/10\/LISON-724x1024.jpg\" alt=\"\" class=\"wp-image-79\" srcset=\"https:\/\/www.1055.fr\/epinal\/contenu\/uploads\/2023\/10\/LISON-724x1024.jpg 724w, https:\/\/www.1055.fr\/epinal\/contenu\/uploads\/2023\/10\/LISON-212x300.jpg 212w, https:\/\/www.1055.fr\/epinal\/contenu\/uploads\/2023\/10\/LISON-768x1086.jpg 768w, https:\/\/www.1055.fr\/epinal\/contenu\/uploads\/2023\/10\/LISON-1086x1536.jpg 1086w, https:\/\/www.1055.fr\/epinal\/contenu\/uploads\/2023\/10\/LISON-1448x2048.jpg 1448w, https:\/\/www.1055.fr\/epinal\/contenu\/uploads\/2023\/10\/LISON-17x24.jpg 17w, https:\/\/www.1055.fr\/epinal\/contenu\/uploads\/2023\/10\/LISON-25x36.jpg 25w, https:\/\/www.1055.fr\/epinal\/contenu\/uploads\/2023\/10\/LISON-34x48.jpg 34w, https:\/\/www.1055.fr\/epinal\/contenu\/uploads\/2023\/10\/LISON-scaled.jpg 1810w\" sizes=\"auto, (max-width: 724px) 100vw, 724px\" \/><\/figure>\n<\/div>\n\n\n\n<div class=\"wp-block-column is-layout-flow wp-block-column-is-layout-flow\">\n<figure class=\"wp-block-image size-large\"><img loading=\"lazy\" decoding=\"async\" width=\"727\" height=\"1024\" src=\"https:\/\/www.1055.fr\/epinal\/contenu\/uploads\/2023\/10\/Affiches-LISON-HALLOWEEN-727x1024.jpg\" alt=\"\" class=\"wp-image-78\" srcset=\"https:\/\/www.1055.fr\/epinal\/contenu\/uploads\/2023\/10\/Affiches-LISON-HALLOWEEN-727x1024.jpg 727w, https:\/\/www.1055.fr\/epinal\/contenu\/uploads\/2023\/10\/Affiches-LISON-HALLOWEEN-213x300.jpg 213w, https:\/\/www.1055.fr\/epinal\/contenu\/uploads\/2023\/10\/Affiches-LISON-HALLOWEEN-768x1082.jpg 768w, https:\/\/www.1055.fr\/epinal\/contenu\/uploads\/2023\/10\/Affiches-LISON-HALLOWEEN-1091x1536.jpg 1091w, https:\/\/www.1055.fr\/epinal\/contenu\/uploads\/2023\/10\/Affiches-LISON-HALLOWEEN-1454x2048.jpg 1454w, https:\/\/www.1055.fr\/epinal\/contenu\/uploads\/2023\/10\/Affiches-LISON-HALLOWEEN-17x24.jpg 17w, https:\/\/www.1055.fr\/epinal\/contenu\/uploads\/2023\/10\/Affiches-LISON-HALLOWEEN-26x36.jpg 26w, https:\/\/www.1055.fr\/epinal\/contenu\/uploads\/2023\/10\/Affiches-LISON-HALLOWEEN-34x48.jpg 34w, https:\/\/www.1055.fr\/epinal\/contenu\/uploads\/2023\/10\/Affiches-LISON-HALLOWEEN-scaled.jpg 1818w\" sizes=\"auto, (max-width: 727px) 100vw, 727px\" \/><\/figure>\n<\/div>\n<\/div>\n","protected":false},"excerpt":{"rendered":"<p>La Brasserie du 10\u00b755 de Epinal A la Brasserie du 10\u00b755, vous red\u00e9couvrirez des plats typiques de brasserie, dans une &hellip;<\/p>\n","protected":false},"author":2,"featured_media":0,"parent":0,"menu_order":0,"comment_status":"closed","ping_status":"closed","template":"front-page.php","meta":{"_acf_changed":false,"footnotes":""},"class_list":["post-28","page","type-page","status-publish","hentry"],"acf":[],"yoast_head":"<!-- This site is optimized with the Yoast SEO plugin v25.9 - https:\/\/yoast.com\/wordpress\/plugins\/seo\/ -->\n<title>10.55 \u00e0 Epinal | Ouverture Octobre 2025 !<\/title>\n<meta name=\"description\" content=\"Le complexe de Loisirs, Restaurant et bi\u00e8re artisanales devrait ouvrir ses portes en Octobre 2025 \u00e0 Epinal.\" \/>\n<meta name=\"robots\" content=\"index, follow, max-snippet:-1, max-image-preview:large, max-video-preview:-1\" \/>\n<link rel=\"canonical\" href=\"https:\/\/www.1055.fr\/epinal\/page-dattente\/\" \/>\n<meta property=\"og:locale\" content=\"fr_FR\" \/>\n<meta property=\"og:type\" content=\"article\" \/>\n<meta property=\"og:title\" content=\"10.55 \u00e0 Epinal | Ouverture Octobre 2025 !\" \/>\n<meta property=\"og:description\" content=\"Le complexe de Loisirs, Restaurant et bi\u00e8re artisanales devrait ouvrir ses portes en Octobre 2025 \u00e0 Epinal.\" \/>\n<meta property=\"og:url\" content=\"https:\/\/www.1055.fr\/epinal\/page-dattente\/\" \/>\n<meta property=\"og:site_name\" content=\"1055 Epinal\" \/>\n<meta property=\"article:modified_time\" content=\"2025-08-05T12:06:21+00:00\" \/>\n<meta property=\"og:image\" content=\"https:\/\/www.1055.fr\/epinal\/contenu\/uploads\/2023\/10\/PREPRE-OUVERTURE-CHALON-23.jpg\" \/>\n\t<meta property=\"og:image:width\" content=\"2048\" \/>\n\t<meta property=\"og:image:height\" content=\"1365\" \/>\n\t<meta property=\"og:image:type\" content=\"image\/jpeg\" \/>\n<meta name=\"twitter:card\" content=\"summary_large_image\" \/>\n<meta name=\"twitter:label1\" content=\"Dur\u00e9e de lecture estim\u00e9e\" \/>\n\t<meta name=\"twitter:data1\" content=\"2 minutes\" \/>\n<script type=\"application\/ld+json\" class=\"yoast-schema-graph\">{\"@context\":\"https:\/\/schema.org\",\"@graph\":[{\"@type\":\"WebPage\",\"@id\":\"https:\/\/www.1055.fr\/epinal\/page-dattente\/\",\"url\":\"https:\/\/www.1055.fr\/epinal\/page-dattente\/\",\"name\":\"10.55 \u00e0 Epinal | Ouverture Octobre 2025 !\",\"isPartOf\":{\"@id\":\"https:\/\/www.1055.fr\/epinal\/#website\"},\"primaryImageOfPage\":{\"@id\":\"https:\/\/www.1055.fr\/epinal\/page-dattente\/#primaryimage\"},\"image\":{\"@id\":\"https:\/\/www.1055.fr\/epinal\/page-dattente\/#primaryimage\"},\"thumbnailUrl\":\"https:\/\/www.1055.fr\/epinal\/contenu\/uploads\/2023\/10\/PREPRE-OUVERTURE-CHALON-23-1024x683.jpg\",\"datePublished\":\"2022-09-19T09:46:59+00:00\",\"dateModified\":\"2025-08-05T12:06:21+00:00\",\"description\":\"Le complexe de Loisirs, Restaurant et bi\u00e8re artisanales devrait ouvrir ses portes en Octobre 2025 \u00e0 Epinal.\",\"breadcrumb\":{\"@id\":\"https:\/\/www.1055.fr\/epinal\/page-dattente\/#breadcrumb\"},\"inLanguage\":\"fr-FR\",\"potentialAction\":[{\"@type\":\"ReadAction\",\"target\":[\"https:\/\/www.1055.fr\/epinal\/page-dattente\/\"]}]},{\"@type\":\"ImageObject\",\"inLanguage\":\"fr-FR\",\"@id\":\"https:\/\/www.1055.fr\/epinal\/page-dattente\/#primaryimage\",\"url\":\"https:\/\/www.1055.fr\/epinal\/contenu\/uploads\/2023\/10\/PREPRE-OUVERTURE-CHALON-23.jpg\",\"contentUrl\":\"https:\/\/www.1055.fr\/epinal\/contenu\/uploads\/2023\/10\/PREPRE-OUVERTURE-CHALON-23.jpg\",\"width\":2048,\"height\":1365},{\"@type\":\"BreadcrumbList\",\"@id\":\"https:\/\/www.1055.fr\/epinal\/page-dattente\/#breadcrumb\",\"itemListElement\":[{\"@type\":\"ListItem\",\"position\":1,\"name\":\"Home\",\"item\":\"https:\/\/www.1055.fr\/epinal\/\"},{\"@type\":\"ListItem\",\"position\":2,\"name\":\"10\u00b755 \u00c0 EPINAL OUVERTURE PR\u00c9VUE COURANT OCTOBRE\"}]},{\"@type\":\"WebSite\",\"@id\":\"https:\/\/www.1055.fr\/epinal\/#website\",\"url\":\"https:\/\/www.1055.fr\/epinal\/\",\"name\":\"1055 Epinal\",\"description\":\"\",\"potentialAction\":[{\"@type\":\"SearchAction\",\"target\":{\"@type\":\"EntryPoint\",\"urlTemplate\":\"https:\/\/www.1055.fr\/epinal\/?s={search_term_string}\"},\"query-input\":{\"@type\":\"PropertyValueSpecification\",\"valueRequired\":true,\"valueName\":\"search_term_string\"}}],\"inLanguage\":\"fr-FR\"}]}<\/script>\n<!-- \/ Yoast SEO plugin. -->","yoast_head_json":{"title":"10.55 \u00e0 Epinal | Ouverture Octobre 2025 !","description":"Le complexe de Loisirs, Restaurant et bi\u00e8re artisanales devrait ouvrir ses portes en Octobre 2025 \u00e0 Epinal.","robots":{"index":"index","follow":"follow","max-snippet":"max-snippet:-1","max-image-preview":"max-image-preview:large","max-video-preview":"max-video-preview:-1"},"canonical":"https:\/\/www.1055.fr\/epinal\/page-dattente\/","og_locale":"fr_FR","og_type":"article","og_title":"10.55 \u00e0 Epinal | Ouverture Octobre 2025 !","og_description":"Le complexe de Loisirs, Restaurant et bi\u00e8re artisanales devrait ouvrir ses portes en Octobre 2025 \u00e0 Epinal.","og_url":"https:\/\/www.1055.fr\/epinal\/page-dattente\/","og_site_name":"1055 Epinal","article_modified_time":"2025-08-05T12:06:21+00:00","og_image":[{"width":2048,"height":1365,"url":"https:\/\/www.1055.fr\/epinal\/contenu\/uploads\/2023\/10\/PREPRE-OUVERTURE-CHALON-23.jpg","type":"image\/jpeg"}],"twitter_card":"summary_large_image","twitter_misc":{"Dur\u00e9e de lecture estim\u00e9e":"2 minutes"},"schema":{"@context":"https:\/\/schema.org","@graph":[{"@type":"WebPage","@id":"https:\/\/www.1055.fr\/epinal\/page-dattente\/","url":"https:\/\/www.1055.fr\/epinal\/page-dattente\/","name":"10.55 \u00e0 Epinal | Ouverture Octobre 2025 !","isPartOf":{"@id":"https:\/\/www.1055.fr\/epinal\/#website"},"primaryImageOfPage":{"@id":"https:\/\/www.1055.fr\/epinal\/page-dattente\/#primaryimage"},"image":{"@id":"https:\/\/www.1055.fr\/epinal\/page-dattente\/#primaryimage"},"thumbnailUrl":"https:\/\/www.1055.fr\/epinal\/contenu\/uploads\/2023\/10\/PREPRE-OUVERTURE-CHALON-23-1024x683.jpg","datePublished":"2022-09-19T09:46:59+00:00","dateModified":"2025-08-05T12:06:21+00:00","description":"Le complexe de Loisirs, Restaurant et bi\u00e8re artisanales devrait ouvrir ses portes en Octobre 2025 \u00e0 Epinal.","breadcrumb":{"@id":"https:\/\/www.1055.fr\/epinal\/page-dattente\/#breadcrumb"},"inLanguage":"fr-FR","potentialAction":[{"@type":"ReadAction","target":["https:\/\/www.1055.fr\/epinal\/page-dattente\/"]}]},{"@type":"ImageObject","inLanguage":"fr-FR","@id":"https:\/\/www.1055.fr\/epinal\/page-dattente\/#primaryimage","url":"https:\/\/www.1055.fr\/epinal\/contenu\/uploads\/2023\/10\/PREPRE-OUVERTURE-CHALON-23.jpg","contentUrl":"https:\/\/www.1055.fr\/epinal\/contenu\/uploads\/2023\/10\/PREPRE-OUVERTURE-CHALON-23.jpg","width":2048,"height":1365},{"@type":"BreadcrumbList","@id":"https:\/\/www.1055.fr\/epinal\/page-dattente\/#breadcrumb","itemListElement":[{"@type":"ListItem","position":1,"name":"Home","item":"https:\/\/www.1055.fr\/epinal\/"},{"@type":"ListItem","position":2,"name":"10\u00b755 \u00c0 EPINAL OUVERTURE PR\u00c9VUE COURANT OCTOBRE"}]},{"@type":"WebSite","@id":"https:\/\/www.1055.fr\/epinal\/#website","url":"https:\/\/www.1055.fr\/epinal\/","name":"1055 Epinal","description":"","potentialAction":[{"@type":"SearchAction","target":{"@type":"EntryPoint","urlTemplate":"https:\/\/www.1055.fr\/epinal\/?s={search_term_string}"},"query-input":{"@type":"PropertyValueSpecification","valueRequired":true,"valueName":"search_term_string"}}],"inLanguage":"fr-FR"}]}},"_links":{"self":[{"href":"https:\/\/www.1055.fr\/epinal\/wp-json\/wp\/v2\/pages\/28","targetHints":{"allow":["GET"]}}],"collection":[{"href":"https:\/\/www.1055.fr\/epinal\/wp-json\/wp\/v2\/pages"}],"about":[{"href":"https:\/\/www.1055.fr\/epinal\/wp-json\/wp\/v2\/types\/page"}],"author":[{"embeddable":true,"href":"https:\/\/www.1055.fr\/epinal\/wp-json\/wp\/v2\/users\/2"}],"replies":[{"embeddable":true,"href":"https:\/\/www.1055.fr\/epinal\/wp-json\/wp\/v2\/comments?post=28"}],"version-history":[{"count":2,"href":"https:\/\/www.1055.fr\/epinal\/wp-json\/wp\/v2\/pages\/28\/revisions"}],"predecessor-version":[{"id":10606,"href":"https:\/\/www.1055.fr\/epinal\/wp-json\/wp\/v2\/pages\/28\/revisions\/10606"}],"wp:attachment":[{"href":"https:\/\/www.1055.fr\/epinal\/wp-json\/wp\/v2\/media?parent=28"}],"curies":[{"name":"wp","href":"https:\/\/api.w.org\/{rel}","templated":true}]}}