{"id":227,"date":"2025-09-16T11:56:06","date_gmt":"2025-09-16T09:56:06","guid":{"rendered":"\/chalon\/kid-park\/"},"modified":"2025-10-15T12:02:43","modified_gmt":"2025-10-15T10:02:43","slug":"kid-enfants-jeux-park","status":"publish","type":"page","link":"https:\/\/www.1055.fr\/epinal\/activites\/kid-enfants-jeux-park\/","title":{"rendered":"Kid Park"},"content":{"rendered":"\n<h2 class=\"wp-block-heading\">Kid Park \u00e0 Epinal \u2013 10\u00b755 Epinal<\/h2>\n\n\n\n<p>Aire de jeux pour enfants dans les Vosges ? Notre Kid Park g\u00e9ant \u00e0 Epinal avec diff\u00e9rents modules jusqu&rsquo;\u00e0 12 ans : \u00e7a se passe au 10\u00b755 !<\/p>\n\n\n<div class=\"wp-block-image\">\n<figure class=\"aligncenter size-large is-resized\"><img loading=\"lazy\" decoding=\"async\" width=\"1024\" height=\"683\" src=\"https:\/\/www.1055.fr\/epinal\/contenu\/uploads\/2025\/06\/KID-PARK-1-1024x683.jpg\" alt=\"aire de jeux enfant \u00e0 Belfort activit\u00e9s enfants\" class=\"wp-image-10359\" style=\"width:583px;height:auto\" srcset=\"https:\/\/www.1055.fr\/epinal\/contenu\/uploads\/2025\/06\/KID-PARK-1-1024x683.jpg 1024w, https:\/\/www.1055.fr\/epinal\/contenu\/uploads\/2025\/06\/KID-PARK-1-300x200.jpg 300w, https:\/\/www.1055.fr\/epinal\/contenu\/uploads\/2025\/06\/KID-PARK-1-768x512.jpg 768w, https:\/\/www.1055.fr\/epinal\/contenu\/uploads\/2025\/06\/KID-PARK-1-1536x1024.jpg 1536w, https:\/\/www.1055.fr\/epinal\/contenu\/uploads\/2025\/06\/KID-PARK-1-24x16.jpg 24w, https:\/\/www.1055.fr\/epinal\/contenu\/uploads\/2025\/06\/KID-PARK-1-36x24.jpg 36w, https:\/\/www.1055.fr\/epinal\/contenu\/uploads\/2025\/06\/KID-PARK-1-48x32.jpg 48w, https:\/\/www.1055.fr\/epinal\/contenu\/uploads\/2025\/06\/KID-PARK-1.jpg 2048w\" sizes=\"auto, (max-width: 767px) 89vw, (max-width: 1000px) 54vw, (max-width: 1071px) 543px, 580px\" \/><figcaption class=\"wp-element-caption\">Photo temporaire : image du <a href=\"https:\/\/www.1055.fr\/besancon\/\">10\u00b755 de Besan\u00e7on\/Chalezeule <\/a><\/figcaption><\/figure>\n<\/div>\n\n\n<h3 class=\"wp-block-heading\">L\u2019univers pr\u00e9f\u00e9r\u00e9 des enfants de 1 \u00e0 12 ans<\/h3>\n\n\n\n<p>Bienvenue dans le <strong>Kid Park du 10\u00b755 Epinal<\/strong> un espace 100 % s\u00e9curis\u00e9 et imagin\u00e9 pour les enfants qui ont besoin de bouger, grimper, glisser et rire ! Situ\u00e9 dans les Vosges, \u00e0 Epinal, notre aire de jeux enfants int\u00e9rieure est un v\u00e9ritable paradis pour les plus jeunes.<\/p>\n\n\n\n<h3 class=\"wp-block-heading\">Des structures g\u00e9antes et color\u00e9es pour s\u2019amuser en toute libert\u00e9<\/h3>\n\n\n\n<p>Toboggans, piscines \u00e0 balles, parcours d\u2019obstacles, modules d\u2019escalade, trampolines\u2026 Le <strong>Kid Park<\/strong> du 10\u00b755 est pens\u00e9 pour \u00e9veiller la curiosit\u00e9, d\u00e9velopper la motricit\u00e9 et surtout&#8230; s\u2019\u00e9clater ! Un espace r\u00e9serv\u00e9 aux tout-petits permet \u00e9galement aux tr\u00e8s jeunes enfants de jouer en toute tranquillit\u00e9. Notre aire de jeux enfants ravira les touts-petits et les plus grands (jusqu&rsquo;\u00e0 12 ans et moins de 150cm)<\/p>\n\n\n<div class=\"wp-block-image\">\n<figure class=\"aligncenter size-large is-resized\"><img loading=\"lazy\" decoding=\"async\" width=\"1024\" height=\"683\" src=\"https:\/\/www.1055.fr\/epinal\/contenu\/uploads\/2025\/06\/FOC_CHAUSSETTES-03-1024x683.jpg\" alt=\"\" class=\"wp-image-10361\" style=\"width:410px;height:auto\" srcset=\"https:\/\/www.1055.fr\/epinal\/contenu\/uploads\/2025\/06\/FOC_CHAUSSETTES-03-1024x683.jpg 1024w, https:\/\/www.1055.fr\/epinal\/contenu\/uploads\/2025\/06\/FOC_CHAUSSETTES-03-300x200.jpg 300w, https:\/\/www.1055.fr\/epinal\/contenu\/uploads\/2025\/06\/FOC_CHAUSSETTES-03-768x512.jpg 768w, https:\/\/www.1055.fr\/epinal\/contenu\/uploads\/2025\/06\/FOC_CHAUSSETTES-03-1536x1024.jpg 1536w, https:\/\/www.1055.fr\/epinal\/contenu\/uploads\/2025\/06\/FOC_CHAUSSETTES-03-24x16.jpg 24w, https:\/\/www.1055.fr\/epinal\/contenu\/uploads\/2025\/06\/FOC_CHAUSSETTES-03-36x24.jpg 36w, https:\/\/www.1055.fr\/epinal\/contenu\/uploads\/2025\/06\/FOC_CHAUSSETTES-03-48x32.jpg 48w, https:\/\/www.1055.fr\/epinal\/contenu\/uploads\/2025\/06\/FOC_CHAUSSETTES-03.jpg 2048w\" sizes=\"auto, (max-width: 767px) 89vw, (max-width: 1000px) 54vw, (max-width: 1071px) 543px, 580px\" \/><figcaption class=\"wp-element-caption\">Les chaussettes antid\u00e9rapantes sont obligatoires au Kid Park ! <\/figcaption><\/figure>\n<\/div>\n\n\n<h3 class=\"wp-block-heading\">Pour les parents aussi, le confort est au rendez-vous<\/h3>\n\n\n\n<p>Pendant que les enfants s\u2019amusent en toute s\u00e9curit\u00e9, profitez d\u2019un moment de d\u00e9tente dans notre espace <strong>bar &amp; snacking<\/strong> ou installez-vous confortablement dans notre <strong>brasserie<\/strong>. Le <strong>Kid Park du 10\u00b755 Epinal<\/strong>, c\u2019est la garantie d\u2019une sortie r\u00e9ussie pour toute la famille.<\/p>\n\n\n<div class=\"wp-block-image\">\n<figure class=\"aligncenter size-large is-resized\"><img loading=\"lazy\" decoding=\"async\" width=\"1024\" height=\"571\" src=\"https:\/\/www.1055.fr\/epinal\/contenu\/uploads\/2025\/06\/MENU-KIDS-ecran-tele-3840x2160-1-1024x571.jpg\" alt=\"\" class=\"wp-image-10360\" style=\"width:540px;height:auto\" srcset=\"https:\/\/www.1055.fr\/epinal\/contenu\/uploads\/2025\/06\/MENU-KIDS-ecran-tele-3840x2160-1-1024x571.jpg 1024w, https:\/\/www.1055.fr\/epinal\/contenu\/uploads\/2025\/06\/MENU-KIDS-ecran-tele-3840x2160-1-300x167.jpg 300w, https:\/\/www.1055.fr\/epinal\/contenu\/uploads\/2025\/06\/MENU-KIDS-ecran-tele-3840x2160-1-768x428.jpg 768w, https:\/\/www.1055.fr\/epinal\/contenu\/uploads\/2025\/06\/MENU-KIDS-ecran-tele-3840x2160-1-1536x856.jpg 1536w, https:\/\/www.1055.fr\/epinal\/contenu\/uploads\/2025\/06\/MENU-KIDS-ecran-tele-3840x2160-1-2048x1142.jpg 2048w, https:\/\/www.1055.fr\/epinal\/contenu\/uploads\/2025\/06\/MENU-KIDS-ecran-tele-3840x2160-1-24x13.jpg 24w, https:\/\/www.1055.fr\/epinal\/contenu\/uploads\/2025\/06\/MENU-KIDS-ecran-tele-3840x2160-1-36x20.jpg 36w, https:\/\/www.1055.fr\/epinal\/contenu\/uploads\/2025\/06\/MENU-KIDS-ecran-tele-3840x2160-1-48x27.jpg 48w\" sizes=\"auto, (max-width: 767px) 89vw, (max-width: 1000px) 54vw, (max-width: 1071px) 543px, 580px\" \/><\/figure>\n<\/div>\n\n\n<hr class=\"wp-block-separator has-alpha-channel-opacity\"\/>\n\n\n\n<div class=\"wp-block-columns is-not-stacked-on-mobile is-layout-flex wp-container-core-columns-is-layout-9d6595d7 wp-block-columns-is-layout-flex\">\n<div class=\"wp-block-column is-layout-flow wp-block-column-is-layout-flow\">\n<h4 class=\"wp-block-heading\">Manger pour 2\u20ac ?<\/h4>\n\n\n\n<p>Ave l&rsquo;achat d&rsquo;une entr\u00e9e Kid Park et d&rsquo;un plat adulte, le menu enfant \u00e0 2\u20ac seulement ! <\/p>\n\n\n\n<p><a href=\"https:\/\/www.labrasserie-1055.fr\/\">\u2197R\u00e9server une table<\/a><\/p>\n\n\n\n<figure class=\"wp-block-image size-full\"><img loading=\"lazy\" decoding=\"async\" width=\"900\" height=\"160\" src=\"https:\/\/www.1055.fr\/epinal\/contenu\/uploads\/2025\/06\/MENU-KIDS-petite-banniere-900x160-1.jpg\" alt=\"\" class=\"wp-image-10362\" srcset=\"https:\/\/www.1055.fr\/epinal\/contenu\/uploads\/2025\/06\/MENU-KIDS-petite-banniere-900x160-1.jpg 900w, https:\/\/www.1055.fr\/epinal\/contenu\/uploads\/2025\/06\/MENU-KIDS-petite-banniere-900x160-1-300x53.jpg 300w, https:\/\/www.1055.fr\/epinal\/contenu\/uploads\/2025\/06\/MENU-KIDS-petite-banniere-900x160-1-768x137.jpg 768w, https:\/\/www.1055.fr\/epinal\/contenu\/uploads\/2025\/06\/MENU-KIDS-petite-banniere-900x160-1-24x4.jpg 24w, https:\/\/www.1055.fr\/epinal\/contenu\/uploads\/2025\/06\/MENU-KIDS-petite-banniere-900x160-1-36x6.jpg 36w, https:\/\/www.1055.fr\/epinal\/contenu\/uploads\/2025\/06\/MENU-KIDS-petite-banniere-900x160-1-48x9.jpg 48w\" sizes=\"auto, (max-width: 767px) 89vw, (max-width: 1000px) 54vw, (max-width: 1071px) 543px, 580px\" \/><\/figure>\n<\/div>\n\n\n\n<div class=\"wp-block-column is-layout-flow wp-block-column-is-layout-flow\">\n<h4 class=\"wp-block-heading\">Abonnement annuel <\/h4>\n\n\n\n<p>Jouer toute l&rsquo;ann\u00e9e, \u00e0 volont\u00e9, avec notre abonnement annuel d\u00e8s 4.99\u20ac\/an<\/p>\n\n\n\n<p>\u2197 A d\u00e9couvrir prochainement <\/p>\n\n\n\n<figure class=\"wp-block-image size-full\"><img loading=\"lazy\" decoding=\"async\" width=\"900\" height=\"160\" src=\"https:\/\/www.1055.fr\/epinal\/contenu\/uploads\/2025\/06\/PETITE-BANNIERE.png\" alt=\"\" class=\"wp-image-10313\" srcset=\"https:\/\/www.1055.fr\/epinal\/contenu\/uploads\/2025\/06\/PETITE-BANNIERE.png 900w, https:\/\/www.1055.fr\/epinal\/contenu\/uploads\/2025\/06\/PETITE-BANNIERE-300x53.png 300w, https:\/\/www.1055.fr\/epinal\/contenu\/uploads\/2025\/06\/PETITE-BANNIERE-768x137.png 768w, https:\/\/www.1055.fr\/epinal\/contenu\/uploads\/2025\/06\/PETITE-BANNIERE-24x4.png 24w, https:\/\/www.1055.fr\/epinal\/contenu\/uploads\/2025\/06\/PETITE-BANNIERE-36x6.png 36w, https:\/\/www.1055.fr\/epinal\/contenu\/uploads\/2025\/06\/PETITE-BANNIERE-48x9.png 48w\" sizes=\"auto, (max-width: 767px) 89vw, (max-width: 1000px) 54vw, (max-width: 1071px) 543px, 580px\" \/><\/figure>\n<\/div>\n<\/div>\n\n\n\n<p><\/p>\n","protected":false},"excerpt":{"rendered":"<p>Le Royaume des enfants se trouve au 10\u00b755 ! Le Kid Park : une aire de jeux g\u00e9ante pour enfants.<\/p>\n","protected":false},"author":10,"featured_media":10148,"parent":221,"menu_order":0,"comment_status":"closed","ping_status":"closed","template":"page-activite.php","meta":{"_acf_changed":false,"footnotes":""},"class_list":["post-227","page","type-page","status-publish","has-post-thumbnail","hentry"],"acf":[],"yoast_head":"<!-- This site is optimized with the Yoast SEO plugin v25.9 - https:\/\/yoast.com\/wordpress\/plugins\/seo\/ -->\n<title>Aire de jeux enfants (Kid Park g\u00e9ants) \u00e0 Epinal | Le 10\u00b755<\/title>\n<meta name=\"description\" content=\"Une aire de jeux enfants int\u00e9rieure \u00e0 Epinal : d\u00e9couvrez notre Kid Park au 10\u00b755. Et pour les parents : d\u00e9tente, activit\u00e9s + 12 ans...\" \/>\n<meta name=\"robots\" content=\"index, follow, max-snippet:-1, max-image-preview:large, max-video-preview:-1\" \/>\n<link rel=\"canonical\" href=\"https:\/\/www.1055.fr\/epinal\/activites\/kid-enfants-jeux-park\/\" \/>\n<meta property=\"og:locale\" content=\"fr_FR\" \/>\n<meta property=\"og:type\" content=\"article\" \/>\n<meta property=\"og:title\" content=\"Aire de jeux enfants (Kid Park g\u00e9ants) \u00e0 Epinal | Le 10\u00b755\" \/>\n<meta property=\"og:description\" content=\"Une aire de jeux enfants int\u00e9rieure \u00e0 Epinal : d\u00e9couvrez notre Kid Park au 10\u00b755. Et pour les parents : d\u00e9tente, activit\u00e9s + 12 ans...\" \/>\n<meta property=\"og:url\" content=\"https:\/\/www.1055.fr\/epinal\/activites\/kid-enfants-jeux-park\/\" \/>\n<meta property=\"og:site_name\" content=\"1055 Epinal\" \/>\n<meta property=\"article:modified_time\" content=\"2025-10-15T10:02:43+00:00\" \/>\n<meta property=\"og:image\" content=\"https:\/\/www.1055.fr\/epinal\/contenu\/uploads\/2024\/07\/KID-PARK-1.jpg\" \/>\n\t<meta property=\"og:image:width\" content=\"1800\" \/>\n\t<meta property=\"og:image:height\" content=\"360\" \/>\n\t<meta property=\"og:image:type\" content=\"image\/jpeg\" \/>\n<meta name=\"twitter:card\" content=\"summary_large_image\" \/>\n<meta name=\"twitter:label1\" content=\"Dur\u00e9e de lecture estim\u00e9e\" \/>\n\t<meta name=\"twitter:data1\" content=\"3 minutes\" \/>\n<script type=\"application\/ld+json\" class=\"yoast-schema-graph\">{\"@context\":\"https:\/\/schema.org\",\"@graph\":[{\"@type\":\"WebPage\",\"@id\":\"https:\/\/www.1055.fr\/epinal\/activites\/kid-enfants-jeux-park\/\",\"url\":\"https:\/\/www.1055.fr\/epinal\/activites\/kid-enfants-jeux-park\/\",\"name\":\"Aire de jeux enfants (Kid Park g\u00e9ants) \u00e0 Epinal | Le 10\u00b755\",\"isPartOf\":{\"@id\":\"https:\/\/www.1055.fr\/epinal\/#website\"},\"primaryImageOfPage\":{\"@id\":\"https:\/\/www.1055.fr\/epinal\/activites\/kid-enfants-jeux-park\/#primaryimage\"},\"image\":{\"@id\":\"https:\/\/www.1055.fr\/epinal\/activites\/kid-enfants-jeux-park\/#primaryimage\"},\"thumbnailUrl\":\"https:\/\/www.1055.fr\/epinal\/contenu\/uploads\/2024\/07\/KID-PARK-1.jpg\",\"datePublished\":\"2025-09-16T09:56:06+00:00\",\"dateModified\":\"2025-10-15T10:02:43+00:00\",\"description\":\"Une aire de jeux enfants int\u00e9rieure \u00e0 Epinal : d\u00e9couvrez notre Kid Park au 10\u00b755. Et pour les parents : d\u00e9tente, activit\u00e9s + 12 ans...\",\"breadcrumb\":{\"@id\":\"https:\/\/www.1055.fr\/epinal\/activites\/kid-enfants-jeux-park\/#breadcrumb\"},\"inLanguage\":\"fr-FR\",\"potentialAction\":[{\"@type\":\"ReadAction\",\"target\":[\"https:\/\/www.1055.fr\/epinal\/activites\/kid-enfants-jeux-park\/\"]}]},{\"@type\":\"ImageObject\",\"inLanguage\":\"fr-FR\",\"@id\":\"https:\/\/www.1055.fr\/epinal\/activites\/kid-enfants-jeux-park\/#primaryimage\",\"url\":\"https:\/\/www.1055.fr\/epinal\/contenu\/uploads\/2024\/07\/KID-PARK-1.jpg\",\"contentUrl\":\"https:\/\/www.1055.fr\/epinal\/contenu\/uploads\/2024\/07\/KID-PARK-1.jpg\",\"width\":1800,\"height\":360},{\"@type\":\"BreadcrumbList\",\"@id\":\"https:\/\/www.1055.fr\/epinal\/activites\/kid-enfants-jeux-park\/#breadcrumb\",\"itemListElement\":[{\"@type\":\"ListItem\",\"position\":1,\"name\":\"Home\",\"item\":\"https:\/\/www.1055.fr\/epinal\/\"},{\"@type\":\"ListItem\",\"position\":2,\"name\":\"Activit\u00e9s\",\"item\":\"https:\/\/www.1055.fr\/epinal\/activites\/\"},{\"@type\":\"ListItem\",\"position\":3,\"name\":\"Kid Park\"}]},{\"@type\":\"WebSite\",\"@id\":\"https:\/\/www.1055.fr\/epinal\/#website\",\"url\":\"https:\/\/www.1055.fr\/epinal\/\",\"name\":\"1055 Epinal\",\"description\":\"\",\"potentialAction\":[{\"@type\":\"SearchAction\",\"target\":{\"@type\":\"EntryPoint\",\"urlTemplate\":\"https:\/\/www.1055.fr\/epinal\/?s={search_term_string}\"},\"query-input\":{\"@type\":\"PropertyValueSpecification\",\"valueRequired\":true,\"valueName\":\"search_term_string\"}}],\"inLanguage\":\"fr-FR\"}]}<\/script>\n<!-- \/ Yoast SEO plugin. -->","yoast_head_json":{"title":"Aire de jeux enfants (Kid Park g\u00e9ants) \u00e0 Epinal | Le 10\u00b755","description":"Une aire de jeux enfants int\u00e9rieure \u00e0 Epinal : d\u00e9couvrez notre Kid Park au 10\u00b755. Et pour les parents : d\u00e9tente, activit\u00e9s + 12 ans...","robots":{"index":"index","follow":"follow","max-snippet":"max-snippet:-1","max-image-preview":"max-image-preview:large","max-video-preview":"max-video-preview:-1"},"canonical":"https:\/\/www.1055.fr\/epinal\/activites\/kid-enfants-jeux-park\/","og_locale":"fr_FR","og_type":"article","og_title":"Aire de jeux enfants (Kid Park g\u00e9ants) \u00e0 Epinal | Le 10\u00b755","og_description":"Une aire de jeux enfants int\u00e9rieure \u00e0 Epinal : d\u00e9couvrez notre Kid Park au 10\u00b755. Et pour les parents : d\u00e9tente, activit\u00e9s + 12 ans...","og_url":"https:\/\/www.1055.fr\/epinal\/activites\/kid-enfants-jeux-park\/","og_site_name":"1055 Epinal","article_modified_time":"2025-10-15T10:02:43+00:00","og_image":[{"width":1800,"height":360,"url":"https:\/\/www.1055.fr\/epinal\/contenu\/uploads\/2024\/07\/KID-PARK-1.jpg","type":"image\/jpeg"}],"twitter_card":"summary_large_image","twitter_misc":{"Dur\u00e9e de lecture estim\u00e9e":"3 minutes"},"schema":{"@context":"https:\/\/schema.org","@graph":[{"@type":"WebPage","@id":"https:\/\/www.1055.fr\/epinal\/activites\/kid-enfants-jeux-park\/","url":"https:\/\/www.1055.fr\/epinal\/activites\/kid-enfants-jeux-park\/","name":"Aire de jeux enfants (Kid Park g\u00e9ants) \u00e0 Epinal | Le 10\u00b755","isPartOf":{"@id":"https:\/\/www.1055.fr\/epinal\/#website"},"primaryImageOfPage":{"@id":"https:\/\/www.1055.fr\/epinal\/activites\/kid-enfants-jeux-park\/#primaryimage"},"image":{"@id":"https:\/\/www.1055.fr\/epinal\/activites\/kid-enfants-jeux-park\/#primaryimage"},"thumbnailUrl":"https:\/\/www.1055.fr\/epinal\/contenu\/uploads\/2024\/07\/KID-PARK-1.jpg","datePublished":"2025-09-16T09:56:06+00:00","dateModified":"2025-10-15T10:02:43+00:00","description":"Une aire de jeux enfants int\u00e9rieure \u00e0 Epinal : d\u00e9couvrez notre Kid Park au 10\u00b755. Et pour les parents : d\u00e9tente, activit\u00e9s + 12 ans...","breadcrumb":{"@id":"https:\/\/www.1055.fr\/epinal\/activites\/kid-enfants-jeux-park\/#breadcrumb"},"inLanguage":"fr-FR","potentialAction":[{"@type":"ReadAction","target":["https:\/\/www.1055.fr\/epinal\/activites\/kid-enfants-jeux-park\/"]}]},{"@type":"ImageObject","inLanguage":"fr-FR","@id":"https:\/\/www.1055.fr\/epinal\/activites\/kid-enfants-jeux-park\/#primaryimage","url":"https:\/\/www.1055.fr\/epinal\/contenu\/uploads\/2024\/07\/KID-PARK-1.jpg","contentUrl":"https:\/\/www.1055.fr\/epinal\/contenu\/uploads\/2024\/07\/KID-PARK-1.jpg","width":1800,"height":360},{"@type":"BreadcrumbList","@id":"https:\/\/www.1055.fr\/epinal\/activites\/kid-enfants-jeux-park\/#breadcrumb","itemListElement":[{"@type":"ListItem","position":1,"name":"Home","item":"https:\/\/www.1055.fr\/epinal\/"},{"@type":"ListItem","position":2,"name":"Activit\u00e9s","item":"https:\/\/www.1055.fr\/epinal\/activites\/"},{"@type":"ListItem","position":3,"name":"Kid Park"}]},{"@type":"WebSite","@id":"https:\/\/www.1055.fr\/epinal\/#website","url":"https:\/\/www.1055.fr\/epinal\/","name":"1055 Epinal","description":"","potentialAction":[{"@type":"SearchAction","target":{"@type":"EntryPoint","urlTemplate":"https:\/\/www.1055.fr\/epinal\/?s={search_term_string}"},"query-input":{"@type":"PropertyValueSpecification","valueRequired":true,"valueName":"search_term_string"}}],"inLanguage":"fr-FR"}]}},"_links":{"self":[{"href":"https:\/\/www.1055.fr\/epinal\/wp-json\/wp\/v2\/pages\/227","targetHints":{"allow":["GET"]}}],"collection":[{"href":"https:\/\/www.1055.fr\/epinal\/wp-json\/wp\/v2\/pages"}],"about":[{"href":"https:\/\/www.1055.fr\/epinal\/wp-json\/wp\/v2\/types\/page"}],"author":[{"embeddable":true,"href":"https:\/\/www.1055.fr\/epinal\/wp-json\/wp\/v2\/users\/10"}],"replies":[{"embeddable":true,"href":"https:\/\/www.1055.fr\/epinal\/wp-json\/wp\/v2\/comments?post=227"}],"version-history":[{"count":2,"href":"https:\/\/www.1055.fr\/epinal\/wp-json\/wp\/v2\/pages\/227\/revisions"}],"predecessor-version":[{"id":10752,"href":"https:\/\/www.1055.fr\/epinal\/wp-json\/wp\/v2\/pages\/227\/revisions\/10752"}],"up":[{"embeddable":true,"href":"https:\/\/www.1055.fr\/epinal\/wp-json\/wp\/v2\/pages\/221"}],"wp:featuredmedia":[{"embeddable":true,"href":"https:\/\/www.1055.fr\/epinal\/wp-json\/wp\/v2\/media\/10148"}],"wp:attachment":[{"href":"https:\/\/www.1055.fr\/epinal\/wp-json\/wp\/v2\/media?parent=227"}],"curies":[{"name":"wp","href":"https:\/\/api.w.org\/{rel}","templated":true}]}}