{"id":2116,"date":"2019-05-13T15:13:48","date_gmt":"2019-05-13T13:13:48","guid":{"rendered":"https:\/\/www.1055.fr\/chalon\/?page_id=2116"},"modified":"2024-07-15T15:49:33","modified_gmt":"2024-07-15T13:49:33","slug":"nous-recrutons","status":"publish","type":"page","link":"https:\/\/www.1055.fr\/epinal\/nous-recrutons\/","title":{"rendered":"Nous recrutons"},"content":{"rendered":"<h1><img loading=\"lazy\" decoding=\"async\" class=\"size-medium wp-image-7893 aligncenter\" src=\"https:\/\/www.1055.fr\/chalon\/contenu\/uploads\/2022\/06\/logo-1055-blanc-266x300.png\" alt=\"\" width=\"266\" height=\"300\" \/><\/h1>\n<h1><span style=\"color: #ff6600;\">Le groupe 10. 55 recrute pour Chalon-sur-Sa\u00f4ne : ouverture 2022 !<\/span><\/h1>\n<h1 style=\"text-align: center;\">Nous recrutons<\/h1>\n<p><img loading=\"lazy\" decoding=\"async\" class=\" wp-image-7896 aligncenter\" src=\"https:\/\/www.1055.fr\/chalon\/contenu\/uploads\/2022\/06\/3picto-300x99.jpg\" alt=\"\" width=\"367\" height=\"121\" \/><\/p>\n<h2>P\u00e2tissier\/P\u00e2tissi\u00e8re<\/h2>\n<ul>\n<li>Salaire:<strong> 2 300\u20ac brut \u00e0 2 400\u20ac brut<\/strong><\/li>\n<li>avantages : horaires de journ\u00e9e du mardi au vendredi et samedi matin.<\/li>\n<\/ul>\n<h2>Des cuisiniers\/cuisini\u00e8res &#8211; Exp\u00e9rience requise<\/h2>\n<ul>\n<li>salaire : <strong>2 300\u20ac brut \u00e0 2 500\u20ac\u00a0 brut<\/strong><\/li>\n<li>avantages : <strong>1 week-end\/ mois &#8211; <\/strong>le travail en soir\u00e9e (21h), le travail le week-end et en coup\u00e9 est valoris\u00e9 (primes) &#8211; semaine de 4 jours ou 3 jours possible<\/li>\n<\/ul>\n<h2>Commis de cuisine H\/F &#8211; d\u00e9butantes et d\u00e9butants accept\u00e9s.<\/h2>\n<ul>\n<li>salaire : <strong>1 700\u20ac brut \u00e0 2 000\u20ac brut<\/strong><\/li>\n<li>avantages :\u00a0<strong>1 week-end\/ mois &#8211; <\/strong>le travail (21h) en soir\u00e9e, le travail le week-end et en coup\u00e9 est valoris\u00e9 (primes)<\/li>\n<\/ul>\n<h2>Chef de rang H\/F &#8211; Exp\u00e9rience requise<\/h2>\n<ul>\n<li>salaire : <strong>2 200\u20ac brut \u00e0 2 400\u20ac\u00a0 brut<\/strong><\/li>\n<li>avantages : <strong>1 week-end\/ mois &#8211; <\/strong>le travail en soir\u00e9e (21h), le travail le week-end et en coup\u00e9 est valoris\u00e9 (primes) &#8211; semaine de 4 jours ou 3 jours possible<\/li>\n<\/ul>\n<h2>Barmen et serveurs H\/F\u00a0 &#8211; d\u00e9butantes et d\u00e9butants accept\u00e9s<\/h2>\n<ul>\n<li>salaire : <strong>1 700\u20ac brut et 2 200\u20ac brut<br \/>\n<\/strong><\/li>\n<li>avantages :\u00a0<strong>1 week-end\/ mois &#8211; <\/strong>le travail en soir\u00e9e(21h), le travail le week-end et en coup\u00e9 est valoris\u00e9 (primes)<\/li>\n<\/ul>\n<h2>Les +<\/h2>\n<p>Possibilit\u00e9 d&rsquo;\u00e9volution au sein de l&rsquo;entreprise, formation sur place, travail en coup\u00e9, travail le week-end, travail en soir\u00e9e (21h) valoris\u00e9 par des primes.<\/p>\n<p>Le 10. 55 a h\u00e2te de vous accueillir au sein de sa Team pour <strong>une aventure professionnelle<\/strong> unique dans <strong>le Loisirs et la Restauration. <\/strong>Le groupe 10. 55 est une entreprise <strong>avec des valeurs familiales<\/strong>. D\u00e9couvrez nos complexes de Loisirs et de Restauration : les plus grands de l&rsquo;Est de la France.<\/p>\n<p>&nbsp;<\/p>\n","protected":false},"excerpt":{"rendered":"<p>Le groupe 10. 55 recrute pour Chalon-sur-Sa\u00f4ne : ouverture 2022 ! Nous recrutons P\u00e2tissier\/P\u00e2tissi\u00e8re Salaire: 2 300\u20ac brut \u00e0 2 &hellip;<\/p>\n","protected":false},"author":10,"featured_media":10177,"parent":0,"menu_order":0,"comment_status":"closed","ping_status":"closed","template":"page-activite.php","meta":{"_acf_changed":false,"footnotes":""},"class_list":["post-2116","page","type-page","status-publish","has-post-thumbnail","hentry"],"acf":[],"yoast_head":"<!-- This site is optimized with the Yoast SEO plugin v25.9 - https:\/\/yoast.com\/wordpress\/plugins\/seo\/ -->\n<title>Nous recrutons<\/title>\n<meta name=\"robots\" content=\"index, follow, max-snippet:-1, max-image-preview:large, max-video-preview:-1\" \/>\n<link rel=\"canonical\" href=\"https:\/\/www.1055.fr\/epinal\/nous-recrutons\/\" \/>\n<meta property=\"og:locale\" content=\"fr_FR\" \/>\n<meta property=\"og:type\" content=\"article\" \/>\n<meta property=\"og:title\" content=\"Nous recrutons\" \/>\n<meta property=\"og:description\" content=\"Le groupe 10. 55 recrute pour Chalon-sur-Sa\u00f4ne : ouverture 2022 ! Nous recrutons P\u00e2tissier\/P\u00e2tissi\u00e8re Salaire: 2 300\u20ac brut \u00e0 2 &hellip;\" \/>\n<meta property=\"og:url\" content=\"https:\/\/www.1055.fr\/epinal\/nous-recrutons\/\" \/>\n<meta property=\"og:site_name\" content=\"1055 Epinal\" \/>\n<meta property=\"article:modified_time\" content=\"2024-07-15T13:49:33+00:00\" \/>\n<meta property=\"og:image\" content=\"https:\/\/www.1055.fr\/epinal\/contenu\/uploads\/2024\/07\/Nous-recrutons-fond-uni-jaune.jpg\" \/>\n\t<meta property=\"og:image:width\" content=\"1800\" \/>\n\t<meta property=\"og:image:height\" content=\"360\" \/>\n\t<meta property=\"og:image:type\" content=\"image\/jpeg\" \/>\n<meta name=\"twitter:card\" content=\"summary_large_image\" \/>\n<meta name=\"twitter:label1\" content=\"Dur\u00e9e de lecture estim\u00e9e\" \/>\n\t<meta name=\"twitter:data1\" content=\"2 minutes\" \/>\n<script type=\"application\/ld+json\" class=\"yoast-schema-graph\">{\"@context\":\"https:\/\/schema.org\",\"@graph\":[{\"@type\":\"WebPage\",\"@id\":\"https:\/\/www.1055.fr\/epinal\/nous-recrutons\/\",\"url\":\"https:\/\/www.1055.fr\/epinal\/nous-recrutons\/\",\"name\":\"Nous recrutons\",\"isPartOf\":{\"@id\":\"https:\/\/www.1055.fr\/epinal\/#website\"},\"primaryImageOfPage\":{\"@id\":\"https:\/\/www.1055.fr\/epinal\/nous-recrutons\/#primaryimage\"},\"image\":{\"@id\":\"https:\/\/www.1055.fr\/epinal\/nous-recrutons\/#primaryimage\"},\"thumbnailUrl\":\"https:\/\/www.1055.fr\/epinal\/contenu\/uploads\/2024\/07\/Nous-recrutons-fond-uni-jaune.jpg\",\"datePublished\":\"2019-05-13T13:13:48+00:00\",\"dateModified\":\"2024-07-15T13:49:33+00:00\",\"breadcrumb\":{\"@id\":\"https:\/\/www.1055.fr\/epinal\/nous-recrutons\/#breadcrumb\"},\"inLanguage\":\"fr-FR\",\"potentialAction\":[{\"@type\":\"ReadAction\",\"target\":[\"https:\/\/www.1055.fr\/epinal\/nous-recrutons\/\"]}]},{\"@type\":\"ImageObject\",\"inLanguage\":\"fr-FR\",\"@id\":\"https:\/\/www.1055.fr\/epinal\/nous-recrutons\/#primaryimage\",\"url\":\"https:\/\/www.1055.fr\/epinal\/contenu\/uploads\/2024\/07\/Nous-recrutons-fond-uni-jaune.jpg\",\"contentUrl\":\"https:\/\/www.1055.fr\/epinal\/contenu\/uploads\/2024\/07\/Nous-recrutons-fond-uni-jaune.jpg\",\"width\":1800,\"height\":360},{\"@type\":\"BreadcrumbList\",\"@id\":\"https:\/\/www.1055.fr\/epinal\/nous-recrutons\/#breadcrumb\",\"itemListElement\":[{\"@type\":\"ListItem\",\"position\":1,\"name\":\"Home\",\"item\":\"https:\/\/www.1055.fr\/epinal\/\"},{\"@type\":\"ListItem\",\"position\":2,\"name\":\"Nous recrutons\"}]},{\"@type\":\"WebSite\",\"@id\":\"https:\/\/www.1055.fr\/epinal\/#website\",\"url\":\"https:\/\/www.1055.fr\/epinal\/\",\"name\":\"1055 Epinal\",\"description\":\"\",\"potentialAction\":[{\"@type\":\"SearchAction\",\"target\":{\"@type\":\"EntryPoint\",\"urlTemplate\":\"https:\/\/www.1055.fr\/epinal\/?s={search_term_string}\"},\"query-input\":{\"@type\":\"PropertyValueSpecification\",\"valueRequired\":true,\"valueName\":\"search_term_string\"}}],\"inLanguage\":\"fr-FR\"}]}<\/script>\n<!-- \/ Yoast SEO plugin. -->","yoast_head_json":{"title":"Nous recrutons","robots":{"index":"index","follow":"follow","max-snippet":"max-snippet:-1","max-image-preview":"max-image-preview:large","max-video-preview":"max-video-preview:-1"},"canonical":"https:\/\/www.1055.fr\/epinal\/nous-recrutons\/","og_locale":"fr_FR","og_type":"article","og_title":"Nous recrutons","og_description":"Le groupe 10. 55 recrute pour Chalon-sur-Sa\u00f4ne : ouverture 2022 ! Nous recrutons P\u00e2tissier\/P\u00e2tissi\u00e8re Salaire: 2 300\u20ac brut \u00e0 2 &hellip;","og_url":"https:\/\/www.1055.fr\/epinal\/nous-recrutons\/","og_site_name":"1055 Epinal","article_modified_time":"2024-07-15T13:49:33+00:00","og_image":[{"width":1800,"height":360,"url":"https:\/\/www.1055.fr\/epinal\/contenu\/uploads\/2024\/07\/Nous-recrutons-fond-uni-jaune.jpg","type":"image\/jpeg"}],"twitter_card":"summary_large_image","twitter_misc":{"Dur\u00e9e de lecture estim\u00e9e":"2 minutes"},"schema":{"@context":"https:\/\/schema.org","@graph":[{"@type":"WebPage","@id":"https:\/\/www.1055.fr\/epinal\/nous-recrutons\/","url":"https:\/\/www.1055.fr\/epinal\/nous-recrutons\/","name":"Nous recrutons","isPartOf":{"@id":"https:\/\/www.1055.fr\/epinal\/#website"},"primaryImageOfPage":{"@id":"https:\/\/www.1055.fr\/epinal\/nous-recrutons\/#primaryimage"},"image":{"@id":"https:\/\/www.1055.fr\/epinal\/nous-recrutons\/#primaryimage"},"thumbnailUrl":"https:\/\/www.1055.fr\/epinal\/contenu\/uploads\/2024\/07\/Nous-recrutons-fond-uni-jaune.jpg","datePublished":"2019-05-13T13:13:48+00:00","dateModified":"2024-07-15T13:49:33+00:00","breadcrumb":{"@id":"https:\/\/www.1055.fr\/epinal\/nous-recrutons\/#breadcrumb"},"inLanguage":"fr-FR","potentialAction":[{"@type":"ReadAction","target":["https:\/\/www.1055.fr\/epinal\/nous-recrutons\/"]}]},{"@type":"ImageObject","inLanguage":"fr-FR","@id":"https:\/\/www.1055.fr\/epinal\/nous-recrutons\/#primaryimage","url":"https:\/\/www.1055.fr\/epinal\/contenu\/uploads\/2024\/07\/Nous-recrutons-fond-uni-jaune.jpg","contentUrl":"https:\/\/www.1055.fr\/epinal\/contenu\/uploads\/2024\/07\/Nous-recrutons-fond-uni-jaune.jpg","width":1800,"height":360},{"@type":"BreadcrumbList","@id":"https:\/\/www.1055.fr\/epinal\/nous-recrutons\/#breadcrumb","itemListElement":[{"@type":"ListItem","position":1,"name":"Home","item":"https:\/\/www.1055.fr\/epinal\/"},{"@type":"ListItem","position":2,"name":"Nous recrutons"}]},{"@type":"WebSite","@id":"https:\/\/www.1055.fr\/epinal\/#website","url":"https:\/\/www.1055.fr\/epinal\/","name":"1055 Epinal","description":"","potentialAction":[{"@type":"SearchAction","target":{"@type":"EntryPoint","urlTemplate":"https:\/\/www.1055.fr\/epinal\/?s={search_term_string}"},"query-input":{"@type":"PropertyValueSpecification","valueRequired":true,"valueName":"search_term_string"}}],"inLanguage":"fr-FR"}]}},"_links":{"self":[{"href":"https:\/\/www.1055.fr\/epinal\/wp-json\/wp\/v2\/pages\/2116","targetHints":{"allow":["GET"]}}],"collection":[{"href":"https:\/\/www.1055.fr\/epinal\/wp-json\/wp\/v2\/pages"}],"about":[{"href":"https:\/\/www.1055.fr\/epinal\/wp-json\/wp\/v2\/types\/page"}],"author":[{"embeddable":true,"href":"https:\/\/www.1055.fr\/epinal\/wp-json\/wp\/v2\/users\/10"}],"replies":[{"embeddable":true,"href":"https:\/\/www.1055.fr\/epinal\/wp-json\/wp\/v2\/comments?post=2116"}],"version-history":[{"count":1,"href":"https:\/\/www.1055.fr\/epinal\/wp-json\/wp\/v2\/pages\/2116\/revisions"}],"predecessor-version":[{"id":10181,"href":"https:\/\/www.1055.fr\/epinal\/wp-json\/wp\/v2\/pages\/2116\/revisions\/10181"}],"wp:featuredmedia":[{"embeddable":true,"href":"https:\/\/www.1055.fr\/epinal\/wp-json\/wp\/v2\/media\/10177"}],"wp:attachment":[{"href":"https:\/\/www.1055.fr\/epinal\/wp-json\/wp\/v2\/media?parent=2116"}],"curies":[{"name":"wp","href":"https:\/\/api.w.org\/{rel}","templated":true}]}}