{"id":1090,"date":"2019-01-22T10:24:15","date_gmt":"2019-01-22T09:24:15","guid":{"rendered":"https:\/\/www.1055.fr\/chalon\/?page_id=1090"},"modified":"2026-02-23T16:27:32","modified_gmt":"2026-02-23T15:27:32","slug":"pass","status":"publish","type":"page","link":"https:\/\/www.1055.fr\/epinal\/tarifs-et-pass\/pass\/","title":{"rendered":"nos pass&rsquo;"},"content":{"rendered":"\n<h1 class=\"wp-block-heading\"><span style=\"color: #ff6600;\">D\u00e9couvrez nos Pass pour maitriser votre budget <\/span><\/h1>\n\n\n\n<p class=\"has-text-align-center\"><strong><mark style=\"background-color:rgba(0, 0, 0, 0)\" class=\"has-inline-color has-vivid-red-color\"><\/mark><\/strong><\/p>\n\n\n\n<h2 class=\"wp-block-heading has-text-align-center\">LE PASS OR*<\/h2>\n\n\n\n<p class=\"has-text-align-center\">Donne acc\u00e8s \u00e0 <strong>1 partie de bowling<\/strong>* + toutes les autres activit\u00e9s en illimit\u00e9 :\u00a0<a href=\"https:\/\/www.1055.fr\/epinal\/activites\/kid-enfants-jeux-park\/\">Kid Park<\/a>,\u00a0<a href=\"https:\/\/www.1055.fr\/epinal\/activites\/trampoline-park\/\">Trampoline Park<\/a>,\u00a0<a href=\"https:\/\/www.1055.fr\/epinal\/activites\/flechette-epinal\/\">Fl\u00e9chettes connect\u00e9es<\/a>,\u00a0<a href=\"https:\/\/www.1055.fr\/epinal\/activites\/lancer-de-haches\/\">Lancer de hache<\/a>,\u00a0<a href=\"https:\/\/www.1055.fr\/epinal\/activites\/explorez-le-quizz-belfort\/\">Sa<\/a><a href=\"https:\/\/www.1055.fr\/epinal\/activites\/explorez-le-quizz-epinal\/\">l<\/a><a href=\"https:\/\/www.1055.fr\/epinal\/activites\/explorez-le-quizz-belfort\/\">les de Quizz<\/a>,\u00a0<a href=\"https:\/\/www.1055.fr\/epinal\/activites\/karaoke-epinal\/\">Karaok\u00e9<\/a>,\u00a0<a href=\"https:\/\/www.1055.fr\/epinal\/activites\/laser-game\/\">Laser Game<\/a>,\u00a0<a href=\"https:\/\/www.1055.fr\/epinal\/activites\/action-games-tac-tic-room\/\">Tac-Tic Room<\/a><\/p>\n\n\n\n<p class=\"has-text-align-center\"><strong><mark style=\"background-color:#fcb900\" class=\"has-inline-color\">TARIFS MOINS DE 100CM<\/mark><\/strong> <br>\u2192 <strong>Avec la carte 10.55<\/strong> : <strong>14,90\u20ac <\/strong>\/ Sans la carte 10.55 : 16,90\u20ac<\/p>\n\n\n\n<p class=\"has-text-align-center\"><mark style=\"background-color:#fbb279\" class=\"has-inline-color has-black-color\"><strong>TARIFS MOINS DE 150CM ET MOINS DE 12ANS<\/strong> <\/mark><br>\u2192 <strong>Avec la carte 10.55<\/strong> : 24,90\u20ac \/ Sans la carte 10.55 : 26,90\u20ac<\/p>\n\n\n\n<p class=\"has-text-align-center\"><mark style=\"background-color:#fcb900\" class=\"has-inline-color\"><strong>TARIFS + DE 150CM ET + DE 12 ANS<\/strong> <\/mark><br>\u2192<strong> Avec la carte 10.55<\/strong> : <strong><strong>29,90\u20ac<\/strong><big><big> <\/big><\/big><\/strong>\/ Sans la carte 10.55 : 31,90\u20ac<\/p>\n\n\n\n<p class=\"has-text-align-center\"><strong><mark style=\"background-color:#fbb279\" class=\"has-inline-color\">TARIFS FAMILLE (2 ADULTES; 2 ENFANTS)<\/mark><\/strong><mark style=\"background-color:#fcb900\" class=\"has-inline-color\"> <\/mark><br>\u2192 <strong>Avec la carte 10.55 : <strong>89,90\u20ac<\/strong><\/strong> \/ Sans la carte 10.55 : 99,90\u20ac<br> <mark style=\"background-color:rgba(0, 0, 0, 0);color:#fbb279\" class=\"has-inline-color\">            <\/mark><mark style=\"background-color:#fbb279\" class=\"has-inline-color has-black-color\"> La personne suppl\u00e9mentaire <\/mark>\u2192 19,90\u20ac \/ Sans la carte : 20,90\u20ac<\/p>\n\n\n\n<p>*Selon disponibilit\u00e9, r\u00e9servation tr\u00e8s conseill\u00e9e. Nous ne sommes pas responsable si les activit\u00e9s sont compl\u00e8tes sans r\u00e9servation. <\/p>\n\n\n\n<h2 class=\"wp-block-heading has-text-align-center\">Carnet de tickets<\/h2>\n\n\n\n<p>Ticket valable pour : bowling, kid park, trampo, laser game <\/p>\n\n\n\n<p>10 entr\u00e9es (-100cm) : <strong>59\u20ac<\/strong> avec la carte, <strong>+10\u20ac<\/strong> sans la carte<\/p>\n\n\n\n<p>10 entr\u00e9es (+100cm) : <strong>89\u20ac<\/strong> avec la carte, <strong>+10\u20ac<\/strong> sans la carte<\/p>\n\n\n\n<p><\/p>\n","protected":false},"excerpt":{"rendered":"<p>D\u00e9couvrez nos Pass multi-activit\u00e9s pour maitriser votre budget !<\/p>\n","protected":false},"author":10,"featured_media":10170,"parent":46,"menu_order":2,"comment_status":"closed","ping_status":"closed","template":"page-activite.php","meta":{"_acf_changed":false,"footnotes":""},"class_list":["post-1090","page","type-page","status-publish","has-post-thumbnail","hentry"],"acf":[],"yoast_head":"<!-- This site is optimized with the Yoast SEO plugin v25.9 - https:\/\/yoast.com\/wordpress\/plugins\/seo\/ -->\n<title>nos pass&#039;<\/title>\n<meta name=\"robots\" content=\"index, follow, max-snippet:-1, max-image-preview:large, max-video-preview:-1\" \/>\n<link rel=\"canonical\" href=\"https:\/\/www.1055.fr\/epinal\/tarifs-et-pass\/pass\/\" \/>\n<meta property=\"og:locale\" content=\"fr_FR\" \/>\n<meta property=\"og:type\" content=\"article\" \/>\n<meta property=\"og:title\" content=\"nos pass&#039;\" \/>\n<meta property=\"og:description\" content=\"D\u00e9couvrez nos Pass multi-activit\u00e9s pour maitriser votre budget !\" \/>\n<meta property=\"og:url\" content=\"https:\/\/www.1055.fr\/epinal\/tarifs-et-pass\/pass\/\" \/>\n<meta property=\"og:site_name\" content=\"1055 Epinal\" \/>\n<meta property=\"article:modified_time\" content=\"2026-02-23T15:27:32+00:00\" \/>\n<meta property=\"og:image\" content=\"https:\/\/www.1055.fr\/epinal\/contenu\/uploads\/2024\/07\/tarifsbonplan-petitebanniere.jpg\" \/>\n\t<meta property=\"og:image:width\" content=\"1800\" \/>\n\t<meta property=\"og:image:height\" content=\"360\" \/>\n\t<meta property=\"og:image:type\" content=\"image\/jpeg\" \/>\n<meta name=\"twitter:card\" content=\"summary_large_image\" \/>\n<meta name=\"twitter:label1\" content=\"Dur\u00e9e de lecture estim\u00e9e\" \/>\n\t<meta name=\"twitter:data1\" content=\"2 minutes\" \/>\n<script type=\"application\/ld+json\" class=\"yoast-schema-graph\">{\"@context\":\"https:\/\/schema.org\",\"@graph\":[{\"@type\":\"WebPage\",\"@id\":\"https:\/\/www.1055.fr\/epinal\/tarifs-et-pass\/pass\/\",\"url\":\"https:\/\/www.1055.fr\/epinal\/tarifs-et-pass\/pass\/\",\"name\":\"nos pass'\",\"isPartOf\":{\"@id\":\"https:\/\/www.1055.fr\/epinal\/#website\"},\"primaryImageOfPage\":{\"@id\":\"https:\/\/www.1055.fr\/epinal\/tarifs-et-pass\/pass\/#primaryimage\"},\"image\":{\"@id\":\"https:\/\/www.1055.fr\/epinal\/tarifs-et-pass\/pass\/#primaryimage\"},\"thumbnailUrl\":\"https:\/\/www.1055.fr\/epinal\/contenu\/uploads\/2024\/07\/tarifsbonplan-petitebanniere.jpg\",\"datePublished\":\"2019-01-22T09:24:15+00:00\",\"dateModified\":\"2026-02-23T15:27:32+00:00\",\"breadcrumb\":{\"@id\":\"https:\/\/www.1055.fr\/epinal\/tarifs-et-pass\/pass\/#breadcrumb\"},\"inLanguage\":\"fr-FR\",\"potentialAction\":[{\"@type\":\"ReadAction\",\"target\":[\"https:\/\/www.1055.fr\/epinal\/tarifs-et-pass\/pass\/\"]}]},{\"@type\":\"ImageObject\",\"inLanguage\":\"fr-FR\",\"@id\":\"https:\/\/www.1055.fr\/epinal\/tarifs-et-pass\/pass\/#primaryimage\",\"url\":\"https:\/\/www.1055.fr\/epinal\/contenu\/uploads\/2024\/07\/tarifsbonplan-petitebanniere.jpg\",\"contentUrl\":\"https:\/\/www.1055.fr\/epinal\/contenu\/uploads\/2024\/07\/tarifsbonplan-petitebanniere.jpg\",\"width\":1800,\"height\":360},{\"@type\":\"BreadcrumbList\",\"@id\":\"https:\/\/www.1055.fr\/epinal\/tarifs-et-pass\/pass\/#breadcrumb\",\"itemListElement\":[{\"@type\":\"ListItem\",\"position\":1,\"name\":\"Home\",\"item\":\"https:\/\/www.1055.fr\/epinal\/\"},{\"@type\":\"ListItem\",\"position\":2,\"name\":\"Tarifs &amp; Pass\",\"item\":\"https:\/\/www.1055.fr\/epinal\/tarifs-et-pass\/\"},{\"@type\":\"ListItem\",\"position\":3,\"name\":\"nos pass&#8217;\"}]},{\"@type\":\"WebSite\",\"@id\":\"https:\/\/www.1055.fr\/epinal\/#website\",\"url\":\"https:\/\/www.1055.fr\/epinal\/\",\"name\":\"1055 Epinal\",\"description\":\"\",\"potentialAction\":[{\"@type\":\"SearchAction\",\"target\":{\"@type\":\"EntryPoint\",\"urlTemplate\":\"https:\/\/www.1055.fr\/epinal\/?s={search_term_string}\"},\"query-input\":{\"@type\":\"PropertyValueSpecification\",\"valueRequired\":true,\"valueName\":\"search_term_string\"}}],\"inLanguage\":\"fr-FR\"}]}<\/script>\n<!-- \/ Yoast SEO plugin. -->","yoast_head_json":{"title":"nos pass'","robots":{"index":"index","follow":"follow","max-snippet":"max-snippet:-1","max-image-preview":"max-image-preview:large","max-video-preview":"max-video-preview:-1"},"canonical":"https:\/\/www.1055.fr\/epinal\/tarifs-et-pass\/pass\/","og_locale":"fr_FR","og_type":"article","og_title":"nos pass'","og_description":"D\u00e9couvrez nos Pass multi-activit\u00e9s pour maitriser votre budget !","og_url":"https:\/\/www.1055.fr\/epinal\/tarifs-et-pass\/pass\/","og_site_name":"1055 Epinal","article_modified_time":"2026-02-23T15:27:32+00:00","og_image":[{"width":1800,"height":360,"url":"https:\/\/www.1055.fr\/epinal\/contenu\/uploads\/2024\/07\/tarifsbonplan-petitebanniere.jpg","type":"image\/jpeg"}],"twitter_card":"summary_large_image","twitter_misc":{"Dur\u00e9e de lecture estim\u00e9e":"2 minutes"},"schema":{"@context":"https:\/\/schema.org","@graph":[{"@type":"WebPage","@id":"https:\/\/www.1055.fr\/epinal\/tarifs-et-pass\/pass\/","url":"https:\/\/www.1055.fr\/epinal\/tarifs-et-pass\/pass\/","name":"nos pass'","isPartOf":{"@id":"https:\/\/www.1055.fr\/epinal\/#website"},"primaryImageOfPage":{"@id":"https:\/\/www.1055.fr\/epinal\/tarifs-et-pass\/pass\/#primaryimage"},"image":{"@id":"https:\/\/www.1055.fr\/epinal\/tarifs-et-pass\/pass\/#primaryimage"},"thumbnailUrl":"https:\/\/www.1055.fr\/epinal\/contenu\/uploads\/2024\/07\/tarifsbonplan-petitebanniere.jpg","datePublished":"2019-01-22T09:24:15+00:00","dateModified":"2026-02-23T15:27:32+00:00","breadcrumb":{"@id":"https:\/\/www.1055.fr\/epinal\/tarifs-et-pass\/pass\/#breadcrumb"},"inLanguage":"fr-FR","potentialAction":[{"@type":"ReadAction","target":["https:\/\/www.1055.fr\/epinal\/tarifs-et-pass\/pass\/"]}]},{"@type":"ImageObject","inLanguage":"fr-FR","@id":"https:\/\/www.1055.fr\/epinal\/tarifs-et-pass\/pass\/#primaryimage","url":"https:\/\/www.1055.fr\/epinal\/contenu\/uploads\/2024\/07\/tarifsbonplan-petitebanniere.jpg","contentUrl":"https:\/\/www.1055.fr\/epinal\/contenu\/uploads\/2024\/07\/tarifsbonplan-petitebanniere.jpg","width":1800,"height":360},{"@type":"BreadcrumbList","@id":"https:\/\/www.1055.fr\/epinal\/tarifs-et-pass\/pass\/#breadcrumb","itemListElement":[{"@type":"ListItem","position":1,"name":"Home","item":"https:\/\/www.1055.fr\/epinal\/"},{"@type":"ListItem","position":2,"name":"Tarifs &amp; Pass","item":"https:\/\/www.1055.fr\/epinal\/tarifs-et-pass\/"},{"@type":"ListItem","position":3,"name":"nos pass&#8217;"}]},{"@type":"WebSite","@id":"https:\/\/www.1055.fr\/epinal\/#website","url":"https:\/\/www.1055.fr\/epinal\/","name":"1055 Epinal","description":"","potentialAction":[{"@type":"SearchAction","target":{"@type":"EntryPoint","urlTemplate":"https:\/\/www.1055.fr\/epinal\/?s={search_term_string}"},"query-input":{"@type":"PropertyValueSpecification","valueRequired":true,"valueName":"search_term_string"}}],"inLanguage":"fr-FR"}]}},"_links":{"self":[{"href":"https:\/\/www.1055.fr\/epinal\/wp-json\/wp\/v2\/pages\/1090","targetHints":{"allow":["GET"]}}],"collection":[{"href":"https:\/\/www.1055.fr\/epinal\/wp-json\/wp\/v2\/pages"}],"about":[{"href":"https:\/\/www.1055.fr\/epinal\/wp-json\/wp\/v2\/types\/page"}],"author":[{"embeddable":true,"href":"https:\/\/www.1055.fr\/epinal\/wp-json\/wp\/v2\/users\/10"}],"replies":[{"embeddable":true,"href":"https:\/\/www.1055.fr\/epinal\/wp-json\/wp\/v2\/comments?post=1090"}],"version-history":[{"count":2,"href":"https:\/\/www.1055.fr\/epinal\/wp-json\/wp\/v2\/pages\/1090\/revisions"}],"predecessor-version":[{"id":10924,"href":"https:\/\/www.1055.fr\/epinal\/wp-json\/wp\/v2\/pages\/1090\/revisions\/10924"}],"up":[{"embeddable":true,"href":"https:\/\/www.1055.fr\/epinal\/wp-json\/wp\/v2\/pages\/46"}],"wp:featuredmedia":[{"embeddable":true,"href":"https:\/\/www.1055.fr\/epinal\/wp-json\/wp\/v2\/media\/10170"}],"wp:attachment":[{"href":"https:\/\/www.1055.fr\/epinal\/wp-json\/wp\/v2\/media?parent=1090"}],"curies":[{"name":"wp","href":"https:\/\/api.w.org\/{rel}","templated":true}]}}