{"id":10409,"date":"2024-06-20T15:37:00","date_gmt":"2024-06-20T13:37:00","guid":{"rendered":"https:\/\/www.1055.fr\/epinal\/?page_id=10409"},"modified":"2025-10-10T09:50:25","modified_gmt":"2025-10-10T07:50:25","slug":"la-carte-10%c2%b755","status":"publish","type":"page","link":"https:\/\/www.1055.fr\/epinal\/tarifs-et-pass\/la-carte-10%c2%b755\/","title":{"rendered":"La carte 10\u00b755"},"content":{"rendered":"\n<h1 class=\"wp-block-heading has-text-align-center\"><span style=\"color: #ff0000;\">La carte 10 55 : profitez de bons plans, et tarifs sp\u00e9ciaux toute l&rsquo;ann\u00e9e en vous inscrivant gratuitement \u00e0 notre fid\u00e9lit\u00e9 ! <br><\/span><\/h1>\n\n\n\n<hr class=\"wp-block-separator has-css-opacity\"\/>\n\n\n\n<div class=\"wp-block-columns is-layout-flex wp-container-core-columns-is-layout-9d6595d7 wp-block-columns-is-layout-flex\">\n<div class=\"wp-block-column is-layout-flow wp-block-column-is-layout-flow\">\n<h3 class=\"wp-block-heading\"><strong><strong><a href=\"https:\/\/go.obypay.com\/api\/cashless\/hws\/3t8c\">Recharger ma carte \u2197<\/a><\/strong><\/strong><\/h3>\n\n\n\n<p>Rechargez en <strong>un clic<\/strong> et <strong>instantan\u00e9ment<\/strong> votre cagnotte 10.55 avec nos <a href=\"https:\/\/www.1055.fr\/chalon\/wpms\/wp-admin\/post.php?post=7038&amp;action=edit#recharges\">recharges avantages 50 = 55 ou 100 = 120<\/a><\/p>\n<\/div>\n\n\n\n<div class=\"wp-block-column is-layout-flow wp-block-column-is-layout-flow\">\n<h3 class=\"wp-block-heading\" style=\"font-size:24px;line-height:1.3\"><strong><strong><a href=\"https:\/\/go.obypay.com\/api\/cashless\/hws\/3t8c\">Offrir des cr\u00e9dits 10.55 \u2197<\/a><\/strong><\/strong><\/h3>\n\n\n\n<p><strong>Offrez une cagnotte 10.55<\/strong> \u00e0 un proche en lui <strong>offrant nos cr\u00e9dits<\/strong> recharges avantages 50 = 55 ou 100 = 120<\/p>\n<\/div>\n\n\n\n<div class=\"wp-block-column is-layout-flow wp-block-column-is-layout-flow\">\n<h3 class=\"wp-block-heading\" style=\"font-size:24px;line-height:1.3\"><strong><strong><a href=\"https:\/\/go.obypay.com\/api\/cashless\/hws\/3t8c\">Devenir membre 10.55 gratuitement \u2197<\/a><\/strong><\/strong><\/h3>\n\n\n\n<p><strong><strong>Devenez membre 10.55<\/strong> en quelques clics et acc\u00e9dez \u00e0 tous <strong>les bons plans<\/strong> disponibles en <strong>exclusivit\u00e9 avec la carte 10.5<\/strong><\/strong><\/p>\n<\/div>\n<\/div>\n\n\n\n<hr class=\"wp-block-separator has-css-opacity\"\/>\n\n\n\n<h2 class=\"wp-block-heading\">Les bons plans disponibles avec la fid\u00e9lit\u00e9 10.55<\/h2>\n\n\n\n<h3 class=\"wp-block-heading has-vivid-green-cyan-color has-text-color\">LES RECHARGES CAGNOTTE AVANTAGES* !<\/h3>\n\n\n\n<p id=\"recharges\"><strong><span style=\"background-color:rgba(0, 0, 0, 0)\" class=\"has-inline-color has-vivid-red-color\">50\u20ac = 55\u20ac ou 100\u20ac = 120\u20ac<\/span><\/strong><br>Cr\u00e9ditez 50\u20ac , on vous offre 5\u20ac !<br>Cr\u00e9ditez 100\u20ac, on vous offre 20\u20ac !<\/p>\n\n\n\n<p>B\u00e9n\u00e9ficiez d\u2019une recharge avantage \u00e0 chaque fois que vous cr\u00e9ditez votre cagnotte \u00e0 partir de 50\u20ac<\/p>\n\n\n\n<p><em>*vos recharges 10\u00b755 sont valable sur nos jeux, brasserie, formule anniversaire enfant et pour le titulaire de la cagnotte et sa famille proche, illimit\u00e9es dans le temps.<\/em><\/p>\n\n\n\n<h2 class=\"wp-block-heading\">Les r\u00e9ductions exclusives avec la fid\u00e9lit\u00e9 10.55<\/h2>\n\n\n\n<h3 class=\"wp-block-heading has-vivid-green-cyan-color has-text-color\">LES LUNDIS, MARDIS, MERCREDIS ET DIMANCHES A PARTIR DE 19H <\/h3>\n\n\n\n<p>2 parties achet\u00e9es = <strong>3\u00e8me offerte <\/strong><\/p>\n\n\n\n<p><strong>Valable au bowling, \u00e0 la r\u00e9alit\u00e9 virtuelle ou au Laser Game<\/strong><\/p>\n\n\n\n<p><em>. Hors vacances scolaires, jours f\u00e9ri\u00e9s et veilles de jours f\u00e9ri\u00e9s. Offre non cumulable avec d\u2019autres offres.<\/em><\/p>\n\n\n\n<h3 class=\"wp-block-heading has-vivid-green-cyan-color has-text-color\">LES JEUDIS 1\/2 TARIF<\/h3>\n\n\n\n<p>Tous les jeudis, <strong>le PASS OR \u00e0 -50%<\/strong><\/p>\n\n\n\n<p><em>*hors vacances, jours f\u00e9ries et veilles de jours f\u00e9ri\u00e9s. Offre non cumulable avec d\u2019autres offres<\/em><\/p>\n\n\n\n<h3 class=\"wp-block-heading has-vivid-green-cyan-color has-text-color\">LES MERCREDIS GOURMANDS<\/h3>\n\n\n\n<p>1 Pass or achet\u00e9 = <strong>1 cr\u00eape ou 1 jeton d&rsquo;arcade offert ! <\/strong><\/p>\n\n\n\n<p><em>*hors vacances, jours f\u00e9ries et veilles de jours f\u00e9ri\u00e9s. Offre non cumulable avec d\u2019autres offres<\/em><\/p>\n\n\n\n<h2 class=\"wp-block-heading\">R\u00e9servez en ligne avec votre carte 10.55 !<\/h2>\n\n\n\n<p>D\u00e9sormais, vous pouvez utiliser le cr\u00e9dit de votre cagnotte 10.55 depuis notre site de r\u00e9servation !<a href=\"http:\/\/reservation-epinal.1055.fr\"> Cliquez ici pour r\u00e9server vos activit\u00e9s<\/a><\/p>\n\n\n\n<div class=\"wp-block-columns is-layout-flex wp-container-core-columns-is-layout-9d6595d7 wp-block-columns-is-layout-flex\">\n<div class=\"wp-block-column is-layout-flow wp-block-column-is-layout-flow\">\n<h3 class=\"wp-block-heading\"><strong><strong><a href=\"https:\/\/go.obypay.com\/api\/cashless\/hws\/3t8c\">Recharger ma carte \u2197<\/a><\/strong><\/strong><\/h3>\n\n\n\n<p>Rechargez en <strong>un clic<\/strong> et <strong>instantan\u00e9ment<\/strong> votre cagnotte 10.55 avec nos <a href=\"https:\/\/www.1055.fr\/chalon\/wpms\/wp-admin\/post.php?post=7038&amp;action=edit#recharges\">recharges avantages 50 = 55 ou 100 = 120<\/a><\/p>\n<\/div>\n\n\n\n<div class=\"wp-block-column is-layout-flow wp-block-column-is-layout-flow\">\n<h3 class=\"wp-block-heading\" style=\"font-size:24px;line-height:1.3\"><strong><strong><a href=\"https:\/\/go.obypay.com\/api\/cashless\/hws\/3t8c\">Offrir des cr\u00e9dits 10.55 \u2197<\/a><\/strong><\/strong><\/h3>\n\n\n\n<p><strong>Offrez une cagnotte 10.55<\/strong> \u00e0 un proche en lui <strong>offrant nos cr\u00e9dits<\/strong> recharges avantages 50 = 55 ou 100 = 120<\/p>\n<\/div>\n\n\n\n<div class=\"wp-block-column is-layout-flow wp-block-column-is-layout-flow\">\n<h3 class=\"wp-block-heading\" style=\"font-size:24px;line-height:1.3\"><strong><strong><a href=\"https:\/\/go.obypay.com\/api\/cashless\/hws\/3t8c\">Devenir membre 10.55 gratuitement \u2197<\/a><\/strong><\/strong><\/h3>\n\n\n\n<p><strong><strong>Devenez membre 10.55<\/strong> en quelques clics et acc\u00e9dez \u00e0 tous <strong>les bons plans<\/strong> disponibles en <strong>exclusivit\u00e9 avec la carte 10.5<\/strong><\/strong><\/p>\n<\/div>\n<\/div>\n","protected":false},"excerpt":{"rendered":"<p>La carte 10 55 : profitez de bons plans, et tarifs sp\u00e9ciaux toute l&rsquo;ann\u00e9e en vous inscrivant gratuitement \u00e0 notre &hellip;<\/p>\n","protected":false},"author":10,"featured_media":10170,"parent":46,"menu_order":0,"comment_status":"closed","ping_status":"closed","template":"","meta":{"_acf_changed":false,"footnotes":""},"class_list":["post-10409","page","type-page","status-publish","has-post-thumbnail","hentry"],"acf":[],"yoast_head":"<!-- This site is optimized with the Yoast SEO plugin v25.9 - https:\/\/yoast.com\/wordpress\/plugins\/seo\/ -->\n<title>La carte 10\u00b755<\/title>\n<meta name=\"robots\" content=\"index, follow, max-snippet:-1, max-image-preview:large, max-video-preview:-1\" \/>\n<link rel=\"canonical\" href=\"https:\/\/www.1055.fr\/epinal\/tarifs-et-pass\/la-carte-10\u00b755\/\" \/>\n<meta property=\"og:locale\" content=\"fr_FR\" \/>\n<meta property=\"og:type\" content=\"article\" \/>\n<meta property=\"og:title\" content=\"La carte 10\u00b755\" \/>\n<meta property=\"og:description\" content=\"La carte 10 55 : profitez de bons plans, et tarifs sp\u00e9ciaux toute l&rsquo;ann\u00e9e en vous inscrivant gratuitement \u00e0 notre &hellip;\" \/>\n<meta property=\"og:url\" content=\"https:\/\/www.1055.fr\/epinal\/tarifs-et-pass\/la-carte-10\u00b755\/\" \/>\n<meta property=\"og:site_name\" content=\"1055 Epinal\" \/>\n<meta property=\"article:modified_time\" content=\"2025-10-10T07:50:25+00:00\" \/>\n<meta property=\"og:image\" content=\"https:\/\/www.1055.fr\/epinal\/contenu\/uploads\/2024\/07\/tarifsbonplan-petitebanniere.jpg\" \/>\n\t<meta property=\"og:image:width\" content=\"1800\" \/>\n\t<meta property=\"og:image:height\" content=\"360\" \/>\n\t<meta property=\"og:image:type\" content=\"image\/jpeg\" \/>\n<meta name=\"twitter:card\" content=\"summary_large_image\" \/>\n<meta name=\"twitter:label1\" content=\"Dur\u00e9e de lecture estim\u00e9e\" \/>\n\t<meta name=\"twitter:data1\" content=\"3 minutes\" \/>\n<script type=\"application\/ld+json\" class=\"yoast-schema-graph\">{\"@context\":\"https:\/\/schema.org\",\"@graph\":[{\"@type\":\"WebPage\",\"@id\":\"https:\/\/www.1055.fr\/epinal\/tarifs-et-pass\/la-carte-10%c2%b755\/\",\"url\":\"https:\/\/www.1055.fr\/epinal\/tarifs-et-pass\/la-carte-10%c2%b755\/\",\"name\":\"La carte 10\u00b755\",\"isPartOf\":{\"@id\":\"https:\/\/www.1055.fr\/epinal\/#website\"},\"primaryImageOfPage\":{\"@id\":\"https:\/\/www.1055.fr\/epinal\/tarifs-et-pass\/la-carte-10%c2%b755\/#primaryimage\"},\"image\":{\"@id\":\"https:\/\/www.1055.fr\/epinal\/tarifs-et-pass\/la-carte-10%c2%b755\/#primaryimage\"},\"thumbnailUrl\":\"https:\/\/www.1055.fr\/epinal\/contenu\/uploads\/2024\/07\/tarifsbonplan-petitebanniere.jpg\",\"datePublished\":\"2024-06-20T13:37:00+00:00\",\"dateModified\":\"2025-10-10T07:50:25+00:00\",\"breadcrumb\":{\"@id\":\"https:\/\/www.1055.fr\/epinal\/tarifs-et-pass\/la-carte-10%c2%b755\/#breadcrumb\"},\"inLanguage\":\"fr-FR\",\"potentialAction\":[{\"@type\":\"ReadAction\",\"target\":[\"https:\/\/www.1055.fr\/epinal\/tarifs-et-pass\/la-carte-10%c2%b755\/\"]}]},{\"@type\":\"ImageObject\",\"inLanguage\":\"fr-FR\",\"@id\":\"https:\/\/www.1055.fr\/epinal\/tarifs-et-pass\/la-carte-10%c2%b755\/#primaryimage\",\"url\":\"https:\/\/www.1055.fr\/epinal\/contenu\/uploads\/2024\/07\/tarifsbonplan-petitebanniere.jpg\",\"contentUrl\":\"https:\/\/www.1055.fr\/epinal\/contenu\/uploads\/2024\/07\/tarifsbonplan-petitebanniere.jpg\",\"width\":1800,\"height\":360},{\"@type\":\"BreadcrumbList\",\"@id\":\"https:\/\/www.1055.fr\/epinal\/tarifs-et-pass\/la-carte-10%c2%b755\/#breadcrumb\",\"itemListElement\":[{\"@type\":\"ListItem\",\"position\":1,\"name\":\"Home\",\"item\":\"https:\/\/www.1055.fr\/epinal\/\"},{\"@type\":\"ListItem\",\"position\":2,\"name\":\"Tarifs &amp; Pass\",\"item\":\"https:\/\/www.1055.fr\/epinal\/tarifs-et-pass\/\"},{\"@type\":\"ListItem\",\"position\":3,\"name\":\"La carte 10\u00b755\"}]},{\"@type\":\"WebSite\",\"@id\":\"https:\/\/www.1055.fr\/epinal\/#website\",\"url\":\"https:\/\/www.1055.fr\/epinal\/\",\"name\":\"1055 Epinal\",\"description\":\"\",\"potentialAction\":[{\"@type\":\"SearchAction\",\"target\":{\"@type\":\"EntryPoint\",\"urlTemplate\":\"https:\/\/www.1055.fr\/epinal\/?s={search_term_string}\"},\"query-input\":{\"@type\":\"PropertyValueSpecification\",\"valueRequired\":true,\"valueName\":\"search_term_string\"}}],\"inLanguage\":\"fr-FR\"}]}<\/script>\n<!-- \/ Yoast SEO plugin. -->","yoast_head_json":{"title":"La carte 10\u00b755","robots":{"index":"index","follow":"follow","max-snippet":"max-snippet:-1","max-image-preview":"max-image-preview:large","max-video-preview":"max-video-preview:-1"},"canonical":"https:\/\/www.1055.fr\/epinal\/tarifs-et-pass\/la-carte-10\u00b755\/","og_locale":"fr_FR","og_type":"article","og_title":"La carte 10\u00b755","og_description":"La carte 10 55 : profitez de bons plans, et tarifs sp\u00e9ciaux toute l&rsquo;ann\u00e9e en vous inscrivant gratuitement \u00e0 notre &hellip;","og_url":"https:\/\/www.1055.fr\/epinal\/tarifs-et-pass\/la-carte-10\u00b755\/","og_site_name":"1055 Epinal","article_modified_time":"2025-10-10T07:50:25+00:00","og_image":[{"width":1800,"height":360,"url":"https:\/\/www.1055.fr\/epinal\/contenu\/uploads\/2024\/07\/tarifsbonplan-petitebanniere.jpg","type":"image\/jpeg"}],"twitter_card":"summary_large_image","twitter_misc":{"Dur\u00e9e de lecture estim\u00e9e":"3 minutes"},"schema":{"@context":"https:\/\/schema.org","@graph":[{"@type":"WebPage","@id":"https:\/\/www.1055.fr\/epinal\/tarifs-et-pass\/la-carte-10%c2%b755\/","url":"https:\/\/www.1055.fr\/epinal\/tarifs-et-pass\/la-carte-10%c2%b755\/","name":"La carte 10\u00b755","isPartOf":{"@id":"https:\/\/www.1055.fr\/epinal\/#website"},"primaryImageOfPage":{"@id":"https:\/\/www.1055.fr\/epinal\/tarifs-et-pass\/la-carte-10%c2%b755\/#primaryimage"},"image":{"@id":"https:\/\/www.1055.fr\/epinal\/tarifs-et-pass\/la-carte-10%c2%b755\/#primaryimage"},"thumbnailUrl":"https:\/\/www.1055.fr\/epinal\/contenu\/uploads\/2024\/07\/tarifsbonplan-petitebanniere.jpg","datePublished":"2024-06-20T13:37:00+00:00","dateModified":"2025-10-10T07:50:25+00:00","breadcrumb":{"@id":"https:\/\/www.1055.fr\/epinal\/tarifs-et-pass\/la-carte-10%c2%b755\/#breadcrumb"},"inLanguage":"fr-FR","potentialAction":[{"@type":"ReadAction","target":["https:\/\/www.1055.fr\/epinal\/tarifs-et-pass\/la-carte-10%c2%b755\/"]}]},{"@type":"ImageObject","inLanguage":"fr-FR","@id":"https:\/\/www.1055.fr\/epinal\/tarifs-et-pass\/la-carte-10%c2%b755\/#primaryimage","url":"https:\/\/www.1055.fr\/epinal\/contenu\/uploads\/2024\/07\/tarifsbonplan-petitebanniere.jpg","contentUrl":"https:\/\/www.1055.fr\/epinal\/contenu\/uploads\/2024\/07\/tarifsbonplan-petitebanniere.jpg","width":1800,"height":360},{"@type":"BreadcrumbList","@id":"https:\/\/www.1055.fr\/epinal\/tarifs-et-pass\/la-carte-10%c2%b755\/#breadcrumb","itemListElement":[{"@type":"ListItem","position":1,"name":"Home","item":"https:\/\/www.1055.fr\/epinal\/"},{"@type":"ListItem","position":2,"name":"Tarifs &amp; Pass","item":"https:\/\/www.1055.fr\/epinal\/tarifs-et-pass\/"},{"@type":"ListItem","position":3,"name":"La carte 10\u00b755"}]},{"@type":"WebSite","@id":"https:\/\/www.1055.fr\/epinal\/#website","url":"https:\/\/www.1055.fr\/epinal\/","name":"1055 Epinal","description":"","potentialAction":[{"@type":"SearchAction","target":{"@type":"EntryPoint","urlTemplate":"https:\/\/www.1055.fr\/epinal\/?s={search_term_string}"},"query-input":{"@type":"PropertyValueSpecification","valueRequired":true,"valueName":"search_term_string"}}],"inLanguage":"fr-FR"}]}},"_links":{"self":[{"href":"https:\/\/www.1055.fr\/epinal\/wp-json\/wp\/v2\/pages\/10409","targetHints":{"allow":["GET"]}}],"collection":[{"href":"https:\/\/www.1055.fr\/epinal\/wp-json\/wp\/v2\/pages"}],"about":[{"href":"https:\/\/www.1055.fr\/epinal\/wp-json\/wp\/v2\/types\/page"}],"author":[{"embeddable":true,"href":"https:\/\/www.1055.fr\/epinal\/wp-json\/wp\/v2\/users\/10"}],"replies":[{"embeddable":true,"href":"https:\/\/www.1055.fr\/epinal\/wp-json\/wp\/v2\/comments?post=10409"}],"version-history":[{"count":2,"href":"https:\/\/www.1055.fr\/epinal\/wp-json\/wp\/v2\/pages\/10409\/revisions"}],"predecessor-version":[{"id":10735,"href":"https:\/\/www.1055.fr\/epinal\/wp-json\/wp\/v2\/pages\/10409\/revisions\/10735"}],"up":[{"embeddable":true,"href":"https:\/\/www.1055.fr\/epinal\/wp-json\/wp\/v2\/pages\/46"}],"wp:featuredmedia":[{"embeddable":true,"href":"https:\/\/www.1055.fr\/epinal\/wp-json\/wp\/v2\/media\/10170"}],"wp:attachment":[{"href":"https:\/\/www.1055.fr\/epinal\/wp-json\/wp\/v2\/media?parent=10409"}],"curies":[{"name":"wp","href":"https:\/\/api.w.org\/{rel}","templated":true}]}}