{"id":7,"date":"2020-01-22T21:59:16","date_gmt":"2020-01-22T20:59:16","guid":{"rendered":"https:\/\/www.1055.fr\/besancon\/contactez-nous\/"},"modified":"2025-02-25T11:29:13","modified_gmt":"2025-02-25T10:29:13","slug":"contactez-nous","status":"publish","type":"page","link":"https:\/\/www.1055.fr\/besancon\/contactez-nous\/","title":{"rendered":"Contactez-nous"},"content":{"rendered":"\n<p><em>Veuillez trouver ci-dessous nos formulaires pour toute demande de contact : aide \u00e0 la r\u00e9servation, question diverses, demande de sorties, commandes de tickets CE, privatisation, probl\u00e8mes techniques &#8230;<\/em><\/p>\n\n\n\n<h2 class=\"wp-block-heading\" id=\"h-particuliers-associations\">PARTICULIERS &amp; ASSOCIATIONS <\/h2>\n\n\n\n<ul class=\"wp-block-list\">\n<li><strong>Vous \u00eates un particulier (client ou futur client) ou une association <\/strong><\/li>\n<\/ul>\n\n\n\n<div class=\"wp-block-buttons is-layout-flex wp-block-buttons-is-layout-flex\">\n<div class=\"wp-block-button is-style-outline is-style-outline--1\"><a class=\"wp-block-button__link has-black-color has-luminous-vivid-amber-background-color has-text-color has-background wp-element-button\" href=\"https:\/\/cloud.groupe.1055.fr\/particuliers-contactez-nous\" target=\"_blank\" rel=\"noreferrer noopener\">Contactez-nous ici<\/a><\/div>\n<\/div>\n\n\n\n<hr class=\"wp-block-separator has-alpha-channel-opacity\"\/>\n\n\n\n<h2 class=\"wp-block-heading\" id=\"h-entreprises-centres-de-loisirs-specialises\">ENTREPRISES &amp; CENTRES DE LOISIRS \/ SP\u00c9CIALIS\u00c9S <\/h2>\n\n\n\n<ul class=\"wp-block-list\">\n<li><strong>Vous \u00eates une entreprise, une administration, un centre de loisirs ou un \u00e9tablissement scolaire, un centre sp\u00e9cialis\u00e9 en charge d&rsquo;enfants, personnes \u00e2g\u00e9s ou situation de handicap <\/strong><\/li>\n<\/ul>\n\n\n\n<div class=\"wp-block-buttons is-layout-flex wp-block-buttons-is-layout-flex\">\n<div class=\"wp-block-button is-style-outline is-style-outline--2\"><a class=\"wp-block-button__link has-black-color has-vivid-cyan-blue-background-color has-text-color has-background wp-element-button\" href=\"https:\/\/cloud.groupe.1055.fr\/professionnels-contactez-nous\" target=\"_blank\" rel=\"noreferrer noopener\">Contactez-nous ici<\/a><\/div>\n<\/div>\n\n\n\n<div style=\"height:100px\" aria-hidden=\"true\" class=\"wp-block-spacer\"><\/div>\n\n\n\n<p><em style=\"font-size: 0.8em; line-height: 0.9em;\">Nous vous informons qu\u2019au titre du respect de la r\u00e8glement europ\u00e9enne sur la protection des donn\u00e9es (RGPD), les informations communiqu\u00e9es par vos soins via ce formulaire permettent le traitement de votre demande. Elles sont transmises de mani\u00e8re s\u00e9curis\u00e9e \u00e0 l&rsquo;\u00e9diteur du site internet et stock\u00e9es dans un syst\u00e8me informatique s\u00e9curis\u00e9 install\u00e9 sur le territoire fran\u00e7ais. <b>Elles ne seront pas c\u00e9d\u00e9es \u00e0 des tiers, que ce soit \u00e0 titre on\u00e9reux ou gratuit<\/b>. Vous disposez des droits d\u2019acc\u00e8s, de rectification et de suppression des informations vous concernant. Vous pouvez exercer ce droit en nous contactant directement via ce formulaire : <a href=\"https:\/\/www.1055.fr\/besancon\/contactez-nous\/\">Contactez-nous<\/a>. Vous pouvez \u00e9galement en savoir plus sur la <a href=\"https:\/\/www.1055.fr\/besancon\/mentions-legales\/\">protection des donn\u00e9es<\/a> gr\u00e2ce \u00e0 notre page d&rsquo;informations sur les <a href=\"https:\/\/www.1055.fr\/besancon\/mentions-legales\/\">mentions l\u00e9gales<\/a> et sur les <a href=\"https:\/\/www.1055.fr\/besancon\/utilisation-des-cookies\/\">cookies<\/a>.<\/em><br><\/p>\n\n\n\n<p><\/p>\n","protected":false},"excerpt":{"rendered":"<p>Veuillez trouver ci-dessous nos formulaires pour toute demande de contact : aide \u00e0 la r\u00e9servation, question diverses, demande de sorties, &hellip;<\/p>\n","protected":false},"author":2,"featured_media":0,"parent":0,"menu_order":0,"comment_status":"closed","ping_status":"closed","template":"","meta":{"_acf_changed":false,"inline_featured_image":false,"footnotes":""},"class_list":["post-7","page","type-page","status-publish","hentry"],"acf":[],"yoast_head":"<!-- This site is optimized with the Yoast SEO Premium plugin v24.7 (Yoast SEO v24.7) - https:\/\/yoast.com\/wordpress\/plugins\/seo\/ -->\n<title>Contactez-nous<\/title>\n<meta name=\"robots\" content=\"index, follow, max-snippet:-1, max-image-preview:large, max-video-preview:-1\" \/>\n<link rel=\"canonical\" href=\"https:\/\/www.1055.fr\/besancon\/contactez-nous\/\" \/>\n<meta property=\"og:locale\" content=\"fr_FR\" \/>\n<meta property=\"og:type\" content=\"article\" \/>\n<meta property=\"og:title\" content=\"Contactez-nous\" \/>\n<meta property=\"og:description\" content=\"Veuillez trouver ci-dessous nos formulaires pour toute demande de contact : aide \u00e0 la r\u00e9servation, question diverses, demande de sorties, &hellip;\" \/>\n<meta property=\"og:url\" content=\"https:\/\/www.1055.fr\/besancon\/contactez-nous\/\" \/>\n<meta property=\"article:modified_time\" content=\"2025-02-25T10:29:13+00:00\" \/>\n<meta name=\"twitter:card\" content=\"summary_large_image\" \/>\n<meta name=\"twitter:label1\" content=\"Dur\u00e9e de lecture estim\u00e9e\" \/>\n\t<meta name=\"twitter:data1\" content=\"2 minutes\" \/>\n<script type=\"application\/ld+json\" class=\"yoast-schema-graph\">{\"@context\":\"https:\/\/schema.org\",\"@graph\":[{\"@type\":\"WebPage\",\"@id\":\"https:\/\/www.1055.fr\/besancon\/contactez-nous\/\",\"url\":\"https:\/\/www.1055.fr\/besancon\/contactez-nous\/\",\"name\":\"Contactez-nous\",\"isPartOf\":{\"@id\":\"https:\/\/www.1055.fr\/besancon\/#website\"},\"datePublished\":\"2020-01-22T20:59:16+00:00\",\"dateModified\":\"2025-02-25T10:29:13+00:00\",\"breadcrumb\":{\"@id\":\"https:\/\/www.1055.fr\/besancon\/contactez-nous\/#breadcrumb\"},\"inLanguage\":\"fr-FR\",\"potentialAction\":[{\"@type\":\"ReadAction\",\"target\":[\"https:\/\/www.1055.fr\/besancon\/contactez-nous\/\"]}]},{\"@type\":\"BreadcrumbList\",\"@id\":\"https:\/\/www.1055.fr\/besancon\/contactez-nous\/#breadcrumb\",\"itemListElement\":[{\"@type\":\"ListItem\",\"position\":1,\"name\":\"Home\",\"item\":\"https:\/\/www.1055.fr\/besancon\/\"},{\"@type\":\"ListItem\",\"position\":2,\"name\":\"Contactez-nous\"}]},{\"@type\":\"WebSite\",\"@id\":\"https:\/\/www.1055.fr\/besancon\/#website\",\"url\":\"https:\/\/www.1055.fr\/besancon\/\",\"name\":\"\",\"description\":\"\",\"publisher\":{\"@id\":\"https:\/\/www.1055.fr\/besancon\/#organization\"},\"potentialAction\":[{\"@type\":\"SearchAction\",\"target\":{\"@type\":\"EntryPoint\",\"urlTemplate\":\"https:\/\/www.1055.fr\/besancon\/?s={search_term_string}\"},\"query-input\":{\"@type\":\"PropertyValueSpecification\",\"valueRequired\":true,\"valueName\":\"search_term_string\"}}],\"inLanguage\":\"fr-FR\"},{\"@type\":\"Organization\",\"@id\":\"https:\/\/www.1055.fr\/besancon\/#organization\",\"name\":\"1055 Besan\u00e7on\",\"url\":\"https:\/\/www.1055.fr\/besancon\/\",\"logo\":{\"@type\":\"ImageObject\",\"inLanguage\":\"fr-FR\",\"@id\":\"https:\/\/www.1055.fr\/besancon\/#\/schema\/logo\/image\/\",\"url\":\"https:\/\/www.1055.fr\/besancon\/contenu\/uploads\/2021\/04\/logo-page-2-1.png\",\"contentUrl\":\"https:\/\/www.1055.fr\/besancon\/contenu\/uploads\/2021\/04\/logo-page-2-1.png\",\"width\":120,\"height\":162,\"caption\":\"1055 Besan\u00e7on\"},\"image\":{\"@id\":\"https:\/\/www.1055.fr\/besancon\/#\/schema\/logo\/image\/\"}}]}<\/script>\n<!-- \/ Yoast SEO Premium plugin. -->","yoast_head_json":{"title":"Contactez-nous","robots":{"index":"index","follow":"follow","max-snippet":"max-snippet:-1","max-image-preview":"max-image-preview:large","max-video-preview":"max-video-preview:-1"},"canonical":"https:\/\/www.1055.fr\/besancon\/contactez-nous\/","og_locale":"fr_FR","og_type":"article","og_title":"Contactez-nous","og_description":"Veuillez trouver ci-dessous nos formulaires pour toute demande de contact : aide \u00e0 la r\u00e9servation, question diverses, demande de sorties, &hellip;","og_url":"https:\/\/www.1055.fr\/besancon\/contactez-nous\/","article_modified_time":"2025-02-25T10:29:13+00:00","twitter_card":"summary_large_image","twitter_misc":{"Dur\u00e9e de lecture estim\u00e9e":"2 minutes"},"schema":{"@context":"https:\/\/schema.org","@graph":[{"@type":"WebPage","@id":"https:\/\/www.1055.fr\/besancon\/contactez-nous\/","url":"https:\/\/www.1055.fr\/besancon\/contactez-nous\/","name":"Contactez-nous","isPartOf":{"@id":"https:\/\/www.1055.fr\/besancon\/#website"},"datePublished":"2020-01-22T20:59:16+00:00","dateModified":"2025-02-25T10:29:13+00:00","breadcrumb":{"@id":"https:\/\/www.1055.fr\/besancon\/contactez-nous\/#breadcrumb"},"inLanguage":"fr-FR","potentialAction":[{"@type":"ReadAction","target":["https:\/\/www.1055.fr\/besancon\/contactez-nous\/"]}]},{"@type":"BreadcrumbList","@id":"https:\/\/www.1055.fr\/besancon\/contactez-nous\/#breadcrumb","itemListElement":[{"@type":"ListItem","position":1,"name":"Home","item":"https:\/\/www.1055.fr\/besancon\/"},{"@type":"ListItem","position":2,"name":"Contactez-nous"}]},{"@type":"WebSite","@id":"https:\/\/www.1055.fr\/besancon\/#website","url":"https:\/\/www.1055.fr\/besancon\/","name":"","description":"","publisher":{"@id":"https:\/\/www.1055.fr\/besancon\/#organization"},"potentialAction":[{"@type":"SearchAction","target":{"@type":"EntryPoint","urlTemplate":"https:\/\/www.1055.fr\/besancon\/?s={search_term_string}"},"query-input":{"@type":"PropertyValueSpecification","valueRequired":true,"valueName":"search_term_string"}}],"inLanguage":"fr-FR"},{"@type":"Organization","@id":"https:\/\/www.1055.fr\/besancon\/#organization","name":"1055 Besan\u00e7on","url":"https:\/\/www.1055.fr\/besancon\/","logo":{"@type":"ImageObject","inLanguage":"fr-FR","@id":"https:\/\/www.1055.fr\/besancon\/#\/schema\/logo\/image\/","url":"https:\/\/www.1055.fr\/besancon\/contenu\/uploads\/2021\/04\/logo-page-2-1.png","contentUrl":"https:\/\/www.1055.fr\/besancon\/contenu\/uploads\/2021\/04\/logo-page-2-1.png","width":120,"height":162,"caption":"1055 Besan\u00e7on"},"image":{"@id":"https:\/\/www.1055.fr\/besancon\/#\/schema\/logo\/image\/"}}]}},"_links":{"self":[{"href":"https:\/\/www.1055.fr\/besancon\/wp-json\/wp\/v2\/pages\/7","targetHints":{"allow":["GET"]}}],"collection":[{"href":"https:\/\/www.1055.fr\/besancon\/wp-json\/wp\/v2\/pages"}],"about":[{"href":"https:\/\/www.1055.fr\/besancon\/wp-json\/wp\/v2\/types\/page"}],"author":[{"embeddable":true,"href":"https:\/\/www.1055.fr\/besancon\/wp-json\/wp\/v2\/users\/2"}],"replies":[{"embeddable":true,"href":"https:\/\/www.1055.fr\/besancon\/wp-json\/wp\/v2\/comments?post=7"}],"version-history":[{"count":2,"href":"https:\/\/www.1055.fr\/besancon\/wp-json\/wp\/v2\/pages\/7\/revisions"}],"predecessor-version":[{"id":6138,"href":"https:\/\/www.1055.fr\/besancon\/wp-json\/wp\/v2\/pages\/7\/revisions\/6138"}],"wp:attachment":[{"href":"https:\/\/www.1055.fr\/besancon\/wp-json\/wp\/v2\/media?parent=7"}],"curies":[{"name":"wp","href":"https:\/\/api.w.org\/{rel}","templated":true}]}}