{"id":6,"date":"2020-01-22T21:59:15","date_gmt":"2020-01-22T20:59:15","guid":{"rendered":"https:\/\/www.1055.fr\/besancon\/qui-sommes-nous\/"},"modified":"2024-10-30T15:02:26","modified_gmt":"2024-10-30T14:02:26","slug":"qui-sommes-nous","status":"publish","type":"page","link":"https:\/\/www.1055.fr\/besancon\/qui-sommes-nous\/","title":{"rendered":"Qui sommes nous ?"},"content":{"rendered":"\n<h3 class=\"wp-block-heading\" id=\"h-le-10-55-a-besancon-vous-accueille-pour-un-moment-de-divertissement-assure-dans-son-espace-loisirs-indoor-et-outdoor\">Le 10\u00b755 \u00e0 Besan\u00e7on vous accueille pour un moment de divertissement assur\u00e9 dans son espace loisirs indoor et outdoor !<\/h3>\n\n\n\n<p>Vous \u00eates au c\u0153ur de<strong> 20 000 m\u00b2 de jeux et loisirs<\/strong> qui contenteront tous les \u00e2ges par leur diversit\u00e9 ! Venez <strong>entre amis, en famille, entre coll\u00e8gues<\/strong>, seul ou en groupe, pour une ou plusieurs activit\u00e9s, vous trouverez une formule adapt\u00e9e \u00e0 toutes vos envies et \u00e0 toutes les occasions !<\/p>\n\n\n\n<h3 class=\"wp-block-heading\" id=\"h-un-large-choix-d-activites-reunies-pour-vous-dans-cet-impressionnant-complexe\">Un large choix d&rsquo;activit\u00e9s r\u00e9unies pour vous dans cet impressionnant complexe<\/h3>\n\n\n\n<p>Le 10\u00b755 c&rsquo;est :<\/p>\n\n\n\n<ul class=\"wp-block-list\">\n<li>18 pistes de<a href=\"https:\/\/www.1055.fr\/besancon\/activites\/bowling-sortir-besancon\/\"> <strong>bowling<\/strong><\/a><\/li>\n\n\n\n<li>un <a href=\"https:\/\/www.1055.fr\/besancon\/activites\/kid-park\/\"><strong>Kid Park<\/strong><\/a> de 1000m\u00b2 pour la plus grande joie de vos enfants<\/li>\n\n\n\n<li>un <a href=\"https:\/\/www.1055.fr\/besancon\/activites\/trampoline-park-besancon\/\"><strong>Trampoline Park<\/strong><\/a> pour se d\u00e9penser<\/li>\n\n\n\n<li>un <a href=\"https:\/\/www.1055.fr\/besancon\/activites\/realite-virtuelle-besancon\/\"><strong>Virtual Park<\/strong><\/a> pour les friands de nouvelles technologies<\/li>\n\n\n\n<li>un&nbsp;<a href=\"https:\/\/www.1055.fr\/besancon\/activites\/laser-game\/\"><strong>Laser Game<\/strong><\/a> pour d\u00e9fier vos amis dans un d\u00e9cor incroyable<\/li>\n\n\n\n<li>des sensations garanties avec le <a href=\"https:\/\/www.1055.fr\/besancon\/activites\/parcours-filet\/\"><strong>Parcours Aventure<\/strong><\/a> (\u00ab\u00a0je m&rsquo;attache et je grimpe\u00a0\u00bb)<\/li>\n\n\n\n<li>le <strong><a href=\"https:\/\/www.1055.fr\/besancon\/activites\/tactic-room\/\">Tac-Tic Room<\/a><\/strong>, le jeu derni\u00e8re g\u00e9n\u00e9ration du 10\u00b755<\/li>\n\n\n\n<li>du <a href=\"https:\/\/www.1055.fr\/besancon\/activites\/lance-de-haches-besancon\/\"><strong>lancer de haches<\/strong><\/a>, une activit\u00e9 originale qui d\u00e9foule<\/li>\n\n\n\n<li>des<strong> <a href=\"https:\/\/www.1055.fr\/besancon\/activites\/salle-de-billards\/\">billards<\/a>, <\/strong>des<strong> <a href=\"https:\/\/www.1055.fr\/besancon\/activites\/salle-de-jeux\/\">jeux d&rsquo;arcades<\/a><\/strong>&#8230; pour se d\u00e9tendre en toute convivialit\u00e9 !<\/li>\n\n\n\n<li>des <a href=\"https:\/\/www.1055.fr\/besancon\/activites-outdoor\/parc-gonflable\/\"><strong>jeux gonflables outdoor<\/strong><\/a>, pour les petits et les grands<\/li>\n\n\n\n<li>l&rsquo;<strong><a href=\"https:\/\/www.1055.fr\/besancon\/activites-outdoor\/accro-spider\/\">Accro-Spider<\/a><\/strong> un parcours en hauteur derni\u00e8re g\u00e9n\u00e9ration<\/li>\n\n\n\n<li>du <strong><a href=\"https:\/\/www.1055.fr\/besancon\/activites-outdoor\/kart-a-pedales\/\">kart \u00e0 p\u00e9dales<\/a><\/strong> du fun pour tous les \u00e2ges<\/li>\n\n\n\n<li>de l&rsquo;<strong><a href=\"https:\/\/www.1055.fr\/besancon\/activites-outdoor\/accrobranche\/\">accrobranche<\/a><\/strong>, \u00e9vadez vous en plein c\u0153ur de la ville<\/li>\n<\/ul>\n\n\n\n<h3 class=\"wp-block-heading\" id=\"h-pour-des-moments-qui-comptent-choisissez-le-10-55\">Pour des moments qui comptent, choisissez le 10\u00b755 !<\/h3>\n\n\n\n<p><strong><a href=\"https:\/\/www.1055.fr\/besancon\/feter\/anniversaires\/\">Anniversaires<\/a>, <a href=\"https:\/\/www.1055.fr\/besancon\/feter\/evjf-evg\/\">enterrement de vie de gar\u00e7on ou jeune fille<\/a>, <a href=\"https:\/\/www.1055.fr\/besancon\/groupes\/entreprises-et-cse\/\">sortie comit\u00e9 d&rsquo;entreprise<\/a><\/strong>, toute occasion est bonne \u00e0 f\u00eater au 10\u00b755 ! Notre exp\u00e9rience et notre sens de l&rsquo;organisation nous permet <strong>d&rsquo;offrir \u00e0 chaque groupe une solution adapt\u00e9e \u00e0 ses demandes<\/strong> avec des <strong>formules sur-mesure<\/strong> pour faire de chacun de vos \u00e9v\u00e8nements une pleine r\u00e9ussite. <strong>N&rsquo;h\u00e9sitez pas \u00e0 nous contacter<\/strong> pour toute demande d&rsquo;informations ou de devis.<\/p>\n\n\n\n<div class=\"wp-block-buttons is-vertical is-content-justification-center is-layout-flex wp-container-core-buttons-is-layout-9a7cdcfd wp-block-buttons-is-layout-flex\">\n<div class=\"wp-block-button is-style-outline is-style-outline--1\"><a class=\"wp-block-button__link has-luminous-vivid-orange-color has-white-background-color has-text-color has-background wp-element-button\" href=\"https:\/\/cloud.groupe.1055.fr\/particuliers-contactez-nous\">Contactez-nous ici si vous \u00eates un particulier<\/a><\/div>\n\n\n\n<div class=\"wp-block-button is-style-outline is-style-outline--2\"><a class=\"wp-block-button__link has-luminous-vivid-orange-color has-white-background-color has-text-color has-background wp-element-button\" href=\"https:\/\/cloud.groupe.1055.fr\/professionnels-contactez-nous\">Contactez-nous ici si vous \u00eates un professionnel<\/a><\/div>\n<\/div>\n\n\n\n<div style=\"height:38px\" aria-hidden=\"true\" class=\"wp-block-spacer\"><\/div>\n\n\n\n<h3 class=\"wp-block-heading\" id=\"h-la-micro-brasserie-du-10-55\">La Micro-Brasserie du 10\u00b755<\/h3>\n\n\n\n<p><strong>Vous adorez les bi\u00e8res brass\u00e9es artisanalement,<\/strong>&nbsp;vous \u00eates au bon endroit. Retrouvez une<strong>&nbsp;Micro-Brasserie&nbsp;<\/strong>en plein c\u0153ur de notre Restaurant \u00e0 Besan\u00e7on. Servie \u00e0 la pression sur place, vous pouvez repartir avec votre ou vos bouteilles \u00e0 la maison.<\/p>\n\n\n\n<h3 class=\"wp-block-heading\" id=\"h-se-restaurer-au-fil-de-ses-envies\">Se restaurer au fil de ses envies<\/h3>\n\n\n\n<p><strong>Une v\u00e9ritable Brasserie<\/strong>, une cuisine g\u00e9n\u00e9reuse : vous trouverez forc\u00e9ment de quoi vous restaurer avec plaisir au 10\u00b755. La carte change au gr\u00e9 des saisons pour vous offrir une exp\u00e9rience d\u00e9licieuse. Notre Brasserie aux multiples ambiances vous accueille <strong>midis et soirs 7\/7j.<br><\/strong><\/p>\n\n\n\n<p>Rendez-vous dans votre 10\u00b755 \u00e0 Besan\u00e7on pour un moment unique de pure \u00e9vasion et de d\u00e9tente.<\/p>\n\n\n\n<p><\/p>\n","protected":false},"excerpt":{"rendered":"<p>Le 10\u00b755 \u00e0 Besan\u00e7on vous accueille pour un moment de divertissement assur\u00e9 dans son espace loisirs indoor et outdoor ! &hellip;<\/p>\n","protected":false},"author":2,"featured_media":0,"parent":0,"menu_order":0,"comment_status":"closed","ping_status":"closed","template":"","meta":{"_acf_changed":false,"inline_featured_image":false,"footnotes":""},"class_list":["post-6","page","type-page","status-publish","hentry"],"acf":[],"yoast_head":"<!-- This site is optimized with the Yoast SEO Premium plugin v24.7 (Yoast SEO v24.7) - https:\/\/yoast.com\/wordpress\/plugins\/seo\/ -->\n<title>Qui sommes nous ?<\/title>\n<meta name=\"robots\" content=\"index, follow, max-snippet:-1, max-image-preview:large, max-video-preview:-1\" \/>\n<link rel=\"canonical\" href=\"https:\/\/www.1055.fr\/besancon\/qui-sommes-nous\/\" \/>\n<meta property=\"og:locale\" content=\"fr_FR\" \/>\n<meta property=\"og:type\" content=\"article\" \/>\n<meta property=\"og:title\" content=\"Qui sommes nous ?\" \/>\n<meta property=\"og:description\" content=\"Le 10\u00b755 \u00e0 Besan\u00e7on vous accueille pour un moment de divertissement assur\u00e9 dans son espace loisirs indoor et outdoor ! &hellip;\" \/>\n<meta property=\"og:url\" content=\"https:\/\/www.1055.fr\/besancon\/qui-sommes-nous\/\" \/>\n<meta property=\"article:modified_time\" content=\"2024-10-30T14:02:26+00:00\" \/>\n<meta name=\"twitter:card\" content=\"summary_large_image\" \/>\n<meta name=\"twitter:label1\" content=\"Dur\u00e9e de lecture estim\u00e9e\" \/>\n\t<meta name=\"twitter:data1\" content=\"3 minutes\" \/>\n<script type=\"application\/ld+json\" class=\"yoast-schema-graph\">{\"@context\":\"https:\/\/schema.org\",\"@graph\":[{\"@type\":\"WebPage\",\"@id\":\"https:\/\/www.1055.fr\/besancon\/qui-sommes-nous\/\",\"url\":\"https:\/\/www.1055.fr\/besancon\/qui-sommes-nous\/\",\"name\":\"Qui sommes nous ?\",\"isPartOf\":{\"@id\":\"https:\/\/www.1055.fr\/besancon\/#website\"},\"datePublished\":\"2020-01-22T20:59:15+00:00\",\"dateModified\":\"2024-10-30T14:02:26+00:00\",\"breadcrumb\":{\"@id\":\"https:\/\/www.1055.fr\/besancon\/qui-sommes-nous\/#breadcrumb\"},\"inLanguage\":\"fr-FR\",\"potentialAction\":[{\"@type\":\"ReadAction\",\"target\":[\"https:\/\/www.1055.fr\/besancon\/qui-sommes-nous\/\"]}]},{\"@type\":\"BreadcrumbList\",\"@id\":\"https:\/\/www.1055.fr\/besancon\/qui-sommes-nous\/#breadcrumb\",\"itemListElement\":[{\"@type\":\"ListItem\",\"position\":1,\"name\":\"Home\",\"item\":\"https:\/\/www.1055.fr\/besancon\/\"},{\"@type\":\"ListItem\",\"position\":2,\"name\":\"Qui sommes nous ?\"}]},{\"@type\":\"WebSite\",\"@id\":\"https:\/\/www.1055.fr\/besancon\/#website\",\"url\":\"https:\/\/www.1055.fr\/besancon\/\",\"name\":\"\",\"description\":\"\",\"publisher\":{\"@id\":\"https:\/\/www.1055.fr\/besancon\/#organization\"},\"potentialAction\":[{\"@type\":\"SearchAction\",\"target\":{\"@type\":\"EntryPoint\",\"urlTemplate\":\"https:\/\/www.1055.fr\/besancon\/?s={search_term_string}\"},\"query-input\":{\"@type\":\"PropertyValueSpecification\",\"valueRequired\":true,\"valueName\":\"search_term_string\"}}],\"inLanguage\":\"fr-FR\"},{\"@type\":\"Organization\",\"@id\":\"https:\/\/www.1055.fr\/besancon\/#organization\",\"name\":\"1055 Besan\u00e7on\",\"url\":\"https:\/\/www.1055.fr\/besancon\/\",\"logo\":{\"@type\":\"ImageObject\",\"inLanguage\":\"fr-FR\",\"@id\":\"https:\/\/www.1055.fr\/besancon\/#\/schema\/logo\/image\/\",\"url\":\"https:\/\/www.1055.fr\/besancon\/contenu\/uploads\/2021\/04\/logo-page-2-1.png\",\"contentUrl\":\"https:\/\/www.1055.fr\/besancon\/contenu\/uploads\/2021\/04\/logo-page-2-1.png\",\"width\":120,\"height\":162,\"caption\":\"1055 Besan\u00e7on\"},\"image\":{\"@id\":\"https:\/\/www.1055.fr\/besancon\/#\/schema\/logo\/image\/\"}}]}<\/script>\n<!-- \/ Yoast SEO Premium plugin. -->","yoast_head_json":{"title":"Qui sommes nous ?","robots":{"index":"index","follow":"follow","max-snippet":"max-snippet:-1","max-image-preview":"max-image-preview:large","max-video-preview":"max-video-preview:-1"},"canonical":"https:\/\/www.1055.fr\/besancon\/qui-sommes-nous\/","og_locale":"fr_FR","og_type":"article","og_title":"Qui sommes nous ?","og_description":"Le 10\u00b755 \u00e0 Besan\u00e7on vous accueille pour un moment de divertissement assur\u00e9 dans son espace loisirs indoor et outdoor ! &hellip;","og_url":"https:\/\/www.1055.fr\/besancon\/qui-sommes-nous\/","article_modified_time":"2024-10-30T14:02:26+00:00","twitter_card":"summary_large_image","twitter_misc":{"Dur\u00e9e de lecture estim\u00e9e":"3 minutes"},"schema":{"@context":"https:\/\/schema.org","@graph":[{"@type":"WebPage","@id":"https:\/\/www.1055.fr\/besancon\/qui-sommes-nous\/","url":"https:\/\/www.1055.fr\/besancon\/qui-sommes-nous\/","name":"Qui sommes nous ?","isPartOf":{"@id":"https:\/\/www.1055.fr\/besancon\/#website"},"datePublished":"2020-01-22T20:59:15+00:00","dateModified":"2024-10-30T14:02:26+00:00","breadcrumb":{"@id":"https:\/\/www.1055.fr\/besancon\/qui-sommes-nous\/#breadcrumb"},"inLanguage":"fr-FR","potentialAction":[{"@type":"ReadAction","target":["https:\/\/www.1055.fr\/besancon\/qui-sommes-nous\/"]}]},{"@type":"BreadcrumbList","@id":"https:\/\/www.1055.fr\/besancon\/qui-sommes-nous\/#breadcrumb","itemListElement":[{"@type":"ListItem","position":1,"name":"Home","item":"https:\/\/www.1055.fr\/besancon\/"},{"@type":"ListItem","position":2,"name":"Qui sommes nous ?"}]},{"@type":"WebSite","@id":"https:\/\/www.1055.fr\/besancon\/#website","url":"https:\/\/www.1055.fr\/besancon\/","name":"","description":"","publisher":{"@id":"https:\/\/www.1055.fr\/besancon\/#organization"},"potentialAction":[{"@type":"SearchAction","target":{"@type":"EntryPoint","urlTemplate":"https:\/\/www.1055.fr\/besancon\/?s={search_term_string}"},"query-input":{"@type":"PropertyValueSpecification","valueRequired":true,"valueName":"search_term_string"}}],"inLanguage":"fr-FR"},{"@type":"Organization","@id":"https:\/\/www.1055.fr\/besancon\/#organization","name":"1055 Besan\u00e7on","url":"https:\/\/www.1055.fr\/besancon\/","logo":{"@type":"ImageObject","inLanguage":"fr-FR","@id":"https:\/\/www.1055.fr\/besancon\/#\/schema\/logo\/image\/","url":"https:\/\/www.1055.fr\/besancon\/contenu\/uploads\/2021\/04\/logo-page-2-1.png","contentUrl":"https:\/\/www.1055.fr\/besancon\/contenu\/uploads\/2021\/04\/logo-page-2-1.png","width":120,"height":162,"caption":"1055 Besan\u00e7on"},"image":{"@id":"https:\/\/www.1055.fr\/besancon\/#\/schema\/logo\/image\/"}}]}},"_links":{"self":[{"href":"https:\/\/www.1055.fr\/besancon\/wp-json\/wp\/v2\/pages\/6","targetHints":{"allow":["GET"]}}],"collection":[{"href":"https:\/\/www.1055.fr\/besancon\/wp-json\/wp\/v2\/pages"}],"about":[{"href":"https:\/\/www.1055.fr\/besancon\/wp-json\/wp\/v2\/types\/page"}],"author":[{"embeddable":true,"href":"https:\/\/www.1055.fr\/besancon\/wp-json\/wp\/v2\/users\/2"}],"replies":[{"embeddable":true,"href":"https:\/\/www.1055.fr\/besancon\/wp-json\/wp\/v2\/comments?post=6"}],"version-history":[{"count":1,"href":"https:\/\/www.1055.fr\/besancon\/wp-json\/wp\/v2\/pages\/6\/revisions"}],"predecessor-version":[{"id":5750,"href":"https:\/\/www.1055.fr\/besancon\/wp-json\/wp\/v2\/pages\/6\/revisions\/5750"}],"wp:attachment":[{"href":"https:\/\/www.1055.fr\/besancon\/wp-json\/wp\/v2\/media?parent=6"}],"curies":[{"name":"wp","href":"https:\/\/api.w.org\/{rel}","templated":true}]}}