{"id":5812,"date":"2024-12-17T14:43:04","date_gmt":"2024-12-17T13:43:04","guid":{"rendered":"https:\/\/www.1055.fr\/besancon\/?page_id=5812"},"modified":"2025-03-25T13:03:50","modified_gmt":"2025-03-25T12:03:50","slug":"karaoke","status":"publish","type":"page","link":"https:\/\/www.1055.fr\/besancon\/activites\/karaoke\/","title":{"rendered":"Karaok\u00e9"},"content":{"rendered":"\n<p class=\"has-text-align-left\">Envie de pousser la chansonnette \u00e0 l\u2019abri des regards ? Le <strong>10\u00b755 de Besan\u00e7on<\/strong> vous ouvre les portes de ses <strong>salles de karaok\u00e9 privatives<\/strong> ! Que vous soyez une <strong>star en herbe<\/strong> ou un amateur qui chante sous la douche, le karaok\u00e9 du 10\u00b755 vous garantit un <strong>moment fun et convivial<\/strong> entre amis, coll\u00e8gues ou en famille.<\/p>\n\n\n\n<figure class=\"wp-block-embed is-type-video is-provider-youtube wp-block-embed-youtube wp-embed-aspect-16-9 wp-has-aspect-ratio\"><div class=\"wp-block-embed__wrapper\">\n<iframe title=\"Karaok\u00e9 au 10\u00b755 de Chalon-sur-Sa\u00f4ne #shorts\" width=\"525\" height=\"295\" src=\"https:\/\/www.youtube.com\/embed\/ZmfLLB-W7Uw?feature=oembed\" frameborder=\"0\" allow=\"accelerometer; autoplay; clipboard-write; encrypted-media; gyroscope; picture-in-picture; web-share\" referrerpolicy=\"strict-origin-when-cross-origin\" allowfullscreen><\/iframe>\n<\/div><\/figure>\n\n\n\n<div style=\"height:25px\" aria-hidden=\"true\" class=\"wp-block-spacer\"><\/div>\n\n\n\n<h2 class=\"wp-block-heading\" id=\"h-chantez-entre-amis-en-famille-ou-entre-collegues-a-besancon\">Chantez entre amis, en famille ou entre coll\u00e8gues \u00e0 Besan\u00e7on<\/h2>\n\n\n\n<p>Nos salles de karaok\u00e9 sont con\u00e7ues pour accueillir <strong>de 3 \u00e0 6 personnes<\/strong>. Vous choisissez vos chansons pr\u00e9f\u00e9r\u00e9es parmi un large r\u00e9pertoire de titres fran\u00e7ais et internationaux, et c\u2019est parti pour <strong>45 minutes de musique<\/strong>, de fous rires et de performances inoubliables.<\/p>\n\n\n\n<p>Que ce soit pour un <strong>anniversaire<\/strong>, une <strong>soir\u00e9e entre amis<\/strong>, un <strong>EVG ou EVJF<\/strong>, ou simplement l\u2019envie de passer un bon moment, nos salles sont pens\u00e9es pour vous offrir une <strong>exp\u00e9rience musicale immersive<\/strong> !<\/p>\n\n\n<div class=\"wp-block-image\">\n<figure class=\"aligncenter size-large is-resized\"><img decoding=\"async\" width=\"1024\" height=\"683\" src=\"https:\/\/www.1055.fr\/besancon\/contenu\/uploads\/2025\/03\/KARAOKE-4-1024x683.jpg\" alt=\"salles de karaok\u00e9 au 1055 Besan\u00e7on\" class=\"wp-image-6197\" style=\"width:588px;height:auto\" srcset=\"https:\/\/www.1055.fr\/besancon\/contenu\/uploads\/2025\/03\/KARAOKE-4-1024x683.jpg 1024w, https:\/\/www.1055.fr\/besancon\/contenu\/uploads\/2025\/03\/KARAOKE-4-300x200.jpg 300w, https:\/\/www.1055.fr\/besancon\/contenu\/uploads\/2025\/03\/KARAOKE-4-768x512.jpg 768w, https:\/\/www.1055.fr\/besancon\/contenu\/uploads\/2025\/03\/KARAOKE-4-1536x1024.jpg 1536w, https:\/\/www.1055.fr\/besancon\/contenu\/uploads\/2025\/03\/KARAOKE-4-24x16.jpg 24w, https:\/\/www.1055.fr\/besancon\/contenu\/uploads\/2025\/03\/KARAOKE-4-36x24.jpg 36w, https:\/\/www.1055.fr\/besancon\/contenu\/uploads\/2025\/03\/KARAOKE-4-48x32.jpg 48w, https:\/\/www.1055.fr\/besancon\/contenu\/uploads\/2025\/03\/KARAOKE-4.jpg 2048w\" sizes=\"(max-width: 767px) 89vw, (max-width: 1000px) 54vw, (max-width: 1071px) 543px, 580px\" \/><\/figure>\n<\/div>\n\n\n<div style=\"height:32px\" aria-hidden=\"true\" class=\"wp-block-spacer\"><\/div>\n\n\n\n<h2 class=\"wp-block-heading\" id=\"h-le-karaoke-une-activite-originale-pour-vos-team-building-d-entreprise-a-besancon\">Le karaok\u00e9 : une activit\u00e9 originale pour vos team building d\u2019entreprise \u00e0 Besan\u00e7on<\/h2>\n\n\n\n<p>Vous cherchez une id\u00e9e originale pour <strong>renforcer la coh\u00e9sion d\u2019\u00e9quipe<\/strong> ? Le karaok\u00e9 est parfait pour un <strong>team building<\/strong> r\u00e9ussi ! Vos coll\u00e8gues pourront se d\u00e9fier sur leurs titres pr\u00e9f\u00e9r\u00e9s ou chanter en duo pour un moment \u00e0 la fois convivial et un brin d\u00e9cal\u00e9.<\/p>\n\n\n\n<p>Envie d\u2019organiser un \u00e9v\u00e9nement sur-mesure pour votre entreprise \u00e0 Besan\u00e7on ? <strong><a href=\"https:\/\/cloud.groupe.1055.fr\/professionnels-contactez-nous\" target=\"_blank\" rel=\"noreferrer noopener\">Contactez-nous<\/a><\/strong> pour une formule adapt\u00e9e \u00e0 vos envies et au nombre de participants.<\/p>\n\n\n<div class=\"wp-block-image\">\n<figure class=\"aligncenter size-large is-resized\"><img decoding=\"async\" width=\"1024\" height=\"683\" src=\"https:\/\/www.1055.fr\/besancon\/contenu\/uploads\/2025\/03\/KARAOKE-1-1024x683.jpg\" alt=\"salles de karaok\u00e9 au 1055 Besan\u00e7on\" class=\"wp-image-6199\" style=\"width:580px;height:auto\" srcset=\"https:\/\/www.1055.fr\/besancon\/contenu\/uploads\/2025\/03\/KARAOKE-1-1024x683.jpg 1024w, https:\/\/www.1055.fr\/besancon\/contenu\/uploads\/2025\/03\/KARAOKE-1-300x200.jpg 300w, https:\/\/www.1055.fr\/besancon\/contenu\/uploads\/2025\/03\/KARAOKE-1-768x512.jpg 768w, https:\/\/www.1055.fr\/besancon\/contenu\/uploads\/2025\/03\/KARAOKE-1-1536x1024.jpg 1536w, https:\/\/www.1055.fr\/besancon\/contenu\/uploads\/2025\/03\/KARAOKE-1-24x16.jpg 24w, https:\/\/www.1055.fr\/besancon\/contenu\/uploads\/2025\/03\/KARAOKE-1-36x24.jpg 36w, https:\/\/www.1055.fr\/besancon\/contenu\/uploads\/2025\/03\/KARAOKE-1-48x32.jpg 48w, https:\/\/www.1055.fr\/besancon\/contenu\/uploads\/2025\/03\/KARAOKE-1.jpg 2048w\" sizes=\"(max-width: 767px) 89vw, (max-width: 1000px) 54vw, (max-width: 1071px) 543px, 580px\" \/><\/figure>\n<\/div>\n\n\n<div style=\"height:33px\" aria-hidden=\"true\" class=\"wp-block-spacer\"><\/div>\n\n\n\n<h2 class=\"wp-block-heading\" id=\"h-karaoke-et-plus-encore-decouvrez-toutes-les-activites-du-10-55-besancon\">Karaok\u00e9 et plus encore : d\u00e9couvrez toutes les activit\u00e9s du 10\u00b755 Besan\u00e7on<\/h2>\n\n\n\n<p>Le karaok\u00e9, c\u2019est bien\u2026 mais au 10\u00b755, <strong><a href=\"https:\/\/www.1055.fr\/besancon\/activites-a-faire-a-besancon-au-10%c2%b755-le-complexe-de-loisirs-pour-tous\/\" target=\"_blank\" rel=\"noreferrer noopener\">les activit\u00e9s<\/a> ne manquent pas<\/strong> ! En plus de chanter vos tubes favoris, vous pouvez encha\u00eener avec :<\/p>\n\n\n\n<ul class=\"wp-block-list\">\n<li><strong>Salles de quizz <\/strong><\/li>\n\n\n\n<li><strong>Prochainement Pixel <\/strong>(ouverture prochaine)<\/li>\n\n\n\n<li><strong>Bowling<\/strong><\/li>\n\n\n\n<li><strong>Laser Game<\/strong><\/li>\n\n\n\n<li><strong>Trampoline Park<\/strong><\/li>\n\n\n\n<li><strong>Lancer de hache<\/strong><\/li>\n\n\n\n<li><strong>Tac-Tic Room<\/strong><\/li>\n\n\n\n<li>Et bien d\u2019autres encore !<\/li>\n<\/ul>\n\n\n\n<p>Envie de tout tester ? Profitez du <strong>Pass Or<\/strong>, qui vous donne acc\u00e8s \u00e0 une multitude d&rsquo;activit\u00e9s !<\/p>\n\n\n\n<h2 class=\"wp-block-heading\" id=\"h-une-pause-gourmande-a-la-brasserie-du-10-55-besancon\">Une pause gourmande \u00e0 la Brasserie du 10\u00b755 Besan\u00e7on<\/h2>\n\n\n\n<p>Apr\u00e8s l\u2019effort, le r\u00e9confort ! Installez-vous \u00e0 la Brasserie du 10\u00b755 pour partager un repas ou quelques tapas entre deux activit\u00e9s. Burgers maison, plats gourmands et m\u00eame bi\u00e8res artisanales brass\u00e9es sur place vous attendent pour compl\u00e9ter votre sortie.<\/p>\n\n\n\n<h2 class=\"wp-block-heading\" id=\"h-questions-frequentes-sur-le-karaoke-au-10-55-besancon\">Questions fr\u00e9quentes sur le karaok\u00e9 au 10\u00b755 Besan\u00e7on<\/h2>\n\n\n\n<div class=\"schema-faq wp-block-yoast-faq-block\"><div class=\"schema-faq-section\" id=\"faq-question-1741162114387\"><strong class=\"schema-faq-question\">Combien de personnes peuvent venir dans une salle de karaok\u00e9 ?<\/strong> <p class=\"schema-faq-answer\">Les salles peuvent accueillir de <strong>3 \u00e0 6 personnes<\/strong>, parfait pour une soir\u00e9e conviviale.<\/p> <\/div> <div class=\"schema-faq-section\" id=\"faq-question-1741162137458\"><strong class=\"schema-faq-question\">Faut-il r\u00e9server \u00e0 l&rsquo;avance ?<\/strong> <p class=\"schema-faq-answer\">C&rsquo;est fortement conseill\u00e9. <a href=\"https:\/\/reservation-besancon.1055.fr\/\" target=\"_blank\" rel=\"noreferrer noopener\">Cliquez ici<\/a> pour r\u00e9server votre cr\u00e9neau.<\/p> <\/div> <div class=\"schema-faq-section\" id=\"faq-question-1741162234158\"><strong class=\"schema-faq-question\">Combien de temps dure une session de karaok\u00e9 ?<\/strong> <p class=\"schema-faq-answer\">Chaque session dure <strong>45 minutes<\/strong>.<\/p> <\/div> <\/div>\n\n\n\n<p><\/p>\n","protected":false},"excerpt":{"rendered":"<p>Envie de pousser la chansonnette \u00e0 l\u2019abri des regards ? Le 10\u00b755 de Besan\u00e7on vous ouvre les portes de ses &hellip;<\/p>\n","protected":false},"author":10,"featured_media":5818,"parent":164,"menu_order":0,"comment_status":"closed","ping_status":"closed","template":"page-activite.php","meta":{"_acf_changed":false,"inline_featured_image":false,"footnotes":""},"class_list":["post-5812","page","type-page","status-publish","has-post-thumbnail","hentry"],"acf":[],"yoast_head":"<!-- This site is optimized with the Yoast SEO Premium plugin v24.7 (Yoast SEO v24.7) - https:\/\/yoast.com\/wordpress\/plugins\/seo\/ -->\n<title>Salles de karaok\u00e9 | 10\u00b755 Besan\u00e7on<\/title>\n<meta name=\"description\" content=\"Venez chanter entre amis au 10\u00b755 Besan\u00e7on ! D\u00e9couvrez nos salles de karaok\u00e9 privatives pour vos sorties entre amis, en famille !\" \/>\n<meta name=\"robots\" content=\"index, follow, max-snippet:-1, max-image-preview:large, max-video-preview:-1\" \/>\n<link rel=\"canonical\" href=\"https:\/\/www.1055.fr\/besancon\/activites\/karaoke\/\" \/>\n<meta property=\"og:locale\" content=\"fr_FR\" \/>\n<meta property=\"og:type\" content=\"article\" \/>\n<meta property=\"og:title\" content=\"Karaok\u00e9\" \/>\n<meta property=\"og:description\" content=\"Venez chanter entre amis au 10\u00b755 Besan\u00e7on ! D\u00e9couvrez nos salles de karaok\u00e9 privatives pour vos sorties entre amis, en famille !\" \/>\n<meta property=\"og:url\" content=\"https:\/\/www.1055.fr\/besancon\/activites\/karaoke\/\" \/>\n<meta property=\"article:modified_time\" content=\"2025-03-25T12:03:50+00:00\" \/>\n<meta property=\"og:image\" content=\"https:\/\/www.1055.fr\/besancon\/contenu\/uploads\/2024\/12\/banniere-Karaoke.png\" \/>\n\t<meta property=\"og:image:width\" content=\"1801\" \/>\n\t<meta property=\"og:image:height\" content=\"361\" \/>\n\t<meta property=\"og:image:type\" content=\"image\/png\" \/>\n<meta name=\"twitter:card\" content=\"summary_large_image\" \/>\n<meta name=\"twitter:label1\" content=\"Dur\u00e9e de lecture estim\u00e9e\" \/>\n\t<meta name=\"twitter:data1\" content=\"3 minutes\" \/>\n<script type=\"application\/ld+json\" class=\"yoast-schema-graph\">{\"@context\":\"https:\/\/schema.org\",\"@graph\":[{\"@type\":[\"WebPage\",\"FAQPage\"],\"@id\":\"https:\/\/www.1055.fr\/besancon\/activites\/karaoke\/\",\"url\":\"https:\/\/www.1055.fr\/besancon\/activites\/karaoke\/\",\"name\":\"Salles de karaok\u00e9 | 10\u00b755 Besan\u00e7on\",\"isPartOf\":{\"@id\":\"https:\/\/www.1055.fr\/besancon\/#website\"},\"primaryImageOfPage\":{\"@id\":\"https:\/\/www.1055.fr\/besancon\/activites\/karaoke\/#primaryimage\"},\"image\":{\"@id\":\"https:\/\/www.1055.fr\/besancon\/activites\/karaoke\/#primaryimage\"},\"thumbnailUrl\":\"https:\/\/www.1055.fr\/besancon\/contenu\/uploads\/2024\/12\/banniere-Karaoke.png\",\"datePublished\":\"2024-12-17T13:43:04+00:00\",\"dateModified\":\"2025-03-25T12:03:50+00:00\",\"description\":\"Venez chanter entre amis au 10\u00b755 Besan\u00e7on ! D\u00e9couvrez nos salles de karaok\u00e9 privatives pour vos sorties entre amis, en famille !\",\"breadcrumb\":{\"@id\":\"https:\/\/www.1055.fr\/besancon\/activites\/karaoke\/#breadcrumb\"},\"mainEntity\":[{\"@id\":\"https:\/\/www.1055.fr\/besancon\/activites\/karaoke\/#faq-question-1741162114387\"},{\"@id\":\"https:\/\/www.1055.fr\/besancon\/activites\/karaoke\/#faq-question-1741162137458\"},{\"@id\":\"https:\/\/www.1055.fr\/besancon\/activites\/karaoke\/#faq-question-1741162234158\"}],\"inLanguage\":\"fr-FR\",\"potentialAction\":[{\"@type\":\"ReadAction\",\"target\":[\"https:\/\/www.1055.fr\/besancon\/activites\/karaoke\/\"]}]},{\"@type\":\"ImageObject\",\"inLanguage\":\"fr-FR\",\"@id\":\"https:\/\/www.1055.fr\/besancon\/activites\/karaoke\/#primaryimage\",\"url\":\"https:\/\/www.1055.fr\/besancon\/contenu\/uploads\/2024\/12\/banniere-Karaoke.png\",\"contentUrl\":\"https:\/\/www.1055.fr\/besancon\/contenu\/uploads\/2024\/12\/banniere-Karaoke.png\",\"width\":1801,\"height\":361},{\"@type\":\"BreadcrumbList\",\"@id\":\"https:\/\/www.1055.fr\/besancon\/activites\/karaoke\/#breadcrumb\",\"itemListElement\":[{\"@type\":\"ListItem\",\"position\":1,\"name\":\"Home\",\"item\":\"https:\/\/www.1055.fr\/besancon\/\"},{\"@type\":\"ListItem\",\"position\":2,\"name\":\"Parc Indoor\",\"item\":\"https:\/\/www.1055.fr\/besancon\/activites\/\"},{\"@type\":\"ListItem\",\"position\":3,\"name\":\"Karaok\u00e9\"}]},{\"@type\":\"WebSite\",\"@id\":\"https:\/\/www.1055.fr\/besancon\/#website\",\"url\":\"https:\/\/www.1055.fr\/besancon\/\",\"name\":\"\",\"description\":\"\",\"publisher\":{\"@id\":\"https:\/\/www.1055.fr\/besancon\/#organization\"},\"potentialAction\":[{\"@type\":\"SearchAction\",\"target\":{\"@type\":\"EntryPoint\",\"urlTemplate\":\"https:\/\/www.1055.fr\/besancon\/?s={search_term_string}\"},\"query-input\":{\"@type\":\"PropertyValueSpecification\",\"valueRequired\":true,\"valueName\":\"search_term_string\"}}],\"inLanguage\":\"fr-FR\"},{\"@type\":\"Organization\",\"@id\":\"https:\/\/www.1055.fr\/besancon\/#organization\",\"name\":\"1055 Besan\u00e7on\",\"url\":\"https:\/\/www.1055.fr\/besancon\/\",\"logo\":{\"@type\":\"ImageObject\",\"inLanguage\":\"fr-FR\",\"@id\":\"https:\/\/www.1055.fr\/besancon\/#\/schema\/logo\/image\/\",\"url\":\"https:\/\/www.1055.fr\/besancon\/contenu\/uploads\/2021\/04\/logo-page-2-1.png\",\"contentUrl\":\"https:\/\/www.1055.fr\/besancon\/contenu\/uploads\/2021\/04\/logo-page-2-1.png\",\"width\":120,\"height\":162,\"caption\":\"1055 Besan\u00e7on\"},\"image\":{\"@id\":\"https:\/\/www.1055.fr\/besancon\/#\/schema\/logo\/image\/\"}},{\"@type\":\"Question\",\"@id\":\"https:\/\/www.1055.fr\/besancon\/activites\/karaoke\/#faq-question-1741162114387\",\"position\":1,\"url\":\"https:\/\/www.1055.fr\/besancon\/activites\/karaoke\/#faq-question-1741162114387\",\"name\":\"Combien de personnes peuvent venir dans une salle de karaok\u00e9 ?\",\"answerCount\":1,\"acceptedAnswer\":{\"@type\":\"Answer\",\"text\":\"Les salles peuvent accueillir de <strong>3 \u00e0 6 personnes<\/strong>, parfait pour une soir\u00e9e conviviale.\",\"inLanguage\":\"fr-FR\"},\"inLanguage\":\"fr-FR\"},{\"@type\":\"Question\",\"@id\":\"https:\/\/www.1055.fr\/besancon\/activites\/karaoke\/#faq-question-1741162137458\",\"position\":2,\"url\":\"https:\/\/www.1055.fr\/besancon\/activites\/karaoke\/#faq-question-1741162137458\",\"name\":\"Faut-il r\u00e9server \u00e0 l'avance ?\",\"answerCount\":1,\"acceptedAnswer\":{\"@type\":\"Answer\",\"text\":\"C'est fortement conseill\u00e9. <a href=\\\"https:\/\/reservation-besancon.1055.fr\/\\\" target=\\\"_blank\\\" rel=\\\"noreferrer noopener\\\">Cliquez ici<\/a> pour r\u00e9server votre cr\u00e9neau.\",\"inLanguage\":\"fr-FR\"},\"inLanguage\":\"fr-FR\"},{\"@type\":\"Question\",\"@id\":\"https:\/\/www.1055.fr\/besancon\/activites\/karaoke\/#faq-question-1741162234158\",\"position\":3,\"url\":\"https:\/\/www.1055.fr\/besancon\/activites\/karaoke\/#faq-question-1741162234158\",\"name\":\"Combien de temps dure une session de karaok\u00e9 ?\",\"answerCount\":1,\"acceptedAnswer\":{\"@type\":\"Answer\",\"text\":\"Chaque session dure <strong>45 minutes<\/strong>.\",\"inLanguage\":\"fr-FR\"},\"inLanguage\":\"fr-FR\"}]}<\/script>\n<!-- \/ Yoast SEO Premium plugin. -->","yoast_head_json":{"title":"Salles de karaok\u00e9 | 10\u00b755 Besan\u00e7on","description":"Venez chanter entre amis au 10\u00b755 Besan\u00e7on ! D\u00e9couvrez nos salles de karaok\u00e9 privatives pour vos sorties entre amis, en famille !","robots":{"index":"index","follow":"follow","max-snippet":"max-snippet:-1","max-image-preview":"max-image-preview:large","max-video-preview":"max-video-preview:-1"},"canonical":"https:\/\/www.1055.fr\/besancon\/activites\/karaoke\/","og_locale":"fr_FR","og_type":"article","og_title":"Karaok\u00e9","og_description":"Venez chanter entre amis au 10\u00b755 Besan\u00e7on ! D\u00e9couvrez nos salles de karaok\u00e9 privatives pour vos sorties entre amis, en famille !","og_url":"https:\/\/www.1055.fr\/besancon\/activites\/karaoke\/","article_modified_time":"2025-03-25T12:03:50+00:00","og_image":[{"width":1801,"height":361,"url":"https:\/\/www.1055.fr\/besancon\/contenu\/uploads\/2024\/12\/banniere-Karaoke.png","type":"image\/png"}],"twitter_card":"summary_large_image","twitter_misc":{"Dur\u00e9e de lecture estim\u00e9e":"3 minutes"},"schema":{"@context":"https:\/\/schema.org","@graph":[{"@type":["WebPage","FAQPage"],"@id":"https:\/\/www.1055.fr\/besancon\/activites\/karaoke\/","url":"https:\/\/www.1055.fr\/besancon\/activites\/karaoke\/","name":"Salles de karaok\u00e9 | 10\u00b755 Besan\u00e7on","isPartOf":{"@id":"https:\/\/www.1055.fr\/besancon\/#website"},"primaryImageOfPage":{"@id":"https:\/\/www.1055.fr\/besancon\/activites\/karaoke\/#primaryimage"},"image":{"@id":"https:\/\/www.1055.fr\/besancon\/activites\/karaoke\/#primaryimage"},"thumbnailUrl":"https:\/\/www.1055.fr\/besancon\/contenu\/uploads\/2024\/12\/banniere-Karaoke.png","datePublished":"2024-12-17T13:43:04+00:00","dateModified":"2025-03-25T12:03:50+00:00","description":"Venez chanter entre amis au 10\u00b755 Besan\u00e7on ! D\u00e9couvrez nos salles de karaok\u00e9 privatives pour vos sorties entre amis, en famille !","breadcrumb":{"@id":"https:\/\/www.1055.fr\/besancon\/activites\/karaoke\/#breadcrumb"},"mainEntity":[{"@id":"https:\/\/www.1055.fr\/besancon\/activites\/karaoke\/#faq-question-1741162114387"},{"@id":"https:\/\/www.1055.fr\/besancon\/activites\/karaoke\/#faq-question-1741162137458"},{"@id":"https:\/\/www.1055.fr\/besancon\/activites\/karaoke\/#faq-question-1741162234158"}],"inLanguage":"fr-FR","potentialAction":[{"@type":"ReadAction","target":["https:\/\/www.1055.fr\/besancon\/activites\/karaoke\/"]}]},{"@type":"ImageObject","inLanguage":"fr-FR","@id":"https:\/\/www.1055.fr\/besancon\/activites\/karaoke\/#primaryimage","url":"https:\/\/www.1055.fr\/besancon\/contenu\/uploads\/2024\/12\/banniere-Karaoke.png","contentUrl":"https:\/\/www.1055.fr\/besancon\/contenu\/uploads\/2024\/12\/banniere-Karaoke.png","width":1801,"height":361},{"@type":"BreadcrumbList","@id":"https:\/\/www.1055.fr\/besancon\/activites\/karaoke\/#breadcrumb","itemListElement":[{"@type":"ListItem","position":1,"name":"Home","item":"https:\/\/www.1055.fr\/besancon\/"},{"@type":"ListItem","position":2,"name":"Parc Indoor","item":"https:\/\/www.1055.fr\/besancon\/activites\/"},{"@type":"ListItem","position":3,"name":"Karaok\u00e9"}]},{"@type":"WebSite","@id":"https:\/\/www.1055.fr\/besancon\/#website","url":"https:\/\/www.1055.fr\/besancon\/","name":"","description":"","publisher":{"@id":"https:\/\/www.1055.fr\/besancon\/#organization"},"potentialAction":[{"@type":"SearchAction","target":{"@type":"EntryPoint","urlTemplate":"https:\/\/www.1055.fr\/besancon\/?s={search_term_string}"},"query-input":{"@type":"PropertyValueSpecification","valueRequired":true,"valueName":"search_term_string"}}],"inLanguage":"fr-FR"},{"@type":"Organization","@id":"https:\/\/www.1055.fr\/besancon\/#organization","name":"1055 Besan\u00e7on","url":"https:\/\/www.1055.fr\/besancon\/","logo":{"@type":"ImageObject","inLanguage":"fr-FR","@id":"https:\/\/www.1055.fr\/besancon\/#\/schema\/logo\/image\/","url":"https:\/\/www.1055.fr\/besancon\/contenu\/uploads\/2021\/04\/logo-page-2-1.png","contentUrl":"https:\/\/www.1055.fr\/besancon\/contenu\/uploads\/2021\/04\/logo-page-2-1.png","width":120,"height":162,"caption":"1055 Besan\u00e7on"},"image":{"@id":"https:\/\/www.1055.fr\/besancon\/#\/schema\/logo\/image\/"}},{"@type":"Question","@id":"https:\/\/www.1055.fr\/besancon\/activites\/karaoke\/#faq-question-1741162114387","position":1,"url":"https:\/\/www.1055.fr\/besancon\/activites\/karaoke\/#faq-question-1741162114387","name":"Combien de personnes peuvent venir dans une salle de karaok\u00e9 ?","answerCount":1,"acceptedAnswer":{"@type":"Answer","text":"Les salles peuvent accueillir de <strong>3 \u00e0 6 personnes<\/strong>, parfait pour une soir\u00e9e conviviale.","inLanguage":"fr-FR"},"inLanguage":"fr-FR"},{"@type":"Question","@id":"https:\/\/www.1055.fr\/besancon\/activites\/karaoke\/#faq-question-1741162137458","position":2,"url":"https:\/\/www.1055.fr\/besancon\/activites\/karaoke\/#faq-question-1741162137458","name":"Faut-il r\u00e9server \u00e0 l'avance ?","answerCount":1,"acceptedAnswer":{"@type":"Answer","text":"C'est fortement conseill\u00e9. <a href=\"https:\/\/reservation-besancon.1055.fr\/\" target=\"_blank\" rel=\"noreferrer noopener\">Cliquez ici<\/a> pour r\u00e9server votre cr\u00e9neau.","inLanguage":"fr-FR"},"inLanguage":"fr-FR"},{"@type":"Question","@id":"https:\/\/www.1055.fr\/besancon\/activites\/karaoke\/#faq-question-1741162234158","position":3,"url":"https:\/\/www.1055.fr\/besancon\/activites\/karaoke\/#faq-question-1741162234158","name":"Combien de temps dure une session de karaok\u00e9 ?","answerCount":1,"acceptedAnswer":{"@type":"Answer","text":"Chaque session dure <strong>45 minutes<\/strong>.","inLanguage":"fr-FR"},"inLanguage":"fr-FR"}]}},"_links":{"self":[{"href":"https:\/\/www.1055.fr\/besancon\/wp-json\/wp\/v2\/pages\/5812","targetHints":{"allow":["GET"]}}],"collection":[{"href":"https:\/\/www.1055.fr\/besancon\/wp-json\/wp\/v2\/pages"}],"about":[{"href":"https:\/\/www.1055.fr\/besancon\/wp-json\/wp\/v2\/types\/page"}],"author":[{"embeddable":true,"href":"https:\/\/www.1055.fr\/besancon\/wp-json\/wp\/v2\/users\/10"}],"replies":[{"embeddable":true,"href":"https:\/\/www.1055.fr\/besancon\/wp-json\/wp\/v2\/comments?post=5812"}],"version-history":[{"count":2,"href":"https:\/\/www.1055.fr\/besancon\/wp-json\/wp\/v2\/pages\/5812\/revisions"}],"predecessor-version":[{"id":6282,"href":"https:\/\/www.1055.fr\/besancon\/wp-json\/wp\/v2\/pages\/5812\/revisions\/6282"}],"up":[{"embeddable":true,"href":"https:\/\/www.1055.fr\/besancon\/wp-json\/wp\/v2\/pages\/164"}],"wp:featuredmedia":[{"embeddable":true,"href":"https:\/\/www.1055.fr\/besancon\/wp-json\/wp\/v2\/media\/5818"}],"wp:attachment":[{"href":"https:\/\/www.1055.fr\/besancon\/wp-json\/wp\/v2\/media?parent=5812"}],"curies":[{"name":"wp","href":"https:\/\/api.w.org\/{rel}","templated":true}]}}