{"id":5473,"date":"2024-09-23T10:56:37","date_gmt":"2024-09-23T08:56:37","guid":{"rendered":"https:\/\/www.1055.fr\/besancon\/?page_id=5473"},"modified":"2026-03-20T16:11:25","modified_gmt":"2026-03-20T15:11:25","slug":"entreprises-et-cse","status":"publish","type":"page","link":"https:\/\/www.1055.fr\/besancon\/groupes\/entreprises-et-cse\/","title":{"rendered":"\u00c9v\u00e9nements d&rsquo;entreprises &amp; Team bulding"},"content":{"rendered":"\n<h3 class=\"wp-block-heading\" id=\"h-decouvrez-nos-offres-destinees-aux-entreprises-et-cse\">D\u00e9couvrez nos offres destin\u00e9es aux entreprises et CSE<\/h3>\n\n\n\n<figure class=\"wp-block-embed is-type-video is-provider-youtube wp-block-embed-youtube wp-embed-aspect-16-9 wp-has-aspect-ratio\"><div class=\"wp-block-embed__wrapper\">\n<iframe title=\"L&#039;Espace Lounge du 10\u00b755 de Chalon-sur-Sa\u00f4ne\" width=\"525\" height=\"295\" src=\"https:\/\/www.youtube.com\/embed\/fzXy2EGveQ0?feature=oembed\" frameborder=\"0\" allow=\"accelerometer; autoplay; clipboard-write; encrypted-media; gyroscope; picture-in-picture; web-share\" referrerpolicy=\"strict-origin-when-cross-origin\" allowfullscreen><\/iframe>\n<\/div><\/figure>\n\n\n\n<h6 class=\"wp-block-heading has-text-align-center\" id=\"h-video-tournee-au-10-55-de-chalon-sur-saone\"><strong>Vid\u00e9o tourn\u00e9e au <a href=\"https:\/\/www.1055.fr\/chalon\/\">10.55 de Chalon-sur-Sa\u00f4ne<\/a><\/strong><\/h6>\n\n\n\n<hr class=\"wp-block-separator has-alpha-channel-opacity\"\/>\n\n\n\n<div class=\"wp-block-columns is-layout-flex wp-container-core-columns-is-layout-9d6595d7 wp-block-columns-is-layout-flex\">\n<div class=\"wp-block-column is-layout-flow wp-block-column-is-layout-flow\">\n<div class=\"wp-block-buttons is-content-justification-right is-layout-flex wp-container-core-buttons-is-layout-765c4724 wp-block-buttons-is-layout-flex\">\n<div class=\"wp-block-button\"><a class=\"wp-block-button__link has-white-color has-text-color has-background has-link-color has-custom-font-size wp-element-button\" href=\"#event\" style=\"background-color:#007382;font-size:23px\"><strong>Id\u00e9e de coh\u00e9sion d&rsquo;\u00e9quipe<\/strong><\/a><\/div>\n<\/div>\n<\/div>\n\n\n\n<div class=\"wp-block-column is-layout-flow wp-block-column-is-layout-flow\">\n<div class=\"wp-block-buttons is-content-justification-left is-layout-flex wp-container-core-buttons-is-layout-fdcfc74e wp-block-buttons-is-layout-flex\">\n<div class=\"wp-block-button is-style-outline is-style-outline--1\"><a class=\"wp-block-button__link has-white-background-color has-text-color has-background has-link-color has-custom-font-size wp-element-button\" href=\"#cse\" style=\"color:#007382;font-size:23px\"><strong>Nos offres CSE<\/strong><\/a><\/div>\n<\/div>\n<\/div>\n<\/div>\n\n\n\n<div class=\"wp-block-columns is-layout-flex wp-container-core-columns-is-layout-9d6595d7 wp-block-columns-is-layout-flex\">\n<div class=\"wp-block-column is-layout-flow wp-block-column-is-layout-flow\">\n<div class=\"wp-block-buttons is-content-justification-right is-layout-flex wp-container-core-buttons-is-layout-765c4724 wp-block-buttons-is-layout-flex\">\n<div class=\"wp-block-button is-style-outline is-style-outline--2\"><a class=\"wp-block-button__link has-white-background-color has-text-color has-background has-link-color has-custom-font-size wp-element-button\" href=\"#pub\" style=\"color:#007382;font-size:23px\"><strong>Faites-vous conna\u00eetre<\/strong><\/a><\/div>\n<\/div>\n<\/div>\n\n\n\n<div class=\"wp-block-column is-layout-flow wp-block-column-is-layout-flow\">\n<div class=\"wp-block-buttons is-layout-flex wp-block-buttons-is-layout-flex\">\n<div class=\"wp-block-button\"><a class=\"wp-block-button__link has-white-color has-text-color has-background has-link-color has-custom-font-size wp-element-button\" href=\"#priver\" style=\"background-color:#007382;font-size:23px\"><strong>Privatisation<\/strong><\/a><\/div>\n<\/div>\n<\/div>\n<\/div>\n\n\n\n<hr class=\"wp-block-separator has-alpha-channel-opacity\"\/>\n\n\n\n<h2 class=\"wp-block-heading has-text-align-center has-text-color has-link-color wp-elements-a738bc845eba51e892b6231010e4bdc0\" id=\"cse\" style=\"color:#007382\">Nos offres CSE (comit\u00e9s d&rsquo;entreprise)<\/h2>\n\n\n\n<p>Le 10\u00b755 est partenaires des comit\u00e9s d&rsquo;entreprise et propose une billetterie avec tarifs d\u00e9gressifs. Une fois les billets achet\u00e9s, <strong>faites-en profiter vos salari\u00e9s et collaborateurs ! <\/strong><br>Le + : <strong>nous avons une billetterie digitale<\/strong> si vous souhaitez passer commande en toute autonomie. Mais nous sommes \u00e9galement l\u00e0 pour vous accompagner !<\/p>\n\n\n<div class=\"wp-block-image\">\n<figure class=\"aligncenter size-large is-resized\"><img decoding=\"async\" src=\"https:\/\/www.1055.fr\/belfort\/contenu\/uploads\/2025\/06\/2.Visuels-newsletter-pro-1024x427.png\" alt=\"\" class=\"wp-image-10455\" style=\"width:561px\"\/><\/figure>\n<\/div>\n\n<div class=\"wp-block-image\">\n<figure class=\"aligncenter size-large is-resized\"><img decoding=\"async\" src=\"https:\/\/www.1055.fr\/belfort\/contenu\/uploads\/2025\/06\/2.Visuels-newsletter-pro3-1024x427.png\" alt=\"\" class=\"wp-image-10457\" style=\"width:561px;height:auto\"\/><\/figure>\n<\/div>\n\n\n<div class=\"wp-block-buttons is-content-justification-center is-layout-flex wp-container-core-buttons-is-layout-16018d1d wp-block-buttons-is-layout-flex\">\n<div class=\"wp-block-button has-custom-width wp-block-button__width-50\"><a class=\"wp-block-button__link has-white-color has-text-color has-background has-link-color has-custom-font-size wp-element-button\" href=\"https:\/\/www.1055.fr\/besancon\/contact\/\" style=\"background-color:#007382;font-size:18px\"><strong>Passer commande ou demander des infos<\/strong><\/a><\/div>\n<\/div>\n\n\n\n<div class=\"wp-block-buttons is-content-justification-center is-layout-flex wp-container-core-buttons-is-layout-16018d1d wp-block-buttons-is-layout-flex\">\n<div class=\"wp-block-button is-style-outline is-style-outline--3\"><a class=\"wp-block-button__link has-white-background-color has-text-color has-background has-link-color has-custom-font-size wp-element-button\" href=\"https:\/\/boutique.1055.fr\/categorie-produit\/espace-ce\/\" style=\"color:#007382;font-size:18px\"><strong>Consultez la billetterie digitale <\/strong><\/a><\/div>\n<\/div>\n\n\n\n<hr class=\"wp-block-separator has-alpha-channel-opacity\"\/>\n\n\n\n<h2 class=\"wp-block-heading\" id=\"h-utilisation-des-billets-cse\"><mark style=\"background-color:rgba(0, 0, 0, 0);color:#056570\" class=\"has-inline-color\">Utilisation des billets CSE <\/mark><\/h2>\n\n\n\n<p class=\"has-text-align-left\"><strong>LOISIRS<\/strong><br>Nos billets CE permettent de profiter de toutes nos activit\u00e9s dans tous les \u00e9tablissements 10\u00b755<\/p>\n\n\n\n<figure class=\"wp-block-image size-full is-resized\"><img decoding=\"async\" src=\"https:\/\/www.1055.fr\/belfort\/contenu\/uploads\/2025\/06\/PETITE-BANNIERE.png\" alt=\"\" class=\"wp-image-10313\" style=\"width:416px;height:auto\"\/><\/figure>\n\n\n\n<ul class=\"wp-block-list\">\n<li><strong>ANNIVERSAIRE ENFANTS<\/strong><br>Le choix n\u00b01 des parents pour f\u00eater l\u2019anniversaire de leurs enfants, c\u2019est le 10\u00b755 ! Les tickets CE permettent de r\u00e9gler les formules-anniversaire enfants<\/li>\n<\/ul>\n\n\n\n<figure class=\"wp-block-image size-large is-resized\"><img decoding=\"async\" src=\"https:\/\/www.1055.fr\/belfort\/contenu\/uploads\/2024\/07\/Banniere-anniversaire-2048x410-1-1024x205.png\" alt=\"\" class=\"wp-image-10172\" style=\"width:415px;height:auto\"\/><\/figure>\n\n\n\n<ul class=\"wp-block-list\">\n<li><strong>RESTAURANT<\/strong><br>Gr\u00e2ce \u00e0 nos tickets CE profitez d\u2019un d\u00e9licieux repas dans nos brasseries<\/li>\n<\/ul>\n\n\n\n<figure class=\"wp-block-image size-full is-resized\"><img decoding=\"async\" src=\"https:\/\/www.1055.fr\/belfort\/contenu\/uploads\/2025\/06\/BRASSERIE_DU_10_55-PetiteBannie\u00a6Cre-complexe-de-loisirs.jpg\" alt=\"\" class=\"wp-image-10322\" style=\"width:422px;height:auto\"\/><\/figure>\n\n\n\n<hr class=\"wp-block-separator has-alpha-channel-opacity\"\/>\n\n\n\n<h2 class=\"wp-block-heading has-text-align-center has-text-color has-link-color wp-elements-08e6bf41bca197b8f866ff0d26549426\" id=\"event\" style=\"color:#007382\">\u00c9v\u00e9nements uniques<\/h2>\n\n\n\n<h3 class=\"wp-block-heading\">Nos \u00e9v\u00e9nements <\/h3>\n\n\n\n<p><strong>Profitez de notre large choix d\u2019activit\u00e9s <\/strong>au 10\u00b755 de Besan\u00e7on (ou celui de votre choix !) pour un team-building parfait avec <strong>des formules ap\u00e9ritives d\u00e9contract\u00e9s (debout autour d\u2019un buffet ou d\u2019une partie de bowling)<\/strong> ou <strong>avec un repas assis \u00e0 table.<\/strong> Nous proposons \u00e9galement <strong>d\u00e8s apr\u00e8s-midis ou soir\u00e9es avec les activit\u00e9s de votre choix id\u00e9ales pour renforcer la proximit\u00e9 au sein de votre \u00e9quipe.<\/strong> Bowling, Laser Game, Pixel \u2026 <strong>Tout est possible au 10\u00b755 ! <\/strong>De nombreuses options sont disponibles pour composer votre venue au gr\u00e9 de vos envies et de votre budget : <strong>tireuses \u00e0 bi\u00e8res artisanales made in 10\u00b755, planches \u00e0 partager, activit\u00e9s suppl\u00e9mentaires \u2026 Personnalisez votre \u00e9v\u00e9nements avec l\u2019aide de notre service commercial.<\/strong><\/p>\n\n\n\n<p>En nous contactant, vous recevrez notre plaquette d&rsquo;offres et leurs prix, alors n&rsquo;h\u00e9sitez plus ! <\/p>\n\n\n\n<div class=\"wp-block-columns is-layout-flex wp-container-core-columns-is-layout-9d6595d7 wp-block-columns-is-layout-flex\">\n<div class=\"wp-block-column is-layout-flow wp-block-column-is-layout-flow\">\n<figure class=\"wp-block-image size-full\"><img decoding=\"async\" src=\"https:\/\/www.1055.fr\/belfort\/contenu\/uploads\/2025\/06\/buffet-salee-chalon1.jpg\" alt=\"\" class=\"wp-image-10458\" style=\"aspect-ratio:3\/4;object-fit:cover\"\/><\/figure>\n<\/div>\n\n\n\n<div class=\"wp-block-column is-layout-flow wp-block-column-is-layout-flow\">\n<figure class=\"wp-block-image size-large\"><img decoding=\"async\" src=\"https:\/\/www.1055.fr\/belfort\/contenu\/uploads\/2025\/06\/FLECHETTES-2-1-683x1024.jpg\" alt=\"\" class=\"wp-image-10459\" style=\"aspect-ratio:3\/4;object-fit:cover\"\/><\/figure>\n<\/div>\n\n\n\n<div class=\"wp-block-column is-layout-flow wp-block-column-is-layout-flow\">\n<figure class=\"wp-block-image size-large\"><img decoding=\"async\" src=\"https:\/\/www.1055.fr\/belfort\/contenu\/uploads\/2025\/06\/Restaurant_12-1024x683.jpg\" alt=\"\" class=\"wp-image-10470\" style=\"aspect-ratio:3\/4;object-fit:cover\"\/><\/figure>\n<\/div>\n<\/div>\n\n\n\n<h2 class=\"wp-block-heading has-text-color has-link-color wp-elements-f044d4318328f88a63a58f25b2093f8f\" id=\"priver\" style=\"color:#007382\">Privatisation<\/h2>\n\n\n\n<div class=\"wp-block-buttons is-content-justification-left is-layout-flex wp-container-core-buttons-is-layout-fdcfc74e wp-block-buttons-is-layout-flex\">\n<div class=\"wp-block-button\"><a class=\"wp-block-button__link has-black-color has-luminous-vivid-amber-background-color has-text-color has-background has-text-align-left wp-element-button\" href=\"https:\/\/cloud.groupe.1055.fr\/professionnels-contactez-nous\">Contactez-nous<\/a><\/div>\n<\/div>\n\n\n\n<p><\/p>\n\n\n\n<p>Le 10\u00b755 de Besan\u00e7on \u2013 Chalezeule vous ouvre ses portes pour vos \u00e9v\u00e9nements professionnels. Que ce soit pour une soir\u00e9e d\u2019entreprise, une journ\u00e9e de team building ou un \u00e9v\u00e9nement client, nous vous proposons la <strong>privatisation compl\u00e8te de notre complexe<\/strong>. Profitez de nos nombreuses activit\u00e9s indoor, de notre brasserie et de nos espaces privatisables pour cr\u00e9er un moment unique, \u00e0 votre image.<\/p>\n\n\n\n<p><br>Contactez notre \u00e9quipe pour organiser <strong>une exp\u00e9rience sur-mesure<\/strong>, cl\u00e9 en main, dans un cadre moderne, convivial et enti\u00e8rement d\u00e9di\u00e9 \u00e0 votre entreprise.<br>\u2705 accueil par nos \u00e9quipes &amp; distribution des bracelets d&rsquo;entr\u00e9e<br>\u2705 buffets d&rsquo;entr\u00e9es, plats &amp; desserts avec choix divers<br>\u2705 boissons &amp; caf\u00e9 &amp; th\u00e9<br>\u2705 acc\u00e8s \u00e0 toutes nos activit\u00e9s Indoor et Outdoor<br>\u2705 informations &amp; accompagnement par l&rsquo;\u00e9quipe 10\u00b755<br>\u2705&#8230;<\/p>\n\n\n\n<hr class=\"wp-block-separator has-alpha-channel-opacity\"\/>\n\n\n\n<h2 class=\"wp-block-heading\" id=\"pub\">Faites-vous conna\u00eetre<\/h2>\n\n\n\n<p>Au 10\u00b755, vous pouvez communiquez facilement sur votre entreprises et vos offres. Nous proposons d\u2019afficher vos publicit\u00e9s et votre communication sur nos \u00e9crans LED g\u00e9ants suspendus au dessus de nos pistes de bowling ! <\/p>\n\n\n<div class=\"wp-block-image\">\n<figure class=\"aligncenter size-large is-resized\"><img decoding=\"async\" src=\"https:\/\/www.1055.fr\/belfort\/contenu\/uploads\/2025\/06\/BOWLING-3-1024x683.jpg\" alt=\"\" class=\"wp-image-10472\" style=\"width:438px;height:auto\"\/><\/figure>\n<\/div>\n\n\n<h3 class=\"wp-block-heading\">Affichez votre publicit\u00e9 \u00e0 partir de 10\u20ac HT \/ jour *<\/h3>\n\n\n\n<p><em>*Co\u00fbt de revient sur la formule annuelle<\/em><\/p>\n\n\n\n<div class=\"wp-block-buttons is-content-justification-left is-layout-flex wp-container-core-buttons-is-layout-fdcfc74e wp-block-buttons-is-layout-flex\">\n<div class=\"wp-block-button\"><a class=\"wp-block-button__link has-black-color has-luminous-vivid-amber-background-color has-text-color has-background has-text-align-left wp-element-button\" href=\"https:\/\/cloud.groupe.1055.fr\/professionnels-contactez-nous\">Contactez-nous<\/a><\/div>\n<\/div>\n\n\n\n<div style=\"height:58px\" aria-hidden=\"true\" class=\"wp-block-spacer\"><\/div>\n\n\n\n<div class=\"wp-block-buttons is-layout-flex wp-block-buttons-is-layout-flex\">\n<div class=\"wp-block-button is-style-outline is-style-outline--4\"><a class=\"wp-block-button__link has-white-color has-black-background-color has-text-color has-background wp-element-button\" href=\"http:\/\/labrasserie-1055.fr\" target=\"_blank\" rel=\"noreferrer noopener\">LA BRASSERIE<\/a><\/div>\n\n\n\n<div class=\"wp-block-button is-style-outline is-style-outline--5\"><a class=\"wp-block-button__link has-black-color has-luminous-vivid-amber-background-color has-text-color has-background wp-element-button\" href=\"https:\/\/boutique.1055.fr\/\" style=\"border-radius:100px\">LA BOUTIQUE<\/a><\/div>\n\n\n\n<div class=\"wp-block-button is-style-outline is-style-outline--6\"><a class=\"wp-block-button__link has-vivid-cyan-blue-color has-light-green-cyan-background-color has-text-color has-background wp-element-button\" href=\"https:\/\/www.1055.fr\/besancon\/foire-aux-questions\/\" style=\"border-radius:56px\">Foire Aux Questions<\/a><\/div>\n<\/div>\n","protected":false},"excerpt":{"rendered":"<p>Entreprises : le 10\u00b755 est l&rsquo;endroit id\u00e9al pour vos team building, vos r\u00e9unions, vos repas &#8230; <\/p>\n","protected":false},"author":10,"featured_media":5477,"parent":184,"menu_order":0,"comment_status":"closed","ping_status":"closed","template":"","meta":{"_acf_changed":false,"inline_featured_image":false,"footnotes":""},"class_list":["post-5473","page","type-page","status-publish","has-post-thumbnail","hentry"],"acf":[],"yoast_head":"<!-- This site is optimized with the Yoast SEO Premium plugin v24.7 (Yoast SEO v24.7) - https:\/\/yoast.com\/wordpress\/plugins\/seo\/ -->\n<title>\u00c9v\u00e9nements d&#039;entreprises &amp; Team bulding<\/title>\n<meta name=\"robots\" content=\"index, follow, max-snippet:-1, max-image-preview:large, max-video-preview:-1\" \/>\n<link rel=\"canonical\" href=\"https:\/\/www.1055.fr\/besancon\/groupes\/entreprises-et-cse\/\" \/>\n<meta property=\"og:locale\" content=\"fr_FR\" \/>\n<meta property=\"og:type\" content=\"article\" \/>\n<meta property=\"og:title\" content=\"\u00c9v\u00e9nements d&#039;entreprises &amp; Team bulding\" \/>\n<meta property=\"og:description\" content=\"Entreprises : le 10\u00b755 est l&#039;endroit id\u00e9al pour vos team building, vos r\u00e9unions, vos repas ...\" \/>\n<meta property=\"og:url\" content=\"https:\/\/www.1055.fr\/besancon\/groupes\/entreprises-et-cse\/\" \/>\n<meta property=\"article:modified_time\" content=\"2026-03-20T15:11:25+00:00\" \/>\n<meta property=\"og:image\" content=\"https:\/\/www.1055.fr\/besancon\/contenu\/uploads\/2024\/09\/banniere-entreprise.png\" \/>\n\t<meta property=\"og:image:width\" content=\"1800\" \/>\n\t<meta property=\"og:image:height\" content=\"360\" \/>\n\t<meta property=\"og:image:type\" content=\"image\/png\" \/>\n<meta name=\"twitter:card\" content=\"summary_large_image\" \/>\n<meta name=\"twitter:label1\" content=\"Dur\u00e9e de lecture estim\u00e9e\" \/>\n\t<meta name=\"twitter:data1\" content=\"5 minutes\" \/>\n<script type=\"application\/ld+json\" class=\"yoast-schema-graph\">{\"@context\":\"https:\/\/schema.org\",\"@graph\":[{\"@type\":\"WebPage\",\"@id\":\"https:\/\/www.1055.fr\/besancon\/groupes\/entreprises-et-cse\/\",\"url\":\"https:\/\/www.1055.fr\/besancon\/groupes\/entreprises-et-cse\/\",\"name\":\"\u00c9v\u00e9nements d'entreprises &amp; Team bulding\",\"isPartOf\":{\"@id\":\"https:\/\/www.1055.fr\/besancon\/#website\"},\"primaryImageOfPage\":{\"@id\":\"https:\/\/www.1055.fr\/besancon\/groupes\/entreprises-et-cse\/#primaryimage\"},\"image\":{\"@id\":\"https:\/\/www.1055.fr\/besancon\/groupes\/entreprises-et-cse\/#primaryimage\"},\"thumbnailUrl\":\"https:\/\/www.1055.fr\/besancon\/contenu\/uploads\/2024\/09\/banniere-entreprise.png\",\"datePublished\":\"2024-09-23T08:56:37+00:00\",\"dateModified\":\"2026-03-20T15:11:25+00:00\",\"breadcrumb\":{\"@id\":\"https:\/\/www.1055.fr\/besancon\/groupes\/entreprises-et-cse\/#breadcrumb\"},\"inLanguage\":\"fr-FR\",\"potentialAction\":[{\"@type\":\"ReadAction\",\"target\":[\"https:\/\/www.1055.fr\/besancon\/groupes\/entreprises-et-cse\/\"]}]},{\"@type\":\"ImageObject\",\"inLanguage\":\"fr-FR\",\"@id\":\"https:\/\/www.1055.fr\/besancon\/groupes\/entreprises-et-cse\/#primaryimage\",\"url\":\"https:\/\/www.1055.fr\/besancon\/contenu\/uploads\/2024\/09\/banniere-entreprise.png\",\"contentUrl\":\"https:\/\/www.1055.fr\/besancon\/contenu\/uploads\/2024\/09\/banniere-entreprise.png\",\"width\":1800,\"height\":360},{\"@type\":\"BreadcrumbList\",\"@id\":\"https:\/\/www.1055.fr\/besancon\/groupes\/entreprises-et-cse\/#breadcrumb\",\"itemListElement\":[{\"@type\":\"ListItem\",\"position\":1,\"name\":\"Home\",\"item\":\"https:\/\/www.1055.fr\/besancon\/\"},{\"@type\":\"ListItem\",\"position\":2,\"name\":\"Groupes\",\"item\":\"https:\/\/www.1055.fr\/besancon\/groupes\/\"},{\"@type\":\"ListItem\",\"position\":3,\"name\":\"\u00c9v\u00e9nements d&#8217;entreprises &amp; Team bulding\"}]},{\"@type\":\"WebSite\",\"@id\":\"https:\/\/www.1055.fr\/besancon\/#website\",\"url\":\"https:\/\/www.1055.fr\/besancon\/\",\"name\":\"\",\"description\":\"\",\"publisher\":{\"@id\":\"https:\/\/www.1055.fr\/besancon\/#organization\"},\"potentialAction\":[{\"@type\":\"SearchAction\",\"target\":{\"@type\":\"EntryPoint\",\"urlTemplate\":\"https:\/\/www.1055.fr\/besancon\/?s={search_term_string}\"},\"query-input\":{\"@type\":\"PropertyValueSpecification\",\"valueRequired\":true,\"valueName\":\"search_term_string\"}}],\"inLanguage\":\"fr-FR\"},{\"@type\":\"Organization\",\"@id\":\"https:\/\/www.1055.fr\/besancon\/#organization\",\"name\":\"1055 Besan\u00e7on\",\"url\":\"https:\/\/www.1055.fr\/besancon\/\",\"logo\":{\"@type\":\"ImageObject\",\"inLanguage\":\"fr-FR\",\"@id\":\"https:\/\/www.1055.fr\/besancon\/#\/schema\/logo\/image\/\",\"url\":\"https:\/\/www.1055.fr\/besancon\/contenu\/uploads\/2021\/04\/logo-page-2-1.png\",\"contentUrl\":\"https:\/\/www.1055.fr\/besancon\/contenu\/uploads\/2021\/04\/logo-page-2-1.png\",\"width\":120,\"height\":162,\"caption\":\"1055 Besan\u00e7on\"},\"image\":{\"@id\":\"https:\/\/www.1055.fr\/besancon\/#\/schema\/logo\/image\/\"}}]}<\/script>\n<!-- \/ Yoast SEO Premium plugin. -->","yoast_head_json":{"title":"\u00c9v\u00e9nements d'entreprises &amp; Team bulding","robots":{"index":"index","follow":"follow","max-snippet":"max-snippet:-1","max-image-preview":"max-image-preview:large","max-video-preview":"max-video-preview:-1"},"canonical":"https:\/\/www.1055.fr\/besancon\/groupes\/entreprises-et-cse\/","og_locale":"fr_FR","og_type":"article","og_title":"\u00c9v\u00e9nements d'entreprises &amp; Team bulding","og_description":"Entreprises : le 10\u00b755 est l'endroit id\u00e9al pour vos team building, vos r\u00e9unions, vos repas ...","og_url":"https:\/\/www.1055.fr\/besancon\/groupes\/entreprises-et-cse\/","article_modified_time":"2026-03-20T15:11:25+00:00","og_image":[{"width":1800,"height":360,"url":"https:\/\/www.1055.fr\/besancon\/contenu\/uploads\/2024\/09\/banniere-entreprise.png","type":"image\/png"}],"twitter_card":"summary_large_image","twitter_misc":{"Dur\u00e9e de lecture estim\u00e9e":"5 minutes"},"schema":{"@context":"https:\/\/schema.org","@graph":[{"@type":"WebPage","@id":"https:\/\/www.1055.fr\/besancon\/groupes\/entreprises-et-cse\/","url":"https:\/\/www.1055.fr\/besancon\/groupes\/entreprises-et-cse\/","name":"\u00c9v\u00e9nements d'entreprises &amp; Team bulding","isPartOf":{"@id":"https:\/\/www.1055.fr\/besancon\/#website"},"primaryImageOfPage":{"@id":"https:\/\/www.1055.fr\/besancon\/groupes\/entreprises-et-cse\/#primaryimage"},"image":{"@id":"https:\/\/www.1055.fr\/besancon\/groupes\/entreprises-et-cse\/#primaryimage"},"thumbnailUrl":"https:\/\/www.1055.fr\/besancon\/contenu\/uploads\/2024\/09\/banniere-entreprise.png","datePublished":"2024-09-23T08:56:37+00:00","dateModified":"2026-03-20T15:11:25+00:00","breadcrumb":{"@id":"https:\/\/www.1055.fr\/besancon\/groupes\/entreprises-et-cse\/#breadcrumb"},"inLanguage":"fr-FR","potentialAction":[{"@type":"ReadAction","target":["https:\/\/www.1055.fr\/besancon\/groupes\/entreprises-et-cse\/"]}]},{"@type":"ImageObject","inLanguage":"fr-FR","@id":"https:\/\/www.1055.fr\/besancon\/groupes\/entreprises-et-cse\/#primaryimage","url":"https:\/\/www.1055.fr\/besancon\/contenu\/uploads\/2024\/09\/banniere-entreprise.png","contentUrl":"https:\/\/www.1055.fr\/besancon\/contenu\/uploads\/2024\/09\/banniere-entreprise.png","width":1800,"height":360},{"@type":"BreadcrumbList","@id":"https:\/\/www.1055.fr\/besancon\/groupes\/entreprises-et-cse\/#breadcrumb","itemListElement":[{"@type":"ListItem","position":1,"name":"Home","item":"https:\/\/www.1055.fr\/besancon\/"},{"@type":"ListItem","position":2,"name":"Groupes","item":"https:\/\/www.1055.fr\/besancon\/groupes\/"},{"@type":"ListItem","position":3,"name":"\u00c9v\u00e9nements d&#8217;entreprises &amp; Team bulding"}]},{"@type":"WebSite","@id":"https:\/\/www.1055.fr\/besancon\/#website","url":"https:\/\/www.1055.fr\/besancon\/","name":"","description":"","publisher":{"@id":"https:\/\/www.1055.fr\/besancon\/#organization"},"potentialAction":[{"@type":"SearchAction","target":{"@type":"EntryPoint","urlTemplate":"https:\/\/www.1055.fr\/besancon\/?s={search_term_string}"},"query-input":{"@type":"PropertyValueSpecification","valueRequired":true,"valueName":"search_term_string"}}],"inLanguage":"fr-FR"},{"@type":"Organization","@id":"https:\/\/www.1055.fr\/besancon\/#organization","name":"1055 Besan\u00e7on","url":"https:\/\/www.1055.fr\/besancon\/","logo":{"@type":"ImageObject","inLanguage":"fr-FR","@id":"https:\/\/www.1055.fr\/besancon\/#\/schema\/logo\/image\/","url":"https:\/\/www.1055.fr\/besancon\/contenu\/uploads\/2021\/04\/logo-page-2-1.png","contentUrl":"https:\/\/www.1055.fr\/besancon\/contenu\/uploads\/2021\/04\/logo-page-2-1.png","width":120,"height":162,"caption":"1055 Besan\u00e7on"},"image":{"@id":"https:\/\/www.1055.fr\/besancon\/#\/schema\/logo\/image\/"}}]}},"_links":{"self":[{"href":"https:\/\/www.1055.fr\/besancon\/wp-json\/wp\/v2\/pages\/5473","targetHints":{"allow":["GET"]}}],"collection":[{"href":"https:\/\/www.1055.fr\/besancon\/wp-json\/wp\/v2\/pages"}],"about":[{"href":"https:\/\/www.1055.fr\/besancon\/wp-json\/wp\/v2\/types\/page"}],"author":[{"embeddable":true,"href":"https:\/\/www.1055.fr\/besancon\/wp-json\/wp\/v2\/users\/10"}],"replies":[{"embeddable":true,"href":"https:\/\/www.1055.fr\/besancon\/wp-json\/wp\/v2\/comments?post=5473"}],"version-history":[{"count":3,"href":"https:\/\/www.1055.fr\/besancon\/wp-json\/wp\/v2\/pages\/5473\/revisions"}],"predecessor-version":[{"id":7126,"href":"https:\/\/www.1055.fr\/besancon\/wp-json\/wp\/v2\/pages\/5473\/revisions\/7126"}],"up":[{"embeddable":true,"href":"https:\/\/www.1055.fr\/besancon\/wp-json\/wp\/v2\/pages\/184"}],"wp:featuredmedia":[{"embeddable":true,"href":"https:\/\/www.1055.fr\/besancon\/wp-json\/wp\/v2\/media\/5477"}],"wp:attachment":[{"href":"https:\/\/www.1055.fr\/besancon\/wp-json\/wp\/v2\/media?parent=5473"}],"curies":[{"name":"wp","href":"https:\/\/api.w.org\/{rel}","templated":true}]}}