{"id":5443,"date":"2024-09-16T09:04:37","date_gmt":"2024-09-16T07:04:37","guid":{"rendered":"https:\/\/www.1055.fr\/besancon\/?page_id=5443"},"modified":"2025-06-11T15:44:52","modified_gmt":"2025-06-11T13:44:52","slug":"contact","status":"publish","type":"page","link":"https:\/\/www.1055.fr\/besancon\/contact\/","title":{"rendered":"Nous contacter"},"content":{"rendered":"\n<p class=\"has-text-align-left has-black-color has-white-background-color has-text-color has-background has-link-color wp-elements-a36c152d38c2cd4e105e48c74b608d35\"><em>Veuillez trouver ci-dessous nos formulaires pour toute demande de contact : aide \u00e0 la r\u00e9servation, questions diverses, demande de sorties, commandes de billetterie CSE, privatisation, probl\u00e8mes techniques &#8230;<\/em><\/p>\n\n\n\n<div class=\"wp-block-group\"><div class=\"wp-block-group__inner-container is-layout-constrained wp-block-group-is-layout-constrained\">\n<div class=\"wp-block-group\"><div class=\"wp-block-group__inner-container is-layout-constrained wp-block-group-is-layout-constrained\">\n<h2 class=\"wp-block-heading\" id=\"h-particuliers\">Particuliers<\/h2>\n\n\n\n<p>Vous \u00eates un particulier (client ou futur client)<\/p>\n\n\n\n<div class=\"wp-block-buttons is-layout-flex wp-block-buttons-is-layout-flex\">\n<div class=\"wp-block-button is-style-outline is-style-outline--1\"><a class=\"wp-block-button__link has-white-color has-text-color has-background wp-element-button\" href=\"https:\/\/cloud.groupe.1055.fr\/particuliers-contactez-nous\" style=\"background-color:#052c46\" target=\"_blank\" rel=\"noreferrer noopener\"><strong>Contactez-nous ici<\/strong><\/a><\/div>\n<\/div>\n<\/div><\/div>\n\n\n\n<div style=\"height:35px\" aria-hidden=\"true\" class=\"wp-block-spacer\"><\/div>\n\n\n\n<div class=\"wp-block-group\"><div class=\"wp-block-group__inner-container is-layout-constrained wp-block-group-is-layout-constrained\">\n<h2 class=\"wp-block-heading\" id=\"h-associations\">Associations<\/h2>\n\n\n\n<p>Vous \u00eates une association<\/p>\n\n\n\n<div class=\"wp-block-buttons is-layout-flex wp-block-buttons-is-layout-flex\">\n<div class=\"wp-block-button is-style-outline is-style-outline--2\"><a class=\"wp-block-button__link has-white-color has-text-color has-background wp-element-button\" href=\"https:\/\/cloud.groupe.1055.fr\/particuliers-contactez-nous\" style=\"background-color:#052c46\" target=\"_blank\" rel=\"noreferrer noopener\"><strong>Contactez-nous ici<\/strong><\/a><\/div>\n<\/div>\n<\/div><\/div>\n<\/div><\/div>\n\n\n\n<div style=\"height:35px\" aria-hidden=\"true\" class=\"wp-block-spacer\"><\/div>\n\n\n\n<div class=\"wp-block-group\"><div class=\"wp-block-group__inner-container is-layout-constrained wp-block-group-is-layout-constrained\">\n<div class=\"wp-block-group\"><div class=\"wp-block-group__inner-container is-layout-constrained wp-block-group-is-layout-constrained\">\n<div class=\"wp-block-group\"><div class=\"wp-block-group__inner-container is-layout-constrained wp-block-group-is-layout-constrained\">\n<h2 class=\"wp-block-heading\" id=\"h-entreprises-amp-administrations\">Entreprises &amp; administrations<\/h2>\n\n\n\n<p>Vous \u00eates une entreprise ou une administration<\/p>\n\n\n\n<div class=\"wp-block-buttons is-layout-flex wp-block-buttons-is-layout-flex\">\n<div class=\"wp-block-button is-style-outline is-style-outline--3\"><a class=\"wp-block-button__link has-white-color has-text-color has-background wp-element-button\" href=\"https:\/\/cloud.groupe.1055.fr\/professionnels-contactez-nous\" style=\"background-color:#052c46\" target=\"_blank\" rel=\"noreferrer noopener\"><strong>Contactez-nous ici<\/strong><\/a><\/div>\n<\/div>\n<\/div><\/div>\n\n\n\n<div style=\"height:35px\" aria-hidden=\"true\" class=\"wp-block-spacer\"><\/div>\n<\/div><\/div>\n\n\n\n<div class=\"wp-block-group\"><div class=\"wp-block-group__inner-container is-layout-constrained wp-block-group-is-layout-constrained\">\n<div class=\"wp-block-group\"><div class=\"wp-block-group__inner-container is-layout-constrained wp-block-group-is-layout-constrained\">\n<h2 class=\"wp-block-heading\" id=\"h-centres-de-loisirs-etablissements-scolaires-periscolaires-ou-centres-specialises\">Centres de loisirs, \u00e9tablissements scolaires, p\u00e9riscolaires ou centres sp\u00e9cialis\u00e9s<\/h2>\n\n\n\n<p>Vous \u00eates un centre de loisirs, un \u00e9tablissement scolaire ou un centre sp\u00e9cialis\u00e9, accueillant des enfants, personnes \u00e2g\u00e9es ou en situation d&rsquo;handicap<\/p>\n\n\n\n<div class=\"wp-block-buttons is-layout-flex wp-block-buttons-is-layout-flex\">\n<div class=\"wp-block-button is-style-outline is-style-outline--4\"><a class=\"wp-block-button__link has-white-color has-text-color has-background wp-element-button\" href=\"https:\/\/cloud.groupe.1055.fr\/professionnels-contactez-nous\" style=\"background-color:#052c46\" target=\"_blank\" rel=\"noreferrer noopener\"><strong>Contactez-nous ici<\/strong><\/a><\/div>\n<\/div>\n<\/div><\/div>\n\n\n\n<div style=\"height:35px\" aria-hidden=\"true\" class=\"wp-block-spacer\"><\/div>\n<\/div><\/div>\n<\/div><\/div>\n\n\n\n<hr class=\"wp-block-separator has-alpha-channel-opacity\"\/>\n\n\n\n<p class=\"has-small-font-size\"><em>Nous vous informons qu\u2019au titre du respect de la r\u00e8glement europ\u00e9enne sur la protection des donn\u00e9es (RGPD), les informations communiqu\u00e9es par vos soins via ce formulaire permettent le traitement de votre demande. Elles sont transmises de mani\u00e8re s\u00e9curis\u00e9e \u00e0 l\u2019\u00e9diteur du site internet et stock\u00e9es dans un syst\u00e8me informatique s\u00e9curis\u00e9 install\u00e9 sur le territoire fran\u00e7ais.&nbsp;<strong>Elles ne seront pas c\u00e9d\u00e9es \u00e0 des tiers, que ce soit \u00e0 titre on\u00e9reux ou gratuit<\/strong>.<br>Vous disposez des droits d\u2019acc\u00e8s, de rectification et de suppression des informations vous concernant. Vous pouvez exercer ce droit en nous contactant directement via ce formulaire :&nbsp;<a href=\"https:\/\/cloud.groupe.1055.fr\/particuliers-contactez-nous\">Contactez-nous<\/a>. Vous pouvez \u00e9galement en savoir plus sur la&nbsp;<a href=\"https:\/\/www.1055.fr\/besancon\/mentions-legales\/\">protection des donn\u00e9es<\/a>&nbsp;gr\u00e2ce \u00e0 notre page d\u2019informations sur les&nbsp;<a href=\"https:\/\/www.1055.fr\/besancon\/mentions-legales\/\">mentions l\u00e9gales<\/a>&nbsp;et sur les&nbsp;<a href=\"https:\/\/www.1055.fr\/besancon\/utilisation-des-cookies\/\">cookies<\/a>.<\/em><\/p>\n","protected":false},"excerpt":{"rendered":"<p>Veuillez trouver ci-dessous nos formulaires pour toute demande de contact : aide \u00e0 la r\u00e9servation, questions diverses, demande de sorties, &hellip;<\/p>\n","protected":false},"author":10,"featured_media":0,"parent":0,"menu_order":0,"comment_status":"closed","ping_status":"closed","template":"","meta":{"_acf_changed":false,"inline_featured_image":false,"footnotes":""},"class_list":["post-5443","page","type-page","status-publish","hentry"],"acf":[],"yoast_head":"<!-- This site is optimized with the Yoast SEO Premium plugin v24.7 (Yoast SEO v24.7) - https:\/\/yoast.com\/wordpress\/plugins\/seo\/ -->\n<title>Nous contacter<\/title>\n<meta name=\"robots\" content=\"index, follow, max-snippet:-1, max-image-preview:large, max-video-preview:-1\" \/>\n<link rel=\"canonical\" href=\"https:\/\/www.1055.fr\/besancon\/contact\/\" \/>\n<meta property=\"og:locale\" content=\"fr_FR\" \/>\n<meta property=\"og:type\" content=\"article\" \/>\n<meta property=\"og:title\" content=\"Nous contacter\" \/>\n<meta property=\"og:description\" content=\"Veuillez trouver ci-dessous nos formulaires pour toute demande de contact : aide \u00e0 la r\u00e9servation, questions diverses, demande de sorties, &hellip;\" \/>\n<meta property=\"og:url\" content=\"https:\/\/www.1055.fr\/besancon\/contact\/\" \/>\n<meta property=\"article:modified_time\" content=\"2025-06-11T13:44:52+00:00\" \/>\n<meta name=\"twitter:card\" content=\"summary_large_image\" \/>\n<meta name=\"twitter:label1\" content=\"Dur\u00e9e de lecture estim\u00e9e\" \/>\n\t<meta name=\"twitter:data1\" content=\"2 minutes\" \/>\n<script type=\"application\/ld+json\" class=\"yoast-schema-graph\">{\"@context\":\"https:\/\/schema.org\",\"@graph\":[{\"@type\":\"WebPage\",\"@id\":\"https:\/\/www.1055.fr\/besancon\/contact\/\",\"url\":\"https:\/\/www.1055.fr\/besancon\/contact\/\",\"name\":\"Nous contacter\",\"isPartOf\":{\"@id\":\"https:\/\/www.1055.fr\/besancon\/#website\"},\"datePublished\":\"2024-09-16T07:04:37+00:00\",\"dateModified\":\"2025-06-11T13:44:52+00:00\",\"breadcrumb\":{\"@id\":\"https:\/\/www.1055.fr\/besancon\/contact\/#breadcrumb\"},\"inLanguage\":\"fr-FR\",\"potentialAction\":[{\"@type\":\"ReadAction\",\"target\":[\"https:\/\/www.1055.fr\/besancon\/contact\/\"]}]},{\"@type\":\"BreadcrumbList\",\"@id\":\"https:\/\/www.1055.fr\/besancon\/contact\/#breadcrumb\",\"itemListElement\":[{\"@type\":\"ListItem\",\"position\":1,\"name\":\"Home\",\"item\":\"https:\/\/www.1055.fr\/besancon\/\"},{\"@type\":\"ListItem\",\"position\":2,\"name\":\"Nous contacter\"}]},{\"@type\":\"WebSite\",\"@id\":\"https:\/\/www.1055.fr\/besancon\/#website\",\"url\":\"https:\/\/www.1055.fr\/besancon\/\",\"name\":\"\",\"description\":\"\",\"publisher\":{\"@id\":\"https:\/\/www.1055.fr\/besancon\/#organization\"},\"potentialAction\":[{\"@type\":\"SearchAction\",\"target\":{\"@type\":\"EntryPoint\",\"urlTemplate\":\"https:\/\/www.1055.fr\/besancon\/?s={search_term_string}\"},\"query-input\":{\"@type\":\"PropertyValueSpecification\",\"valueRequired\":true,\"valueName\":\"search_term_string\"}}],\"inLanguage\":\"fr-FR\"},{\"@type\":\"Organization\",\"@id\":\"https:\/\/www.1055.fr\/besancon\/#organization\",\"name\":\"1055 Besan\u00e7on\",\"url\":\"https:\/\/www.1055.fr\/besancon\/\",\"logo\":{\"@type\":\"ImageObject\",\"inLanguage\":\"fr-FR\",\"@id\":\"https:\/\/www.1055.fr\/besancon\/#\/schema\/logo\/image\/\",\"url\":\"https:\/\/www.1055.fr\/besancon\/contenu\/uploads\/2021\/04\/logo-page-2-1.png\",\"contentUrl\":\"https:\/\/www.1055.fr\/besancon\/contenu\/uploads\/2021\/04\/logo-page-2-1.png\",\"width\":120,\"height\":162,\"caption\":\"1055 Besan\u00e7on\"},\"image\":{\"@id\":\"https:\/\/www.1055.fr\/besancon\/#\/schema\/logo\/image\/\"}}]}<\/script>\n<!-- \/ Yoast SEO Premium plugin. -->","yoast_head_json":{"title":"Nous contacter","robots":{"index":"index","follow":"follow","max-snippet":"max-snippet:-1","max-image-preview":"max-image-preview:large","max-video-preview":"max-video-preview:-1"},"canonical":"https:\/\/www.1055.fr\/besancon\/contact\/","og_locale":"fr_FR","og_type":"article","og_title":"Nous contacter","og_description":"Veuillez trouver ci-dessous nos formulaires pour toute demande de contact : aide \u00e0 la r\u00e9servation, questions diverses, demande de sorties, &hellip;","og_url":"https:\/\/www.1055.fr\/besancon\/contact\/","article_modified_time":"2025-06-11T13:44:52+00:00","twitter_card":"summary_large_image","twitter_misc":{"Dur\u00e9e de lecture estim\u00e9e":"2 minutes"},"schema":{"@context":"https:\/\/schema.org","@graph":[{"@type":"WebPage","@id":"https:\/\/www.1055.fr\/besancon\/contact\/","url":"https:\/\/www.1055.fr\/besancon\/contact\/","name":"Nous contacter","isPartOf":{"@id":"https:\/\/www.1055.fr\/besancon\/#website"},"datePublished":"2024-09-16T07:04:37+00:00","dateModified":"2025-06-11T13:44:52+00:00","breadcrumb":{"@id":"https:\/\/www.1055.fr\/besancon\/contact\/#breadcrumb"},"inLanguage":"fr-FR","potentialAction":[{"@type":"ReadAction","target":["https:\/\/www.1055.fr\/besancon\/contact\/"]}]},{"@type":"BreadcrumbList","@id":"https:\/\/www.1055.fr\/besancon\/contact\/#breadcrumb","itemListElement":[{"@type":"ListItem","position":1,"name":"Home","item":"https:\/\/www.1055.fr\/besancon\/"},{"@type":"ListItem","position":2,"name":"Nous contacter"}]},{"@type":"WebSite","@id":"https:\/\/www.1055.fr\/besancon\/#website","url":"https:\/\/www.1055.fr\/besancon\/","name":"","description":"","publisher":{"@id":"https:\/\/www.1055.fr\/besancon\/#organization"},"potentialAction":[{"@type":"SearchAction","target":{"@type":"EntryPoint","urlTemplate":"https:\/\/www.1055.fr\/besancon\/?s={search_term_string}"},"query-input":{"@type":"PropertyValueSpecification","valueRequired":true,"valueName":"search_term_string"}}],"inLanguage":"fr-FR"},{"@type":"Organization","@id":"https:\/\/www.1055.fr\/besancon\/#organization","name":"1055 Besan\u00e7on","url":"https:\/\/www.1055.fr\/besancon\/","logo":{"@type":"ImageObject","inLanguage":"fr-FR","@id":"https:\/\/www.1055.fr\/besancon\/#\/schema\/logo\/image\/","url":"https:\/\/www.1055.fr\/besancon\/contenu\/uploads\/2021\/04\/logo-page-2-1.png","contentUrl":"https:\/\/www.1055.fr\/besancon\/contenu\/uploads\/2021\/04\/logo-page-2-1.png","width":120,"height":162,"caption":"1055 Besan\u00e7on"},"image":{"@id":"https:\/\/www.1055.fr\/besancon\/#\/schema\/logo\/image\/"}}]}},"_links":{"self":[{"href":"https:\/\/www.1055.fr\/besancon\/wp-json\/wp\/v2\/pages\/5443","targetHints":{"allow":["GET"]}}],"collection":[{"href":"https:\/\/www.1055.fr\/besancon\/wp-json\/wp\/v2\/pages"}],"about":[{"href":"https:\/\/www.1055.fr\/besancon\/wp-json\/wp\/v2\/types\/page"}],"author":[{"embeddable":true,"href":"https:\/\/www.1055.fr\/besancon\/wp-json\/wp\/v2\/users\/10"}],"replies":[{"embeddable":true,"href":"https:\/\/www.1055.fr\/besancon\/wp-json\/wp\/v2\/comments?post=5443"}],"version-history":[{"count":2,"href":"https:\/\/www.1055.fr\/besancon\/wp-json\/wp\/v2\/pages\/5443\/revisions"}],"predecessor-version":[{"id":6571,"href":"https:\/\/www.1055.fr\/besancon\/wp-json\/wp\/v2\/pages\/5443\/revisions\/6571"}],"wp:attachment":[{"href":"https:\/\/www.1055.fr\/besancon\/wp-json\/wp\/v2\/media?parent=5443"}],"curies":[{"name":"wp","href":"https:\/\/api.w.org\/{rel}","templated":true}]}}