{"id":530,"date":"2021-10-13T11:21:59","date_gmt":"2021-10-13T09:21:59","guid":{"rendered":"https:\/\/www.1055.fr\/besancon\/?page_id=530"},"modified":"2025-04-28T10:48:57","modified_gmt":"2025-04-28T08:48:57","slug":"kart-a-pedales","status":"publish","type":"page","link":"https:\/\/www.1055.fr\/besancon\/activites-outdoor\/kart-a-pedales\/","title":{"rendered":"Kart \u00e0 p\u00e9dales"},"content":{"rendered":"<h1><span style=\"color: #ff6600;\">Kart \u00e0 p\u00e9dales : une activit\u00e9 fun et ludique pour tous les \u00e2ges.<br \/>\n<\/span><\/h1>\n<p>D\u00e9couvrez sous la structure g\u00e9ante de <a href=\"https:\/\/www.1055.fr\/besancon\/activites-outdoor\/accro-spider\/\">notre Accro-Spide<\/a>r un circuit de kart \u00e0 p\u00e9dales pour le bonheur des petits &#8230; <strong>Et des grands !<\/strong><\/p>\n<h2>Kart \u00e0 p\u00e9dales : tout le monde s&rsquo;amuse !<\/h2>\n<p>Qui n&rsquo;a jamais vu le tonton, la cousine ou le papa trainer des pieds pour accompagner le petit \u00e0 son activit\u00e9 favorite &#8230; Pour finalement s&rsquo;\u00e9clater autant (voire plus!) que lui ! Le kart \u00e0 p\u00e9dales, c&rsquo;est \u00e7a : <strong>c&rsquo;est fun, c&rsquo;est ludique, et on finit mort de rire avec les autres joueurs !<\/strong> Retrouvez votre \u00e2me d&rsquo;enfant avec ce super circuit et <strong>faites plaisir aux plus jeunes<\/strong> qui vont a-do-rer cette activit\u00e9 !<\/p>\n<p><img decoding=\"async\" class=\"alignnone size-medium wp-image-1212\" src=\"https:\/\/www.1055.fr\/besancon\/contenu\/uploads\/2022\/07\/carre\u0301-kart-a\u0300-pe\u0301dales-300x300.jpg\" alt=\"\" width=\"300\" height=\"300\" srcset=\"https:\/\/www.1055.fr\/besancon\/contenu\/uploads\/2022\/07\/carre\u0301-kart-a\u0300-pe\u0301dales-300x300.jpg 300w, https:\/\/www.1055.fr\/besancon\/contenu\/uploads\/2022\/07\/carre\u0301-kart-a\u0300-pe\u0301dales-150x150.jpg 150w, https:\/\/www.1055.fr\/besancon\/contenu\/uploads\/2022\/07\/carre\u0301-kart-a\u0300-pe\u0301dales-246x246.jpg 246w, https:\/\/www.1055.fr\/besancon\/contenu\/uploads\/2022\/07\/carre\u0301-kart-a\u0300-pe\u0301dales-100x100.jpg 100w, https:\/\/www.1055.fr\/besancon\/contenu\/uploads\/2022\/07\/carre\u0301-kart-a\u0300-pe\u0301dales-24x24.jpg 24w, https:\/\/www.1055.fr\/besancon\/contenu\/uploads\/2022\/07\/carre\u0301-kart-a\u0300-pe\u0301dales-36x36.jpg 36w, https:\/\/www.1055.fr\/besancon\/contenu\/uploads\/2022\/07\/carre\u0301-kart-a\u0300-pe\u0301dales-48x48.jpg 48w, https:\/\/www.1055.fr\/besancon\/contenu\/uploads\/2022\/07\/carre\u0301-kart-a\u0300-pe\u0301dales.jpg 360w\" sizes=\"(max-width: 300px) 100vw, 300px\" \/><\/p>\n<h2>Kart \u00e0 p\u00e9dales : La Rolls-Royce des jeux \u00e0 p\u00e9dales !<\/h2>\n<p>Nos kart \u00e0 p\u00e9dales sont \u00e9quip\u00e9s de jantes m\u00e9talliques, de roues et pneus tout terrain, d&rsquo;un volant sport et d&rsquo;un si\u00e8ge r\u00e9glable 6 positions&#8230; S&rsquo;amuser ok, mais avec classe !<br \/>\nP\u00e9daler, \u00e7a creuse ! Pas de soucis,<a href=\"https:\/\/www.1055.fr\/besancon\/activites-outdoor\/kiosque-outdoor\/\"> La cabane du 10 55<\/a> vous propose des go\u00fbters, glaces et sodas frais pour une pause bien m\u00e9rit\u00e9e. Une fois les forces reprises, n&rsquo;h\u00e9sitez \u00e0 tester<a href=\"https:\/\/www.1055.fr\/besancon\/activites-outdoor\/\"> le reste de nos activit\u00e9s outdoor !<\/a><\/p>\n<p><img decoding=\"async\" class=\"alignnone wp-image-313\" src=\"https:\/\/www.1055.fr\/besancon\/contenu\/uploads\/2021\/05\/PICTO-ESPACE-LOISIRS1055-283x300.jpg\" alt=\"\" width=\"178\" height=\"189\" srcset=\"https:\/\/www.1055.fr\/besancon\/contenu\/uploads\/2021\/05\/PICTO-ESPACE-LOISIRS1055-283x300.jpg 283w, https:\/\/www.1055.fr\/besancon\/contenu\/uploads\/2021\/05\/PICTO-ESPACE-LOISIRS1055-965x1024.jpg 965w, https:\/\/www.1055.fr\/besancon\/contenu\/uploads\/2021\/05\/PICTO-ESPACE-LOISIRS1055-768x815.jpg 768w, https:\/\/www.1055.fr\/besancon\/contenu\/uploads\/2021\/05\/PICTO-ESPACE-LOISIRS1055-24x24.jpg 24w, https:\/\/www.1055.fr\/besancon\/contenu\/uploads\/2021\/05\/PICTO-ESPACE-LOISIRS1055-34x36.jpg 34w, https:\/\/www.1055.fr\/besancon\/contenu\/uploads\/2021\/05\/PICTO-ESPACE-LOISIRS1055-45x48.jpg 45w, https:\/\/www.1055.fr\/besancon\/contenu\/uploads\/2021\/05\/PICTO-ESPACE-LOISIRS1055.jpg 1299w\" sizes=\"(max-width: 178px) 100vw, 178px\" \/><img decoding=\"async\" class=\"alignnone size-medium wp-image-950\" src=\"https:\/\/www.1055.fr\/besancon\/contenu\/uploads\/2022\/06\/PNG_LOGO_BASELINE-300x101.png\" alt=\"\" width=\"300\" height=\"101\" srcset=\"https:\/\/www.1055.fr\/besancon\/contenu\/uploads\/2022\/06\/PNG_LOGO_BASELINE-300x101.png 300w, https:\/\/www.1055.fr\/besancon\/contenu\/uploads\/2022\/06\/PNG_LOGO_BASELINE-1024x345.png 1024w, https:\/\/www.1055.fr\/besancon\/contenu\/uploads\/2022\/06\/PNG_LOGO_BASELINE-768x259.png 768w, https:\/\/www.1055.fr\/besancon\/contenu\/uploads\/2022\/06\/PNG_LOGO_BASELINE-1536x518.png 1536w, https:\/\/www.1055.fr\/besancon\/contenu\/uploads\/2022\/06\/PNG_LOGO_BASELINE-2048x690.png 2048w, https:\/\/www.1055.fr\/besancon\/contenu\/uploads\/2022\/06\/PNG_LOGO_BASELINE-24x8.png 24w, https:\/\/www.1055.fr\/besancon\/contenu\/uploads\/2022\/06\/PNG_LOGO_BASELINE-36x12.png 36w, https:\/\/www.1055.fr\/besancon\/contenu\/uploads\/2022\/06\/PNG_LOGO_BASELINE-48x16.png 48w\" sizes=\"(max-width: 300px) 100vw, 300px\" \/><\/p>\n","protected":false},"excerpt":{"rendered":"<p>Une activit\u00e9 trop dr\u00f4le pour d\u00e9fier tes portes et te faire les quadri ! <\/p>\n","protected":false},"author":10,"featured_media":1226,"parent":507,"menu_order":0,"comment_status":"closed","ping_status":"closed","template":"page-activite.php","meta":{"_acf_changed":false,"inline_featured_image":false,"footnotes":""},"class_list":["post-530","page","type-page","status-publish","has-post-thumbnail","hentry"],"acf":[],"yoast_head":"<!-- This site is optimized with the Yoast SEO Premium plugin v24.7 (Yoast SEO v24.7) - https:\/\/yoast.com\/wordpress\/plugins\/seo\/ -->\n<title>Kart \u00e0 p\u00e9dales<\/title>\n<meta name=\"robots\" content=\"index, follow, max-snippet:-1, max-image-preview:large, max-video-preview:-1\" \/>\n<link rel=\"canonical\" href=\"https:\/\/www.1055.fr\/besancon\/activites-outdoor\/kart-a-pedales\/\" \/>\n<meta property=\"og:locale\" content=\"fr_FR\" \/>\n<meta property=\"og:type\" content=\"article\" \/>\n<meta property=\"og:title\" content=\"Kart \u00e0 p\u00e9dales\" \/>\n<meta property=\"og:description\" content=\"Une activit\u00e9 trop dr\u00f4le pour d\u00e9fier tes portes et te faire les quadri !\" \/>\n<meta property=\"og:url\" content=\"https:\/\/www.1055.fr\/besancon\/activites-outdoor\/kart-a-pedales\/\" \/>\n<meta property=\"article:modified_time\" content=\"2025-04-28T08:48:57+00:00\" \/>\n<meta property=\"og:image\" content=\"https:\/\/www.1055.fr\/besancon\/contenu\/uploads\/2022\/07\/2560X512_Kart-a\u0300-pe\u0301dales-2.jpg\" \/>\n\t<meta property=\"og:image:width\" content=\"2560\" \/>\n\t<meta property=\"og:image:height\" content=\"512\" \/>\n\t<meta property=\"og:image:type\" content=\"image\/jpeg\" \/>\n<meta name=\"twitter:card\" content=\"summary_large_image\" \/>\n<meta name=\"twitter:label1\" content=\"Dur\u00e9e de lecture estim\u00e9e\" \/>\n\t<meta name=\"twitter:data1\" content=\"2 minutes\" \/>\n<script type=\"application\/ld+json\" class=\"yoast-schema-graph\">{\"@context\":\"https:\/\/schema.org\",\"@graph\":[{\"@type\":\"WebPage\",\"@id\":\"https:\/\/www.1055.fr\/besancon\/activites-outdoor\/kart-a-pedales\/\",\"url\":\"https:\/\/www.1055.fr\/besancon\/activites-outdoor\/kart-a-pedales\/\",\"name\":\"Kart \u00e0 p\u00e9dales\",\"isPartOf\":{\"@id\":\"https:\/\/www.1055.fr\/besancon\/#website\"},\"primaryImageOfPage\":{\"@id\":\"https:\/\/www.1055.fr\/besancon\/activites-outdoor\/kart-a-pedales\/#primaryimage\"},\"image\":{\"@id\":\"https:\/\/www.1055.fr\/besancon\/activites-outdoor\/kart-a-pedales\/#primaryimage\"},\"thumbnailUrl\":\"https:\/\/www.1055.fr\/besancon\/contenu\/uploads\/2022\/07\/2560X512_Kart-a\u0300-pe\u0301dales-2.jpg\",\"datePublished\":\"2021-10-13T09:21:59+00:00\",\"dateModified\":\"2025-04-28T08:48:57+00:00\",\"breadcrumb\":{\"@id\":\"https:\/\/www.1055.fr\/besancon\/activites-outdoor\/kart-a-pedales\/#breadcrumb\"},\"inLanguage\":\"fr-FR\",\"potentialAction\":[{\"@type\":\"ReadAction\",\"target\":[\"https:\/\/www.1055.fr\/besancon\/activites-outdoor\/kart-a-pedales\/\"]}]},{\"@type\":\"ImageObject\",\"inLanguage\":\"fr-FR\",\"@id\":\"https:\/\/www.1055.fr\/besancon\/activites-outdoor\/kart-a-pedales\/#primaryimage\",\"url\":\"https:\/\/www.1055.fr\/besancon\/contenu\/uploads\/2022\/07\/2560X512_Kart-a\u0300-pe\u0301dales-2.jpg\",\"contentUrl\":\"https:\/\/www.1055.fr\/besancon\/contenu\/uploads\/2022\/07\/2560X512_Kart-a\u0300-pe\u0301dales-2.jpg\",\"width\":2560,\"height\":512},{\"@type\":\"BreadcrumbList\",\"@id\":\"https:\/\/www.1055.fr\/besancon\/activites-outdoor\/kart-a-pedales\/#breadcrumb\",\"itemListElement\":[{\"@type\":\"ListItem\",\"position\":1,\"name\":\"Home\",\"item\":\"https:\/\/www.1055.fr\/besancon\/\"},{\"@type\":\"ListItem\",\"position\":2,\"name\":\"Parc Outdoor\",\"item\":\"https:\/\/www.1055.fr\/besancon\/activites-outdoor\/\"},{\"@type\":\"ListItem\",\"position\":3,\"name\":\"Kart \u00e0 p\u00e9dales\"}]},{\"@type\":\"WebSite\",\"@id\":\"https:\/\/www.1055.fr\/besancon\/#website\",\"url\":\"https:\/\/www.1055.fr\/besancon\/\",\"name\":\"\",\"description\":\"\",\"publisher\":{\"@id\":\"https:\/\/www.1055.fr\/besancon\/#organization\"},\"potentialAction\":[{\"@type\":\"SearchAction\",\"target\":{\"@type\":\"EntryPoint\",\"urlTemplate\":\"https:\/\/www.1055.fr\/besancon\/?s={search_term_string}\"},\"query-input\":{\"@type\":\"PropertyValueSpecification\",\"valueRequired\":true,\"valueName\":\"search_term_string\"}}],\"inLanguage\":\"fr-FR\"},{\"@type\":\"Organization\",\"@id\":\"https:\/\/www.1055.fr\/besancon\/#organization\",\"name\":\"1055 Besan\u00e7on\",\"url\":\"https:\/\/www.1055.fr\/besancon\/\",\"logo\":{\"@type\":\"ImageObject\",\"inLanguage\":\"fr-FR\",\"@id\":\"https:\/\/www.1055.fr\/besancon\/#\/schema\/logo\/image\/\",\"url\":\"https:\/\/www.1055.fr\/besancon\/contenu\/uploads\/2021\/04\/logo-page-2-1.png\",\"contentUrl\":\"https:\/\/www.1055.fr\/besancon\/contenu\/uploads\/2021\/04\/logo-page-2-1.png\",\"width\":120,\"height\":162,\"caption\":\"1055 Besan\u00e7on\"},\"image\":{\"@id\":\"https:\/\/www.1055.fr\/besancon\/#\/schema\/logo\/image\/\"}}]}<\/script>\n<!-- \/ Yoast SEO Premium plugin. -->","yoast_head_json":{"title":"Kart \u00e0 p\u00e9dales","robots":{"index":"index","follow":"follow","max-snippet":"max-snippet:-1","max-image-preview":"max-image-preview:large","max-video-preview":"max-video-preview:-1"},"canonical":"https:\/\/www.1055.fr\/besancon\/activites-outdoor\/kart-a-pedales\/","og_locale":"fr_FR","og_type":"article","og_title":"Kart \u00e0 p\u00e9dales","og_description":"Une activit\u00e9 trop dr\u00f4le pour d\u00e9fier tes portes et te faire les quadri !","og_url":"https:\/\/www.1055.fr\/besancon\/activites-outdoor\/kart-a-pedales\/","article_modified_time":"2025-04-28T08:48:57+00:00","og_image":[{"width":2560,"height":512,"url":"https:\/\/www.1055.fr\/besancon\/contenu\/uploads\/2022\/07\/2560X512_Kart-a\u0300-pe\u0301dales-2.jpg","type":"image\/jpeg"}],"twitter_card":"summary_large_image","twitter_misc":{"Dur\u00e9e de lecture estim\u00e9e":"2 minutes"},"schema":{"@context":"https:\/\/schema.org","@graph":[{"@type":"WebPage","@id":"https:\/\/www.1055.fr\/besancon\/activites-outdoor\/kart-a-pedales\/","url":"https:\/\/www.1055.fr\/besancon\/activites-outdoor\/kart-a-pedales\/","name":"Kart \u00e0 p\u00e9dales","isPartOf":{"@id":"https:\/\/www.1055.fr\/besancon\/#website"},"primaryImageOfPage":{"@id":"https:\/\/www.1055.fr\/besancon\/activites-outdoor\/kart-a-pedales\/#primaryimage"},"image":{"@id":"https:\/\/www.1055.fr\/besancon\/activites-outdoor\/kart-a-pedales\/#primaryimage"},"thumbnailUrl":"https:\/\/www.1055.fr\/besancon\/contenu\/uploads\/2022\/07\/2560X512_Kart-a\u0300-pe\u0301dales-2.jpg","datePublished":"2021-10-13T09:21:59+00:00","dateModified":"2025-04-28T08:48:57+00:00","breadcrumb":{"@id":"https:\/\/www.1055.fr\/besancon\/activites-outdoor\/kart-a-pedales\/#breadcrumb"},"inLanguage":"fr-FR","potentialAction":[{"@type":"ReadAction","target":["https:\/\/www.1055.fr\/besancon\/activites-outdoor\/kart-a-pedales\/"]}]},{"@type":"ImageObject","inLanguage":"fr-FR","@id":"https:\/\/www.1055.fr\/besancon\/activites-outdoor\/kart-a-pedales\/#primaryimage","url":"https:\/\/www.1055.fr\/besancon\/contenu\/uploads\/2022\/07\/2560X512_Kart-a\u0300-pe\u0301dales-2.jpg","contentUrl":"https:\/\/www.1055.fr\/besancon\/contenu\/uploads\/2022\/07\/2560X512_Kart-a\u0300-pe\u0301dales-2.jpg","width":2560,"height":512},{"@type":"BreadcrumbList","@id":"https:\/\/www.1055.fr\/besancon\/activites-outdoor\/kart-a-pedales\/#breadcrumb","itemListElement":[{"@type":"ListItem","position":1,"name":"Home","item":"https:\/\/www.1055.fr\/besancon\/"},{"@type":"ListItem","position":2,"name":"Parc Outdoor","item":"https:\/\/www.1055.fr\/besancon\/activites-outdoor\/"},{"@type":"ListItem","position":3,"name":"Kart \u00e0 p\u00e9dales"}]},{"@type":"WebSite","@id":"https:\/\/www.1055.fr\/besancon\/#website","url":"https:\/\/www.1055.fr\/besancon\/","name":"","description":"","publisher":{"@id":"https:\/\/www.1055.fr\/besancon\/#organization"},"potentialAction":[{"@type":"SearchAction","target":{"@type":"EntryPoint","urlTemplate":"https:\/\/www.1055.fr\/besancon\/?s={search_term_string}"},"query-input":{"@type":"PropertyValueSpecification","valueRequired":true,"valueName":"search_term_string"}}],"inLanguage":"fr-FR"},{"@type":"Organization","@id":"https:\/\/www.1055.fr\/besancon\/#organization","name":"1055 Besan\u00e7on","url":"https:\/\/www.1055.fr\/besancon\/","logo":{"@type":"ImageObject","inLanguage":"fr-FR","@id":"https:\/\/www.1055.fr\/besancon\/#\/schema\/logo\/image\/","url":"https:\/\/www.1055.fr\/besancon\/contenu\/uploads\/2021\/04\/logo-page-2-1.png","contentUrl":"https:\/\/www.1055.fr\/besancon\/contenu\/uploads\/2021\/04\/logo-page-2-1.png","width":120,"height":162,"caption":"1055 Besan\u00e7on"},"image":{"@id":"https:\/\/www.1055.fr\/besancon\/#\/schema\/logo\/image\/"}}]}},"_links":{"self":[{"href":"https:\/\/www.1055.fr\/besancon\/wp-json\/wp\/v2\/pages\/530","targetHints":{"allow":["GET"]}}],"collection":[{"href":"https:\/\/www.1055.fr\/besancon\/wp-json\/wp\/v2\/pages"}],"about":[{"href":"https:\/\/www.1055.fr\/besancon\/wp-json\/wp\/v2\/types\/page"}],"author":[{"embeddable":true,"href":"https:\/\/www.1055.fr\/besancon\/wp-json\/wp\/v2\/users\/10"}],"replies":[{"embeddable":true,"href":"https:\/\/www.1055.fr\/besancon\/wp-json\/wp\/v2\/comments?post=530"}],"version-history":[{"count":2,"href":"https:\/\/www.1055.fr\/besancon\/wp-json\/wp\/v2\/pages\/530\/revisions"}],"predecessor-version":[{"id":6423,"href":"https:\/\/www.1055.fr\/besancon\/wp-json\/wp\/v2\/pages\/530\/revisions\/6423"}],"up":[{"embeddable":true,"href":"https:\/\/www.1055.fr\/besancon\/wp-json\/wp\/v2\/pages\/507"}],"wp:featuredmedia":[{"embeddable":true,"href":"https:\/\/www.1055.fr\/besancon\/wp-json\/wp\/v2\/media\/1226"}],"wp:attachment":[{"href":"https:\/\/www.1055.fr\/besancon\/wp-json\/wp\/v2\/media?parent=530"}],"curies":[{"name":"wp","href":"https:\/\/api.w.org\/{rel}","templated":true}]}}