{"id":526,"date":"2021-10-13T11:18:18","date_gmt":"2021-10-13T09:18:18","guid":{"rendered":"https:\/\/www.1055.fr\/besancon\/?page_id=526"},"modified":"2025-04-28T10:49:31","modified_gmt":"2025-04-28T08:49:31","slug":"accrobranche","status":"publish","type":"page","link":"https:\/\/www.1055.fr\/besancon\/activites-outdoor\/accrobranche\/","title":{"rendered":"Accrobranche"},"content":{"rendered":"<h4><\/h4>\n<h1><span style=\"color: #ff6600;\">Accrobranche \u00e0 Besan\u00e7on \/ Chalezeule : \u00e9vadez-vous en plein de c\u0153ur de la ville.<br \/>\n<\/span><\/h1>\n<p><a href=\"https:\/\/www.1055.fr\/besancon\/10-55-besancon-ouverture-ete-2022\/\">Parmi nos nombreuses activit\u00e9s<\/a>, d\u00e9couvrez au 10 55 <span style=\"color: #008000;\"><strong>l&rsquo;Accrobranche <\/strong><\/span>pour le plus grand plaisir <span style=\"color: #008000;\"><strong>des aventuriers et aventuri\u00e8res.<\/strong> <\/span><\/p>\n<p><img decoding=\"async\" class=\"alignnone wp-image-1105\" src=\"https:\/\/www.1055.fr\/besancon\/contenu\/uploads\/2022\/06\/EXTERIEUR-CHALEZEULE-12-300x200.jpg\" alt=\"\" width=\"492\" height=\"328\" srcset=\"https:\/\/www.1055.fr\/besancon\/contenu\/uploads\/2022\/06\/EXTERIEUR-CHALEZEULE-12-300x200.jpg 300w, https:\/\/www.1055.fr\/besancon\/contenu\/uploads\/2022\/06\/EXTERIEUR-CHALEZEULE-12-1024x683.jpg 1024w, https:\/\/www.1055.fr\/besancon\/contenu\/uploads\/2022\/06\/EXTERIEUR-CHALEZEULE-12-768x512.jpg 768w, https:\/\/www.1055.fr\/besancon\/contenu\/uploads\/2022\/06\/EXTERIEUR-CHALEZEULE-12-1536x1024.jpg 1536w, https:\/\/www.1055.fr\/besancon\/contenu\/uploads\/2022\/06\/EXTERIEUR-CHALEZEULE-12-24x16.jpg 24w, https:\/\/www.1055.fr\/besancon\/contenu\/uploads\/2022\/06\/EXTERIEUR-CHALEZEULE-12-36x24.jpg 36w, https:\/\/www.1055.fr\/besancon\/contenu\/uploads\/2022\/06\/EXTERIEUR-CHALEZEULE-12-48x32.jpg 48w, https:\/\/www.1055.fr\/besancon\/contenu\/uploads\/2022\/06\/EXTERIEUR-CHALEZEULE-12.jpg 2048w\" sizes=\"(max-width: 492px) 100vw, 492px\" \/><\/p>\n<h2>A quelques pas de notre complexe Indoor, retrouvez le Parc Outdoor<\/h2>\n<p>L&rsquo;Accrobranche du 10 55 a la particularit\u00e9 de se trouver dans une for\u00eat<strong><span style=\"color: #008000;\"> \u00e0 quelques pas du Parc Indoor.<\/span><\/strong> Il suffit de sortir du complexe int\u00e9rieur et de marcher quelques m\u00e8tre pour acc\u00e9der au Parc ext\u00e9rieur et tester notre accrobranche.<\/p>\n<h2>Accrobranche : un parcours avec plusieurs niveaux de difficult\u00e9s.<\/h2>\n<p>C&rsquo;est parti pour un parcours haut en sensations : d\u00e9couvrez <span style=\"color: #008000;\"><strong>plus de 25 ateliers,<\/strong> <\/span>difficult\u00e9s rouge ou bleue, avec plusieurs plateformes de d\u00e9part ind\u00e9pendantes. <span style=\"color: #008000;\"><strong>Slackline, pont, passages de cerceaux, tyrolienne de l\u2019extr\u00eame ou encore filet mouvant<\/strong> <\/span>&#8230; Aurez-vous le courage de passer tous les ateliers?<\/p>\n<p><img decoding=\"async\" class=\"alignnone wp-image-1197\" src=\"https:\/\/www.1055.fr\/besancon\/contenu\/uploads\/2022\/07\/ACCROBRANCHE-03-300x200.jpg\" alt=\"\" width=\"455\" height=\"303\" srcset=\"https:\/\/www.1055.fr\/besancon\/contenu\/uploads\/2022\/07\/ACCROBRANCHE-03-300x200.jpg 300w, https:\/\/www.1055.fr\/besancon\/contenu\/uploads\/2022\/07\/ACCROBRANCHE-03-1024x683.jpg 1024w, https:\/\/www.1055.fr\/besancon\/contenu\/uploads\/2022\/07\/ACCROBRANCHE-03-768x512.jpg 768w, https:\/\/www.1055.fr\/besancon\/contenu\/uploads\/2022\/07\/ACCROBRANCHE-03-1536x1024.jpg 1536w, https:\/\/www.1055.fr\/besancon\/contenu\/uploads\/2022\/07\/ACCROBRANCHE-03-24x16.jpg 24w, https:\/\/www.1055.fr\/besancon\/contenu\/uploads\/2022\/07\/ACCROBRANCHE-03-36x24.jpg 36w, https:\/\/www.1055.fr\/besancon\/contenu\/uploads\/2022\/07\/ACCROBRANCHE-03-48x32.jpg 48w, https:\/\/www.1055.fr\/besancon\/contenu\/uploads\/2022\/07\/ACCROBRANCHE-03.jpg 2048w\" sizes=\"(max-width: 455px) 100vw, 455px\" \/><br \/>\n<img decoding=\"async\" class=\"alignnone wp-image-1106\" src=\"https:\/\/www.1055.fr\/besancon\/contenu\/uploads\/2022\/06\/EXTERIEUR-CHALEZEULE-19-300x200.jpg\" alt=\"\" width=\"456\" height=\"304\" srcset=\"https:\/\/www.1055.fr\/besancon\/contenu\/uploads\/2022\/06\/EXTERIEUR-CHALEZEULE-19-300x200.jpg 300w, https:\/\/www.1055.fr\/besancon\/contenu\/uploads\/2022\/06\/EXTERIEUR-CHALEZEULE-19-1024x683.jpg 1024w, https:\/\/www.1055.fr\/besancon\/contenu\/uploads\/2022\/06\/EXTERIEUR-CHALEZEULE-19-768x512.jpg 768w, https:\/\/www.1055.fr\/besancon\/contenu\/uploads\/2022\/06\/EXTERIEUR-CHALEZEULE-19-1536x1024.jpg 1536w, https:\/\/www.1055.fr\/besancon\/contenu\/uploads\/2022\/06\/EXTERIEUR-CHALEZEULE-19-24x16.jpg 24w, https:\/\/www.1055.fr\/besancon\/contenu\/uploads\/2022\/06\/EXTERIEUR-CHALEZEULE-19-36x24.jpg 36w, https:\/\/www.1055.fr\/besancon\/contenu\/uploads\/2022\/06\/EXTERIEUR-CHALEZEULE-19-48x32.jpg 48w, https:\/\/www.1055.fr\/besancon\/contenu\/uploads\/2022\/06\/EXTERIEUR-CHALEZEULE-19.jpg 2048w\" sizes=\"(max-width: 456px) 100vw, 456px\" \/> <img decoding=\"async\" class=\"alignnone wp-image-1107\" src=\"https:\/\/www.1055.fr\/besancon\/contenu\/uploads\/2022\/06\/EXTERIEUR-CHALEZEULE-21-300x200.jpg\" alt=\"\" width=\"456\" height=\"304\" srcset=\"https:\/\/www.1055.fr\/besancon\/contenu\/uploads\/2022\/06\/EXTERIEUR-CHALEZEULE-21-300x200.jpg 300w, https:\/\/www.1055.fr\/besancon\/contenu\/uploads\/2022\/06\/EXTERIEUR-CHALEZEULE-21-1024x683.jpg 1024w, https:\/\/www.1055.fr\/besancon\/contenu\/uploads\/2022\/06\/EXTERIEUR-CHALEZEULE-21-768x512.jpg 768w, https:\/\/www.1055.fr\/besancon\/contenu\/uploads\/2022\/06\/EXTERIEUR-CHALEZEULE-21-1536x1024.jpg 1536w, https:\/\/www.1055.fr\/besancon\/contenu\/uploads\/2022\/06\/EXTERIEUR-CHALEZEULE-21-24x16.jpg 24w, https:\/\/www.1055.fr\/besancon\/contenu\/uploads\/2022\/06\/EXTERIEUR-CHALEZEULE-21-36x24.jpg 36w, https:\/\/www.1055.fr\/besancon\/contenu\/uploads\/2022\/06\/EXTERIEUR-CHALEZEULE-21-48x32.jpg 48w, https:\/\/www.1055.fr\/besancon\/contenu\/uploads\/2022\/06\/EXTERIEUR-CHALEZEULE-21.jpg 2048w\" sizes=\"(max-width: 456px) 100vw, 456px\" \/><\/p>\n","protected":false},"excerpt":{"rendered":"<p>La nature \u00e0 deux pas du Tram ! Evadez-vous dans notre parcours d&rsquo;accrobranche ! Pistes bleues et rouges disponibles.<\/p>\n","protected":false},"author":10,"featured_media":1216,"parent":507,"menu_order":0,"comment_status":"closed","ping_status":"closed","template":"page-activite.php","meta":{"_acf_changed":false,"inline_featured_image":false,"footnotes":""},"class_list":["post-526","page","type-page","status-publish","has-post-thumbnail","hentry"],"acf":[],"yoast_head":"<!-- This site is optimized with the Yoast SEO Premium plugin v24.7 (Yoast SEO v24.7) - https:\/\/yoast.com\/wordpress\/plugins\/seo\/ -->\n<title>Accrobranche<\/title>\n<meta name=\"description\" content=\"Accrobranche \u00e0 Besan\u00e7on \/ Chalezeule : c&#039;est au 10 55 de Besan\u00e7on. Il suffit de quelques arr\u00eats de tram pour s&#039;\u00e9vader en nature !\" \/>\n<meta name=\"robots\" content=\"index, follow, max-snippet:-1, max-image-preview:large, max-video-preview:-1\" \/>\n<link rel=\"canonical\" href=\"https:\/\/www.1055.fr\/besancon\/activites-outdoor\/accrobranche\/\" \/>\n<meta property=\"og:locale\" content=\"fr_FR\" \/>\n<meta property=\"og:type\" content=\"article\" \/>\n<meta property=\"og:title\" content=\"Accrobranche\" \/>\n<meta property=\"og:description\" content=\"Accrobranche \u00e0 Besan\u00e7on \/ Chalezeule : c&#039;est au 10 55 de Besan\u00e7on. Il suffit de quelques arr\u00eats de tram pour s&#039;\u00e9vader en nature !\" \/>\n<meta property=\"og:url\" content=\"https:\/\/www.1055.fr\/besancon\/activites-outdoor\/accrobranche\/\" \/>\n<meta property=\"article:modified_time\" content=\"2025-04-28T08:49:31+00:00\" \/>\n<meta property=\"og:image\" content=\"https:\/\/www.1055.fr\/besancon\/contenu\/uploads\/2022\/07\/2560X512_ACCCROBRANCHE.jpg\" \/>\n\t<meta property=\"og:image:width\" content=\"2560\" \/>\n\t<meta property=\"og:image:height\" content=\"512\" \/>\n\t<meta property=\"og:image:type\" content=\"image\/jpeg\" \/>\n<meta name=\"twitter:card\" content=\"summary_large_image\" \/>\n<meta name=\"twitter:label1\" content=\"Dur\u00e9e de lecture estim\u00e9e\" \/>\n\t<meta name=\"twitter:data1\" content=\"2 minutes\" \/>\n<script type=\"application\/ld+json\" class=\"yoast-schema-graph\">{\"@context\":\"https:\/\/schema.org\",\"@graph\":[{\"@type\":\"WebPage\",\"@id\":\"https:\/\/www.1055.fr\/besancon\/activites-outdoor\/accrobranche\/\",\"url\":\"https:\/\/www.1055.fr\/besancon\/activites-outdoor\/accrobranche\/\",\"name\":\"Accrobranche\",\"isPartOf\":{\"@id\":\"https:\/\/www.1055.fr\/besancon\/#website\"},\"primaryImageOfPage\":{\"@id\":\"https:\/\/www.1055.fr\/besancon\/activites-outdoor\/accrobranche\/#primaryimage\"},\"image\":{\"@id\":\"https:\/\/www.1055.fr\/besancon\/activites-outdoor\/accrobranche\/#primaryimage\"},\"thumbnailUrl\":\"https:\/\/www.1055.fr\/besancon\/contenu\/uploads\/2022\/07\/2560X512_ACCCROBRANCHE.jpg\",\"datePublished\":\"2021-10-13T09:18:18+00:00\",\"dateModified\":\"2025-04-28T08:49:31+00:00\",\"description\":\"Accrobranche \u00e0 Besan\u00e7on \/ Chalezeule : c'est au 10 55 de Besan\u00e7on. Il suffit de quelques arr\u00eats de tram pour s'\u00e9vader en nature !\",\"breadcrumb\":{\"@id\":\"https:\/\/www.1055.fr\/besancon\/activites-outdoor\/accrobranche\/#breadcrumb\"},\"inLanguage\":\"fr-FR\",\"potentialAction\":[{\"@type\":\"ReadAction\",\"target\":[\"https:\/\/www.1055.fr\/besancon\/activites-outdoor\/accrobranche\/\"]}]},{\"@type\":\"ImageObject\",\"inLanguage\":\"fr-FR\",\"@id\":\"https:\/\/www.1055.fr\/besancon\/activites-outdoor\/accrobranche\/#primaryimage\",\"url\":\"https:\/\/www.1055.fr\/besancon\/contenu\/uploads\/2022\/07\/2560X512_ACCCROBRANCHE.jpg\",\"contentUrl\":\"https:\/\/www.1055.fr\/besancon\/contenu\/uploads\/2022\/07\/2560X512_ACCCROBRANCHE.jpg\",\"width\":2560,\"height\":512},{\"@type\":\"BreadcrumbList\",\"@id\":\"https:\/\/www.1055.fr\/besancon\/activites-outdoor\/accrobranche\/#breadcrumb\",\"itemListElement\":[{\"@type\":\"ListItem\",\"position\":1,\"name\":\"Home\",\"item\":\"https:\/\/www.1055.fr\/besancon\/\"},{\"@type\":\"ListItem\",\"position\":2,\"name\":\"Parc Outdoor\",\"item\":\"https:\/\/www.1055.fr\/besancon\/activites-outdoor\/\"},{\"@type\":\"ListItem\",\"position\":3,\"name\":\"Accrobranche\"}]},{\"@type\":\"WebSite\",\"@id\":\"https:\/\/www.1055.fr\/besancon\/#website\",\"url\":\"https:\/\/www.1055.fr\/besancon\/\",\"name\":\"\",\"description\":\"\",\"publisher\":{\"@id\":\"https:\/\/www.1055.fr\/besancon\/#organization\"},\"potentialAction\":[{\"@type\":\"SearchAction\",\"target\":{\"@type\":\"EntryPoint\",\"urlTemplate\":\"https:\/\/www.1055.fr\/besancon\/?s={search_term_string}\"},\"query-input\":{\"@type\":\"PropertyValueSpecification\",\"valueRequired\":true,\"valueName\":\"search_term_string\"}}],\"inLanguage\":\"fr-FR\"},{\"@type\":\"Organization\",\"@id\":\"https:\/\/www.1055.fr\/besancon\/#organization\",\"name\":\"1055 Besan\u00e7on\",\"url\":\"https:\/\/www.1055.fr\/besancon\/\",\"logo\":{\"@type\":\"ImageObject\",\"inLanguage\":\"fr-FR\",\"@id\":\"https:\/\/www.1055.fr\/besancon\/#\/schema\/logo\/image\/\",\"url\":\"https:\/\/www.1055.fr\/besancon\/contenu\/uploads\/2021\/04\/logo-page-2-1.png\",\"contentUrl\":\"https:\/\/www.1055.fr\/besancon\/contenu\/uploads\/2021\/04\/logo-page-2-1.png\",\"width\":120,\"height\":162,\"caption\":\"1055 Besan\u00e7on\"},\"image\":{\"@id\":\"https:\/\/www.1055.fr\/besancon\/#\/schema\/logo\/image\/\"}}]}<\/script>\n<!-- \/ Yoast SEO Premium plugin. -->","yoast_head_json":{"title":"Accrobranche","description":"Accrobranche \u00e0 Besan\u00e7on \/ Chalezeule : c'est au 10 55 de Besan\u00e7on. Il suffit de quelques arr\u00eats de tram pour s'\u00e9vader en nature !","robots":{"index":"index","follow":"follow","max-snippet":"max-snippet:-1","max-image-preview":"max-image-preview:large","max-video-preview":"max-video-preview:-1"},"canonical":"https:\/\/www.1055.fr\/besancon\/activites-outdoor\/accrobranche\/","og_locale":"fr_FR","og_type":"article","og_title":"Accrobranche","og_description":"Accrobranche \u00e0 Besan\u00e7on \/ Chalezeule : c'est au 10 55 de Besan\u00e7on. Il suffit de quelques arr\u00eats de tram pour s'\u00e9vader en nature !","og_url":"https:\/\/www.1055.fr\/besancon\/activites-outdoor\/accrobranche\/","article_modified_time":"2025-04-28T08:49:31+00:00","og_image":[{"width":2560,"height":512,"url":"https:\/\/www.1055.fr\/besancon\/contenu\/uploads\/2022\/07\/2560X512_ACCCROBRANCHE.jpg","type":"image\/jpeg"}],"twitter_card":"summary_large_image","twitter_misc":{"Dur\u00e9e de lecture estim\u00e9e":"2 minutes"},"schema":{"@context":"https:\/\/schema.org","@graph":[{"@type":"WebPage","@id":"https:\/\/www.1055.fr\/besancon\/activites-outdoor\/accrobranche\/","url":"https:\/\/www.1055.fr\/besancon\/activites-outdoor\/accrobranche\/","name":"Accrobranche","isPartOf":{"@id":"https:\/\/www.1055.fr\/besancon\/#website"},"primaryImageOfPage":{"@id":"https:\/\/www.1055.fr\/besancon\/activites-outdoor\/accrobranche\/#primaryimage"},"image":{"@id":"https:\/\/www.1055.fr\/besancon\/activites-outdoor\/accrobranche\/#primaryimage"},"thumbnailUrl":"https:\/\/www.1055.fr\/besancon\/contenu\/uploads\/2022\/07\/2560X512_ACCCROBRANCHE.jpg","datePublished":"2021-10-13T09:18:18+00:00","dateModified":"2025-04-28T08:49:31+00:00","description":"Accrobranche \u00e0 Besan\u00e7on \/ Chalezeule : c'est au 10 55 de Besan\u00e7on. Il suffit de quelques arr\u00eats de tram pour s'\u00e9vader en nature !","breadcrumb":{"@id":"https:\/\/www.1055.fr\/besancon\/activites-outdoor\/accrobranche\/#breadcrumb"},"inLanguage":"fr-FR","potentialAction":[{"@type":"ReadAction","target":["https:\/\/www.1055.fr\/besancon\/activites-outdoor\/accrobranche\/"]}]},{"@type":"ImageObject","inLanguage":"fr-FR","@id":"https:\/\/www.1055.fr\/besancon\/activites-outdoor\/accrobranche\/#primaryimage","url":"https:\/\/www.1055.fr\/besancon\/contenu\/uploads\/2022\/07\/2560X512_ACCCROBRANCHE.jpg","contentUrl":"https:\/\/www.1055.fr\/besancon\/contenu\/uploads\/2022\/07\/2560X512_ACCCROBRANCHE.jpg","width":2560,"height":512},{"@type":"BreadcrumbList","@id":"https:\/\/www.1055.fr\/besancon\/activites-outdoor\/accrobranche\/#breadcrumb","itemListElement":[{"@type":"ListItem","position":1,"name":"Home","item":"https:\/\/www.1055.fr\/besancon\/"},{"@type":"ListItem","position":2,"name":"Parc Outdoor","item":"https:\/\/www.1055.fr\/besancon\/activites-outdoor\/"},{"@type":"ListItem","position":3,"name":"Accrobranche"}]},{"@type":"WebSite","@id":"https:\/\/www.1055.fr\/besancon\/#website","url":"https:\/\/www.1055.fr\/besancon\/","name":"","description":"","publisher":{"@id":"https:\/\/www.1055.fr\/besancon\/#organization"},"potentialAction":[{"@type":"SearchAction","target":{"@type":"EntryPoint","urlTemplate":"https:\/\/www.1055.fr\/besancon\/?s={search_term_string}"},"query-input":{"@type":"PropertyValueSpecification","valueRequired":true,"valueName":"search_term_string"}}],"inLanguage":"fr-FR"},{"@type":"Organization","@id":"https:\/\/www.1055.fr\/besancon\/#organization","name":"1055 Besan\u00e7on","url":"https:\/\/www.1055.fr\/besancon\/","logo":{"@type":"ImageObject","inLanguage":"fr-FR","@id":"https:\/\/www.1055.fr\/besancon\/#\/schema\/logo\/image\/","url":"https:\/\/www.1055.fr\/besancon\/contenu\/uploads\/2021\/04\/logo-page-2-1.png","contentUrl":"https:\/\/www.1055.fr\/besancon\/contenu\/uploads\/2021\/04\/logo-page-2-1.png","width":120,"height":162,"caption":"1055 Besan\u00e7on"},"image":{"@id":"https:\/\/www.1055.fr\/besancon\/#\/schema\/logo\/image\/"}}]}},"_links":{"self":[{"href":"https:\/\/www.1055.fr\/besancon\/wp-json\/wp\/v2\/pages\/526","targetHints":{"allow":["GET"]}}],"collection":[{"href":"https:\/\/www.1055.fr\/besancon\/wp-json\/wp\/v2\/pages"}],"about":[{"href":"https:\/\/www.1055.fr\/besancon\/wp-json\/wp\/v2\/types\/page"}],"author":[{"embeddable":true,"href":"https:\/\/www.1055.fr\/besancon\/wp-json\/wp\/v2\/users\/10"}],"replies":[{"embeddable":true,"href":"https:\/\/www.1055.fr\/besancon\/wp-json\/wp\/v2\/comments?post=526"}],"version-history":[{"count":1,"href":"https:\/\/www.1055.fr\/besancon\/wp-json\/wp\/v2\/pages\/526\/revisions"}],"predecessor-version":[{"id":6424,"href":"https:\/\/www.1055.fr\/besancon\/wp-json\/wp\/v2\/pages\/526\/revisions\/6424"}],"up":[{"embeddable":true,"href":"https:\/\/www.1055.fr\/besancon\/wp-json\/wp\/v2\/pages\/507"}],"wp:featuredmedia":[{"embeddable":true,"href":"https:\/\/www.1055.fr\/besancon\/wp-json\/wp\/v2\/media\/1216"}],"wp:attachment":[{"href":"https:\/\/www.1055.fr\/besancon\/wp-json\/wp\/v2\/media?parent=526"}],"curies":[{"name":"wp","href":"https:\/\/api.w.org\/{rel}","templated":true}]}}