{"id":522,"date":"2021-10-13T11:15:21","date_gmt":"2021-10-13T09:15:21","guid":{"rendered":"https:\/\/www.1055.fr\/besancon\/?page_id=522"},"modified":"2025-04-28T10:47:38","modified_gmt":"2025-04-28T08:47:38","slug":"parc-gonflable","status":"publish","type":"page","link":"https:\/\/www.1055.fr\/besancon\/activites-outdoor\/parc-gonflable\/","title":{"rendered":"Jeux Gonflables Outdoor"},"content":{"rendered":"\n<h1 class=\"wp-block-heading\" id=\"h-jeux-gonflables-au-10-55-de-besancon-chalezeule-des-gonflables-geants\"><span style=\"color: #ff6600;\">Jeux Gonflables au 10 55 de Besan\u00e7on Chalezeule : des gonflables g\u00e9ants !<\/span><\/h1>\n\n\n\n<hr class=\"wp-block-separator has-alpha-channel-opacity\"\/>\n\n\n\n<div class=\"schema-faq wp-block-yoast-faq-block\"><div class=\"schema-faq-section\" id=\"faq-question-1686056498491\"><strong class=\"schema-faq-question\">A partir de quel \u00e2ge peut-on jouer dans les structures gonflables ? <\/strong> <p class=\"schema-faq-answer\">D\u00e8s que l&rsquo;enfant g\u00e9n\u00e8re de l&rsquo;int\u00e9r\u00eat pour nos structures, il est grand pour y aller, toujours sous la responsabilit\u00e9 des parents ! Nous avons une structure d\u00e9di\u00e9 aux tout-petits <\/p> <\/div> <div class=\"schema-faq-section\" id=\"faq-question-1686056554298\"><strong class=\"schema-faq-question\">Je suis parents, est-ce que je dois payer mon entr\u00e9e ? <\/strong> <p class=\"schema-faq-answer\">Toute personne participant aux activit\u00e9s doit payer son entr\u00e9e. Si votre enfant fait moins de 120cm, vous b\u00e9n\u00e9ficiez du tarif accompagnant de 10\u20ac* *avec la carte 10.55, sinon, 12\u20ac<\/p> <\/div> <div class=\"schema-faq-section\" id=\"faq-question-1686056610189\"><strong class=\"schema-faq-question\">Les chaussettes anti-d\u00e9rapantes sont-elle obligatoire dans la structure ? <\/strong> <p class=\"schema-faq-answer\">oui, pour des raisons de s\u00e9curit\u00e9 et d&rsquo;hygi\u00e8ne. Nous en vendons sur place 2.50\u20ac la paire.<\/p> <\/div> <\/div>\n\n\n\n<hr class=\"wp-block-separator has-alpha-channel-opacity\"\/>\n\n\n\n<h1 class=\"wp-block-heading\" id=\"h-jeux-gonflables-a-besancon-au-parc-outdoor-du-10-55\">Jeux Gonflables \u00e0 Besan\u00e7on : au Parc Outdoor du 10.55<\/h1>\n\n\n\n<p>D\u00e9couvrez des <span style=\"color: #333399;\"><strong>jeux gonflables g\u00e9ants<\/strong><\/span> \u00e0 l&rsquo;ambiance \u00ab\u00a0Jungle\u00a0\u00bb \u00e0 Besan\u00e7on pour vous \u00e9clater en ext\u00e9rieur ! <span style=\"color: #333399;\"><strong>Il fait beau<\/strong><\/span> et vous ne savez pas quoi faire ce week-end ? Rendez-vous aux <span style=\"color: #333399;\"><strong>Gonflables G\u00e9ants<\/strong><\/span> pour vous \u00e9clater \u00e0 volont\u00e9 ! On glisse, on rebondit, on court et on saute comme des fous dans ces magnifiques structures gonflables.<\/p>\n\n\n\n<p><strong><span style=\"color: #0000ff;\">FuuUUuUn<\/span><\/strong> n&rsquo;est pas incompatible avec <span style=\"color: #008000;\"><strong>s\u00e9curit\u00e9<\/strong><\/span> : pour la s\u00e9curit\u00e9 et le bien-\u00eatre de vos petits, nous avons un gonflable r\u00e9serv\u00e9 aux minis* !<br>*aux moins de 120cm<\/p>\n\n\n<div class=\"wp-block-image\">\n<figure class=\"aligncenter is-resized\"><img decoding=\"async\" width=\"300\" height=\"169\" src=\"https:\/\/www.1055.fr\/besancon\/contenu\/uploads\/2022\/08\/Jeux-Gonflables-300x169.png\" alt=\"\" class=\"wp-image-1313\" style=\"width:485px;height:273px\" srcset=\"https:\/\/www.1055.fr\/besancon\/contenu\/uploads\/2022\/08\/Jeux-Gonflables-300x169.png 300w, https:\/\/www.1055.fr\/besancon\/contenu\/uploads\/2022\/08\/Jeux-Gonflables-1024x577.png 1024w, https:\/\/www.1055.fr\/besancon\/contenu\/uploads\/2022\/08\/Jeux-Gonflables-768x433.png 768w, https:\/\/www.1055.fr\/besancon\/contenu\/uploads\/2022\/08\/Jeux-Gonflables-1536x866.png 1536w, https:\/\/www.1055.fr\/besancon\/contenu\/uploads\/2022\/08\/Jeux-Gonflables-2048x1154.png 2048w, https:\/\/www.1055.fr\/besancon\/contenu\/uploads\/2022\/08\/Jeux-Gonflables-24x14.png 24w, https:\/\/www.1055.fr\/besancon\/contenu\/uploads\/2022\/08\/Jeux-Gonflables-36x20.png 36w, https:\/\/www.1055.fr\/besancon\/contenu\/uploads\/2022\/08\/Jeux-Gonflables-48x27.png 48w\" sizes=\"(max-width: 300px) 100vw, 300px\" \/><\/figure>\n<\/div>\n\n\n<p><\/p>\n\n\n\n<h2 class=\"wp-block-heading\" id=\"h-gonflables-geants-a-besancon-mais-pas-que\">Gonflables G\u00e9ants \u00e0 Besan\u00e7on : mais pas que<\/h2>\n\n\n\n<p>Vous souhaitez <span style=\"color: #333399;\"><strong>tester d&rsquo;autres activit\u00e9s ?<\/strong><\/span> Vous \u00eates au bon endroit car au 10 55<span style=\"color: #333399;\"><strong> tout est l\u00e0 !<\/strong> <\/span>Notre Parc Outdoor regroupe notre <a href=\"https:\/\/www.1055.fr\/besancon\/activites-outdoor\/accro-spider\/\">Accro Spider<\/a>, de l&rsquo;<a href=\"https:\/\/www.1055.fr\/besancon\/activites-outdoor\/accrobranche\/\">Accrobranche<\/a>, et des <a href=\"https:\/\/www.1055.fr\/besancon\/activites-outdoor\/kart-a-pedales\/\">Karts \u00e0 p\u00e9dales<\/a>. Vous avez un petit creux ? Ca tombe bien: au Parc Outdoor du 10 55, vous retrouverez la Cabane, notre kiosque gourmand pour vous d\u00e9salt\u00e9rer ou pour une pause go\u00fbter. Attendez de d\u00e9couvrir <span style=\"color: #333399;\"><strong>le Parc Indoor<\/strong> <\/span>et <span style=\"color: #333399;\"><strong>La Brasserie &#8230;<\/strong><\/span><\/p>\n\n\n\n<hr class=\"wp-block-separator has-alpha-channel-opacity\"\/>\n\n\n\n<p><strong>D\u00e9couvrez nos autres activit\u00e9s ext\u00e9rieures &#8230; <\/strong><\/p>\n\n\n\n<div class=\"wp-block-columns alignfull has-text-color has-background is-layout-flex wp-container-core-columns-is-layout-9d6595d7 wp-block-columns-is-layout-flex\" style=\"color:#000000;background-color:#ffffff\">\n<div class=\"wp-block-column is-layout-flow wp-block-column-is-layout-flow\">\n<h3 class=\"wp-block-heading\" id=\"h-accro-spider\" style=\"font-size:24px;line-height:1.3\"><strong><a href=\"https:\/\/www.1055.fr\/besancon\/activites-outdoor\/accro-spider\/\"><mark style=\"background-color:rgba(0, 0, 0, 0)\" class=\"has-inline-color has-vivid-cyan-blue-color\">Accro-spider<\/mark><\/a><\/strong><mark style=\"background-color:rgba(0, 0, 0, 0)\" class=\"has-inline-color has-vivid-cyan-blue-color\">\u2197<\/mark><\/h3>\n\n\n\n<figure class=\"wp-block-image size-large\"><img decoding=\"async\" width=\"1024\" height=\"683\" src=\"https:\/\/www.1055.fr\/besancon\/contenu\/uploads\/2023\/06\/accrospider-vue-du-bas-3-1024x683.jpg\" alt=\"\" class=\"wp-image-3152\" srcset=\"https:\/\/www.1055.fr\/besancon\/contenu\/uploads\/2023\/06\/accrospider-vue-du-bas-3-1024x683.jpg 1024w, https:\/\/www.1055.fr\/besancon\/contenu\/uploads\/2023\/06\/accrospider-vue-du-bas-3-300x200.jpg 300w, https:\/\/www.1055.fr\/besancon\/contenu\/uploads\/2023\/06\/accrospider-vue-du-bas-3-768x512.jpg 768w, https:\/\/www.1055.fr\/besancon\/contenu\/uploads\/2023\/06\/accrospider-vue-du-bas-3-1536x1024.jpg 1536w, https:\/\/www.1055.fr\/besancon\/contenu\/uploads\/2023\/06\/accrospider-vue-du-bas-3-24x16.jpg 24w, https:\/\/www.1055.fr\/besancon\/contenu\/uploads\/2023\/06\/accrospider-vue-du-bas-3-36x24.jpg 36w, https:\/\/www.1055.fr\/besancon\/contenu\/uploads\/2023\/06\/accrospider-vue-du-bas-3-48x32.jpg 48w, https:\/\/www.1055.fr\/besancon\/contenu\/uploads\/2023\/06\/accrospider-vue-du-bas-3.jpg 2048w\" sizes=\"(max-width: 767px) 89vw, (max-width: 1000px) 54vw, (max-width: 1071px) 543px, 580px\" \/><\/figure>\n\n\n\n<p>D\u00e9couvrez une immense structure sur <strong>3 \u00e9tages<\/strong> accessible d\u00e8s 5 ans <\/p>\n<\/div>\n\n\n\n<div class=\"wp-block-column is-layout-flow wp-block-column-is-layout-flow\">\n<h3 class=\"wp-block-heading\" id=\"h-accrobranche\" style=\"font-size:24px;line-height:1.3\"><strong><a href=\"https:\/\/www.1055.fr\/besancon\/activites-outdoor\/accrobranche\/\"><mark style=\"background-color:rgba(0, 0, 0, 0)\" class=\"has-inline-color has-vivid-cyan-blue-color\">Accro<\/mark><\/a><\/strong><br><strong><a href=\"https:\/\/www.1055.fr\/besancon\/activites-outdoor\/accrobranche\/\"><mark style=\"background-color:rgba(0, 0, 0, 0)\" class=\"has-inline-color has-vivid-cyan-blue-color\">branche<\/mark><\/a><\/strong><mark style=\"background-color:rgba(0, 0, 0, 0)\" class=\"has-inline-color has-vivid-cyan-blue-color\">\u2197<\/mark><\/h3>\n\n\n\n<figure class=\"wp-block-image size-large\"><img decoding=\"async\" width=\"1024\" height=\"683\" src=\"https:\/\/www.1055.fr\/besancon\/contenu\/uploads\/2022\/07\/ACCROBRANCHE-02-1024x683.jpg\" alt=\"\" class=\"wp-image-1233\" srcset=\"https:\/\/www.1055.fr\/besancon\/contenu\/uploads\/2022\/07\/ACCROBRANCHE-02-1024x683.jpg 1024w, https:\/\/www.1055.fr\/besancon\/contenu\/uploads\/2022\/07\/ACCROBRANCHE-02-300x200.jpg 300w, https:\/\/www.1055.fr\/besancon\/contenu\/uploads\/2022\/07\/ACCROBRANCHE-02-768x512.jpg 768w, https:\/\/www.1055.fr\/besancon\/contenu\/uploads\/2022\/07\/ACCROBRANCHE-02-1536x1024.jpg 1536w, https:\/\/www.1055.fr\/besancon\/contenu\/uploads\/2022\/07\/ACCROBRANCHE-02-24x16.jpg 24w, https:\/\/www.1055.fr\/besancon\/contenu\/uploads\/2022\/07\/ACCROBRANCHE-02-36x24.jpg 36w, https:\/\/www.1055.fr\/besancon\/contenu\/uploads\/2022\/07\/ACCROBRANCHE-02-48x32.jpg 48w, https:\/\/www.1055.fr\/besancon\/contenu\/uploads\/2022\/07\/ACCROBRANCHE-02.jpg 2048w\" sizes=\"(max-width: 767px) 89vw, (max-width: 1000px) 54vw, (max-width: 1071px) 543px, 580px\" \/><\/figure>\n\n\n\n<p>Pistes bleues et rouges pour profiter de <strong>deux niveaux de difficult\u00e9<\/strong><\/p>\n<\/div>\n\n\n\n<div class=\"wp-block-column is-layout-flow wp-block-column-is-layout-flow\">\n<h3 class=\"wp-block-heading\" id=\"h-kart-a-pedales\" style=\"font-size:24px;line-height:1.3\"><strong><a href=\"https:\/\/www.1055.fr\/besancon\/activites-outdoor\/kart-a-pedales\/\"><mark style=\"background-color:rgba(0, 0, 0, 0)\" class=\"has-inline-color has-vivid-cyan-blue-color\">Kart \u00e0 p\u00e9dales<\/mark><\/a><\/strong><mark style=\"background-color:rgba(0, 0, 0, 0)\" class=\"has-inline-color has-vivid-cyan-blue-color\">\u2197<\/mark><\/h3>\n\n\n\n<figure class=\"wp-block-image size-large\"><img decoding=\"async\" width=\"1024\" height=\"683\" src=\"https:\/\/www.1055.fr\/besancon\/contenu\/uploads\/2023\/04\/KART-A-PEDALES-1024x683.jpg\" alt=\"\" class=\"wp-image-2804\" srcset=\"https:\/\/www.1055.fr\/besancon\/contenu\/uploads\/2023\/04\/KART-A-PEDALES-1024x683.jpg 1024w, https:\/\/www.1055.fr\/besancon\/contenu\/uploads\/2023\/04\/KART-A-PEDALES-300x200.jpg 300w, https:\/\/www.1055.fr\/besancon\/contenu\/uploads\/2023\/04\/KART-A-PEDALES-768x512.jpg 768w, https:\/\/www.1055.fr\/besancon\/contenu\/uploads\/2023\/04\/KART-A-PEDALES-1536x1024.jpg 1536w, https:\/\/www.1055.fr\/besancon\/contenu\/uploads\/2023\/04\/KART-A-PEDALES-24x16.jpg 24w, https:\/\/www.1055.fr\/besancon\/contenu\/uploads\/2023\/04\/KART-A-PEDALES-36x24.jpg 36w, https:\/\/www.1055.fr\/besancon\/contenu\/uploads\/2023\/04\/KART-A-PEDALES-48x32.jpg 48w, https:\/\/www.1055.fr\/besancon\/contenu\/uploads\/2023\/04\/KART-A-PEDALES.jpg 2048w\" sizes=\"(max-width: 767px) 89vw, (max-width: 1000px) 54vw, (max-width: 1071px) 543px, 580px\" \/><\/figure>\n\n\n\n<p>Amusez-vous \u00e0 faire des courses de <strong>kart \u00e0 p\u00e9dales <\/strong>endiabl\u00e9es ! <\/p>\n<\/div>\n<\/div>\n\n\n\n<hr class=\"wp-block-separator has-alpha-channel-opacity\"\/>\n\n\n\n<div class=\"wp-block-buttons is-layout-flex wp-block-buttons-is-layout-flex\">\n<div class=\"wp-block-button is-style-outline is-style-outline--1\"><a class=\"wp-block-button__link has-white-color has-black-background-color has-text-color has-background wp-element-button\" href=\"http:\/\/labrasserie-1055.fr\" target=\"_blank\" rel=\"noreferrer noopener\">LA BRASSERIE<\/a><\/div>\n\n\n\n<div class=\"wp-block-button is-style-outline is-style-outline--2\"><a class=\"wp-block-button__link has-black-color has-luminous-vivid-amber-background-color has-text-color has-background wp-element-button\" href=\"https:\/\/boutique.1055.fr\/\" style=\"border-radius:100px\">LA BOUTIQUE<\/a><\/div>\n\n\n\n<div class=\"wp-block-button is-style-outline is-style-outline--3\"><a class=\"wp-block-button__link has-vivid-cyan-blue-color has-light-green-cyan-background-color has-text-color has-background wp-element-button\" href=\"https:\/\/www.1055.fr\/besancon\/foire-aux-questions\/\" style=\"border-radius:56px\">Foire Aux Questions<\/a><\/div>\n<\/div>\n","protected":false},"excerpt":{"rendered":"<p>De super jeux gonflables pour petits et grands, pour bondir, rebondir, glisser et s&rsquo;amuser comme des fous ! <\/p>\n","protected":false},"author":10,"featured_media":1225,"parent":507,"menu_order":0,"comment_status":"closed","ping_status":"closed","template":"page-activite.php","meta":{"_acf_changed":false,"inline_featured_image":false,"footnotes":""},"class_list":["post-522","page","type-page","status-publish","has-post-thumbnail","hentry"],"acf":[],"yoast_head":"<!-- This site is optimized with the Yoast SEO Premium plugin v24.7 (Yoast SEO v24.7) - https:\/\/yoast.com\/wordpress\/plugins\/seo\/ -->\n<title>Jeux Gonflables Outdoor<\/title>\n<meta name=\"description\" content=\"Jeux Gonflables \u00e0 Besan\u00e7on Chalezeule parmi plein d&#039;autres activit\u00e9s \u00e0 tester sans plus tarder ! 10 55 Loisirs, Restaurant &amp; Bar\" \/>\n<meta name=\"robots\" content=\"index, follow, max-snippet:-1, max-image-preview:large, max-video-preview:-1\" \/>\n<link rel=\"canonical\" href=\"https:\/\/www.1055.fr\/besancon\/activites-outdoor\/parc-gonflable\/\" \/>\n<meta property=\"og:locale\" content=\"fr_FR\" \/>\n<meta property=\"og:type\" content=\"article\" \/>\n<meta property=\"og:title\" content=\"Jeux Gonflables Outdoor\" \/>\n<meta property=\"og:description\" content=\"Jeux Gonflables \u00e0 Besan\u00e7on Chalezeule parmi plein d&#039;autres activit\u00e9s \u00e0 tester sans plus tarder ! 10 55 Loisirs, Restaurant &amp; Bar\" \/>\n<meta property=\"og:url\" content=\"https:\/\/www.1055.fr\/besancon\/activites-outdoor\/parc-gonflable\/\" \/>\n<meta property=\"article:modified_time\" content=\"2025-04-28T08:47:38+00:00\" \/>\n<meta property=\"og:image\" content=\"https:\/\/www.1055.fr\/besancon\/contenu\/uploads\/2022\/07\/2560X512_GONFLABLES.jpg\" \/>\n\t<meta property=\"og:image:width\" content=\"2560\" \/>\n\t<meta property=\"og:image:height\" content=\"512\" \/>\n\t<meta property=\"og:image:type\" content=\"image\/jpeg\" \/>\n<meta name=\"twitter:card\" content=\"summary_large_image\" \/>\n<meta name=\"twitter:label1\" content=\"Dur\u00e9e de lecture estim\u00e9e\" \/>\n\t<meta name=\"twitter:data1\" content=\"6 minutes\" \/>\n<script type=\"application\/ld+json\" class=\"yoast-schema-graph\">{\"@context\":\"https:\/\/schema.org\",\"@graph\":[{\"@type\":[\"WebPage\",\"FAQPage\"],\"@id\":\"https:\/\/www.1055.fr\/besancon\/activites-outdoor\/parc-gonflable\/\",\"url\":\"https:\/\/www.1055.fr\/besancon\/activites-outdoor\/parc-gonflable\/\",\"name\":\"Jeux Gonflables Outdoor\",\"isPartOf\":{\"@id\":\"https:\/\/www.1055.fr\/besancon\/#website\"},\"primaryImageOfPage\":{\"@id\":\"https:\/\/www.1055.fr\/besancon\/activites-outdoor\/parc-gonflable\/#primaryimage\"},\"image\":{\"@id\":\"https:\/\/www.1055.fr\/besancon\/activites-outdoor\/parc-gonflable\/#primaryimage\"},\"thumbnailUrl\":\"https:\/\/www.1055.fr\/besancon\/contenu\/uploads\/2022\/07\/2560X512_GONFLABLES.jpg\",\"datePublished\":\"2021-10-13T09:15:21+00:00\",\"dateModified\":\"2025-04-28T08:47:38+00:00\",\"description\":\"Jeux Gonflables \u00e0 Besan\u00e7on Chalezeule parmi plein d'autres activit\u00e9s \u00e0 tester sans plus tarder ! 10 55 Loisirs, Restaurant & Bar\",\"breadcrumb\":{\"@id\":\"https:\/\/www.1055.fr\/besancon\/activites-outdoor\/parc-gonflable\/#breadcrumb\"},\"mainEntity\":[{\"@id\":\"https:\/\/www.1055.fr\/besancon\/activites-outdoor\/parc-gonflable\/#faq-question-1686056498491\"},{\"@id\":\"https:\/\/www.1055.fr\/besancon\/activites-outdoor\/parc-gonflable\/#faq-question-1686056554298\"},{\"@id\":\"https:\/\/www.1055.fr\/besancon\/activites-outdoor\/parc-gonflable\/#faq-question-1686056610189\"}],\"inLanguage\":\"fr-FR\",\"potentialAction\":[{\"@type\":\"ReadAction\",\"target\":[\"https:\/\/www.1055.fr\/besancon\/activites-outdoor\/parc-gonflable\/\"]}]},{\"@type\":\"ImageObject\",\"inLanguage\":\"fr-FR\",\"@id\":\"https:\/\/www.1055.fr\/besancon\/activites-outdoor\/parc-gonflable\/#primaryimage\",\"url\":\"https:\/\/www.1055.fr\/besancon\/contenu\/uploads\/2022\/07\/2560X512_GONFLABLES.jpg\",\"contentUrl\":\"https:\/\/www.1055.fr\/besancon\/contenu\/uploads\/2022\/07\/2560X512_GONFLABLES.jpg\",\"width\":2560,\"height\":512},{\"@type\":\"BreadcrumbList\",\"@id\":\"https:\/\/www.1055.fr\/besancon\/activites-outdoor\/parc-gonflable\/#breadcrumb\",\"itemListElement\":[{\"@type\":\"ListItem\",\"position\":1,\"name\":\"Home\",\"item\":\"https:\/\/www.1055.fr\/besancon\/\"},{\"@type\":\"ListItem\",\"position\":2,\"name\":\"Parc Outdoor\",\"item\":\"https:\/\/www.1055.fr\/besancon\/activites-outdoor\/\"},{\"@type\":\"ListItem\",\"position\":3,\"name\":\"Jeux Gonflables Outdoor\"}]},{\"@type\":\"WebSite\",\"@id\":\"https:\/\/www.1055.fr\/besancon\/#website\",\"url\":\"https:\/\/www.1055.fr\/besancon\/\",\"name\":\"\",\"description\":\"\",\"publisher\":{\"@id\":\"https:\/\/www.1055.fr\/besancon\/#organization\"},\"potentialAction\":[{\"@type\":\"SearchAction\",\"target\":{\"@type\":\"EntryPoint\",\"urlTemplate\":\"https:\/\/www.1055.fr\/besancon\/?s={search_term_string}\"},\"query-input\":{\"@type\":\"PropertyValueSpecification\",\"valueRequired\":true,\"valueName\":\"search_term_string\"}}],\"inLanguage\":\"fr-FR\"},{\"@type\":\"Organization\",\"@id\":\"https:\/\/www.1055.fr\/besancon\/#organization\",\"name\":\"1055 Besan\u00e7on\",\"url\":\"https:\/\/www.1055.fr\/besancon\/\",\"logo\":{\"@type\":\"ImageObject\",\"inLanguage\":\"fr-FR\",\"@id\":\"https:\/\/www.1055.fr\/besancon\/#\/schema\/logo\/image\/\",\"url\":\"https:\/\/www.1055.fr\/besancon\/contenu\/uploads\/2021\/04\/logo-page-2-1.png\",\"contentUrl\":\"https:\/\/www.1055.fr\/besancon\/contenu\/uploads\/2021\/04\/logo-page-2-1.png\",\"width\":120,\"height\":162,\"caption\":\"1055 Besan\u00e7on\"},\"image\":{\"@id\":\"https:\/\/www.1055.fr\/besancon\/#\/schema\/logo\/image\/\"}},{\"@type\":\"Question\",\"@id\":\"https:\/\/www.1055.fr\/besancon\/activites-outdoor\/parc-gonflable\/#faq-question-1686056498491\",\"position\":1,\"url\":\"https:\/\/www.1055.fr\/besancon\/activites-outdoor\/parc-gonflable\/#faq-question-1686056498491\",\"name\":\"A partir de quel \u00e2ge peut-on jouer dans les structures gonflables ?\",\"answerCount\":1,\"acceptedAnswer\":{\"@type\":\"Answer\",\"text\":\"D\u00e8s que l'enfant g\u00e9n\u00e8re de l'int\u00e9r\u00eat pour nos structures, il est grand pour y aller, toujours sous la responsabilit\u00e9 des parents ! Nous avons une structure d\u00e9di\u00e9 aux tout-petits \",\"inLanguage\":\"fr-FR\"},\"inLanguage\":\"fr-FR\"},{\"@type\":\"Question\",\"@id\":\"https:\/\/www.1055.fr\/besancon\/activites-outdoor\/parc-gonflable\/#faq-question-1686056554298\",\"position\":2,\"url\":\"https:\/\/www.1055.fr\/besancon\/activites-outdoor\/parc-gonflable\/#faq-question-1686056554298\",\"name\":\"Je suis parents, est-ce que je dois payer mon entr\u00e9e ?\",\"answerCount\":1,\"acceptedAnswer\":{\"@type\":\"Answer\",\"text\":\"Toute personne participant aux activit\u00e9s doit payer son entr\u00e9e. Si votre enfant fait moins de 120cm, vous b\u00e9n\u00e9ficiez du tarif accompagnant de 10\u20ac* *avec la carte 10.55, sinon, 12\u20ac\",\"inLanguage\":\"fr-FR\"},\"inLanguage\":\"fr-FR\"},{\"@type\":\"Question\",\"@id\":\"https:\/\/www.1055.fr\/besancon\/activites-outdoor\/parc-gonflable\/#faq-question-1686056610189\",\"position\":3,\"url\":\"https:\/\/www.1055.fr\/besancon\/activites-outdoor\/parc-gonflable\/#faq-question-1686056610189\",\"name\":\"Les chaussettes anti-d\u00e9rapantes sont-elle obligatoire dans la structure ?\",\"answerCount\":1,\"acceptedAnswer\":{\"@type\":\"Answer\",\"text\":\"oui, pour des raisons de s\u00e9curit\u00e9 et d'hygi\u00e8ne. Nous en vendons sur place 2.50\u20ac la paire.\",\"inLanguage\":\"fr-FR\"},\"inLanguage\":\"fr-FR\"}]}<\/script>\n<!-- \/ Yoast SEO Premium plugin. -->","yoast_head_json":{"title":"Jeux Gonflables Outdoor","description":"Jeux Gonflables \u00e0 Besan\u00e7on Chalezeule parmi plein d'autres activit\u00e9s \u00e0 tester sans plus tarder ! 10 55 Loisirs, Restaurant & Bar","robots":{"index":"index","follow":"follow","max-snippet":"max-snippet:-1","max-image-preview":"max-image-preview:large","max-video-preview":"max-video-preview:-1"},"canonical":"https:\/\/www.1055.fr\/besancon\/activites-outdoor\/parc-gonflable\/","og_locale":"fr_FR","og_type":"article","og_title":"Jeux Gonflables Outdoor","og_description":"Jeux Gonflables \u00e0 Besan\u00e7on Chalezeule parmi plein d'autres activit\u00e9s \u00e0 tester sans plus tarder ! 10 55 Loisirs, Restaurant & Bar","og_url":"https:\/\/www.1055.fr\/besancon\/activites-outdoor\/parc-gonflable\/","article_modified_time":"2025-04-28T08:47:38+00:00","og_image":[{"width":2560,"height":512,"url":"https:\/\/www.1055.fr\/besancon\/contenu\/uploads\/2022\/07\/2560X512_GONFLABLES.jpg","type":"image\/jpeg"}],"twitter_card":"summary_large_image","twitter_misc":{"Dur\u00e9e de lecture estim\u00e9e":"6 minutes"},"schema":{"@context":"https:\/\/schema.org","@graph":[{"@type":["WebPage","FAQPage"],"@id":"https:\/\/www.1055.fr\/besancon\/activites-outdoor\/parc-gonflable\/","url":"https:\/\/www.1055.fr\/besancon\/activites-outdoor\/parc-gonflable\/","name":"Jeux Gonflables Outdoor","isPartOf":{"@id":"https:\/\/www.1055.fr\/besancon\/#website"},"primaryImageOfPage":{"@id":"https:\/\/www.1055.fr\/besancon\/activites-outdoor\/parc-gonflable\/#primaryimage"},"image":{"@id":"https:\/\/www.1055.fr\/besancon\/activites-outdoor\/parc-gonflable\/#primaryimage"},"thumbnailUrl":"https:\/\/www.1055.fr\/besancon\/contenu\/uploads\/2022\/07\/2560X512_GONFLABLES.jpg","datePublished":"2021-10-13T09:15:21+00:00","dateModified":"2025-04-28T08:47:38+00:00","description":"Jeux Gonflables \u00e0 Besan\u00e7on Chalezeule parmi plein d'autres activit\u00e9s \u00e0 tester sans plus tarder ! 10 55 Loisirs, Restaurant & Bar","breadcrumb":{"@id":"https:\/\/www.1055.fr\/besancon\/activites-outdoor\/parc-gonflable\/#breadcrumb"},"mainEntity":[{"@id":"https:\/\/www.1055.fr\/besancon\/activites-outdoor\/parc-gonflable\/#faq-question-1686056498491"},{"@id":"https:\/\/www.1055.fr\/besancon\/activites-outdoor\/parc-gonflable\/#faq-question-1686056554298"},{"@id":"https:\/\/www.1055.fr\/besancon\/activites-outdoor\/parc-gonflable\/#faq-question-1686056610189"}],"inLanguage":"fr-FR","potentialAction":[{"@type":"ReadAction","target":["https:\/\/www.1055.fr\/besancon\/activites-outdoor\/parc-gonflable\/"]}]},{"@type":"ImageObject","inLanguage":"fr-FR","@id":"https:\/\/www.1055.fr\/besancon\/activites-outdoor\/parc-gonflable\/#primaryimage","url":"https:\/\/www.1055.fr\/besancon\/contenu\/uploads\/2022\/07\/2560X512_GONFLABLES.jpg","contentUrl":"https:\/\/www.1055.fr\/besancon\/contenu\/uploads\/2022\/07\/2560X512_GONFLABLES.jpg","width":2560,"height":512},{"@type":"BreadcrumbList","@id":"https:\/\/www.1055.fr\/besancon\/activites-outdoor\/parc-gonflable\/#breadcrumb","itemListElement":[{"@type":"ListItem","position":1,"name":"Home","item":"https:\/\/www.1055.fr\/besancon\/"},{"@type":"ListItem","position":2,"name":"Parc Outdoor","item":"https:\/\/www.1055.fr\/besancon\/activites-outdoor\/"},{"@type":"ListItem","position":3,"name":"Jeux Gonflables Outdoor"}]},{"@type":"WebSite","@id":"https:\/\/www.1055.fr\/besancon\/#website","url":"https:\/\/www.1055.fr\/besancon\/","name":"","description":"","publisher":{"@id":"https:\/\/www.1055.fr\/besancon\/#organization"},"potentialAction":[{"@type":"SearchAction","target":{"@type":"EntryPoint","urlTemplate":"https:\/\/www.1055.fr\/besancon\/?s={search_term_string}"},"query-input":{"@type":"PropertyValueSpecification","valueRequired":true,"valueName":"search_term_string"}}],"inLanguage":"fr-FR"},{"@type":"Organization","@id":"https:\/\/www.1055.fr\/besancon\/#organization","name":"1055 Besan\u00e7on","url":"https:\/\/www.1055.fr\/besancon\/","logo":{"@type":"ImageObject","inLanguage":"fr-FR","@id":"https:\/\/www.1055.fr\/besancon\/#\/schema\/logo\/image\/","url":"https:\/\/www.1055.fr\/besancon\/contenu\/uploads\/2021\/04\/logo-page-2-1.png","contentUrl":"https:\/\/www.1055.fr\/besancon\/contenu\/uploads\/2021\/04\/logo-page-2-1.png","width":120,"height":162,"caption":"1055 Besan\u00e7on"},"image":{"@id":"https:\/\/www.1055.fr\/besancon\/#\/schema\/logo\/image\/"}},{"@type":"Question","@id":"https:\/\/www.1055.fr\/besancon\/activites-outdoor\/parc-gonflable\/#faq-question-1686056498491","position":1,"url":"https:\/\/www.1055.fr\/besancon\/activites-outdoor\/parc-gonflable\/#faq-question-1686056498491","name":"A partir de quel \u00e2ge peut-on jouer dans les structures gonflables ?","answerCount":1,"acceptedAnswer":{"@type":"Answer","text":"D\u00e8s que l'enfant g\u00e9n\u00e8re de l'int\u00e9r\u00eat pour nos structures, il est grand pour y aller, toujours sous la responsabilit\u00e9 des parents ! Nous avons une structure d\u00e9di\u00e9 aux tout-petits ","inLanguage":"fr-FR"},"inLanguage":"fr-FR"},{"@type":"Question","@id":"https:\/\/www.1055.fr\/besancon\/activites-outdoor\/parc-gonflable\/#faq-question-1686056554298","position":2,"url":"https:\/\/www.1055.fr\/besancon\/activites-outdoor\/parc-gonflable\/#faq-question-1686056554298","name":"Je suis parents, est-ce que je dois payer mon entr\u00e9e ?","answerCount":1,"acceptedAnswer":{"@type":"Answer","text":"Toute personne participant aux activit\u00e9s doit payer son entr\u00e9e. Si votre enfant fait moins de 120cm, vous b\u00e9n\u00e9ficiez du tarif accompagnant de 10\u20ac* *avec la carte 10.55, sinon, 12\u20ac","inLanguage":"fr-FR"},"inLanguage":"fr-FR"},{"@type":"Question","@id":"https:\/\/www.1055.fr\/besancon\/activites-outdoor\/parc-gonflable\/#faq-question-1686056610189","position":3,"url":"https:\/\/www.1055.fr\/besancon\/activites-outdoor\/parc-gonflable\/#faq-question-1686056610189","name":"Les chaussettes anti-d\u00e9rapantes sont-elle obligatoire dans la structure ?","answerCount":1,"acceptedAnswer":{"@type":"Answer","text":"oui, pour des raisons de s\u00e9curit\u00e9 et d'hygi\u00e8ne. Nous en vendons sur place 2.50\u20ac la paire.","inLanguage":"fr-FR"},"inLanguage":"fr-FR"}]}},"_links":{"self":[{"href":"https:\/\/www.1055.fr\/besancon\/wp-json\/wp\/v2\/pages\/522","targetHints":{"allow":["GET"]}}],"collection":[{"href":"https:\/\/www.1055.fr\/besancon\/wp-json\/wp\/v2\/pages"}],"about":[{"href":"https:\/\/www.1055.fr\/besancon\/wp-json\/wp\/v2\/types\/page"}],"author":[{"embeddable":true,"href":"https:\/\/www.1055.fr\/besancon\/wp-json\/wp\/v2\/users\/10"}],"replies":[{"embeddable":true,"href":"https:\/\/www.1055.fr\/besancon\/wp-json\/wp\/v2\/comments?post=522"}],"version-history":[{"count":2,"href":"https:\/\/www.1055.fr\/besancon\/wp-json\/wp\/v2\/pages\/522\/revisions"}],"predecessor-version":[{"id":6421,"href":"https:\/\/www.1055.fr\/besancon\/wp-json\/wp\/v2\/pages\/522\/revisions\/6421"}],"up":[{"embeddable":true,"href":"https:\/\/www.1055.fr\/besancon\/wp-json\/wp\/v2\/pages\/507"}],"wp:featuredmedia":[{"embeddable":true,"href":"https:\/\/www.1055.fr\/besancon\/wp-json\/wp\/v2\/media\/1225"}],"wp:attachment":[{"href":"https:\/\/www.1055.fr\/besancon\/wp-json\/wp\/v2\/media?parent=522"}],"curies":[{"name":"wp","href":"https:\/\/api.w.org\/{rel}","templated":true}]}}