{"id":519,"date":"2021-10-13T11:11:37","date_gmt":"2021-10-13T09:11:37","guid":{"rendered":"https:\/\/www.1055.fr\/besancon\/?page_id=519"},"modified":"2025-02-24T12:56:32","modified_gmt":"2025-02-24T11:56:32","slug":"parcours-filet","status":"publish","type":"page","link":"https:\/\/www.1055.fr\/besancon\/activites\/parcours-filet\/","title":{"rendered":"Parcours Aventure"},"content":{"rendered":"<div class=\"entry-content\">\n<h2>Parcours Aventure\u00a0 : pr\u00e9pare-toi et grimpe dans la structure !<\/h2>\n<p>Le parcours aventure, c\u2019est aussi un module <strong>nouvelle g\u00e9n\u00e9ration<\/strong> situ\u00e9 \u00e0 <strong>plusieurs m\u00e8tres du sol !<\/strong> Grimpez tout en haut d\u2019une grande structure ludique entour\u00e9e de filets. D\u00e9couvrez un v\u00e9ritable<strong> terrain de jeu<\/strong> \u00e0 plusieurs m\u00e8tres du sol <strong>pour petits et grands !<\/strong> Passez le point de singe, accrochez vous \u00e0 la \u00ab\u00a0toile d\u2019araign\u00e9e\u00a0\u00bb pour acc\u00e9der \u00e0 la plateforme suivante. Vous avez peur de la chute? Pas de probl\u00e8me, le parcours est entour\u00e9 <strong>de filets pour chuter en toute s\u00e9curit\u00e9 !<\/strong><\/p>\n<p><img decoding=\"async\" class=\"wp-image-8008 aligncenter\" src=\"https:\/\/www.1055.fr\/chalon\/contenu\/uploads\/2022\/08\/PH-18-300x200.jpg\" sizes=\"(max-width: 446px) 100vw, 446px\" srcset=\"https:\/\/www.1055.fr\/chalon\/contenu\/uploads\/2022\/08\/PH-18-300x200.jpg 300w, https:\/\/www.1055.fr\/chalon\/contenu\/uploads\/2022\/08\/PH-18-1024x683.jpg 1024w, https:\/\/www.1055.fr\/chalon\/contenu\/uploads\/2022\/08\/PH-18-768x512.jpg 768w, https:\/\/www.1055.fr\/chalon\/contenu\/uploads\/2022\/08\/PH-18-1536x1024.jpg 1536w, https:\/\/www.1055.fr\/chalon\/contenu\/uploads\/2022\/08\/PH-18-24x16.jpg 24w, https:\/\/www.1055.fr\/chalon\/contenu\/uploads\/2022\/08\/PH-18-36x24.jpg 36w, https:\/\/www.1055.fr\/chalon\/contenu\/uploads\/2022\/08\/PH-18-48x32.jpg 48w, https:\/\/www.1055.fr\/chalon\/contenu\/uploads\/2022\/08\/PH-18.jpg 2048w\" alt=\"\" width=\"446\" height=\"297\" \/><\/p>\n<h2>Le Parcours Aventure : une activit\u00e9 pour tous les \u00e2ges !<\/h2>\n<p>Vous aimez vous<strong> amuser entre potes,<\/strong> le parcours aventure est fait pour vous : \u201cchiller\u201d dans la zone d\u00e9tente avec de grands ballons color\u00e9s et publiez vos plus belles \u201cstory\u201d \ud83d\ude09. Vous \u00eates parents et vous<strong> voulez accompagner votre bambin<\/strong> dans sa motricit\u00e9 de mani\u00e8re ludique : pas de probl\u00e8me, le parcours aventure est s\u00e9curis\u00e9, et certains modules sont parfaitement adapt\u00e9s aux petits enfants ! Vous aimez les challenges ? Essayer de passer les modules le plus rapidement possible ! Bref, le Parcours Aventure, <strong>c\u2019est une multitude d\u2019\u00e9motions et de jeux !<\/strong><\/p>\n<p><img decoding=\"async\" class=\"wp-image-8009 aligncenter\" src=\"https:\/\/www.1055.fr\/chalon\/contenu\/uploads\/2022\/08\/PH-39-300x200.jpg\" sizes=\"(max-width: 446px) 100vw, 446px\" srcset=\"https:\/\/www.1055.fr\/chalon\/contenu\/uploads\/2022\/08\/PH-39-300x200.jpg 300w, https:\/\/www.1055.fr\/chalon\/contenu\/uploads\/2022\/08\/PH-39-1024x683.jpg 1024w, https:\/\/www.1055.fr\/chalon\/contenu\/uploads\/2022\/08\/PH-39-768x512.jpg 768w, https:\/\/www.1055.fr\/chalon\/contenu\/uploads\/2022\/08\/PH-39-1536x1024.jpg 1536w, https:\/\/www.1055.fr\/chalon\/contenu\/uploads\/2022\/08\/PH-39-24x16.jpg 24w, https:\/\/www.1055.fr\/chalon\/contenu\/uploads\/2022\/08\/PH-39-36x24.jpg 36w, https:\/\/www.1055.fr\/chalon\/contenu\/uploads\/2022\/08\/PH-39-48x32.jpg 48w, https:\/\/www.1055.fr\/chalon\/contenu\/uploads\/2022\/08\/PH-39.jpg 2048w\" alt=\"\" width=\"446\" height=\"297\" \/><\/p>\n<p><em>*Les photos ci-dessus sont des photos du Parcours Aventure du 10.55 de Lons-le-Saunier<\/em><\/p>\n<p>&nbsp;<\/p>\n<\/div>\n","protected":false},"excerpt":{"rendered":"<p>Le Parcours Aventure pur les grands et les petits, c&rsquo;est un parcours filet en hauteur : un v\u00e9ritable terrain de jeux ! <\/p>\n","protected":false},"author":10,"featured_media":936,"parent":164,"menu_order":5,"comment_status":"closed","ping_status":"closed","template":"page-activite.php","meta":{"_acf_changed":false,"inline_featured_image":false,"footnotes":""},"class_list":["post-519","page","type-page","status-publish","has-post-thumbnail","hentry"],"acf":[],"yoast_head":"<!-- This site is optimized with the Yoast SEO Premium plugin v24.7 (Yoast SEO v24.7) - https:\/\/yoast.com\/wordpress\/plugins\/seo\/ -->\n<title>Parcours Aventure<\/title>\n<meta name=\"robots\" content=\"index, follow, max-snippet:-1, max-image-preview:large, max-video-preview:-1\" \/>\n<link rel=\"canonical\" href=\"https:\/\/www.1055.fr\/besancon\/activites\/parcours-filet\/\" \/>\n<meta property=\"og:locale\" content=\"fr_FR\" \/>\n<meta property=\"og:type\" content=\"article\" \/>\n<meta property=\"og:title\" content=\"Parcours Aventure\" \/>\n<meta property=\"og:description\" content=\"Le Parcours Aventure pur les grands et les petits, c&#039;est un parcours filet en hauteur : un v\u00e9ritable terrain de jeux !\" \/>\n<meta property=\"og:url\" content=\"https:\/\/www.1055.fr\/besancon\/activites\/parcours-filet\/\" \/>\n<meta property=\"article:modified_time\" content=\"2025-02-24T11:56:32+00:00\" \/>\n<meta property=\"og:image\" content=\"https:\/\/www.1055.fr\/besancon\/contenu\/uploads\/2022\/05\/pachalon-1024x205-1.jpg\" \/>\n\t<meta property=\"og:image:width\" content=\"1024\" \/>\n\t<meta property=\"og:image:height\" content=\"205\" \/>\n\t<meta property=\"og:image:type\" content=\"image\/jpeg\" \/>\n<meta name=\"twitter:card\" content=\"summary_large_image\" \/>\n<meta name=\"twitter:label1\" content=\"Dur\u00e9e de lecture estim\u00e9e\" \/>\n\t<meta name=\"twitter:data1\" content=\"2 minutes\" \/>\n<script type=\"application\/ld+json\" class=\"yoast-schema-graph\">{\"@context\":\"https:\/\/schema.org\",\"@graph\":[{\"@type\":\"WebPage\",\"@id\":\"https:\/\/www.1055.fr\/besancon\/activites\/parcours-filet\/\",\"url\":\"https:\/\/www.1055.fr\/besancon\/activites\/parcours-filet\/\",\"name\":\"Parcours Aventure\",\"isPartOf\":{\"@id\":\"https:\/\/www.1055.fr\/besancon\/#website\"},\"primaryImageOfPage\":{\"@id\":\"https:\/\/www.1055.fr\/besancon\/activites\/parcours-filet\/#primaryimage\"},\"image\":{\"@id\":\"https:\/\/www.1055.fr\/besancon\/activites\/parcours-filet\/#primaryimage\"},\"thumbnailUrl\":\"https:\/\/www.1055.fr\/besancon\/contenu\/uploads\/2022\/05\/pachalon-1024x205-1.jpg\",\"datePublished\":\"2021-10-13T09:11:37+00:00\",\"dateModified\":\"2025-02-24T11:56:32+00:00\",\"breadcrumb\":{\"@id\":\"https:\/\/www.1055.fr\/besancon\/activites\/parcours-filet\/#breadcrumb\"},\"inLanguage\":\"fr-FR\",\"potentialAction\":[{\"@type\":\"ReadAction\",\"target\":[\"https:\/\/www.1055.fr\/besancon\/activites\/parcours-filet\/\"]}]},{\"@type\":\"ImageObject\",\"inLanguage\":\"fr-FR\",\"@id\":\"https:\/\/www.1055.fr\/besancon\/activites\/parcours-filet\/#primaryimage\",\"url\":\"https:\/\/www.1055.fr\/besancon\/contenu\/uploads\/2022\/05\/pachalon-1024x205-1.jpg\",\"contentUrl\":\"https:\/\/www.1055.fr\/besancon\/contenu\/uploads\/2022\/05\/pachalon-1024x205-1.jpg\",\"width\":1024,\"height\":205},{\"@type\":\"BreadcrumbList\",\"@id\":\"https:\/\/www.1055.fr\/besancon\/activites\/parcours-filet\/#breadcrumb\",\"itemListElement\":[{\"@type\":\"ListItem\",\"position\":1,\"name\":\"Home\",\"item\":\"https:\/\/www.1055.fr\/besancon\/\"},{\"@type\":\"ListItem\",\"position\":2,\"name\":\"Parc Indoor\",\"item\":\"https:\/\/www.1055.fr\/besancon\/activites\/\"},{\"@type\":\"ListItem\",\"position\":3,\"name\":\"Parcours Aventure\"}]},{\"@type\":\"WebSite\",\"@id\":\"https:\/\/www.1055.fr\/besancon\/#website\",\"url\":\"https:\/\/www.1055.fr\/besancon\/\",\"name\":\"\",\"description\":\"\",\"publisher\":{\"@id\":\"https:\/\/www.1055.fr\/besancon\/#organization\"},\"potentialAction\":[{\"@type\":\"SearchAction\",\"target\":{\"@type\":\"EntryPoint\",\"urlTemplate\":\"https:\/\/www.1055.fr\/besancon\/?s={search_term_string}\"},\"query-input\":{\"@type\":\"PropertyValueSpecification\",\"valueRequired\":true,\"valueName\":\"search_term_string\"}}],\"inLanguage\":\"fr-FR\"},{\"@type\":\"Organization\",\"@id\":\"https:\/\/www.1055.fr\/besancon\/#organization\",\"name\":\"1055 Besan\u00e7on\",\"url\":\"https:\/\/www.1055.fr\/besancon\/\",\"logo\":{\"@type\":\"ImageObject\",\"inLanguage\":\"fr-FR\",\"@id\":\"https:\/\/www.1055.fr\/besancon\/#\/schema\/logo\/image\/\",\"url\":\"https:\/\/www.1055.fr\/besancon\/contenu\/uploads\/2021\/04\/logo-page-2-1.png\",\"contentUrl\":\"https:\/\/www.1055.fr\/besancon\/contenu\/uploads\/2021\/04\/logo-page-2-1.png\",\"width\":120,\"height\":162,\"caption\":\"1055 Besan\u00e7on\"},\"image\":{\"@id\":\"https:\/\/www.1055.fr\/besancon\/#\/schema\/logo\/image\/\"}}]}<\/script>\n<!-- \/ Yoast SEO Premium plugin. -->","yoast_head_json":{"title":"Parcours Aventure","robots":{"index":"index","follow":"follow","max-snippet":"max-snippet:-1","max-image-preview":"max-image-preview:large","max-video-preview":"max-video-preview:-1"},"canonical":"https:\/\/www.1055.fr\/besancon\/activites\/parcours-filet\/","og_locale":"fr_FR","og_type":"article","og_title":"Parcours Aventure","og_description":"Le Parcours Aventure pur les grands et les petits, c'est un parcours filet en hauteur : un v\u00e9ritable terrain de jeux !","og_url":"https:\/\/www.1055.fr\/besancon\/activites\/parcours-filet\/","article_modified_time":"2025-02-24T11:56:32+00:00","og_image":[{"width":1024,"height":205,"url":"https:\/\/www.1055.fr\/besancon\/contenu\/uploads\/2022\/05\/pachalon-1024x205-1.jpg","type":"image\/jpeg"}],"twitter_card":"summary_large_image","twitter_misc":{"Dur\u00e9e de lecture estim\u00e9e":"2 minutes"},"schema":{"@context":"https:\/\/schema.org","@graph":[{"@type":"WebPage","@id":"https:\/\/www.1055.fr\/besancon\/activites\/parcours-filet\/","url":"https:\/\/www.1055.fr\/besancon\/activites\/parcours-filet\/","name":"Parcours Aventure","isPartOf":{"@id":"https:\/\/www.1055.fr\/besancon\/#website"},"primaryImageOfPage":{"@id":"https:\/\/www.1055.fr\/besancon\/activites\/parcours-filet\/#primaryimage"},"image":{"@id":"https:\/\/www.1055.fr\/besancon\/activites\/parcours-filet\/#primaryimage"},"thumbnailUrl":"https:\/\/www.1055.fr\/besancon\/contenu\/uploads\/2022\/05\/pachalon-1024x205-1.jpg","datePublished":"2021-10-13T09:11:37+00:00","dateModified":"2025-02-24T11:56:32+00:00","breadcrumb":{"@id":"https:\/\/www.1055.fr\/besancon\/activites\/parcours-filet\/#breadcrumb"},"inLanguage":"fr-FR","potentialAction":[{"@type":"ReadAction","target":["https:\/\/www.1055.fr\/besancon\/activites\/parcours-filet\/"]}]},{"@type":"ImageObject","inLanguage":"fr-FR","@id":"https:\/\/www.1055.fr\/besancon\/activites\/parcours-filet\/#primaryimage","url":"https:\/\/www.1055.fr\/besancon\/contenu\/uploads\/2022\/05\/pachalon-1024x205-1.jpg","contentUrl":"https:\/\/www.1055.fr\/besancon\/contenu\/uploads\/2022\/05\/pachalon-1024x205-1.jpg","width":1024,"height":205},{"@type":"BreadcrumbList","@id":"https:\/\/www.1055.fr\/besancon\/activites\/parcours-filet\/#breadcrumb","itemListElement":[{"@type":"ListItem","position":1,"name":"Home","item":"https:\/\/www.1055.fr\/besancon\/"},{"@type":"ListItem","position":2,"name":"Parc Indoor","item":"https:\/\/www.1055.fr\/besancon\/activites\/"},{"@type":"ListItem","position":3,"name":"Parcours Aventure"}]},{"@type":"WebSite","@id":"https:\/\/www.1055.fr\/besancon\/#website","url":"https:\/\/www.1055.fr\/besancon\/","name":"","description":"","publisher":{"@id":"https:\/\/www.1055.fr\/besancon\/#organization"},"potentialAction":[{"@type":"SearchAction","target":{"@type":"EntryPoint","urlTemplate":"https:\/\/www.1055.fr\/besancon\/?s={search_term_string}"},"query-input":{"@type":"PropertyValueSpecification","valueRequired":true,"valueName":"search_term_string"}}],"inLanguage":"fr-FR"},{"@type":"Organization","@id":"https:\/\/www.1055.fr\/besancon\/#organization","name":"1055 Besan\u00e7on","url":"https:\/\/www.1055.fr\/besancon\/","logo":{"@type":"ImageObject","inLanguage":"fr-FR","@id":"https:\/\/www.1055.fr\/besancon\/#\/schema\/logo\/image\/","url":"https:\/\/www.1055.fr\/besancon\/contenu\/uploads\/2021\/04\/logo-page-2-1.png","contentUrl":"https:\/\/www.1055.fr\/besancon\/contenu\/uploads\/2021\/04\/logo-page-2-1.png","width":120,"height":162,"caption":"1055 Besan\u00e7on"},"image":{"@id":"https:\/\/www.1055.fr\/besancon\/#\/schema\/logo\/image\/"}}]}},"_links":{"self":[{"href":"https:\/\/www.1055.fr\/besancon\/wp-json\/wp\/v2\/pages\/519","targetHints":{"allow":["GET"]}}],"collection":[{"href":"https:\/\/www.1055.fr\/besancon\/wp-json\/wp\/v2\/pages"}],"about":[{"href":"https:\/\/www.1055.fr\/besancon\/wp-json\/wp\/v2\/types\/page"}],"author":[{"embeddable":true,"href":"https:\/\/www.1055.fr\/besancon\/wp-json\/wp\/v2\/users\/10"}],"replies":[{"embeddable":true,"href":"https:\/\/www.1055.fr\/besancon\/wp-json\/wp\/v2\/comments?post=519"}],"version-history":[{"count":2,"href":"https:\/\/www.1055.fr\/besancon\/wp-json\/wp\/v2\/pages\/519\/revisions"}],"predecessor-version":[{"id":6133,"href":"https:\/\/www.1055.fr\/besancon\/wp-json\/wp\/v2\/pages\/519\/revisions\/6133"}],"up":[{"embeddable":true,"href":"https:\/\/www.1055.fr\/besancon\/wp-json\/wp\/v2\/pages\/164"}],"wp:featuredmedia":[{"embeddable":true,"href":"https:\/\/www.1055.fr\/besancon\/wp-json\/wp\/v2\/media\/936"}],"wp:attachment":[{"href":"https:\/\/www.1055.fr\/besancon\/wp-json\/wp\/v2\/media?parent=519"}],"curies":[{"name":"wp","href":"https:\/\/api.w.org\/{rel}","templated":true}]}}