{"id":488,"date":"2021-05-18T09:25:41","date_gmt":"2021-05-18T07:25:41","guid":{"rendered":"https:\/\/www.1055.fr\/besancon\/?page_id=488"},"modified":"2024-09-17T13:54:12","modified_gmt":"2024-09-17T11:54:12","slug":"tactic-room","status":"publish","type":"page","link":"https:\/\/www.1055.fr\/besancon\/activites\/tactic-room\/","title":{"rendered":"Tac-Tic Room"},"content":{"rendered":"<p><img decoding=\"async\" class=\"wp-image-8145 aligncenter\" src=\"https:\/\/www.1055.fr\/lons-le-saunier\/contenu\/uploads\/2022\/05\/Tactic-Room-19-300x200.jpg\" alt=\"\" width=\"455\" height=\"303\" \/><\/p>\n<p><strong>\u00a0<\/strong><\/p>\n<p><img decoding=\"async\" class=\"size-medium wp-image-7141 aligncenter\" src=\"https:\/\/www.1055.fr\/lons-le-saunier\/contenu\/uploads\/2021\/11\/LOGO-TACTIC-ROOM-300x139.jpg\" alt=\"\" width=\"300\" height=\"139\" \/><\/p>\n<h2>TAC-TIC Room, le nouveau jeu sign\u00e9 10. 55 \u00e0 Besan\u00e7on, qu&rsquo;est ce que c&rsquo;est ?<\/h2>\n<p>P\u00e9n\u00e9trez dans une immense salle dot\u00e9e de 10 \u00e0 20 pi\u00e8ces*<strong> toutes plus myst\u00e9rieuses les unes que les autres<\/strong> &#8230; Chacune de ces pi\u00e8ces abrite une \u00e9preuve \u00e0 r\u00e9aliser dans un d\u00e9lai imparti : aurez-vous <strong>le courage<\/strong> d&rsquo;ouvrir les portes ?<\/p>\n<p><em>*20 pi\u00e8ces maximum en simultan\u00e9e. Certaines de nos pi\u00e8ces peuvent ne pas \u00eatre disponibles pour cause de maintenance ou de mise \u00e0 jour.10 \u00e0 20 pi\u00e8ces disponibles.<br \/>\n<\/em><\/p>\n<p><img decoding=\"async\" class=\"alignnone size-medium wp-image-8143\" src=\"https:\/\/www.1055.fr\/lons-le-saunier\/contenu\/uploads\/2022\/05\/Tactic-Room-20-300x200.jpg\" alt=\"\" width=\"300\" height=\"200\" \/> <img decoding=\"async\" class=\"alignnone size-medium wp-image-8148\" src=\"https:\/\/www.1055.fr\/lons-le-saunier\/contenu\/uploads\/2022\/05\/Tactic-Room-13-300x200.jpg\" alt=\"\" width=\"300\" height=\"200\" \/><\/p>\n<p><strong>R\u00e9flexion, dext\u00e9rit\u00e9 et physique<\/strong> : voici les trois mots cl\u00e9s qui figurent \u00e0 l&rsquo;entr\u00e9e de chaque pi\u00e8ce ! Certaines \u00e9preuves font appel \u00e0 votre endurance, tandis que d&rsquo;autres forceront votre logique et votre r\u00e9flexion. Le challenge est de ne pas c\u00e9der \u00e0 la pression du TAC-TIC Room et de trouver les solutions le plus rapidement possible pour empocher le plus de points &#8230; Tic Tac; Tic Tac : <strong>chaque seconde compte !<\/strong><\/p>\n<p><img decoding=\"async\" class=\"wp-image-8142 aligncenter\" src=\"https:\/\/www.1055.fr\/lons-le-saunier\/contenu\/uploads\/2022\/05\/Tactic-Room-9-300x200.jpg\" alt=\"\" width=\"446\" height=\"297\" \/><\/p>\n<h2>Une v\u00e9ritable aventure en plein c\u0153ur de votre complexe de Loisirs<\/h2>\n<p>Evadez-vous et vivez de nouvelles sensations gr\u00e2ce \u00e0 notre nouveau jeu Tac-Tic Room nouvelle g\u00e9n\u00e9ration ! Le + : cette activit\u00e9 est une parmi tant d&rsquo;autres au sein du 10 55 de Besan\u00e7on \/ Chalezeule qui dispose <strong>de + de 13 activit\u00e9s indoor<\/strong> <strong>et outdoor<\/strong> ainsi qu&rsquo;un <strong>Restaurant unique et moderne<\/strong> pour vivre l&rsquo;exp\u00e9rience 10. 55 au complet !<\/p>\n<div style=\"width: 525px;\" class=\"wp-video\"><video class=\"wp-video-shortcode\" id=\"video-488-1\" width=\"525\" height=\"525\" preload=\"metadata\" controls=\"controls\"><source type=\"video\/mp4\" src=\"https:\/\/www.1055.fr\/lons-le-saunier\/contenu\/uploads\/2022\/02\/TACTICROOM_FACEBOOK.mp4?_=1\" \/><a href=\"https:\/\/www.1055.fr\/lons-le-saunier\/contenu\/uploads\/2022\/02\/TACTICROOM_FACEBOOK.mp4\">https:\/\/www.1055.fr\/lons-le-saunier\/contenu\/uploads\/2022\/02\/TACTICROOM_FACEBOOK.mp4<\/a><\/video><\/div>\n<p><a href=\"https:\/\/www.instagram.com\/1055.besancon\/\">Abonnez-vous sur Instagram<\/a> et<a href=\"https:\/\/www.facebook.com\/1055besanconchalezeule\"> suivez-nous sur Facebook<\/a> pour suivre les nouveaut\u00e9s !<\/p>\n<p><a href=\"https:\/\/www.1055.fr\/besancon\/activites\/\">Et en attendant, parcourez toutes nos activit\u00e9s<\/a><\/p>\n","protected":false},"excerpt":{"rendered":"<p>Le jeu immersif derni\u00e8re g\u00e9n\u00e9ration : un maximum de points \u00e0 r\u00e9colter en r\u00e9solvant des \u00e9nigmes !<\/p>\n","protected":false},"author":10,"featured_media":884,"parent":164,"menu_order":0,"comment_status":"closed","ping_status":"closed","template":"page-activite.php","meta":{"_acf_changed":false,"inline_featured_image":false,"footnotes":""},"class_list":["post-488","page","type-page","status-publish","has-post-thumbnail","hentry"],"acf":[],"yoast_head":"<!-- This site is optimized with the Yoast SEO Premium plugin v24.7 (Yoast SEO v24.7) - https:\/\/yoast.com\/wordpress\/plugins\/seo\/ -->\n<title>Tac-Tic Room<\/title>\n<meta name=\"robots\" content=\"index, follow, max-snippet:-1, max-image-preview:large, max-video-preview:-1\" \/>\n<link rel=\"canonical\" href=\"https:\/\/www.1055.fr\/besancon\/activites\/tactic-room\/\" \/>\n<meta property=\"og:locale\" content=\"fr_FR\" \/>\n<meta property=\"og:type\" content=\"article\" \/>\n<meta property=\"og:title\" content=\"Tac-Tic Room\" \/>\n<meta property=\"og:description\" content=\"Le jeu immersif derni\u00e8re g\u00e9n\u00e9ration : un maximum de points \u00e0 r\u00e9colter en r\u00e9solvant des \u00e9nigmes !\" \/>\n<meta property=\"og:url\" content=\"https:\/\/www.1055.fr\/besancon\/activites\/tactic-room\/\" \/>\n<meta property=\"article:modified_time\" content=\"2024-09-17T11:54:12+00:00\" \/>\n<meta property=\"og:image\" content=\"https:\/\/www.1055.fr\/besancon\/contenu\/uploads\/2022\/05\/Tactic-Room-1_1800x360.jpg\" \/>\n\t<meta property=\"og:image:width\" content=\"1800\" \/>\n\t<meta property=\"og:image:height\" content=\"360\" \/>\n\t<meta property=\"og:image:type\" content=\"image\/jpeg\" \/>\n<meta name=\"twitter:card\" content=\"summary_large_image\" \/>\n<meta name=\"twitter:label1\" content=\"Dur\u00e9e de lecture estim\u00e9e\" \/>\n\t<meta name=\"twitter:data1\" content=\"3 minutes\" \/>\n<script type=\"application\/ld+json\" class=\"yoast-schema-graph\">{\"@context\":\"https:\/\/schema.org\",\"@graph\":[{\"@type\":\"WebPage\",\"@id\":\"https:\/\/www.1055.fr\/besancon\/activites\/tactic-room\/\",\"url\":\"https:\/\/www.1055.fr\/besancon\/activites\/tactic-room\/\",\"name\":\"Tac-Tic Room\",\"isPartOf\":{\"@id\":\"https:\/\/www.1055.fr\/besancon\/#website\"},\"primaryImageOfPage\":{\"@id\":\"https:\/\/www.1055.fr\/besancon\/activites\/tactic-room\/#primaryimage\"},\"image\":{\"@id\":\"https:\/\/www.1055.fr\/besancon\/activites\/tactic-room\/#primaryimage\"},\"thumbnailUrl\":\"https:\/\/www.1055.fr\/besancon\/contenu\/uploads\/2022\/05\/Tactic-Room-1_1800x360.jpg\",\"datePublished\":\"2021-05-18T07:25:41+00:00\",\"dateModified\":\"2024-09-17T11:54:12+00:00\",\"breadcrumb\":{\"@id\":\"https:\/\/www.1055.fr\/besancon\/activites\/tactic-room\/#breadcrumb\"},\"inLanguage\":\"fr-FR\",\"potentialAction\":[{\"@type\":\"ReadAction\",\"target\":[\"https:\/\/www.1055.fr\/besancon\/activites\/tactic-room\/\"]}]},{\"@type\":\"ImageObject\",\"inLanguage\":\"fr-FR\",\"@id\":\"https:\/\/www.1055.fr\/besancon\/activites\/tactic-room\/#primaryimage\",\"url\":\"https:\/\/www.1055.fr\/besancon\/contenu\/uploads\/2022\/05\/Tactic-Room-1_1800x360.jpg\",\"contentUrl\":\"https:\/\/www.1055.fr\/besancon\/contenu\/uploads\/2022\/05\/Tactic-Room-1_1800x360.jpg\",\"width\":1800,\"height\":360},{\"@type\":\"BreadcrumbList\",\"@id\":\"https:\/\/www.1055.fr\/besancon\/activites\/tactic-room\/#breadcrumb\",\"itemListElement\":[{\"@type\":\"ListItem\",\"position\":1,\"name\":\"Home\",\"item\":\"https:\/\/www.1055.fr\/besancon\/\"},{\"@type\":\"ListItem\",\"position\":2,\"name\":\"Parc Indoor\",\"item\":\"https:\/\/www.1055.fr\/besancon\/activites\/\"},{\"@type\":\"ListItem\",\"position\":3,\"name\":\"Tac-Tic Room\"}]},{\"@type\":\"WebSite\",\"@id\":\"https:\/\/www.1055.fr\/besancon\/#website\",\"url\":\"https:\/\/www.1055.fr\/besancon\/\",\"name\":\"\",\"description\":\"\",\"publisher\":{\"@id\":\"https:\/\/www.1055.fr\/besancon\/#organization\"},\"potentialAction\":[{\"@type\":\"SearchAction\",\"target\":{\"@type\":\"EntryPoint\",\"urlTemplate\":\"https:\/\/www.1055.fr\/besancon\/?s={search_term_string}\"},\"query-input\":{\"@type\":\"PropertyValueSpecification\",\"valueRequired\":true,\"valueName\":\"search_term_string\"}}],\"inLanguage\":\"fr-FR\"},{\"@type\":\"Organization\",\"@id\":\"https:\/\/www.1055.fr\/besancon\/#organization\",\"name\":\"1055 Besan\u00e7on\",\"url\":\"https:\/\/www.1055.fr\/besancon\/\",\"logo\":{\"@type\":\"ImageObject\",\"inLanguage\":\"fr-FR\",\"@id\":\"https:\/\/www.1055.fr\/besancon\/#\/schema\/logo\/image\/\",\"url\":\"https:\/\/www.1055.fr\/besancon\/contenu\/uploads\/2021\/04\/logo-page-2-1.png\",\"contentUrl\":\"https:\/\/www.1055.fr\/besancon\/contenu\/uploads\/2021\/04\/logo-page-2-1.png\",\"width\":120,\"height\":162,\"caption\":\"1055 Besan\u00e7on\"},\"image\":{\"@id\":\"https:\/\/www.1055.fr\/besancon\/#\/schema\/logo\/image\/\"}}]}<\/script>\n<!-- \/ Yoast SEO Premium plugin. -->","yoast_head_json":{"title":"Tac-Tic Room","robots":{"index":"index","follow":"follow","max-snippet":"max-snippet:-1","max-image-preview":"max-image-preview:large","max-video-preview":"max-video-preview:-1"},"canonical":"https:\/\/www.1055.fr\/besancon\/activites\/tactic-room\/","og_locale":"fr_FR","og_type":"article","og_title":"Tac-Tic Room","og_description":"Le jeu immersif derni\u00e8re g\u00e9n\u00e9ration : un maximum de points \u00e0 r\u00e9colter en r\u00e9solvant des \u00e9nigmes !","og_url":"https:\/\/www.1055.fr\/besancon\/activites\/tactic-room\/","article_modified_time":"2024-09-17T11:54:12+00:00","og_image":[{"width":1800,"height":360,"url":"https:\/\/www.1055.fr\/besancon\/contenu\/uploads\/2022\/05\/Tactic-Room-1_1800x360.jpg","type":"image\/jpeg"}],"twitter_card":"summary_large_image","twitter_misc":{"Dur\u00e9e de lecture estim\u00e9e":"3 minutes"},"schema":{"@context":"https:\/\/schema.org","@graph":[{"@type":"WebPage","@id":"https:\/\/www.1055.fr\/besancon\/activites\/tactic-room\/","url":"https:\/\/www.1055.fr\/besancon\/activites\/tactic-room\/","name":"Tac-Tic Room","isPartOf":{"@id":"https:\/\/www.1055.fr\/besancon\/#website"},"primaryImageOfPage":{"@id":"https:\/\/www.1055.fr\/besancon\/activites\/tactic-room\/#primaryimage"},"image":{"@id":"https:\/\/www.1055.fr\/besancon\/activites\/tactic-room\/#primaryimage"},"thumbnailUrl":"https:\/\/www.1055.fr\/besancon\/contenu\/uploads\/2022\/05\/Tactic-Room-1_1800x360.jpg","datePublished":"2021-05-18T07:25:41+00:00","dateModified":"2024-09-17T11:54:12+00:00","breadcrumb":{"@id":"https:\/\/www.1055.fr\/besancon\/activites\/tactic-room\/#breadcrumb"},"inLanguage":"fr-FR","potentialAction":[{"@type":"ReadAction","target":["https:\/\/www.1055.fr\/besancon\/activites\/tactic-room\/"]}]},{"@type":"ImageObject","inLanguage":"fr-FR","@id":"https:\/\/www.1055.fr\/besancon\/activites\/tactic-room\/#primaryimage","url":"https:\/\/www.1055.fr\/besancon\/contenu\/uploads\/2022\/05\/Tactic-Room-1_1800x360.jpg","contentUrl":"https:\/\/www.1055.fr\/besancon\/contenu\/uploads\/2022\/05\/Tactic-Room-1_1800x360.jpg","width":1800,"height":360},{"@type":"BreadcrumbList","@id":"https:\/\/www.1055.fr\/besancon\/activites\/tactic-room\/#breadcrumb","itemListElement":[{"@type":"ListItem","position":1,"name":"Home","item":"https:\/\/www.1055.fr\/besancon\/"},{"@type":"ListItem","position":2,"name":"Parc Indoor","item":"https:\/\/www.1055.fr\/besancon\/activites\/"},{"@type":"ListItem","position":3,"name":"Tac-Tic Room"}]},{"@type":"WebSite","@id":"https:\/\/www.1055.fr\/besancon\/#website","url":"https:\/\/www.1055.fr\/besancon\/","name":"","description":"","publisher":{"@id":"https:\/\/www.1055.fr\/besancon\/#organization"},"potentialAction":[{"@type":"SearchAction","target":{"@type":"EntryPoint","urlTemplate":"https:\/\/www.1055.fr\/besancon\/?s={search_term_string}"},"query-input":{"@type":"PropertyValueSpecification","valueRequired":true,"valueName":"search_term_string"}}],"inLanguage":"fr-FR"},{"@type":"Organization","@id":"https:\/\/www.1055.fr\/besancon\/#organization","name":"1055 Besan\u00e7on","url":"https:\/\/www.1055.fr\/besancon\/","logo":{"@type":"ImageObject","inLanguage":"fr-FR","@id":"https:\/\/www.1055.fr\/besancon\/#\/schema\/logo\/image\/","url":"https:\/\/www.1055.fr\/besancon\/contenu\/uploads\/2021\/04\/logo-page-2-1.png","contentUrl":"https:\/\/www.1055.fr\/besancon\/contenu\/uploads\/2021\/04\/logo-page-2-1.png","width":120,"height":162,"caption":"1055 Besan\u00e7on"},"image":{"@id":"https:\/\/www.1055.fr\/besancon\/#\/schema\/logo\/image\/"}}]}},"_links":{"self":[{"href":"https:\/\/www.1055.fr\/besancon\/wp-json\/wp\/v2\/pages\/488","targetHints":{"allow":["GET"]}}],"collection":[{"href":"https:\/\/www.1055.fr\/besancon\/wp-json\/wp\/v2\/pages"}],"about":[{"href":"https:\/\/www.1055.fr\/besancon\/wp-json\/wp\/v2\/types\/page"}],"author":[{"embeddable":true,"href":"https:\/\/www.1055.fr\/besancon\/wp-json\/wp\/v2\/users\/10"}],"replies":[{"embeddable":true,"href":"https:\/\/www.1055.fr\/besancon\/wp-json\/wp\/v2\/comments?post=488"}],"version-history":[{"count":2,"href":"https:\/\/www.1055.fr\/besancon\/wp-json\/wp\/v2\/pages\/488\/revisions"}],"predecessor-version":[{"id":5448,"href":"https:\/\/www.1055.fr\/besancon\/wp-json\/wp\/v2\/pages\/488\/revisions\/5448"}],"up":[{"embeddable":true,"href":"https:\/\/www.1055.fr\/besancon\/wp-json\/wp\/v2\/pages\/164"}],"wp:featuredmedia":[{"embeddable":true,"href":"https:\/\/www.1055.fr\/besancon\/wp-json\/wp\/v2\/media\/884"}],"wp:attachment":[{"href":"https:\/\/www.1055.fr\/besancon\/wp-json\/wp\/v2\/media?parent=488"}],"curies":[{"name":"wp","href":"https:\/\/api.w.org\/{rel}","templated":true}]}}