{"id":444,"date":"2021-05-17T10:37:14","date_gmt":"2021-05-17T08:37:14","guid":{"rendered":"https:\/\/www.1055.fr\/besancon\/?page_id=444"},"modified":"2025-12-05T10:37:39","modified_gmt":"2025-12-05T09:37:39","slug":"bons-plans","status":"publish","type":"page","link":"https:\/\/www.1055.fr\/besancon\/tarifs-et-bons-plans\/nos-bons-plans\/bons-plans\/","title":{"rendered":"La carte 10\u00b755"},"content":{"rendered":"\n<h2 class=\"wp-block-heading has-text-align-center\" id=\"h-la-carte-10-55-profitez-de-bons-plans-et-tarifs-speciaux-toute-l-annee-en-vous-inscrivant-a-notre-systeme-de-fidelite\">La carte 10\u00b755 : profitez de bons plans, et tarifs sp\u00e9ciaux toute l\u2019ann\u00e9e en vous inscrivant \u00e0 notre syst\u00e8me de fid\u00e9lit\u00e9 !<\/h2>\n\n\n\n<hr class=\"wp-block-separator has-alpha-channel-opacity\"\/>\n\n\n\n<div class=\"wp-block-columns alignfull has-text-color has-background is-layout-flex wp-container-core-columns-is-layout-9d6595d7 wp-block-columns-is-layout-flex\" style=\"color:#000000;background-color:#ffffff\">\n<div class=\"wp-block-column is-layout-flow wp-block-column-is-layout-flow\">\n<h3 class=\"wp-block-heading\" id=\"h-recharger-ma-cagnotte\"><strong><a href=\"https:\/\/go.obypay.com\/api\/cashless\/hws\/3t8c\">Recharger ma cagnotte \u2197<\/a><\/strong><\/h3>\n\n\n\n<p>Rechargez en <strong>un clic<\/strong> et <strong>instantan\u00e9ment<\/strong> votre cagnotte 10\u00b755 avec nos <a href=\"#recharges\">recharges avantages 50 = 55 ou 100 = 120<\/a><\/p>\n<\/div>\n\n\n\n<div class=\"wp-block-column is-layout-flow wp-block-column-is-layout-flow\">\n<h3 class=\"wp-block-heading\" id=\"h-offrir-des-credits-10-55\"><strong><a href=\"https:\/\/go.obypay.com\/api\/cashless\/hws\/3t8c\">Offrir des cr\u00e9dits 10\u00b755 \u2197<\/a><\/strong><\/h3>\n\n\n\n<p><strong>Offrez une cagnotte 10\u00b755<\/strong> \u00e0 un proche en lui <strong>offrant nos cr\u00e9dits<\/strong> recharges avantages 50 = 55 ou 100 = 120<\/p>\n<\/div>\n\n\n\n<div class=\"wp-block-column is-layout-flow wp-block-column-is-layout-flow\">\n<h3 class=\"wp-block-heading\" id=\"h-devenir-membre-10-55-gratuitement\"><strong><a href=\"https:\/\/go.obypay.com\/api\/cashless\/hws\/3t8c\">Devenir membre 10\u00b755 gratuitement \u2197<\/a><\/strong><\/h3>\n\n\n\n<p><strong>Devenez membre 10\u00b755<\/strong> en quelques clics et acc\u00e9dez \u00e0 tous <strong>les bons plans<\/strong> disponibles en e<strong>xclusivit\u00e9 avec la cagnotte 10\u00b755<\/strong><\/p>\n<\/div>\n<\/div>\n\n\n\n<hr class=\"wp-block-separator has-alpha-channel-opacity\"\/>\n\n\n\n<h2 class=\"wp-block-heading\" id=\"h-les-bons-plans-disponibles-avec-la-fidelite-10-55\">Les bons plans disponibles avec la fid\u00e9lit\u00e9 10\u00b755<\/h2>\n\n\n\n<h3 class=\"wp-block-heading has-vivid-green-cyan-color has-text-color\" id=\"h-les-recharges-cagnotte-avantages\">LES RECHARGES CAGNOTTE AVANTAGES* !<\/h3>\n\n\n\n<p id=\"recharges\"><strong><span class=\"has-inline-color has-vivid-red-color\">50\u20ac = 55\u20ac ou 100\u20ac = 120\u20ac<\/span><\/strong><br>Cr\u00e9ditez 50\u20ac , on vous offre 5\u20ac !<br>Cr\u00e9ditez 100\u20ac, on vous offre 20\u20ac !<\/p>\n\n\n\n<p>B\u00e9n\u00e9ficiez d\u2019une recharge avantage \u00e0 chaque fois que vous cr\u00e9ditez votre cagnotte \u00e0 partir de 50\u20ac<\/p>\n\n\n\n<p><em>*vos recharges 10\u00b755 sont valable sur nos jeux, brasserie, formule anniversaire enfant et pour le titulaire de la cagnotte et sa famille proche, illimit\u00e9es dans le temps. <\/em><\/p>\n\n\n\n<h2 class=\"wp-block-heading\" id=\"h-les-reductions-exclusives-avec-la-fidelite-10-55\">Les r\u00e9ductions exclusives avec la fid\u00e9lit\u00e9 10\u00b755<\/h2>\n\n\n\n<h3 class=\"wp-block-heading has-vivid-green-cyan-color has-text-color\" id=\"h-les-lundis-mardis-mercredis-et-dimanches-a-partir-de-19h\">LES LUNDIS, MARDIS, MERCREDIS ET DIMANCHES A PARTIR DE 19H <\/h3>\n\n\n\n<p>2 parties achet\u00e9es = <strong>3\u00e8me offerte <\/strong> <br>par personne<\/p>\n\n\n\n<p><strong>Valable au bowling, \u00e0 la r\u00e9alit\u00e9 virtuelle ou au Laser Game<\/strong><\/p>\n\n\n\n<p><em>*hors vacances scolaires, jours f\u00e9ri\u00e9s et veilles de jours f\u00e9ri\u00e9s. Offre non cumulable avec d\u2019autres offres.<\/em><\/p>\n\n\n\n<h3 class=\"wp-block-heading has-vivid-green-cyan-color has-text-color\" id=\"h-les-jeudis-1-2-tarif\">LES JEUDIS 1\/2 TARIF<\/h3>\n\n\n\n<p>Tous les jeudis, <strong>le PASS OR \u00e0 -50%<\/strong><\/p>\n\n\n\n<p><em>*hors vacances, jours f\u00e9ries et veilles de jours f\u00e9ri\u00e9s. Offre non cumulable avec d\u2019autres offres<\/em><\/p>\n\n\n\n<h3 class=\"wp-block-heading has-vivid-green-cyan-color has-text-color\" id=\"h-les-mercredis-gourmands\">LES MERCREDIS GOURMANDS<\/h3>\n\n\n\n<p>1 Pass or achet\u00e9 = <strong>1 cr\u00eape ou 1 jeton d&rsquo;arcade offert ! <\/strong><\/p>\n\n\n\n<p><em>*hors vacances, jours f\u00e9ries et veilles de jours f\u00e9ri\u00e9s. Offre non cumulable avec d\u2019autres offres<\/em><\/p>\n\n\n\n<h2 class=\"wp-block-heading\" id=\"h-reservez-en-ligne-avec-votre-carte-10-55\">R\u00e9servez en ligne avec votre carte 10\u00b755 !<\/h2>\n\n\n\n<p>D\u00e9sormais, vous pouvez utiliser le cr\u00e9dit de votre cagnotte 10\u00b755 depuis notre site de r\u00e9servation !<a href=\"http:\/\/reservation-besancon.1055.fr\"> Cliquez ici pour r\u00e9server vos activit\u00e9s<\/a><\/p>\n\n\n\n<div class=\"wp-block-buttons is-content-justification-center is-layout-flex wp-container-core-buttons-is-layout-16018d1d wp-block-buttons-is-layout-flex\">\n<div class=\"wp-block-button is-style-outline is-style-outline--1\"><a class=\"wp-block-button__link has-white-color has-vivid-red-background-color has-text-color has-background wp-element-button\" href=\"https:\/\/tarifs-besancon.1055.fr\/\" style=\"border-radius:61px\">Consultez la plaquette tarifaire digitale<\/a><\/div>\n<\/div>\n\n\n\n<hr class=\"wp-block-separator has-alpha-channel-opacity\"\/>\n\n\n\n<div class=\"wp-block-columns alignfull has-text-color has-background is-layout-flex wp-container-core-columns-is-layout-9d6595d7 wp-block-columns-is-layout-flex\" style=\"color:#000000;background-color:#ffffff\">\n<div class=\"wp-block-column is-layout-flow wp-block-column-is-layout-flow\">\n<h3 class=\"wp-block-heading\" id=\"h-recharger-ma-cagnotte\"><strong><a href=\"https:\/\/go.obypay.com\/api\/cashless\/hws\/3t8c\">Recharger ma cagnotte \u2197<\/a><\/strong><\/h3>\n\n\n\n<p>Rechargez en <strong>un clic<\/strong> et <strong>instantan\u00e9ment<\/strong> votre cagnotte 10\u00b755 avec nos <a href=\"#recharges\">recharges avantages 50 = 55 ou 100 = 120<\/a><\/p>\n<\/div>\n\n\n\n<div class=\"wp-block-column is-layout-flow wp-block-column-is-layout-flow\">\n<h3 class=\"wp-block-heading\" id=\"h-offrir-des-credits-10-55\"><strong><a href=\"https:\/\/go.obypay.com\/api\/cashless\/hws\/3t8c\">Offrir des cr\u00e9dits 10\u00b755 \u2197<\/a><\/strong><\/h3>\n\n\n\n<p><strong>Offrez une cagnotte 10\u00b755<\/strong> \u00e0 un proche en lui <strong>offrant nos cr\u00e9dits<\/strong> recharges avantages 50 = 55 ou 100 = 120<\/p>\n<\/div>\n\n\n\n<div class=\"wp-block-column is-layout-flow wp-block-column-is-layout-flow\">\n<h3 class=\"wp-block-heading\" id=\"h-devenir-membre-10-55-gratuitement\"><strong><a href=\"https:\/\/go.obypay.com\/api\/cashless\/hws\/3t8c\">Devenir membre 10\u00b755 gratuitement \u2197<\/a><\/strong><\/h3>\n\n\n\n<p><strong>Devenez membre 10\u00b755<\/strong> en quelques clics et acc\u00e9dez \u00e0 tous <strong>les bons plans<\/strong> disponibles en e<strong>xclusivit\u00e9 avec la cagnotte 10\u00b755<\/strong><\/p>\n<\/div>\n<\/div>\n\n\n\n<hr class=\"wp-block-separator has-alpha-channel-opacity\"\/>\n\n\n\n<div class=\"wp-block-buttons is-layout-flex wp-block-buttons-is-layout-flex\">\n<div class=\"wp-block-button is-style-outline is-style-outline--2\"><a class=\"wp-block-button__link has-white-color has-black-background-color has-text-color has-background wp-element-button\" href=\"http:\/\/labrasserie-1055.fr\" target=\"_blank\" rel=\"noreferrer noopener\">LA BRASSERIE<\/a><\/div>\n\n\n\n<div class=\"wp-block-button is-style-outline is-style-outline--3\"><a class=\"wp-block-button__link has-black-color has-luminous-vivid-amber-background-color has-text-color has-background wp-element-button\" href=\"https:\/\/boutique.1055.fr\/\" style=\"border-radius:100px\">LA BOUTIQUE<\/a><\/div>\n\n\n\n<div class=\"wp-block-button is-style-outline is-style-outline--4\"><a class=\"wp-block-button__link has-vivid-cyan-blue-color has-light-green-cyan-background-color has-text-color has-background wp-element-button\" href=\"https:\/\/www.1055.fr\/besancon\/foire-aux-questions\/\" style=\"border-radius:56px\">Foire Aux Questions<\/a><\/div>\n<\/div>\n\n\n\n<div style=\"height:36px\" aria-hidden=\"true\" class=\"wp-block-spacer\"><\/div>\n\n\n\n<ul class=\"wp-block-social-links has-visible-labels is-style-pill-shape is-layout-flex wp-block-social-links-is-layout-flex\"><li class=\"wp-social-link wp-social-link-facebook  wp-block-social-link\"><a rel=\"noopener nofollow\" target=\"_blank\" href=\"https:\/\/www.facebook.com\/1055besanconchalezeule\" class=\"wp-block-social-link-anchor\"><svg width=\"24\" height=\"24\" viewBox=\"0 0 24 24\" version=\"1.1\" xmlns=\"http:\/\/www.w3.org\/2000\/svg\" aria-hidden=\"true\" focusable=\"false\"><path d=\"M12 2C6.5 2 2 6.5 2 12c0 5 3.7 9.1 8.4 9.9v-7H7.9V12h2.5V9.8c0-2.5 1.5-3.9 3.8-3.9 1.1 0 2.2.2 2.2.2v2.5h-1.3c-1.2 0-1.6.8-1.6 1.6V12h2.8l-.4 2.9h-2.3v7C18.3 21.1 22 17 22 12c0-5.5-4.5-10-10-10z\"><\/path><\/svg><span class=\"wp-block-social-link-label\">Facebook<\/span><\/a><\/li>\n\n<li class=\"wp-social-link wp-social-link-instagram  wp-block-social-link\"><a rel=\"noopener nofollow\" target=\"_blank\" href=\"https:\/\/www.instagram.com\/stories\/1055.besancon\/3083500758809880494\/\" class=\"wp-block-social-link-anchor\"><svg width=\"24\" height=\"24\" viewBox=\"0 0 24 24\" version=\"1.1\" xmlns=\"http:\/\/www.w3.org\/2000\/svg\" aria-hidden=\"true\" focusable=\"false\"><path d=\"M12,4.622c2.403,0,2.688,0.009,3.637,0.052c0.877,0.04,1.354,0.187,1.671,0.31c0.42,0.163,0.72,0.358,1.035,0.673 c0.315,0.315,0.51,0.615,0.673,1.035c0.123,0.317,0.27,0.794,0.31,1.671c0.043,0.949,0.052,1.234,0.052,3.637 s-0.009,2.688-0.052,3.637c-0.04,0.877-0.187,1.354-0.31,1.671c-0.163,0.42-0.358,0.72-0.673,1.035 c-0.315,0.315-0.615,0.51-1.035,0.673c-0.317,0.123-0.794,0.27-1.671,0.31c-0.949,0.043-1.233,0.052-3.637,0.052 s-2.688-0.009-3.637-0.052c-0.877-0.04-1.354-0.187-1.671-0.31c-0.42-0.163-0.72-0.358-1.035-0.673 c-0.315-0.315-0.51-0.615-0.673-1.035c-0.123-0.317-0.27-0.794-0.31-1.671C4.631,14.688,4.622,14.403,4.622,12 s0.009-2.688,0.052-3.637c0.04-0.877,0.187-1.354,0.31-1.671c0.163-0.42,0.358-0.72,0.673-1.035 c0.315-0.315,0.615-0.51,1.035-0.673c0.317-0.123,0.794-0.27,1.671-0.31C9.312,4.631,9.597,4.622,12,4.622 M12,3 C9.556,3,9.249,3.01,8.289,3.054C7.331,3.098,6.677,3.25,6.105,3.472C5.513,3.702,5.011,4.01,4.511,4.511 c-0.5,0.5-0.808,1.002-1.038,1.594C3.25,6.677,3.098,7.331,3.054,8.289C3.01,9.249,3,9.556,3,12c0,2.444,0.01,2.751,0.054,3.711 c0.044,0.958,0.196,1.612,0.418,2.185c0.23,0.592,0.538,1.094,1.038,1.594c0.5,0.5,1.002,0.808,1.594,1.038 c0.572,0.222,1.227,0.375,2.185,0.418C9.249,20.99,9.556,21,12,21s2.751-0.01,3.711-0.054c0.958-0.044,1.612-0.196,2.185-0.418 c0.592-0.23,1.094-0.538,1.594-1.038c0.5-0.5,0.808-1.002,1.038-1.594c0.222-0.572,0.375-1.227,0.418-2.185 C20.99,14.751,21,14.444,21,12s-0.01-2.751-0.054-3.711c-0.044-0.958-0.196-1.612-0.418-2.185c-0.23-0.592-0.538-1.094-1.038-1.594 c-0.5-0.5-1.002-0.808-1.594-1.038c-0.572-0.222-1.227-0.375-2.185-0.418C14.751,3.01,14.444,3,12,3L12,3z M12,7.378 c-2.552,0-4.622,2.069-4.622,4.622S9.448,16.622,12,16.622s4.622-2.069,4.622-4.622S14.552,7.378,12,7.378z M12,15 c-1.657,0-3-1.343-3-3s1.343-3,3-3s3,1.343,3,3S13.657,15,12,15z M16.804,6.116c-0.596,0-1.08,0.484-1.08,1.08 s0.484,1.08,1.08,1.08c0.596,0,1.08-0.484,1.08-1.08S17.401,6.116,16.804,6.116z\"><\/path><\/svg><span class=\"wp-block-social-link-label\">Instagram<\/span><\/a><\/li>\n\n<li class=\"wp-social-link wp-social-link-wordpress  wp-block-social-link\"><a rel=\"noopener nofollow\" target=\"_blank\" href=\"https:\/\/www.1055.fr\/\" class=\"wp-block-social-link-anchor\"><svg width=\"24\" height=\"24\" viewBox=\"0 0 24 24\" version=\"1.1\" xmlns=\"http:\/\/www.w3.org\/2000\/svg\" aria-hidden=\"true\" focusable=\"false\"><path d=\"M12.158,12.786L9.46,20.625c0.806,0.237,1.657,0.366,2.54,0.366c1.047,0,2.051-0.181,2.986-0.51 c-0.024-0.038-0.046-0.079-0.065-0.124L12.158,12.786z M3.009,12c0,3.559,2.068,6.634,5.067,8.092L3.788,8.341 C3.289,9.459,3.009,10.696,3.009,12z M18.069,11.546c0-1.112-0.399-1.881-0.741-2.48c-0.456-0.741-0.883-1.368-0.883-2.109 c0-0.826,0.627-1.596,1.51-1.596c0.04,0,0.078,0.005,0.116,0.007C16.472,3.904,14.34,3.009,12,3.009 c-3.141,0-5.904,1.612-7.512,4.052c0.211,0.007,0.41,0.011,0.579,0.011c0.94,0,2.396-0.114,2.396-0.114 C7.947,6.93,8.004,7.642,7.52,7.699c0,0-0.487,0.057-1.029,0.085l3.274,9.739l1.968-5.901l-1.401-3.838 C9.848,7.756,9.389,7.699,9.389,7.699C8.904,7.67,8.961,6.93,9.446,6.958c0,0,1.484,0.114,2.368,0.114 c0.94,0,2.397-0.114,2.397-0.114c0.485-0.028,0.542,0.684,0.057,0.741c0,0-0.488,0.057-1.029,0.085l3.249,9.665l0.897-2.996 C17.841,13.284,18.069,12.316,18.069,11.546z M19.889,7.686c0.039,0.286,0.06,0.593,0.06,0.924c0,0.912-0.171,1.938-0.684,3.22 l-2.746,7.94c2.673-1.558,4.47-4.454,4.47-7.771C20.991,10.436,20.591,8.967,19.889,7.686z M12,22C6.486,22,2,17.514,2,12 C2,6.486,6.486,2,12,2c5.514,0,10,4.486,10,10C22,17.514,17.514,22,12,22z\"><\/path><\/svg><span class=\"wp-block-social-link-label\">WordPress<\/span><\/a><\/li><\/ul>\n","protected":false},"excerpt":{"rendered":"<p>La carte 10.55 est gratuite, autant en profiter !!! <\/p>\n","protected":false},"author":10,"featured_media":1611,"parent":1606,"menu_order":1,"comment_status":"closed","ping_status":"closed","template":"","meta":{"_acf_changed":false,"inline_featured_image":false,"footnotes":""},"class_list":["post-444","page","type-page","status-publish","has-post-thumbnail","hentry"],"acf":[],"yoast_head":"<!-- This site is optimized with the Yoast SEO Premium plugin v24.7 (Yoast SEO v24.7) - https:\/\/yoast.com\/wordpress\/plugins\/seo\/ -->\n<title>La carte 10\u00b755<\/title>\n<meta name=\"robots\" content=\"index, follow, max-snippet:-1, max-image-preview:large, max-video-preview:-1\" \/>\n<link rel=\"canonical\" href=\"https:\/\/www.1055.fr\/besancon\/tarifs-et-bons-plans\/nos-bons-plans\/bons-plans\/\" \/>\n<meta property=\"og:locale\" content=\"fr_FR\" \/>\n<meta property=\"og:type\" content=\"article\" \/>\n<meta property=\"og:title\" content=\"La carte 10\u00b755\" \/>\n<meta property=\"og:description\" content=\"La carte 10.55 est gratuite, autant en profiter !!!\" \/>\n<meta property=\"og:url\" content=\"https:\/\/www.1055.fr\/besancon\/tarifs-et-bons-plans\/nos-bons-plans\/bons-plans\/\" \/>\n<meta property=\"article:modified_time\" content=\"2025-12-05T09:37:39+00:00\" \/>\n<meta property=\"og:image\" content=\"https:\/\/www.1055.fr\/besancon\/contenu\/uploads\/2022\/11\/Banniere-carte-1055_1800x360.jpg\" \/>\n\t<meta property=\"og:image:width\" content=\"1800\" \/>\n\t<meta property=\"og:image:height\" content=\"360\" \/>\n\t<meta property=\"og:image:type\" content=\"image\/jpeg\" \/>\n<meta name=\"twitter:card\" content=\"summary_large_image\" \/>\n<meta name=\"twitter:label1\" content=\"Dur\u00e9e de lecture estim\u00e9e\" \/>\n\t<meta name=\"twitter:data1\" content=\"1 minute\" \/>\n<script type=\"application\/ld+json\" class=\"yoast-schema-graph\">{\"@context\":\"https:\/\/schema.org\",\"@graph\":[{\"@type\":\"WebPage\",\"@id\":\"https:\/\/www.1055.fr\/besancon\/tarifs-et-bons-plans\/nos-bons-plans\/bons-plans\/\",\"url\":\"https:\/\/www.1055.fr\/besancon\/tarifs-et-bons-plans\/nos-bons-plans\/bons-plans\/\",\"name\":\"La carte 10\u00b755\",\"isPartOf\":{\"@id\":\"https:\/\/www.1055.fr\/besancon\/#website\"},\"primaryImageOfPage\":{\"@id\":\"https:\/\/www.1055.fr\/besancon\/tarifs-et-bons-plans\/nos-bons-plans\/bons-plans\/#primaryimage\"},\"image\":{\"@id\":\"https:\/\/www.1055.fr\/besancon\/tarifs-et-bons-plans\/nos-bons-plans\/bons-plans\/#primaryimage\"},\"thumbnailUrl\":\"https:\/\/www.1055.fr\/besancon\/contenu\/uploads\/2022\/11\/Banniere-carte-1055_1800x360.jpg\",\"datePublished\":\"2021-05-17T08:37:14+00:00\",\"dateModified\":\"2025-12-05T09:37:39+00:00\",\"breadcrumb\":{\"@id\":\"https:\/\/www.1055.fr\/besancon\/tarifs-et-bons-plans\/nos-bons-plans\/bons-plans\/#breadcrumb\"},\"inLanguage\":\"fr-FR\",\"potentialAction\":[{\"@type\":\"ReadAction\",\"target\":[\"https:\/\/www.1055.fr\/besancon\/tarifs-et-bons-plans\/nos-bons-plans\/bons-plans\/\"]}]},{\"@type\":\"ImageObject\",\"inLanguage\":\"fr-FR\",\"@id\":\"https:\/\/www.1055.fr\/besancon\/tarifs-et-bons-plans\/nos-bons-plans\/bons-plans\/#primaryimage\",\"url\":\"https:\/\/www.1055.fr\/besancon\/contenu\/uploads\/2022\/11\/Banniere-carte-1055_1800x360.jpg\",\"contentUrl\":\"https:\/\/www.1055.fr\/besancon\/contenu\/uploads\/2022\/11\/Banniere-carte-1055_1800x360.jpg\",\"width\":1800,\"height\":360},{\"@type\":\"BreadcrumbList\",\"@id\":\"https:\/\/www.1055.fr\/besancon\/tarifs-et-bons-plans\/nos-bons-plans\/bons-plans\/#breadcrumb\",\"itemListElement\":[{\"@type\":\"ListItem\",\"position\":1,\"name\":\"Home\",\"item\":\"https:\/\/www.1055.fr\/besancon\/\"},{\"@type\":\"ListItem\",\"position\":2,\"name\":\"Tarifs et bons plans\",\"item\":\"https:\/\/www.1055.fr\/besancon\/tarifs-et-bons-plans\/\"},{\"@type\":\"ListItem\",\"position\":3,\"name\":\"Nos Bons Plans\",\"item\":\"https:\/\/www.1055.fr\/besancon\/tarifs-et-bons-plans\/nos-bons-plans\/\"},{\"@type\":\"ListItem\",\"position\":4,\"name\":\"La carte 10\u00b755\"}]},{\"@type\":\"WebSite\",\"@id\":\"https:\/\/www.1055.fr\/besancon\/#website\",\"url\":\"https:\/\/www.1055.fr\/besancon\/\",\"name\":\"\",\"description\":\"\",\"publisher\":{\"@id\":\"https:\/\/www.1055.fr\/besancon\/#organization\"},\"potentialAction\":[{\"@type\":\"SearchAction\",\"target\":{\"@type\":\"EntryPoint\",\"urlTemplate\":\"https:\/\/www.1055.fr\/besancon\/?s={search_term_string}\"},\"query-input\":{\"@type\":\"PropertyValueSpecification\",\"valueRequired\":true,\"valueName\":\"search_term_string\"}}],\"inLanguage\":\"fr-FR\"},{\"@type\":\"Organization\",\"@id\":\"https:\/\/www.1055.fr\/besancon\/#organization\",\"name\":\"1055 Besan\u00e7on\",\"url\":\"https:\/\/www.1055.fr\/besancon\/\",\"logo\":{\"@type\":\"ImageObject\",\"inLanguage\":\"fr-FR\",\"@id\":\"https:\/\/www.1055.fr\/besancon\/#\/schema\/logo\/image\/\",\"url\":\"https:\/\/www.1055.fr\/besancon\/contenu\/uploads\/2021\/04\/logo-page-2-1.png\",\"contentUrl\":\"https:\/\/www.1055.fr\/besancon\/contenu\/uploads\/2021\/04\/logo-page-2-1.png\",\"width\":120,\"height\":162,\"caption\":\"1055 Besan\u00e7on\"},\"image\":{\"@id\":\"https:\/\/www.1055.fr\/besancon\/#\/schema\/logo\/image\/\"}}]}<\/script>\n<!-- \/ Yoast SEO Premium plugin. -->","yoast_head_json":{"title":"La carte 10\u00b755","robots":{"index":"index","follow":"follow","max-snippet":"max-snippet:-1","max-image-preview":"max-image-preview:large","max-video-preview":"max-video-preview:-1"},"canonical":"https:\/\/www.1055.fr\/besancon\/tarifs-et-bons-plans\/nos-bons-plans\/bons-plans\/","og_locale":"fr_FR","og_type":"article","og_title":"La carte 10\u00b755","og_description":"La carte 10.55 est gratuite, autant en profiter !!!","og_url":"https:\/\/www.1055.fr\/besancon\/tarifs-et-bons-plans\/nos-bons-plans\/bons-plans\/","article_modified_time":"2025-12-05T09:37:39+00:00","og_image":[{"width":1800,"height":360,"url":"https:\/\/www.1055.fr\/besancon\/contenu\/uploads\/2022\/11\/Banniere-carte-1055_1800x360.jpg","type":"image\/jpeg"}],"twitter_card":"summary_large_image","twitter_misc":{"Dur\u00e9e de lecture estim\u00e9e":"1 minute"},"schema":{"@context":"https:\/\/schema.org","@graph":[{"@type":"WebPage","@id":"https:\/\/www.1055.fr\/besancon\/tarifs-et-bons-plans\/nos-bons-plans\/bons-plans\/","url":"https:\/\/www.1055.fr\/besancon\/tarifs-et-bons-plans\/nos-bons-plans\/bons-plans\/","name":"La carte 10\u00b755","isPartOf":{"@id":"https:\/\/www.1055.fr\/besancon\/#website"},"primaryImageOfPage":{"@id":"https:\/\/www.1055.fr\/besancon\/tarifs-et-bons-plans\/nos-bons-plans\/bons-plans\/#primaryimage"},"image":{"@id":"https:\/\/www.1055.fr\/besancon\/tarifs-et-bons-plans\/nos-bons-plans\/bons-plans\/#primaryimage"},"thumbnailUrl":"https:\/\/www.1055.fr\/besancon\/contenu\/uploads\/2022\/11\/Banniere-carte-1055_1800x360.jpg","datePublished":"2021-05-17T08:37:14+00:00","dateModified":"2025-12-05T09:37:39+00:00","breadcrumb":{"@id":"https:\/\/www.1055.fr\/besancon\/tarifs-et-bons-plans\/nos-bons-plans\/bons-plans\/#breadcrumb"},"inLanguage":"fr-FR","potentialAction":[{"@type":"ReadAction","target":["https:\/\/www.1055.fr\/besancon\/tarifs-et-bons-plans\/nos-bons-plans\/bons-plans\/"]}]},{"@type":"ImageObject","inLanguage":"fr-FR","@id":"https:\/\/www.1055.fr\/besancon\/tarifs-et-bons-plans\/nos-bons-plans\/bons-plans\/#primaryimage","url":"https:\/\/www.1055.fr\/besancon\/contenu\/uploads\/2022\/11\/Banniere-carte-1055_1800x360.jpg","contentUrl":"https:\/\/www.1055.fr\/besancon\/contenu\/uploads\/2022\/11\/Banniere-carte-1055_1800x360.jpg","width":1800,"height":360},{"@type":"BreadcrumbList","@id":"https:\/\/www.1055.fr\/besancon\/tarifs-et-bons-plans\/nos-bons-plans\/bons-plans\/#breadcrumb","itemListElement":[{"@type":"ListItem","position":1,"name":"Home","item":"https:\/\/www.1055.fr\/besancon\/"},{"@type":"ListItem","position":2,"name":"Tarifs et bons plans","item":"https:\/\/www.1055.fr\/besancon\/tarifs-et-bons-plans\/"},{"@type":"ListItem","position":3,"name":"Nos Bons Plans","item":"https:\/\/www.1055.fr\/besancon\/tarifs-et-bons-plans\/nos-bons-plans\/"},{"@type":"ListItem","position":4,"name":"La carte 10\u00b755"}]},{"@type":"WebSite","@id":"https:\/\/www.1055.fr\/besancon\/#website","url":"https:\/\/www.1055.fr\/besancon\/","name":"","description":"","publisher":{"@id":"https:\/\/www.1055.fr\/besancon\/#organization"},"potentialAction":[{"@type":"SearchAction","target":{"@type":"EntryPoint","urlTemplate":"https:\/\/www.1055.fr\/besancon\/?s={search_term_string}"},"query-input":{"@type":"PropertyValueSpecification","valueRequired":true,"valueName":"search_term_string"}}],"inLanguage":"fr-FR"},{"@type":"Organization","@id":"https:\/\/www.1055.fr\/besancon\/#organization","name":"1055 Besan\u00e7on","url":"https:\/\/www.1055.fr\/besancon\/","logo":{"@type":"ImageObject","inLanguage":"fr-FR","@id":"https:\/\/www.1055.fr\/besancon\/#\/schema\/logo\/image\/","url":"https:\/\/www.1055.fr\/besancon\/contenu\/uploads\/2021\/04\/logo-page-2-1.png","contentUrl":"https:\/\/www.1055.fr\/besancon\/contenu\/uploads\/2021\/04\/logo-page-2-1.png","width":120,"height":162,"caption":"1055 Besan\u00e7on"},"image":{"@id":"https:\/\/www.1055.fr\/besancon\/#\/schema\/logo\/image\/"}}]}},"_links":{"self":[{"href":"https:\/\/www.1055.fr\/besancon\/wp-json\/wp\/v2\/pages\/444","targetHints":{"allow":["GET"]}}],"collection":[{"href":"https:\/\/www.1055.fr\/besancon\/wp-json\/wp\/v2\/pages"}],"about":[{"href":"https:\/\/www.1055.fr\/besancon\/wp-json\/wp\/v2\/types\/page"}],"author":[{"embeddable":true,"href":"https:\/\/www.1055.fr\/besancon\/wp-json\/wp\/v2\/users\/10"}],"replies":[{"embeddable":true,"href":"https:\/\/www.1055.fr\/besancon\/wp-json\/wp\/v2\/comments?post=444"}],"version-history":[{"count":1,"href":"https:\/\/www.1055.fr\/besancon\/wp-json\/wp\/v2\/pages\/444\/revisions"}],"predecessor-version":[{"id":6464,"href":"https:\/\/www.1055.fr\/besancon\/wp-json\/wp\/v2\/pages\/444\/revisions\/6464"}],"up":[{"embeddable":true,"href":"https:\/\/www.1055.fr\/besancon\/wp-json\/wp\/v2\/pages\/1606"}],"wp:featuredmedia":[{"embeddable":true,"href":"https:\/\/www.1055.fr\/besancon\/wp-json\/wp\/v2\/media\/1611"}],"wp:attachment":[{"href":"https:\/\/www.1055.fr\/besancon\/wp-json\/wp\/v2\/media?parent=444"}],"curies":[{"name":"wp","href":"https:\/\/api.w.org\/{rel}","templated":true}]}}