{"id":427,"date":"2021-05-17T10:13:56","date_gmt":"2021-05-17T08:13:56","guid":{"rendered":"https:\/\/www.1055.fr\/besancon\/?page_id=427"},"modified":"2025-06-27T10:22:35","modified_gmt":"2025-06-27T08:22:35","slug":"nos-pass","status":"publish","type":"page","link":"https:\/\/www.1055.fr\/besancon\/tarifs-et-bons-plans\/nos-pass\/","title":{"rendered":"Le PASS OR (multi-activit\u00e9s)"},"content":{"rendered":"\n<h2 class=\"wp-block-heading\" id=\"h-decouvrez-le-pass-or-un-excellent-moyen-de-maitriser-votre-budget-et-de-passer-un-excellent-moment-au-10-55\"><mark style=\"background-color:rgba(0, 0, 0, 0)\" class=\"has-inline-color has-luminous-vivid-orange-color\">D\u00e9couvrez le PASS OR : un excellent moyen de maitriser votre budget et de passer un excellent moment au 10.55 ! <\/mark><\/h2>\n\n\n\n<div style=\"height:46px\" aria-hidden=\"true\" class=\"wp-block-spacer\"><\/div>\n\n\n\n<h2 class=\"wp-block-heading has-text-align-center has-vivid-red-color has-text-color\" id=\"tarifs-pass\">TARIFS DU PASS OR<\/h2>\n\n\n\n<h2 class=\"wp-block-heading has-text-align-center\" id=\"h-le-pass-or\">LE PASS OR*<\/h2>\n\n\n\n<p class=\"has-text-align-center\">Acc\u00e8s \u00e0 toutes nos activit\u00e9s dont Trampoline Park illimit\u00e9, Kid Park illimit\u00e9, Parc Gonflable illimit\u00e9, Parcours Aventure illimit\u00e9, Tac-Tic Room illimit\u00e9, Salles de Quizz illimit\u00e9, Karaok\u00e9 illimit\u00e9, Pixel illimit\u00e9, Lancer de hache illimit\u00e9 + 1 partie de bowling<\/p>\n\n\n\n<p class=\"has-text-align-center\"><strong><mark style=\"background-color:#fcb900\" class=\"has-inline-color\">TARIFS MOINS DE 100CM<\/mark><\/strong> <br>\u2192 <strong>Avec la carte 10.55<\/strong> : <strong><big>14.90\u20ac<\/big> <\/strong>\/ Sans la carte 10.55 : 16.90\u20ac<\/p>\n\n\n\n<p class=\"has-text-align-center\"><mark style=\"background-color:#fbb279\" class=\"has-inline-color has-black-color\"><strong>TARIFS MOINS DE 150CM ET MOINS DE 12ANS<\/strong> <\/mark><br>\u2192 <strong>Avec la carte 10.55<\/strong> : <big><strong>22.90\u20ac<\/strong><\/big> \/ Sans la carte 10.55 : 24.90\u20ac<\/p>\n\n\n\n<p class=\"has-text-align-center\"><mark style=\"background-color:#fcb900\" class=\"has-inline-color\"><strong>TARIFS + DE 150CM ET + DE 12 ANS<\/strong> <\/mark><br>\u2192<strong> Avec la carte 10.55<\/strong> : <strong><big>29.90\u20ac<big> <\/big><\/big><\/strong>\/ Sans la carte 10.55 : 31.90\u20ac<\/p>\n\n\n\n<p class=\"has-text-align-center\"><strong><mark style=\"background-color:#fbb279\" class=\"has-inline-color\">TARIFS FAMILLE (2 ADULTES; 2 ENFANTS)<\/mark><\/strong><mark style=\"background-color:#fcb900\" class=\"has-inline-color\"> <\/mark><br>\u2192 <strong>Avec la carte 10.55 : <big>89.90\u20ac<\/big><\/strong> \/ Sans la carte 10.55 : 99.90\u20ac<br>                <mark style=\"background-color:rgba(0, 0, 0, 0);color:#fbb279\" class=\"has-inline-color\">            <\/mark><mark style=\"background-color:#fbb279\" class=\"has-inline-color has-black-color\"> La personne suppl\u00e9mentaire <\/mark>\u2192 avec la carte 10.55 : <strong><big>19.90\u20ac<\/big> <\/strong>\/ Sans la carte : 20.90\u20ac<\/p>\n\n\n\n<h2 class=\"wp-block-heading\" id=\"h-2-personne-pour-ajouter-l-acces-au-parc-exterieur\"><mark style=\"background-color:rgba(0, 0, 0, 0)\" class=\"has-inline-color has-vivid-green-cyan-color\">+2\u20ac \/ personne pour ajouter l&rsquo;acc\u00e8s au Parc Ext\u00e9rieur !** <\/mark><\/h2>\n\n\n\n<p class=\"has-vivid-cyan-blue-color has-text-color\"><strong>Jeux <\/strong>Indoor : bowling, parcours aventure, Kid Park, Trampoline Park, P\u00e9tanque, Tac-Tic Room, R\u00e9alit\u00e9 Virtuelle, Laser Game, Lancer de haches, Karaok\u00e9, Salles de Quizz &amp; Pixel<\/p>\n\n\n\n<p class=\"has-vivid-green-cyan-color has-text-color\"><strong>**Jeux Ext\u00e9rieurs<\/strong> : Accrobranche, Accro-spider, Jeux gonflables, Kart \u00e0 P\u00e9dales (ouvert printemps-\u00e9t\u00e9) <\/p>\n\n\n\n<p><em>*Pour le Trampoline Park et le gonflable g\u00e9ant, les enfants de -100cm doivent obligatoirement \u00eatre accompagn\u00e9s d\u2019un adulte.<br>La direction s\u2019octroie le droit pour le Trampoline Park, nos Jeux gonflables (activit\u00e9 pas encore disponible) et le Parcours Aventure d\u2019organiser des sessions de 20min renouvelables en cas de forte affluence pour des raisons de s\u00e9curit\u00e9<br>Jeux illimit\u00e9 selon disponibilit\u00e9. Nous ne sommes pas responsable si certaines activit\u00e9s sont compl\u00e8tes sans r\u00e9servation.<\/em><br><em>Les chaussettes antid\u00e9rapantes sont obligatoires au Trampoline Park, Kid Park, Parcours Aventure et Gonflable G\u00e9ant. En vente sur place 2,50\u20ac<\/em><br><em>Le Kid Park est r\u00e9serv\u00e9 aux enfants de \u2013 12 ans et \u2013 de 150cm<\/em><br><em>Pass Or : hors jeux \u00e0 pi\u00e8ce<\/em><\/p>\n\n\n\n<h4 class=\"wp-block-heading has-text-align-center\" id=\"h-\"><mark style=\"background-color:rgba(0, 0, 0, 0)\" class=\"has-inline-color has-vivid-red-color\"> <\/mark><\/h4>\n\n\n\n<div class=\"wp-block-buttons is-content-justification-center is-layout-flex wp-container-core-buttons-is-layout-16018d1d wp-block-buttons-is-layout-flex\">\n<div class=\"wp-block-button is-style-outline is-style-outline--1\"><a class=\"wp-block-button__link has-white-color has-vivid-red-background-color has-text-color has-background wp-element-button\" href=\"https:\/\/tarifs-besancon.1055.fr\/\" style=\"border-radius:61px\">Consultez la plaquette tarifaire digitale<\/a><\/div>\n<\/div>\n\n\n\n<div style=\"height:47px\" aria-hidden=\"true\" class=\"wp-block-spacer\"><\/div>\n\n\n\n<div class=\"wp-block-buttons is-content-justification-center is-layout-flex wp-container-core-buttons-is-layout-16018d1d wp-block-buttons-is-layout-flex\">\n<div class=\"wp-block-button\"><a class=\"wp-block-button__link has-black-color has-luminous-vivid-amber-background-color has-text-color has-background has-link-color wp-element-button\" href=\"https:\/\/www.1055.fr\/besancon\/tarifs-et-bons-plans\/nos-bons-plans\/bons-plans\/\">LA CARTE 10.55<\/a><\/div>\n<\/div>\n\n\n\n<hr class=\"wp-block-separator has-alpha-channel-opacity\"\/>\n\n\n\n<div class=\"wp-block-buttons is-layout-flex wp-block-buttons-is-layout-flex\">\n<div class=\"wp-block-button is-style-outline is-style-outline--2\"><a class=\"wp-block-button__link has-white-color has-black-background-color has-text-color has-background wp-element-button\" href=\"http:\/\/labrasserie-1055.fr\" target=\"_blank\" rel=\"noreferrer noopener\">LA BRASSERIE<\/a><\/div>\n\n\n\n<div class=\"wp-block-button is-style-outline is-style-outline--3\"><a class=\"wp-block-button__link has-black-color has-luminous-vivid-amber-background-color has-text-color has-background wp-element-button\" href=\"https:\/\/boutique.1055.fr\/\" style=\"border-radius:100px\">LA BOUTIQUE<\/a><\/div>\n\n\n\n<div class=\"wp-block-button is-style-outline is-style-outline--4\"><a class=\"wp-block-button__link has-vivid-cyan-blue-color has-light-green-cyan-background-color has-text-color has-background wp-element-button\" href=\"https:\/\/www.1055.fr\/besancon\/foire-aux-questions\/\" style=\"border-radius:56px\">Foire Aux Questions<\/a><\/div>\n<\/div>\n","protected":false},"excerpt":{"rendered":"<p>D\u00e9couvrez le PASS OR : un excellent moyen de maitriser votre budget et de passer un excellent moment au 10.55 &hellip;<\/p>\n","protected":false},"author":10,"featured_media":386,"parent":198,"menu_order":0,"comment_status":"closed","ping_status":"closed","template":"page-activite.php","meta":{"_acf_changed":false,"inline_featured_image":false,"footnotes":""},"class_list":["post-427","page","type-page","status-publish","has-post-thumbnail","hentry"],"acf":[],"yoast_head":"<!-- This site is optimized with the Yoast SEO Premium plugin v24.7 (Yoast SEO v24.7) - https:\/\/yoast.com\/wordpress\/plugins\/seo\/ -->\n<title>Le PASS OR (multi-activit\u00e9s)<\/title>\n<meta name=\"robots\" content=\"index, follow, max-snippet:-1, max-image-preview:large, max-video-preview:-1\" \/>\n<link rel=\"canonical\" href=\"https:\/\/www.1055.fr\/besancon\/tarifs-et-bons-plans\/nos-pass\/\" \/>\n<meta property=\"og:locale\" content=\"fr_FR\" \/>\n<meta property=\"og:type\" content=\"article\" \/>\n<meta property=\"og:title\" content=\"Le PASS OR (multi-activit\u00e9s)\" \/>\n<meta property=\"og:description\" content=\"D\u00e9couvrez le PASS OR : un excellent moyen de maitriser votre budget et de passer un excellent moment au 10.55 &hellip;\" \/>\n<meta property=\"og:url\" content=\"https:\/\/www.1055.fr\/besancon\/tarifs-et-bons-plans\/nos-pass\/\" \/>\n<meta property=\"article:modified_time\" content=\"2025-06-27T08:22:35+00:00\" \/>\n<meta property=\"og:image\" content=\"https:\/\/www.1055.fr\/besancon\/contenu\/uploads\/2021\/05\/bowling-petitebanniere.jpg\" \/>\n\t<meta property=\"og:image:width\" content=\"1024\" \/>\n\t<meta property=\"og:image:height\" content=\"205\" \/>\n\t<meta property=\"og:image:type\" content=\"image\/jpeg\" \/>\n<meta name=\"twitter:card\" content=\"summary_large_image\" \/>\n<meta name=\"twitter:label1\" content=\"Dur\u00e9e de lecture estim\u00e9e\" \/>\n\t<meta name=\"twitter:data1\" content=\"2 minutes\" \/>\n<script type=\"application\/ld+json\" class=\"yoast-schema-graph\">{\"@context\":\"https:\/\/schema.org\",\"@graph\":[{\"@type\":\"WebPage\",\"@id\":\"https:\/\/www.1055.fr\/besancon\/tarifs-et-bons-plans\/nos-pass\/\",\"url\":\"https:\/\/www.1055.fr\/besancon\/tarifs-et-bons-plans\/nos-pass\/\",\"name\":\"Le PASS OR (multi-activit\u00e9s)\",\"isPartOf\":{\"@id\":\"https:\/\/www.1055.fr\/besancon\/#website\"},\"primaryImageOfPage\":{\"@id\":\"https:\/\/www.1055.fr\/besancon\/tarifs-et-bons-plans\/nos-pass\/#primaryimage\"},\"image\":{\"@id\":\"https:\/\/www.1055.fr\/besancon\/tarifs-et-bons-plans\/nos-pass\/#primaryimage\"},\"thumbnailUrl\":\"https:\/\/www.1055.fr\/besancon\/contenu\/uploads\/2021\/05\/bowling-petitebanniere.jpg\",\"datePublished\":\"2021-05-17T08:13:56+00:00\",\"dateModified\":\"2025-06-27T08:22:35+00:00\",\"breadcrumb\":{\"@id\":\"https:\/\/www.1055.fr\/besancon\/tarifs-et-bons-plans\/nos-pass\/#breadcrumb\"},\"inLanguage\":\"fr-FR\",\"potentialAction\":[{\"@type\":\"ReadAction\",\"target\":[\"https:\/\/www.1055.fr\/besancon\/tarifs-et-bons-plans\/nos-pass\/\"]}]},{\"@type\":\"ImageObject\",\"inLanguage\":\"fr-FR\",\"@id\":\"https:\/\/www.1055.fr\/besancon\/tarifs-et-bons-plans\/nos-pass\/#primaryimage\",\"url\":\"https:\/\/www.1055.fr\/besancon\/contenu\/uploads\/2021\/05\/bowling-petitebanniere.jpg\",\"contentUrl\":\"https:\/\/www.1055.fr\/besancon\/contenu\/uploads\/2021\/05\/bowling-petitebanniere.jpg\",\"width\":1024,\"height\":205,\"caption\":\"Friends having fun while bowling and speding time together\"},{\"@type\":\"BreadcrumbList\",\"@id\":\"https:\/\/www.1055.fr\/besancon\/tarifs-et-bons-plans\/nos-pass\/#breadcrumb\",\"itemListElement\":[{\"@type\":\"ListItem\",\"position\":1,\"name\":\"Home\",\"item\":\"https:\/\/www.1055.fr\/besancon\/\"},{\"@type\":\"ListItem\",\"position\":2,\"name\":\"Tarifs et bons plans\",\"item\":\"https:\/\/www.1055.fr\/besancon\/tarifs-et-bons-plans\/\"},{\"@type\":\"ListItem\",\"position\":3,\"name\":\"Le PASS OR (multi-activit\u00e9s)\"}]},{\"@type\":\"WebSite\",\"@id\":\"https:\/\/www.1055.fr\/besancon\/#website\",\"url\":\"https:\/\/www.1055.fr\/besancon\/\",\"name\":\"\",\"description\":\"\",\"publisher\":{\"@id\":\"https:\/\/www.1055.fr\/besancon\/#organization\"},\"potentialAction\":[{\"@type\":\"SearchAction\",\"target\":{\"@type\":\"EntryPoint\",\"urlTemplate\":\"https:\/\/www.1055.fr\/besancon\/?s={search_term_string}\"},\"query-input\":{\"@type\":\"PropertyValueSpecification\",\"valueRequired\":true,\"valueName\":\"search_term_string\"}}],\"inLanguage\":\"fr-FR\"},{\"@type\":\"Organization\",\"@id\":\"https:\/\/www.1055.fr\/besancon\/#organization\",\"name\":\"1055 Besan\u00e7on\",\"url\":\"https:\/\/www.1055.fr\/besancon\/\",\"logo\":{\"@type\":\"ImageObject\",\"inLanguage\":\"fr-FR\",\"@id\":\"https:\/\/www.1055.fr\/besancon\/#\/schema\/logo\/image\/\",\"url\":\"https:\/\/www.1055.fr\/besancon\/contenu\/uploads\/2021\/04\/logo-page-2-1.png\",\"contentUrl\":\"https:\/\/www.1055.fr\/besancon\/contenu\/uploads\/2021\/04\/logo-page-2-1.png\",\"width\":120,\"height\":162,\"caption\":\"1055 Besan\u00e7on\"},\"image\":{\"@id\":\"https:\/\/www.1055.fr\/besancon\/#\/schema\/logo\/image\/\"}}]}<\/script>\n<!-- \/ Yoast SEO Premium plugin. -->","yoast_head_json":{"title":"Le PASS OR (multi-activit\u00e9s)","robots":{"index":"index","follow":"follow","max-snippet":"max-snippet:-1","max-image-preview":"max-image-preview:large","max-video-preview":"max-video-preview:-1"},"canonical":"https:\/\/www.1055.fr\/besancon\/tarifs-et-bons-plans\/nos-pass\/","og_locale":"fr_FR","og_type":"article","og_title":"Le PASS OR (multi-activit\u00e9s)","og_description":"D\u00e9couvrez le PASS OR : un excellent moyen de maitriser votre budget et de passer un excellent moment au 10.55 &hellip;","og_url":"https:\/\/www.1055.fr\/besancon\/tarifs-et-bons-plans\/nos-pass\/","article_modified_time":"2025-06-27T08:22:35+00:00","og_image":[{"width":1024,"height":205,"url":"https:\/\/www.1055.fr\/besancon\/contenu\/uploads\/2021\/05\/bowling-petitebanniere.jpg","type":"image\/jpeg"}],"twitter_card":"summary_large_image","twitter_misc":{"Dur\u00e9e de lecture estim\u00e9e":"2 minutes"},"schema":{"@context":"https:\/\/schema.org","@graph":[{"@type":"WebPage","@id":"https:\/\/www.1055.fr\/besancon\/tarifs-et-bons-plans\/nos-pass\/","url":"https:\/\/www.1055.fr\/besancon\/tarifs-et-bons-plans\/nos-pass\/","name":"Le PASS OR (multi-activit\u00e9s)","isPartOf":{"@id":"https:\/\/www.1055.fr\/besancon\/#website"},"primaryImageOfPage":{"@id":"https:\/\/www.1055.fr\/besancon\/tarifs-et-bons-plans\/nos-pass\/#primaryimage"},"image":{"@id":"https:\/\/www.1055.fr\/besancon\/tarifs-et-bons-plans\/nos-pass\/#primaryimage"},"thumbnailUrl":"https:\/\/www.1055.fr\/besancon\/contenu\/uploads\/2021\/05\/bowling-petitebanniere.jpg","datePublished":"2021-05-17T08:13:56+00:00","dateModified":"2025-06-27T08:22:35+00:00","breadcrumb":{"@id":"https:\/\/www.1055.fr\/besancon\/tarifs-et-bons-plans\/nos-pass\/#breadcrumb"},"inLanguage":"fr-FR","potentialAction":[{"@type":"ReadAction","target":["https:\/\/www.1055.fr\/besancon\/tarifs-et-bons-plans\/nos-pass\/"]}]},{"@type":"ImageObject","inLanguage":"fr-FR","@id":"https:\/\/www.1055.fr\/besancon\/tarifs-et-bons-plans\/nos-pass\/#primaryimage","url":"https:\/\/www.1055.fr\/besancon\/contenu\/uploads\/2021\/05\/bowling-petitebanniere.jpg","contentUrl":"https:\/\/www.1055.fr\/besancon\/contenu\/uploads\/2021\/05\/bowling-petitebanniere.jpg","width":1024,"height":205,"caption":"Friends having fun while bowling and speding time together"},{"@type":"BreadcrumbList","@id":"https:\/\/www.1055.fr\/besancon\/tarifs-et-bons-plans\/nos-pass\/#breadcrumb","itemListElement":[{"@type":"ListItem","position":1,"name":"Home","item":"https:\/\/www.1055.fr\/besancon\/"},{"@type":"ListItem","position":2,"name":"Tarifs et bons plans","item":"https:\/\/www.1055.fr\/besancon\/tarifs-et-bons-plans\/"},{"@type":"ListItem","position":3,"name":"Le PASS OR (multi-activit\u00e9s)"}]},{"@type":"WebSite","@id":"https:\/\/www.1055.fr\/besancon\/#website","url":"https:\/\/www.1055.fr\/besancon\/","name":"","description":"","publisher":{"@id":"https:\/\/www.1055.fr\/besancon\/#organization"},"potentialAction":[{"@type":"SearchAction","target":{"@type":"EntryPoint","urlTemplate":"https:\/\/www.1055.fr\/besancon\/?s={search_term_string}"},"query-input":{"@type":"PropertyValueSpecification","valueRequired":true,"valueName":"search_term_string"}}],"inLanguage":"fr-FR"},{"@type":"Organization","@id":"https:\/\/www.1055.fr\/besancon\/#organization","name":"1055 Besan\u00e7on","url":"https:\/\/www.1055.fr\/besancon\/","logo":{"@type":"ImageObject","inLanguage":"fr-FR","@id":"https:\/\/www.1055.fr\/besancon\/#\/schema\/logo\/image\/","url":"https:\/\/www.1055.fr\/besancon\/contenu\/uploads\/2021\/04\/logo-page-2-1.png","contentUrl":"https:\/\/www.1055.fr\/besancon\/contenu\/uploads\/2021\/04\/logo-page-2-1.png","width":120,"height":162,"caption":"1055 Besan\u00e7on"},"image":{"@id":"https:\/\/www.1055.fr\/besancon\/#\/schema\/logo\/image\/"}}]}},"_links":{"self":[{"href":"https:\/\/www.1055.fr\/besancon\/wp-json\/wp\/v2\/pages\/427","targetHints":{"allow":["GET"]}}],"collection":[{"href":"https:\/\/www.1055.fr\/besancon\/wp-json\/wp\/v2\/pages"}],"about":[{"href":"https:\/\/www.1055.fr\/besancon\/wp-json\/wp\/v2\/types\/page"}],"author":[{"embeddable":true,"href":"https:\/\/www.1055.fr\/besancon\/wp-json\/wp\/v2\/users\/10"}],"replies":[{"embeddable":true,"href":"https:\/\/www.1055.fr\/besancon\/wp-json\/wp\/v2\/comments?post=427"}],"version-history":[{"count":2,"href":"https:\/\/www.1055.fr\/besancon\/wp-json\/wp\/v2\/pages\/427\/revisions"}],"predecessor-version":[{"id":6597,"href":"https:\/\/www.1055.fr\/besancon\/wp-json\/wp\/v2\/pages\/427\/revisions\/6597"}],"up":[{"embeddable":true,"href":"https:\/\/www.1055.fr\/besancon\/wp-json\/wp\/v2\/pages\/198"}],"wp:featuredmedia":[{"embeddable":true,"href":"https:\/\/www.1055.fr\/besancon\/wp-json\/wp\/v2\/media\/386"}],"wp:attachment":[{"href":"https:\/\/www.1055.fr\/besancon\/wp-json\/wp\/v2\/media?parent=427"}],"curies":[{"name":"wp","href":"https:\/\/api.w.org\/{rel}","templated":true}]}}