{"id":398,"date":"2021-05-12T12:27:17","date_gmt":"2021-05-12T10:27:17","guid":{"rendered":"https:\/\/www.1055.fr\/besancon\/?page_id=398"},"modified":"2025-03-24T16:09:19","modified_gmt":"2025-03-24T15:09:19","slug":"evjf-evg","status":"publish","type":"page","link":"https:\/\/www.1055.fr\/besancon\/feter\/evjf-evg\/","title":{"rendered":"EVJF \/ EVG"},"content":{"rendered":"\n<h2 class=\"wp-block-heading\" id=\"h-\">&nbsp;<\/h2>\n\n\n\n<h2 class=\"wp-block-heading\" id=\"h-enterrez-dignement-votre-vie-de-celibataire-dans-notre-espace-de-loisirs-et-de-restauration\">Enterrez dignement votre vie de c\u00e9libataire dans notre espace de Loisirs et de Restauration<\/h2>\n\n\n\n<figure class=\"wp-block-image\"><img decoding=\"async\" width=\"300\" height=\"200\" src=\"https:\/\/www.1055.fr\/besancon\/contenu\/uploads\/2021\/05\/40023435_s2-300x200.jpg\" alt=\"\" class=\"wp-image-399\" srcset=\"https:\/\/www.1055.fr\/besancon\/contenu\/uploads\/2021\/05\/40023435_s2-300x200.jpg 300w, https:\/\/www.1055.fr\/besancon\/contenu\/uploads\/2021\/05\/40023435_s2-768x512.jpg 768w, https:\/\/www.1055.fr\/besancon\/contenu\/uploads\/2021\/05\/40023435_s2-24x16.jpg 24w, https:\/\/www.1055.fr\/besancon\/contenu\/uploads\/2021\/05\/40023435_s2-36x24.jpg 36w, https:\/\/www.1055.fr\/besancon\/contenu\/uploads\/2021\/05\/40023435_s2-48x32.jpg 48w, https:\/\/www.1055.fr\/besancon\/contenu\/uploads\/2021\/05\/40023435_s2.jpg 848w\" sizes=\"(max-width: 300px) 100vw, 300px\" \/><\/figure>\n\n\n\n<p><\/p>\n\n\n\n<p>\u201c\u00c7a peut \u00eatre dr\u00f4le un&nbsp;enterrement !\u201d J\u00e9r\u00e9my, 28 ans<\/p>\n\n\n\n<p>Le 1055 se pr\u00eate parfaitement \u00e0 <strong>l\u2019organisation d\u2019EVG\/EVJF !<\/strong> Notre<strong> grande capacit\u00e9 d\u2019accueil<\/strong> vous permettra d\u2019\u00eatre<strong> entour\u00e9(e) de tous vos proches<\/strong> et de <strong>rendre ce moment particuli\u00e8rement inoubliable !<\/strong> <strong>Notre tr\u00e8s grand choix d\u2019activit\u00e9s<\/strong> vous garantit de trouver de quoi passer de vrais moments de d\u00e9tente et de rigolade avant le grand jour !<\/p>\n\n\n\n<p><strong>Tout est sur place<\/strong>, entrez au 1055 pour une <strong>offre ultra-compl\u00e8te<\/strong> qui vous permettra de c\u00e9l\u00e9brer votre <strong>EVG \/ EVJF<\/strong> dans <strong>un seul et m\u00eame lieu<\/strong> avec de <strong>nombreuses activit\u00e9s<\/strong> et m\u00eame <strong>un restaurant pour passer un super moment \u00e0 table !<\/strong>&nbsp; Le plus dur sera de choisir !<\/p>\n\n\n\n<h2 class=\"wp-block-heading\" id=\"h-un-enterrement-de-vie-de-garcon-jeune-fille-100-sur-mesure\">Un enterrement de vie de gar\u00e7on\/jeune fille 100% sur-mesure<\/h2>\n\n\n\n<figure class=\"wp-block-image is-resized\"><img decoding=\"async\" width=\"300\" height=\"171\" src=\"https:\/\/www.1055.fr\/besancon\/contenu\/uploads\/2021\/05\/bowling-300x171.jpg\" alt=\"\" class=\"wp-image-312\" style=\"width:322px;height:auto\" srcset=\"https:\/\/www.1055.fr\/besancon\/contenu\/uploads\/2021\/05\/bowling-300x171.jpg 300w, https:\/\/www.1055.fr\/besancon\/contenu\/uploads\/2021\/05\/bowling-1024x585.jpg 1024w, https:\/\/www.1055.fr\/besancon\/contenu\/uploads\/2021\/05\/bowling-768x439.jpg 768w, https:\/\/www.1055.fr\/besancon\/contenu\/uploads\/2021\/05\/bowling-1536x878.jpg 1536w, https:\/\/www.1055.fr\/besancon\/contenu\/uploads\/2021\/05\/bowling-2048x1170.jpg 2048w, https:\/\/www.1055.fr\/besancon\/contenu\/uploads\/2021\/05\/bowling-24x14.jpg 24w, https:\/\/www.1055.fr\/besancon\/contenu\/uploads\/2021\/05\/bowling-36x21.jpg 36w, https:\/\/www.1055.fr\/besancon\/contenu\/uploads\/2021\/05\/bowling-48x27.jpg 48w\" sizes=\"(max-width: 300px) 100vw, 300px\" \/><\/figure>\n\n\n\n<p>Choisissez votre journ\u00e9e\/soir\u00e9e de A \u00e0 Z ! <strong>D\u00e9finissez vos activit\u00e9s, votre restauration<\/strong> (ap\u00e9ritif\/repas), en bref, construisez enti\u00e8rement sur-mesure votre <strong>enterrement de vie de c\u00e9libataire<\/strong> ! Faites-vous plaisir, il se pourrait que \u00e7a n\u2019arrive qu\u2019une fois !<\/p>\n\n\n\n<div class=\"wp-block-buttons is-content-justification-center is-layout-flex wp-container-core-buttons-is-layout-16018d1d wp-block-buttons-is-layout-flex\">\n<div class=\"wp-block-button is-style-outline is-style-outline--1\"><a class=\"wp-block-button__link has-luminous-vivid-orange-color has-white-background-color has-text-color has-background has-link-color wp-element-button\" href=\"https:\/\/cloud.groupe.1055.fr\/particuliers-contactez-nous\">Contactez-nous<\/a><\/div>\n<\/div>\n","protected":false},"excerpt":{"rendered":"<p>&nbsp; Enterrez dignement votre vie de c\u00e9libataire dans notre espace de Loisirs et de Restauration \u201c\u00c7a peut \u00eatre dr\u00f4le un&nbsp;enterrement &hellip;<\/p>\n","protected":false},"author":10,"featured_media":406,"parent":200,"menu_order":0,"comment_status":"closed","ping_status":"closed","template":"page-activite.php","meta":{"_acf_changed":false,"inline_featured_image":false,"footnotes":""},"class_list":["post-398","page","type-page","status-publish","has-post-thumbnail","hentry"],"acf":[],"yoast_head":"<!-- This site is optimized with the Yoast SEO Premium plugin v24.7 (Yoast SEO v24.7) - https:\/\/yoast.com\/wordpress\/plugins\/seo\/ -->\n<title>EVJF \/ EVG<\/title>\n<meta name=\"robots\" content=\"index, follow, max-snippet:-1, max-image-preview:large, max-video-preview:-1\" \/>\n<link rel=\"canonical\" href=\"https:\/\/www.1055.fr\/besancon\/feter\/evjf-evg\/\" \/>\n<meta property=\"og:locale\" content=\"fr_FR\" \/>\n<meta property=\"og:type\" content=\"article\" \/>\n<meta property=\"og:title\" content=\"EVJF \/ EVG\" \/>\n<meta property=\"og:description\" content=\"&nbsp; Enterrez dignement votre vie de c\u00e9libataire dans notre espace de Loisirs et de Restauration \u201c\u00c7a peut \u00eatre dr\u00f4le un&nbsp;enterrement &hellip;\" \/>\n<meta property=\"og:url\" content=\"https:\/\/www.1055.fr\/besancon\/feter\/evjf-evg\/\" \/>\n<meta property=\"article:modified_time\" content=\"2025-03-24T15:09:19+00:00\" \/>\n<meta property=\"og:image\" content=\"https:\/\/www.1055.fr\/besancon\/contenu\/uploads\/2021\/05\/ballon-petitebanniere.jpg\" \/>\n\t<meta property=\"og:image:width\" content=\"1024\" \/>\n\t<meta property=\"og:image:height\" content=\"205\" \/>\n\t<meta property=\"og:image:type\" content=\"image\/jpeg\" \/>\n<meta name=\"twitter:card\" content=\"summary_large_image\" \/>\n<meta name=\"twitter:label1\" content=\"Dur\u00e9e de lecture estim\u00e9e\" \/>\n\t<meta name=\"twitter:data1\" content=\"2 minutes\" \/>\n<script type=\"application\/ld+json\" class=\"yoast-schema-graph\">{\"@context\":\"https:\/\/schema.org\",\"@graph\":[{\"@type\":\"WebPage\",\"@id\":\"https:\/\/www.1055.fr\/besancon\/feter\/evjf-evg\/\",\"url\":\"https:\/\/www.1055.fr\/besancon\/feter\/evjf-evg\/\",\"name\":\"EVJF \/ EVG\",\"isPartOf\":{\"@id\":\"https:\/\/www.1055.fr\/besancon\/#website\"},\"primaryImageOfPage\":{\"@id\":\"https:\/\/www.1055.fr\/besancon\/feter\/evjf-evg\/#primaryimage\"},\"image\":{\"@id\":\"https:\/\/www.1055.fr\/besancon\/feter\/evjf-evg\/#primaryimage\"},\"thumbnailUrl\":\"https:\/\/www.1055.fr\/besancon\/contenu\/uploads\/2021\/05\/ballon-petitebanniere.jpg\",\"datePublished\":\"2021-05-12T10:27:17+00:00\",\"dateModified\":\"2025-03-24T15:09:19+00:00\",\"breadcrumb\":{\"@id\":\"https:\/\/www.1055.fr\/besancon\/feter\/evjf-evg\/#breadcrumb\"},\"inLanguage\":\"fr-FR\",\"potentialAction\":[{\"@type\":\"ReadAction\",\"target\":[\"https:\/\/www.1055.fr\/besancon\/feter\/evjf-evg\/\"]}]},{\"@type\":\"ImageObject\",\"inLanguage\":\"fr-FR\",\"@id\":\"https:\/\/www.1055.fr\/besancon\/feter\/evjf-evg\/#primaryimage\",\"url\":\"https:\/\/www.1055.fr\/besancon\/contenu\/uploads\/2021\/05\/ballon-petitebanniere.jpg\",\"contentUrl\":\"https:\/\/www.1055.fr\/besancon\/contenu\/uploads\/2021\/05\/ballon-petitebanniere.jpg\",\"width\":1024,\"height\":205},{\"@type\":\"BreadcrumbList\",\"@id\":\"https:\/\/www.1055.fr\/besancon\/feter\/evjf-evg\/#breadcrumb\",\"itemListElement\":[{\"@type\":\"ListItem\",\"position\":1,\"name\":\"Home\",\"item\":\"https:\/\/www.1055.fr\/besancon\/\"},{\"@type\":\"ListItem\",\"position\":2,\"name\":\"F\u00eater\",\"item\":\"https:\/\/www.1055.fr\/besancon\/feter\/\"},{\"@type\":\"ListItem\",\"position\":3,\"name\":\"EVJF \/ EVG\"}]},{\"@type\":\"WebSite\",\"@id\":\"https:\/\/www.1055.fr\/besancon\/#website\",\"url\":\"https:\/\/www.1055.fr\/besancon\/\",\"name\":\"\",\"description\":\"\",\"publisher\":{\"@id\":\"https:\/\/www.1055.fr\/besancon\/#organization\"},\"potentialAction\":[{\"@type\":\"SearchAction\",\"target\":{\"@type\":\"EntryPoint\",\"urlTemplate\":\"https:\/\/www.1055.fr\/besancon\/?s={search_term_string}\"},\"query-input\":{\"@type\":\"PropertyValueSpecification\",\"valueRequired\":true,\"valueName\":\"search_term_string\"}}],\"inLanguage\":\"fr-FR\"},{\"@type\":\"Organization\",\"@id\":\"https:\/\/www.1055.fr\/besancon\/#organization\",\"name\":\"1055 Besan\u00e7on\",\"url\":\"https:\/\/www.1055.fr\/besancon\/\",\"logo\":{\"@type\":\"ImageObject\",\"inLanguage\":\"fr-FR\",\"@id\":\"https:\/\/www.1055.fr\/besancon\/#\/schema\/logo\/image\/\",\"url\":\"https:\/\/www.1055.fr\/besancon\/contenu\/uploads\/2021\/04\/logo-page-2-1.png\",\"contentUrl\":\"https:\/\/www.1055.fr\/besancon\/contenu\/uploads\/2021\/04\/logo-page-2-1.png\",\"width\":120,\"height\":162,\"caption\":\"1055 Besan\u00e7on\"},\"image\":{\"@id\":\"https:\/\/www.1055.fr\/besancon\/#\/schema\/logo\/image\/\"}}]}<\/script>\n<!-- \/ Yoast SEO Premium plugin. -->","yoast_head_json":{"title":"EVJF \/ EVG","robots":{"index":"index","follow":"follow","max-snippet":"max-snippet:-1","max-image-preview":"max-image-preview:large","max-video-preview":"max-video-preview:-1"},"canonical":"https:\/\/www.1055.fr\/besancon\/feter\/evjf-evg\/","og_locale":"fr_FR","og_type":"article","og_title":"EVJF \/ EVG","og_description":"&nbsp; Enterrez dignement votre vie de c\u00e9libataire dans notre espace de Loisirs et de Restauration \u201c\u00c7a peut \u00eatre dr\u00f4le un&nbsp;enterrement &hellip;","og_url":"https:\/\/www.1055.fr\/besancon\/feter\/evjf-evg\/","article_modified_time":"2025-03-24T15:09:19+00:00","og_image":[{"width":1024,"height":205,"url":"https:\/\/www.1055.fr\/besancon\/contenu\/uploads\/2021\/05\/ballon-petitebanniere.jpg","type":"image\/jpeg"}],"twitter_card":"summary_large_image","twitter_misc":{"Dur\u00e9e de lecture estim\u00e9e":"2 minutes"},"schema":{"@context":"https:\/\/schema.org","@graph":[{"@type":"WebPage","@id":"https:\/\/www.1055.fr\/besancon\/feter\/evjf-evg\/","url":"https:\/\/www.1055.fr\/besancon\/feter\/evjf-evg\/","name":"EVJF \/ EVG","isPartOf":{"@id":"https:\/\/www.1055.fr\/besancon\/#website"},"primaryImageOfPage":{"@id":"https:\/\/www.1055.fr\/besancon\/feter\/evjf-evg\/#primaryimage"},"image":{"@id":"https:\/\/www.1055.fr\/besancon\/feter\/evjf-evg\/#primaryimage"},"thumbnailUrl":"https:\/\/www.1055.fr\/besancon\/contenu\/uploads\/2021\/05\/ballon-petitebanniere.jpg","datePublished":"2021-05-12T10:27:17+00:00","dateModified":"2025-03-24T15:09:19+00:00","breadcrumb":{"@id":"https:\/\/www.1055.fr\/besancon\/feter\/evjf-evg\/#breadcrumb"},"inLanguage":"fr-FR","potentialAction":[{"@type":"ReadAction","target":["https:\/\/www.1055.fr\/besancon\/feter\/evjf-evg\/"]}]},{"@type":"ImageObject","inLanguage":"fr-FR","@id":"https:\/\/www.1055.fr\/besancon\/feter\/evjf-evg\/#primaryimage","url":"https:\/\/www.1055.fr\/besancon\/contenu\/uploads\/2021\/05\/ballon-petitebanniere.jpg","contentUrl":"https:\/\/www.1055.fr\/besancon\/contenu\/uploads\/2021\/05\/ballon-petitebanniere.jpg","width":1024,"height":205},{"@type":"BreadcrumbList","@id":"https:\/\/www.1055.fr\/besancon\/feter\/evjf-evg\/#breadcrumb","itemListElement":[{"@type":"ListItem","position":1,"name":"Home","item":"https:\/\/www.1055.fr\/besancon\/"},{"@type":"ListItem","position":2,"name":"F\u00eater","item":"https:\/\/www.1055.fr\/besancon\/feter\/"},{"@type":"ListItem","position":3,"name":"EVJF \/ EVG"}]},{"@type":"WebSite","@id":"https:\/\/www.1055.fr\/besancon\/#website","url":"https:\/\/www.1055.fr\/besancon\/","name":"","description":"","publisher":{"@id":"https:\/\/www.1055.fr\/besancon\/#organization"},"potentialAction":[{"@type":"SearchAction","target":{"@type":"EntryPoint","urlTemplate":"https:\/\/www.1055.fr\/besancon\/?s={search_term_string}"},"query-input":{"@type":"PropertyValueSpecification","valueRequired":true,"valueName":"search_term_string"}}],"inLanguage":"fr-FR"},{"@type":"Organization","@id":"https:\/\/www.1055.fr\/besancon\/#organization","name":"1055 Besan\u00e7on","url":"https:\/\/www.1055.fr\/besancon\/","logo":{"@type":"ImageObject","inLanguage":"fr-FR","@id":"https:\/\/www.1055.fr\/besancon\/#\/schema\/logo\/image\/","url":"https:\/\/www.1055.fr\/besancon\/contenu\/uploads\/2021\/04\/logo-page-2-1.png","contentUrl":"https:\/\/www.1055.fr\/besancon\/contenu\/uploads\/2021\/04\/logo-page-2-1.png","width":120,"height":162,"caption":"1055 Besan\u00e7on"},"image":{"@id":"https:\/\/www.1055.fr\/besancon\/#\/schema\/logo\/image\/"}}]}},"_links":{"self":[{"href":"https:\/\/www.1055.fr\/besancon\/wp-json\/wp\/v2\/pages\/398","targetHints":{"allow":["GET"]}}],"collection":[{"href":"https:\/\/www.1055.fr\/besancon\/wp-json\/wp\/v2\/pages"}],"about":[{"href":"https:\/\/www.1055.fr\/besancon\/wp-json\/wp\/v2\/types\/page"}],"author":[{"embeddable":true,"href":"https:\/\/www.1055.fr\/besancon\/wp-json\/wp\/v2\/users\/10"}],"replies":[{"embeddable":true,"href":"https:\/\/www.1055.fr\/besancon\/wp-json\/wp\/v2\/comments?post=398"}],"version-history":[{"count":2,"href":"https:\/\/www.1055.fr\/besancon\/wp-json\/wp\/v2\/pages\/398\/revisions"}],"predecessor-version":[{"id":6272,"href":"https:\/\/www.1055.fr\/besancon\/wp-json\/wp\/v2\/pages\/398\/revisions\/6272"}],"up":[{"embeddable":true,"href":"https:\/\/www.1055.fr\/besancon\/wp-json\/wp\/v2\/pages\/200"}],"wp:featuredmedia":[{"embeddable":true,"href":"https:\/\/www.1055.fr\/besancon\/wp-json\/wp\/v2\/media\/406"}],"wp:attachment":[{"href":"https:\/\/www.1055.fr\/besancon\/wp-json\/wp\/v2\/media?parent=398"}],"curies":[{"name":"wp","href":"https:\/\/api.w.org\/{rel}","templated":true}]}}