{"id":374,"date":"2021-05-11T17:45:06","date_gmt":"2021-05-11T15:45:06","guid":{"rendered":"https:\/\/www.1055.fr\/besancon\/?page_id=374"},"modified":"2025-10-07T10:09:10","modified_gmt":"2025-10-07T08:09:10","slug":"anniversaires","status":"publish","type":"page","link":"https:\/\/www.1055.fr\/besancon\/feter\/anniversaires\/","title":{"rendered":"Anniversaires"},"content":{"rendered":"\n<h2 class=\"wp-block-heading\" id=\"h-\"><mark style=\"background-color:rgba(0, 0, 0, 0)\" class=\"has-inline-color has-vivid-red-color\"><\/mark><\/h2>\n\n\n\n<p>Si vous cherchez une mani\u00e8re originale de f\u00eater l&rsquo;anniversaire de votre enfant \u00e0 Besan\u00e7on, ne cherchez pas plus loin que nos offres anniversaires sur <a href=\"http:\/\/www.1055.fr\">1055.fr<\/a> ! Nous avons une vari\u00e9t\u00e9 d&rsquo;options pour les enfants de tous \u00e2ges.  Venez profiter pleinement de la f\u00eate au 10 55. <a href=\"http:\/\/reservation-besancon.1055.fr\">Avec nos offres multiples<\/a>, vous pouvez cr\u00e9er une f\u00eate d&rsquo;anniversaire unique pour votre enfant et ses amis. Alors, ne laissez pas l&rsquo;anniversaire de votre enfant passer inaper\u00e7u \u00e0 Besan\u00e7on, <a href=\"http:\/\/reservation-besancon.1055.fr\">r\u00e9servez<\/a> une f\u00eate inoubliable avec nous d\u00e8s maintenant !<\/p>\n\n\n\n<p><strong><a href=\"https:\/\/www.1055.fr\/besancon\/activites\/trampoline-park\/\">Trampoline Park<\/a>, <a href=\"https:\/\/www.1055.fr\/besancon\/activites\/bowling\/\">Bowling<\/a>, <a href=\"https:\/\/www.1055.fr\/besancon\/activites\/laser-game\/\">Laser Game<\/a>, <a href=\"https:\/\/www.1055.fr\/besancon\/activites\/kid-park\/\">Kid Park<\/a>, <a href=\"https:\/\/www.1055.fr\/besancon\/activites-outdoor\/parc-gonflable\/\">Jeux Gonflables,<\/a> <a href=\"https:\/\/www.1055.fr\/besancon\/activites\/parcours-filet\/\">Parcours en hauteur,<\/a> <a href=\"https:\/\/www.1055.fr\/besancon\/activites-outdoor\/accrobranche\/\">Accrobranche<\/a>, <a href=\"https:\/\/www.1055.fr\/besancon\/activites-outdoor\/accro-spider\/\">Accrospider<\/a> et plein d&rsquo;autres choix ! <\/strong>\u2026 Le 10 55 est l\u2019endroit id\u00e9al pour \u00eatre l\u2019espace d\u2019un instant <strong>le roi ou la reine de la f\u00eate<\/strong> et r\u00e9gner sur un vaste domaine tellement amusant, <strong>l\u2019anniversaire parfait<\/strong> pour les petits et les ados !<\/p>\n\n\n\n<h2 class=\"wp-block-heading\"><span style=\"color: #ff6600;\">Les formules anniversaire du 10 55 \u00e0 Chalezeule\/Besan\u00e7on ! <\/span><\/h2>\n\n\n\n<h1 class=\"wp-block-heading\">Pour une f\u00eate r\u00e9ussie, toutes nos formules comprennent* :<\/h1>\n\n\n\n<p>Pour les prix et d\u00e9tails des formules, rendez-vous<br>&#8211; Sur ordinateur : dans la colonne \u00ab\u00a0infos pratiques\u00a0\u00bb sur la droite \u2192<br>&#8211; Sur mobile : dans la colonne \u00ab\u00a0infos pratiques\u00a0\u00bb un peu plus bas \u2193<\/p>\n\n\n\n<ul class=\"wp-block-list\">\n<li><span style=\"color: #ff9900;\"><strong>Un go\u00fbter d\u2019anniversaire<\/strong><\/span> (moelleux au chocolat, fontaine lumineuse, bonbons)<\/li>\n\n\n\n<li><span style=\"color: #ff9900;\"><strong>1 boisson soda ou jus de fruits<\/strong><\/span> servie au moment du go\u00fbter (carafes de sirop \u00e0 l\u2019eau \u00e0 disposition)<\/li>\n\n\n\n<li><span style=\"color: #ff9900;\"><strong>Un cadeau surprise + 1 bon cadeau (valable pour une prochaine fois)+ 1 jeton de jeux d&rsquo;arcades <\/strong><\/span>pour l\u2019enfant qui f\u00eate son anniversaire !<\/li>\n<\/ul>\n\n\n\n<p><a href=\"http:\/\/reservation-besancon.1055.fr\"><span style=\"color: #0000ff;\"><strong><big>R\u00e9servez en ligne son anniversaire de r\u00eave<\/big> <\/strong><\/span><\/a><\/p>\n\n\n\n<p><big><a href=\"https:\/\/www.1055.fr\/besancon\/contenu\/uploads\/2025\/05\/Plaquette_invitation_Orange_Bes-1.pdf\" target=\"_blank\" rel=\"noreferrer noopener\"><strong><span style=\"color: #993366;\">T\u00e9l\u00e9chargez nos cartons d&rsquo;invitation en cliquant ici<\/span><\/strong><\/a><\/big><\/p>\n\n\n\n<figure class=\"wp-block-image size-large is-resized\"><img decoding=\"async\" width=\"1024\" height=\"509\" src=\"https:\/\/www.1055.fr\/besancon\/contenu\/uploads\/2025\/05\/image-1024x509.png\" alt=\"\" class=\"wp-image-6528\" style=\"width:334px;height:auto\" srcset=\"https:\/\/www.1055.fr\/besancon\/contenu\/uploads\/2025\/05\/image-1024x509.png 1024w, https:\/\/www.1055.fr\/besancon\/contenu\/uploads\/2025\/05\/image-300x149.png 300w, https:\/\/www.1055.fr\/besancon\/contenu\/uploads\/2025\/05\/image-768x381.png 768w, https:\/\/www.1055.fr\/besancon\/contenu\/uploads\/2025\/05\/image-24x12.png 24w, https:\/\/www.1055.fr\/besancon\/contenu\/uploads\/2025\/05\/image-36x18.png 36w, https:\/\/www.1055.fr\/besancon\/contenu\/uploads\/2025\/05\/image-48x24.png 48w, https:\/\/www.1055.fr\/besancon\/contenu\/uploads\/2025\/05\/image.png 1206w\" sizes=\"(max-width: 767px) 89vw, (max-width: 1000px) 54vw, (max-width: 1071px) 543px, 580px\" \/><\/figure>\n\n\n\n<p>&nbsp;<\/p>\n\n\n\n<p><span style=\"color: #ff0000;\"><em>*Conditions de ventes des anniversaires comprenant des acc\u00e8s au Parc Ext\u00e9rieur : pas de possibilit\u00e9 d&rsquo;annulation de l&rsquo;anniversaire en cas de conditions m\u00e9t\u00e9orologiques d\u00e9favorables \u00e0 l&rsquo;ouverture du Parc Ext\u00e9rieur. <\/em><\/span><br><span style=\"color: #ff0000;\"><em>Si formule Soleil \u00e0 19.90\u20ac choisie, basculement de l&rsquo;anniversaire en anniversaire d\u00e9couverte avec activit\u00e9s Indoor ou report \u00e0 une autre date.<br>Si formule Or \u00e0 24.90\u20ac choisie, anniversaire en int\u00e9rieur avec toutes les activit\u00e9s en illimit\u00e9 ou report \u00e0 une autre date. <\/em><\/span><\/p>\n\n\n\n<h2 class=\"wp-block-heading\">Pensez-y : nous organisons aussi des anniversaires pour adultes.<\/h2>\n\n\n\n<p>Un groupe de moins de 10 personnes? : Contactez le restaurant pour commander un g\u00e2teau \u00e0 d\u00e9guster <a href=\"http:\/\/labrasserie-1055.fr\">\u00e0 la Brasserie du 10.55 apr\u00e8s un bon repas<\/a> !<\/p>\n\n\n\n<p>Un groupe de plus de 10 personnes: Contactez-nous via le formulaire en <a href=\"https:\/\/cloud.groupe.1055.fr\/particuliers-contactez-nous\">cliquant ici<\/a> pour organiser ensemble un super \u00e9v\u00e9nement sur mesure<\/p>\n\n\n\n<p><strong><em>*Les chaussettes antid\u00e9rapantes sont obligatoires au Kid Park, Trampoline Park, Jeux Gonflables et Parcours aventure pour des raisons d&rsquo;hygi\u00e8ne et de s\u00e9curit\u00e9 &#8211; en vente sur place 2.90\u20ac <\/em><\/strong><br><strong><em>\u2757Pour le Trampoline Park, les Jeux Gonflables et le Parcours Aventure, la direction se r\u00e9serve le droit de passer en session de 20 min renouvelables en cas de forte affluence pour des raisons de s\u00e9curit\u00e9. <\/em><\/strong><br><strong><em>Nous ne garantissons pas la disponibilit\u00e9 de toutes les activit\u00e9s en cas de fortes affluence !<\/em> <\/strong><\/p>\n\n\n\n<hr class=\"wp-block-separator has-alpha-channel-opacity\"\/>\n","protected":false},"excerpt":{"rendered":"<p>Si vous cherchez une mani\u00e8re originale de f\u00eater l&rsquo;anniversaire de votre enfant \u00e0 Besan\u00e7on, ne cherchez pas plus loin que &hellip;<\/p>\n","protected":false},"author":10,"featured_media":990,"parent":200,"menu_order":0,"comment_status":"closed","ping_status":"closed","template":"page-anniversaire.php","meta":{"_acf_changed":false,"inline_featured_image":false,"footnotes":""},"class_list":["post-374","page","type-page","status-publish","has-post-thumbnail","hentry"],"acf":[],"yoast_head":"<!-- This site is optimized with the Yoast SEO Premium plugin v24.7 (Yoast SEO v24.7) - https:\/\/yoast.com\/wordpress\/plugins\/seo\/ -->\n<title>Anniversaires<\/title>\n<meta name=\"robots\" content=\"index, follow, max-snippet:-1, max-image-preview:large, max-video-preview:-1\" \/>\n<link rel=\"canonical\" href=\"https:\/\/www.1055.fr\/besancon\/feter\/anniversaires\/\" \/>\n<meta property=\"og:locale\" content=\"fr_FR\" \/>\n<meta property=\"og:type\" content=\"article\" \/>\n<meta property=\"og:title\" content=\"Anniversaires\" \/>\n<meta property=\"og:description\" content=\"Si vous cherchez une mani\u00e8re originale de f\u00eater l&rsquo;anniversaire de votre enfant \u00e0 Besan\u00e7on, ne cherchez pas plus loin que &hellip;\" \/>\n<meta property=\"og:url\" content=\"https:\/\/www.1055.fr\/besancon\/feter\/anniversaires\/\" \/>\n<meta property=\"article:modified_time\" content=\"2025-10-07T08:09:10+00:00\" \/>\n<meta property=\"og:image\" content=\"https:\/\/www.1055.fr\/besancon\/contenu\/uploads\/2022\/06\/anniv-interne.jpg\" \/>\n\t<meta property=\"og:image:width\" content=\"1800\" \/>\n\t<meta property=\"og:image:height\" content=\"360\" \/>\n\t<meta property=\"og:image:type\" content=\"image\/jpeg\" \/>\n<meta name=\"twitter:card\" content=\"summary_large_image\" \/>\n<meta name=\"twitter:label1\" content=\"Dur\u00e9e de lecture estim\u00e9e\" \/>\n\t<meta name=\"twitter:data1\" content=\"3 minutes\" \/>\n<script type=\"application\/ld+json\" class=\"yoast-schema-graph\">{\"@context\":\"https:\/\/schema.org\",\"@graph\":[{\"@type\":\"WebPage\",\"@id\":\"https:\/\/www.1055.fr\/besancon\/feter\/anniversaires\/\",\"url\":\"https:\/\/www.1055.fr\/besancon\/feter\/anniversaires\/\",\"name\":\"Anniversaires\",\"isPartOf\":{\"@id\":\"https:\/\/www.1055.fr\/besancon\/#website\"},\"primaryImageOfPage\":{\"@id\":\"https:\/\/www.1055.fr\/besancon\/feter\/anniversaires\/#primaryimage\"},\"image\":{\"@id\":\"https:\/\/www.1055.fr\/besancon\/feter\/anniversaires\/#primaryimage\"},\"thumbnailUrl\":\"https:\/\/www.1055.fr\/besancon\/contenu\/uploads\/2022\/06\/anniv-interne.jpg\",\"datePublished\":\"2021-05-11T15:45:06+00:00\",\"dateModified\":\"2025-10-07T08:09:10+00:00\",\"breadcrumb\":{\"@id\":\"https:\/\/www.1055.fr\/besancon\/feter\/anniversaires\/#breadcrumb\"},\"inLanguage\":\"fr-FR\",\"potentialAction\":[{\"@type\":\"ReadAction\",\"target\":[\"https:\/\/www.1055.fr\/besancon\/feter\/anniversaires\/\"]}]},{\"@type\":\"ImageObject\",\"inLanguage\":\"fr-FR\",\"@id\":\"https:\/\/www.1055.fr\/besancon\/feter\/anniversaires\/#primaryimage\",\"url\":\"https:\/\/www.1055.fr\/besancon\/contenu\/uploads\/2022\/06\/anniv-interne.jpg\",\"contentUrl\":\"https:\/\/www.1055.fr\/besancon\/contenu\/uploads\/2022\/06\/anniv-interne.jpg\",\"width\":1800,\"height\":360},{\"@type\":\"BreadcrumbList\",\"@id\":\"https:\/\/www.1055.fr\/besancon\/feter\/anniversaires\/#breadcrumb\",\"itemListElement\":[{\"@type\":\"ListItem\",\"position\":1,\"name\":\"Home\",\"item\":\"https:\/\/www.1055.fr\/besancon\/\"},{\"@type\":\"ListItem\",\"position\":2,\"name\":\"F\u00eater\",\"item\":\"https:\/\/www.1055.fr\/besancon\/feter\/\"},{\"@type\":\"ListItem\",\"position\":3,\"name\":\"Anniversaires\"}]},{\"@type\":\"WebSite\",\"@id\":\"https:\/\/www.1055.fr\/besancon\/#website\",\"url\":\"https:\/\/www.1055.fr\/besancon\/\",\"name\":\"\",\"description\":\"\",\"publisher\":{\"@id\":\"https:\/\/www.1055.fr\/besancon\/#organization\"},\"potentialAction\":[{\"@type\":\"SearchAction\",\"target\":{\"@type\":\"EntryPoint\",\"urlTemplate\":\"https:\/\/www.1055.fr\/besancon\/?s={search_term_string}\"},\"query-input\":{\"@type\":\"PropertyValueSpecification\",\"valueRequired\":true,\"valueName\":\"search_term_string\"}}],\"inLanguage\":\"fr-FR\"},{\"@type\":\"Organization\",\"@id\":\"https:\/\/www.1055.fr\/besancon\/#organization\",\"name\":\"1055 Besan\u00e7on\",\"url\":\"https:\/\/www.1055.fr\/besancon\/\",\"logo\":{\"@type\":\"ImageObject\",\"inLanguage\":\"fr-FR\",\"@id\":\"https:\/\/www.1055.fr\/besancon\/#\/schema\/logo\/image\/\",\"url\":\"https:\/\/www.1055.fr\/besancon\/contenu\/uploads\/2021\/04\/logo-page-2-1.png\",\"contentUrl\":\"https:\/\/www.1055.fr\/besancon\/contenu\/uploads\/2021\/04\/logo-page-2-1.png\",\"width\":120,\"height\":162,\"caption\":\"1055 Besan\u00e7on\"},\"image\":{\"@id\":\"https:\/\/www.1055.fr\/besancon\/#\/schema\/logo\/image\/\"}}]}<\/script>\n<!-- \/ Yoast SEO Premium plugin. -->","yoast_head_json":{"title":"Anniversaires","robots":{"index":"index","follow":"follow","max-snippet":"max-snippet:-1","max-image-preview":"max-image-preview:large","max-video-preview":"max-video-preview:-1"},"canonical":"https:\/\/www.1055.fr\/besancon\/feter\/anniversaires\/","og_locale":"fr_FR","og_type":"article","og_title":"Anniversaires","og_description":"Si vous cherchez une mani\u00e8re originale de f\u00eater l&rsquo;anniversaire de votre enfant \u00e0 Besan\u00e7on, ne cherchez pas plus loin que &hellip;","og_url":"https:\/\/www.1055.fr\/besancon\/feter\/anniversaires\/","article_modified_time":"2025-10-07T08:09:10+00:00","og_image":[{"width":1800,"height":360,"url":"https:\/\/www.1055.fr\/besancon\/contenu\/uploads\/2022\/06\/anniv-interne.jpg","type":"image\/jpeg"}],"twitter_card":"summary_large_image","twitter_misc":{"Dur\u00e9e de lecture estim\u00e9e":"3 minutes"},"schema":{"@context":"https:\/\/schema.org","@graph":[{"@type":"WebPage","@id":"https:\/\/www.1055.fr\/besancon\/feter\/anniversaires\/","url":"https:\/\/www.1055.fr\/besancon\/feter\/anniversaires\/","name":"Anniversaires","isPartOf":{"@id":"https:\/\/www.1055.fr\/besancon\/#website"},"primaryImageOfPage":{"@id":"https:\/\/www.1055.fr\/besancon\/feter\/anniversaires\/#primaryimage"},"image":{"@id":"https:\/\/www.1055.fr\/besancon\/feter\/anniversaires\/#primaryimage"},"thumbnailUrl":"https:\/\/www.1055.fr\/besancon\/contenu\/uploads\/2022\/06\/anniv-interne.jpg","datePublished":"2021-05-11T15:45:06+00:00","dateModified":"2025-10-07T08:09:10+00:00","breadcrumb":{"@id":"https:\/\/www.1055.fr\/besancon\/feter\/anniversaires\/#breadcrumb"},"inLanguage":"fr-FR","potentialAction":[{"@type":"ReadAction","target":["https:\/\/www.1055.fr\/besancon\/feter\/anniversaires\/"]}]},{"@type":"ImageObject","inLanguage":"fr-FR","@id":"https:\/\/www.1055.fr\/besancon\/feter\/anniversaires\/#primaryimage","url":"https:\/\/www.1055.fr\/besancon\/contenu\/uploads\/2022\/06\/anniv-interne.jpg","contentUrl":"https:\/\/www.1055.fr\/besancon\/contenu\/uploads\/2022\/06\/anniv-interne.jpg","width":1800,"height":360},{"@type":"BreadcrumbList","@id":"https:\/\/www.1055.fr\/besancon\/feter\/anniversaires\/#breadcrumb","itemListElement":[{"@type":"ListItem","position":1,"name":"Home","item":"https:\/\/www.1055.fr\/besancon\/"},{"@type":"ListItem","position":2,"name":"F\u00eater","item":"https:\/\/www.1055.fr\/besancon\/feter\/"},{"@type":"ListItem","position":3,"name":"Anniversaires"}]},{"@type":"WebSite","@id":"https:\/\/www.1055.fr\/besancon\/#website","url":"https:\/\/www.1055.fr\/besancon\/","name":"","description":"","publisher":{"@id":"https:\/\/www.1055.fr\/besancon\/#organization"},"potentialAction":[{"@type":"SearchAction","target":{"@type":"EntryPoint","urlTemplate":"https:\/\/www.1055.fr\/besancon\/?s={search_term_string}"},"query-input":{"@type":"PropertyValueSpecification","valueRequired":true,"valueName":"search_term_string"}}],"inLanguage":"fr-FR"},{"@type":"Organization","@id":"https:\/\/www.1055.fr\/besancon\/#organization","name":"1055 Besan\u00e7on","url":"https:\/\/www.1055.fr\/besancon\/","logo":{"@type":"ImageObject","inLanguage":"fr-FR","@id":"https:\/\/www.1055.fr\/besancon\/#\/schema\/logo\/image\/","url":"https:\/\/www.1055.fr\/besancon\/contenu\/uploads\/2021\/04\/logo-page-2-1.png","contentUrl":"https:\/\/www.1055.fr\/besancon\/contenu\/uploads\/2021\/04\/logo-page-2-1.png","width":120,"height":162,"caption":"1055 Besan\u00e7on"},"image":{"@id":"https:\/\/www.1055.fr\/besancon\/#\/schema\/logo\/image\/"}}]}},"_links":{"self":[{"href":"https:\/\/www.1055.fr\/besancon\/wp-json\/wp\/v2\/pages\/374","targetHints":{"allow":["GET"]}}],"collection":[{"href":"https:\/\/www.1055.fr\/besancon\/wp-json\/wp\/v2\/pages"}],"about":[{"href":"https:\/\/www.1055.fr\/besancon\/wp-json\/wp\/v2\/types\/page"}],"author":[{"embeddable":true,"href":"https:\/\/www.1055.fr\/besancon\/wp-json\/wp\/v2\/users\/10"}],"replies":[{"embeddable":true,"href":"https:\/\/www.1055.fr\/besancon\/wp-json\/wp\/v2\/comments?post=374"}],"version-history":[{"count":1,"href":"https:\/\/www.1055.fr\/besancon\/wp-json\/wp\/v2\/pages\/374\/revisions"}],"predecessor-version":[{"id":6776,"href":"https:\/\/www.1055.fr\/besancon\/wp-json\/wp\/v2\/pages\/374\/revisions\/6776"}],"up":[{"embeddable":true,"href":"https:\/\/www.1055.fr\/besancon\/wp-json\/wp\/v2\/pages\/200"}],"wp:featuredmedia":[{"embeddable":true,"href":"https:\/\/www.1055.fr\/besancon\/wp-json\/wp\/v2\/media\/990"}],"wp:attachment":[{"href":"https:\/\/www.1055.fr\/besancon\/wp-json\/wp\/v2\/media?parent=374"}],"curies":[{"name":"wp","href":"https:\/\/api.w.org\/{rel}","templated":true}]}}