{"id":2114,"date":"2023-01-10T09:56:42","date_gmt":"2023-01-10T08:56:42","guid":{"rendered":"https:\/\/www.1055.fr\/besancon\/?page_id=2114"},"modified":"2025-03-21T08:30:16","modified_gmt":"2025-03-21T07:30:16","slug":"etudiants","status":"publish","type":"page","link":"https:\/\/www.1055.fr\/besancon\/tarifs-et-bons-plans\/nos-bons-plans\/etudiants\/","title":{"rendered":"Etudiants"},"content":{"rendered":"<h1><span style=\"color: #390969;\">Tous les jeudis soirs* d\u00e8s 19h, c&rsquo;est soir\u00e9e \u00e9tudiante au 10.55 \ud83e\udd29<\/span><\/h1>\n<p>*Hors vacances scolaires, jours f\u00e9ri\u00e9s et veilles de jours f\u00e9ri\u00e9s<\/p>\n<p>Le +, c&rsquo;est le Tram qui vous am\u00e8ne au pied du 10.55 ! Pas besoin de se battre pour savoir qui conduit ce soir \ud83d\ude09<\/p>\n<h2><span style=\"color: #ff6600;\">La pinte de nos bi\u00e8res artisanales \u00e0 5\u20ac toute la soir\u00e9e<\/span><\/h2>\n<p>La premi\u00e8re offre de nos soir\u00e9es \u00e9tudiantes, c&rsquo;est 5\u20ac la pinte toute la soir\u00e9e, d\u00e8s 19h ! C&rsquo;est l&rsquo;occasion de go\u00fbter une de nos bi\u00e8res artisanales brass\u00e9es sur place, en plein c\u0153ur <a href=\"https:\/\/www.labrasserie-1055.fr\/\">de notre restaurant.<\/a><\/p>\n<p><img decoding=\"async\" class=\"alignnone size-medium wp-image-2110\" src=\"https:\/\/www.1055.fr\/besancon\/contenu\/uploads\/2023\/01\/MICROBRASSERIE-300x200.jpg\" alt=\"\" width=\"300\" height=\"200\" srcset=\"https:\/\/www.1055.fr\/besancon\/contenu\/uploads\/2023\/01\/MICROBRASSERIE-300x200.jpg 300w, https:\/\/www.1055.fr\/besancon\/contenu\/uploads\/2023\/01\/MICROBRASSERIE-1024x683.jpg 1024w, https:\/\/www.1055.fr\/besancon\/contenu\/uploads\/2023\/01\/MICROBRASSERIE-768x512.jpg 768w, https:\/\/www.1055.fr\/besancon\/contenu\/uploads\/2023\/01\/MICROBRASSERIE-1536x1024.jpg 1536w, https:\/\/www.1055.fr\/besancon\/contenu\/uploads\/2023\/01\/MICROBRASSERIE-24x16.jpg 24w, https:\/\/www.1055.fr\/besancon\/contenu\/uploads\/2023\/01\/MICROBRASSERIE-36x24.jpg 36w, https:\/\/www.1055.fr\/besancon\/contenu\/uploads\/2023\/01\/MICROBRASSERIE-48x32.jpg 48w, https:\/\/www.1055.fr\/besancon\/contenu\/uploads\/2023\/01\/MICROBRASSERIE.jpg 2048w\" sizes=\"(max-width: 300px) 100vw, 300px\" \/><\/p>\n<h2><span style=\"color: #ff6600;\">La bowling + la pinte \u00e0 10\u20ac seulement<\/span><\/h2>\n<p>D\u00e8s 19h, tu peux jouer au bowling avec une bonne pinte pour 10\u20ac ! D\u00e9fie tes potes au bowling et passe une super soir\u00e9e install\u00e9 sur les canap\u00e9s de cette activit\u00e9 super conviviale<\/p>\n<h2><span style=\"color: #ff6600;\">15\u20ac le Pass Or au lieu de 31.90\u20ac<\/span><\/h2>\n<p>D\u00e8s 19h, le Pass Or est \u00e0 15\u20ac au lieu de 31.90\u20ac ! Le Pass Or, c&rsquo;est toutes nos activit\u00e9s en illimit\u00e9**<\/p>\n<h2><span style=\"color: #ff6600;\">Un DJ pour mettre l&rsquo;ambiance et vous faire passer une bonne soir\u00e9e<\/span><\/h2>\n<p>Tous les jeudis soirs*, pour accompagner votre soir\u00e9e \u00e9tudiante, un DJ est l\u00e0 ! Alors fonce dans le Tram et rendez-vous au 10.55 pour une super pr\u00e9-soir\u00e9e.<\/p>\n<p><em>*Hors vacances scolaires, jours f\u00e9ri\u00e9s et veilles de jours f\u00e9ri\u00e9s, sous pr\u00e9sentation de la carte \u00e9tudiante. <\/em><br \/>\n<em>Pass Or : jeux illimit\u00e9s selon disponibilit\u00e9, hors jeux \u00e0 pi\u00e8ce \u2192 <\/em><a href=\"https:\/\/www.1055.fr\/besancon\/tarifs-et-bons-plans\/nos-pass\/\"><em>Cliquez ici pour voir toutes les conditions de nos Pass<\/em><\/a><\/p>\n<hr \/>\n<p>\u2192 <a href=\"https:\/\/www.instagram.com\/1055.besancon\/\">Nous suivre sur Insta<\/a><\/p>\n<p>\u2192 <a href=\"https:\/\/www.facebook.com\/1055besanconchalezeule\">Nous suivre sur Facebook<\/a><\/p>\n<p>\u2192 <a href=\"https:\/\/www.labrasserie-1055.fr\/\">Notre restaurant<\/a><\/p>\n","protected":false},"excerpt":{"rendered":"<p>Soir\u00e9e \u00e9tudiante avec tarifs r\u00e9duits sur le bowling, le Pass Or et la pinte ! <\/p>\n","protected":false},"author":10,"featured_media":2116,"parent":1606,"menu_order":0,"comment_status":"closed","ping_status":"closed","template":"page-activite.php","meta":{"_acf_changed":false,"inline_featured_image":false,"footnotes":""},"class_list":["post-2114","page","type-page","status-publish","has-post-thumbnail","hentry"],"acf":[],"yoast_head":"<!-- This site is optimized with the Yoast SEO Premium plugin v24.7 (Yoast SEO v24.7) - https:\/\/yoast.com\/wordpress\/plugins\/seo\/ -->\n<title>Etudiants<\/title>\n<meta name=\"robots\" content=\"index, follow, max-snippet:-1, max-image-preview:large, max-video-preview:-1\" \/>\n<link rel=\"canonical\" href=\"https:\/\/www.1055.fr\/besancon\/tarifs-et-bons-plans\/nos-bons-plans\/etudiants\/\" \/>\n<meta property=\"og:locale\" content=\"fr_FR\" \/>\n<meta property=\"og:type\" content=\"article\" \/>\n<meta property=\"og:title\" content=\"Etudiants\" \/>\n<meta property=\"og:description\" content=\"Soir\u00e9e \u00e9tudiante avec tarifs r\u00e9duits sur le bowling, le Pass Or et la pinte !\" \/>\n<meta property=\"og:url\" content=\"https:\/\/www.1055.fr\/besancon\/tarifs-et-bons-plans\/nos-bons-plans\/etudiants\/\" \/>\n<meta property=\"article:modified_time\" content=\"2025-03-21T07:30:16+00:00\" \/>\n<meta property=\"og:image\" content=\"https:\/\/www.1055.fr\/besancon\/contenu\/uploads\/2023\/01\/baniiere-bon-plans-potes-heureux.jpg\" \/>\n\t<meta property=\"og:image:width\" content=\"1800\" \/>\n\t<meta property=\"og:image:height\" content=\"360\" \/>\n\t<meta property=\"og:image:type\" content=\"image\/jpeg\" \/>\n<meta name=\"twitter:card\" content=\"summary_large_image\" \/>\n<meta name=\"twitter:label1\" content=\"Dur\u00e9e de lecture estim\u00e9e\" \/>\n\t<meta name=\"twitter:data1\" content=\"2 minutes\" \/>\n<script type=\"application\/ld+json\" class=\"yoast-schema-graph\">{\"@context\":\"https:\/\/schema.org\",\"@graph\":[{\"@type\":\"WebPage\",\"@id\":\"https:\/\/www.1055.fr\/besancon\/tarifs-et-bons-plans\/nos-bons-plans\/etudiants\/\",\"url\":\"https:\/\/www.1055.fr\/besancon\/tarifs-et-bons-plans\/nos-bons-plans\/etudiants\/\",\"name\":\"Etudiants\",\"isPartOf\":{\"@id\":\"https:\/\/www.1055.fr\/besancon\/#website\"},\"primaryImageOfPage\":{\"@id\":\"https:\/\/www.1055.fr\/besancon\/tarifs-et-bons-plans\/nos-bons-plans\/etudiants\/#primaryimage\"},\"image\":{\"@id\":\"https:\/\/www.1055.fr\/besancon\/tarifs-et-bons-plans\/nos-bons-plans\/etudiants\/#primaryimage\"},\"thumbnailUrl\":\"https:\/\/www.1055.fr\/besancon\/contenu\/uploads\/2023\/01\/baniiere-bon-plans-potes-heureux.jpg\",\"datePublished\":\"2023-01-10T08:56:42+00:00\",\"dateModified\":\"2025-03-21T07:30:16+00:00\",\"breadcrumb\":{\"@id\":\"https:\/\/www.1055.fr\/besancon\/tarifs-et-bons-plans\/nos-bons-plans\/etudiants\/#breadcrumb\"},\"inLanguage\":\"fr-FR\",\"potentialAction\":[{\"@type\":\"ReadAction\",\"target\":[\"https:\/\/www.1055.fr\/besancon\/tarifs-et-bons-plans\/nos-bons-plans\/etudiants\/\"]}]},{\"@type\":\"ImageObject\",\"inLanguage\":\"fr-FR\",\"@id\":\"https:\/\/www.1055.fr\/besancon\/tarifs-et-bons-plans\/nos-bons-plans\/etudiants\/#primaryimage\",\"url\":\"https:\/\/www.1055.fr\/besancon\/contenu\/uploads\/2023\/01\/baniiere-bon-plans-potes-heureux.jpg\",\"contentUrl\":\"https:\/\/www.1055.fr\/besancon\/contenu\/uploads\/2023\/01\/baniiere-bon-plans-potes-heureux.jpg\",\"width\":1800,\"height\":360},{\"@type\":\"BreadcrumbList\",\"@id\":\"https:\/\/www.1055.fr\/besancon\/tarifs-et-bons-plans\/nos-bons-plans\/etudiants\/#breadcrumb\",\"itemListElement\":[{\"@type\":\"ListItem\",\"position\":1,\"name\":\"Home\",\"item\":\"https:\/\/www.1055.fr\/besancon\/\"},{\"@type\":\"ListItem\",\"position\":2,\"name\":\"Tarifs et bons plans\",\"item\":\"https:\/\/www.1055.fr\/besancon\/tarifs-et-bons-plans\/\"},{\"@type\":\"ListItem\",\"position\":3,\"name\":\"Nos Bons Plans\",\"item\":\"https:\/\/www.1055.fr\/besancon\/tarifs-et-bons-plans\/nos-bons-plans\/\"},{\"@type\":\"ListItem\",\"position\":4,\"name\":\"Etudiants\"}]},{\"@type\":\"WebSite\",\"@id\":\"https:\/\/www.1055.fr\/besancon\/#website\",\"url\":\"https:\/\/www.1055.fr\/besancon\/\",\"name\":\"\",\"description\":\"\",\"publisher\":{\"@id\":\"https:\/\/www.1055.fr\/besancon\/#organization\"},\"potentialAction\":[{\"@type\":\"SearchAction\",\"target\":{\"@type\":\"EntryPoint\",\"urlTemplate\":\"https:\/\/www.1055.fr\/besancon\/?s={search_term_string}\"},\"query-input\":{\"@type\":\"PropertyValueSpecification\",\"valueRequired\":true,\"valueName\":\"search_term_string\"}}],\"inLanguage\":\"fr-FR\"},{\"@type\":\"Organization\",\"@id\":\"https:\/\/www.1055.fr\/besancon\/#organization\",\"name\":\"1055 Besan\u00e7on\",\"url\":\"https:\/\/www.1055.fr\/besancon\/\",\"logo\":{\"@type\":\"ImageObject\",\"inLanguage\":\"fr-FR\",\"@id\":\"https:\/\/www.1055.fr\/besancon\/#\/schema\/logo\/image\/\",\"url\":\"https:\/\/www.1055.fr\/besancon\/contenu\/uploads\/2021\/04\/logo-page-2-1.png\",\"contentUrl\":\"https:\/\/www.1055.fr\/besancon\/contenu\/uploads\/2021\/04\/logo-page-2-1.png\",\"width\":120,\"height\":162,\"caption\":\"1055 Besan\u00e7on\"},\"image\":{\"@id\":\"https:\/\/www.1055.fr\/besancon\/#\/schema\/logo\/image\/\"}}]}<\/script>\n<!-- \/ Yoast SEO Premium plugin. -->","yoast_head_json":{"title":"Etudiants","robots":{"index":"index","follow":"follow","max-snippet":"max-snippet:-1","max-image-preview":"max-image-preview:large","max-video-preview":"max-video-preview:-1"},"canonical":"https:\/\/www.1055.fr\/besancon\/tarifs-et-bons-plans\/nos-bons-plans\/etudiants\/","og_locale":"fr_FR","og_type":"article","og_title":"Etudiants","og_description":"Soir\u00e9e \u00e9tudiante avec tarifs r\u00e9duits sur le bowling, le Pass Or et la pinte !","og_url":"https:\/\/www.1055.fr\/besancon\/tarifs-et-bons-plans\/nos-bons-plans\/etudiants\/","article_modified_time":"2025-03-21T07:30:16+00:00","og_image":[{"width":1800,"height":360,"url":"https:\/\/www.1055.fr\/besancon\/contenu\/uploads\/2023\/01\/baniiere-bon-plans-potes-heureux.jpg","type":"image\/jpeg"}],"twitter_card":"summary_large_image","twitter_misc":{"Dur\u00e9e de lecture estim\u00e9e":"2 minutes"},"schema":{"@context":"https:\/\/schema.org","@graph":[{"@type":"WebPage","@id":"https:\/\/www.1055.fr\/besancon\/tarifs-et-bons-plans\/nos-bons-plans\/etudiants\/","url":"https:\/\/www.1055.fr\/besancon\/tarifs-et-bons-plans\/nos-bons-plans\/etudiants\/","name":"Etudiants","isPartOf":{"@id":"https:\/\/www.1055.fr\/besancon\/#website"},"primaryImageOfPage":{"@id":"https:\/\/www.1055.fr\/besancon\/tarifs-et-bons-plans\/nos-bons-plans\/etudiants\/#primaryimage"},"image":{"@id":"https:\/\/www.1055.fr\/besancon\/tarifs-et-bons-plans\/nos-bons-plans\/etudiants\/#primaryimage"},"thumbnailUrl":"https:\/\/www.1055.fr\/besancon\/contenu\/uploads\/2023\/01\/baniiere-bon-plans-potes-heureux.jpg","datePublished":"2023-01-10T08:56:42+00:00","dateModified":"2025-03-21T07:30:16+00:00","breadcrumb":{"@id":"https:\/\/www.1055.fr\/besancon\/tarifs-et-bons-plans\/nos-bons-plans\/etudiants\/#breadcrumb"},"inLanguage":"fr-FR","potentialAction":[{"@type":"ReadAction","target":["https:\/\/www.1055.fr\/besancon\/tarifs-et-bons-plans\/nos-bons-plans\/etudiants\/"]}]},{"@type":"ImageObject","inLanguage":"fr-FR","@id":"https:\/\/www.1055.fr\/besancon\/tarifs-et-bons-plans\/nos-bons-plans\/etudiants\/#primaryimage","url":"https:\/\/www.1055.fr\/besancon\/contenu\/uploads\/2023\/01\/baniiere-bon-plans-potes-heureux.jpg","contentUrl":"https:\/\/www.1055.fr\/besancon\/contenu\/uploads\/2023\/01\/baniiere-bon-plans-potes-heureux.jpg","width":1800,"height":360},{"@type":"BreadcrumbList","@id":"https:\/\/www.1055.fr\/besancon\/tarifs-et-bons-plans\/nos-bons-plans\/etudiants\/#breadcrumb","itemListElement":[{"@type":"ListItem","position":1,"name":"Home","item":"https:\/\/www.1055.fr\/besancon\/"},{"@type":"ListItem","position":2,"name":"Tarifs et bons plans","item":"https:\/\/www.1055.fr\/besancon\/tarifs-et-bons-plans\/"},{"@type":"ListItem","position":3,"name":"Nos Bons Plans","item":"https:\/\/www.1055.fr\/besancon\/tarifs-et-bons-plans\/nos-bons-plans\/"},{"@type":"ListItem","position":4,"name":"Etudiants"}]},{"@type":"WebSite","@id":"https:\/\/www.1055.fr\/besancon\/#website","url":"https:\/\/www.1055.fr\/besancon\/","name":"","description":"","publisher":{"@id":"https:\/\/www.1055.fr\/besancon\/#organization"},"potentialAction":[{"@type":"SearchAction","target":{"@type":"EntryPoint","urlTemplate":"https:\/\/www.1055.fr\/besancon\/?s={search_term_string}"},"query-input":{"@type":"PropertyValueSpecification","valueRequired":true,"valueName":"search_term_string"}}],"inLanguage":"fr-FR"},{"@type":"Organization","@id":"https:\/\/www.1055.fr\/besancon\/#organization","name":"1055 Besan\u00e7on","url":"https:\/\/www.1055.fr\/besancon\/","logo":{"@type":"ImageObject","inLanguage":"fr-FR","@id":"https:\/\/www.1055.fr\/besancon\/#\/schema\/logo\/image\/","url":"https:\/\/www.1055.fr\/besancon\/contenu\/uploads\/2021\/04\/logo-page-2-1.png","contentUrl":"https:\/\/www.1055.fr\/besancon\/contenu\/uploads\/2021\/04\/logo-page-2-1.png","width":120,"height":162,"caption":"1055 Besan\u00e7on"},"image":{"@id":"https:\/\/www.1055.fr\/besancon\/#\/schema\/logo\/image\/"}}]}},"_links":{"self":[{"href":"https:\/\/www.1055.fr\/besancon\/wp-json\/wp\/v2\/pages\/2114","targetHints":{"allow":["GET"]}}],"collection":[{"href":"https:\/\/www.1055.fr\/besancon\/wp-json\/wp\/v2\/pages"}],"about":[{"href":"https:\/\/www.1055.fr\/besancon\/wp-json\/wp\/v2\/types\/page"}],"author":[{"embeddable":true,"href":"https:\/\/www.1055.fr\/besancon\/wp-json\/wp\/v2\/users\/10"}],"replies":[{"embeddable":true,"href":"https:\/\/www.1055.fr\/besancon\/wp-json\/wp\/v2\/comments?post=2114"}],"version-history":[{"count":2,"href":"https:\/\/www.1055.fr\/besancon\/wp-json\/wp\/v2\/pages\/2114\/revisions"}],"predecessor-version":[{"id":6260,"href":"https:\/\/www.1055.fr\/besancon\/wp-json\/wp\/v2\/pages\/2114\/revisions\/6260"}],"up":[{"embeddable":true,"href":"https:\/\/www.1055.fr\/besancon\/wp-json\/wp\/v2\/pages\/1606"}],"wp:featuredmedia":[{"embeddable":true,"href":"https:\/\/www.1055.fr\/besancon\/wp-json\/wp\/v2\/media\/2116"}],"wp:attachment":[{"href":"https:\/\/www.1055.fr\/besancon\/wp-json\/wp\/v2\/media?parent=2114"}],"curies":[{"name":"wp","href":"https:\/\/api.w.org\/{rel}","templated":true}]}}