{"id":180,"date":"2021-04-19T16:27:44","date_gmt":"2021-04-19T14:27:44","guid":{"rendered":"https:\/\/www.1055.fr\/besancon\/?page_id=180"},"modified":"2024-07-11T15:15:33","modified_gmt":"2024-07-11T13:15:33","slug":"salle-de-jeux","status":"publish","type":"page","link":"https:\/\/www.1055.fr\/besancon\/activites\/salle-de-jeux\/","title":{"rendered":"Salle de jeux"},"content":{"rendered":"<h2>Des jeux d&rsquo;arcade pour toute la famille et tous les potes !<\/h2>\n<p>Un peu d&rsquo;attente au bowling ? Un pari \u00e0 relever ? Une boisson \u00e0 boire autour d&rsquo;un jeu sympa ? <strong>D\u00e9couvrez tous nos jeux d&rsquo;arcade disponibles au 10 55 <\/strong><\/p>\n<p><img decoding=\"async\" class=\"wp-image-6294 aligncenter\" src=\"https:\/\/www.1055.fr\/chalon\/contenu\/uploads\/2021\/05\/PICTO-ESPACE-LOISIRS1055-283x300.png\" alt=\"\" width=\"153\" height=\"162\" \/><\/p>\n<p>Flipper, baby-foot, billard, simulateur de rally, paniers de basket &#8230; Il y a m\u00eame des jeux pour les touts-petits !<\/p>\n<p>N&rsquo;h\u00e9sitez plus \u00e0 venir vous \u00e9clater au 10 55 : commencez par une partie de bowling, faites une super pause repas \u00e0 la Brasserie du 10 55 et prenez votre revanche en cl\u00f4turant la soir\u00e9e par une partie de billard.<\/p>\n","protected":false},"excerpt":{"rendered":"<p>Plein de jeux d&rsquo;arcade pour vous challenger ! <\/p>\n","protected":false},"author":2,"featured_media":483,"parent":164,"menu_order":7,"comment_status":"closed","ping_status":"closed","template":"page-activite.php","meta":{"_acf_changed":false,"inline_featured_image":false,"footnotes":""},"class_list":["post-180","page","type-page","status-publish","has-post-thumbnail","hentry"],"acf":[],"yoast_head":"<!-- This site is optimized with the Yoast SEO Premium plugin v24.7 (Yoast SEO v24.7) - https:\/\/yoast.com\/wordpress\/plugins\/seo\/ -->\n<title>Salle de jeux<\/title>\n<meta name=\"robots\" content=\"index, follow, max-snippet:-1, max-image-preview:large, max-video-preview:-1\" \/>\n<link rel=\"canonical\" href=\"https:\/\/www.1055.fr\/besancon\/activites\/salle-de-jeux\/\" \/>\n<meta property=\"og:locale\" content=\"fr_FR\" \/>\n<meta property=\"og:type\" content=\"article\" \/>\n<meta property=\"og:title\" content=\"Salle de jeux\" \/>\n<meta property=\"og:description\" content=\"Plein de jeux d&#039;arcade pour vous challenger !\" \/>\n<meta property=\"og:url\" content=\"https:\/\/www.1055.fr\/besancon\/activites\/salle-de-jeux\/\" \/>\n<meta property=\"article:modified_time\" content=\"2024-07-11T13:15:33+00:00\" \/>\n<meta property=\"og:image\" content=\"https:\/\/www.1055.fr\/besancon\/contenu\/uploads\/2021\/05\/salledejeux-petitebanniere.jpg\" \/>\n\t<meta property=\"og:image:width\" content=\"1800\" \/>\n\t<meta property=\"og:image:height\" content=\"360\" \/>\n\t<meta property=\"og:image:type\" content=\"image\/jpeg\" \/>\n<meta name=\"twitter:card\" content=\"summary_large_image\" \/>\n<meta name=\"twitter:label1\" content=\"Dur\u00e9e de lecture estim\u00e9e\" \/>\n\t<meta name=\"twitter:data1\" content=\"1 minute\" \/>\n<script type=\"application\/ld+json\" class=\"yoast-schema-graph\">{\"@context\":\"https:\/\/schema.org\",\"@graph\":[{\"@type\":\"WebPage\",\"@id\":\"https:\/\/www.1055.fr\/besancon\/activites\/salle-de-jeux\/\",\"url\":\"https:\/\/www.1055.fr\/besancon\/activites\/salle-de-jeux\/\",\"name\":\"Salle de jeux\",\"isPartOf\":{\"@id\":\"https:\/\/www.1055.fr\/besancon\/#website\"},\"primaryImageOfPage\":{\"@id\":\"https:\/\/www.1055.fr\/besancon\/activites\/salle-de-jeux\/#primaryimage\"},\"image\":{\"@id\":\"https:\/\/www.1055.fr\/besancon\/activites\/salle-de-jeux\/#primaryimage\"},\"thumbnailUrl\":\"https:\/\/www.1055.fr\/besancon\/contenu\/uploads\/2021\/05\/salledejeux-petitebanniere.jpg\",\"datePublished\":\"2021-04-19T14:27:44+00:00\",\"dateModified\":\"2024-07-11T13:15:33+00:00\",\"breadcrumb\":{\"@id\":\"https:\/\/www.1055.fr\/besancon\/activites\/salle-de-jeux\/#breadcrumb\"},\"inLanguage\":\"fr-FR\",\"potentialAction\":[{\"@type\":\"ReadAction\",\"target\":[\"https:\/\/www.1055.fr\/besancon\/activites\/salle-de-jeux\/\"]}]},{\"@type\":\"ImageObject\",\"inLanguage\":\"fr-FR\",\"@id\":\"https:\/\/www.1055.fr\/besancon\/activites\/salle-de-jeux\/#primaryimage\",\"url\":\"https:\/\/www.1055.fr\/besancon\/contenu\/uploads\/2021\/05\/salledejeux-petitebanniere.jpg\",\"contentUrl\":\"https:\/\/www.1055.fr\/besancon\/contenu\/uploads\/2021\/05\/salledejeux-petitebanniere.jpg\",\"width\":1800,\"height\":360},{\"@type\":\"BreadcrumbList\",\"@id\":\"https:\/\/www.1055.fr\/besancon\/activites\/salle-de-jeux\/#breadcrumb\",\"itemListElement\":[{\"@type\":\"ListItem\",\"position\":1,\"name\":\"Home\",\"item\":\"https:\/\/www.1055.fr\/besancon\/\"},{\"@type\":\"ListItem\",\"position\":2,\"name\":\"Parc Indoor\",\"item\":\"https:\/\/www.1055.fr\/besancon\/activites\/\"},{\"@type\":\"ListItem\",\"position\":3,\"name\":\"Salle de jeux\"}]},{\"@type\":\"WebSite\",\"@id\":\"https:\/\/www.1055.fr\/besancon\/#website\",\"url\":\"https:\/\/www.1055.fr\/besancon\/\",\"name\":\"\",\"description\":\"\",\"publisher\":{\"@id\":\"https:\/\/www.1055.fr\/besancon\/#organization\"},\"potentialAction\":[{\"@type\":\"SearchAction\",\"target\":{\"@type\":\"EntryPoint\",\"urlTemplate\":\"https:\/\/www.1055.fr\/besancon\/?s={search_term_string}\"},\"query-input\":{\"@type\":\"PropertyValueSpecification\",\"valueRequired\":true,\"valueName\":\"search_term_string\"}}],\"inLanguage\":\"fr-FR\"},{\"@type\":\"Organization\",\"@id\":\"https:\/\/www.1055.fr\/besancon\/#organization\",\"name\":\"1055 Besan\u00e7on\",\"url\":\"https:\/\/www.1055.fr\/besancon\/\",\"logo\":{\"@type\":\"ImageObject\",\"inLanguage\":\"fr-FR\",\"@id\":\"https:\/\/www.1055.fr\/besancon\/#\/schema\/logo\/image\/\",\"url\":\"https:\/\/www.1055.fr\/besancon\/contenu\/uploads\/2021\/04\/logo-page-2-1.png\",\"contentUrl\":\"https:\/\/www.1055.fr\/besancon\/contenu\/uploads\/2021\/04\/logo-page-2-1.png\",\"width\":120,\"height\":162,\"caption\":\"1055 Besan\u00e7on\"},\"image\":{\"@id\":\"https:\/\/www.1055.fr\/besancon\/#\/schema\/logo\/image\/\"}}]}<\/script>\n<!-- \/ Yoast SEO Premium plugin. -->","yoast_head_json":{"title":"Salle de jeux","robots":{"index":"index","follow":"follow","max-snippet":"max-snippet:-1","max-image-preview":"max-image-preview:large","max-video-preview":"max-video-preview:-1"},"canonical":"https:\/\/www.1055.fr\/besancon\/activites\/salle-de-jeux\/","og_locale":"fr_FR","og_type":"article","og_title":"Salle de jeux","og_description":"Plein de jeux d'arcade pour vous challenger !","og_url":"https:\/\/www.1055.fr\/besancon\/activites\/salle-de-jeux\/","article_modified_time":"2024-07-11T13:15:33+00:00","og_image":[{"width":1800,"height":360,"url":"https:\/\/www.1055.fr\/besancon\/contenu\/uploads\/2021\/05\/salledejeux-petitebanniere.jpg","type":"image\/jpeg"}],"twitter_card":"summary_large_image","twitter_misc":{"Dur\u00e9e de lecture estim\u00e9e":"1 minute"},"schema":{"@context":"https:\/\/schema.org","@graph":[{"@type":"WebPage","@id":"https:\/\/www.1055.fr\/besancon\/activites\/salle-de-jeux\/","url":"https:\/\/www.1055.fr\/besancon\/activites\/salle-de-jeux\/","name":"Salle de jeux","isPartOf":{"@id":"https:\/\/www.1055.fr\/besancon\/#website"},"primaryImageOfPage":{"@id":"https:\/\/www.1055.fr\/besancon\/activites\/salle-de-jeux\/#primaryimage"},"image":{"@id":"https:\/\/www.1055.fr\/besancon\/activites\/salle-de-jeux\/#primaryimage"},"thumbnailUrl":"https:\/\/www.1055.fr\/besancon\/contenu\/uploads\/2021\/05\/salledejeux-petitebanniere.jpg","datePublished":"2021-04-19T14:27:44+00:00","dateModified":"2024-07-11T13:15:33+00:00","breadcrumb":{"@id":"https:\/\/www.1055.fr\/besancon\/activites\/salle-de-jeux\/#breadcrumb"},"inLanguage":"fr-FR","potentialAction":[{"@type":"ReadAction","target":["https:\/\/www.1055.fr\/besancon\/activites\/salle-de-jeux\/"]}]},{"@type":"ImageObject","inLanguage":"fr-FR","@id":"https:\/\/www.1055.fr\/besancon\/activites\/salle-de-jeux\/#primaryimage","url":"https:\/\/www.1055.fr\/besancon\/contenu\/uploads\/2021\/05\/salledejeux-petitebanniere.jpg","contentUrl":"https:\/\/www.1055.fr\/besancon\/contenu\/uploads\/2021\/05\/salledejeux-petitebanniere.jpg","width":1800,"height":360},{"@type":"BreadcrumbList","@id":"https:\/\/www.1055.fr\/besancon\/activites\/salle-de-jeux\/#breadcrumb","itemListElement":[{"@type":"ListItem","position":1,"name":"Home","item":"https:\/\/www.1055.fr\/besancon\/"},{"@type":"ListItem","position":2,"name":"Parc Indoor","item":"https:\/\/www.1055.fr\/besancon\/activites\/"},{"@type":"ListItem","position":3,"name":"Salle de jeux"}]},{"@type":"WebSite","@id":"https:\/\/www.1055.fr\/besancon\/#website","url":"https:\/\/www.1055.fr\/besancon\/","name":"","description":"","publisher":{"@id":"https:\/\/www.1055.fr\/besancon\/#organization"},"potentialAction":[{"@type":"SearchAction","target":{"@type":"EntryPoint","urlTemplate":"https:\/\/www.1055.fr\/besancon\/?s={search_term_string}"},"query-input":{"@type":"PropertyValueSpecification","valueRequired":true,"valueName":"search_term_string"}}],"inLanguage":"fr-FR"},{"@type":"Organization","@id":"https:\/\/www.1055.fr\/besancon\/#organization","name":"1055 Besan\u00e7on","url":"https:\/\/www.1055.fr\/besancon\/","logo":{"@type":"ImageObject","inLanguage":"fr-FR","@id":"https:\/\/www.1055.fr\/besancon\/#\/schema\/logo\/image\/","url":"https:\/\/www.1055.fr\/besancon\/contenu\/uploads\/2021\/04\/logo-page-2-1.png","contentUrl":"https:\/\/www.1055.fr\/besancon\/contenu\/uploads\/2021\/04\/logo-page-2-1.png","width":120,"height":162,"caption":"1055 Besan\u00e7on"},"image":{"@id":"https:\/\/www.1055.fr\/besancon\/#\/schema\/logo\/image\/"}}]}},"_links":{"self":[{"href":"https:\/\/www.1055.fr\/besancon\/wp-json\/wp\/v2\/pages\/180","targetHints":{"allow":["GET"]}}],"collection":[{"href":"https:\/\/www.1055.fr\/besancon\/wp-json\/wp\/v2\/pages"}],"about":[{"href":"https:\/\/www.1055.fr\/besancon\/wp-json\/wp\/v2\/types\/page"}],"author":[{"embeddable":true,"href":"https:\/\/www.1055.fr\/besancon\/wp-json\/wp\/v2\/users\/2"}],"replies":[{"embeddable":true,"href":"https:\/\/www.1055.fr\/besancon\/wp-json\/wp\/v2\/comments?post=180"}],"version-history":[{"count":2,"href":"https:\/\/www.1055.fr\/besancon\/wp-json\/wp\/v2\/pages\/180\/revisions"}],"predecessor-version":[{"id":5230,"href":"https:\/\/www.1055.fr\/besancon\/wp-json\/wp\/v2\/pages\/180\/revisions\/5230"}],"up":[{"embeddable":true,"href":"https:\/\/www.1055.fr\/besancon\/wp-json\/wp\/v2\/pages\/164"}],"wp:featuredmedia":[{"embeddable":true,"href":"https:\/\/www.1055.fr\/besancon\/wp-json\/wp\/v2\/media\/483"}],"wp:attachment":[{"href":"https:\/\/www.1055.fr\/besancon\/wp-json\/wp\/v2\/media?parent=180"}],"curies":[{"name":"wp","href":"https:\/\/api.w.org\/{rel}","templated":true}]}}