{"id":178,"date":"2021-04-19T16:24:01","date_gmt":"2021-04-19T14:24:01","guid":{"rendered":"https:\/\/www.1055.fr\/besancon\/?page_id=178"},"modified":"2024-05-15T11:09:09","modified_gmt":"2024-05-15T09:09:09","slug":"kid-park","status":"publish","type":"page","link":"https:\/\/www.1055.fr\/besancon\/activites\/kid-park\/","title":{"rendered":"Kid Park"},"content":{"rendered":"<h2>Un Kid Park g\u00e9ant, le royaume des enfants \u00e0 l\u2019espace de loisirs !<\/h2>\n<p>Explorer, grimper, rebondir, empiler, escalader, dribbler\u2026 !\u00a0Vos enfants n\u2019auront pas assez d\u2019une journ\u00e9e pour d\u00e9couvrir\u00a0les <strong>notre Kid Park g\u00e9ant !<br \/>\n<\/strong><\/p>\n<p><strong>Le Kid Park<\/strong> est un espace lumineux,\u00a0color\u00e9 et climatis\u00e9 qui accueille tous les jours et toute\u00a0l\u2019ann\u00e9e, les enfants de <strong>1 an \u00e0 12 ans<\/strong> (-1.50m) <strong>sous la responsabilit\u00e9\u00a0de leurs parents. Les chaussettes antid\u00e9rapantes sont obligatoires<br \/>\n<\/strong><\/p>\n<p><img decoding=\"async\" class=\"alignnone size-medium wp-image-2034\" src=\"https:\/\/www.1055.fr\/besancon\/contenu\/uploads\/2023\/01\/KIDPARK-2-300x200.jpg\" alt=\"\" width=\"300\" height=\"200\" srcset=\"https:\/\/www.1055.fr\/besancon\/contenu\/uploads\/2023\/01\/KIDPARK-2-300x200.jpg 300w, https:\/\/www.1055.fr\/besancon\/contenu\/uploads\/2023\/01\/KIDPARK-2-1024x683.jpg 1024w, https:\/\/www.1055.fr\/besancon\/contenu\/uploads\/2023\/01\/KIDPARK-2-768x512.jpg 768w, https:\/\/www.1055.fr\/besancon\/contenu\/uploads\/2023\/01\/KIDPARK-2-1536x1024.jpg 1536w, https:\/\/www.1055.fr\/besancon\/contenu\/uploads\/2023\/01\/KIDPARK-2-24x16.jpg 24w, https:\/\/www.1055.fr\/besancon\/contenu\/uploads\/2023\/01\/KIDPARK-2-36x24.jpg 36w, https:\/\/www.1055.fr\/besancon\/contenu\/uploads\/2023\/01\/KIDPARK-2-48x32.jpg 48w, https:\/\/www.1055.fr\/besancon\/contenu\/uploads\/2023\/01\/KIDPARK-2.jpg 2048w\" sizes=\"(max-width: 300px) 100vw, 300px\" \/> <img decoding=\"async\" class=\"alignnone size-medium wp-image-2035\" src=\"https:\/\/www.1055.fr\/besancon\/contenu\/uploads\/2023\/01\/KIDPARK-6-300x200.jpg\" alt=\"\" width=\"300\" height=\"200\" srcset=\"https:\/\/www.1055.fr\/besancon\/contenu\/uploads\/2023\/01\/KIDPARK-6-300x200.jpg 300w, https:\/\/www.1055.fr\/besancon\/contenu\/uploads\/2023\/01\/KIDPARK-6-1024x683.jpg 1024w, https:\/\/www.1055.fr\/besancon\/contenu\/uploads\/2023\/01\/KIDPARK-6-768x512.jpg 768w, https:\/\/www.1055.fr\/besancon\/contenu\/uploads\/2023\/01\/KIDPARK-6-1536x1024.jpg 1536w, https:\/\/www.1055.fr\/besancon\/contenu\/uploads\/2023\/01\/KIDPARK-6-24x16.jpg 24w, https:\/\/www.1055.fr\/besancon\/contenu\/uploads\/2023\/01\/KIDPARK-6-36x24.jpg 36w, https:\/\/www.1055.fr\/besancon\/contenu\/uploads\/2023\/01\/KIDPARK-6-48x32.jpg 48w, https:\/\/www.1055.fr\/besancon\/contenu\/uploads\/2023\/01\/KIDPARK-6.jpg 2048w\" sizes=\"(max-width: 300px) 100vw, 300px\" \/> <img decoding=\"async\" class=\"alignnone size-medium wp-image-2036\" src=\"https:\/\/www.1055.fr\/besancon\/contenu\/uploads\/2023\/01\/KIDPARK-8-300x200.jpg\" alt=\"\" width=\"300\" height=\"200\" srcset=\"https:\/\/www.1055.fr\/besancon\/contenu\/uploads\/2023\/01\/KIDPARK-8-300x200.jpg 300w, https:\/\/www.1055.fr\/besancon\/contenu\/uploads\/2023\/01\/KIDPARK-8-1024x683.jpg 1024w, https:\/\/www.1055.fr\/besancon\/contenu\/uploads\/2023\/01\/KIDPARK-8-768x512.jpg 768w, https:\/\/www.1055.fr\/besancon\/contenu\/uploads\/2023\/01\/KIDPARK-8-1536x1024.jpg 1536w, https:\/\/www.1055.fr\/besancon\/contenu\/uploads\/2023\/01\/KIDPARK-8-24x16.jpg 24w, https:\/\/www.1055.fr\/besancon\/contenu\/uploads\/2023\/01\/KIDPARK-8-36x24.jpg 36w, https:\/\/www.1055.fr\/besancon\/contenu\/uploads\/2023\/01\/KIDPARK-8-48x32.jpg 48w, https:\/\/www.1055.fr\/besancon\/contenu\/uploads\/2023\/01\/KIDPARK-8.jpg 2048w\" sizes=\"(max-width: 300px) 100vw, 300px\" \/> <img decoding=\"async\" class=\"alignnone size-medium wp-image-2037\" src=\"https:\/\/www.1055.fr\/besancon\/contenu\/uploads\/2023\/01\/KIDPARK-9-300x200.jpg\" alt=\"\" width=\"300\" height=\"200\" srcset=\"https:\/\/www.1055.fr\/besancon\/contenu\/uploads\/2023\/01\/KIDPARK-9-300x200.jpg 300w, https:\/\/www.1055.fr\/besancon\/contenu\/uploads\/2023\/01\/KIDPARK-9-1024x683.jpg 1024w, https:\/\/www.1055.fr\/besancon\/contenu\/uploads\/2023\/01\/KIDPARK-9-768x512.jpg 768w, https:\/\/www.1055.fr\/besancon\/contenu\/uploads\/2023\/01\/KIDPARK-9-1536x1024.jpg 1536w, https:\/\/www.1055.fr\/besancon\/contenu\/uploads\/2023\/01\/KIDPARK-9-24x16.jpg 24w, https:\/\/www.1055.fr\/besancon\/contenu\/uploads\/2023\/01\/KIDPARK-9-36x24.jpg 36w, https:\/\/www.1055.fr\/besancon\/contenu\/uploads\/2023\/01\/KIDPARK-9-48x32.jpg 48w, https:\/\/www.1055.fr\/besancon\/contenu\/uploads\/2023\/01\/KIDPARK-9.jpg 2048w\" sizes=\"(max-width: 300px) 100vw, 300px\" \/><\/p>\n<h2>Le Kid Park offre une multitude d\u2019activit\u00e9s attractives,\u00a0ludiques et fascinantes<\/h2>\n<p>Parcours a\u00e9riens et ponts de singe, toboggans g\u00e9ants,\u00a0 zones de trampolines, piscine \u00e0 balles, l\u00e9gos g\u00e9ants, tour des ouistitis de 3 \u00e9tages, terrain de foot et de basket en hauteur, mini circuit de voitures \u00e9lectriques, soyez certain de captiver les plus petits gr\u00e2ce \u00e0 ce large choix d\u2019activit\u00e9s !<\/p>\n<p>Les enfants \u00e9voluent <strong>en toute s\u00e9curit\u00e9<\/strong> dans <strong>cet univers d\u00e9di\u00e9 aux jeux.<\/strong><\/p>\n<h2>L\u2019endroit r\u00eav\u00e9 pour organiser un anniversaire entour\u00e9 des copains !<\/h2>\n<p>Souffler ses bougies, entour\u00e9 de ses copains dans un <strong>Kid Park g\u00e9ant<\/strong>, votre enfant en r\u00eave : nous lui proposons <strong>un moment inoubliable !\u00a0<\/strong><\/p>\n<p><strong>Invitez vos camarades et<\/strong> <a href=\"https:\/\/www.1055.fr\/besancon\/feter\/anniversaires\/\"><strong>r\u00e9servez une f\u00eate au Kid Park <\/strong><\/a>pour rendre son anniversaire m\u00e9morable. Au programme : <strong>s\u2019amuser<\/strong> tous ensemble dans cet immense espace ludique, <strong>go\u00fbter<\/strong> d\u2019anniversaire et <strong>cadeau<\/strong> <strong>surprise !<\/strong><\/p>\n<p><strong>D\u00e9couvrir nos<a href=\"https:\/\/www.1055.fr\/besancon\/feter\/anniversaires\/\"> offres anniversaires !<\/a><\/strong><\/p>\n","protected":false},"excerpt":{"rendered":"<p>Un Kid Park g\u00e9ant, le royaume des enfants \u00e0 l\u2019espace de loisirs ! Explorer, grimper, rebondir, empiler, escalader, dribbler\u2026 !\u00a0Vos &hellip;<\/p>\n","protected":false},"author":2,"featured_media":327,"parent":164,"menu_order":6,"comment_status":"closed","ping_status":"closed","template":"page-activite.php","meta":{"_acf_changed":false,"inline_featured_image":false,"footnotes":""},"class_list":["post-178","page","type-page","status-publish","has-post-thumbnail","hentry"],"acf":[],"yoast_head":"<!-- This site is optimized with the Yoast SEO Premium plugin v24.7 (Yoast SEO v24.7) - https:\/\/yoast.com\/wordpress\/plugins\/seo\/ -->\n<title>Kid Park<\/title>\n<meta name=\"robots\" content=\"index, follow, max-snippet:-1, max-image-preview:large, max-video-preview:-1\" \/>\n<link rel=\"canonical\" href=\"https:\/\/www.1055.fr\/besancon\/activites\/kid-park\/\" \/>\n<meta property=\"og:locale\" content=\"fr_FR\" \/>\n<meta property=\"og:type\" content=\"article\" \/>\n<meta property=\"og:title\" content=\"Kid Park\" \/>\n<meta property=\"og:description\" content=\"Un Kid Park g\u00e9ant, le royaume des enfants \u00e0 l\u2019espace de loisirs ! Explorer, grimper, rebondir, empiler, escalader, dribbler\u2026 !\u00a0Vos &hellip;\" \/>\n<meta property=\"og:url\" content=\"https:\/\/www.1055.fr\/besancon\/activites\/kid-park\/\" \/>\n<meta property=\"article:modified_time\" content=\"2024-05-15T09:09:09+00:00\" \/>\n<meta property=\"og:image\" content=\"https:\/\/www.1055.fr\/besancon\/contenu\/uploads\/2021\/05\/1055-kid-park-2-jeux-enfant-lons-le-saunier-jura-e1536155007404-1024x205-1.jpg\" \/>\n\t<meta property=\"og:image:width\" content=\"1024\" \/>\n\t<meta property=\"og:image:height\" content=\"205\" \/>\n\t<meta property=\"og:image:type\" content=\"image\/jpeg\" \/>\n<meta name=\"twitter:card\" content=\"summary_large_image\" \/>\n<meta name=\"twitter:label1\" content=\"Dur\u00e9e de lecture estim\u00e9e\" \/>\n\t<meta name=\"twitter:data1\" content=\"3 minutes\" \/>\n<script type=\"application\/ld+json\" class=\"yoast-schema-graph\">{\"@context\":\"https:\/\/schema.org\",\"@graph\":[{\"@type\":\"WebPage\",\"@id\":\"https:\/\/www.1055.fr\/besancon\/activites\/kid-park\/\",\"url\":\"https:\/\/www.1055.fr\/besancon\/activites\/kid-park\/\",\"name\":\"Kid Park\",\"isPartOf\":{\"@id\":\"https:\/\/www.1055.fr\/besancon\/#website\"},\"primaryImageOfPage\":{\"@id\":\"https:\/\/www.1055.fr\/besancon\/activites\/kid-park\/#primaryimage\"},\"image\":{\"@id\":\"https:\/\/www.1055.fr\/besancon\/activites\/kid-park\/#primaryimage\"},\"thumbnailUrl\":\"https:\/\/www.1055.fr\/besancon\/contenu\/uploads\/2021\/05\/1055-kid-park-2-jeux-enfant-lons-le-saunier-jura-e1536155007404-1024x205-1.jpg\",\"datePublished\":\"2021-04-19T14:24:01+00:00\",\"dateModified\":\"2024-05-15T09:09:09+00:00\",\"breadcrumb\":{\"@id\":\"https:\/\/www.1055.fr\/besancon\/activites\/kid-park\/#breadcrumb\"},\"inLanguage\":\"fr-FR\",\"potentialAction\":[{\"@type\":\"ReadAction\",\"target\":[\"https:\/\/www.1055.fr\/besancon\/activites\/kid-park\/\"]}]},{\"@type\":\"ImageObject\",\"inLanguage\":\"fr-FR\",\"@id\":\"https:\/\/www.1055.fr\/besancon\/activites\/kid-park\/#primaryimage\",\"url\":\"https:\/\/www.1055.fr\/besancon\/contenu\/uploads\/2021\/05\/1055-kid-park-2-jeux-enfant-lons-le-saunier-jura-e1536155007404-1024x205-1.jpg\",\"contentUrl\":\"https:\/\/www.1055.fr\/besancon\/contenu\/uploads\/2021\/05\/1055-kid-park-2-jeux-enfant-lons-le-saunier-jura-e1536155007404-1024x205-1.jpg\",\"width\":1024,\"height\":205},{\"@type\":\"BreadcrumbList\",\"@id\":\"https:\/\/www.1055.fr\/besancon\/activites\/kid-park\/#breadcrumb\",\"itemListElement\":[{\"@type\":\"ListItem\",\"position\":1,\"name\":\"Home\",\"item\":\"https:\/\/www.1055.fr\/besancon\/\"},{\"@type\":\"ListItem\",\"position\":2,\"name\":\"Parc Indoor\",\"item\":\"https:\/\/www.1055.fr\/besancon\/activites\/\"},{\"@type\":\"ListItem\",\"position\":3,\"name\":\"Kid Park\"}]},{\"@type\":\"WebSite\",\"@id\":\"https:\/\/www.1055.fr\/besancon\/#website\",\"url\":\"https:\/\/www.1055.fr\/besancon\/\",\"name\":\"\",\"description\":\"\",\"publisher\":{\"@id\":\"https:\/\/www.1055.fr\/besancon\/#organization\"},\"potentialAction\":[{\"@type\":\"SearchAction\",\"target\":{\"@type\":\"EntryPoint\",\"urlTemplate\":\"https:\/\/www.1055.fr\/besancon\/?s={search_term_string}\"},\"query-input\":{\"@type\":\"PropertyValueSpecification\",\"valueRequired\":true,\"valueName\":\"search_term_string\"}}],\"inLanguage\":\"fr-FR\"},{\"@type\":\"Organization\",\"@id\":\"https:\/\/www.1055.fr\/besancon\/#organization\",\"name\":\"1055 Besan\u00e7on\",\"url\":\"https:\/\/www.1055.fr\/besancon\/\",\"logo\":{\"@type\":\"ImageObject\",\"inLanguage\":\"fr-FR\",\"@id\":\"https:\/\/www.1055.fr\/besancon\/#\/schema\/logo\/image\/\",\"url\":\"https:\/\/www.1055.fr\/besancon\/contenu\/uploads\/2021\/04\/logo-page-2-1.png\",\"contentUrl\":\"https:\/\/www.1055.fr\/besancon\/contenu\/uploads\/2021\/04\/logo-page-2-1.png\",\"width\":120,\"height\":162,\"caption\":\"1055 Besan\u00e7on\"},\"image\":{\"@id\":\"https:\/\/www.1055.fr\/besancon\/#\/schema\/logo\/image\/\"}}]}<\/script>\n<!-- \/ Yoast SEO Premium plugin. -->","yoast_head_json":{"title":"Kid Park","robots":{"index":"index","follow":"follow","max-snippet":"max-snippet:-1","max-image-preview":"max-image-preview:large","max-video-preview":"max-video-preview:-1"},"canonical":"https:\/\/www.1055.fr\/besancon\/activites\/kid-park\/","og_locale":"fr_FR","og_type":"article","og_title":"Kid Park","og_description":"Un Kid Park g\u00e9ant, le royaume des enfants \u00e0 l\u2019espace de loisirs ! Explorer, grimper, rebondir, empiler, escalader, dribbler\u2026 !\u00a0Vos &hellip;","og_url":"https:\/\/www.1055.fr\/besancon\/activites\/kid-park\/","article_modified_time":"2024-05-15T09:09:09+00:00","og_image":[{"width":1024,"height":205,"url":"https:\/\/www.1055.fr\/besancon\/contenu\/uploads\/2021\/05\/1055-kid-park-2-jeux-enfant-lons-le-saunier-jura-e1536155007404-1024x205-1.jpg","type":"image\/jpeg"}],"twitter_card":"summary_large_image","twitter_misc":{"Dur\u00e9e de lecture estim\u00e9e":"3 minutes"},"schema":{"@context":"https:\/\/schema.org","@graph":[{"@type":"WebPage","@id":"https:\/\/www.1055.fr\/besancon\/activites\/kid-park\/","url":"https:\/\/www.1055.fr\/besancon\/activites\/kid-park\/","name":"Kid Park","isPartOf":{"@id":"https:\/\/www.1055.fr\/besancon\/#website"},"primaryImageOfPage":{"@id":"https:\/\/www.1055.fr\/besancon\/activites\/kid-park\/#primaryimage"},"image":{"@id":"https:\/\/www.1055.fr\/besancon\/activites\/kid-park\/#primaryimage"},"thumbnailUrl":"https:\/\/www.1055.fr\/besancon\/contenu\/uploads\/2021\/05\/1055-kid-park-2-jeux-enfant-lons-le-saunier-jura-e1536155007404-1024x205-1.jpg","datePublished":"2021-04-19T14:24:01+00:00","dateModified":"2024-05-15T09:09:09+00:00","breadcrumb":{"@id":"https:\/\/www.1055.fr\/besancon\/activites\/kid-park\/#breadcrumb"},"inLanguage":"fr-FR","potentialAction":[{"@type":"ReadAction","target":["https:\/\/www.1055.fr\/besancon\/activites\/kid-park\/"]}]},{"@type":"ImageObject","inLanguage":"fr-FR","@id":"https:\/\/www.1055.fr\/besancon\/activites\/kid-park\/#primaryimage","url":"https:\/\/www.1055.fr\/besancon\/contenu\/uploads\/2021\/05\/1055-kid-park-2-jeux-enfant-lons-le-saunier-jura-e1536155007404-1024x205-1.jpg","contentUrl":"https:\/\/www.1055.fr\/besancon\/contenu\/uploads\/2021\/05\/1055-kid-park-2-jeux-enfant-lons-le-saunier-jura-e1536155007404-1024x205-1.jpg","width":1024,"height":205},{"@type":"BreadcrumbList","@id":"https:\/\/www.1055.fr\/besancon\/activites\/kid-park\/#breadcrumb","itemListElement":[{"@type":"ListItem","position":1,"name":"Home","item":"https:\/\/www.1055.fr\/besancon\/"},{"@type":"ListItem","position":2,"name":"Parc Indoor","item":"https:\/\/www.1055.fr\/besancon\/activites\/"},{"@type":"ListItem","position":3,"name":"Kid Park"}]},{"@type":"WebSite","@id":"https:\/\/www.1055.fr\/besancon\/#website","url":"https:\/\/www.1055.fr\/besancon\/","name":"","description":"","publisher":{"@id":"https:\/\/www.1055.fr\/besancon\/#organization"},"potentialAction":[{"@type":"SearchAction","target":{"@type":"EntryPoint","urlTemplate":"https:\/\/www.1055.fr\/besancon\/?s={search_term_string}"},"query-input":{"@type":"PropertyValueSpecification","valueRequired":true,"valueName":"search_term_string"}}],"inLanguage":"fr-FR"},{"@type":"Organization","@id":"https:\/\/www.1055.fr\/besancon\/#organization","name":"1055 Besan\u00e7on","url":"https:\/\/www.1055.fr\/besancon\/","logo":{"@type":"ImageObject","inLanguage":"fr-FR","@id":"https:\/\/www.1055.fr\/besancon\/#\/schema\/logo\/image\/","url":"https:\/\/www.1055.fr\/besancon\/contenu\/uploads\/2021\/04\/logo-page-2-1.png","contentUrl":"https:\/\/www.1055.fr\/besancon\/contenu\/uploads\/2021\/04\/logo-page-2-1.png","width":120,"height":162,"caption":"1055 Besan\u00e7on"},"image":{"@id":"https:\/\/www.1055.fr\/besancon\/#\/schema\/logo\/image\/"}}]}},"_links":{"self":[{"href":"https:\/\/www.1055.fr\/besancon\/wp-json\/wp\/v2\/pages\/178","targetHints":{"allow":["GET"]}}],"collection":[{"href":"https:\/\/www.1055.fr\/besancon\/wp-json\/wp\/v2\/pages"}],"about":[{"href":"https:\/\/www.1055.fr\/besancon\/wp-json\/wp\/v2\/types\/page"}],"author":[{"embeddable":true,"href":"https:\/\/www.1055.fr\/besancon\/wp-json\/wp\/v2\/users\/2"}],"replies":[{"embeddable":true,"href":"https:\/\/www.1055.fr\/besancon\/wp-json\/wp\/v2\/comments?post=178"}],"version-history":[{"count":2,"href":"https:\/\/www.1055.fr\/besancon\/wp-json\/wp\/v2\/pages\/178\/revisions"}],"predecessor-version":[{"id":4873,"href":"https:\/\/www.1055.fr\/besancon\/wp-json\/wp\/v2\/pages\/178\/revisions\/4873"}],"up":[{"embeddable":true,"href":"https:\/\/www.1055.fr\/besancon\/wp-json\/wp\/v2\/pages\/164"}],"wp:featuredmedia":[{"embeddable":true,"href":"https:\/\/www.1055.fr\/besancon\/wp-json\/wp\/v2\/media\/327"}],"wp:attachment":[{"href":"https:\/\/www.1055.fr\/besancon\/wp-json\/wp\/v2\/media?parent=178"}],"curies":[{"name":"wp","href":"https:\/\/api.w.org\/{rel}","templated":true}]}}