{"id":1602,"date":"2022-11-11T11:24:06","date_gmt":"2022-11-11T10:24:06","guid":{"rendered":"https:\/\/www.1055.fr\/besancon\/?page_id=1602"},"modified":"2023-12-21T13:38:05","modified_gmt":"2023-12-21T12:38:05","slug":"les-carnets-10-entrees","status":"publish","type":"page","link":"https:\/\/www.1055.fr\/besancon\/tarifs-et-bons-plans\/nos-bons-plans\/les-carnets-10-entrees\/","title":{"rendered":"Les carnets 10 entr\u00e9es"},"content":{"rendered":"<div class=\"entry-content\">\n<h1><span style=\"color: #ff6600;\">D\u00e9couvrez nos carnets 10 entr\u00e9es pour toujours plus de fun !<\/span><\/h1>\n<p><img decoding=\"async\" class=\"alignnone wp-image-8277\" src=\"https:\/\/www.1055.fr\/lons-le-saunier\/contenu\/uploads\/2022\/05\/LOISIRS-couv-facebook-828x315-1-300x114.jpg\" sizes=\"(max-width: 458px) 100vw, 458px\" srcset=\"https:\/\/www.1055.fr\/lons-le-saunier\/contenu\/uploads\/2022\/05\/LOISIRS-couv-facebook-828x315-1-300x114.jpg 300w, https:\/\/www.1055.fr\/lons-le-saunier\/contenu\/uploads\/2022\/05\/LOISIRS-couv-facebook-828x315-1-768x292.jpg 768w, https:\/\/www.1055.fr\/lons-le-saunier\/contenu\/uploads\/2022\/05\/LOISIRS-couv-facebook-828x315-1-24x9.jpg 24w, https:\/\/www.1055.fr\/lons-le-saunier\/contenu\/uploads\/2022\/05\/LOISIRS-couv-facebook-828x315-1-36x14.jpg 36w, https:\/\/www.1055.fr\/lons-le-saunier\/contenu\/uploads\/2022\/05\/LOISIRS-couv-facebook-828x315-1-48x18.jpg 48w, https:\/\/www.1055.fr\/lons-le-saunier\/contenu\/uploads\/2022\/05\/LOISIRS-couv-facebook-828x315-1.jpg 828w\" alt=\"\" width=\"458\" height=\"174\" \/><\/p>\n<p><span style=\"color: #ff6600;\"><strong>Nos carnets 10 entr\u00e9es permettent de maitriser votre budget et d\u2019avoir acc\u00e8s \u00e0 10 entr\u00e9es pour nos activit\u00e9s*<\/strong><\/span><\/p>\n<p><em>*Hors VR, TacTic Room<br \/>\n<\/em><\/p>\n<p>Carnet de 10 entr\u00e9es \u2013 100cm : <strong>49\u20ac soit 4,90\u20ac\u00a0 l\u2019entr\u00e9e *<br \/>\n<\/strong><\/p>\n<p>Carnet 10 entr\u00e9es + 100cm : <strong>79\u20ac soit 7,90\u20ac l\u2019entr\u00e9e*<\/strong><\/p>\n<p>*Prix avec la carte 10.55 ou sur notre boutique officielle, sinon + 6\u20ac\/carnet<\/p>\n<h2><a href=\"https:\/\/boutique.1055.fr\/categorie-produit\/themes\/offrir\/cadeaux-box-cheques-espace-loisirs\/carnets-kid-park\/\">Cliquez ici pour commander votre carnet 10 entr\u00e9es \u2013 100 cm<\/a><\/h2>\n<h2><a href=\"https:\/\/boutique.1055.fr\/categorie-produit\/themes\/offrir\/cadeaux-box-cheques-espace-loisirs\/carnets-kid-park\/\">Cliquez ici pour commander votre carnet 10 entr\u00e9e + 100 cm<\/a><\/h2>\n<p><img decoding=\"async\" class=\"alignnone wp-image-6294\" src=\"https:\/\/www.1055.fr\/lons-le-saunier\/contenu\/uploads\/2021\/05\/PICTO-ESPACE-LOISIRS1055-283x300.png\" sizes=\"(max-width: 165px) 100vw, 165px\" srcset=\"https:\/\/www.1055.fr\/lons-le-saunier\/contenu\/uploads\/2021\/05\/PICTO-ESPACE-LOISIRS1055-283x300.png 283w, https:\/\/www.1055.fr\/lons-le-saunier\/contenu\/uploads\/2021\/05\/PICTO-ESPACE-LOISIRS1055-965x1024.png 965w, https:\/\/www.1055.fr\/lons-le-saunier\/contenu\/uploads\/2021\/05\/PICTO-ESPACE-LOISIRS1055-768x815.png 768w, https:\/\/www.1055.fr\/lons-le-saunier\/contenu\/uploads\/2021\/05\/PICTO-ESPACE-LOISIRS1055-24x24.png 24w, https:\/\/www.1055.fr\/lons-le-saunier\/contenu\/uploads\/2021\/05\/PICTO-ESPACE-LOISIRS1055-34x36.png 34w, https:\/\/www.1055.fr\/lons-le-saunier\/contenu\/uploads\/2021\/05\/PICTO-ESPACE-LOISIRS1055-45x48.png 45w, https:\/\/www.1055.fr\/lons-le-saunier\/contenu\/uploads\/2021\/05\/PICTO-ESPACE-LOISIRS1055.png 1299w\" alt=\"\" width=\"165\" height=\"175\" \/><\/p>\n<\/div>\n","protected":false},"excerpt":{"rendered":"<p>Pour maitriser votre budget, offrir, ou tout simplement venir s&rsquo;\u00e9clater r\u00e9guli\u00e8rement, pensez \u00e0 nos carnets de 10 entr\u00e9es ! <\/p>\n","protected":false},"author":10,"featured_media":1604,"parent":1606,"menu_order":2,"comment_status":"closed","ping_status":"closed","template":"page-activite.php","meta":{"_acf_changed":false,"inline_featured_image":false,"footnotes":""},"class_list":["post-1602","page","type-page","status-publish","has-post-thumbnail","hentry"],"acf":[],"yoast_head":"<!-- This site is optimized with the Yoast SEO Premium plugin v24.7 (Yoast SEO v24.7) - https:\/\/yoast.com\/wordpress\/plugins\/seo\/ -->\n<title>Les carnets 10 entr\u00e9es<\/title>\n<meta name=\"robots\" content=\"index, follow, max-snippet:-1, max-image-preview:large, max-video-preview:-1\" \/>\n<link rel=\"canonical\" href=\"https:\/\/www.1055.fr\/besancon\/tarifs-et-bons-plans\/nos-bons-plans\/les-carnets-10-entrees\/\" \/>\n<meta property=\"og:locale\" content=\"fr_FR\" \/>\n<meta property=\"og:type\" content=\"article\" \/>\n<meta property=\"og:title\" content=\"Les carnets 10 entr\u00e9es\" \/>\n<meta property=\"og:description\" content=\"Pour maitriser votre budget, offrir, ou tout simplement venir s&#039;\u00e9clater r\u00e9guli\u00e8rement, pensez \u00e0 nos carnets de 10 entr\u00e9es !\" \/>\n<meta property=\"og:url\" content=\"https:\/\/www.1055.fr\/besancon\/tarifs-et-bons-plans\/nos-bons-plans\/les-carnets-10-entrees\/\" \/>\n<meta property=\"article:modified_time\" content=\"2023-12-21T12:38:05+00:00\" \/>\n<meta property=\"og:image\" content=\"https:\/\/www.1055.fr\/besancon\/contenu\/uploads\/2022\/11\/trampoline-1800x3600-1.jpg\" \/>\n\t<meta property=\"og:image:width\" content=\"1800\" \/>\n\t<meta property=\"og:image:height\" content=\"360\" \/>\n\t<meta property=\"og:image:type\" content=\"image\/jpeg\" \/>\n<meta name=\"twitter:card\" content=\"summary_large_image\" \/>\n<meta name=\"twitter:label1\" content=\"Dur\u00e9e de lecture estim\u00e9e\" \/>\n\t<meta name=\"twitter:data1\" content=\"1 minute\" \/>\n<script type=\"application\/ld+json\" class=\"yoast-schema-graph\">{\"@context\":\"https:\/\/schema.org\",\"@graph\":[{\"@type\":\"WebPage\",\"@id\":\"https:\/\/www.1055.fr\/besancon\/tarifs-et-bons-plans\/nos-bons-plans\/les-carnets-10-entrees\/\",\"url\":\"https:\/\/www.1055.fr\/besancon\/tarifs-et-bons-plans\/nos-bons-plans\/les-carnets-10-entrees\/\",\"name\":\"Les carnets 10 entr\u00e9es\",\"isPartOf\":{\"@id\":\"https:\/\/www.1055.fr\/besancon\/#website\"},\"primaryImageOfPage\":{\"@id\":\"https:\/\/www.1055.fr\/besancon\/tarifs-et-bons-plans\/nos-bons-plans\/les-carnets-10-entrees\/#primaryimage\"},\"image\":{\"@id\":\"https:\/\/www.1055.fr\/besancon\/tarifs-et-bons-plans\/nos-bons-plans\/les-carnets-10-entrees\/#primaryimage\"},\"thumbnailUrl\":\"https:\/\/www.1055.fr\/besancon\/contenu\/uploads\/2022\/11\/trampoline-1800x3600-1.jpg\",\"datePublished\":\"2022-11-11T10:24:06+00:00\",\"dateModified\":\"2023-12-21T12:38:05+00:00\",\"breadcrumb\":{\"@id\":\"https:\/\/www.1055.fr\/besancon\/tarifs-et-bons-plans\/nos-bons-plans\/les-carnets-10-entrees\/#breadcrumb\"},\"inLanguage\":\"fr-FR\",\"potentialAction\":[{\"@type\":\"ReadAction\",\"target\":[\"https:\/\/www.1055.fr\/besancon\/tarifs-et-bons-plans\/nos-bons-plans\/les-carnets-10-entrees\/\"]}]},{\"@type\":\"ImageObject\",\"inLanguage\":\"fr-FR\",\"@id\":\"https:\/\/www.1055.fr\/besancon\/tarifs-et-bons-plans\/nos-bons-plans\/les-carnets-10-entrees\/#primaryimage\",\"url\":\"https:\/\/www.1055.fr\/besancon\/contenu\/uploads\/2022\/11\/trampoline-1800x3600-1.jpg\",\"contentUrl\":\"https:\/\/www.1055.fr\/besancon\/contenu\/uploads\/2022\/11\/trampoline-1800x3600-1.jpg\",\"width\":1800,\"height\":360},{\"@type\":\"BreadcrumbList\",\"@id\":\"https:\/\/www.1055.fr\/besancon\/tarifs-et-bons-plans\/nos-bons-plans\/les-carnets-10-entrees\/#breadcrumb\",\"itemListElement\":[{\"@type\":\"ListItem\",\"position\":1,\"name\":\"Home\",\"item\":\"https:\/\/www.1055.fr\/besancon\/\"},{\"@type\":\"ListItem\",\"position\":2,\"name\":\"Tarifs et bons plans\",\"item\":\"https:\/\/www.1055.fr\/besancon\/tarifs-et-bons-plans\/\"},{\"@type\":\"ListItem\",\"position\":3,\"name\":\"Nos Bons Plans\",\"item\":\"https:\/\/www.1055.fr\/besancon\/tarifs-et-bons-plans\/nos-bons-plans\/\"},{\"@type\":\"ListItem\",\"position\":4,\"name\":\"Les carnets 10 entr\u00e9es\"}]},{\"@type\":\"WebSite\",\"@id\":\"https:\/\/www.1055.fr\/besancon\/#website\",\"url\":\"https:\/\/www.1055.fr\/besancon\/\",\"name\":\"\",\"description\":\"\",\"publisher\":{\"@id\":\"https:\/\/www.1055.fr\/besancon\/#organization\"},\"potentialAction\":[{\"@type\":\"SearchAction\",\"target\":{\"@type\":\"EntryPoint\",\"urlTemplate\":\"https:\/\/www.1055.fr\/besancon\/?s={search_term_string}\"},\"query-input\":{\"@type\":\"PropertyValueSpecification\",\"valueRequired\":true,\"valueName\":\"search_term_string\"}}],\"inLanguage\":\"fr-FR\"},{\"@type\":\"Organization\",\"@id\":\"https:\/\/www.1055.fr\/besancon\/#organization\",\"name\":\"1055 Besan\u00e7on\",\"url\":\"https:\/\/www.1055.fr\/besancon\/\",\"logo\":{\"@type\":\"ImageObject\",\"inLanguage\":\"fr-FR\",\"@id\":\"https:\/\/www.1055.fr\/besancon\/#\/schema\/logo\/image\/\",\"url\":\"https:\/\/www.1055.fr\/besancon\/contenu\/uploads\/2021\/04\/logo-page-2-1.png\",\"contentUrl\":\"https:\/\/www.1055.fr\/besancon\/contenu\/uploads\/2021\/04\/logo-page-2-1.png\",\"width\":120,\"height\":162,\"caption\":\"1055 Besan\u00e7on\"},\"image\":{\"@id\":\"https:\/\/www.1055.fr\/besancon\/#\/schema\/logo\/image\/\"}}]}<\/script>\n<!-- \/ Yoast SEO Premium plugin. -->","yoast_head_json":{"title":"Les carnets 10 entr\u00e9es","robots":{"index":"index","follow":"follow","max-snippet":"max-snippet:-1","max-image-preview":"max-image-preview:large","max-video-preview":"max-video-preview:-1"},"canonical":"https:\/\/www.1055.fr\/besancon\/tarifs-et-bons-plans\/nos-bons-plans\/les-carnets-10-entrees\/","og_locale":"fr_FR","og_type":"article","og_title":"Les carnets 10 entr\u00e9es","og_description":"Pour maitriser votre budget, offrir, ou tout simplement venir s'\u00e9clater r\u00e9guli\u00e8rement, pensez \u00e0 nos carnets de 10 entr\u00e9es !","og_url":"https:\/\/www.1055.fr\/besancon\/tarifs-et-bons-plans\/nos-bons-plans\/les-carnets-10-entrees\/","article_modified_time":"2023-12-21T12:38:05+00:00","og_image":[{"width":1800,"height":360,"url":"https:\/\/www.1055.fr\/besancon\/contenu\/uploads\/2022\/11\/trampoline-1800x3600-1.jpg","type":"image\/jpeg"}],"twitter_card":"summary_large_image","twitter_misc":{"Dur\u00e9e de lecture estim\u00e9e":"1 minute"},"schema":{"@context":"https:\/\/schema.org","@graph":[{"@type":"WebPage","@id":"https:\/\/www.1055.fr\/besancon\/tarifs-et-bons-plans\/nos-bons-plans\/les-carnets-10-entrees\/","url":"https:\/\/www.1055.fr\/besancon\/tarifs-et-bons-plans\/nos-bons-plans\/les-carnets-10-entrees\/","name":"Les carnets 10 entr\u00e9es","isPartOf":{"@id":"https:\/\/www.1055.fr\/besancon\/#website"},"primaryImageOfPage":{"@id":"https:\/\/www.1055.fr\/besancon\/tarifs-et-bons-plans\/nos-bons-plans\/les-carnets-10-entrees\/#primaryimage"},"image":{"@id":"https:\/\/www.1055.fr\/besancon\/tarifs-et-bons-plans\/nos-bons-plans\/les-carnets-10-entrees\/#primaryimage"},"thumbnailUrl":"https:\/\/www.1055.fr\/besancon\/contenu\/uploads\/2022\/11\/trampoline-1800x3600-1.jpg","datePublished":"2022-11-11T10:24:06+00:00","dateModified":"2023-12-21T12:38:05+00:00","breadcrumb":{"@id":"https:\/\/www.1055.fr\/besancon\/tarifs-et-bons-plans\/nos-bons-plans\/les-carnets-10-entrees\/#breadcrumb"},"inLanguage":"fr-FR","potentialAction":[{"@type":"ReadAction","target":["https:\/\/www.1055.fr\/besancon\/tarifs-et-bons-plans\/nos-bons-plans\/les-carnets-10-entrees\/"]}]},{"@type":"ImageObject","inLanguage":"fr-FR","@id":"https:\/\/www.1055.fr\/besancon\/tarifs-et-bons-plans\/nos-bons-plans\/les-carnets-10-entrees\/#primaryimage","url":"https:\/\/www.1055.fr\/besancon\/contenu\/uploads\/2022\/11\/trampoline-1800x3600-1.jpg","contentUrl":"https:\/\/www.1055.fr\/besancon\/contenu\/uploads\/2022\/11\/trampoline-1800x3600-1.jpg","width":1800,"height":360},{"@type":"BreadcrumbList","@id":"https:\/\/www.1055.fr\/besancon\/tarifs-et-bons-plans\/nos-bons-plans\/les-carnets-10-entrees\/#breadcrumb","itemListElement":[{"@type":"ListItem","position":1,"name":"Home","item":"https:\/\/www.1055.fr\/besancon\/"},{"@type":"ListItem","position":2,"name":"Tarifs et bons plans","item":"https:\/\/www.1055.fr\/besancon\/tarifs-et-bons-plans\/"},{"@type":"ListItem","position":3,"name":"Nos Bons Plans","item":"https:\/\/www.1055.fr\/besancon\/tarifs-et-bons-plans\/nos-bons-plans\/"},{"@type":"ListItem","position":4,"name":"Les carnets 10 entr\u00e9es"}]},{"@type":"WebSite","@id":"https:\/\/www.1055.fr\/besancon\/#website","url":"https:\/\/www.1055.fr\/besancon\/","name":"","description":"","publisher":{"@id":"https:\/\/www.1055.fr\/besancon\/#organization"},"potentialAction":[{"@type":"SearchAction","target":{"@type":"EntryPoint","urlTemplate":"https:\/\/www.1055.fr\/besancon\/?s={search_term_string}"},"query-input":{"@type":"PropertyValueSpecification","valueRequired":true,"valueName":"search_term_string"}}],"inLanguage":"fr-FR"},{"@type":"Organization","@id":"https:\/\/www.1055.fr\/besancon\/#organization","name":"1055 Besan\u00e7on","url":"https:\/\/www.1055.fr\/besancon\/","logo":{"@type":"ImageObject","inLanguage":"fr-FR","@id":"https:\/\/www.1055.fr\/besancon\/#\/schema\/logo\/image\/","url":"https:\/\/www.1055.fr\/besancon\/contenu\/uploads\/2021\/04\/logo-page-2-1.png","contentUrl":"https:\/\/www.1055.fr\/besancon\/contenu\/uploads\/2021\/04\/logo-page-2-1.png","width":120,"height":162,"caption":"1055 Besan\u00e7on"},"image":{"@id":"https:\/\/www.1055.fr\/besancon\/#\/schema\/logo\/image\/"}}]}},"_links":{"self":[{"href":"https:\/\/www.1055.fr\/besancon\/wp-json\/wp\/v2\/pages\/1602","targetHints":{"allow":["GET"]}}],"collection":[{"href":"https:\/\/www.1055.fr\/besancon\/wp-json\/wp\/v2\/pages"}],"about":[{"href":"https:\/\/www.1055.fr\/besancon\/wp-json\/wp\/v2\/types\/page"}],"author":[{"embeddable":true,"href":"https:\/\/www.1055.fr\/besancon\/wp-json\/wp\/v2\/users\/10"}],"replies":[{"embeddable":true,"href":"https:\/\/www.1055.fr\/besancon\/wp-json\/wp\/v2\/comments?post=1602"}],"version-history":[{"count":2,"href":"https:\/\/www.1055.fr\/besancon\/wp-json\/wp\/v2\/pages\/1602\/revisions"}],"predecessor-version":[{"id":4097,"href":"https:\/\/www.1055.fr\/besancon\/wp-json\/wp\/v2\/pages\/1602\/revisions\/4097"}],"up":[{"embeddable":true,"href":"https:\/\/www.1055.fr\/besancon\/wp-json\/wp\/v2\/pages\/1606"}],"wp:featuredmedia":[{"embeddable":true,"href":"https:\/\/www.1055.fr\/besancon\/wp-json\/wp\/v2\/media\/1604"}],"wp:attachment":[{"href":"https:\/\/www.1055.fr\/besancon\/wp-json\/wp\/v2\/media?parent=1602"}],"curies":[{"name":"wp","href":"https:\/\/api.w.org\/{rel}","templated":true}]}}