{"id":1495,"date":"2022-10-17T12:32:43","date_gmt":"2022-10-17T10:32:43","guid":{"rendered":"https:\/\/www.1055.fr\/besancon\/?page_id=1495"},"modified":"2024-12-17T15:34:09","modified_gmt":"2024-12-17T14:34:09","slug":"salle-de-billards","status":"publish","type":"page","link":"https:\/\/www.1055.fr\/besancon\/activites\/salle-de-billards\/","title":{"rendered":"Salle de billard"},"content":{"rendered":"\n<h2 class=\"wp-block-heading\" id=\"h-decouvrez-la-salle-de-billard-au-10-55\">D\u00e9couvrez la salle de billard au 10\u00b755<\/h2>\n\n\n\n<p>Que vous soyez un joueur d\u00e9butant ou confirm\u00e9, notre <strong>salle de billard<\/strong> est parfaite pour profiter entre amis, en famille ou m\u00eame lors de vos <strong>team building<\/strong>.<\/p>\n\n\n\n<div style=\"height:27px\" aria-hidden=\"true\" class=\"wp-block-spacer\"><\/div>\n\n\n<div class=\"wp-block-image\">\n<figure class=\"aligncenter size-large is-resized\"><img decoding=\"async\" width=\"1024\" height=\"540\" src=\"https:\/\/www.1055.fr\/besancon\/contenu\/uploads\/2024\/07\/Capture-decran-2024-07-15-a-15.51.45-1-1024x540.png\" alt=\"\" class=\"wp-image-5259\" style=\"width:751px;height:auto\" srcset=\"https:\/\/www.1055.fr\/besancon\/contenu\/uploads\/2024\/07\/Capture-decran-2024-07-15-a-15.51.45-1-1024x540.png 1024w, https:\/\/www.1055.fr\/besancon\/contenu\/uploads\/2024\/07\/Capture-decran-2024-07-15-a-15.51.45-1-300x158.png 300w, https:\/\/www.1055.fr\/besancon\/contenu\/uploads\/2024\/07\/Capture-decran-2024-07-15-a-15.51.45-1-768x405.png 768w, https:\/\/www.1055.fr\/besancon\/contenu\/uploads\/2024\/07\/Capture-decran-2024-07-15-a-15.51.45-1-1536x810.png 1536w, https:\/\/www.1055.fr\/besancon\/contenu\/uploads\/2024\/07\/Capture-decran-2024-07-15-a-15.51.45-1-2048x1080.png 2048w, https:\/\/www.1055.fr\/besancon\/contenu\/uploads\/2024\/07\/Capture-decran-2024-07-15-a-15.51.45-1-24x13.png 24w, https:\/\/www.1055.fr\/besancon\/contenu\/uploads\/2024\/07\/Capture-decran-2024-07-15-a-15.51.45-1-36x19.png 36w, https:\/\/www.1055.fr\/besancon\/contenu\/uploads\/2024\/07\/Capture-decran-2024-07-15-a-15.51.45-1-48x25.png 48w\" sizes=\"(max-width: 767px) 89vw, (max-width: 1000px) 54vw, (max-width: 1071px) 543px, 580px\" \/><\/figure>\n<\/div>\n\n\n<div style=\"height:27px\" aria-hidden=\"true\" class=\"wp-block-spacer\"><\/div>\n\n\n\n<h2 class=\"wp-block-heading\" id=\"h-un-espace-dedie-au-billard\">Un espace d\u00e9di\u00e9 au billard<\/h2>\n\n\n\n<p>D\u00e9couvrez notre espace d\u00e9di\u00e9 au billard, en mezzanine avec 6 tables de qualit\u00e9. L&rsquo;activit\u00e9 id\u00e9ale pour faire une pause entre deux activit\u00e9s, une soir\u00e9e entre amis autour d&rsquo;un verre ou simplement pour une <strong>partie de billard<\/strong> !<\/p>\n\n\n\n<h4 class=\"wp-block-heading\" id=\"h-installations\">Installations<\/h4>\n\n\n\n<p>Notre salle de billards est \u00e9quip\u00e9e avec soin pour r\u00e9pondre \u00e0 toutes vos attentes :<\/p>\n\n\n\n<ul class=\"wp-block-list\">\n<li><strong>Tables de billard :<\/strong> Nous disposons de 6 tables de billard de haute qualit\u00e9.<\/li>\n\n\n\n<li><strong>Espace confortable :<\/strong> Profitez d&rsquo;un environnement convivial et bien am\u00e9nag\u00e9 pour se concentrer sur le jeu.<\/li>\n<\/ul>\n\n\n\n<p>Explorez le plaisir du billard avec nous au 10\u00b755. Nous avons h\u00e2te de vous accueillir !<\/p>\n\n\n\n<div class=\"wp-block-buttons is-layout-flex wp-block-buttons-is-layout-flex\">\n<div class=\"wp-block-button is-style-outline is-style-outline--1\"><a class=\"wp-block-button__link has-white-color has-black-background-color has-text-color has-background wp-element-button\" href=\"http:\/\/labrasserie-1055.fr\" target=\"_blank\" rel=\"noreferrer noopener\">LA BRASSERIE<\/a><\/div>\n\n\n\n<div class=\"wp-block-button is-style-outline is-style-outline--2\"><a class=\"wp-block-button__link has-black-color has-luminous-vivid-amber-background-color has-text-color has-background wp-element-button\" href=\"https:\/\/boutique.1055.fr\/\" style=\"border-radius:100px\">LA BOUTIQUE<\/a><\/div>\n\n\n\n<div class=\"wp-block-button is-style-outline is-style-outline--3\"><a class=\"wp-block-button__link has-vivid-cyan-blue-color has-light-green-cyan-background-color has-text-color has-background wp-element-button\" href=\"https:\/\/www.1055.fr\/besancon\/foire-aux-questions\/\" style=\"border-radius:56px\">Foire Aux Questions<\/a><\/div>\n<\/div>\n","protected":false},"excerpt":{"rendered":"<p>D\u00e9couvrez la salle de billard au 10\u00b755 Que vous soyez un joueur d\u00e9butant ou confirm\u00e9, notre salle de billard est &hellip;<\/p>\n","protected":false},"author":10,"featured_media":5828,"parent":164,"menu_order":11,"comment_status":"closed","ping_status":"closed","template":"page-activite.php","meta":{"_acf_changed":false,"inline_featured_image":false,"footnotes":""},"class_list":["post-1495","page","type-page","status-publish","has-post-thumbnail","hentry"],"acf":[],"yoast_head":"<!-- This site is optimized with the Yoast SEO Premium plugin v24.7 (Yoast SEO v24.7) - https:\/\/yoast.com\/wordpress\/plugins\/seo\/ -->\n<title>Salle de billard<\/title>\n<meta name=\"robots\" content=\"index, follow, max-snippet:-1, max-image-preview:large, max-video-preview:-1\" \/>\n<link rel=\"canonical\" href=\"https:\/\/www.1055.fr\/besancon\/activites\/salle-de-billards\/\" \/>\n<meta property=\"og:locale\" content=\"fr_FR\" \/>\n<meta property=\"og:type\" content=\"article\" \/>\n<meta property=\"og:title\" content=\"Salle de billard\" \/>\n<meta property=\"og:description\" content=\"D\u00e9couvrez la salle de billard au 10\u00b755 Que vous soyez un joueur d\u00e9butant ou confirm\u00e9, notre salle de billard est &hellip;\" \/>\n<meta property=\"og:url\" content=\"https:\/\/www.1055.fr\/besancon\/activites\/salle-de-billards\/\" \/>\n<meta property=\"article:modified_time\" content=\"2024-12-17T14:34:09+00:00\" \/>\n<meta property=\"og:image\" content=\"https:\/\/www.1055.fr\/besancon\/contenu\/uploads\/2024\/12\/Plan-de-travail-6-copie-2.png\" \/>\n\t<meta property=\"og:image:width\" content=\"1801\" \/>\n\t<meta property=\"og:image:height\" content=\"361\" \/>\n\t<meta property=\"og:image:type\" content=\"image\/png\" \/>\n<meta name=\"twitter:card\" content=\"summary_large_image\" \/>\n<meta name=\"twitter:label1\" content=\"Dur\u00e9e de lecture estim\u00e9e\" \/>\n\t<meta name=\"twitter:data1\" content=\"2 minutes\" \/>\n<script type=\"application\/ld+json\" class=\"yoast-schema-graph\">{\"@context\":\"https:\/\/schema.org\",\"@graph\":[{\"@type\":\"WebPage\",\"@id\":\"https:\/\/www.1055.fr\/besancon\/activites\/salle-de-billards\/\",\"url\":\"https:\/\/www.1055.fr\/besancon\/activites\/salle-de-billards\/\",\"name\":\"Salle de billard\",\"isPartOf\":{\"@id\":\"https:\/\/www.1055.fr\/besancon\/#website\"},\"primaryImageOfPage\":{\"@id\":\"https:\/\/www.1055.fr\/besancon\/activites\/salle-de-billards\/#primaryimage\"},\"image\":{\"@id\":\"https:\/\/www.1055.fr\/besancon\/activites\/salle-de-billards\/#primaryimage\"},\"thumbnailUrl\":\"https:\/\/www.1055.fr\/besancon\/contenu\/uploads\/2024\/12\/Plan-de-travail-6-copie-2.png\",\"datePublished\":\"2022-10-17T10:32:43+00:00\",\"dateModified\":\"2024-12-17T14:34:09+00:00\",\"breadcrumb\":{\"@id\":\"https:\/\/www.1055.fr\/besancon\/activites\/salle-de-billards\/#breadcrumb\"},\"inLanguage\":\"fr-FR\",\"potentialAction\":[{\"@type\":\"ReadAction\",\"target\":[\"https:\/\/www.1055.fr\/besancon\/activites\/salle-de-billards\/\"]}]},{\"@type\":\"ImageObject\",\"inLanguage\":\"fr-FR\",\"@id\":\"https:\/\/www.1055.fr\/besancon\/activites\/salle-de-billards\/#primaryimage\",\"url\":\"https:\/\/www.1055.fr\/besancon\/contenu\/uploads\/2024\/12\/Plan-de-travail-6-copie-2.png\",\"contentUrl\":\"https:\/\/www.1055.fr\/besancon\/contenu\/uploads\/2024\/12\/Plan-de-travail-6-copie-2.png\",\"width\":1801,\"height\":361},{\"@type\":\"BreadcrumbList\",\"@id\":\"https:\/\/www.1055.fr\/besancon\/activites\/salle-de-billards\/#breadcrumb\",\"itemListElement\":[{\"@type\":\"ListItem\",\"position\":1,\"name\":\"Home\",\"item\":\"https:\/\/www.1055.fr\/besancon\/\"},{\"@type\":\"ListItem\",\"position\":2,\"name\":\"Parc Indoor\",\"item\":\"https:\/\/www.1055.fr\/besancon\/activites\/\"},{\"@type\":\"ListItem\",\"position\":3,\"name\":\"Salle de billard\"}]},{\"@type\":\"WebSite\",\"@id\":\"https:\/\/www.1055.fr\/besancon\/#website\",\"url\":\"https:\/\/www.1055.fr\/besancon\/\",\"name\":\"\",\"description\":\"\",\"publisher\":{\"@id\":\"https:\/\/www.1055.fr\/besancon\/#organization\"},\"potentialAction\":[{\"@type\":\"SearchAction\",\"target\":{\"@type\":\"EntryPoint\",\"urlTemplate\":\"https:\/\/www.1055.fr\/besancon\/?s={search_term_string}\"},\"query-input\":{\"@type\":\"PropertyValueSpecification\",\"valueRequired\":true,\"valueName\":\"search_term_string\"}}],\"inLanguage\":\"fr-FR\"},{\"@type\":\"Organization\",\"@id\":\"https:\/\/www.1055.fr\/besancon\/#organization\",\"name\":\"1055 Besan\u00e7on\",\"url\":\"https:\/\/www.1055.fr\/besancon\/\",\"logo\":{\"@type\":\"ImageObject\",\"inLanguage\":\"fr-FR\",\"@id\":\"https:\/\/www.1055.fr\/besancon\/#\/schema\/logo\/image\/\",\"url\":\"https:\/\/www.1055.fr\/besancon\/contenu\/uploads\/2021\/04\/logo-page-2-1.png\",\"contentUrl\":\"https:\/\/www.1055.fr\/besancon\/contenu\/uploads\/2021\/04\/logo-page-2-1.png\",\"width\":120,\"height\":162,\"caption\":\"1055 Besan\u00e7on\"},\"image\":{\"@id\":\"https:\/\/www.1055.fr\/besancon\/#\/schema\/logo\/image\/\"}}]}<\/script>\n<!-- \/ Yoast SEO Premium plugin. -->","yoast_head_json":{"title":"Salle de billard","robots":{"index":"index","follow":"follow","max-snippet":"max-snippet:-1","max-image-preview":"max-image-preview:large","max-video-preview":"max-video-preview:-1"},"canonical":"https:\/\/www.1055.fr\/besancon\/activites\/salle-de-billards\/","og_locale":"fr_FR","og_type":"article","og_title":"Salle de billard","og_description":"D\u00e9couvrez la salle de billard au 10\u00b755 Que vous soyez un joueur d\u00e9butant ou confirm\u00e9, notre salle de billard est &hellip;","og_url":"https:\/\/www.1055.fr\/besancon\/activites\/salle-de-billards\/","article_modified_time":"2024-12-17T14:34:09+00:00","og_image":[{"width":1801,"height":361,"url":"https:\/\/www.1055.fr\/besancon\/contenu\/uploads\/2024\/12\/Plan-de-travail-6-copie-2.png","type":"image\/png"}],"twitter_card":"summary_large_image","twitter_misc":{"Dur\u00e9e de lecture estim\u00e9e":"2 minutes"},"schema":{"@context":"https:\/\/schema.org","@graph":[{"@type":"WebPage","@id":"https:\/\/www.1055.fr\/besancon\/activites\/salle-de-billards\/","url":"https:\/\/www.1055.fr\/besancon\/activites\/salle-de-billards\/","name":"Salle de billard","isPartOf":{"@id":"https:\/\/www.1055.fr\/besancon\/#website"},"primaryImageOfPage":{"@id":"https:\/\/www.1055.fr\/besancon\/activites\/salle-de-billards\/#primaryimage"},"image":{"@id":"https:\/\/www.1055.fr\/besancon\/activites\/salle-de-billards\/#primaryimage"},"thumbnailUrl":"https:\/\/www.1055.fr\/besancon\/contenu\/uploads\/2024\/12\/Plan-de-travail-6-copie-2.png","datePublished":"2022-10-17T10:32:43+00:00","dateModified":"2024-12-17T14:34:09+00:00","breadcrumb":{"@id":"https:\/\/www.1055.fr\/besancon\/activites\/salle-de-billards\/#breadcrumb"},"inLanguage":"fr-FR","potentialAction":[{"@type":"ReadAction","target":["https:\/\/www.1055.fr\/besancon\/activites\/salle-de-billards\/"]}]},{"@type":"ImageObject","inLanguage":"fr-FR","@id":"https:\/\/www.1055.fr\/besancon\/activites\/salle-de-billards\/#primaryimage","url":"https:\/\/www.1055.fr\/besancon\/contenu\/uploads\/2024\/12\/Plan-de-travail-6-copie-2.png","contentUrl":"https:\/\/www.1055.fr\/besancon\/contenu\/uploads\/2024\/12\/Plan-de-travail-6-copie-2.png","width":1801,"height":361},{"@type":"BreadcrumbList","@id":"https:\/\/www.1055.fr\/besancon\/activites\/salle-de-billards\/#breadcrumb","itemListElement":[{"@type":"ListItem","position":1,"name":"Home","item":"https:\/\/www.1055.fr\/besancon\/"},{"@type":"ListItem","position":2,"name":"Parc Indoor","item":"https:\/\/www.1055.fr\/besancon\/activites\/"},{"@type":"ListItem","position":3,"name":"Salle de billard"}]},{"@type":"WebSite","@id":"https:\/\/www.1055.fr\/besancon\/#website","url":"https:\/\/www.1055.fr\/besancon\/","name":"","description":"","publisher":{"@id":"https:\/\/www.1055.fr\/besancon\/#organization"},"potentialAction":[{"@type":"SearchAction","target":{"@type":"EntryPoint","urlTemplate":"https:\/\/www.1055.fr\/besancon\/?s={search_term_string}"},"query-input":{"@type":"PropertyValueSpecification","valueRequired":true,"valueName":"search_term_string"}}],"inLanguage":"fr-FR"},{"@type":"Organization","@id":"https:\/\/www.1055.fr\/besancon\/#organization","name":"1055 Besan\u00e7on","url":"https:\/\/www.1055.fr\/besancon\/","logo":{"@type":"ImageObject","inLanguage":"fr-FR","@id":"https:\/\/www.1055.fr\/besancon\/#\/schema\/logo\/image\/","url":"https:\/\/www.1055.fr\/besancon\/contenu\/uploads\/2021\/04\/logo-page-2-1.png","contentUrl":"https:\/\/www.1055.fr\/besancon\/contenu\/uploads\/2021\/04\/logo-page-2-1.png","width":120,"height":162,"caption":"1055 Besan\u00e7on"},"image":{"@id":"https:\/\/www.1055.fr\/besancon\/#\/schema\/logo\/image\/"}}]}},"_links":{"self":[{"href":"https:\/\/www.1055.fr\/besancon\/wp-json\/wp\/v2\/pages\/1495","targetHints":{"allow":["GET"]}}],"collection":[{"href":"https:\/\/www.1055.fr\/besancon\/wp-json\/wp\/v2\/pages"}],"about":[{"href":"https:\/\/www.1055.fr\/besancon\/wp-json\/wp\/v2\/types\/page"}],"author":[{"embeddable":true,"href":"https:\/\/www.1055.fr\/besancon\/wp-json\/wp\/v2\/users\/10"}],"replies":[{"embeddable":true,"href":"https:\/\/www.1055.fr\/besancon\/wp-json\/wp\/v2\/comments?post=1495"}],"version-history":[{"count":1,"href":"https:\/\/www.1055.fr\/besancon\/wp-json\/wp\/v2\/pages\/1495\/revisions"}],"predecessor-version":[{"id":5260,"href":"https:\/\/www.1055.fr\/besancon\/wp-json\/wp\/v2\/pages\/1495\/revisions\/5260"}],"up":[{"embeddable":true,"href":"https:\/\/www.1055.fr\/besancon\/wp-json\/wp\/v2\/pages\/164"}],"wp:featuredmedia":[{"embeddable":true,"href":"https:\/\/www.1055.fr\/besancon\/wp-json\/wp\/v2\/media\/5828"}],"wp:attachment":[{"href":"https:\/\/www.1055.fr\/besancon\/wp-json\/wp\/v2\/media?parent=1495"}],"curies":[{"name":"wp","href":"https:\/\/api.w.org\/{rel}","templated":true}]}}