{"id":1374,"date":"2022-09-19T22:00:41","date_gmt":"2022-09-19T20:00:41","guid":{"rendered":"https:\/\/www.1055.fr\/besancon\/?page_id=1374"},"modified":"2022-10-05T10:30:39","modified_gmt":"2022-10-05T08:30:39","slug":"nous-recrutons","status":"publish","type":"page","link":"https:\/\/www.1055.fr\/besancon\/nous-recrutons\/","title":{"rendered":"Nous recrutons"},"content":{"rendered":"<h2><span style=\"color: #003366;\">Le groupe 10. 55 recrute pour Besan\u00e7on\/Chalezeule : ouverture automne 2022 !<\/span><\/h2>\n<h1><span style=\"color: #ff6600;\">Nous recrutons<\/span><\/h1>\n<p><img decoding=\"async\" class=\" wp-image-7896 aligncenter\" src=\"https:\/\/www.1055.fr\/chalon\/contenu\/uploads\/2022\/06\/3picto-300x99.jpg\" sizes=\"(max-width: 367px) 100vw, 367px\" srcset=\"https:\/\/www.1055.fr\/chalon\/contenu\/uploads\/2022\/06\/3picto-300x99.jpg 300w, https:\/\/www.1055.fr\/chalon\/contenu\/uploads\/2022\/06\/3picto-24x8.jpg 24w, https:\/\/www.1055.fr\/chalon\/contenu\/uploads\/2022\/06\/3picto-36x12.jpg 36w, https:\/\/www.1055.fr\/chalon\/contenu\/uploads\/2022\/06\/3picto-48x16.jpg 48w, https:\/\/www.1055.fr\/chalon\/contenu\/uploads\/2022\/06\/3picto.jpg 650w\" alt=\"\" width=\"367\" height=\"121\" \/><\/p>\n<h2>P\u00e2tissier\/P\u00e2tissi\u00e8re<\/h2>\n<ul>\n<li>Salaire:<strong> 2 300\u20ac brut \u00e0 2 400\u20ac brut<\/strong><\/li>\n<li>avantages : horaires de journ\u00e9e du mardi au vendredi et samedi matin.<\/li>\n<\/ul>\n<h2>Des cuisiniers\/cuisini\u00e8res \u2013 Exp\u00e9rience requise<\/h2>\n<ul>\n<li>salaire : <strong>2 200\u20ac brut \u00e0 2 400\u20ac\u00a0 brut<\/strong><\/li>\n<li>avantages : <strong>1 week-end\/ mois \u2013 <\/strong>le travail en soir\u00e9e (21h), le travail le week-end et en coup\u00e9 est valoris\u00e9 (primes) \u2013 semaine de 4 jours ou 3 jours possible<\/li>\n<\/ul>\n<h2>Commis de cuisine H\/F \u2013 d\u00e9butantes et d\u00e9butants accept\u00e9s.<\/h2>\n<ul>\n<li>salaire : <strong>1 700\u20ac brut \u00e0 2 000\u20ac brut<\/strong><\/li>\n<li>avantages :\u00a0<strong>1 week-end\/ mois \u2013 <\/strong>le travail (21h) en soir\u00e9e, le travail le week-end et en coup\u00e9 est valoris\u00e9 (primes)<\/li>\n<\/ul>\n<h2>Agents d\u2019accueil<\/h2>\n<ul>\n<li>salaire : <strong>1 700\u20ac brut \u00e0 2 000\u20ac brut<\/strong><\/li>\n<li>avantages :\u00a0 Le travail en soir\u00e9e (21h), le travail le week-end et en coup\u00e9 est valoris\u00e9 (primes)<\/li>\n<\/ul>\n<h2>Chef de salle H\/F \u2013 exp\u00e9rience requise<\/h2>\n<ul>\n<li>Salaire : <strong>2400\u20ac brut \u00e0 2600\u20ac brut<\/strong><\/li>\n<li>avantages :<strong>1 week-end\/ mois \u00e0 organiser chaque trimestre \u2013 <\/strong>le travail en soir\u00e9e (21h), le travail le week-end et en coup\u00e9 est valoris\u00e9 (primes)<\/li>\n<\/ul>\n<h2>ASSISTANT MANAGER \u2013 PARTIE LOISIRS<\/h2>\n<ul>\n<li style=\"list-style-type: none;\">\n<ul>\n<li>Salaire : 2400\u20ac brut<\/li>\n<li>avantages :<\/li>\n<li><strong>1 week-end\/ mois \u00e0 organiser chaque trimestre \u2013 <\/strong>le travail en soir\u00e9e (21h), le travail le week-end et en coup\u00e9 est valoris\u00e9 (primes)<\/li>\n<\/ul>\n<\/li>\n<\/ul>\n<h2>Chef de rang H\/F \u2013 Exp\u00e9rience requise<\/h2>\n<ul>\n<li>salaire : <strong>2 200\u20ac brut \u00e0 2 400\u20ac\u00a0 brut<\/strong><\/li>\n<li>avantages : <strong>1 week-end\/ mois \u2013 <\/strong>le travail en soir\u00e9e (21h), le travail le week-end et en coup\u00e9 est valoris\u00e9 (primes) \u2013 semaine de 4 jours ou 3 jours possible<\/li>\n<\/ul>\n<h2>Barmen et serveurs H\/F\u00a0 \u2013 d\u00e9butantes et d\u00e9butants accept\u00e9s<\/h2>\n<ul>\n<li>salaire : <strong>1 700\u20ac brut et 2 200\u20ac brut<br \/>\n<\/strong><\/li>\n<li>avantages :\u00a0<strong>1 week-end\/ mois \u2013 <\/strong>le travail en soir\u00e9e(21h), le travail le week-end et en coup\u00e9 est valoris\u00e9 (primes)<\/li>\n<\/ul>\n<h2>Les +<\/h2>\n<p>Possibilit\u00e9 d\u2019\u00e9volution au sein de l\u2019entreprise, formation sur place, travail en coup\u00e9, travail le week-end, travail en soir\u00e9e (21h) valoris\u00e9 par des primes.<\/p>\n<p>Le 10. 55 a h\u00e2te de vous accueillir au sein de sa Team pour <strong>une aventure professionnelle<\/strong> unique dans <strong>le Loisirs et la Restauration. <\/strong>Le groupe 10. 55 est une entreprise <strong>avec des valeurs familiales<\/strong>. D\u00e9couvrez nos complexes de Loisirs et de Restauration : les plus grands de l\u2019Est de la France<\/p>\n<p>&nbsp;<\/p>\n<p>Mais aussi<\/p>\n<h2>Agent de maintenance<\/h2>\n<h2>Agent d&rsquo;entretien<\/h2>\n<hr \/>\n<h2>POUR POSTULER<\/h2>\n<h1>E-mail<\/h1>\n<p><a href=\"mailto:recrutement@1055.fr\">recrutement@1055.fr<\/a><\/p>\n<p>Objet : Candidature 10.55 Besan\u00e7on<\/p>\n","protected":false},"excerpt":{"rendered":"<p>Le groupe 10. 55 recrute pour Besan\u00e7on\/Chalezeule : ouverture automne 2022 ! Nous recrutons P\u00e2tissier\/P\u00e2tissi\u00e8re Salaire: 2 300\u20ac brut \u00e0 &hellip;<\/p>\n","protected":false},"author":10,"featured_media":1437,"parent":0,"menu_order":0,"comment_status":"closed","ping_status":"closed","template":"page-activite.php","meta":{"_acf_changed":false,"inline_featured_image":false,"footnotes":""},"class_list":["post-1374","page","type-page","status-publish","has-post-thumbnail","hentry"],"acf":[],"yoast_head":"<!-- This site is optimized with the Yoast SEO Premium plugin v24.7 (Yoast SEO v24.7) - https:\/\/yoast.com\/wordpress\/plugins\/seo\/ -->\n<title>Nous recrutons<\/title>\n<meta name=\"robots\" content=\"index, follow, max-snippet:-1, max-image-preview:large, max-video-preview:-1\" \/>\n<link rel=\"canonical\" href=\"https:\/\/www.1055.fr\/besancon\/nous-recrutons\/\" \/>\n<meta property=\"og:locale\" content=\"fr_FR\" \/>\n<meta property=\"og:type\" content=\"article\" \/>\n<meta property=\"og:title\" content=\"Nous recrutons\" \/>\n<meta property=\"og:description\" content=\"Le groupe 10. 55 recrute pour Besan\u00e7on\/Chalezeule : ouverture automne 2022 ! Nous recrutons P\u00e2tissier\/P\u00e2tissi\u00e8re Salaire: 2 300\u20ac brut \u00e0 &hellip;\" \/>\n<meta property=\"og:url\" content=\"https:\/\/www.1055.fr\/besancon\/nous-recrutons\/\" \/>\n<meta property=\"article:modified_time\" content=\"2022-10-05T08:30:39+00:00\" \/>\n<meta property=\"og:image\" content=\"https:\/\/www.1055.fr\/besancon\/contenu\/uploads\/2022\/10\/Nous-recrutons-fond-uni-jaune-1.jpg\" \/>\n\t<meta property=\"og:image:width\" content=\"1800\" \/>\n\t<meta property=\"og:image:height\" content=\"360\" \/>\n\t<meta property=\"og:image:type\" content=\"image\/jpeg\" \/>\n<meta name=\"twitter:card\" content=\"summary_large_image\" \/>\n<meta name=\"twitter:label1\" content=\"Dur\u00e9e de lecture estim\u00e9e\" \/>\n\t<meta name=\"twitter:data1\" content=\"3 minutes\" \/>\n<script type=\"application\/ld+json\" class=\"yoast-schema-graph\">{\"@context\":\"https:\/\/schema.org\",\"@graph\":[{\"@type\":\"WebPage\",\"@id\":\"https:\/\/www.1055.fr\/besancon\/nous-recrutons\/\",\"url\":\"https:\/\/www.1055.fr\/besancon\/nous-recrutons\/\",\"name\":\"Nous recrutons\",\"isPartOf\":{\"@id\":\"https:\/\/www.1055.fr\/besancon\/#website\"},\"primaryImageOfPage\":{\"@id\":\"https:\/\/www.1055.fr\/besancon\/nous-recrutons\/#primaryimage\"},\"image\":{\"@id\":\"https:\/\/www.1055.fr\/besancon\/nous-recrutons\/#primaryimage\"},\"thumbnailUrl\":\"https:\/\/www.1055.fr\/besancon\/contenu\/uploads\/2022\/10\/Nous-recrutons-fond-uni-jaune-1.jpg\",\"datePublished\":\"2022-09-19T20:00:41+00:00\",\"dateModified\":\"2022-10-05T08:30:39+00:00\",\"breadcrumb\":{\"@id\":\"https:\/\/www.1055.fr\/besancon\/nous-recrutons\/#breadcrumb\"},\"inLanguage\":\"fr-FR\",\"potentialAction\":[{\"@type\":\"ReadAction\",\"target\":[\"https:\/\/www.1055.fr\/besancon\/nous-recrutons\/\"]}]},{\"@type\":\"ImageObject\",\"inLanguage\":\"fr-FR\",\"@id\":\"https:\/\/www.1055.fr\/besancon\/nous-recrutons\/#primaryimage\",\"url\":\"https:\/\/www.1055.fr\/besancon\/contenu\/uploads\/2022\/10\/Nous-recrutons-fond-uni-jaune-1.jpg\",\"contentUrl\":\"https:\/\/www.1055.fr\/besancon\/contenu\/uploads\/2022\/10\/Nous-recrutons-fond-uni-jaune-1.jpg\",\"width\":1800,\"height\":360},{\"@type\":\"BreadcrumbList\",\"@id\":\"https:\/\/www.1055.fr\/besancon\/nous-recrutons\/#breadcrumb\",\"itemListElement\":[{\"@type\":\"ListItem\",\"position\":1,\"name\":\"Home\",\"item\":\"https:\/\/www.1055.fr\/besancon\/\"},{\"@type\":\"ListItem\",\"position\":2,\"name\":\"Nous recrutons\"}]},{\"@type\":\"WebSite\",\"@id\":\"https:\/\/www.1055.fr\/besancon\/#website\",\"url\":\"https:\/\/www.1055.fr\/besancon\/\",\"name\":\"\",\"description\":\"\",\"publisher\":{\"@id\":\"https:\/\/www.1055.fr\/besancon\/#organization\"},\"potentialAction\":[{\"@type\":\"SearchAction\",\"target\":{\"@type\":\"EntryPoint\",\"urlTemplate\":\"https:\/\/www.1055.fr\/besancon\/?s={search_term_string}\"},\"query-input\":{\"@type\":\"PropertyValueSpecification\",\"valueRequired\":true,\"valueName\":\"search_term_string\"}}],\"inLanguage\":\"fr-FR\"},{\"@type\":\"Organization\",\"@id\":\"https:\/\/www.1055.fr\/besancon\/#organization\",\"name\":\"1055 Besan\u00e7on\",\"url\":\"https:\/\/www.1055.fr\/besancon\/\",\"logo\":{\"@type\":\"ImageObject\",\"inLanguage\":\"fr-FR\",\"@id\":\"https:\/\/www.1055.fr\/besancon\/#\/schema\/logo\/image\/\",\"url\":\"https:\/\/www.1055.fr\/besancon\/contenu\/uploads\/2021\/04\/logo-page-2-1.png\",\"contentUrl\":\"https:\/\/www.1055.fr\/besancon\/contenu\/uploads\/2021\/04\/logo-page-2-1.png\",\"width\":120,\"height\":162,\"caption\":\"1055 Besan\u00e7on\"},\"image\":{\"@id\":\"https:\/\/www.1055.fr\/besancon\/#\/schema\/logo\/image\/\"}}]}<\/script>\n<!-- \/ Yoast SEO Premium plugin. -->","yoast_head_json":{"title":"Nous recrutons","robots":{"index":"index","follow":"follow","max-snippet":"max-snippet:-1","max-image-preview":"max-image-preview:large","max-video-preview":"max-video-preview:-1"},"canonical":"https:\/\/www.1055.fr\/besancon\/nous-recrutons\/","og_locale":"fr_FR","og_type":"article","og_title":"Nous recrutons","og_description":"Le groupe 10. 55 recrute pour Besan\u00e7on\/Chalezeule : ouverture automne 2022 ! Nous recrutons P\u00e2tissier\/P\u00e2tissi\u00e8re Salaire: 2 300\u20ac brut \u00e0 &hellip;","og_url":"https:\/\/www.1055.fr\/besancon\/nous-recrutons\/","article_modified_time":"2022-10-05T08:30:39+00:00","og_image":[{"width":1800,"height":360,"url":"https:\/\/www.1055.fr\/besancon\/contenu\/uploads\/2022\/10\/Nous-recrutons-fond-uni-jaune-1.jpg","type":"image\/jpeg"}],"twitter_card":"summary_large_image","twitter_misc":{"Dur\u00e9e de lecture estim\u00e9e":"3 minutes"},"schema":{"@context":"https:\/\/schema.org","@graph":[{"@type":"WebPage","@id":"https:\/\/www.1055.fr\/besancon\/nous-recrutons\/","url":"https:\/\/www.1055.fr\/besancon\/nous-recrutons\/","name":"Nous recrutons","isPartOf":{"@id":"https:\/\/www.1055.fr\/besancon\/#website"},"primaryImageOfPage":{"@id":"https:\/\/www.1055.fr\/besancon\/nous-recrutons\/#primaryimage"},"image":{"@id":"https:\/\/www.1055.fr\/besancon\/nous-recrutons\/#primaryimage"},"thumbnailUrl":"https:\/\/www.1055.fr\/besancon\/contenu\/uploads\/2022\/10\/Nous-recrutons-fond-uni-jaune-1.jpg","datePublished":"2022-09-19T20:00:41+00:00","dateModified":"2022-10-05T08:30:39+00:00","breadcrumb":{"@id":"https:\/\/www.1055.fr\/besancon\/nous-recrutons\/#breadcrumb"},"inLanguage":"fr-FR","potentialAction":[{"@type":"ReadAction","target":["https:\/\/www.1055.fr\/besancon\/nous-recrutons\/"]}]},{"@type":"ImageObject","inLanguage":"fr-FR","@id":"https:\/\/www.1055.fr\/besancon\/nous-recrutons\/#primaryimage","url":"https:\/\/www.1055.fr\/besancon\/contenu\/uploads\/2022\/10\/Nous-recrutons-fond-uni-jaune-1.jpg","contentUrl":"https:\/\/www.1055.fr\/besancon\/contenu\/uploads\/2022\/10\/Nous-recrutons-fond-uni-jaune-1.jpg","width":1800,"height":360},{"@type":"BreadcrumbList","@id":"https:\/\/www.1055.fr\/besancon\/nous-recrutons\/#breadcrumb","itemListElement":[{"@type":"ListItem","position":1,"name":"Home","item":"https:\/\/www.1055.fr\/besancon\/"},{"@type":"ListItem","position":2,"name":"Nous recrutons"}]},{"@type":"WebSite","@id":"https:\/\/www.1055.fr\/besancon\/#website","url":"https:\/\/www.1055.fr\/besancon\/","name":"","description":"","publisher":{"@id":"https:\/\/www.1055.fr\/besancon\/#organization"},"potentialAction":[{"@type":"SearchAction","target":{"@type":"EntryPoint","urlTemplate":"https:\/\/www.1055.fr\/besancon\/?s={search_term_string}"},"query-input":{"@type":"PropertyValueSpecification","valueRequired":true,"valueName":"search_term_string"}}],"inLanguage":"fr-FR"},{"@type":"Organization","@id":"https:\/\/www.1055.fr\/besancon\/#organization","name":"1055 Besan\u00e7on","url":"https:\/\/www.1055.fr\/besancon\/","logo":{"@type":"ImageObject","inLanguage":"fr-FR","@id":"https:\/\/www.1055.fr\/besancon\/#\/schema\/logo\/image\/","url":"https:\/\/www.1055.fr\/besancon\/contenu\/uploads\/2021\/04\/logo-page-2-1.png","contentUrl":"https:\/\/www.1055.fr\/besancon\/contenu\/uploads\/2021\/04\/logo-page-2-1.png","width":120,"height":162,"caption":"1055 Besan\u00e7on"},"image":{"@id":"https:\/\/www.1055.fr\/besancon\/#\/schema\/logo\/image\/"}}]}},"_links":{"self":[{"href":"https:\/\/www.1055.fr\/besancon\/wp-json\/wp\/v2\/pages\/1374","targetHints":{"allow":["GET"]}}],"collection":[{"href":"https:\/\/www.1055.fr\/besancon\/wp-json\/wp\/v2\/pages"}],"about":[{"href":"https:\/\/www.1055.fr\/besancon\/wp-json\/wp\/v2\/types\/page"}],"author":[{"embeddable":true,"href":"https:\/\/www.1055.fr\/besancon\/wp-json\/wp\/v2\/users\/10"}],"replies":[{"embeddable":true,"href":"https:\/\/www.1055.fr\/besancon\/wp-json\/wp\/v2\/comments?post=1374"}],"version-history":[{"count":3,"href":"https:\/\/www.1055.fr\/besancon\/wp-json\/wp\/v2\/pages\/1374\/revisions"}],"predecessor-version":[{"id":1436,"href":"https:\/\/www.1055.fr\/besancon\/wp-json\/wp\/v2\/pages\/1374\/revisions\/1436"}],"wp:featuredmedia":[{"embeddable":true,"href":"https:\/\/www.1055.fr\/besancon\/wp-json\/wp\/v2\/media\/1437"}],"wp:attachment":[{"href":"https:\/\/www.1055.fr\/besancon\/wp-json\/wp\/v2\/media?parent=1374"}],"curies":[{"name":"wp","href":"https:\/\/api.w.org\/{rel}","templated":true}]}}