{"id":9784,"date":"2024-03-25T13:45:24","date_gmt":"2024-03-25T12:45:24","guid":{"rendered":"https:\/\/www.1055.fr\/chalon\/?page_id=9784"},"modified":"2025-12-03T13:44:26","modified_gmt":"2025-12-03T12:44:26","slug":"karaoke-a-belfort","status":"publish","type":"page","link":"https:\/\/www.1055.fr\/belfort\/activites\/karaoke-a-belfort\/","title":{"rendered":"Karaok\u00e9"},"content":{"rendered":"\n<h2 class=\"wp-block-heading\">Deux salles de karaok\u00e9s \u00e0 Belfort pour des soir\u00e9es endiabl\u00e9es au 10\u00b755 de Belfort\/Bessoncourt<\/h2>\n\n\n\n<figure class=\"wp-block-embed is-type-video is-provider-youtube wp-block-embed-youtube wp-embed-aspect-16-9 wp-has-aspect-ratio\"><div class=\"wp-block-embed__wrapper\">\n<iframe loading=\"lazy\" title=\"Karaok\u00e9 au 10\u00b755\" width=\"443\" height=\"788\" src=\"https:\/\/www.youtube.com\/embed\/ZmfLLB-W7Uw?feature=oembed\" frameborder=\"0\" allow=\"accelerometer; autoplay; clipboard-write; encrypted-media; gyroscope; picture-in-picture; web-share\" referrerpolicy=\"strict-origin-when-cross-origin\" allowfullscreen><\/iframe>\n<\/div><\/figure>\n\n\n\n<p><strong>Bienvenue au 10.55 de Belfort Bessoncourt<\/strong>, votre destination pour une bonne dose de fun \u00e0 Belfort ! Plongez dans l&rsquo;univers captivant du <strong>karaok\u00e9<\/strong>, une activit\u00e9 originale \u00e0 venir tester absolument : Que vous soyez un amateur de musique ou un passionn\u00e9 de chant, notre karaok\u00e9 saura vous conqu\u00e9rir et vous faire passer un moment dr\u00f4le et convivial !<\/p>\n\n\n\n<h3 class=\"wp-block-heading\">Transformez-vous en star de la sc\u00e8ne ! <\/h3>\n\n\n\n<p><strong>Vous pouvez vous retrouver de 3 \u00e0 6 joueurs par salle<\/strong> pour une session de karaok\u00e9 entre amis ou coll\u00e8gues, ou encore en famille ! Que vous souhaitiez d\u00e9voiler vos talents vocaux ou simplement passer un bon moment avec vos proches, nos installations modernes et confortables sont con\u00e7ues pour r\u00e9pondre \u00e0 tous vos besoins.<strong> Plongez dans 45 minutes de musique et chantez vos chansons pr\u00e9f\u00e9r\u00e9es \u00e0 l&rsquo;abri des regards indiscrets pour les plus timides d&rsquo;entre-vous !<\/strong> Devenez une star au 10\u00b755 de Belfort Bessoncourt <\/p>\n\n\n\n<h3 class=\"wp-block-heading\">Karaok\u00e9 \u00e0 Belfort : Parfait pour le Team Building en entreprise<\/h3>\n\n\n\n<p>Le karaok\u00e9 n&rsquo;est pas seulement une activit\u00e9 divertissante, c&rsquo;<strong>est \u00e9galement un excellent moyen de renforcer les liens au sein de votre \u00e9quipe<\/strong>. Ajoutez une touche de comp\u00e9tition amicale ou encouragez la collaboration \u00e0 travers les chansons les plus c\u00e9l\u00e8bres. Quoi de mieux pour cr\u00e9er des souvenirs m\u00e9morables et consolider les relations professionnelles ? Rendez-vous dans notre Karaok\u00e9 \u00e0 Bessoncourt, \u00e0 2 pas de Belfort ! <\/p>\n\n\n<div class=\"wp-block-image\">\n<figure class=\"aligncenter size-large is-resized\"><img decoding=\"async\" src=\"https:\/\/www.1055.fr\/chalon\/contenu\/uploads\/2024\/04\/KARAOKE-1-1024x683.jpg\" alt=\"Karaok\u00e9 \u00e0 Belfort Bessoncourt\" class=\"wp-image-9904\" style=\"width:522px;height:348px\"\/><\/figure>\n<\/div>\n\n\n<h3 class=\"wp-block-heading\">Une Pause Gourmande \u00e0 La Brasserie du 10.55<\/h3>\n\n\n\n<p>Apr\u00e8s une s\u00e9ance de karaok\u00e9 endiabl\u00e9e ou une journ\u00e9e remplie d&rsquo;aventures, rechargez vos batteries \u00e0 <a href=\"https:\/\/www.labrasserie-1055.fr\/\">La Brasserie du 10.55<\/a>. D\u00e9gustez des plats savoureux et des bi\u00e8res artisanales made in 10.55 dans un cadre convivial et chaleureux. Et pourquoi ne pas prolonger le plaisir avec une session karaok\u00e9 entre amis ou coll\u00e8gues pour cl\u00f4turer en beaut\u00e9 votre repas ?<\/p>\n\n\n\n<hr class=\"wp-block-separator has-alpha-channel-opacity\"\/>\n\n\n\n<div class=\"wp-block-columns is-not-stacked-on-mobile is-layout-flex wp-container-core-columns-is-layout-9d6595d7 wp-block-columns-is-layout-flex\">\n<div class=\"wp-block-column is-layout-flow wp-block-column-is-layout-flow\">\n<h4 class=\"wp-block-heading\"><a href=\"https:\/\/www.labrasserie-1055.fr\/\">\u2197 La Brasserie <\/a><\/h4>\n\n\n\n<p>D\u00e9couvrez la Brasserie du 10\u00b755, unique &amp; moderne <\/p>\n\n\n\n<figure class=\"wp-block-image size-full\"><img loading=\"lazy\" decoding=\"async\" width=\"900\" height=\"160\" src=\"https:\/\/www.1055.fr\/belfort\/contenu\/uploads\/2025\/06\/BRASSERIE_DU_10_55-PetiteBannie\u00a6Cre-complexe-de-loisirs.jpg\" alt=\"\" class=\"wp-image-10322\" srcset=\"https:\/\/www.1055.fr\/belfort\/contenu\/uploads\/2025\/06\/BRASSERIE_DU_10_55-PetiteBannie\u00a6Cre-complexe-de-loisirs.jpg 900w, https:\/\/www.1055.fr\/belfort\/contenu\/uploads\/2025\/06\/BRASSERIE_DU_10_55-PetiteBannie\u00a6Cre-complexe-de-loisirs-300x53.jpg 300w, https:\/\/www.1055.fr\/belfort\/contenu\/uploads\/2025\/06\/BRASSERIE_DU_10_55-PetiteBannie\u00a6Cre-complexe-de-loisirs-768x137.jpg 768w, https:\/\/www.1055.fr\/belfort\/contenu\/uploads\/2025\/06\/BRASSERIE_DU_10_55-PetiteBannie\u00a6Cre-complexe-de-loisirs-24x4.jpg 24w, https:\/\/www.1055.fr\/belfort\/contenu\/uploads\/2025\/06\/BRASSERIE_DU_10_55-PetiteBannie\u00a6Cre-complexe-de-loisirs-36x6.jpg 36w, https:\/\/www.1055.fr\/belfort\/contenu\/uploads\/2025\/06\/BRASSERIE_DU_10_55-PetiteBannie\u00a6Cre-complexe-de-loisirs-48x9.jpg 48w\" sizes=\"auto, (max-width: 767px) 89vw, (max-width: 1000px) 54vw, (max-width: 1071px) 543px, 580px\" \/><\/figure>\n<\/div>\n\n\n\n<div class=\"wp-block-column is-layout-flow wp-block-column-is-layout-flow\">\n<h4 class=\"wp-block-heading\">\u2197 La carte 10\u00b755 <\/h4>\n\n\n\n<p>Maitriser votre budget gr\u00e2ce \u00e0 la carte du 10\u00b755<\/p>\n\n\n\n<figure class=\"wp-block-image size-full\"><img loading=\"lazy\" decoding=\"async\" width=\"900\" height=\"160\" src=\"https:\/\/www.1055.fr\/belfort\/contenu\/uploads\/2025\/06\/CARTE-10-55-petite-banniere-900x160-1.jpg\" alt=\"\" class=\"wp-image-10276\" srcset=\"https:\/\/www.1055.fr\/belfort\/contenu\/uploads\/2025\/06\/CARTE-10-55-petite-banniere-900x160-1.jpg 900w, https:\/\/www.1055.fr\/belfort\/contenu\/uploads\/2025\/06\/CARTE-10-55-petite-banniere-900x160-1-300x53.jpg 300w, https:\/\/www.1055.fr\/belfort\/contenu\/uploads\/2025\/06\/CARTE-10-55-petite-banniere-900x160-1-768x137.jpg 768w, https:\/\/www.1055.fr\/belfort\/contenu\/uploads\/2025\/06\/CARTE-10-55-petite-banniere-900x160-1-24x4.jpg 24w, https:\/\/www.1055.fr\/belfort\/contenu\/uploads\/2025\/06\/CARTE-10-55-petite-banniere-900x160-1-36x6.jpg 36w, https:\/\/www.1055.fr\/belfort\/contenu\/uploads\/2025\/06\/CARTE-10-55-petite-banniere-900x160-1-48x9.jpg 48w\" sizes=\"auto, (max-width: 767px) 89vw, (max-width: 1000px) 54vw, (max-width: 1071px) 543px, 580px\" \/><\/figure>\n<\/div>\n<\/div>\n\n\n\n<p><\/p>\n","protected":false},"excerpt":{"rendered":"<p>Le Karaok\u00e9 est une activit\u00e9 trop dr\u00f4le \u00e0 tester entre potes, en famille ou \u00e0 l&rsquo;occasion d&rsquo;un Team Building !<\/p>\n","protected":false},"author":10,"featured_media":10326,"parent":221,"menu_order":0,"comment_status":"closed","ping_status":"closed","template":"page-activite.php","meta":{"_acf_changed":false,"footnotes":""},"class_list":["post-9784","page","type-page","status-publish","has-post-thumbnail","hentry"],"acf":[],"yoast_head":"<!-- This site is optimized with the Yoast SEO plugin v25.4 - https:\/\/yoast.com\/wordpress\/plugins\/seo\/ -->\n<title>Karaok\u00e9 \u00e0 Belfort | Le 10\u00b755<\/title>\n<meta name=\"description\" content=\"Chantez vos titres pr\u00e9f\u00e9r\u00e9s dans nos salles karaok\u00e9 \u00e0 Belfort. Ambiance festive, playlist vari\u00e9e et bar lounge pour une soir\u00e9e r\u00e9ussie !\" \/>\n<meta name=\"robots\" content=\"index, follow, max-snippet:-1, max-image-preview:large, max-video-preview:-1\" \/>\n<link rel=\"canonical\" href=\"https:\/\/www.1055.fr\/belfort\/activites\/karaoke-a-belfort\/\" \/>\n<meta property=\"og:locale\" content=\"fr_FR\" \/>\n<meta property=\"og:type\" content=\"article\" \/>\n<meta property=\"og:title\" content=\"Karaok\u00e9 \u00e0 Belfort | Le 10\u00b755\" \/>\n<meta property=\"og:description\" content=\"Chantez vos titres pr\u00e9f\u00e9r\u00e9s dans nos salles karaok\u00e9 \u00e0 Belfort. Ambiance festive, playlist vari\u00e9e et bar lounge pour une soir\u00e9e r\u00e9ussie !\" \/>\n<meta property=\"og:url\" content=\"https:\/\/www.1055.fr\/belfort\/activites\/karaoke-a-belfort\/\" \/>\n<meta property=\"og:site_name\" content=\"1055 Belfort\" \/>\n<meta property=\"article:modified_time\" content=\"2025-12-03T12:44:26+00:00\" \/>\n<meta property=\"og:image\" content=\"https:\/\/www.1055.fr\/belfort\/contenu\/uploads\/2025\/06\/banniere-Karaoke.png\" \/>\n\t<meta property=\"og:image:width\" content=\"1801\" \/>\n\t<meta property=\"og:image:height\" content=\"361\" \/>\n\t<meta property=\"og:image:type\" content=\"image\/png\" \/>\n<meta name=\"twitter:card\" content=\"summary_large_image\" \/>\n<meta name=\"twitter:label1\" content=\"Dur\u00e9e de lecture estim\u00e9e\" \/>\n\t<meta name=\"twitter:data1\" content=\"3 minutes\" \/>\n<script type=\"application\/ld+json\" class=\"yoast-schema-graph\">{\"@context\":\"https:\/\/schema.org\",\"@graph\":[{\"@type\":\"WebPage\",\"@id\":\"https:\/\/www.1055.fr\/belfort\/activites\/karaoke-a-belfort\/\",\"url\":\"https:\/\/www.1055.fr\/belfort\/activites\/karaoke-a-belfort\/\",\"name\":\"Karaok\u00e9 \u00e0 Belfort | Le 10\u00b755\",\"isPartOf\":{\"@id\":\"https:\/\/www.1055.fr\/belfort\/#website\"},\"primaryImageOfPage\":{\"@id\":\"https:\/\/www.1055.fr\/belfort\/activites\/karaoke-a-belfort\/#primaryimage\"},\"image\":{\"@id\":\"https:\/\/www.1055.fr\/belfort\/activites\/karaoke-a-belfort\/#primaryimage\"},\"thumbnailUrl\":\"https:\/\/www.1055.fr\/belfort\/contenu\/uploads\/2025\/06\/banniere-Karaoke.png\",\"datePublished\":\"2024-03-25T12:45:24+00:00\",\"dateModified\":\"2025-12-03T12:44:26+00:00\",\"description\":\"Chantez vos titres pr\u00e9f\u00e9r\u00e9s dans nos salles karaok\u00e9 \u00e0 Belfort. Ambiance festive, playlist vari\u00e9e et bar lounge pour une soir\u00e9e r\u00e9ussie !\",\"breadcrumb\":{\"@id\":\"https:\/\/www.1055.fr\/belfort\/activites\/karaoke-a-belfort\/#breadcrumb\"},\"inLanguage\":\"fr-FR\",\"potentialAction\":[{\"@type\":\"ReadAction\",\"target\":[\"https:\/\/www.1055.fr\/belfort\/activites\/karaoke-a-belfort\/\"]}]},{\"@type\":\"ImageObject\",\"inLanguage\":\"fr-FR\",\"@id\":\"https:\/\/www.1055.fr\/belfort\/activites\/karaoke-a-belfort\/#primaryimage\",\"url\":\"https:\/\/www.1055.fr\/belfort\/contenu\/uploads\/2025\/06\/banniere-Karaoke.png\",\"contentUrl\":\"https:\/\/www.1055.fr\/belfort\/contenu\/uploads\/2025\/06\/banniere-Karaoke.png\",\"width\":1801,\"height\":361},{\"@type\":\"BreadcrumbList\",\"@id\":\"https:\/\/www.1055.fr\/belfort\/activites\/karaoke-a-belfort\/#breadcrumb\",\"itemListElement\":[{\"@type\":\"ListItem\",\"position\":1,\"name\":\"Home\",\"item\":\"https:\/\/www.1055.fr\/belfort\/\"},{\"@type\":\"ListItem\",\"position\":2,\"name\":\"Activit\u00e9s\",\"item\":\"https:\/\/www.1055.fr\/belfort\/activites\/\"},{\"@type\":\"ListItem\",\"position\":3,\"name\":\"Karaok\u00e9\"}]},{\"@type\":\"WebSite\",\"@id\":\"https:\/\/www.1055.fr\/belfort\/#website\",\"url\":\"https:\/\/www.1055.fr\/belfort\/\",\"name\":\"1055 Belfort\",\"description\":\"\",\"potentialAction\":[{\"@type\":\"SearchAction\",\"target\":{\"@type\":\"EntryPoint\",\"urlTemplate\":\"https:\/\/www.1055.fr\/belfort\/?s={search_term_string}\"},\"query-input\":{\"@type\":\"PropertyValueSpecification\",\"valueRequired\":true,\"valueName\":\"search_term_string\"}}],\"inLanguage\":\"fr-FR\"}]}<\/script>\n<!-- \/ Yoast SEO plugin. -->","yoast_head_json":{"title":"Karaok\u00e9 \u00e0 Belfort | Le 10\u00b755","description":"Chantez vos titres pr\u00e9f\u00e9r\u00e9s dans nos salles karaok\u00e9 \u00e0 Belfort. Ambiance festive, playlist vari\u00e9e et bar lounge pour une soir\u00e9e r\u00e9ussie !","robots":{"index":"index","follow":"follow","max-snippet":"max-snippet:-1","max-image-preview":"max-image-preview:large","max-video-preview":"max-video-preview:-1"},"canonical":"https:\/\/www.1055.fr\/belfort\/activites\/karaoke-a-belfort\/","og_locale":"fr_FR","og_type":"article","og_title":"Karaok\u00e9 \u00e0 Belfort | Le 10\u00b755","og_description":"Chantez vos titres pr\u00e9f\u00e9r\u00e9s dans nos salles karaok\u00e9 \u00e0 Belfort. Ambiance festive, playlist vari\u00e9e et bar lounge pour une soir\u00e9e r\u00e9ussie !","og_url":"https:\/\/www.1055.fr\/belfort\/activites\/karaoke-a-belfort\/","og_site_name":"1055 Belfort","article_modified_time":"2025-12-03T12:44:26+00:00","og_image":[{"width":1801,"height":361,"url":"https:\/\/www.1055.fr\/belfort\/contenu\/uploads\/2025\/06\/banniere-Karaoke.png","type":"image\/png"}],"twitter_card":"summary_large_image","twitter_misc":{"Dur\u00e9e de lecture estim\u00e9e":"3 minutes"},"schema":{"@context":"https:\/\/schema.org","@graph":[{"@type":"WebPage","@id":"https:\/\/www.1055.fr\/belfort\/activites\/karaoke-a-belfort\/","url":"https:\/\/www.1055.fr\/belfort\/activites\/karaoke-a-belfort\/","name":"Karaok\u00e9 \u00e0 Belfort | Le 10\u00b755","isPartOf":{"@id":"https:\/\/www.1055.fr\/belfort\/#website"},"primaryImageOfPage":{"@id":"https:\/\/www.1055.fr\/belfort\/activites\/karaoke-a-belfort\/#primaryimage"},"image":{"@id":"https:\/\/www.1055.fr\/belfort\/activites\/karaoke-a-belfort\/#primaryimage"},"thumbnailUrl":"https:\/\/www.1055.fr\/belfort\/contenu\/uploads\/2025\/06\/banniere-Karaoke.png","datePublished":"2024-03-25T12:45:24+00:00","dateModified":"2025-12-03T12:44:26+00:00","description":"Chantez vos titres pr\u00e9f\u00e9r\u00e9s dans nos salles karaok\u00e9 \u00e0 Belfort. Ambiance festive, playlist vari\u00e9e et bar lounge pour une soir\u00e9e r\u00e9ussie !","breadcrumb":{"@id":"https:\/\/www.1055.fr\/belfort\/activites\/karaoke-a-belfort\/#breadcrumb"},"inLanguage":"fr-FR","potentialAction":[{"@type":"ReadAction","target":["https:\/\/www.1055.fr\/belfort\/activites\/karaoke-a-belfort\/"]}]},{"@type":"ImageObject","inLanguage":"fr-FR","@id":"https:\/\/www.1055.fr\/belfort\/activites\/karaoke-a-belfort\/#primaryimage","url":"https:\/\/www.1055.fr\/belfort\/contenu\/uploads\/2025\/06\/banniere-Karaoke.png","contentUrl":"https:\/\/www.1055.fr\/belfort\/contenu\/uploads\/2025\/06\/banniere-Karaoke.png","width":1801,"height":361},{"@type":"BreadcrumbList","@id":"https:\/\/www.1055.fr\/belfort\/activites\/karaoke-a-belfort\/#breadcrumb","itemListElement":[{"@type":"ListItem","position":1,"name":"Home","item":"https:\/\/www.1055.fr\/belfort\/"},{"@type":"ListItem","position":2,"name":"Activit\u00e9s","item":"https:\/\/www.1055.fr\/belfort\/activites\/"},{"@type":"ListItem","position":3,"name":"Karaok\u00e9"}]},{"@type":"WebSite","@id":"https:\/\/www.1055.fr\/belfort\/#website","url":"https:\/\/www.1055.fr\/belfort\/","name":"1055 Belfort","description":"","potentialAction":[{"@type":"SearchAction","target":{"@type":"EntryPoint","urlTemplate":"https:\/\/www.1055.fr\/belfort\/?s={search_term_string}"},"query-input":{"@type":"PropertyValueSpecification","valueRequired":true,"valueName":"search_term_string"}}],"inLanguage":"fr-FR"}]}},"_links":{"self":[{"href":"https:\/\/www.1055.fr\/belfort\/wp-json\/wp\/v2\/pages\/9784","targetHints":{"allow":["GET"]}}],"collection":[{"href":"https:\/\/www.1055.fr\/belfort\/wp-json\/wp\/v2\/pages"}],"about":[{"href":"https:\/\/www.1055.fr\/belfort\/wp-json\/wp\/v2\/types\/page"}],"author":[{"embeddable":true,"href":"https:\/\/www.1055.fr\/belfort\/wp-json\/wp\/v2\/users\/10"}],"replies":[{"embeddable":true,"href":"https:\/\/www.1055.fr\/belfort\/wp-json\/wp\/v2\/comments?post=9784"}],"version-history":[{"count":2,"href":"https:\/\/www.1055.fr\/belfort\/wp-json\/wp\/v2\/pages\/9784\/revisions"}],"predecessor-version":[{"id":10745,"href":"https:\/\/www.1055.fr\/belfort\/wp-json\/wp\/v2\/pages\/9784\/revisions\/10745"}],"up":[{"embeddable":true,"href":"https:\/\/www.1055.fr\/belfort\/wp-json\/wp\/v2\/pages\/221"}],"wp:featuredmedia":[{"embeddable":true,"href":"https:\/\/www.1055.fr\/belfort\/wp-json\/wp\/v2\/media\/10326"}],"wp:attachment":[{"href":"https:\/\/www.1055.fr\/belfort\/wp-json\/wp\/v2\/media?parent=9784"}],"curies":[{"name":"wp","href":"https:\/\/api.w.org\/{rel}","templated":true}]}}