{"id":6676,"date":"2021-08-11T11:51:34","date_gmt":"2021-08-11T09:51:34","guid":{"rendered":"https:\/\/www.1055.fr\/chalon\/?page_id=6676"},"modified":"2021-08-11T11:51:34","modified_gmt":"2021-08-11T09:51:34","slug":"septembre-en-folie","status":"publish","type":"page","link":"https:\/\/www.1055.fr\/belfort\/septembre-en-folie\/","title":{"rendered":"SEPTEMBRE EN FOLIE"},"content":{"rendered":"<h2><span style=\"color: #ff0000;\"><strong>10 55 SEPTEMBRE EN FOLIE \u2013 DES PRIX MINIS ET DES SURPRISES !<\/strong><\/span><\/h2>\n<h2><span style=\"color: #000080;\"><strong>Le Pass illimit\u00e9 \u00e0 19.90\u20ac le week-end, des prix minis en semaine, et une soir\u00e9e sp\u00e9ciale chaque vendredis !<\/strong><\/span><\/h2>\n<p><strong>\u00a0<\/strong>\u00c7a y\u2019est \u2026 C\u2019est la rentr\u00e9e ! Pas de panique, rentr\u00e9e ne rime pas forc\u00e9ment avec morosit\u00e9 ! Apr\u00e8s une bonne semaine de boulot, viens te d\u00e9fouler, t\u2019amuser et te d\u00e9tendre au 10 55 gr\u00e2ce \u00e0 notre\u00a0<strong>mois de septembre en folie !<\/strong><\/p>\n<p><span style=\"color: #ff0000;\"><strong>Tous les week-end, le Pass illimit\u00e9 \u00e0 19.90\u20ac !<\/strong><\/span><\/p>\n<p>Le week-end, c\u2019est sacr\u00e9 !\u00a0<strong>Les samedis et dimanches de septembre, notre\u00a0<a href=\"https:\/\/www.1055.fr\/chalon\/offre-pass\/\">Pass illimit\u00e9*<\/a>\u00a0est \u00e0 19.90\u20ac<\/strong>\u00a0au lieu de 29.90\u20ac ! Profites-en pour te faire une super journ\u00e9e en famille, entre amis, ou m\u00eame seul pour t\u2019amuser et oublier le boulot !<br \/>\n<em>*Hors VR et Escape Game<br \/>\n<\/em><\/p>\n<p><img loading=\"lazy\" decoding=\"async\" class=\"alignnone size-medium wp-image-5130\" src=\"https:\/\/www.1055.fr\/chalon\/contenu\/uploads\/2020\/06\/fetepetitsite-300x60.png\" alt=\"\" width=\"300\" height=\"60\" \/><\/p>\n<p><span style=\"color: #ff0000;\"><strong>Le mardi : bowling plaisir ! (\u00e0 partir de 19h)<\/strong><\/span><\/p>\n<p>Quoi de mieux qu\u2019un<a href=\"https:\/\/www.1055.fr\/chalon\/activites\/espace-loisirs-1055-bowling-chalon\/\">\u00a0bowling<\/a>\u00a0pour occuper sa soir\u00e9e tranquillement ? Le mardi,\u00a0<strong>la location de chaussures est offerte, et les parties sont \u00e0 2\u20ac \u00e0 partir de la deuxi\u00e8me partie !<br \/>\n<\/strong><\/p>\n<p><img loading=\"lazy\" decoding=\"async\" class=\"alignnone size-medium wp-image-511\" src=\"https:\/\/www.1055.fr\/chalon\/contenu\/uploads\/2018\/09\/Fotolia_108005309_Subscription_Monthly_M-e1536151002809-300x60.jpg\" alt=\"\" width=\"300\" height=\"60\" \/><\/p>\n<p><span style=\"color: #ff0000;\"><strong>Le mercredi, le Pass illimit\u00e9 encore \u00e0 19.90\u20ac !<\/strong><\/span><\/p>\n<p>Mais le mercredi, faut pas d\u00e9conner, il y a une petite condition ! Il faut avoir\u00a0<strong>l\u2019appli du 10 55 <\/strong>pour acc\u00e9der au<strong>\u00a0Pass illimit\u00e9* \u00e0 19.90\u20ac<\/strong>\u00a0au lieu de 29.90\u20ac !<br \/>\n<em>*Hors VR et Escape Game<br \/>\n<\/em><\/p>\n<p><img loading=\"lazy\" decoding=\"async\" class=\"alignnone size-medium wp-image-1507\" src=\"https:\/\/www.1055.fr\/chalon\/contenu\/uploads\/2019\/03\/bandeau900x160px-300x53.jpg\" alt=\"\" width=\"300\" height=\"53\" \/><\/p>\n<p><span style=\"color: #ff0000;\"><strong>Le jeudi, demi-tarifs ! (\u00e0 partir de 19h)<\/strong><\/span><\/p>\n<p>Tous les jeudis, c\u2019est<strong>\u00a0demi-tarifs<\/strong>\u00a0au\u00a0<a href=\"https:\/\/www.1055.fr\/chalon\/activites\/espace-loisirs-1055-bowling-chalon\/\">bowling<\/a>,\u00a0<a href=\"https:\/\/www.1055.fr\/chalon\/activites\/laser-game-chalon\/\">Laser Game<\/a>,\u00a0<a href=\"https:\/\/www.1055.fr\/chalon\/activites\/trampoline-park-espace-loisirs-1055-chalon\/\">Trampoline park<\/a>, et\u00a0<a href=\"https:\/\/www.1055.fr\/chalon\/activites\/kid-park-geant-anniversaire-enfant-chalon\/\">Kid Park<\/a>\u00a0!*<br \/>\n<em>*Offre valable sur les parties \u00e0 l\u2019unit\u00e9<\/em><\/p>\n<p><img loading=\"lazy\" decoding=\"async\" class=\"alignnone size-medium wp-image-525\" src=\"https:\/\/www.1055.fr\/chalon\/contenu\/uploads\/2018\/09\/2047_463642910368737_1526871681_n-e1536155155587-300x60.jpg\" alt=\"\" width=\"300\" height=\"60\" \/><\/p>\n<p><span style=\"color: #ff0000;\"><strong>Le vendredi, menu sp\u00e9cial !<\/strong><\/span><\/p>\n<p>Tous les vendredis soirs de septembre, une soir\u00e9e sp\u00e9ciale et<strong>\u00a0un super menu \u00e0 29.90\u20ac avec la partie de bowling offerte<\/strong> ! Notre cheffe \u00e9labore un nouveau menu chaque vendredi pour le plaisir de vos papilles !<\/p>\n<p><a href=\"https:\/\/www.1055.fr\/chalon\/reservez-votre-table\/\"><img loading=\"lazy\" decoding=\"async\" class=\"alignnone size-medium wp-image-6273\" src=\"https:\/\/www.1055.fr\/chalon\/contenu\/uploads\/2021\/05\/petitebannieretest-300x53.jpg\" alt=\"\" width=\"300\" height=\"53\" \/><\/a><\/p>\n<p>\u263b Pour suivre toutes nos actus \u263b<br \/>\n<a href=\"https:\/\/www.facebook.com\/1055bowling\/\">Suivez-nous sur Facebook !<\/a><br \/>\n<a href=\"https:\/\/www.instagram.com\/1055.espacedeloisirs\/\">Abonnez-vous sur Instagram !<\/a><\/p>\n","protected":false},"excerpt":{"rendered":"<p>10 55 SEPTEMBRE EN FOLIE \u2013 DES PRIX MINIS ET DES SURPRISES ! Le Pass illimit\u00e9 \u00e0 19.90\u20ac le week-end, &hellip;<\/p>\n","protected":false},"author":10,"featured_media":0,"parent":0,"menu_order":0,"comment_status":"closed","ping_status":"closed","template":"","meta":{"_acf_changed":false,"footnotes":""},"class_list":["post-6676","page","type-page","status-publish","hentry"],"acf":[],"yoast_head":"<!-- This site is optimized with the Yoast SEO plugin v25.4 - https:\/\/yoast.com\/wordpress\/plugins\/seo\/ -->\n<title>SEPTEMBRE EN FOLIE<\/title>\n<meta name=\"robots\" content=\"index, follow, max-snippet:-1, max-image-preview:large, max-video-preview:-1\" \/>\n<link rel=\"canonical\" href=\"https:\/\/www.1055.fr\/belfort\/septembre-en-folie\/\" \/>\n<meta property=\"og:locale\" content=\"fr_FR\" \/>\n<meta property=\"og:type\" content=\"article\" \/>\n<meta property=\"og:title\" content=\"SEPTEMBRE EN FOLIE\" \/>\n<meta property=\"og:description\" content=\"10 55 SEPTEMBRE EN FOLIE \u2013 DES PRIX MINIS ET DES SURPRISES ! Le Pass illimit\u00e9 \u00e0 19.90\u20ac le week-end, &hellip;\" \/>\n<meta property=\"og:url\" content=\"https:\/\/www.1055.fr\/belfort\/septembre-en-folie\/\" \/>\n<meta property=\"og:site_name\" content=\"1055 Belfort\" \/>\n<meta property=\"og:image\" content=\"https:\/\/www.1055.fr\/chalon\/contenu\/uploads\/2020\/06\/fetepetitsite-300x60.png\" \/>\n<meta name=\"twitter:card\" content=\"summary_large_image\" \/>\n<meta name=\"twitter:label1\" content=\"Dur\u00e9e de lecture estim\u00e9e\" \/>\n\t<meta name=\"twitter:data1\" content=\"1 minute\" \/>\n<script type=\"application\/ld+json\" class=\"yoast-schema-graph\">{\"@context\":\"https:\/\/schema.org\",\"@graph\":[{\"@type\":\"WebPage\",\"@id\":\"https:\/\/www.1055.fr\/belfort\/septembre-en-folie\/\",\"url\":\"https:\/\/www.1055.fr\/belfort\/septembre-en-folie\/\",\"name\":\"SEPTEMBRE EN FOLIE\",\"isPartOf\":{\"@id\":\"https:\/\/www.1055.fr\/belfort\/#website\"},\"primaryImageOfPage\":{\"@id\":\"https:\/\/www.1055.fr\/belfort\/septembre-en-folie\/#primaryimage\"},\"image\":{\"@id\":\"https:\/\/www.1055.fr\/belfort\/septembre-en-folie\/#primaryimage\"},\"thumbnailUrl\":\"https:\/\/www.1055.fr\/chalon\/contenu\/uploads\/2020\/06\/fetepetitsite-300x60.png\",\"datePublished\":\"2021-08-11T09:51:34+00:00\",\"breadcrumb\":{\"@id\":\"https:\/\/www.1055.fr\/belfort\/septembre-en-folie\/#breadcrumb\"},\"inLanguage\":\"fr-FR\",\"potentialAction\":[{\"@type\":\"ReadAction\",\"target\":[\"https:\/\/www.1055.fr\/belfort\/septembre-en-folie\/\"]}]},{\"@type\":\"ImageObject\",\"inLanguage\":\"fr-FR\",\"@id\":\"https:\/\/www.1055.fr\/belfort\/septembre-en-folie\/#primaryimage\",\"url\":\"https:\/\/www.1055.fr\/chalon\/contenu\/uploads\/2020\/06\/fetepetitsite-300x60.png\",\"contentUrl\":\"https:\/\/www.1055.fr\/chalon\/contenu\/uploads\/2020\/06\/fetepetitsite-300x60.png\"},{\"@type\":\"BreadcrumbList\",\"@id\":\"https:\/\/www.1055.fr\/belfort\/septembre-en-folie\/#breadcrumb\",\"itemListElement\":[{\"@type\":\"ListItem\",\"position\":1,\"name\":\"Home\",\"item\":\"https:\/\/www.1055.fr\/belfort\/\"},{\"@type\":\"ListItem\",\"position\":2,\"name\":\"SEPTEMBRE EN FOLIE\"}]},{\"@type\":\"WebSite\",\"@id\":\"https:\/\/www.1055.fr\/belfort\/#website\",\"url\":\"https:\/\/www.1055.fr\/belfort\/\",\"name\":\"1055 Belfort\",\"description\":\"\",\"potentialAction\":[{\"@type\":\"SearchAction\",\"target\":{\"@type\":\"EntryPoint\",\"urlTemplate\":\"https:\/\/www.1055.fr\/belfort\/?s={search_term_string}\"},\"query-input\":{\"@type\":\"PropertyValueSpecification\",\"valueRequired\":true,\"valueName\":\"search_term_string\"}}],\"inLanguage\":\"fr-FR\"}]}<\/script>\n<!-- \/ Yoast SEO plugin. -->","yoast_head_json":{"title":"SEPTEMBRE EN FOLIE","robots":{"index":"index","follow":"follow","max-snippet":"max-snippet:-1","max-image-preview":"max-image-preview:large","max-video-preview":"max-video-preview:-1"},"canonical":"https:\/\/www.1055.fr\/belfort\/septembre-en-folie\/","og_locale":"fr_FR","og_type":"article","og_title":"SEPTEMBRE EN FOLIE","og_description":"10 55 SEPTEMBRE EN FOLIE \u2013 DES PRIX MINIS ET DES SURPRISES ! Le Pass illimit\u00e9 \u00e0 19.90\u20ac le week-end, &hellip;","og_url":"https:\/\/www.1055.fr\/belfort\/septembre-en-folie\/","og_site_name":"1055 Belfort","og_image":[{"url":"https:\/\/www.1055.fr\/chalon\/contenu\/uploads\/2020\/06\/fetepetitsite-300x60.png","type":"","width":"","height":""}],"twitter_card":"summary_large_image","twitter_misc":{"Dur\u00e9e de lecture estim\u00e9e":"1 minute"},"schema":{"@context":"https:\/\/schema.org","@graph":[{"@type":"WebPage","@id":"https:\/\/www.1055.fr\/belfort\/septembre-en-folie\/","url":"https:\/\/www.1055.fr\/belfort\/septembre-en-folie\/","name":"SEPTEMBRE EN FOLIE","isPartOf":{"@id":"https:\/\/www.1055.fr\/belfort\/#website"},"primaryImageOfPage":{"@id":"https:\/\/www.1055.fr\/belfort\/septembre-en-folie\/#primaryimage"},"image":{"@id":"https:\/\/www.1055.fr\/belfort\/septembre-en-folie\/#primaryimage"},"thumbnailUrl":"https:\/\/www.1055.fr\/chalon\/contenu\/uploads\/2020\/06\/fetepetitsite-300x60.png","datePublished":"2021-08-11T09:51:34+00:00","breadcrumb":{"@id":"https:\/\/www.1055.fr\/belfort\/septembre-en-folie\/#breadcrumb"},"inLanguage":"fr-FR","potentialAction":[{"@type":"ReadAction","target":["https:\/\/www.1055.fr\/belfort\/septembre-en-folie\/"]}]},{"@type":"ImageObject","inLanguage":"fr-FR","@id":"https:\/\/www.1055.fr\/belfort\/septembre-en-folie\/#primaryimage","url":"https:\/\/www.1055.fr\/chalon\/contenu\/uploads\/2020\/06\/fetepetitsite-300x60.png","contentUrl":"https:\/\/www.1055.fr\/chalon\/contenu\/uploads\/2020\/06\/fetepetitsite-300x60.png"},{"@type":"BreadcrumbList","@id":"https:\/\/www.1055.fr\/belfort\/septembre-en-folie\/#breadcrumb","itemListElement":[{"@type":"ListItem","position":1,"name":"Home","item":"https:\/\/www.1055.fr\/belfort\/"},{"@type":"ListItem","position":2,"name":"SEPTEMBRE EN FOLIE"}]},{"@type":"WebSite","@id":"https:\/\/www.1055.fr\/belfort\/#website","url":"https:\/\/www.1055.fr\/belfort\/","name":"1055 Belfort","description":"","potentialAction":[{"@type":"SearchAction","target":{"@type":"EntryPoint","urlTemplate":"https:\/\/www.1055.fr\/belfort\/?s={search_term_string}"},"query-input":{"@type":"PropertyValueSpecification","valueRequired":true,"valueName":"search_term_string"}}],"inLanguage":"fr-FR"}]}},"_links":{"self":[{"href":"https:\/\/www.1055.fr\/belfort\/wp-json\/wp\/v2\/pages\/6676","targetHints":{"allow":["GET"]}}],"collection":[{"href":"https:\/\/www.1055.fr\/belfort\/wp-json\/wp\/v2\/pages"}],"about":[{"href":"https:\/\/www.1055.fr\/belfort\/wp-json\/wp\/v2\/types\/page"}],"author":[{"embeddable":true,"href":"https:\/\/www.1055.fr\/belfort\/wp-json\/wp\/v2\/users\/10"}],"replies":[{"embeddable":true,"href":"https:\/\/www.1055.fr\/belfort\/wp-json\/wp\/v2\/comments?post=6676"}],"version-history":[{"count":0,"href":"https:\/\/www.1055.fr\/belfort\/wp-json\/wp\/v2\/pages\/6676\/revisions"}],"wp:attachment":[{"href":"https:\/\/www.1055.fr\/belfort\/wp-json\/wp\/v2\/media?parent=6676"}],"curies":[{"name":"wp","href":"https:\/\/api.w.org\/{rel}","templated":true}]}}