{"id":6615,"date":"2021-07-21T08:47:27","date_gmt":"2021-07-21T06:47:27","guid":{"rendered":"https:\/\/www.1055.fr\/chalon\/?page_id=6615"},"modified":"2021-07-21T08:47:27","modified_gmt":"2021-07-21T06:47:27","slug":"pass-sanitaire","status":"publish","type":"page","link":"https:\/\/www.1055.fr\/belfort\/pass-sanitaire\/","title":{"rendered":"Pass Sanitaire"},"content":{"rendered":"<p>&nbsp;<\/p>\n<p>PASS SANITAIRE OBLIGATOIRE * d\u00e8s 18 ans<\/p>\n<p>Contr\u00f4le OBLIGATOIRE \u00e0 l\u2019entr\u00e9e de l\u2019\u00e9tablissement. Merci de vous munir de votre pi\u00e8ce d\u2019identit\u00e9 et de votre justificatif num\u00e9rique ou papier d\u2019immunit\u00e9 contre la Covid 19.<\/p>\n<p>Preuve accept\u00e9e\u00a0:<\/p>\n<p>&#8211; Test RT-PCR ou antig\u00e9nique de moins de 72h<\/p>\n<p>&#8211; Certificat de vaccination \u00e0 condition de disposer d\u2019un sch\u00e9ma vaccinal complet<\/p>\n<p>&#8211; Certificat de r\u00e9tablissement de la covid 19\u00a0: test RT-PCR ou antig\u00e9nique positif datant d\u2019au moins 11 jours et de moins de 6 mois.<\/p>\n<p>* Sous r\u00e9serve de l&rsquo;\u00e9volution sanitaire<\/p>\n<p>Pr\u00e9sentation d&rsquo;une pi\u00e8ce d&rsquo;identit\u00e9 pour les moins de 18 ans.<\/p>\n","protected":false},"excerpt":{"rendered":"<p>&nbsp; PASS SANITAIRE OBLIGATOIRE * d\u00e8s 18 ans Contr\u00f4le OBLIGATOIRE \u00e0 l\u2019entr\u00e9e de l\u2019\u00e9tablissement. Merci de vous munir de votre &hellip;<\/p>\n","protected":false},"author":10,"featured_media":0,"parent":0,"menu_order":0,"comment_status":"closed","ping_status":"closed","template":"","meta":{"_acf_changed":false,"footnotes":""},"class_list":["post-6615","page","type-page","status-publish","hentry"],"acf":[],"yoast_head":"<!-- This site is optimized with the Yoast SEO plugin v25.4 - https:\/\/yoast.com\/wordpress\/plugins\/seo\/ -->\n<title>Pass Sanitaire<\/title>\n<meta name=\"robots\" content=\"index, follow, max-snippet:-1, max-image-preview:large, max-video-preview:-1\" \/>\n<link rel=\"canonical\" href=\"https:\/\/www.1055.fr\/belfort\/pass-sanitaire\/\" \/>\n<meta property=\"og:locale\" content=\"fr_FR\" \/>\n<meta property=\"og:type\" content=\"article\" \/>\n<meta property=\"og:title\" content=\"Pass Sanitaire\" \/>\n<meta property=\"og:description\" content=\"&nbsp; PASS SANITAIRE OBLIGATOIRE * d\u00e8s 18 ans Contr\u00f4le OBLIGATOIRE \u00e0 l\u2019entr\u00e9e de l\u2019\u00e9tablissement. Merci de vous munir de votre &hellip;\" \/>\n<meta property=\"og:url\" content=\"https:\/\/www.1055.fr\/belfort\/pass-sanitaire\/\" \/>\n<meta property=\"og:site_name\" content=\"1055 Belfort\" \/>\n<meta name=\"twitter:card\" content=\"summary_large_image\" \/>\n<meta name=\"twitter:label1\" content=\"Dur\u00e9e de lecture estim\u00e9e\" \/>\n\t<meta name=\"twitter:data1\" content=\"1 minute\" \/>\n<script type=\"application\/ld+json\" class=\"yoast-schema-graph\">{\"@context\":\"https:\/\/schema.org\",\"@graph\":[{\"@type\":\"WebPage\",\"@id\":\"https:\/\/www.1055.fr\/belfort\/pass-sanitaire\/\",\"url\":\"https:\/\/www.1055.fr\/belfort\/pass-sanitaire\/\",\"name\":\"Pass Sanitaire\",\"isPartOf\":{\"@id\":\"https:\/\/www.1055.fr\/belfort\/#website\"},\"datePublished\":\"2021-07-21T06:47:27+00:00\",\"breadcrumb\":{\"@id\":\"https:\/\/www.1055.fr\/belfort\/pass-sanitaire\/#breadcrumb\"},\"inLanguage\":\"fr-FR\",\"potentialAction\":[{\"@type\":\"ReadAction\",\"target\":[\"https:\/\/www.1055.fr\/belfort\/pass-sanitaire\/\"]}]},{\"@type\":\"BreadcrumbList\",\"@id\":\"https:\/\/www.1055.fr\/belfort\/pass-sanitaire\/#breadcrumb\",\"itemListElement\":[{\"@type\":\"ListItem\",\"position\":1,\"name\":\"Home\",\"item\":\"https:\/\/www.1055.fr\/belfort\/\"},{\"@type\":\"ListItem\",\"position\":2,\"name\":\"Pass Sanitaire\"}]},{\"@type\":\"WebSite\",\"@id\":\"https:\/\/www.1055.fr\/belfort\/#website\",\"url\":\"https:\/\/www.1055.fr\/belfort\/\",\"name\":\"1055 Belfort\",\"description\":\"\",\"potentialAction\":[{\"@type\":\"SearchAction\",\"target\":{\"@type\":\"EntryPoint\",\"urlTemplate\":\"https:\/\/www.1055.fr\/belfort\/?s={search_term_string}\"},\"query-input\":{\"@type\":\"PropertyValueSpecification\",\"valueRequired\":true,\"valueName\":\"search_term_string\"}}],\"inLanguage\":\"fr-FR\"}]}<\/script>\n<!-- \/ Yoast SEO plugin. -->","yoast_head_json":{"title":"Pass Sanitaire","robots":{"index":"index","follow":"follow","max-snippet":"max-snippet:-1","max-image-preview":"max-image-preview:large","max-video-preview":"max-video-preview:-1"},"canonical":"https:\/\/www.1055.fr\/belfort\/pass-sanitaire\/","og_locale":"fr_FR","og_type":"article","og_title":"Pass Sanitaire","og_description":"&nbsp; PASS SANITAIRE OBLIGATOIRE * d\u00e8s 18 ans Contr\u00f4le OBLIGATOIRE \u00e0 l\u2019entr\u00e9e de l\u2019\u00e9tablissement. Merci de vous munir de votre &hellip;","og_url":"https:\/\/www.1055.fr\/belfort\/pass-sanitaire\/","og_site_name":"1055 Belfort","twitter_card":"summary_large_image","twitter_misc":{"Dur\u00e9e de lecture estim\u00e9e":"1 minute"},"schema":{"@context":"https:\/\/schema.org","@graph":[{"@type":"WebPage","@id":"https:\/\/www.1055.fr\/belfort\/pass-sanitaire\/","url":"https:\/\/www.1055.fr\/belfort\/pass-sanitaire\/","name":"Pass Sanitaire","isPartOf":{"@id":"https:\/\/www.1055.fr\/belfort\/#website"},"datePublished":"2021-07-21T06:47:27+00:00","breadcrumb":{"@id":"https:\/\/www.1055.fr\/belfort\/pass-sanitaire\/#breadcrumb"},"inLanguage":"fr-FR","potentialAction":[{"@type":"ReadAction","target":["https:\/\/www.1055.fr\/belfort\/pass-sanitaire\/"]}]},{"@type":"BreadcrumbList","@id":"https:\/\/www.1055.fr\/belfort\/pass-sanitaire\/#breadcrumb","itemListElement":[{"@type":"ListItem","position":1,"name":"Home","item":"https:\/\/www.1055.fr\/belfort\/"},{"@type":"ListItem","position":2,"name":"Pass Sanitaire"}]},{"@type":"WebSite","@id":"https:\/\/www.1055.fr\/belfort\/#website","url":"https:\/\/www.1055.fr\/belfort\/","name":"1055 Belfort","description":"","potentialAction":[{"@type":"SearchAction","target":{"@type":"EntryPoint","urlTemplate":"https:\/\/www.1055.fr\/belfort\/?s={search_term_string}"},"query-input":{"@type":"PropertyValueSpecification","valueRequired":true,"valueName":"search_term_string"}}],"inLanguage":"fr-FR"}]}},"_links":{"self":[{"href":"https:\/\/www.1055.fr\/belfort\/wp-json\/wp\/v2\/pages\/6615","targetHints":{"allow":["GET"]}}],"collection":[{"href":"https:\/\/www.1055.fr\/belfort\/wp-json\/wp\/v2\/pages"}],"about":[{"href":"https:\/\/www.1055.fr\/belfort\/wp-json\/wp\/v2\/types\/page"}],"author":[{"embeddable":true,"href":"https:\/\/www.1055.fr\/belfort\/wp-json\/wp\/v2\/users\/10"}],"replies":[{"embeddable":true,"href":"https:\/\/www.1055.fr\/belfort\/wp-json\/wp\/v2\/comments?post=6615"}],"version-history":[{"count":0,"href":"https:\/\/www.1055.fr\/belfort\/wp-json\/wp\/v2\/pages\/6615\/revisions"}],"wp:attachment":[{"href":"https:\/\/www.1055.fr\/belfort\/wp-json\/wp\/v2\/media?parent=6615"}],"curies":[{"name":"wp","href":"https:\/\/api.w.org\/{rel}","templated":true}]}}