{"id":562,"date":"2018-09-05T16:50:37","date_gmt":"2018-09-05T14:50:37","guid":{"rendered":"\/chalon\/?page_id=562"},"modified":"2025-08-01T12:57:31","modified_gmt":"2025-08-01T10:57:31","slug":"groupe-belfort-sortie-bowling-activites","status":"publish","type":"page","link":"https:\/\/www.1055.fr\/belfort\/feter\/groupe-belfort-sortie-bowling-activites\/","title":{"rendered":"+ de 10 personnes"},"content":{"rendered":"\n<h2 class=\"wp-block-heading\">Organiser sa sortie de groupe, c&rsquo;est facile au 10 55 !<\/h2>\n\n\n\n<p>Vous souhaitez organiser une <strong>sortie en groupe<\/strong> pour r\u00e9unir <strong>votre famille ou vos amis ?<\/strong> Vous souhaitez <strong>f\u00eater votre anniversaire ?<\/strong> Vous serez <strong>+ de 10 personnes ?<\/strong> Au 10 55 de Belfort, notre <strong>grande capacit\u00e9 d&rsquo;accueil<\/strong> nous permet de r\u00e9pondre \u00e0 chaque demande ! Prochainement, contactez-nous pour faire votre demande de sortie, et nous nous ferons un plaisir de vous aiguiller et de vous conseiller.<\/p>\n\n\n\n<div style=\"height:41px\" aria-hidden=\"true\" class=\"wp-block-spacer\"><\/div>\n\n\n\n<div class=\"wp-block-buttons is-layout-flex wp-block-buttons-is-layout-flex\">\n<div class=\"wp-block-button is-style-outline is-style-outline--1\"><a class=\"wp-block-button__link has-black-color has-luminous-vivid-amber-background-color has-text-color has-background has-link-color wp-element-button\" href=\"https:\/\/www.1055.fr\/belfort\/nous-contacter\/\">Nous contacter<\/a><\/div>\n<\/div>\n\n\n\n<div style=\"height:41px\" aria-hidden=\"true\" class=\"wp-block-spacer\"><\/div>\n\n\n\n<figure class=\"wp-block-embed is-type-video is-provider-youtube wp-block-embed-youtube wp-embed-aspect-16-9 wp-has-aspect-ratio\"><div class=\"wp-block-embed__wrapper\">\n<iframe loading=\"lazy\" title=\"Salles de Quizz 10\u00b755\" width=\"525\" height=\"295\" src=\"https:\/\/www.youtube.com\/embed\/OUhzhqt4KCA?feature=oembed\" frameborder=\"0\" allow=\"accelerometer; autoplay; clipboard-write; encrypted-media; gyroscope; picture-in-picture; web-share\" referrerpolicy=\"strict-origin-when-cross-origin\" allowfullscreen><\/iframe>\n<\/div><\/figure>\n\n\n\n<h2 class=\"wp-block-heading\">Une disponibilit\u00e9 en continu, 7j\/7, 365j\/an !<\/h2>\n\n\n\n<p>Quelle que soit la date de votre \u00e9v\u00e8nement, <strong>nous sommes ouverts !<\/strong> Profitez-en pour c\u00e9l\u00e9brer <strong>chaque moment important avec vos proches ! La brasserie du 10 55<\/strong> &nbsp;vous accueille midis et soirs, et <strong>nos multiples activit\u00e9s<\/strong> raviront aussi bien les plus petits que les grands, amateurs de plaisirs simples comme le <strong><a href=\"https:\/\/www.1055.fr\/belfort\/activites\/bowling\/\">bowling<\/a><\/strong> et aux plus novateurs avec notre <strong><a href=\"https:\/\/www.1055.fr\/belfort\/activites\/action-games-tac-tic-room\/\">Tac-Tic Room<\/a>, <a href=\"https:\/\/www.1055.fr\/belfort\/activites\/explorez-le-quizz-belfort\/\">nos salles de Quizz<\/a> et <a href=\"https:\/\/www.1055.fr\/belfort\/activites\/karaoke-a-belfort-sur-saone-2-salles-de-karaoke-disponibles-au-10-55\/\">de Karaok\u00e9<\/a><\/strong>, il y en a pour tous les go\u00fbts dans votre <strong>10.55 !<\/strong><\/p>\n\n\n\n<p>B\u00e9n\u00e9ficiez d&rsquo;une \u00e9coute particuli\u00e8re :<\/p>\n\n\n\n<div style=\"height:19px\" aria-hidden=\"true\" class=\"wp-block-spacer\"><\/div>\n\n\n\n<div class=\"wp-block-buttons is-layout-flex wp-block-buttons-is-layout-flex\">\n<div class=\"wp-block-button is-style-outline is-style-outline--2\"><a class=\"wp-block-button__link has-black-color has-luminous-vivid-amber-background-color has-text-color has-background has-link-color wp-element-button\" href=\"https:\/\/www.1055.fr\/belfort\/nous-contacter\/\">Nous contacter<\/a><\/div>\n<\/div>\n\n\n\n<div style=\"height:22px\" aria-hidden=\"true\" class=\"wp-block-spacer\"><\/div>\n\n\n\n<div class=\"wp-block-columns is-layout-flex wp-container-core-columns-is-layout-9d6595d7 wp-block-columns-is-layout-flex\">\n<div class=\"wp-block-column is-layout-flow wp-block-column-is-layout-flow\">\n<figure class=\"wp-block-image size-large\"><img loading=\"lazy\" decoding=\"async\" width=\"1024\" height=\"683\" src=\"https:\/\/www.1055.fr\/belfort\/contenu\/uploads\/2025\/06\/RESTAURANT-1-2-1024x683.jpg\" alt=\"\" class=\"wp-image-10386\" srcset=\"https:\/\/www.1055.fr\/belfort\/contenu\/uploads\/2025\/06\/RESTAURANT-1-2-1024x683.jpg 1024w, https:\/\/www.1055.fr\/belfort\/contenu\/uploads\/2025\/06\/RESTAURANT-1-2-300x200.jpg 300w, https:\/\/www.1055.fr\/belfort\/contenu\/uploads\/2025\/06\/RESTAURANT-1-2-768x512.jpg 768w, https:\/\/www.1055.fr\/belfort\/contenu\/uploads\/2025\/06\/RESTAURANT-1-2-1536x1024.jpg 1536w, https:\/\/www.1055.fr\/belfort\/contenu\/uploads\/2025\/06\/RESTAURANT-1-2-24x16.jpg 24w, https:\/\/www.1055.fr\/belfort\/contenu\/uploads\/2025\/06\/RESTAURANT-1-2-36x24.jpg 36w, https:\/\/www.1055.fr\/belfort\/contenu\/uploads\/2025\/06\/RESTAURANT-1-2-48x32.jpg 48w, https:\/\/www.1055.fr\/belfort\/contenu\/uploads\/2025\/06\/RESTAURANT-1-2.jpg 2048w\" sizes=\"auto, (max-width: 767px) 89vw, (max-width: 1000px) 54vw, (max-width: 1071px) 543px, 580px\" \/><\/figure>\n<\/div>\n\n\n\n<div class=\"wp-block-column is-layout-flow wp-block-column-is-layout-flow\">\n<figure class=\"wp-block-image size-large\"><img loading=\"lazy\" decoding=\"async\" width=\"1024\" height=\"683\" src=\"https:\/\/www.1055.fr\/belfort\/contenu\/uploads\/2025\/06\/Gateau-danniversaire-7-1024x683.jpg\" alt=\"\" class=\"wp-image-10447\" srcset=\"https:\/\/www.1055.fr\/belfort\/contenu\/uploads\/2025\/06\/Gateau-danniversaire-7-1024x683.jpg 1024w, https:\/\/www.1055.fr\/belfort\/contenu\/uploads\/2025\/06\/Gateau-danniversaire-7-300x200.jpg 300w, https:\/\/www.1055.fr\/belfort\/contenu\/uploads\/2025\/06\/Gateau-danniversaire-7-768x512.jpg 768w, https:\/\/www.1055.fr\/belfort\/contenu\/uploads\/2025\/06\/Gateau-danniversaire-7-1536x1024.jpg 1536w, https:\/\/www.1055.fr\/belfort\/contenu\/uploads\/2025\/06\/Gateau-danniversaire-7-24x16.jpg 24w, https:\/\/www.1055.fr\/belfort\/contenu\/uploads\/2025\/06\/Gateau-danniversaire-7-36x24.jpg 36w, https:\/\/www.1055.fr\/belfort\/contenu\/uploads\/2025\/06\/Gateau-danniversaire-7-48x32.jpg 48w, https:\/\/www.1055.fr\/belfort\/contenu\/uploads\/2025\/06\/Gateau-danniversaire-7.jpg 2048w\" sizes=\"auto, (max-width: 767px) 89vw, (max-width: 1000px) 54vw, (max-width: 1071px) 543px, 580px\" \/><\/figure>\n<\/div>\n<\/div>\n\n\n\n<hr class=\"wp-block-separator has-alpha-channel-opacity\"\/>\n\n\n\n<div class=\"wp-block-columns is-layout-flex wp-container-core-columns-is-layout-9d6595d7 wp-block-columns-is-layout-flex\">\n<div class=\"wp-block-column is-layout-flow wp-block-column-is-layout-flow\">\n<h4 class=\"wp-block-heading\"><a href=\"https:\/\/www.1055.fr\/belfort\/activites\/action-games-tac-tic-room\/\">\u2197 Vous \u2764\ufe0f les d\u00e9fis ?<\/a><\/h4>\n\n\n\n<p>Vous aimerez aussi Tac-Tic Room, notre action games unique ! <\/p>\n\n\n\n<figure class=\"wp-block-image size-full\"><img loading=\"lazy\" decoding=\"async\" width=\"900\" height=\"160\" src=\"https:\/\/www.1055.fr\/belfort\/contenu\/uploads\/2025\/06\/TACTIC-petite-banniere-900x160-2.jpg\" alt=\"\" class=\"wp-image-10277\" srcset=\"https:\/\/www.1055.fr\/belfort\/contenu\/uploads\/2025\/06\/TACTIC-petite-banniere-900x160-2.jpg 900w, https:\/\/www.1055.fr\/belfort\/contenu\/uploads\/2025\/06\/TACTIC-petite-banniere-900x160-2-300x53.jpg 300w, https:\/\/www.1055.fr\/belfort\/contenu\/uploads\/2025\/06\/TACTIC-petite-banniere-900x160-2-768x137.jpg 768w, https:\/\/www.1055.fr\/belfort\/contenu\/uploads\/2025\/06\/TACTIC-petite-banniere-900x160-2-24x4.jpg 24w, https:\/\/www.1055.fr\/belfort\/contenu\/uploads\/2025\/06\/TACTIC-petite-banniere-900x160-2-36x6.jpg 36w, https:\/\/www.1055.fr\/belfort\/contenu\/uploads\/2025\/06\/TACTIC-petite-banniere-900x160-2-48x9.jpg 48w\" sizes=\"auto, (max-width: 767px) 89vw, (max-width: 1000px) 54vw, (max-width: 1071px) 543px, 580px\" \/><\/figure>\n<\/div>\n\n\n\n<div class=\"wp-block-column is-layout-flow wp-block-column-is-layout-flow\">\n<h4 class=\"wp-block-heading\">\u2197 l&rsquo;abonnement annuel <\/h4>\n\n\n\n<p>L&rsquo;abonnement annuel d\u00e9barque bient\u00f4t au 10\u00b755, pour un max de plaisir<\/p>\n\n\n\n<figure class=\"wp-block-image size-full\"><img loading=\"lazy\" decoding=\"async\" width=\"900\" height=\"160\" src=\"https:\/\/www.1055.fr\/belfort\/contenu\/uploads\/2025\/06\/PETITE-BANNIERE.png\" alt=\"\" class=\"wp-image-10313\" srcset=\"https:\/\/www.1055.fr\/belfort\/contenu\/uploads\/2025\/06\/PETITE-BANNIERE.png 900w, https:\/\/www.1055.fr\/belfort\/contenu\/uploads\/2025\/06\/PETITE-BANNIERE-300x53.png 300w, https:\/\/www.1055.fr\/belfort\/contenu\/uploads\/2025\/06\/PETITE-BANNIERE-768x137.png 768w, https:\/\/www.1055.fr\/belfort\/contenu\/uploads\/2025\/06\/PETITE-BANNIERE-24x4.png 24w, https:\/\/www.1055.fr\/belfort\/contenu\/uploads\/2025\/06\/PETITE-BANNIERE-36x6.png 36w, https:\/\/www.1055.fr\/belfort\/contenu\/uploads\/2025\/06\/PETITE-BANNIERE-48x9.png 48w\" sizes=\"auto, (max-width: 767px) 89vw, (max-width: 1000px) 54vw, (max-width: 1071px) 543px, 580px\" \/><\/figure>\n<\/div>\n<\/div>\n","protected":false},"excerpt":{"rendered":"<p>Organiser sa sortie de groupe, c&rsquo;est facile au 10 55 ! Vous souhaitez organiser une sortie en groupe pour r\u00e9unir &hellip;<\/p>\n","protected":false},"author":10,"featured_media":10173,"parent":222,"menu_order":0,"comment_status":"closed","ping_status":"closed","template":"page-activite.php","meta":{"_acf_changed":false,"footnotes":""},"class_list":["post-562","page","type-page","status-publish","has-post-thumbnail","hentry"],"acf":[],"yoast_head":"<!-- This site is optimized with the Yoast SEO plugin v25.4 - https:\/\/yoast.com\/wordpress\/plugins\/seo\/ -->\n<title>Sortir en groupe \u00e0 Belfort<\/title>\n<meta name=\"description\" content=\"R\u00e9unir votre famille ou vos amis pour une occasion ? Au 10 55, notre grande capacit\u00e9 d&#039;accueil nous permet de vous faire passer un moment extra\" \/>\n<meta name=\"robots\" content=\"index, follow, max-snippet:-1, max-image-preview:large, max-video-preview:-1\" \/>\n<link rel=\"canonical\" href=\"https:\/\/www.1055.fr\/belfort\/feter\/groupe-belfort-sortie-bowling-activites\/\" \/>\n<meta property=\"og:locale\" content=\"fr_FR\" \/>\n<meta property=\"og:type\" content=\"article\" \/>\n<meta property=\"og:title\" content=\"Sortir en groupe \u00e0 Belfort\" \/>\n<meta property=\"og:description\" content=\"R\u00e9unir votre famille ou vos amis pour une occasion ? Au 10 55, notre grande capacit\u00e9 d&#039;accueil nous permet de vous faire passer un moment extra\" \/>\n<meta property=\"og:url\" content=\"https:\/\/www.1055.fr\/belfort\/feter\/groupe-belfort-sortie-bowling-activites\/\" \/>\n<meta property=\"og:site_name\" content=\"1055 Belfort\" \/>\n<meta property=\"article:modified_time\" content=\"2025-08-01T10:57:31+00:00\" \/>\n<meta property=\"og:image\" content=\"https:\/\/www.1055.fr\/belfort\/contenu\/uploads\/2024\/07\/10personnes-petitebanniere-Copie.jpg\" \/>\n\t<meta property=\"og:image:width\" content=\"1800\" \/>\n\t<meta property=\"og:image:height\" content=\"360\" \/>\n\t<meta property=\"og:image:type\" content=\"image\/jpeg\" \/>\n<meta name=\"twitter:card\" content=\"summary_large_image\" \/>\n<meta name=\"twitter:label1\" content=\"Dur\u00e9e de lecture estim\u00e9e\" \/>\n\t<meta name=\"twitter:data1\" content=\"6 minutes\" \/>\n<script type=\"application\/ld+json\" class=\"yoast-schema-graph\">{\"@context\":\"https:\/\/schema.org\",\"@graph\":[{\"@type\":\"WebPage\",\"@id\":\"https:\/\/www.1055.fr\/belfort\/feter\/groupe-belfort-sortie-bowling-activites\/\",\"url\":\"https:\/\/www.1055.fr\/belfort\/feter\/groupe-belfort-sortie-bowling-activites\/\",\"name\":\"Sortir en groupe \u00e0 Belfort\",\"isPartOf\":{\"@id\":\"https:\/\/www.1055.fr\/belfort\/#website\"},\"primaryImageOfPage\":{\"@id\":\"https:\/\/www.1055.fr\/belfort\/feter\/groupe-belfort-sortie-bowling-activites\/#primaryimage\"},\"image\":{\"@id\":\"https:\/\/www.1055.fr\/belfort\/feter\/groupe-belfort-sortie-bowling-activites\/#primaryimage\"},\"thumbnailUrl\":\"https:\/\/www.1055.fr\/belfort\/contenu\/uploads\/2024\/07\/10personnes-petitebanniere-Copie.jpg\",\"datePublished\":\"2018-09-05T14:50:37+00:00\",\"dateModified\":\"2025-08-01T10:57:31+00:00\",\"description\":\"R\u00e9unir votre famille ou vos amis pour une occasion ? Au 10 55, notre grande capacit\u00e9 d'accueil nous permet de vous faire passer un moment extra\",\"breadcrumb\":{\"@id\":\"https:\/\/www.1055.fr\/belfort\/feter\/groupe-belfort-sortie-bowling-activites\/#breadcrumb\"},\"inLanguage\":\"fr-FR\",\"potentialAction\":[{\"@type\":\"ReadAction\",\"target\":[\"https:\/\/www.1055.fr\/belfort\/feter\/groupe-belfort-sortie-bowling-activites\/\"]}]},{\"@type\":\"ImageObject\",\"inLanguage\":\"fr-FR\",\"@id\":\"https:\/\/www.1055.fr\/belfort\/feter\/groupe-belfort-sortie-bowling-activites\/#primaryimage\",\"url\":\"https:\/\/www.1055.fr\/belfort\/contenu\/uploads\/2024\/07\/10personnes-petitebanniere-Copie.jpg\",\"contentUrl\":\"https:\/\/www.1055.fr\/belfort\/contenu\/uploads\/2024\/07\/10personnes-petitebanniere-Copie.jpg\",\"width\":1800,\"height\":360},{\"@type\":\"BreadcrumbList\",\"@id\":\"https:\/\/www.1055.fr\/belfort\/feter\/groupe-belfort-sortie-bowling-activites\/#breadcrumb\",\"itemListElement\":[{\"@type\":\"ListItem\",\"position\":1,\"name\":\"Home\",\"item\":\"https:\/\/www.1055.fr\/belfort\/\"},{\"@type\":\"ListItem\",\"position\":2,\"name\":\"F\u00eater\",\"item\":\"https:\/\/www.1055.fr\/belfort\/feter\/\"},{\"@type\":\"ListItem\",\"position\":3,\"name\":\"+ de 10 personnes\"}]},{\"@type\":\"WebSite\",\"@id\":\"https:\/\/www.1055.fr\/belfort\/#website\",\"url\":\"https:\/\/www.1055.fr\/belfort\/\",\"name\":\"1055 Belfort\",\"description\":\"\",\"potentialAction\":[{\"@type\":\"SearchAction\",\"target\":{\"@type\":\"EntryPoint\",\"urlTemplate\":\"https:\/\/www.1055.fr\/belfort\/?s={search_term_string}\"},\"query-input\":{\"@type\":\"PropertyValueSpecification\",\"valueRequired\":true,\"valueName\":\"search_term_string\"}}],\"inLanguage\":\"fr-FR\"}]}<\/script>\n<!-- \/ Yoast SEO plugin. -->","yoast_head_json":{"title":"Sortir en groupe \u00e0 Belfort","description":"R\u00e9unir votre famille ou vos amis pour une occasion ? Au 10 55, notre grande capacit\u00e9 d'accueil nous permet de vous faire passer un moment extra","robots":{"index":"index","follow":"follow","max-snippet":"max-snippet:-1","max-image-preview":"max-image-preview:large","max-video-preview":"max-video-preview:-1"},"canonical":"https:\/\/www.1055.fr\/belfort\/feter\/groupe-belfort-sortie-bowling-activites\/","og_locale":"fr_FR","og_type":"article","og_title":"Sortir en groupe \u00e0 Belfort","og_description":"R\u00e9unir votre famille ou vos amis pour une occasion ? Au 10 55, notre grande capacit\u00e9 d'accueil nous permet de vous faire passer un moment extra","og_url":"https:\/\/www.1055.fr\/belfort\/feter\/groupe-belfort-sortie-bowling-activites\/","og_site_name":"1055 Belfort","article_modified_time":"2025-08-01T10:57:31+00:00","og_image":[{"width":1800,"height":360,"url":"https:\/\/www.1055.fr\/belfort\/contenu\/uploads\/2024\/07\/10personnes-petitebanniere-Copie.jpg","type":"image\/jpeg"}],"twitter_card":"summary_large_image","twitter_misc":{"Dur\u00e9e de lecture estim\u00e9e":"6 minutes"},"schema":{"@context":"https:\/\/schema.org","@graph":[{"@type":"WebPage","@id":"https:\/\/www.1055.fr\/belfort\/feter\/groupe-belfort-sortie-bowling-activites\/","url":"https:\/\/www.1055.fr\/belfort\/feter\/groupe-belfort-sortie-bowling-activites\/","name":"Sortir en groupe \u00e0 Belfort","isPartOf":{"@id":"https:\/\/www.1055.fr\/belfort\/#website"},"primaryImageOfPage":{"@id":"https:\/\/www.1055.fr\/belfort\/feter\/groupe-belfort-sortie-bowling-activites\/#primaryimage"},"image":{"@id":"https:\/\/www.1055.fr\/belfort\/feter\/groupe-belfort-sortie-bowling-activites\/#primaryimage"},"thumbnailUrl":"https:\/\/www.1055.fr\/belfort\/contenu\/uploads\/2024\/07\/10personnes-petitebanniere-Copie.jpg","datePublished":"2018-09-05T14:50:37+00:00","dateModified":"2025-08-01T10:57:31+00:00","description":"R\u00e9unir votre famille ou vos amis pour une occasion ? Au 10 55, notre grande capacit\u00e9 d'accueil nous permet de vous faire passer un moment extra","breadcrumb":{"@id":"https:\/\/www.1055.fr\/belfort\/feter\/groupe-belfort-sortie-bowling-activites\/#breadcrumb"},"inLanguage":"fr-FR","potentialAction":[{"@type":"ReadAction","target":["https:\/\/www.1055.fr\/belfort\/feter\/groupe-belfort-sortie-bowling-activites\/"]}]},{"@type":"ImageObject","inLanguage":"fr-FR","@id":"https:\/\/www.1055.fr\/belfort\/feter\/groupe-belfort-sortie-bowling-activites\/#primaryimage","url":"https:\/\/www.1055.fr\/belfort\/contenu\/uploads\/2024\/07\/10personnes-petitebanniere-Copie.jpg","contentUrl":"https:\/\/www.1055.fr\/belfort\/contenu\/uploads\/2024\/07\/10personnes-petitebanniere-Copie.jpg","width":1800,"height":360},{"@type":"BreadcrumbList","@id":"https:\/\/www.1055.fr\/belfort\/feter\/groupe-belfort-sortie-bowling-activites\/#breadcrumb","itemListElement":[{"@type":"ListItem","position":1,"name":"Home","item":"https:\/\/www.1055.fr\/belfort\/"},{"@type":"ListItem","position":2,"name":"F\u00eater","item":"https:\/\/www.1055.fr\/belfort\/feter\/"},{"@type":"ListItem","position":3,"name":"+ de 10 personnes"}]},{"@type":"WebSite","@id":"https:\/\/www.1055.fr\/belfort\/#website","url":"https:\/\/www.1055.fr\/belfort\/","name":"1055 Belfort","description":"","potentialAction":[{"@type":"SearchAction","target":{"@type":"EntryPoint","urlTemplate":"https:\/\/www.1055.fr\/belfort\/?s={search_term_string}"},"query-input":{"@type":"PropertyValueSpecification","valueRequired":true,"valueName":"search_term_string"}}],"inLanguage":"fr-FR"}]}},"_links":{"self":[{"href":"https:\/\/www.1055.fr\/belfort\/wp-json\/wp\/v2\/pages\/562","targetHints":{"allow":["GET"]}}],"collection":[{"href":"https:\/\/www.1055.fr\/belfort\/wp-json\/wp\/v2\/pages"}],"about":[{"href":"https:\/\/www.1055.fr\/belfort\/wp-json\/wp\/v2\/types\/page"}],"author":[{"embeddable":true,"href":"https:\/\/www.1055.fr\/belfort\/wp-json\/wp\/v2\/users\/10"}],"replies":[{"embeddable":true,"href":"https:\/\/www.1055.fr\/belfort\/wp-json\/wp\/v2\/comments?post=562"}],"version-history":[{"count":1,"href":"https:\/\/www.1055.fr\/belfort\/wp-json\/wp\/v2\/pages\/562\/revisions"}],"predecessor-version":[{"id":10512,"href":"https:\/\/www.1055.fr\/belfort\/wp-json\/wp\/v2\/pages\/562\/revisions\/10512"}],"up":[{"embeddable":true,"href":"https:\/\/www.1055.fr\/belfort\/wp-json\/wp\/v2\/pages\/222"}],"wp:featuredmedia":[{"embeddable":true,"href":"https:\/\/www.1055.fr\/belfort\/wp-json\/wp\/v2\/media\/10173"}],"wp:attachment":[{"href":"https:\/\/www.1055.fr\/belfort\/wp-json\/wp\/v2\/media?parent=562"}],"curies":[{"name":"wp","href":"https:\/\/api.w.org\/{rel}","templated":true}]}}