{"id":487,"date":"2018-08-30T11:03:31","date_gmt":"2018-08-30T09:03:31","guid":{"rendered":"\/chalon\/?page_id=487"},"modified":"2024-07-15T15:56:41","modified_gmt":"2024-07-15T13:56:41","slug":"association-tarif-groupe-1055-chalon-71","status":"publish","type":"page","link":"https:\/\/www.1055.fr\/belfort\/1055-espace-loisirs-belfort-39\/periscolaires\/association-tarif-groupe-1055-chalon-71\/","title":{"rendered":"Association"},"content":{"rendered":"<h2>Associations, retrouvez-vous dans notre espace de loisirs pour un moment convivial et f\u00e9d\u00e9rateur<\/h2>\n<p>Partagez un bon moment dans notre <strong>espace de loisirs 10.55<\/strong> en <strong>r\u00e9unissant votre association et ses adh\u00e9rents<\/strong> ou en organisant <strong>des \u00e9v\u00e8nements !\u00a0<\/strong><\/p>\n<p>Le 1055 vous propose <strong>des formules adapt\u00e9es \u00e0 votre structure,<\/strong> pour <strong>profiter de notre large choix d&rsquo;activit\u00e9s<\/strong> ludiques et sportives, <strong>ou les deux ! <\/strong>Notre grande capacit\u00e9 d&rsquo;accueil nous permet de recevoir des groupes importants.<\/p>\n<p><a href=\"mailto:chalon@1055.fr\"><strong><span style=\"color: #ff6600;\">Contactez-nous<\/span><\/strong><\/a> pour tous vos \u00e9v\u00e8nements, nous traiterons votre demande avec toute l&rsquo;attention n\u00e9cessaire et vous r\u00e9pondrons dans les plus brefs d\u00e9lais.<\/p>\n","protected":false},"excerpt":{"rendered":"<p>Associations, retrouvez-vous dans notre espace de loisirs pour un moment convivial et f\u00e9d\u00e9rateur Partagez un bon moment dans notre espace &hellip;<\/p>\n","protected":false},"author":10,"featured_media":10155,"parent":7964,"menu_order":0,"comment_status":"closed","ping_status":"closed","template":"","meta":{"_acf_changed":false,"footnotes":""},"class_list":["post-487","page","type-page","status-publish","has-post-thumbnail","hentry"],"acf":[],"yoast_head":"<!-- This site is optimized with the Yoast SEO plugin v25.4 - https:\/\/yoast.com\/wordpress\/plugins\/seo\/ -->\n<title>Association - Profitez en groupe de votre espace de loisirs 1055 \u00e0 Chalon<\/title>\n<meta name=\"description\" content=\"Partagez un bon moment dans notre espace de loisirs 1055 en r\u00e9unissant votre association et ses adh\u00e9rents ou en organisant des \u00e9v\u00e8nements !\u00a0\" \/>\n<meta name=\"robots\" content=\"index, follow, max-snippet:-1, max-image-preview:large, max-video-preview:-1\" \/>\n<link rel=\"canonical\" href=\"https:\/\/www.1055.fr\/belfort\/1055-espace-loisirs-belfort-39\/periscolaires\/association-tarif-groupe-1055-chalon-71\/\" \/>\n<meta property=\"og:locale\" content=\"fr_FR\" \/>\n<meta property=\"og:type\" content=\"article\" \/>\n<meta property=\"og:title\" content=\"Association - Profitez en groupe de votre espace de loisirs 1055 \u00e0 Chalon\" \/>\n<meta property=\"og:description\" content=\"Partagez un bon moment dans notre espace de loisirs 1055 en r\u00e9unissant votre association et ses adh\u00e9rents ou en organisant des \u00e9v\u00e8nements !\u00a0\" \/>\n<meta property=\"og:url\" content=\"https:\/\/www.1055.fr\/belfort\/1055-espace-loisirs-belfort-39\/periscolaires\/association-tarif-groupe-1055-chalon-71\/\" \/>\n<meta property=\"og:site_name\" content=\"1055 Belfort\" \/>\n<meta property=\"article:modified_time\" content=\"2024-07-15T13:56:41+00:00\" \/>\n<meta property=\"og:image\" content=\"https:\/\/www.1055.fr\/belfort\/contenu\/uploads\/2024\/07\/bannieregonflablechalon.jpg\" \/>\n\t<meta property=\"og:image:width\" content=\"1800\" \/>\n\t<meta property=\"og:image:height\" content=\"360\" \/>\n\t<meta property=\"og:image:type\" content=\"image\/jpeg\" \/>\n<meta name=\"twitter:card\" content=\"summary_large_image\" \/>\n<meta name=\"twitter:label1\" content=\"Dur\u00e9e de lecture estim\u00e9e\" \/>\n\t<meta name=\"twitter:data1\" content=\"1 minute\" \/>\n<script type=\"application\/ld+json\" class=\"yoast-schema-graph\">{\"@context\":\"https:\/\/schema.org\",\"@graph\":[{\"@type\":\"WebPage\",\"@id\":\"https:\/\/www.1055.fr\/belfort\/1055-espace-loisirs-belfort-39\/periscolaires\/association-tarif-groupe-1055-chalon-71\/\",\"url\":\"https:\/\/www.1055.fr\/belfort\/1055-espace-loisirs-belfort-39\/periscolaires\/association-tarif-groupe-1055-chalon-71\/\",\"name\":\"Association - Profitez en groupe de votre espace de loisirs 1055 \u00e0 Chalon\",\"isPartOf\":{\"@id\":\"https:\/\/www.1055.fr\/belfort\/#website\"},\"primaryImageOfPage\":{\"@id\":\"https:\/\/www.1055.fr\/belfort\/1055-espace-loisirs-belfort-39\/periscolaires\/association-tarif-groupe-1055-chalon-71\/#primaryimage\"},\"image\":{\"@id\":\"https:\/\/www.1055.fr\/belfort\/1055-espace-loisirs-belfort-39\/periscolaires\/association-tarif-groupe-1055-chalon-71\/#primaryimage\"},\"thumbnailUrl\":\"https:\/\/www.1055.fr\/belfort\/contenu\/uploads\/2024\/07\/bannieregonflablechalon.jpg\",\"datePublished\":\"2018-08-30T09:03:31+00:00\",\"dateModified\":\"2024-07-15T13:56:41+00:00\",\"description\":\"Partagez un bon moment dans notre espace de loisirs 1055 en r\u00e9unissant votre association et ses adh\u00e9rents ou en organisant des \u00e9v\u00e8nements !\u00a0\",\"breadcrumb\":{\"@id\":\"https:\/\/www.1055.fr\/belfort\/1055-espace-loisirs-belfort-39\/periscolaires\/association-tarif-groupe-1055-chalon-71\/#breadcrumb\"},\"inLanguage\":\"fr-FR\",\"potentialAction\":[{\"@type\":\"ReadAction\",\"target\":[\"https:\/\/www.1055.fr\/belfort\/1055-espace-loisirs-belfort-39\/periscolaires\/association-tarif-groupe-1055-chalon-71\/\"]}]},{\"@type\":\"ImageObject\",\"inLanguage\":\"fr-FR\",\"@id\":\"https:\/\/www.1055.fr\/belfort\/1055-espace-loisirs-belfort-39\/periscolaires\/association-tarif-groupe-1055-chalon-71\/#primaryimage\",\"url\":\"https:\/\/www.1055.fr\/belfort\/contenu\/uploads\/2024\/07\/bannieregonflablechalon.jpg\",\"contentUrl\":\"https:\/\/www.1055.fr\/belfort\/contenu\/uploads\/2024\/07\/bannieregonflablechalon.jpg\",\"width\":1800,\"height\":360},{\"@type\":\"BreadcrumbList\",\"@id\":\"https:\/\/www.1055.fr\/belfort\/1055-espace-loisirs-belfort-39\/periscolaires\/association-tarif-groupe-1055-chalon-71\/#breadcrumb\",\"itemListElement\":[{\"@type\":\"ListItem\",\"position\":1,\"name\":\"Home\",\"item\":\"https:\/\/www.1055.fr\/belfort\/\"},{\"@type\":\"ListItem\",\"position\":2,\"name\":\"Accueil\",\"item\":\"https:\/\/www.1055.fr\/belfort\/\"},{\"@type\":\"ListItem\",\"position\":3,\"name\":\"P\u00e9riscolaires\",\"item\":\"https:\/\/www.1055.fr\/belfort\/1055-espace-loisirs-belfort-39\/periscolaires\/\"},{\"@type\":\"ListItem\",\"position\":4,\"name\":\"Association\"}]},{\"@type\":\"WebSite\",\"@id\":\"https:\/\/www.1055.fr\/belfort\/#website\",\"url\":\"https:\/\/www.1055.fr\/belfort\/\",\"name\":\"1055 Belfort\",\"description\":\"\",\"potentialAction\":[{\"@type\":\"SearchAction\",\"target\":{\"@type\":\"EntryPoint\",\"urlTemplate\":\"https:\/\/www.1055.fr\/belfort\/?s={search_term_string}\"},\"query-input\":{\"@type\":\"PropertyValueSpecification\",\"valueRequired\":true,\"valueName\":\"search_term_string\"}}],\"inLanguage\":\"fr-FR\"}]}<\/script>\n<!-- \/ Yoast SEO plugin. -->","yoast_head_json":{"title":"Association - Profitez en groupe de votre espace de loisirs 1055 \u00e0 Chalon","description":"Partagez un bon moment dans notre espace de loisirs 1055 en r\u00e9unissant votre association et ses adh\u00e9rents ou en organisant des \u00e9v\u00e8nements !\u00a0","robots":{"index":"index","follow":"follow","max-snippet":"max-snippet:-1","max-image-preview":"max-image-preview:large","max-video-preview":"max-video-preview:-1"},"canonical":"https:\/\/www.1055.fr\/belfort\/1055-espace-loisirs-belfort-39\/periscolaires\/association-tarif-groupe-1055-chalon-71\/","og_locale":"fr_FR","og_type":"article","og_title":"Association - Profitez en groupe de votre espace de loisirs 1055 \u00e0 Chalon","og_description":"Partagez un bon moment dans notre espace de loisirs 1055 en r\u00e9unissant votre association et ses adh\u00e9rents ou en organisant des \u00e9v\u00e8nements !\u00a0","og_url":"https:\/\/www.1055.fr\/belfort\/1055-espace-loisirs-belfort-39\/periscolaires\/association-tarif-groupe-1055-chalon-71\/","og_site_name":"1055 Belfort","article_modified_time":"2024-07-15T13:56:41+00:00","og_image":[{"width":1800,"height":360,"url":"https:\/\/www.1055.fr\/belfort\/contenu\/uploads\/2024\/07\/bannieregonflablechalon.jpg","type":"image\/jpeg"}],"twitter_card":"summary_large_image","twitter_misc":{"Dur\u00e9e de lecture estim\u00e9e":"1 minute"},"schema":{"@context":"https:\/\/schema.org","@graph":[{"@type":"WebPage","@id":"https:\/\/www.1055.fr\/belfort\/1055-espace-loisirs-belfort-39\/periscolaires\/association-tarif-groupe-1055-chalon-71\/","url":"https:\/\/www.1055.fr\/belfort\/1055-espace-loisirs-belfort-39\/periscolaires\/association-tarif-groupe-1055-chalon-71\/","name":"Association - Profitez en groupe de votre espace de loisirs 1055 \u00e0 Chalon","isPartOf":{"@id":"https:\/\/www.1055.fr\/belfort\/#website"},"primaryImageOfPage":{"@id":"https:\/\/www.1055.fr\/belfort\/1055-espace-loisirs-belfort-39\/periscolaires\/association-tarif-groupe-1055-chalon-71\/#primaryimage"},"image":{"@id":"https:\/\/www.1055.fr\/belfort\/1055-espace-loisirs-belfort-39\/periscolaires\/association-tarif-groupe-1055-chalon-71\/#primaryimage"},"thumbnailUrl":"https:\/\/www.1055.fr\/belfort\/contenu\/uploads\/2024\/07\/bannieregonflablechalon.jpg","datePublished":"2018-08-30T09:03:31+00:00","dateModified":"2024-07-15T13:56:41+00:00","description":"Partagez un bon moment dans notre espace de loisirs 1055 en r\u00e9unissant votre association et ses adh\u00e9rents ou en organisant des \u00e9v\u00e8nements !\u00a0","breadcrumb":{"@id":"https:\/\/www.1055.fr\/belfort\/1055-espace-loisirs-belfort-39\/periscolaires\/association-tarif-groupe-1055-chalon-71\/#breadcrumb"},"inLanguage":"fr-FR","potentialAction":[{"@type":"ReadAction","target":["https:\/\/www.1055.fr\/belfort\/1055-espace-loisirs-belfort-39\/periscolaires\/association-tarif-groupe-1055-chalon-71\/"]}]},{"@type":"ImageObject","inLanguage":"fr-FR","@id":"https:\/\/www.1055.fr\/belfort\/1055-espace-loisirs-belfort-39\/periscolaires\/association-tarif-groupe-1055-chalon-71\/#primaryimage","url":"https:\/\/www.1055.fr\/belfort\/contenu\/uploads\/2024\/07\/bannieregonflablechalon.jpg","contentUrl":"https:\/\/www.1055.fr\/belfort\/contenu\/uploads\/2024\/07\/bannieregonflablechalon.jpg","width":1800,"height":360},{"@type":"BreadcrumbList","@id":"https:\/\/www.1055.fr\/belfort\/1055-espace-loisirs-belfort-39\/periscolaires\/association-tarif-groupe-1055-chalon-71\/#breadcrumb","itemListElement":[{"@type":"ListItem","position":1,"name":"Home","item":"https:\/\/www.1055.fr\/belfort\/"},{"@type":"ListItem","position":2,"name":"Accueil","item":"https:\/\/www.1055.fr\/belfort\/"},{"@type":"ListItem","position":3,"name":"P\u00e9riscolaires","item":"https:\/\/www.1055.fr\/belfort\/1055-espace-loisirs-belfort-39\/periscolaires\/"},{"@type":"ListItem","position":4,"name":"Association"}]},{"@type":"WebSite","@id":"https:\/\/www.1055.fr\/belfort\/#website","url":"https:\/\/www.1055.fr\/belfort\/","name":"1055 Belfort","description":"","potentialAction":[{"@type":"SearchAction","target":{"@type":"EntryPoint","urlTemplate":"https:\/\/www.1055.fr\/belfort\/?s={search_term_string}"},"query-input":{"@type":"PropertyValueSpecification","valueRequired":true,"valueName":"search_term_string"}}],"inLanguage":"fr-FR"}]}},"_links":{"self":[{"href":"https:\/\/www.1055.fr\/belfort\/wp-json\/wp\/v2\/pages\/487","targetHints":{"allow":["GET"]}}],"collection":[{"href":"https:\/\/www.1055.fr\/belfort\/wp-json\/wp\/v2\/pages"}],"about":[{"href":"https:\/\/www.1055.fr\/belfort\/wp-json\/wp\/v2\/types\/page"}],"author":[{"embeddable":true,"href":"https:\/\/www.1055.fr\/belfort\/wp-json\/wp\/v2\/users\/10"}],"replies":[{"embeddable":true,"href":"https:\/\/www.1055.fr\/belfort\/wp-json\/wp\/v2\/comments?post=487"}],"version-history":[{"count":1,"href":"https:\/\/www.1055.fr\/belfort\/wp-json\/wp\/v2\/pages\/487\/revisions"}],"predecessor-version":[{"id":10200,"href":"https:\/\/www.1055.fr\/belfort\/wp-json\/wp\/v2\/pages\/487\/revisions\/10200"}],"up":[{"embeddable":true,"href":"https:\/\/www.1055.fr\/belfort\/wp-json\/wp\/v2\/pages\/7964"}],"wp:featuredmedia":[{"embeddable":true,"href":"https:\/\/www.1055.fr\/belfort\/wp-json\/wp\/v2\/media\/10155"}],"wp:attachment":[{"href":"https:\/\/www.1055.fr\/belfort\/wp-json\/wp\/v2\/media?parent=487"}],"curies":[{"name":"wp","href":"https:\/\/api.w.org\/{rel}","templated":true}]}}