{"id":276,"date":"2018-08-16T14:25:53","date_gmt":"2018-08-16T12:25:53","guid":{"rendered":"\/chalon\/?page_id=276"},"modified":"2018-08-16T14:25:53","modified_gmt":"2018-08-16T12:25:53","slug":"reservez-votre-table","status":"publish","type":"page","link":"https:\/\/www.1055.fr\/belfort\/reservez-votre-table\/","title":{"rendered":"R\u00e9servez votre table"},"content":{"rendered":"<h2 style=\"text-align: center;\">R\u00e9servez votre table<br \/>\n\u00e0 la Brasserie <img loading=\"lazy\" decoding=\"async\" class=\"alignnone wp-image-1140\" src=\"https:\/\/www.1055.fr\/chalon\/contenu\/uploads\/2019\/01\/favicon.png\" alt=\"\" width=\"42\" height=\"42\"><\/h2>\n<p style=\"text-align: center;\"><span style=\"color: #ff0000;\"><strong>&nbsp;<\/strong><\/span><\/p>\n<p><!-- reservation widget --><br \/>\n<iframe loading=\"lazy\" style=\"display: block; margin: 0 auto; max-width: 600px; height: 630px;\" src=\"https:\/\/bookings.zenchef.com\/results?rid=358038&amp;fullscreen=1\" scrolling=\"yes\" width=\"100%\" height=\"630\" frameborder=\"0\"><\/iframe><\/p>\n<p><img loading=\"lazy\" decoding=\"async\" class=\"alignnone wp-image-7933 aligncenter\" src=\"https:\/\/www.1055.fr\/chalon\/contenu\/uploads\/2022\/08\/brasserie-300x200.jpg\" alt=\"\" width=\"455\" height=\"303\"><\/p>\n","protected":false},"excerpt":{"rendered":"<p>R\u00e9servez votre table \u00e0 la Brasserie &nbsp;<\/p>\n","protected":false},"author":10,"featured_media":4973,"parent":0,"menu_order":0,"comment_status":"closed","ping_status":"closed","template":"page-restos.php","meta":{"_acf_changed":false,"footnotes":""},"class_list":["post-276","page","type-page","status-publish","has-post-thumbnail","hentry"],"acf":[],"yoast_head":"<!-- This site is optimized with the Yoast SEO plugin v25.4 - https:\/\/yoast.com\/wordpress\/plugins\/seo\/ -->\n<title>Restaurant Chalon-sur-Sa\u00f4ne - C\u00f4t\u00e9 brasserie, cuisine authentique 7j\/7<\/title>\n<meta name=\"description\" content=\"Notre brasserie ouverte midi et soir vous propose un large choix de burgers et de viande qui viendront \u00e0 bout des app\u00e9tits les plus coriaces !\" \/>\n<meta name=\"robots\" content=\"index, follow, max-snippet:-1, max-image-preview:large, max-video-preview:-1\" \/>\n<link rel=\"canonical\" href=\"https:\/\/www.1055.fr\/belfort\/reservez-votre-table\/\" \/>\n<meta property=\"og:locale\" content=\"fr_FR\" \/>\n<meta property=\"og:type\" content=\"article\" \/>\n<meta property=\"og:title\" content=\"Restaurant Chalon-sur-Sa\u00f4ne - C\u00f4t\u00e9 brasserie, cuisine authentique 7j\/7\" \/>\n<meta property=\"og:description\" content=\"Notre brasserie ouverte midi et soir vous propose un large choix de burgers et de viande qui viendront \u00e0 bout des app\u00e9tits les plus coriaces !\" \/>\n<meta property=\"og:url\" content=\"https:\/\/www.1055.fr\/belfort\/reservez-votre-table\/\" \/>\n<meta property=\"og:site_name\" content=\"1055 Belfort\" \/>\n<meta name=\"twitter:card\" content=\"summary_large_image\" \/>\n<meta name=\"twitter:label1\" content=\"Dur\u00e9e de lecture estim\u00e9e\" \/>\n\t<meta name=\"twitter:data1\" content=\"1 minute\" \/>\n<script type=\"application\/ld+json\" class=\"yoast-schema-graph\">{\"@context\":\"https:\/\/schema.org\",\"@graph\":[{\"@type\":\"WebPage\",\"@id\":\"https:\/\/www.1055.fr\/belfort\/reservez-votre-table\/\",\"url\":\"https:\/\/www.1055.fr\/belfort\/reservez-votre-table\/\",\"name\":\"Restaurant Chalon-sur-Sa\u00f4ne - C\u00f4t\u00e9 brasserie, cuisine authentique 7j\/7\",\"isPartOf\":{\"@id\":\"https:\/\/www.1055.fr\/belfort\/#website\"},\"primaryImageOfPage\":{\"@id\":\"https:\/\/www.1055.fr\/belfort\/reservez-votre-table\/#primaryimage\"},\"image\":{\"@id\":\"https:\/\/www.1055.fr\/belfort\/reservez-votre-table\/#primaryimage\"},\"thumbnailUrl\":\"\",\"datePublished\":\"2018-08-16T12:25:53+00:00\",\"description\":\"Notre brasserie ouverte midi et soir vous propose un large choix de burgers et de viande qui viendront \u00e0 bout des app\u00e9tits les plus coriaces !\",\"breadcrumb\":{\"@id\":\"https:\/\/www.1055.fr\/belfort\/reservez-votre-table\/#breadcrumb\"},\"inLanguage\":\"fr-FR\",\"potentialAction\":[{\"@type\":\"ReadAction\",\"target\":[\"https:\/\/www.1055.fr\/belfort\/reservez-votre-table\/\"]}]},{\"@type\":\"ImageObject\",\"inLanguage\":\"fr-FR\",\"@id\":\"https:\/\/www.1055.fr\/belfort\/reservez-votre-table\/#primaryimage\",\"url\":\"\",\"contentUrl\":\"\"},{\"@type\":\"BreadcrumbList\",\"@id\":\"https:\/\/www.1055.fr\/belfort\/reservez-votre-table\/#breadcrumb\",\"itemListElement\":[{\"@type\":\"ListItem\",\"position\":1,\"name\":\"Home\",\"item\":\"https:\/\/www.1055.fr\/belfort\/\"},{\"@type\":\"ListItem\",\"position\":2,\"name\":\"R\u00e9servez votre table\"}]},{\"@type\":\"WebSite\",\"@id\":\"https:\/\/www.1055.fr\/belfort\/#website\",\"url\":\"https:\/\/www.1055.fr\/belfort\/\",\"name\":\"1055 Belfort\",\"description\":\"\",\"potentialAction\":[{\"@type\":\"SearchAction\",\"target\":{\"@type\":\"EntryPoint\",\"urlTemplate\":\"https:\/\/www.1055.fr\/belfort\/?s={search_term_string}\"},\"query-input\":{\"@type\":\"PropertyValueSpecification\",\"valueRequired\":true,\"valueName\":\"search_term_string\"}}],\"inLanguage\":\"fr-FR\"}]}<\/script>\n<!-- \/ Yoast SEO plugin. -->","yoast_head_json":{"title":"Restaurant Chalon-sur-Sa\u00f4ne - C\u00f4t\u00e9 brasserie, cuisine authentique 7j\/7","description":"Notre brasserie ouverte midi et soir vous propose un large choix de burgers et de viande qui viendront \u00e0 bout des app\u00e9tits les plus coriaces !","robots":{"index":"index","follow":"follow","max-snippet":"max-snippet:-1","max-image-preview":"max-image-preview:large","max-video-preview":"max-video-preview:-1"},"canonical":"https:\/\/www.1055.fr\/belfort\/reservez-votre-table\/","og_locale":"fr_FR","og_type":"article","og_title":"Restaurant Chalon-sur-Sa\u00f4ne - C\u00f4t\u00e9 brasserie, cuisine authentique 7j\/7","og_description":"Notre brasserie ouverte midi et soir vous propose un large choix de burgers et de viande qui viendront \u00e0 bout des app\u00e9tits les plus coriaces !","og_url":"https:\/\/www.1055.fr\/belfort\/reservez-votre-table\/","og_site_name":"1055 Belfort","twitter_card":"summary_large_image","twitter_misc":{"Dur\u00e9e de lecture estim\u00e9e":"1 minute"},"schema":{"@context":"https:\/\/schema.org","@graph":[{"@type":"WebPage","@id":"https:\/\/www.1055.fr\/belfort\/reservez-votre-table\/","url":"https:\/\/www.1055.fr\/belfort\/reservez-votre-table\/","name":"Restaurant Chalon-sur-Sa\u00f4ne - C\u00f4t\u00e9 brasserie, cuisine authentique 7j\/7","isPartOf":{"@id":"https:\/\/www.1055.fr\/belfort\/#website"},"primaryImageOfPage":{"@id":"https:\/\/www.1055.fr\/belfort\/reservez-votre-table\/#primaryimage"},"image":{"@id":"https:\/\/www.1055.fr\/belfort\/reservez-votre-table\/#primaryimage"},"thumbnailUrl":"","datePublished":"2018-08-16T12:25:53+00:00","description":"Notre brasserie ouverte midi et soir vous propose un large choix de burgers et de viande qui viendront \u00e0 bout des app\u00e9tits les plus coriaces !","breadcrumb":{"@id":"https:\/\/www.1055.fr\/belfort\/reservez-votre-table\/#breadcrumb"},"inLanguage":"fr-FR","potentialAction":[{"@type":"ReadAction","target":["https:\/\/www.1055.fr\/belfort\/reservez-votre-table\/"]}]},{"@type":"ImageObject","inLanguage":"fr-FR","@id":"https:\/\/www.1055.fr\/belfort\/reservez-votre-table\/#primaryimage","url":"","contentUrl":""},{"@type":"BreadcrumbList","@id":"https:\/\/www.1055.fr\/belfort\/reservez-votre-table\/#breadcrumb","itemListElement":[{"@type":"ListItem","position":1,"name":"Home","item":"https:\/\/www.1055.fr\/belfort\/"},{"@type":"ListItem","position":2,"name":"R\u00e9servez votre table"}]},{"@type":"WebSite","@id":"https:\/\/www.1055.fr\/belfort\/#website","url":"https:\/\/www.1055.fr\/belfort\/","name":"1055 Belfort","description":"","potentialAction":[{"@type":"SearchAction","target":{"@type":"EntryPoint","urlTemplate":"https:\/\/www.1055.fr\/belfort\/?s={search_term_string}"},"query-input":{"@type":"PropertyValueSpecification","valueRequired":true,"valueName":"search_term_string"}}],"inLanguage":"fr-FR"}]}},"_links":{"self":[{"href":"https:\/\/www.1055.fr\/belfort\/wp-json\/wp\/v2\/pages\/276","targetHints":{"allow":["GET"]}}],"collection":[{"href":"https:\/\/www.1055.fr\/belfort\/wp-json\/wp\/v2\/pages"}],"about":[{"href":"https:\/\/www.1055.fr\/belfort\/wp-json\/wp\/v2\/types\/page"}],"author":[{"embeddable":true,"href":"https:\/\/www.1055.fr\/belfort\/wp-json\/wp\/v2\/users\/10"}],"replies":[{"embeddable":true,"href":"https:\/\/www.1055.fr\/belfort\/wp-json\/wp\/v2\/comments?post=276"}],"version-history":[{"count":0,"href":"https:\/\/www.1055.fr\/belfort\/wp-json\/wp\/v2\/pages\/276\/revisions"}],"wp:featuredmedia":[{"embeddable":true,"href":"https:\/\/www.1055.fr\/belfort\/wp-json\/"}],"wp:attachment":[{"href":"https:\/\/www.1055.fr\/belfort\/wp-json\/wp\/v2\/media?parent=276"}],"curies":[{"name":"wp","href":"https:\/\/api.w.org\/{rel}","templated":true}]}}